{"id":15782,"date":"2025-01-19T14:58:42","date_gmt":"2025-01-19T14:58:42","guid":{"rendered":"https:\/\/www.hydraulic-cylinders.net\/product\/bucket-cylinder-for-sgzg-sd08e\/"},"modified":"2025-01-19T14:58:48","modified_gmt":"2025-01-19T14:58:48","slug":"bucket-cylinder-for-sgzg-sd08e","status":"publish","type":"product","link":"https:\/\/www.hydraulic-cylinders.net\/hu\/termek\/bucket-cylinder-for-sgzg-sd08e\/","title":{"rendered":"V\u00f6d\u00f6rhenger SGZG SD08E-hez"},"content":{"rendered":"<h1>V\u00f6d\u00f6rhenger SGZG SD08E-hez<\/h1>\n<h2>Bevezet\u00e9s<\/h2>\n<p>A kan\u00e1lhenger egy speci\u00e1lisan tervezett hidraulikus henger, amelyet a kan\u00e1l mozg\u00e1s\u00e1nak vez\u00e9rl\u00e9s\u00e9re haszn\u00e1lnak neh\u00e9zg\u00e9pekben, p\u00e9ld\u00e1ul kotr\u00f3g\u00e9pekben, kotr\u00f3rakod\u00f3kban \u00e9s homlokrakod\u00f3kban. F\u0151 funkci\u00f3ja a kan\u00e1l emel\u00e9s\u00e9nek, s\u00fcllyeszt\u00e9s\u00e9nek \u00e9s billent\u00e9s\u00e9nek lehet\u0151v\u00e9 t\u00e9tele, \u00edgy k\u00e9nyelmess\u00e9 t\u00e9ve a k\u00fcl\u00f6nf\u00e9le anyagmozgat\u00e1si feladatokat. A hidraulikus rendszerben a kan\u00e1lhenger a hidraulikaolaj nyom\u00e1sv\u00e1ltoz\u00e1sainak felhaszn\u00e1l\u00e1s\u00e1val \u00e9ri el a kan\u00e1l pontos vez\u00e9rl\u00e9s\u00e9t, lehet\u0151v\u00e9 t\u00e9ve a kezel\u0151k sz\u00e1m\u00e1ra, hogy hat\u00e9konyan kezelj\u00e9k a neh\u00e9z terheket, \u00e9s alkalmazkodjanak az \u00f6sszetett munkak\u00f6rnyezetekhez \u00e9s a v\u00e1ltozatos munkak\u00f6vetelm\u00e9nyekhez.<\/p>\n<p><img decoding=\"async\" src=\"https:\/\/www.hydraulic-cylinders.net\/wp-content\/uploads\/2025\/01\/songte-company-2.webp\"><\/p>\n<h2>Jellemz\u0151k<\/h2>\n<ul>\n<li>Nagy szil\u00e1rds\u00e1g \u00e9s tart\u00f3ss\u00e1g: \u00c1ltal\u00e1ban nagy szil\u00e1rds\u00e1g\u00fa ac\u00e9lb\u00f3l vagy alum\u00edniumb\u00f3l k\u00e9sz\u00fcl, \u00edgy ellen\u00e1ll a nagy nyom\u00e1snak \u00e9s a neh\u00e9z terhel\u00e9seknek, alkalmazkodva a zord munkak\u00f6rnyezethez. A kialak\u00edt\u00e1s sor\u00e1n figyelembe vett\u00e9k a kop\u00e1s\u00e1ll\u00f3s\u00e1got \u00e9s a korr\u00f3zi\u00f3\u00e1ll\u00f3s\u00e1got az \u00e9lettartam meghosszabb\u00edt\u00e1sa \u00e9rdek\u00e9ben.<\/li>\n<li>Hat\u00e9kony hidraulikus m\u0171k\u00f6d\u00e9s: A hidraulikaolaj nyom\u00e1s\u00e1t haszn\u00e1lja ki a sima kitol\u00e1si \u00e9s visszah\u00faz\u00e1si m\u0171veletekhez, gyorsan reag\u00e1l a vez\u00e9rl\u0151parancsokra, er\u0151teljes tol\u00f3- \u00e9s h\u00faz\u00f3er\u0151t biztos\u00edt, alkalmas neh\u00e9z terhek \u00e9s \u00f6sszetett feladatok kezel\u00e9s\u00e9re.<\/li>\n<li>Sokoldal\u00fa t\u00edpusok: Az ig\u00e9nyeknek megfelel\u0151en v\u00e1laszthatunk egyszeres m\u0171k\u00f6d\u00e9s\u0171 (csak egy ir\u00e1nyban m\u0171k\u00f6d\u0151 hidraulikus nyom\u00e1s) vagy kett\u0151s m\u0171k\u00f6d\u00e9s\u0171 (mindk\u00e9t ir\u00e1nyban m\u0171k\u00f6d\u0151 hidraulikus nyom\u00e1s) hengerek k\u00f6z\u00f6tt, egyes modellek teleszk\u00f3posak, \u00edgy nagyobb kiny\u00fal\u00e1st tesznek lehet\u0151v\u00e9 a k\u00fcls\u0151 m\u00e9retek n\u00f6vel\u00e9se n\u00e9lk\u00fcl, \u00edgy alkalmasak korl\u00e1tozott helyig\u00e9ny\u0171 alkalmaz\u00e1sokhoz.<\/li>\n<li>T\u00f6k\u00e9letes csere: Term\u00e9keink t\u00f6k\u00e9letesen helyettes\u00edthetik ezeket a hidraulikus hengereket.<\/li>\n<\/ul>\n<p><img decoding=\"async\" src=\"https:\/\/www.hydraulic-cylinders.net\/wp-content\/uploads\/2025\/01\/songte-cylinder-head-with-all-kinds-excavator-models.webp\"><\/p>\n<h2>Alkalmaz\u00e1sok<\/h2>\n<h3>\u00c9p\u00edt\u0151ipari berendez\u00e9sek<\/h3>\n<p>Kotr\u00f3g\u00e9pekben elengedhetetlenek az \u00e1s\u00e1shoz, a rakod\u00e1shoz \u00e9s a talaj vagy t\u00f6rmel\u00e9k mozgat\u00e1s\u00e1hoz. Kotr\u00f3g\u00e9p-rakod\u00f3kban a kan\u00e1lhenger mind az \u00e1s\u00e1st, mind az emel\u00e9st seg\u00edti.<\/p>\n<h3>Mez\u0151gazdas\u00e1gi g\u00e9pek<\/h3>\n<p>Homlokrakod\u00f3kban haszn\u00e1lj\u00e1k talaj, sz\u00e9na \u00e9s egy\u00e9b anyagok mer\u00e9s\u00e9re, emel\u00e9s\u00e9re \u00e9s sz\u00e1ll\u00edt\u00e1s\u00e1ra.<\/p>\n<h3>Kotr\u00f3g\u00e9pek<\/h3>\n<p>A kan\u00e1lhenger lehet\u0151v\u00e9 teszi az \u00e1s\u00e1si m\u0171veleteket az\u00e1ltal, hogy lehet\u0151v\u00e9 teszi a kan\u00e1l talajba hatol\u00e1s\u00e1t.<\/p>\n<h3>Rakod\u00f3k<\/h3>\n<p>A homlokrakod\u00f3kban hat\u00e9konyan seg\u00edtenek az \u00e1ruk emel\u00e9s\u00e9ben \u00e9s \u00fcr\u00edt\u00e9s\u00e9ben.<\/p>\n<p><img decoding=\"async\" src=\"https:\/\/www.hydraulic-cylinders.net\/wp-content\/uploads\/2025\/01\/songte-oil-pipes-and-spare-parts.webp\"><\/p>\n<h2>Tervez\u00e9si szempontok \u00e9s kiv\u00e1laszt\u00e1si krit\u00e9riumok<\/h2>\n<ul>\n<li>Bearing Capacity: The cylinder&#8217;s ability to withstand loads.<\/li>\n<li>T\u00f6m\u00edt\u00e9s: Megfelel\u0151 t\u00f6m\u00edt\u00e9sek biztos\u00edt\u00e1sa a sziv\u00e1rg\u00e1s megakad\u00e1lyoz\u00e1sa \u00e9rdek\u00e9ben.<\/li>\n<li>Tart\u00f3ss\u00e1g: Hossz\u00fa \u00e9lettartam \u00e9s kop\u00e1s\u00e1ll\u00f3s\u00e1g.<\/li>\n<li>Biztons\u00e1g: Int\u00e9zked\u00e9sek a balesetek megel\u0151z\u00e9s\u00e9re \u00fczem k\u00f6zben.<\/li>\n<li>Karbantarthat\u00f3s\u00e1g: K\u00f6nny\u0171 karbantart\u00e1s \u00e9s jav\u00edt\u00e1s.<\/li>\n<\/ul>\n<p><img decoding=\"async\" src=\"https:\/\/www.hydraulic-cylinders.net\/wp-content\/uploads\/2025\/01\/songte-chushion-collar.webp\"><\/p>\n<h2>T\u00f6m\u00edt\u00e9s \u00e9s ken\u00e9s<\/h2>\n<p>A kan\u00e1lhenger k\u00fcl\u00f6nf\u00e9le t\u00f6m\u00edt\u00e9seket haszn\u00e1l, p\u00e9ld\u00e1ul dugatty\u00fat\u00f6m\u00edt\u00e9seket \u00e9s r\u00fadt\u00f6m\u00edt\u00e9seket, amelyek kop\u00e1s\u00e1ll\u00f3 anyagokb\u00f3l, p\u00e9ld\u00e1ul poliuret\u00e1nb\u00f3l \u00e9s nitrilgumib\u00f3l k\u00e9sz\u00fclnek. A hengertest \u00e9s a menetes v\u00e9gfel\u00fclet finom megmunk\u00e1l\u00e1son esik \u00e1t a kop\u00e1s\u00e1ll\u00f3s\u00e1g jav\u00edt\u00e1sa \u00e9rdek\u00e9ben. A z\u00f6kken\u0151mentes m\u0171k\u00f6d\u00e9s biztos\u00edt\u00e1s\u00e1hoz rendszeres ken\u00e9s sz\u00fcks\u00e9ges a megfelel\u0151 mennyis\u00e9g\u0171 hidraulikaolajjal.<\/p>\n<p><img decoding=\"async\" src=\"https:\/\/www.hydraulic-cylinders.net\/wp-content\/uploads\/2025\/01\/songte-bushings-with-all-kinds-of-excavator-models.webp\"><\/p>\n<h2>Ellen\u0151rz\u00e9s \u00e9s megel\u0151z\u0151 karbantart\u00e1s<\/h2>\n<ul>\n<li>Rendszeres ellen\u0151rz\u00e9sek: Id\u0151szakos ellen\u0151rz\u00e9sek a lehets\u00e9ges probl\u00e9m\u00e1k azonos\u00edt\u00e1sa \u00e9rdek\u00e9ben.<\/li>\n<li>Megfelel\u0151 ken\u00e9s: Megfelel\u0151 ken\u00e9s a kop\u00e1s \u00e9s a k\u00e1rosod\u00e1s megel\u0151z\u00e9se \u00e9rdek\u00e9ben.<\/li>\n<li>T\u00f6m\u00edt\u00e9scsere: Az elkopott t\u00f6m\u00edt\u00e9sek id\u0151ben t\u00f6rt\u00e9n\u0151 cser\u00e9je.<\/li>\n<li>Kalibr\u00e1ci\u00f3s ellen\u0151rz\u00e9sek: A megfelel\u0151 illeszt\u00e9s \u00e9s be\u00e1ll\u00edt\u00e1s ellen\u0151rz\u00e9se.<\/li>\n<\/ul>\n<h2>Term\u00e9ktelep\u00edt\u00e9si \u00fatmutat\u00f3<\/h2>\n<p>A megfelel\u0151 telep\u00edt\u00e9s elengedhetetlen a serleghenger optim\u00e1lis teljes\u00edtm\u00e9ny\u00e9nek biztos\u00edt\u00e1s\u00e1hoz. Javasoljuk, hogy a telep\u00edt\u00e9s sor\u00e1n megfelel\u0151en igaz\u00edtsa a hengert, \u00e9s megfelel\u0151 r\u00f6gz\u00edt\u0151konzolokat haszn\u00e1ljon a henger r\u00f6gz\u00edt\u00e9s\u00e9hez. Az aj\u00e1nlott ellen\u0151rz\u00e9si, jav\u00edt\u00e1si \u00e9s csereelj\u00e1r\u00e1sok betart\u00e1sa meghosszabb\u00edthatja a henger \u00e9lettartam\u00e1t. Az alkatr\u00e9szek cser\u00e9j\u00e9ben \u00e9s az \u00fajj\u00e1\u00e9p\u00edt\u00e9si szolg\u00e1ltat\u00e1sokban val\u00f3 j\u00e1rtass\u00e1g is el\u0151ny\u00f6s lehet.<\/p>\n<h2>Biztons\u00e1gi szempontok \u00e9s k\u00f6rnyezeti t\u00e9nyez\u0151k<\/h2>\n<p>A kan\u00e1lhenger haszn\u00e1latakor elengedhetetlen a biztons\u00e1gi int\u00e9zked\u00e9sek priorit\u00e1sa a balesetek megel\u0151z\u00e9se \u00e9rdek\u00e9ben. A k\u00f6rnyezeti t\u00e9nyez\u0151ket is figyelembe kell venni a k\u00f6rnyezetre gyakorolt \u200b\u200bnegat\u00edv hat\u00e1sok minimaliz\u00e1l\u00e1sa \u00e9rdek\u00e9ben.<\/p>\n<p><img decoding=\"async\" src=\"https:\/\/www.hydraulic-cylinders.net\/wp-content\/uploads\/2025\/01\/songte-company-1.webp\"><\/p>\n<h2>Hibaelh\u00e1r\u00edt\u00e1s \u00e9s gyakori probl\u00e9m\u00e1k<\/h2>\n<p>Fontos hibaelh\u00e1r\u00edt\u00e1si tippeket \u00e9s megold\u00e1sokat biztos\u00edtani, hogy az olvas\u00f3k hat\u00e9konyan diagnosztiz\u00e1lhass\u00e1k \u00e9s megoldhass\u00e1k a probl\u00e9m\u00e1kat. A megel\u0151z\u0151 int\u00e9zked\u00e9sek felaj\u00e1nl\u00e1sa minimaliz\u00e1lhatja a lehets\u00e9ges probl\u00e9m\u00e1kat.<\/p>\n<p><img decoding=\"async\" src=\"https:\/\/www.hydraulic-cylinders.net\/wp-content\/uploads\/2025\/01\/songte-company-3.webp\"><\/p>\n<h2>R\u00f3lunk<\/h2>\n<p>Cserehidraulikus hengerek gy\u00e1rt\u00f3jak\u00e9nt sz\u00e9les term\u00e9kv\u00e1laszt\u00e9kot k\u00edn\u00e1lunk, \u00edgy a hazai \u00e9s nemzetk\u00f6zi piacok egyik vezet\u0151 hidraulikus hengergy\u00e1rt\u00f3ja \u00e9s nagykereskedelmi forgalmaz\u00f3ja vagyunk. A kiv\u00e1l\u00f3s\u00e1g elveit k\u00f6vetj\u00fck, kifinomult gy\u00e1rt\u00f3m\u0171hely\u00fcnkben az ipari termel\u00e9sir\u00e1ny\u00edt\u00e1si strat\u00e9gi\u00e1kra t\u00e1maszkodva. C\u00e9g\u00fcnk folyamatosan fejleszti gy\u00e1rt\u00e1si platformj\u00e1t technol\u00f3giai tehets\u00e9gek, digit\u00e1lis cs\u00facskateg\u00f3ri\u00e1s gy\u00e1rt\u00f3berendez\u00e9sek \u00e9s professzion\u00e1lis tesztel\u0151rendszerek tekintet\u00e9ben. Ez n\u00f6veli termel\u00e9si min\u0151s\u00e9g\u00fcnket \u00e9s k\u00e9pess\u00e9geinket, lehet\u0151v\u00e9 t\u00e9ve sz\u00e1munkra, hogy nagy hat\u00e9konys\u00e1ggal, pontoss\u00e1ggal \u00e9s min\u0151s\u00e9gben el\u00e9g\u00edts\u00fck ki a soksz\u00edn\u0171 \u00fcgyf\u00e9lig\u00e9nyeket.<\/p>\n<p>Ezenk\u00edv\u00fcl professzionalizmust, nemzetk\u00f6zi tan\u00fas\u00edtv\u00e1nyokat, testreszab\u00e1si szolg\u00e1ltat\u00e1sokat, gy\u00e1rt\u00f3berendez\u00e9seket \u00e9s \u00e9rt\u00e9kes\u00edt\u00e9s ut\u00e1ni szolg\u00e1ltat\u00e1sokat k\u00edn\u00e1lunk. Az \u00fcgyf\u00e9l-el\u00e9gedetts\u00e9g ir\u00e1nti elk\u00f6telezetts\u00e9g\u00fcnk k\u00fcl\u00f6nb\u00f6ztet meg minket a t\u00f6bbit\u0151l.<\/p>\n<p>Szerz\u0151: lyl<\/p>","protected":false},"excerpt":{"rendered":"<p>Bucket Cylinder For SGZG SD08E Introduction The bucket cylinder is a specially designed hydraulic cylinder used to control the movement of the bucket in heavy machinery such as excavators, backhoe loaders, and front loaders. Its main function is to enable the bucket to lift, lower, and tilt, making it convenient for various material handling tasks. [&hellip;]<\/p>","protected":false},"featured_media":14782,"comment_status":"open","ping_status":"closed","template":"","meta":{"_et_pb_use_builder":"","_et_pb_old_content":"","_et_gb_content_width":""},"product_brand":[],"product_cat":[1494],"product_tag":[1495,1496],"class_list":{"0":"post-15782","1":"product","2":"type-product","3":"status-publish","4":"has-post-thumbnail","6":"product_cat-bucket-cylinders","7":"product_tag-bucket-cylinders","8":"product_tag-hydraulic-cylinders","10":"first","11":"instock","12":"shipping-taxable","13":"product-type-simple"},"amp_enabled":true,"_links":{"self":[{"href":"https:\/\/www.hydraulic-cylinders.net\/hu\/wp-json\/wp\/v2\/product\/15782","targetHints":{"allow":["GET"]}}],"collection":[{"href":"https:\/\/www.hydraulic-cylinders.net\/hu\/wp-json\/wp\/v2\/product"}],"about":[{"href":"https:\/\/www.hydraulic-cylinders.net\/hu\/wp-json\/wp\/v2\/types\/product"}],"replies":[{"embeddable":true,"href":"https:\/\/www.hydraulic-cylinders.net\/hu\/wp-json\/wp\/v2\/comments?post=15782"}],"wp:featuredmedia":[{"embeddable":true,"href":"https:\/\/www.hydraulic-cylinders.net\/hu\/wp-json\/wp\/v2\/media\/14782"}],"wp:attachment":[{"href":"https:\/\/www.hydraulic-cylinders.net\/hu\/wp-json\/wp\/v2\/media?parent=15782"}],"wp:term":[{"taxonomy":"product_brand","embeddable":true,"href":"https:\/\/www.hydraulic-cylinders.net\/hu\/wp-json\/wp\/v2\/product_brand?post=15782"},{"taxonomy":"product_cat","embeddable":true,"href":"https:\/\/www.hydraulic-cylinders.net\/hu\/wp-json\/wp\/v2\/product_cat?post=15782"},{"taxonomy":"product_tag","embeddable":true,"href":"https:\/\/www.hydraulic-cylinders.net\/hu\/wp-json\/wp\/v2\/product_tag?post=15782"}],"curies":[{"name":"munkaf\u00fczet","href":"https:\/\/api.w.org\/{rel}","templated":true}]}}