{"id":15785,"date":"2025-01-19T14:58:59","date_gmt":"2025-01-19T14:58:59","guid":{"rendered":"https:\/\/www.hydraulic-cylinders.net\/product\/bucket-cylinder-for-sgzg-sd18b\/"},"modified":"2025-01-19T14:59:01","modified_gmt":"2025-01-19T14:59:01","slug":"bucket-cylinder-for-sgzg-sd18b","status":"publish","type":"product","link":"https:\/\/www.hydraulic-cylinders.net\/hu\/termek\/bucket-cylinder-for-sgzg-sd18b\/","title":{"rendered":"Kan\u00e1lhenger SGZG SD18B-hez"},"content":{"rendered":"<h1>Kan\u00e1lhenger SGZG SD18B-hez<\/h1>\n<h2>Bevezet\u00e9s<\/h2>\n<p>A kan\u00e1lhenger egy speci\u00e1lisan tervezett hidraulikus henger, amelyet els\u0151sorban a kan\u00e1l mozg\u00e1s\u00e1nak vez\u00e9rl\u00e9s\u00e9re haszn\u00e1lnak neh\u00e9zg\u00e9pekben, p\u00e9ld\u00e1ul kotr\u00f3g\u00e9pekben, kotr\u00f3rakod\u00f3kban \u00e9s homlokrakod\u00f3kban. F\u0151 funkci\u00f3ja a kan\u00e1l emel\u00e9s\u00e9nek, s\u00fcllyeszt\u00e9s\u00e9nek \u00e9s billent\u00e9s\u00e9nek lehet\u0151v\u00e9 t\u00e9tele, megk\u00f6nny\u00edtve a k\u00fcl\u00f6nf\u00e9le anyagmozgat\u00e1si feladatokat. A hidraulikus rendszerben a kan\u00e1lhenger a hidraulikaolaj nyom\u00e1s\u00e1nak v\u00e1ltoztat\u00e1s\u00e1val prec\u00edzen szab\u00e1lyozza a kan\u00e1l mozg\u00e1s\u00e1t, lehet\u0151v\u00e9 t\u00e9ve a kezel\u0151k sz\u00e1m\u00e1ra, hogy hat\u00e9konyan kezelj\u00e9k a neh\u00e9z terheket, alkalmazkodjanak az \u00f6sszetett munkak\u00f6rnyezetekhez \u00e9s a v\u00e1ltozatos munkak\u00f6vetelm\u00e9nyekhez.<\/p>\n<div>\n  <img decoding=\"async\" src=\"https:\/\/www.hydraulic-cylinders.net\/wp-content\/uploads\/2025\/01\/songte-company-2.webp\" alt=\"V\u00f6d\u00f6rhenger\">\n<\/div>\n<h2>Jellemz\u0151k<\/h2>\n<ul>\n<li>\n<h3>Nagy szil\u00e1rds\u00e1g \u00e9s tart\u00f3ss\u00e1g<\/h3>\n<p>A kan\u00e1lhengerek jellemz\u0151en nagy szil\u00e1rds\u00e1g\u00fa ac\u00e9lb\u00f3l vagy alum\u00edniumb\u00f3l k\u00e9sz\u00fclnek, k\u00e9pesek ellen\u00e1llni a nagy nyom\u00e1snak \u00e9s a neh\u00e9z terhel\u00e9seknek, \u00e9s alkalmazkodni a zord munkak\u00f6rnyezethez. A tervez\u00e9s sor\u00e1n figyelembe vett\u00e9k a kop\u00e1s\u00e1ll\u00f3s\u00e1got \u00e9s a korr\u00f3zi\u00f3\u00e1ll\u00f3s\u00e1got az \u00e9lettartam meghosszabb\u00edt\u00e1sa \u00e9rdek\u00e9ben.<\/p>\n<\/li>\n<li>\n<h3>Hat\u00e9kony hidraulikus m\u0171k\u00f6dtet\u00e9s<\/h3>\n<p>A kan\u00e1lhengerek a hidraulikaolaj nyom\u00e1s\u00e1t haszn\u00e1lj\u00e1k a sima kiny\u00fal\u00e1si \u00e9s \u00f6sszeh\u00faz\u00e1si mozg\u00e1sok el\u00e9r\u00e9s\u00e9hez, gyorsan reag\u00e1lnak a vez\u00e9rl\u0151parancsokra, er\u0151teljes tol\u00f3- \u00e9s h\u00faz\u00f3er\u0151t biztos\u00edtanak, \u00e9s alkalmasak neh\u00e9z terhek \u00e9s \u00f6sszetett munkafeladatok kezel\u00e9s\u00e9re.<\/p>\n<\/li>\n<li>\n<h3>K\u00fcl\u00f6nb\u00f6z\u0151 t\u00edpusok<\/h3>\n<p>Az egyszeres m\u0171k\u00f6d\u00e9s\u0171 (a hidraulikaolaj csak az egyik ir\u00e1nyban \u00e1ramlik) vagy kett\u0151s m\u0171k\u00f6d\u00e9s\u0171 (a hidraulikaolaj mindk\u00e9t ir\u00e1nyban \u00e1ramlik) hengerek az ig\u00e9nyeknek megfelel\u0151en v\u00e1laszthat\u00f3k ki, hogy megfeleljenek a k\u00fcl\u00f6nb\u00f6z\u0151 \u00fczemi k\u00f6vetelm\u00e9nyeknek. Egyes modellek teleszk\u00f3posak, \u00edgy nagyobb kiny\u00fal\u00e1st tesznek lehet\u0151v\u00e9 a k\u00fcls\u0151 m\u00e9retek n\u00f6vel\u00e9se n\u00e9lk\u00fcl, \u00edgy alkalmasak korl\u00e1tozott helyig\u00e9ny\u0171 alkalmaz\u00e1sokhoz.<\/p>\n<\/li>\n<li>\n<h3>M\u00e1s hidraulikus hengereket is helyettes\u00edthet<\/h3>\n<p>Term\u00e9k\u00fcnk t\u00f6k\u00e9letesen helyettes\u00edtheti az azonos c\u00e9l\u00fa m\u00e1s hidraulikus hengereket, biztos\u00edtva a kompatibilit\u00e1st \u00e9s a k\u00e9nyelmet.<\/p>\n<\/li>\n<\/ul>\n<div>\n  <img decoding=\"async\" src=\"https:\/\/www.hydraulic-cylinders.net\/wp-content\/uploads\/2025\/01\/songte-cylinder-head-with-all-kinds-excavator-models.webp\" alt=\"Term\u00e9kcsere\">\n<\/div>\n<h2>Alkalmaz\u00e1sok<\/h2>\n<h3>\u00c9p\u00edt\u0151ipari berendez\u00e9sek<\/h3>\n<p>Kotr\u00f3g\u00e9pekben kritikus fontoss\u00e1g\u00faak az \u00e1s\u00e1shoz, rakod\u00e1shoz \u00e9s a talaj vagy t\u00f6rmel\u00e9k mozgat\u00e1s\u00e1hoz. Kotr\u00f3g\u00e9pekben a kan\u00e1lhengerek mind az \u00e1s\u00e1shoz, mind az emel\u00e9shez hozz\u00e1j\u00e1rulnak. Homlokrakod\u00f3kn\u00e1l az \u00e1ruk hat\u00e9kony emel\u00e9s\u00e9ben \u00e9s \u00fcr\u00edt\u00e9s\u00e9ben seg\u00edtenek.<\/p>\n<h3>Mez\u0151gazdas\u00e1gi g\u00e9pek<\/h3>\n<p>Homlokrakod\u00f3kban haszn\u00e1lj\u00e1k talaj, sz\u00e9na \u00e9s egy\u00e9b anyagok mer\u00e9s\u00e9re, emel\u00e9s\u00e9re \u00e9s sz\u00e1ll\u00edt\u00e1s\u00e1ra. Kotr\u00f3g\u00e9pekben a kan\u00e1lhengerek seg\u00edtenek az \u00e1s\u00e1sban az\u00e1ltal, hogy lehet\u0151v\u00e9 teszik a kan\u00e1l talajba val\u00f3 behatol\u00e1s\u00e1t.<\/p>\n<h3>Egy\u00e9b alkalmaz\u00e1sok<\/h3>\n<p>A kan\u00e1lhengerek b\u00e1ny\u00e1szati \u200b\u200bberendez\u00e9sekben, erd\u00e9szeti berendez\u00e9sekben \u00e9s ipari g\u00e9pekben is haszn\u00e1lhat\u00f3k.<\/p>\n<h2>Tervez\u00e9si szempontok \u00e9s kiv\u00e1laszt\u00e1si krit\u00e9riumok<\/h2>\n<h3>Teherb\u00edr\u00e1s<\/h3>\n<p>A kan\u00e1lhengereknek elegend\u0151 teherb\u00edr\u00e1ssal kell rendelkezni\u00fck ahhoz, hogy deform\u00e1ci\u00f3 vagy meghib\u00e1sod\u00e1s n\u00e9lk\u00fcl ellen\u00e1lljanak a nagy terhel\u00e9seknek, biztos\u00edtva a biztons\u00e1got \u00e9s a stabil m\u0171k\u00f6d\u00e9st.<\/p>\n<h3>T\u00f6m\u00edt\u00e9s<\/h3>\n<p>K\u00fcl\u00f6nb\u00f6z\u0151 t\u00f6m\u00edt\u0151elemeket, p\u00e9ld\u00e1ul dugatty\u00fat\u00f6m\u00edt\u00e9seket \u00e9s r\u00fadt\u00f6m\u00edt\u00e9seket kell kiv\u00e1lasztani a munkak\u00f6r\u00fclm\u00e9nyek alapj\u00e1n, hogy megakad\u00e1lyozz\u00e1k az olajsziv\u00e1rg\u00e1st \u00e9s a szennyez\u0151d\u00e9st, biztos\u00edtva a hossz\u00fa \u00e9lettartamot \u00e9s a z\u00f6kken\u0151mentes m\u0171k\u00f6d\u00e9st.<\/p>\n<h3>Tart\u00f3ss\u00e1g<\/h3>\n<p>A kan\u00e1lhengernek kiv\u00e1l\u00f3 min\u0151s\u00e9g\u0171 anyagokb\u00f3l kell k\u00e9sz\u00fclnie, \u00e9s szigor\u00fa gy\u00e1rt\u00e1si folyamatokon kell \u00e1tesnie a szil\u00e1rds\u00e1g \u00e9s a tart\u00f3ss\u00e1g biztos\u00edt\u00e1sa, a kop\u00e1s cs\u00f6kkent\u00e9se, valamint a korr\u00f3zi\u00f3 \u00e9s a zord munkak\u00f6rnyezet okozta k\u00e1rok ellen\u00e1ll\u00e1sa \u00e9rdek\u00e9ben.<\/p>\n<h3>Biztons\u00e1g<\/h3>\n<p>A kan\u00e1lhengereket olyan biztons\u00e1gi funkci\u00f3kkal kell ell\u00e1tni, mint a t\u00falterhel\u00e9s elleni v\u00e9delem \u00e9s a v\u00e9szle\u00e1ll\u00edt\u00f3, hogy megel\u0151zz\u00e9k a baleseteket, \u00e9s megv\u00e9dj\u00e9k a kezel\u0151ket \u00e9s a berendez\u00e9seket.<\/p>\n<h3>Karbantart\u00e1s<\/h3>\n<p>A kan\u00e1lhengernek k\u00f6nnyen karbantarthat\u00f3nak kell lennie, hozz\u00e1f\u00e9rhet\u0151 alkatr\u00e9szekkel, gyorsan cser\u00e9lhet\u0151nek \u00e9s egyszer\u0171 jav\u00edt\u00e1si elj\u00e1r\u00e1sokkal. A megfelel\u0151 m\u0171k\u00f6d\u00e9s biztos\u00edt\u00e1sa \u00e9s az \u00e9lettartam meghosszabb\u00edt\u00e1sa \u00e9rdek\u00e9ben rendszeresen ellen\u0151rizni, kenni \u00e9s cser\u00e9lni kell a s\u00e9r\u00fclt alkatr\u00e9szeket.<\/p>\n<div>\n  <img decoding=\"async\" src=\"https:\/\/www.hydraulic-cylinders.net\/wp-content\/uploads\/2025\/01\/songte-oil-pipes-and-spare-parts.webp\" alt=\"V\u00f6d\u00f6rhenger alkatr\u00e9szek\">\n<\/div>\n<h2>T\u00f6m\u00edt\u00e9s \u00e9s ken\u00e9s<\/h2>\n<p>K\u00fcl\u00f6nb\u00f6z\u0151 t\u00f6m\u00edt\u0151elemeket kell haszn\u00e1lni, p\u00e9ld\u00e1ul dugatty\u00fat\u00f6m\u00edt\u00e9seket \u00e9s r\u00fadt\u00f6m\u00edt\u00e9seket kop\u00e1s\u00e1ll\u00f3 anyagokb\u00f3l, p\u00e9ld\u00e1ul poliuret\u00e1nb\u00f3l vagy nitrilkaucsukb\u00f3l. A hengertestet \u00e9s a menetes v\u00e9gfel\u00fcletet finom megmunk\u00e1l\u00e1snak kell al\u00e1vetni a kop\u00e1s\u00e1ll\u00f3s\u00e1g jav\u00edt\u00e1sa \u00e9rdek\u00e9ben. A megfelel\u0151 hidraulikaolajjal t\u00f6rt\u00e9n\u0151 rendszeres ken\u00e9s sz\u00fcks\u00e9ges a z\u00f6kken\u0151mentes m\u0171k\u00f6d\u00e9s biztos\u00edt\u00e1s\u00e1hoz \u00e9s a s\u00farl\u00f3d\u00e1s \u00e9s a h\u0151 okozta k\u00e1rosod\u00e1sok megel\u0151z\u00e9s\u00e9hez.<\/p>\n<h2>Ellen\u0151rz\u00e9s \u00e9s megel\u0151z\u0151 karbantart\u00e1s<\/h2>\n<p>A henger \u00e1llapot\u00e1nak rendszeres ellen\u0151rz\u00e9s\u00e9t, p\u00e9ld\u00e1ul az olajsziv\u00e1rg\u00e1s, deform\u00e1ci\u00f3 \u00e9s s\u00e9r\u00fcl\u00e9sek kimutat\u00e1s\u00e1t, el kell v\u00e9gezni a potenci\u00e1lis probl\u00e9m\u00e1k korai felismer\u00e9se \u00e9s a v\u00e1ratlan \u00e1ll\u00e1sid\u0151 \u00e9s balesetek megel\u0151z\u00e9se \u00e9rdek\u00e9ben. A kopott vagy s\u00e9r\u00fclt alkatr\u00e9szek megfelel\u0151 ken\u00e9s\u00e9t \u00e9s cser\u00e9j\u00e9t is el kell v\u00e9gezni. Kalibr\u00e1ci\u00f3s ellen\u0151rz\u00e9st kell v\u00e9gezni annak biztos\u00edt\u00e1s\u00e1ra, hogy a henger a megadott tartom\u00e1nyon bel\u00fcl m\u0171k\u00f6dj\u00f6n.<\/p>\n<h2>Telep\u00edt\u00e9si \u00fatmutat\u00f3<\/h2>\n<p>A megfelel\u0151 beszerel\u00e9s elengedhetetlen a palack megfelel\u0151 m\u0171k\u00f6d\u00e9s\u00e9hez \u00e9s biztons\u00e1g\u00e1hoz. \u00c1ll\u00edtsa be megfelel\u0151en a palackot, haszn\u00e1ljon megfelel\u0151 r\u00f6gz\u00edt\u0151konzolokat a palack r\u00f6gz\u00edt\u00e9s\u00e9hez, \u00e9s k\u00f6vesse az aj\u00e1nlott beszerel\u00e9si, jav\u00edt\u00e1si \u00e9s csere elj\u00e1r\u00e1sokat. Term\u00e9keink haszn\u00e1lata jav\u00edthatja a hat\u00e9konys\u00e1got \u00e9s garant\u00e1lhatja a biztons\u00e1got.<\/p>\n<h2>Gyakori karbantart\u00e1si feladatok<\/h2>\n<ul>\n<li>Rendszeres ellen\u0151rz\u00e9s<\/li>\n<li>Megfelel\u0151 ken\u00e9s<\/li>\n<li>T\u00f6m\u00edt\u00e9s csere<\/li>\n<li>Kalibr\u00e1ci\u00f3s ellen\u0151rz\u00e9s<\/li>\n<\/ul>\n<p>A megfelel\u0151 beszerel\u00e9s, ken\u00e9s \u00e9s be\u00e1ll\u00edt\u00e1s elengedhetetlen a henger hossz\u00fa \u00e9lettartam\u00e1nak \u00e9s optim\u00e1lis teljes\u00edtm\u00e9ny\u00e9nek biztos\u00edt\u00e1s\u00e1hoz. A megfelel\u0151 be\u00e1ll\u00edt\u00e1si \u00fatmutat\u00e1s a beszerel\u00e9s sor\u00e1n, az aj\u00e1nlott ellen\u0151rz\u00e9si, jav\u00edt\u00e1si \u00e9s csere elj\u00e1r\u00e1sok, valamint az \u00fajj\u00e1\u00e9p\u00edt\u00e9si szolg\u00e1ltat\u00e1sok seg\u00edthetnek a henger tart\u00f3ss\u00e1g\u00e1nak jav\u00edt\u00e1s\u00e1ban \u00e9s a felhaszn\u00e1l\u00f3i \u00e9lm\u00e9ny fokoz\u00e1s\u00e1ban.<\/p>\n<div>\n  <img decoding=\"async\" src=\"https:\/\/www.hydraulic-cylinders.net\/wp-content\/uploads\/2025\/01\/songte-chushion-collar.webp\" alt=\"V\u00f6d\u00f6r henger p\u00e1rna gall\u00e9r\">\n<\/div>\n<h2>Biztons\u00e1gi \u00e9s k\u00f6rnyezetv\u00e9delmi agg\u00e1lyok<\/h2>\n<p>A serleghengereket a biztons\u00e1gi ir\u00e1nyelveknek megfelel\u0151en kell haszn\u00e1lni, megfelel\u0151 v\u00e9delmi int\u00e9zked\u00e9sekkel, p\u00e9ld\u00e1ul v\u00e9szle\u00e1ll\u00edt\u00f3val \u00e9s t\u00falterhel\u00e9s elleni v\u00e9delemmel a balesetek megel\u0151z\u00e9se \u00e9rdek\u00e9ben. A henger haszn\u00e1lat\u00e1nak k\u00f6rnyezeti hat\u00e1s\u00e1t is figyelembe kell venni, p\u00e9ld\u00e1ul a haszn\u00e1lt hidraulikaolaj \u00e9s egy\u00e9b hullad\u00e9kanyagok megfelel\u0151 \u00e1rtalmatlan\u00edt\u00e1s\u00e1t.<\/p>\n<h2>Hibadiagn\u00f3zis \u00e9s hibaelh\u00e1r\u00edt\u00e1s<\/h2>\n<p>A kan\u00e1lhengerek gyakori probl\u00e9m\u00e1i k\u00f6z\u00e9 tartozik az olajsziv\u00e1rg\u00e1s, a deform\u00e1ci\u00f3 \u00e9s a s\u00e9r\u00fcl\u00e9s. A s\u00e9r\u00fclt alkatr\u00e9szek megfelel\u0151 hibaelh\u00e1r\u00edt\u00e1sa \u00e9s gyors cser\u00e9je seg\u00edthet megel\u0151zni a tov\u00e1bbi k\u00e1rokat \u00e9s az \u00e1ll\u00e1sid\u0151t. A rendszeres ellen\u0151rz\u00e9s \u00e9s a megel\u0151z\u0151 karbantart\u00e1s a potenci\u00e1lis probl\u00e9m\u00e1kat m\u00e9g azel\u0151tt \u00e9szlelheti, miel\u0151tt azok jelent\u0151s probl\u00e9m\u00e1v\u00e1 v\u00e1ln\u00e1nak.<\/p>\n<h2>C\u00e9g\u00fcnkr\u0151l<\/h2>\n<p>C\u00e9g\u00fcnk p\u00f3talkatr\u00e9szk\u00e9nt haszn\u00e1lt hidraulikus hengerek gy\u00e1rt\u00f3ja, teljes term\u00e9kk\u00edn\u00e1lattal, \u00e9s a hazai \u00e9s nemzetk\u00f6zi piacok egyik vezet\u0151 hidraulikus hengergy\u00e1rt\u00f3j\u00e1v\u00e1 \u00e9s nagykereskedelmi forgalmaz\u00f3j\u00e1v\u00e1 v\u00e1lt. A kiv\u00e1l\u00f3 min\u0151s\u00e9g elv\u00e9t k\u00f6vetj\u00fck, a kifinomult gy\u00e1rt\u00f3m\u0171hely ipari termel\u00e9sir\u00e1ny\u00edt\u00e1si strat\u00e9gi\u00e1j\u00e1ra t\u00e1maszkodunk, folyamatosan fejlesztj\u00fck a gy\u00e1rt\u00e1si platformot, \u00e9s m\u0171szaki tehets\u00e9gek, digit\u00e1lis cs\u00facskateg\u00f3ri\u00e1s gy\u00e1rt\u00f3berendez\u00e9sek \u00e9s professzion\u00e1lis tesztel\u0151rendszerek seg\u00edts\u00e9g\u00e9vel t\u00f6k\u00e9letes\u00edtj\u00fck a gy\u00e1rt\u00e1si min\u0151s\u00e9gi \u00fatvonalat.<\/p>\n<div>\n  <img decoding=\"async\" src=\"https:\/\/hzpt.com\/wp-content\/uploads\/2024\/11\/songte-company-1.webp\" alt=\"C\u00e9ges im\u00e1zs\">\n<\/div>\n<h3>Szakmaiass\u00e1g<\/h3>\n<p>Csapatunk tapasztalt szakemberekb\u0151l \u00e1ll, akik elk\u00f6telezettek amellett, hogy kiv\u00e1l\u00f3 min\u0151s\u00e9g\u0171 term\u00e9keket \u00e9s szolg\u00e1ltat\u00e1sokat ny\u00fajtsanak \u00fcgyfeleink sokr\u00e9t\u0171 ig\u00e9nyeinek kiel\u00e9g\u00edt\u00e9s\u00e9re.<\/p>\n<h3>Nemzetk\u00f6zi min\u0151s\u00edt\u00e9s<\/h3>\n<p>Term\u00e9keink olyan nemzetk\u00f6zi tan\u00fas\u00edtv\u00e1nyokkal rendelkeznek, mint az ISO9001 \u00e9s a CE, amelyek biztos\u00edtj\u00e1k, hogy megfelelnek a magas min\u0151s\u00e9gi szabv\u00e1nyoknak \u00e9s biztons\u00e1gi k\u00f6vetelm\u00e9nyeknek.<\/p>\n<h3>Testreszab\u00e1si szolg\u00e1ltat\u00e1s<\/h3>\n<p>Egyedi megold\u00e1sokat k\u00edn\u00e1lunk az \u00fcgyfelek egyedi ig\u00e9nyeinek kiel\u00e9g\u00edt\u00e9s\u00e9re, szem\u00e9lyre szabott terveket, anyagokat \u00e9s gy\u00e1rt\u00e1si folyamatokat biztos\u00edtva.<\/p>\n<h3>Termel\u00e9si berendez\u00e9sek<\/h3>\n<p>Gy\u00e1rt\u00f3m\u0171hely\u00fcnk korszer\u0171 digit\u00e1lis gy\u00e1rt\u00f3berendez\u00e9sekkel \u00e9s speci\u00e1lis tesztel\u0151rendszerekkel van felszerelve a magas hat\u00e9konys\u00e1g, pontoss\u00e1g \u00e9s min\u0151s\u00e9g biztos\u00edt\u00e1sa \u00e9rdek\u00e9ben.<\/p>\n<h3>\u00c9rt\u00e9kes\u00edt\u00e9s ut\u00e1ni szolg\u00e1ltat\u00e1s<\/h3>\n<p>\u00c1tfog\u00f3 \u00e9rt\u00e9kes\u00edt\u00e9s ut\u00e1ni szolg\u00e1ltat\u00e1sokat k\u00edn\u00e1lunk, mint p\u00e9ld\u00e1ul jav\u00edt\u00e1s, csere \u00e9s \u00fajj\u00e1\u00e9p\u00edt\u00e9s, hogy biztos\u00edtsuk az \u00fcgyfelek el\u00e9gedetts\u00e9g\u00e9t \u00e9s a term\u00e9kek tart\u00f3ss\u00e1g\u00e1t.<\/p>\n<h6>Szerz\u0151: lyl<\/h6>","protected":false},"excerpt":{"rendered":"<p>Bucket Cylinder For SGZG SD18B Introduction A bucket cylinder is a specially designed hydraulic cylinder that is primarily used to control the movement of the bucket in heavy machinery such as excavators, backhoe loaders, and front-end loaders. Its main function is to enable the bucket to lift, lower, and tilt, making it easier for various [&hellip;]<\/p>","protected":false},"featured_media":14776,"comment_status":"open","ping_status":"closed","template":"","meta":{"_et_pb_use_builder":"","_et_pb_old_content":"","_et_gb_content_width":""},"product_brand":[],"product_cat":[1494],"product_tag":[1495,1496],"class_list":{"0":"post-15785","1":"product","2":"type-product","3":"status-publish","4":"has-post-thumbnail","6":"product_cat-bucket-cylinders","7":"product_tag-bucket-cylinders","8":"product_tag-hydraulic-cylinders","10":"first","11":"instock","12":"shipping-taxable","13":"product-type-simple"},"amp_enabled":true,"_links":{"self":[{"href":"https:\/\/www.hydraulic-cylinders.net\/hu\/wp-json\/wp\/v2\/product\/15785","targetHints":{"allow":["GET"]}}],"collection":[{"href":"https:\/\/www.hydraulic-cylinders.net\/hu\/wp-json\/wp\/v2\/product"}],"about":[{"href":"https:\/\/www.hydraulic-cylinders.net\/hu\/wp-json\/wp\/v2\/types\/product"}],"replies":[{"embeddable":true,"href":"https:\/\/www.hydraulic-cylinders.net\/hu\/wp-json\/wp\/v2\/comments?post=15785"}],"wp:featuredmedia":[{"embeddable":true,"href":"https:\/\/www.hydraulic-cylinders.net\/hu\/wp-json\/wp\/v2\/media\/14776"}],"wp:attachment":[{"href":"https:\/\/www.hydraulic-cylinders.net\/hu\/wp-json\/wp\/v2\/media?parent=15785"}],"wp:term":[{"taxonomy":"product_brand","embeddable":true,"href":"https:\/\/www.hydraulic-cylinders.net\/hu\/wp-json\/wp\/v2\/product_brand?post=15785"},{"taxonomy":"product_cat","embeddable":true,"href":"https:\/\/www.hydraulic-cylinders.net\/hu\/wp-json\/wp\/v2\/product_cat?post=15785"},{"taxonomy":"product_tag","embeddable":true,"href":"https:\/\/www.hydraulic-cylinders.net\/hu\/wp-json\/wp\/v2\/product_tag?post=15785"}],"curies":[{"name":"munkaf\u00fczet","href":"https:\/\/api.w.org\/{rel}","templated":true}]}}