{"id":1579,"date":"2023-10-07T05:44:28","date_gmt":"2023-10-07T05:44:28","guid":{"rendered":"https:\/\/hydraulic-cylinders.net\/?post_type=product&#038;p=1579"},"modified":"2025-04-11T03:39:29","modified_gmt":"2025-04-11T03:39:29","slug":"rotary-drilling-luffing-cylinder","status":"publish","type":"product","link":"https:\/\/www.hydraulic-cylinders.net\/hu\/termek\/rotary-drilling-luffing-cylinder\/","title":{"rendered":"Forg\u00f3f\u00far\u00f3 henger"},"content":{"rendered":"<h1 style=\"text-align: center;\"><strong>Forg\u00f3f\u00far\u00f3 henger<\/strong><\/h1>\n<p><img loading=\"lazy\" decoding=\"async\" class=\"wp-image-1580 aligncenter\" src=\"https:\/\/hydraulic-cylinders.net\/wp-content\/uploads\/2023\/10\/luffing-cylinder-1-300x300.webp\" alt=\"\" width=\"400\" height=\"400\" \/><\/p>\n<p>A forg\u00f3f\u00far\u00f3 g\u00e9mfesz\u00edt\u0151 henger l\u00e9tfontoss\u00e1g\u00fa alkatr\u00e9sz, amelyet a forg\u00f3f\u00far\u00f3 berendez\u00e9sek teljes\u00edtm\u00e9ny\u00e9nek optimaliz\u00e1l\u00e1s\u00e1ra terveztek. Ez a hidraulikus henger kulcsszerepet j\u00e1tszik a g\u00e9mfesz\u00edt\u0151 mechanizmusban, amely a f\u00far\u00f3oszlop vagy g\u00e9m emel\u00e9s\u00e9\u00e9rt \u00e9s s\u00fcllyeszt\u00e9s\u00e9\u00e9rt felel\u0151s, lehet\u0151v\u00e9 t\u00e9ve a pontos pozicion\u00e1l\u00e1st \u00e9s a hat\u00e9kony f\u00far\u00e1si m\u0171veleteket.<\/p>\n<p>A forg\u00f3f\u00far\u00f3 billen\u0151henger egy kritikus fontoss\u00e1g\u00fa alkatr\u00e9sz, amely n\u00f6veli a hat\u00e9konys\u00e1got \u00e9s a pontoss\u00e1got a f\u00far\u00e1si m\u0171veletek sor\u00e1n. Robusztus fel\u00e9p\u00edt\u00e9s\u00e9nek, hidraulikus teljes\u00edtm\u00e9ny\u00e9nek \u00e9s vez\u00e9rl\u00e9s\u00e9nek, \u00e1ll\u00edthat\u00f3 billen\u0151tartom\u00e1ny\u00e1nak \u00e9s sima mozg\u00e1s\u00e1nak k\u00f6sz\u00f6nhet\u0151en ez a hidraulikus henger lehet\u0151v\u00e9 teszi a kezel\u0151k sz\u00e1m\u00e1ra a f\u00far\u00f3\u00e1rboc vagy -g\u00e9m pontos pozicion\u00e1l\u00e1s\u00e1t \u00e9s az optim\u00e1lis f\u00far\u00e1si teljes\u00edtm\u00e9ny el\u00e9r\u00e9s\u00e9t. A megfelel\u0151 haszn\u00e1lati m\u00f3dszerek betart\u00e1s\u00e1val \u00e9s az aj\u00e1nlott karbantart\u00e1si gyakorlatok betart\u00e1s\u00e1val a kezel\u0151k maximaliz\u00e1lhatj\u00e1k a forg\u00f3f\u00far\u00f3 billen\u0151henger \u00e9lettartam\u00e1t \u00e9s megb\u00edzhat\u00f3s\u00e1g\u00e1t, ami biztons\u00e1gos \u00e9s hat\u00e9kony f\u00far\u00e1si m\u0171veletekhez vezet. V\u00e1lassza ezt a n\u00e9lk\u00fcl\u00f6zhetetlen hidraulikus alkatr\u00e9szt f\u00far\u00f3berendez\u00e9se optimaliz\u00e1l\u00e1s\u00e1hoz \u00e9s a kiv\u00e1l\u00f3 eredm\u00e9nyek el\u00e9r\u00e9s\u00e9hez.<\/p>\n<p>Forg\u00f3f\u00far\u00f3 henger f\u0151bb jellemz\u0151i:<\/p>\n<ol>\n<li>Robusztus konstrukci\u00f3 \u00e9s tart\u00f3ss\u00e1g:<\/li>\n<\/ol>\n<ul>\n<li>A forg\u00f3 f\u00far\u00f3henger kiv\u00e1l\u00f3 min\u0151s\u00e9g\u0171 anyagokb\u00f3l k\u00e9sz\u00fclt, ami kiv\u00e9teles szil\u00e1rds\u00e1got \u00e9s tart\u00f3ss\u00e1got biztos\u00edt.<\/li>\n<li>Ellen\u00e1ll a f\u00far\u00e1si m\u0171veletek sor\u00e1n el\u0151fordul\u00f3 neh\u00e9z k\u00f6r\u00fclm\u00e9nyeknek, bele\u00e9rtve a nagy terhel\u00e9seket, a rezg\u00e9seket \u00e9s a zord k\u00f6rnyezetet.<\/li>\n<\/ul>\n<ol start=\"2\">\n<li>Hidraulikus teljes\u00edtm\u00e9ny \u00e9s vez\u00e9rl\u00e9s:<\/li>\n<\/ol>\n<ul>\n<li>Ez a henger egy hidraulikus vez\u00e9rl\u0151rendszeren kereszt\u00fcl m\u0171k\u00f6dik, hidraulikus energi\u00e1t haszn\u00e1lva a billen\u0151mechanizmus meghajt\u00e1s\u00e1hoz.<\/li>\n<li>A hidraulikus vez\u00e9rl\u00e9s biztos\u00edtja a f\u00far\u00f3oszlop vagy -g\u00e9m prec\u00edz \u00e9s \u00e9rz\u00e9keny mozg\u00e1s\u00e1t, lehet\u0151v\u00e9 t\u00e9ve a pontos pozicion\u00e1l\u00e1st \u00e9s vez\u00e9rl\u00e9st.<\/li>\n<\/ul>\n<ol start=\"3\">\n<li>\u00c1ll\u00edthat\u00f3 d\u0151l\u00e9ssz\u00f6g:<\/li>\n<\/ol>\n<ul>\n<li>A forg\u00f3 f\u00far\u00f3henger \u00e1ll\u00edthat\u00f3 tartom\u00e1nyt biztos\u00edt, lehet\u0151v\u00e9 t\u00e9ve a kezel\u0151k sz\u00e1m\u00e1ra, hogy a f\u00far\u00f3berendez\u00e9st a k\u00edv\u00e1nt sz\u00f6gben vagy magass\u00e1gban pozicion\u00e1lj\u00e1k.<\/li>\n<li>Ez a rugalmass\u00e1g sokoldal\u00fa f\u00far\u00e1si m\u0171veleteket tesz lehet\u0151v\u00e9, figyelembe v\u00e9ve a k\u00fcl\u00f6nb\u00f6z\u0151 talajviszonyokat \u00e9s k\u00f6vetelm\u00e9nyeket.<\/li>\n<\/ul>\n<ol start=\"4\">\n<li>Sima \u00e9s kontroll\u00e1lt mozg\u00e1sok:<\/li>\n<\/ol>\n<ul>\n<li>A henger kialak\u00edt\u00e1sa \u00e9s hidraulikus vez\u00e9rl\u0151rendszere sima \u00e9s kontroll\u00e1lt mozg\u00e1st biztos\u00edt a billeg\u00e9si m\u0171veletek sor\u00e1n.<\/li>\n<li>Ez a prec\u00edz vez\u00e9rl\u00e9s lehet\u0151v\u00e9 teszi a kezel\u0151k sz\u00e1m\u00e1ra a stabilit\u00e1s \u00e9s a pontoss\u00e1g fenntart\u00e1s\u00e1t a f\u00far\u00f3oszlop vagy -g\u00e9m pozicion\u00e1l\u00e1sa k\u00f6zben.<\/li>\n<\/ul>\n<h2><strong>Forg\u00f3f\u00far\u00f3 henger param\u00e9tere:<\/strong><\/h2>\n<table border=\"1\" cellspacing=\"0\" cellpadding=\"0\">\n<tbody>\n<tr>\n<td>Term\u00e9k neve<\/td>\n<td>Forg\u00f3f\u00far\u00f3 henger<\/td>\n<\/tr>\n<tr>\n<td>Jellemz\u0151k:<\/td>\n<td>Szab\u00e1lyozza az \u00e1rboc d\u0151l\u00e9ssz\u00f6g\u00e9t, \u00e1ll\u00edtsa be az \u00e1rboc \u00e9s a gazda k\u00f6z\u00f6tti t\u00e1vols\u00e1got<\/td>\n<\/tr>\n<tr>\n<td>Furat\u00e1tm\u00e9r\u0151:<\/td>\n<td>125 mm\uff5e250 mm<\/td>\n<\/tr>\n<tr>\n<td>R\u00fad \u00e1tm\u00e9r\u0151je:<\/td>\n<td>90 mm\uff5e160 mm<br \/>\nL\u00f6ket \u22641640 mm<\/td>\n<\/tr>\n<tr>\n<td>Nyom\u00e1s:<\/td>\n<td>ak\u00e1r 32 MPa<\/td>\n<\/tr>\n<tr>\n<td>Luffing henger alkalmaz\u00e1sok:<\/td>\n<td>Rot\u00e1ci\u00f3s f\u00far\u00e1s<\/td>\n<\/tr>\n<\/tbody>\n<\/table>\n<h2><strong>Forg\u00f3f\u00far\u00f3 henger azonos\u00edt\u00f3 rajza:<\/strong><\/h2>\n<p><img loading=\"lazy\" decoding=\"async\" class=\"alignnone wp-image-1582 size-full\" src=\"https:\/\/hydraulic-cylinders.net\/wp-content\/uploads\/2023\/10\/luffing-cylinder-2.webp\" alt=\"\" width=\"1418\" height=\"946\" srcset=\"https:\/\/hydraulic-cylinders.net\/wp-content\/uploads\/2023\/10\/luffing-cylinder-2.webp 1418w, https:\/\/hydraulic-cylinders.net\/wp-content\/uploads\/2023\/10\/luffing-cylinder-2-1280x854.webp 1280w, https:\/\/hydraulic-cylinders.net\/wp-content\/uploads\/2023\/10\/luffing-cylinder-2-980x654.webp 980w, https:\/\/hydraulic-cylinders.net\/wp-content\/uploads\/2023\/10\/luffing-cylinder-2-480x320.webp 480w\" sizes=\"(min-width: 0px) and (max-width: 480px) 480px, (min-width: 481px) and (max-width: 980px) 980px, (min-width: 981px) and (max-width: 1280px) 1280px, (min-width: 1281px) 1418px, 100vw\" \/><\/p>\n<h2><strong>A forg\u00f3f\u00far\u00f3 hengeres henger haszn\u00e1lati m\u00f3dja<\/strong><strong>:<\/strong><\/h2>\n<ol>\n<li><strong>Ismerkedjen meg a kezel\u0151szervekkel \u00e9s a biztons\u00e1gi ir\u00e1nyelvekkel:<\/strong><\/li>\n<\/ol>\n<ul>\n<li>A forg\u00f3f\u00far\u00f3 berendez\u00e9s \u00fczemeltet\u00e9se el\u0151tt a kezel\u0151knek alaposan meg kell ismerkedni\u00fck a berendez\u00e9s gy\u00e1rt\u00f3ja \u00e1ltal biztos\u00edtott kezel\u0151szervekkel \u00e9s biztons\u00e1gi ir\u00e1nyelvekkel.<\/li>\n<li>A biztons\u00e1gos \u00e9s hat\u00e9kony f\u00far\u00e1si m\u0171veletek el\u0151seg\u00edt\u00e9se \u00e9rdek\u00e9ben biztos\u00edtsa az \u00f6sszes biztons\u00e1gi elj\u00e1r\u00e1s \u00e9s \u00f3vint\u00e9zked\u00e9s betart\u00e1s\u00e1t.<\/li>\n<\/ul>\n<ol start=\"2\">\n<li><strong>Luffing szab\u00e1lyoz\u00e1s:<\/strong><\/li>\n<\/ol>\n<ul>\n<li>Haszn\u00e1lja a vez\u00e9rl\u0151mechanizmust, p\u00e9ld\u00e1ul egy joystickot vagy a vez\u00e9rl\u0151panelt a forg\u00f3f\u00far\u00f3 billen\u0151henger aktiv\u00e1l\u00e1s\u00e1hoz.<\/li>\n<li>Alkalmazza a megfelel\u0151 vez\u00e9rl\u0151bemenetet a f\u00far\u00f3\u00e1rboc vagy -g\u00e9m k\u00edv\u00e1nt helyzetbe emel\u00e9s\u00e9hez vagy s\u00fcllyeszt\u00e9s\u00e9hez.<\/li>\n<li>A henger a hidraulikus teljes\u00edtm\u00e9nyt a berendez\u00e9s sim\u00e1n \u00e9s pontosan mozgat\u00e1s\u00e1hoz sz\u00fcks\u00e9ges er\u0151v\u00e9 alak\u00edtja.<\/li>\n<\/ul>\n<ol start=\"3\">\n<li><strong>Elhelyezked\u00e9s \u00e9s stabilit\u00e1s:<\/strong><\/li>\n<\/ol>\n<ul>\n<li>\u00c1ll\u00edtsa be a f\u00far\u00f3\u00e1rboc vagy -g\u00e9m d\u0151l\u00e9ssz\u00f6g\u00e9t \u00e9s helyzet\u00e9t a konkr\u00e9t f\u00far\u00e1si k\u00f6vetelm\u00e9nyeknek \u00e9s a talajviszonyoknak megfelel\u0151en.<\/li>\n<li>A biztons\u00e1gos \u00e9s pontos f\u00far\u00e1si teljes\u00edtm\u00e9ny biztos\u00edt\u00e1sa \u00e9rdek\u00e9ben a f\u00far\u00e1s sor\u00e1n tartsa fenn a stabilit\u00e1st.<\/li>\n<li>Rendszeresen ellen\u0151rizze a berendez\u00e9s helyzet\u00e9t, \u00e9s sz\u00fcks\u00e9g szerint \u00e1ll\u00edtsa be a k\u00edv\u00e1nt f\u00far\u00e1si sz\u00f6get vagy magass\u00e1got.<\/li>\n<\/ul>\n<h2><strong>Hogyan lehet l\u00e9gtelen\u00edteni egy hidraulikus rendszert?<\/strong><\/h2>\n<p>A hidraulikus rendszer l\u00e9gtelen\u00edt\u00e9se fontos elj\u00e1r\u00e1s az optim\u00e1lis teljes\u00edtm\u00e9ny biztos\u00edt\u00e1sa \u00e9s a hidraulikus alkatr\u00e9szek szivacsosod\u00e1s\u00e1nak megel\u0151z\u00e9se \u00e9rdek\u00e9ben. \u00cdme egy l\u00e9p\u00e9sr\u0151l l\u00e9p\u00e9sre sz\u00f3l\u00f3 \u00fatmutat\u00f3 a hidraulikus rendszer l\u00e9gtelen\u00edt\u00e9s\u00e9hez:<\/p>\n<ol>\n<li><strong>A rendszerben l\u00e9v\u0151 leveg\u0151 azonos\u00edt\u00e1sa:<\/strong>\n<ul>\n<li>Ellen\u0151rizze a hidraulikus rendszerben a leveg\u0151 t\u00fcneteit, p\u00e9ld\u00e1ul a ped\u00e1l vagy a kar szivacsos \u00e9rzet\u00e9t, a cs\u00f6kkent f\u00e9kez\u00e9si vagy korm\u00e1nyz\u00e1si teljes\u00edtm\u00e9nyt, vagy a szokatlan zajokat.<\/li>\n<li>A tart\u00e1lyban l\u00e9v\u0151 folyad\u00e9kszint ellen\u0151rz\u00e9s\u00e9vel ellen\u0151rizze a leveg\u0151 jelenl\u00e9t\u00e9t. A l\u00e9gbubor\u00e9kok vagy a habos megjelen\u00e9s leveg\u0151re utal a rendszerben.<\/li>\n<\/ul>\n<\/li>\n<li><strong>A rendszer el\u0151k\u00e9sz\u00edt\u00e9se:<\/strong>\n<ul>\n<li>A s\u00e9r\u00fcl\u00e9sek elker\u00fcl\u00e9se \u00e9rdek\u00e9ben gy\u0151z\u0151dj\u00f6n meg arr\u00f3l, hogy a hidraulikus rendszer ki van kapcsolva \u00e9s biztons\u00e1gos h\u0151m\u00e9rs\u00e9kleten van.<\/li>\n<li>Keresse meg a l\u00e9gtelen\u00edt\u0151 szelepeket vagy szerelv\u00e9nyeket a hidraulikus rendszerben. Ezek jellemz\u0151en a rendszer legmagasabb pontjai k\u00f6zel\u00e9ben vagy a leveg\u0151 beszorul\u00e1s\u00e1nak kitett alkatr\u00e9szekn\u00e9l, p\u00e9ld\u00e1ul f\u00e9knyergekn\u00e9l vagy hengerekn\u00e9l tal\u00e1lhat\u00f3k.<\/li>\n<\/ul>\n<\/li>\n<li><strong>Sz\u00fcks\u00e9ges eszk\u00f6z\u00f6k \u00f6sszegy\u0171jt\u00e9se:<\/strong>\n<ul>\n<li>A rendszert\u0151l f\u00fcgg\u0151en sz\u00fcks\u00e9ged lehet vill\u00e1skulcsra, dug\u00f3kulcsk\u00e9szletre vagy speci\u00e1lis l\u00e9gtelen\u00edt\u0151 k\u00e9szletre.<\/li>\n<li>K\u00e9sz\u00edtsen el\u0151 egy tart\u00e1lyt, amelybe felfoghatja a v\u00e9rz\u00e9s sor\u00e1n esetleg ki\u00f6ml\u0151 folyad\u00e9kot.<\/li>\n<\/ul>\n<\/li>\n<li><strong>V\u00e9rz\u00e9si folyamat ind\u00edt\u00e1sa:<\/strong>\n<ul>\n<li>Kezdje a tart\u00e1lyhoz legk\u00f6zelebb es\u0151 hidraulikus komponenssel, \u00e9s haladjon a legt\u00e1volabbi alkatr\u00e9sz fel\u00e9.<\/li>\n<li>Keresse meg a l\u00e9gtelen\u00edt\u0151 szelepet vagy szerelv\u00e9nyt az els\u0151 alkatr\u00e9szen, \u00e9s helyezze el a tart\u00e1lyt \u00fagy, hogy felfogja a folyad\u00e9kot.<\/li>\n<\/ul>\n<\/li>\n<li><strong>Nyissa ki a l\u00e9gtelen\u00edt\u0151 szelepet:<\/strong>\n<ul>\n<li>A megfelel\u0151 szersz\u00e1m seg\u00edts\u00e9g\u00e9vel lassan nyissa ki a l\u00e9gtelen\u00edt\u0151 szelepet vagy szerelv\u00e9nyt.<\/li>\n<li>Ahogy a folyad\u00e9k kiszabadul, l\u00e9gbubor\u00e9kok t\u00e1voznak a rendszerb\u0151l.<\/li>\n<\/ul>\n<\/li>\n<li><strong>L\u00e9gtelen\u00edt\u00e9s:<\/strong>\n<ul>\n<li>A leveg\u0151 elt\u00e1vol\u00edt\u00e1s\u00e1hoz aktiv\u00e1lja a hidraulikus rendszert a f\u00e9kped\u00e1l lenyom\u00e1s\u00e1val, a hidraulikus kar m\u0171k\u00f6dtet\u00e9s\u00e9vel, vagy sz\u00fcks\u00e9g szerint a rendszer bekapcsol\u00e1s\u00e1val.<\/li>\n<li>Ism\u00e9telje meg ezt a folyamatot t\u00f6bbsz\u00f6r, a l\u00e9gtelen\u00edt\u0151 szelep elz\u00e1r\u00e1sa el\u0151tt n\u00e9h\u00e1ny m\u00e1sodpercig lenyomva tartva a ped\u00e1lt vagy a kart.<\/li>\n<\/ul>\n<\/li>\n<li><strong>Z\u00e1rja el a l\u00e9gtelen\u00edt\u0151 szelepet:<\/strong>\n<ul>\n<li>Amint egyenletes, bubor\u00e9kmentes folyad\u00e9k\u00e1ramot \u00e9szlel, z\u00e1rja el szorosan a l\u00e9gtelen\u00edt\u0151 szelepet vagy a csatlakoz\u00f3t.<\/li>\n<li>Gy\u0151z\u0151dj\u00f6n meg r\u00f3la, hogy megfelel\u0151en meg van h\u00fazva, hogy elker\u00fclje a sziv\u00e1rg\u00e1sokat.<\/li>\n<\/ul>\n<\/li>\n<li><strong>Ellen\u0151rizd a folyad\u00e9kszintet:<\/strong>\n<ul>\n<li>A l\u00e9gtelen\u00edt\u00e9s sor\u00e1n figyelje a folyad\u00e9kszintet a tart\u00e1lyban.<\/li>\n<li>Sz\u00fcks\u00e9g szerint t\u00f6ltse fel a folyad\u00e9kot az aj\u00e1nlott szint fenntart\u00e1s\u00e1hoz.<\/li>\n<\/ul>\n<\/li>\n<li><strong>Ism\u00e9telje meg a t\u00f6bbi komponens eset\u00e9ben:<\/strong>\n<ul>\n<li>L\u00e9pjen a rendszer k\u00f6vetkez\u0151 hidraulikus alkatr\u00e9sz\u00e9re, \u00e9s ism\u00e9telje meg a l\u00e9gtelen\u00edt\u00e9si folyamatot.<\/li>\n<li>K\u00f6vesse ugyanazokat a l\u00e9p\u00e9seket, am\u00edg az \u00f6sszes alkatr\u00e9sz l\u00e9gtelen\u00edtve nem lesz.<\/li>\n<\/ul>\n<\/li>\n<li><strong>A rendszer tesztel\u00e9se:<\/strong>\n<ul>\n<li>Az \u00f6sszes alkatr\u00e9sz l\u00e9gtelen\u00edt\u00e9se ut\u00e1n ellen\u0151rizze a hidraulikus rendszert a megfelel\u0151 m\u0171k\u00f6d\u00e9s \u00e9rdek\u00e9ben.<\/li>\n<li>Ellen\u0151rizze, hogy a ped\u00e1l vagy a kar szil\u00e1rdan \u00e9s \u00e9rz\u00e9kenyen reag\u00e1l-e, \u00e9s hogy a rendszer a v\u00e1rt m\u00f3don m\u0171k\u00f6dik-e.<\/li>\n<\/ul>\n<\/li>\n<\/ol>\n<h2><strong>A gy\u00e1r kapacit\u00e1sa \u00e9s kapacit\u00e1sa:<\/strong><\/h2>\n<h3>(1) \u00d6sszeszerel\u00e9s<\/h3>\n<p>Els\u0151 oszt\u00e1ly\u00fa f\u00fcggetlen kutat\u00e1si \u00e9s fejleszt\u00e9si \u00f6sszeszerel\u00e9si platformmal rendelkez\u00fcnk. A hidraulikus hengergy\u00e1rt\u00f3 m\u0171hely n\u00e9gy f\u00e9lautomata emel\u0151henger-\u00f6sszeszerel\u0151 sorral \u00e9s egy automata billen\u0151henger-\u00f6sszeszerel\u0151 sorral rendelkezik, tervezett \u00e9ves gy\u00e1rt\u00e1si kapacit\u00e1sa 1 milli\u00f3 darab. A speci\u00e1lis henger m\u0171hely k\u00fcl\u00f6nb\u00f6z\u0151 specifik\u00e1ci\u00f3j\u00fa f\u00e9lautomata tiszt\u00edt\u00f3 \u00f6sszeszerel\u0151 rendszerrel van felszerelve, amelynek tervezett \u00e9ves termel\u00e9si kapacit\u00e1sa 200.000, \u00e9s h\u00edres CNC megmunk\u00e1l\u00f3 berendez\u00e9ssel, megmunk\u00e1l\u00f3 k\u00f6zponttal, nagy pontoss\u00e1g\u00fa hengerfeldolgoz\u00f3 speci\u00e1lis berendez\u00e9ssel, robothegeszt\u0151 g\u00e9ppel, automatikus tiszt\u00edt\u00f3g\u00e9ppel, automatikus henger \u00f6sszeszerel\u0151 g\u00e9ppel \u00e9s automatikus fest\u00e9si gy\u00e1rt\u00f3sorral van felszerelve. A megl\u00e9v\u0151 kritikus berendez\u00e9sek t\u00f6bb mint 300 k\u00e9szlet (k\u00e9szlet). A berendez\u00e9sek er\u0151forr\u00e1sainak optim\u00e1lis eloszt\u00e1sa \u00e9s hat\u00e9kony felhaszn\u00e1l\u00e1sa biztos\u00edtja a term\u00e9kek pontoss\u00e1gi k\u00f6vetelm\u00e9nyeit \u00e9s megfelel a term\u00e9kek min\u0151s\u00e9gi ig\u00e9nyeinek.<\/p>\n<p><img loading=\"lazy\" decoding=\"async\" class=\"alignnone wp-image-626\" src=\"https:\/\/hydraulic-cylinders.net\/wp-content\/uploads\/2023\/08\/hydraulic-cylinder-product-1-300x158.webp\" alt=\"\" width=\"495\" height=\"260\" srcset=\"https:\/\/hydraulic-cylinders.net\/wp-content\/uploads\/2023\/08\/hydraulic-cylinder-product-1-300x158.webp 495w, https:\/\/hydraulic-cylinders.net\/wp-content\/uploads\/2023\/08\/hydraulic-cylinder-product-1-480x252.webp 480w\" sizes=\"(min-width: 0px) and (max-width: 480px) 480px, (min-width: 481px) 495px, 100vw\" \/> <img loading=\"lazy\" decoding=\"async\" class=\"alignnone wp-image-627\" src=\"https:\/\/hydraulic-cylinders.net\/wp-content\/uploads\/2023\/08\/hydraulic-cylinder-product-2-300x189.webp\" alt=\"\" width=\"413\" height=\"260\" \/><\/p>\n<h3>(2) Megmunk\u00e1l\u00e1s<\/h3>\n<p>A megmunk\u00e1l\u00f3m\u0171hely egyedi, ferde s\u00edneszterg\u00e1l\u00f3 k\u00f6zponttal, megmunk\u00e1l\u00f3k\u00f6zponttal, nagysebess\u00e9g\u0171 h\u00f3nol\u00f3g\u00e9ppel, hegeszt\u0151robottal \u00e9s egy\u00e9b kapcsol\u00f3d\u00f3 berendez\u00e9sekkel van felszerelve, amelyek legfeljebb 400 mm bels\u0151 \u00e1tm\u00e9r\u0151j\u0171 \u00e9s legfeljebb 6 m\u00e9ter hossz\u00fa hengercs\u00f6vek megmunk\u00e1l\u00e1s\u00e1ra k\u00e9pesek.<\/p>\n<p><img loading=\"lazy\" decoding=\"async\" class=\"alignnone wp-image-628 size-large\" src=\"https:\/\/hydraulic-cylinders.net\/wp-content\/uploads\/2023\/08\/hydraulic-cylinder-product-3-1024x391.webp\" alt=\"\" width=\"1024\" height=\"391\" srcset=\"https:\/\/hydraulic-cylinders.net\/wp-content\/uploads\/2023\/08\/hydraulic-cylinder-product-3-980x374.webp 980w, https:\/\/hydraulic-cylinders.net\/wp-content\/uploads\/2023\/08\/hydraulic-cylinder-product-3-480x183.webp 480w\" sizes=\"(min-width: 0px) and (max-width: 480px) 480px, (min-width: 481px) and (max-width: 980px) 980px, (min-width: 981px) 1024px, 100vw\" \/><\/p>\n<h3>(3) Hegeszt\u00e9s<\/h3>\n<p><img loading=\"lazy\" decoding=\"async\" class=\"alignnone wp-image-629 size-large\" src=\"https:\/\/hydraulic-cylinders.net\/wp-content\/uploads\/2023\/08\/hydraulic-cylinder-product-4-1024x510.webp\" alt=\"\" width=\"1024\" height=\"510\" srcset=\"https:\/\/hydraulic-cylinders.net\/wp-content\/uploads\/2023\/08\/hydraulic-cylinder-product-4-980x488.webp 980w, https:\/\/hydraulic-cylinders.net\/wp-content\/uploads\/2023\/08\/hydraulic-cylinder-product-4-480x239.webp 480w\" sizes=\"(min-width: 0px) and (max-width: 480px) 480px, (min-width: 481px) and (max-width: 980px) 980px, (min-width: 981px) 1024px, 100vw\" \/><\/p>\n<h3>(4) Fest\u00e9s \u00e9s bevonatol\u00e1s<\/h3>\n<p>Kis \u00e9s k\u00f6zepes m\u00e9ret\u0171 hengeres automatikus v\u00edzb\u00e1zis\u00fa fest\u00e9kbevon\u00f3 sorokkal, az automatikus robot be- \u00e9s kirakod\u00e1s, valamint az automatikus permetez\u00e9s megval\u00f3s\u00edt\u00e1s\u00e1hoz, a tervez\u00e9si kapacit\u00e1s m\u0171szakonk\u00e9nt 4000 darab;<br \/>\nRendelkez\u00fcnk egy f\u00e9lautomata fest\u00e9kgy\u00e1rt\u00f3sorral is nagym\u00e9ret\u0171 palackokhoz, amelyet egy er\u0151\u00e1tviteli l\u00e1nc hajt, m\u0171szakonk\u00e9nt 60 doboz tervez\u00e9si kapacit\u00e1ssal.<\/p>\n<p><img loading=\"lazy\" decoding=\"async\" class=\"alignnone wp-image-630\" src=\"https:\/\/hydraulic-cylinders.net\/wp-content\/uploads\/2023\/08\/hydraulic-cylinder-product-5-300x213.webp\" alt=\"\" width=\"366\" height=\"260\" \/> <img loading=\"lazy\" decoding=\"async\" class=\"alignnone wp-image-631\" src=\"https:\/\/hydraulic-cylinders.net\/wp-content\/uploads\/2023\/08\/hydraulic-cylinder-product-6-300x225.webp\" alt=\"\" width=\"347\" height=\"260\" \/><\/p>\n<h3>(5) Tesztel\u00e9s<\/h3>\n<p>Els\u0151 oszt\u00e1ly\u00fa ellen\u0151rz\u0151 l\u00e9tes\u00edtm\u00e9nyekkel \u00e9s tesztpadokkal rendelkez\u00fcnk annak biztos\u00edt\u00e1s\u00e1ra, hogy a palack teljes\u00edtm\u00e9nye megfeleljen a k\u00f6vetelm\u00e9nyeknek.<\/p>\n<p><img loading=\"lazy\" decoding=\"async\" class=\"alignnone wp-image-632\" src=\"https:\/\/hydraulic-cylinders.net\/wp-content\/uploads\/2023\/08\/hydraulic-cylinder-product-8-300x200.webp\" alt=\"\" width=\"389\" height=\"260\" \/><\/p>\n<p>&nbsp;<\/p>\n<p>&nbsp;<\/p>\n<p>Mi vagyunk az egyik legjobb hidraulikus henger gy\u00e1rt\u00f3. \u00c1tfog\u00f3 hidraulikus hengereket k\u00edn\u00e1lunk. Megfelel\u0151 szolg\u00e1ltat\u00e1sokat is biztos\u00edtunk. <a href=\"https:\/\/hzpt.com\/agricultural-pto-gearbox\/\" target=\"_blank\" rel=\"noopener\">mez\u0151gazdas\u00e1gi sebess\u00e9gv\u00e1lt\u00f3k<\/a>Term\u00e9keinket vil\u00e1gszerte export\u00e1ltuk \u00fcgyfeleinknek, \u00e9s kiv\u00e1l\u00f3 term\u00e9kmin\u0151s\u00e9g\u00fcnknek \u00e9s \u00e9rt\u00e9kes\u00edt\u00e9s ut\u00e1ni szolg\u00e1ltat\u00e1sunknak k\u00f6sz\u00f6nhet\u0151en j\u00f3 h\u00edrnevet szerezt\u00fcnk. Szeretettel v\u00e1rjuk belf\u00f6ldi \u00e9s k\u00fclf\u00f6ldi \u00fcgyfeleinket, hogy \u00fczleti t\u00e1rgyal\u00e1sok, inform\u00e1ci\u00f3csere \u00e9s egy\u00e9b lehet\u0151s\u00e9gek c\u00e9lj\u00e1b\u00f3l kapcsolatba l\u00e9pjenek vel\u00fcnk. <a href=\"https:\/\/www.hydraulic-cylinders.net\/hu\/contact-us\/\">egy\u00fcttm\u0171k\u00f6dni vel\u00fcnk<\/a>!<\/p>","protected":false},"excerpt":{"rendered":"<p>Rotary Drilling Luffing Cylinder The rotary drilling luffing cylinder is a vital component designed to optimize the performance of rotary drilling equipment. This hydraulic cylinder plays a crucial role in the luffing mechanism, which is responsible for raising and lowering the drilling mast or boom, enabling precise positioning and efficient drilling operations. The rotary drilling [&hellip;]<\/p>","protected":false},"featured_media":1581,"comment_status":"open","ping_status":"closed","template":"","meta":{"_et_pb_use_builder":"","_et_pb_old_content":"","_et_gb_content_width":""},"product_brand":[],"product_cat":[1550,1518,1376],"product_tag":[1380],"class_list":{"0":"post-1579","1":"product","2":"type-product","3":"status-publish","4":"has-post-thumbnail","6":"product_cat-double-acting-hydraulic-cylinder","7":"product_cat-rotary-drilling-rig-hydraulic-cylinders","8":"product_cat-hydraulic-cylinder","9":"product_tag-hydraulic-cylinder","11":"first","12":"instock","13":"shipping-taxable","14":"product-type-simple"},"amp_enabled":true,"_links":{"self":[{"href":"https:\/\/www.hydraulic-cylinders.net\/hu\/wp-json\/wp\/v2\/product\/1579","targetHints":{"allow":["GET"]}}],"collection":[{"href":"https:\/\/www.hydraulic-cylinders.net\/hu\/wp-json\/wp\/v2\/product"}],"about":[{"href":"https:\/\/www.hydraulic-cylinders.net\/hu\/wp-json\/wp\/v2\/types\/product"}],"replies":[{"embeddable":true,"href":"https:\/\/www.hydraulic-cylinders.net\/hu\/wp-json\/wp\/v2\/comments?post=1579"}],"wp:featuredmedia":[{"embeddable":true,"href":"https:\/\/www.hydraulic-cylinders.net\/hu\/wp-json\/wp\/v2\/media\/1581"}],"wp:attachment":[{"href":"https:\/\/www.hydraulic-cylinders.net\/hu\/wp-json\/wp\/v2\/media?parent=1579"}],"wp:term":[{"taxonomy":"product_brand","embeddable":true,"href":"https:\/\/www.hydraulic-cylinders.net\/hu\/wp-json\/wp\/v2\/product_brand?post=1579"},{"taxonomy":"product_cat","embeddable":true,"href":"https:\/\/www.hydraulic-cylinders.net\/hu\/wp-json\/wp\/v2\/product_cat?post=1579"},{"taxonomy":"product_tag","embeddable":true,"href":"https:\/\/www.hydraulic-cylinders.net\/hu\/wp-json\/wp\/v2\/product_tag?post=1579"}],"curies":[{"name":"munkaf\u00fczet","href":"https:\/\/api.w.org\/{rel}","templated":true}]}}