{"id":15792,"date":"2025-01-19T14:59:34","date_gmt":"2025-01-19T14:59:34","guid":{"rendered":"https:\/\/www.hydraulic-cylinders.net\/product\/bucket-cylinder-for-carter-ct18-7bs\/"},"modified":"2025-01-19T14:59:36","modified_gmt":"2025-01-19T14:59:36","slug":"bucket-cylinder-for-carter-ct18-7bs","status":"publish","type":"product","link":"https:\/\/www.hydraulic-cylinders.net\/hu\/termek\/bucket-cylinder-for-carter-ct18-7bs\/","title":{"rendered":"Kan\u00e1lhenger Carter CT18-7BS-hez"},"content":{"rendered":"<h1>Kan\u00e1lhenger Carter CT18-7BS-hez<\/h1>\n<h2>Bevezet\u00e9s<\/h2>\n<p>A Carter CT18-7BS kan\u00e1lhengere egy speci\u00e1lisan tervezett hidraulikus henger, amelyet neh\u00e9zg\u00e9pek, p\u00e9ld\u00e1ul kotr\u00f3g\u00e9pek, kotr\u00f3rakod\u00f3k \u00e9s homlokrakod\u00f3k kanalainak mozg\u00e1s\u00e1nak vez\u00e9rl\u00e9s\u00e9re haszn\u00e1lnak. F\u0151 funkci\u00f3ja a kanalak emel\u00e9se, s\u00fcllyeszt\u00e9se \u00e9s billent\u00e9se, megk\u00f6nny\u00edtve a k\u00fcl\u00f6nf\u00e9le anyagmozgat\u00e1si feladatokat. Egy hidraulikus rendszerben a kan\u00e1lhenger a hidraulikaolaj nyom\u00e1sv\u00e1ltoz\u00e1sainak kihaszn\u00e1l\u00e1s\u00e1val \u00e9ri el a kan\u00e1l pontos vez\u00e9rl\u00e9s\u00e9t, lehet\u0151v\u00e9 t\u00e9ve a kezel\u0151k sz\u00e1m\u00e1ra, hogy hat\u00e9konyan kezelj\u00e9k a neh\u00e9z terheket, \u00e9s alkalmazkodjanak az \u00f6sszetett munkak\u00f6rnyezetekhez \u00e9s a v\u00e1ltozatos munkak\u00f6vetelm\u00e9nyekhez.<\/p>\n<p><img decoding=\"async\" src=\"https:\/\/www.hydraulic-cylinders.net\/wp-content\/uploads\/2025\/01\/songte-company-2.webp\"><\/p>\n<h2>Term\u00e9kjellemz\u0151k<\/h2>\n<ul>\n<li><strong>Nagy szil\u00e1rds\u00e1g \u00e9s tart\u00f3ss\u00e1g:<\/strong> A jellemz\u0151en nagy szil\u00e1rds\u00e1g\u00fa ac\u00e9lb\u00f3l vagy alum\u00edniumb\u00f3l k\u00e9sz\u00fclt kan\u00e1lhenger k\u00e9pes ellen\u00e1llni a nagy nyom\u00e1snak \u00e9s a neh\u00e9z terhel\u00e9seknek, alkalmazkodva a zord munkak\u00f6r\u00fclm\u00e9nyekhez. Tervez\u00e9se sor\u00e1n figyelembe vett\u00e9k a kop\u00e1s\u00e1ll\u00f3s\u00e1got \u00e9s a korr\u00f3zi\u00f3\u00e1ll\u00f3s\u00e1got, meghosszabb\u00edtva \u00e9lettartam\u00e1t.<\/li>\n<li><strong>Hat\u00e9kony hidraulikus m\u0171k\u00f6dtet\u00e9s:<\/strong> A hidraulikaolaj nyom\u00e1s\u00e1t kihaszn\u00e1lva a kan\u00e1lhenger sima kitol\u00e1si \u00e9s visszah\u00faz\u00e1si m\u0171veleteket val\u00f3s\u00edt meg, lehet\u0151v\u00e9 t\u00e9ve a gyors reag\u00e1l\u00e1st a vez\u00e9rl\u0151parancsokra, \u00e9s er\u0151teljes tol\u00f3- \u00e9s h\u00faz\u00f3er\u0151t biztos\u00edtva, ami alkalmas neh\u00e9z terhek \u00e9s \u00f6sszetett feladatok kezel\u00e9s\u00e9re.<\/li>\n<li><strong>Sokoldal\u00fa t\u00edpusok:<\/strong> A kan\u00e1lhenger v\u00e1laszthat\u00f3 egyszeres m\u0171k\u00f6d\u00e9s\u0171 (a hidraulikus nyom\u00e1s csak egy ir\u00e1nyban m\u0171k\u00f6dik) vagy kett\u0151s m\u0171k\u00f6d\u00e9s\u0171 (a hidraulikus nyom\u00e1s k\u00e9t ir\u00e1nyban m\u0171k\u00f6dik) hengerk\u00e9nt, hogy megfeleljen a k\u00fcl\u00f6nb\u00f6z\u0151 m\u0171k\u00f6d\u00e9si k\u00f6vetelm\u00e9nyeknek. Egyes modellek teleszk\u00f3posak, \u00edgy nagyobb kiny\u00fal\u00e1st tesznek lehet\u0151v\u00e9 a k\u00fcls\u0151 m\u00e9retek n\u00f6vel\u00e9se n\u00e9lk\u00fcl, \u00edgy ide\u00e1lisak korl\u00e1tozott helykihaszn\u00e1l\u00e1s\u00fa alkalmaz\u00e1sokhoz.<\/li>\n<li><strong>T\u00f6k\u00e9letes csere:<\/strong> Term\u00e9k\u00fcnk t\u00f6k\u00e9letesen helyettes\u00edtheti ezeket a hidraulikus hengereket, megb\u00edzhat\u00f3 teljes\u00edtm\u00e9nyt \u00e9s kompatibilit\u00e1st biztos\u00edtva.<\/li>\n<\/ul>\n<p><img decoding=\"async\" src=\"https:\/\/www.hydraulic-cylinders.net\/wp-content\/uploads\/2025\/01\/songte-cylinder-head-with-all-kinds-excavator-models.webp\"><\/p>\n<h2>Alkalmaz\u00e1sok<\/h2>\n<p>A v\u00f6d\u00f6rhenger k\u00fcl\u00f6nf\u00e9le berendez\u00e9sekben alkalmazhat\u00f3:<\/p>\n<ul>\n<li>\u00c9p\u00edt\u0151ipari berendez\u00e9sek: L\u00e9tfontoss\u00e1g\u00fa szerepet j\u00e1tszanak a kotr\u00f3g\u00e9pekben a talaj vagy t\u00f6rmel\u00e9k \u00e1s\u00e1s\u00e1ban, rakod\u00e1s\u00e1ban \u00e9s mozgat\u00e1s\u00e1ban. A kotr\u00f3g\u00e9p-rakod\u00f3kban a kan\u00e1lhenger mind a f\u00f6ldmunk\u00e1k, mind az emel\u00e9si m\u0171veletek sor\u00e1n seg\u00edti a munk\u00e1t.<\/li>\n<li>Mez\u0151gazdas\u00e1gi g\u00e9pek: Homlokrakod\u00f3kban haszn\u00e1lj\u00e1k talaj, sz\u00e9na \u00e9s egy\u00e9b anyagok \u00e1s\u00e1s\u00e1ra, emel\u00e9s\u00e9re \u00e9s sz\u00e1ll\u00edt\u00e1s\u00e1ra.<\/li>\n<li>Kotr\u00f3g\u00e9pek: A kan\u00e1lhenger lehet\u0151v\u00e9 teszi az \u00e1s\u00e1si m\u0171veletet az\u00e1ltal, hogy lehet\u0151v\u00e9 teszi a kan\u00e1l talajba val\u00f3 behatol\u00e1s\u00e1t.<\/li>\n<li>Homlokrakod\u00f3k: Homlokrakod\u00f3kn\u00e1l hozz\u00e1j\u00e1rul az \u00e1ruk hat\u00e9kony emel\u00e9s\u00e9hez \u00e9s lerak\u00e1s\u00e1hoz.<\/li>\n<\/ul>\n<h2>Tervez\u00e9si szempontok \u00e9s kiv\u00e1laszt\u00e1si krit\u00e9riumok<\/h2>\n<ul>\n<li><strong>Teherb\u00edr\u00e1s:<\/strong> A kan\u00e1lhenger \u00fagy van kialak\u00edtva, hogy ellen\u00e1lljon a v\u00e1rhat\u00f3 terhel\u00e9snek \u00e9s megb\u00edzhat\u00f3 teljes\u00edtm\u00e9nyt ny\u00fajtson.<\/li>\n<li><strong>T\u00f6m\u00edt\u00e9s:<\/strong> K\u00fcl\u00f6nb\u00f6z\u0151 t\u00edpus\u00fa t\u00f6m\u00edt\u00e9seket haszn\u00e1lnak, p\u00e9ld\u00e1ul dugatty\u00fat\u00f6m\u00edt\u00e9seket \u00e9s r\u00fadt\u00f6m\u00edt\u00e9seket, \u00e9s olyan anyagokat v\u00e1lasztanak, mint a kiv\u00e1l\u00f3 kop\u00e1s\u00e1ll\u00f3s\u00e1g\u00fa poliuret\u00e1n \u00e9s nitrilkaucsuk. A hengertest \u00e9s a menetes v\u00e9gek finom megmunk\u00e1l\u00e1son esnek \u00e1t a kop\u00e1s\u00e1ll\u00f3s\u00e1g fokoz\u00e1sa \u00e9rdek\u00e9ben. Rendszeres ken\u00e9s megfelel\u0151 hidraulikaolajjal sz\u00fcks\u00e9ges.<\/li>\n<\/ul>\n<p><img decoding=\"async\" src=\"https:\/\/www.hydraulic-cylinders.net\/wp-content\/uploads\/2025\/01\/songte-oil-pipes-and-spare-parts.webp\"><\/p>\n<h2>Karbantart\u00e1s \u00e9s ken\u00e9s<\/h2>\n<ul>\n<li><strong>Rendszeres ellen\u0151rz\u00e9s:<\/strong> A hengerfej megfelel\u0151 m\u0171k\u00f6d\u00e9s\u00e9nek biztos\u00edt\u00e1sa \u00e9rdek\u00e9ben rendszeres ellen\u0151rz\u00e9seket kell v\u00e9gezni.<\/li>\n<li><strong>Megfelel\u0151 ken\u00e9s:<\/strong> A megfelel\u0151 ken\u00e9s az aj\u00e1nlott hidraulikaolajjal elengedhetetlen a kop\u00e1s minimaliz\u00e1l\u00e1sa \u00e9s a zavartalan m\u0171k\u00f6d\u00e9s fenntart\u00e1sa \u00e9rdek\u00e9ben.<\/li>\n<li><strong>T\u00f6m\u00edt\u00e9scsere:<\/strong> Ha b\u00e1rmelyik t\u00f6m\u00edt\u00e9s s\u00e9r\u00fcl\u00e9s jeleit mutatja, azokat azonnal ki kell cser\u00e9lni az olajsziv\u00e1rg\u00e1s megel\u0151z\u00e9se \u00e9s az optim\u00e1lis teljes\u00edtm\u00e9ny fenntart\u00e1sa \u00e9rdek\u00e9ben.<\/li>\n<li><strong>Kalibr\u00e1ci\u00f3s ellen\u0151rz\u00e9s:<\/strong> A pontos m\u0171k\u00f6d\u00e9s biztos\u00edt\u00e1sa \u00e9rdek\u00e9ben rendszeres kalibr\u00e1ci\u00f3s ellen\u0151rz\u00e9seket kell v\u00e9gezni.<\/li>\n<\/ul>\n<p><img decoding=\"async\" src=\"https:\/\/www.hydraulic-cylinders.net\/wp-content\/uploads\/2025\/01\/songte-chushion-collar.webp\"><\/p>\n<h2>Biztons\u00e1gi szempontok \u00e9s k\u00f6rnyezeti t\u00e9nyez\u0151k<\/h2>\n<p>A kan\u00e1lhenger haszn\u00e1latakor fontos a biztons\u00e1gi int\u00e9zked\u00e9sek betart\u00e1sa a balesetmentes m\u0171k\u00f6d\u00e9s biztos\u00edt\u00e1sa \u00e9s a k\u00f6rnyezetv\u00e9delmi szempontok figyelembev\u00e9tele \u00e9rdek\u00e9ben.<\/p>\n<h2>Hibadiagn\u00f3zis \u00e9s hibaelh\u00e1r\u00edt\u00e1s<\/h2>\n<p>B\u00e1rmilyen hiba eset\u00e9n a k\u00f6vetkez\u0151 tippek \u00e9s megold\u00e1sok seg\u00edthetnek a probl\u00e9m\u00e1k diagnosztiz\u00e1l\u00e1s\u00e1ban \u00e9s megold\u00e1s\u00e1ban:<\/p>\n<p><img decoding=\"async\" src=\"https:\/\/www.hydraulic-cylinders.net\/wp-content\/uploads\/2025\/01\/songte-bushings-with-all-kinds-of-excavator-models.webp\"><\/p>\n<h2>K\u00f6vetkeztet\u00e9s<\/h2>\n<p>C\u00e9g\u00fcnk a hidraulikus hengerek vezet\u0151 gy\u00e1rt\u00f3ja \u00e9s nagykereskedelmi forgalmaz\u00f3ja a hazai \u00e9s a nemzetk\u00f6zi piacokon. Sz\u00e9les term\u00e9kv\u00e1laszt\u00e9kot k\u00edn\u00e1lunk, \u00e9s a kiv\u00e1l\u00f3 min\u0151s\u00e9get helyezz\u00fck el\u0151t\u00e9rbe. Korszer\u0171 gy\u00e1rt\u00f3l\u00e9tes\u00edtm\u00e9nyeinkkel, k\u00e9pzett m\u0171szaki szem\u00e9lyzet\u00fcnkkel \u00e9s az \u00fcgyfelek el\u00e9gedetts\u00e9ge ir\u00e1nti elk\u00f6telezetts\u00e9g\u00fcnkkel arra t\u00f6reksz\u00fcnk, hogy \u00fcgyfeleink sokr\u00e9t\u0171 ig\u00e9nyeit kiel\u00e9g\u00edts\u00fck.<\/p>\n<p><img decoding=\"async\" src=\"https:\/\/www.hydraulic-cylinders.net\/wp-content\/uploads\/2025\/01\/songte-company-3.webp\"><\/p>\n<p>Szerz\u0151: lyl<\/p>","protected":false},"excerpt":{"rendered":"<p>Bucket Cylinder For Carter CT18-7BS Introduction The bucket cylinder for Carter CT18-7BS is a specially designed hydraulic cylinder used to control the movement of buckets in heavy machinery such as excavators, backhoe loaders, and front loaders. Its main function is to enable the lifting, lowering, and tilting of buckets, facilitating various material handling tasks. In [&hellip;]<\/p>","protected":false},"featured_media":14789,"comment_status":"open","ping_status":"closed","template":"","meta":{"_et_pb_use_builder":"","_et_pb_old_content":"","_et_gb_content_width":""},"product_brand":[],"product_cat":[1494],"product_tag":[1495,1496],"class_list":{"0":"post-15792","1":"product","2":"type-product","3":"status-publish","4":"has-post-thumbnail","6":"product_cat-bucket-cylinders","7":"product_tag-bucket-cylinders","8":"product_tag-hydraulic-cylinders","10":"first","11":"instock","12":"shipping-taxable","13":"product-type-simple"},"amp_enabled":true,"_links":{"self":[{"href":"https:\/\/www.hydraulic-cylinders.net\/hu\/wp-json\/wp\/v2\/product\/15792","targetHints":{"allow":["GET"]}}],"collection":[{"href":"https:\/\/www.hydraulic-cylinders.net\/hu\/wp-json\/wp\/v2\/product"}],"about":[{"href":"https:\/\/www.hydraulic-cylinders.net\/hu\/wp-json\/wp\/v2\/types\/product"}],"replies":[{"embeddable":true,"href":"https:\/\/www.hydraulic-cylinders.net\/hu\/wp-json\/wp\/v2\/comments?post=15792"}],"wp:featuredmedia":[{"embeddable":true,"href":"https:\/\/www.hydraulic-cylinders.net\/hu\/wp-json\/wp\/v2\/media\/14789"}],"wp:attachment":[{"href":"https:\/\/www.hydraulic-cylinders.net\/hu\/wp-json\/wp\/v2\/media?parent=15792"}],"wp:term":[{"taxonomy":"product_brand","embeddable":true,"href":"https:\/\/www.hydraulic-cylinders.net\/hu\/wp-json\/wp\/v2\/product_brand?post=15792"},{"taxonomy":"product_cat","embeddable":true,"href":"https:\/\/www.hydraulic-cylinders.net\/hu\/wp-json\/wp\/v2\/product_cat?post=15792"},{"taxonomy":"product_tag","embeddable":true,"href":"https:\/\/www.hydraulic-cylinders.net\/hu\/wp-json\/wp\/v2\/product_tag?post=15792"}],"curies":[{"name":"munkaf\u00fczet","href":"https:\/\/api.w.org\/{rel}","templated":true}]}}