{"id":15802,"date":"2025-01-19T15:00:23","date_gmt":"2025-01-19T15:00:23","guid":{"rendered":"https:\/\/www.hydraulic-cylinders.net\/product\/bucket-cylinder-for-kym-ky55\/"},"modified":"2025-01-19T15:00:27","modified_gmt":"2025-01-19T15:00:27","slug":"bucket-cylinder-for-kym-ky55","status":"publish","type":"product","link":"https:\/\/www.hydraulic-cylinders.net\/hu\/termek\/bucket-cylinder-for-kym-ky55\/","title":{"rendered":"V\u00f6d\u00f6rhenger KYM KY55-h\u00f6z"},"content":{"rendered":"<h1>V\u00f6d\u00f6rhenger KYM KY55-h\u00f6z<\/h1>\n<h2>Bevezet\u00e9s<\/h2>\n<p>A KYM KY55 kan\u00e1lhengere egy speci\u00e1lisan tervezett hidraulikus henger, amelyet els\u0151sorban neh\u00e9zg\u00e9pek, p\u00e9ld\u00e1ul kotr\u00f3g\u00e9pek, kotr\u00f3rakod\u00f3k \u00e9s homlokrakod\u00f3k kanalainak mozg\u00e1s\u00e1nak vez\u00e9rl\u00e9s\u00e9re haszn\u00e1lnak. F\u0151 funkci\u00f3ja a kan\u00e1l emel\u00e9se, s\u00fcllyeszt\u00e9se \u00e9s billent\u00e9se, \u00edgy k\u00e9nyelmesen haszn\u00e1lhat\u00f3 k\u00fcl\u00f6nf\u00e9le anyagmozgat\u00e1si feladatokhoz. Egy hidraulikus rendszerben a kan\u00e1lhenger a hidraulikaolaj nyom\u00e1sv\u00e1ltoz\u00e1sainak felhaszn\u00e1l\u00e1s\u00e1val \u00e9ri el a kan\u00e1l pontos vez\u00e9rl\u00e9s\u00e9t, lehet\u0151v\u00e9 t\u00e9ve a kezel\u0151k sz\u00e1m\u00e1ra, hogy hat\u00e9konyan kezelj\u00e9k a neh\u00e9z terheket, \u00e9s alkalmazkodjanak az \u00f6sszetett munkak\u00f6rnyezetekhez \u00e9s a v\u00e1ltozatos munkak\u00f6vetelm\u00e9nyekhez.<\/p>\n<p><img decoding=\"async\" src=\"https:\/\/www.hydraulic-cylinders.net\/wp-content\/uploads\/2025\/01\/songte-company-2.webp\" alt=\"V\u00f6d\u00f6r henger k\u00e9pe\"><\/p>\n<h2>Jellemz\u0151k<\/h2>\n<ul>\n<li>Nagy szil\u00e1rds\u00e1g \u00e9s tart\u00f3ss\u00e1g: \u00c1ltal\u00e1ban nagy szil\u00e1rds\u00e1g\u00fa ac\u00e9lb\u00f3l vagy alum\u00edniumb\u00f3l k\u00e9sz\u00fcl, k\u00e9pes ellen\u00e1llni a nagy nyom\u00e1snak \u00e9s a nagy terhel\u00e9seknek, alkalmazkodik a zord munkak\u00f6rnyezethez, \u00e9s a kop\u00e1s\u00e1ll\u00f3s\u00e1g \u00e9s a korr\u00f3zi\u00f3\u00e1ll\u00f3s\u00e1g figyelembev\u00e9tel\u00e9vel tervezt\u00e9k az \u00e9lettartam meghosszabb\u00edt\u00e1sa \u00e9rdek\u00e9ben.<\/li>\n<li>Hat\u00e9kony hidraulikus m\u0171k\u00f6d\u00e9s: A hidraulikaolaj nyom\u00e1s\u00e1t haszn\u00e1lja a sima kitol\u00e1si \u00e9s visszah\u00faz\u00e1si mozg\u00e1sok el\u00e9r\u00e9s\u00e9hez, k\u00e9pes gyorsan reag\u00e1lni a vez\u00e9rl\u0151parancsokra, \u00edgy nagy teljes\u00edtm\u00e9ny\u0171 tol\u00f3- \u00e9s h\u00faz\u00f3er\u0151t biztos\u00edt, amely alkalmas neh\u00e9z terhek \u00e9s \u00f6sszetett feladatok kezel\u00e9s\u00e9re.<\/li>\n<li>K\u00fcl\u00f6nb\u00f6z\u0151 t\u00edpusok: V\u00e1lasszon az egyszeres m\u0171k\u00f6d\u00e9s\u0171 (csak egy ir\u00e1nyban m\u0171k\u00f6d\u0151 hidraulikus nyom\u00e1s) vagy a kett\u0151s m\u0171k\u00f6d\u00e9s\u0171 (mindk\u00e9t ir\u00e1nyban m\u0171k\u00f6d\u0151 hidraulikus nyom\u00e1s) hengerek k\u00f6z\u00fcl az adott m\u0171k\u00f6d\u00e9si k\u00f6vetelm\u00e9nyek alapj\u00e1n. Egyes modellek teleszk\u00f3posak, \u00edgy nagyobb kiny\u00fal\u00e1st tesznek lehet\u0151v\u00e9 a k\u00fcls\u0151 m\u00e9retek n\u00f6vel\u00e9se n\u00e9lk\u00fcl, \u00edgy alkalmasak korl\u00e1tozott helyig\u00e9ny\u0171 alkalmaz\u00e1sokhoz.<\/li>\n<li>T\u00f6k\u00e9letes csere: Term\u00e9k\u00fcnk t\u00f6k\u00e9letesen helyettes\u00edtheti ezeket a hidraulikus hengereket.<\/li>\n<\/ul>\n<p><img decoding=\"async\" src=\"https:\/\/www.hydraulic-cylinders.net\/wp-content\/uploads\/2025\/01\/songte-cylinder-head-with-all-kinds-excavator-models.webp\" alt=\"Term\u00e9kk\u00e9p\"><\/p>\n<h2>Alkalmaz\u00e1sok<\/h2>\n<p>A KYM KY55 kan\u00e1lhengere sz\u00e1mos ipar\u00e1gban alkalmazhat\u00f3:<\/p>\n<ul>\n<li>\u00c9p\u00edt\u0151ipari berendez\u00e9sek: Kotr\u00f3g\u00e9pekben tal\u00e1lhat\u00f3k, elengedhetetlenek a f\u00f6ldmunk\u00e1khoz, a rakod\u00e1shoz \u00e9s a talaj vagy t\u00f6rmel\u00e9k mozgat\u00e1s\u00e1hoz. A kotr\u00f3g\u00e9p-rakod\u00f3kban a kan\u00e1lhenger seg\u00edti mind az \u00e1s\u00e1st, mind az emel\u00e9st.<\/li>\n<li>Mez\u0151gazdas\u00e1gi g\u00e9pek: Homlokrakod\u00f3kban haszn\u00e1lj\u00e1k talaj, sz\u00e9na \u00e9s egy\u00e9b anyagok \u00e1s\u00e1s\u00e1ra, emel\u00e9s\u00e9re \u00e9s sz\u00e1ll\u00edt\u00e1s\u00e1ra.<\/li>\n<li>Kotr\u00f3g\u00e9pek: A kan\u00e1lhenger lehet\u0151v\u00e9 teszi az \u00e1s\u00e1si m\u0171veleteket az\u00e1ltal, hogy lehet\u0151v\u00e9 teszi a kan\u00e1l talajba val\u00f3 behatol\u00e1s\u00e1t.<\/li>\n<li>Homlokrakod\u00f3k: A homlokrakod\u00f3k hat\u00e9konyan seg\u00edtik az \u00e1ruk emel\u00e9s\u00e9t \u00e9s billent\u00e9s\u00e9t.<\/li>\n<\/ul>\n<p>Tekintse meg r\u00e9szletesen az alkalmaz\u00e1sokat:<\/p>\n<ul>\n<li>\u00c9p\u00edt\u0151ipari berendez\u00e9sek: A kotr\u00f3g\u00e9pekben a kan\u00e1lhengerek kulcsszerepet j\u00e1tszanak a f\u00f6ldmunk\u00e1k sor\u00e1n, a rakod\u00e1sban \u00e9s a talaj vagy t\u00f6rmel\u00e9k mozgat\u00e1s\u00e1ban. A kotr\u00f3g\u00e9pekben mind az \u00e1s\u00e1si, mind az emel\u00e9si m\u0171veletekben seg\u00edtenek.<\/li>\n<li>Mez\u0151gazdas\u00e1gi g\u00e9pek: A kan\u00e1lhengereket gyakran haszn\u00e1lj\u00e1k homlokrakod\u00f3kban talaj, sz\u00e9na \u00e9s egy\u00e9b anyagok mer\u00e9s\u00e9re, emel\u00e9s\u00e9re \u00e9s sz\u00e1ll\u00edt\u00e1s\u00e1ra. Ezek elengedhetetlenek a hat\u00e9kony anyagmozgat\u00e1shoz a gazdas\u00e1gokban.<\/li>\n<li>Kotr\u00f3g\u00e9pek: A kan\u00e1lhenger felel\u0151s a kotr\u00f3g\u00e9pek \u00e1s\u00e1si m\u0171velet\u00e9\u00e9rt. Lehet\u0151v\u00e9 teszi, hogy a kan\u00e1l behatoljon a talajba, megk\u00f6nny\u00edtve a k\u00fcl\u00f6nf\u00e9le \u00e9p\u00edt\u00e9si \u00e9s f\u00f6ldmunk\u00e1kat.<\/li>\n<li>Homlokrakod\u00f3k: A homlokrakod\u00f3kban a kan\u00e1lhengerek lehet\u0151v\u00e9 teszik az \u00e1ruk emel\u00e9s\u00e9t \u00e9s billent\u00e9s\u00e9t, biztos\u00edtva a hat\u00e9kony be- \u00e9s kirakod\u00e1si m\u0171veleteket.<\/li>\n<\/ul>\n<h2>Tervez\u00e9si szempontok \u00e9s kiv\u00e1laszt\u00e1si krit\u00e9riumok<\/h2>\n<p>A KYM KY55 kan\u00e1lhenger\u00e9nek tervez\u00e9sekor sz\u00e1mos t\u00e9nyez\u0151t vesznek figyelembe:<\/p>\n<ul>\n<li>Teherb\u00edr\u00e1s: A hengert \u00fagy tervezt\u00e9k, hogy ellen\u00e1lljon a nagy terhel\u00e9seknek \u00e9s nyom\u00e1snak, biztos\u00edtva a biztons\u00e1gos \u00e9s hat\u00e9kony m\u0171k\u00f6d\u00e9st.<\/li>\n<li>T\u00f6m\u00edt\u0151k\u00e9pess\u00e9g: K\u00fcl\u00f6nb\u00f6z\u0151 t\u00f6m\u00edt\u0151elemek, p\u00e9ld\u00e1ul dugatty\u00fat\u00f6m\u00edt\u00e9sek \u00e9s r\u00fadt\u00f6m\u00edt\u00e9sek haszn\u00e1lata kop\u00e1s\u00e1ll\u00f3 anyagokb\u00f3l, p\u00e9ld\u00e1ul poliuret\u00e1nb\u00f3l \u00e9s nitrilgumib\u00f3l, hat\u00e9kony t\u00f6m\u00edt\u00e9st biztos\u00edt \u00e9s minimaliz\u00e1lja a sziv\u00e1rg\u00e1st.<\/li>\n<li>Tart\u00f3ss\u00e1g: A hengertest \u00e9s a menetes v\u00e9gek finom megmunk\u00e1l\u00e1son esnek \u00e1t a kop\u00e1s\u00e1ll\u00f3s\u00e1g fokoz\u00e1sa \u00e9s az \u00e9lettartam meghosszabb\u00edt\u00e1sa \u00e9rdek\u00e9ben.<\/li>\n<li>Biztons\u00e1g: A kialak\u00edt\u00e1s biztons\u00e1gi funkci\u00f3kat tartalmaz a balesetek megel\u0151z\u00e9se \u00e9s a kezel\u0151 v\u00e9delme \u00e9rdek\u00e9ben.<\/li>\n<li>Karbantarthat\u00f3s\u00e1g: A hengert \u00fagy tervezt\u00e9k, hogy k\u00f6nnyen karbantarthat\u00f3 \u00e9s jav\u00edthat\u00f3 legyen, minimaliz\u00e1lva az \u00e1ll\u00e1sid\u0151t \u00e9s optimaliz\u00e1lva a termel\u00e9kenys\u00e9get.<\/li>\n<\/ul>\n<p><img decoding=\"async\" src=\"https:\/\/www.hydraulic-cylinders.net\/wp-content\/uploads\/2025\/01\/songte-oil-pipes-and-spare-parts.webp\" alt=\"Tervez\u00e9si k\u00e9p\"><\/p>\n<h2>T\u00f6m\u00edt\u00e9s \u00e9s ken\u00e9s<\/h2>\n<p>A KYM KY55 kan\u00e1lhengere k\u00fcl\u00f6nf\u00e9le t\u00f6m\u00edt\u0151elemeket haszn\u00e1l az optim\u00e1lis teljes\u00edtm\u00e9ny biztos\u00edt\u00e1sa \u00e9rdek\u00e9ben:<\/p>\n<ul>\n<li>Dugatty\u00fat\u00f6m\u00edt\u00e9sek \u00e9s r\u00fadt\u00f6m\u00edt\u00e9sek haszn\u00e1lata: Ezek a t\u00f6m\u00edt\u00e9sek olyan anyagokb\u00f3l k\u00e9sz\u00fclnek, mint a poliuret\u00e1n \u00e9s a nitrilgumi, kiv\u00e1l\u00f3 kop\u00e1s\u00e1ll\u00f3s\u00e1got biztos\u00edtanak, \u00e9s hat\u00e9konyan megakad\u00e1lyozz\u00e1k az olajsziv\u00e1rg\u00e1st.<\/li>\n<li>Hengertest \u00e9s menetes v\u00e9g kezel\u00e9se: A hengertest \u00e9s a menetes v\u00e9gek prec\u00edz kezel\u00e9sen esnek \u00e1t a kop\u00e1s\u00e1ll\u00f3s\u00e1g fokoz\u00e1sa, a t\u00f6m\u00f6r t\u00f6m\u00edt\u00e9s biztos\u00edt\u00e1sa \u00e9s a sziv\u00e1rg\u00e1s kock\u00e1zat\u00e1nak minimaliz\u00e1l\u00e1sa \u00e9rdek\u00e9ben.<\/li>\n<li>Rendszeres ken\u00e9s: A henger rendszeres ken\u00e9se megfelel\u0151 hidraulikaolajjal elengedhetetlen a z\u00f6kken\u0151mentes m\u0171k\u00f6d\u00e9s biztos\u00edt\u00e1sa \u00e9s a t\u00falzott kop\u00e1s megel\u0151z\u00e9se \u00e9rdek\u00e9ben.<\/li>\n<\/ul>\n<h2>Rendszeres ellen\u0151rz\u00e9s \u00e9s megel\u0151z\u0151 karbantart\u00e1si int\u00e9zked\u00e9sek<\/h2>\n<p>A KYM KY55 kan\u00e1lhenger\u00e9nek hossz\u00fa \u00e9lettartam\u00e1nak biztos\u00edt\u00e1sa \u00e9rdek\u00e9ben rendszeres ellen\u0151rz\u00e9seket \u00e9s megel\u0151z\u0151 karbantart\u00e1si int\u00e9zked\u00e9seket kell v\u00e9gezni:<\/p>\n<ul>\n<li>Rendszeres ellen\u0151rz\u00e9s: Rendszeresen ellen\u0151rizze a palackot s\u00e9r\u00fcl\u00e9s, sziv\u00e1rg\u00e1s vagy rendellenes m\u0171k\u00f6d\u00e9s jelei szempontj\u00e1b\u00f3l. A tov\u00e1bbi k\u00e1rok megel\u0151z\u00e9se \u00e9rdek\u00e9ben azonnal foglalkozzon a probl\u00e9m\u00e1kkal.<\/li>\n<li>Megfelel\u0151 ken\u00e9s: A henger megfelel\u0151 ken\u00e9s\u00e9hez k\u00f6vesse a gy\u00e1rt\u00f3 utas\u00edt\u00e1sait. A megfelel\u0151 ken\u00e9s cs\u00f6kkenti a s\u00farl\u00f3d\u00e1st, jav\u00edtja a teljes\u00edtm\u00e9nyt \u00e9s meghosszabb\u00edtja a henger \u00e9lettartam\u00e1t.<\/li>\n<li>T\u00f6m\u00edt\u00e9scsere: Ha b\u00e1rmelyik t\u00f6m\u00edt\u00e9s kop\u00e1s vagy s\u00e9r\u00fcl\u00e9s jeleit mutatja, azokat azonnal ki kell cser\u00e9lni a megfelel\u0151 t\u00f6m\u00edt\u00e9s fenntart\u00e1sa \u00e9s az olajsziv\u00e1rg\u00e1s megel\u0151z\u00e9se \u00e9rdek\u00e9ben.<\/li>\n<li>Kalibr\u00e1ci\u00f3 ellen\u0151rz\u00e9se: Rendszeresen ellen\u0151rizze a henger kalibr\u00e1l\u00e1s\u00e1t, hogy megbizonyosodjon arr\u00f3l, hogy a megadott param\u00e9tereken bel\u00fcl m\u0171k\u00f6dik, \u00e9s optim\u00e1lis teljes\u00edtm\u00e9nyt ny\u00fajt.<\/li>\n<\/ul>\n<p><img decoding=\"async\" src=\"https:\/\/www.hydraulic-cylinders.net\/wp-content\/uploads\/2025\/01\/songte-chushion-collar.webp\" alt=\"Karbantart\u00e1si k\u00e9p\"><\/p>\n<h2>Biztons\u00e1gi szempontok \u00e9s k\u00f6rnyezeti t\u00e9nyez\u0151k<\/h2>\n<p>A KYM KY55 kan\u00e1lhenger\u00e9vel v\u00e9gzett munka sor\u00e1n a kock\u00e1zatok minimaliz\u00e1l\u00e1sa \u00e9rdek\u00e9ben be kell tartani a biztons\u00e1gi \u00f3vint\u00e9zked\u00e9seket:<\/p>\n<ul>\n<li>Megfelel\u0151 k\u00e9pz\u00e9s: A kezel\u0151knek megfelel\u0151 k\u00e9pz\u00e9sben kell r\u00e9szes\u00fclni\u00fck a berendez\u00e9s biztons\u00e1gos \u00fczemeltet\u00e9s\u00e9r\u0151l \u00e9s a kan\u00e1lhenger haszn\u00e1lat\u00e1r\u00f3l. Tiszt\u00e1ban kell lenni\u00fck a lehets\u00e9ges vesz\u00e9lyekkel \u00e9s azok enyh\u00edt\u00e9s\u00e9nek m\u00f3dj\u00e1val.<\/li>\n<li>V\u00e9d\u0151felszerel\u00e9s: A kezel\u0151knek megfelel\u0151 szem\u00e9lyi v\u00e9d\u0151felszerel\u00e9st, p\u00e9ld\u00e1ul sisakot, keszty\u0171t \u00e9s biztons\u00e1gi bakancsot kell viselni\u00fck a biztons\u00e1guk \u00e9rdek\u00e9ben a palackkal v\u00e9gzett munka sor\u00e1n.<\/li>\n<\/ul>\n<h2>Hibadiagn\u00f3zis \u00e9s gyakori probl\u00e9m\u00e1k<\/h2>\n<p>A KYM KY55 kan\u00e1lhenger\u00e9nek haszn\u00e1lata sor\u00e1n bizonyos hib\u00e1k mer\u00fclhetnek fel. \u00cdme n\u00e9h\u00e1ny gyakori probl\u00e9ma:<\/p>\n<ul>\n<li>Olajsziv\u00e1rg\u00e1s: Ha olajsziv\u00e1rg\u00e1st \u00e9szlel, ellen\u0151rizze a t\u00f6m\u00edt\u0151 alkatr\u00e9szeket, \u00e9s cser\u00e9lje ki a s\u00e9r\u00fclt vagy kopott t\u00f6m\u00edt\u00e9seket.<\/li>\n<li>Lass\u00fa vagy egyenetlen m\u0171k\u00f6d\u00e9s: Ha a henger lassan vagy egyenetlen\u00fcl m\u0171k\u00f6dik, ellen\u0151rizze a hidraulikus rendszert elt\u00f6m\u0151d\u00e9sek vagy el\u00e9gtelen hidraulikus nyom\u00e1s szempontj\u00e1b\u00f3l.<\/li>\n<\/ul>\n<p>\u00cdme n\u00e9h\u00e1ny tipp \u00e9s megold\u00e1s a probl\u00e9m\u00e1k elh\u00e1r\u00edt\u00e1s\u00e1ra \u00e9s megold\u00e1s\u00e1ra:<\/p>\n<ul>\n<li>Olajsziv\u00e1rg\u00e1s: Vizsg\u00e1lja meg a t\u00f6m\u00edt\u0151 alkatr\u00e9szeket, bele\u00e9rtve a dugatty\u00fat\u00f6m\u00edt\u00e9seket \u00e9s a r\u00fadt\u00f6m\u00edt\u00e9seket, \u00e9s cser\u00e9lje ki a s\u00e9r\u00fclt vagy kopott t\u00f6m\u00edt\u00e9seket. Gondoskodjon a megfelel\u0151 ken\u00e9sr\u0151l a s\u00farl\u00f3d\u00e1s minimaliz\u00e1l\u00e1sa \u00e9s az olajsziv\u00e1rg\u00e1s megel\u0151z\u00e9se \u00e9rdek\u00e9ben.<\/li>\n<li>Lass\u00fa vagy egyenetlen m\u0171k\u00f6d\u00e9s: Ellen\u0151rizze a hidraulikus rendszert elt\u00f6m\u0151d\u00e9sek vagy el\u00e9gtelen hidraulikus nyom\u00e1s szempontj\u00e1b\u00f3l. Sz\u00fcntesse meg az elt\u00f6m\u0151d\u00e9seket, \u00e9s gy\u0151z\u0151dj\u00f6n meg arr\u00f3l, hogy a hidraulikus rendszer megfelel\u0151 nyom\u00e1s alatt van.<\/li>\n<li>Megel\u0151z\u0151 int\u00e9zked\u00e9sek: Rendszeresen ellen\u0151rizze a hengert s\u00e9r\u00fcl\u00e9s vagy kop\u00e1s jelei szempontj\u00e1b\u00f3l. A megfelel\u0151 ken\u00e9s \u00e9s karbantart\u00e1s seg\u00edthet megel\u0151zni a lehets\u00e9ges probl\u00e9m\u00e1kat.<\/li>\n<\/ul>\n<p><img","protected":false},"excerpt":{"rendered":"<p>Bucket Cylinder For KYM KY55 Introduction The Bucket Cylinder for KYM KY55 is a specially designed hydraulic cylinder, primarily used to control the movement of buckets in heavy machinery such as excavators, backhoe loaders, and front-end loaders. Its main function is to enable the lifting, lowering, and tilting of the bucket, making it convenient for [&hellip;]<\/p>","protected":false},"featured_media":14771,"comment_status":"open","ping_status":"closed","template":"","meta":{"_et_pb_use_builder":"","_et_pb_old_content":"","_et_gb_content_width":""},"product_brand":[],"product_cat":[1494],"product_tag":[1495,1496],"class_list":{"0":"post-15802","1":"product","2":"type-product","3":"status-publish","4":"has-post-thumbnail","6":"product_cat-bucket-cylinders","7":"product_tag-bucket-cylinders","8":"product_tag-hydraulic-cylinders","10":"first","11":"instock","12":"shipping-taxable","13":"product-type-simple"},"amp_enabled":true,"_links":{"self":[{"href":"https:\/\/www.hydraulic-cylinders.net\/hu\/wp-json\/wp\/v2\/product\/15802","targetHints":{"allow":["GET"]}}],"collection":[{"href":"https:\/\/www.hydraulic-cylinders.net\/hu\/wp-json\/wp\/v2\/product"}],"about":[{"href":"https:\/\/www.hydraulic-cylinders.net\/hu\/wp-json\/wp\/v2\/types\/product"}],"replies":[{"embeddable":true,"href":"https:\/\/www.hydraulic-cylinders.net\/hu\/wp-json\/wp\/v2\/comments?post=15802"}],"wp:featuredmedia":[{"embeddable":true,"href":"https:\/\/www.hydraulic-cylinders.net\/hu\/wp-json\/wp\/v2\/media\/14771"}],"wp:attachment":[{"href":"https:\/\/www.hydraulic-cylinders.net\/hu\/wp-json\/wp\/v2\/media?parent=15802"}],"wp:term":[{"taxonomy":"product_brand","embeddable":true,"href":"https:\/\/www.hydraulic-cylinders.net\/hu\/wp-json\/wp\/v2\/product_brand?post=15802"},{"taxonomy":"product_cat","embeddable":true,"href":"https:\/\/www.hydraulic-cylinders.net\/hu\/wp-json\/wp\/v2\/product_cat?post=15802"},{"taxonomy":"product_tag","embeddable":true,"href":"https:\/\/www.hydraulic-cylinders.net\/hu\/wp-json\/wp\/v2\/product_tag?post=15802"}],"curies":[{"name":"munkaf\u00fczet","href":"https:\/\/api.w.org\/{rel}","templated":true}]}}