{"id":15809,"date":"2025-01-19T15:01:01","date_gmt":"2025-01-19T15:01:01","guid":{"rendered":"https:\/\/www.hydraulic-cylinders.net\/product\/bucket-cylinder-for-kym-ky70\/"},"modified":"2025-01-19T15:01:03","modified_gmt":"2025-01-19T15:01:03","slug":"bucket-cylinder-for-kym-ky70","status":"publish","type":"product","link":"https:\/\/www.hydraulic-cylinders.net\/hu\/termek\/bucket-cylinder-for-kym-ky70\/","title":{"rendered":"V\u00f6d\u00f6rhenger KYM KY70-hez"},"content":{"rendered":"<h1>V\u00f6d\u00f6rhenger KYM KY70-hez<\/h1>\n<h2>Bevezet\u00e9s<\/h2>\n<p>A KYM KY70 kan\u00e1lhengere egy speci\u00e1lisan tervezett hidraulikus henger, amelyet neh\u00e9zg\u00e9pek, p\u00e9ld\u00e1ul kotr\u00f3g\u00e9pek, kotr\u00f3rakod\u00f3k \u00e9s homlokrakod\u00f3k kan\u00e1lmozg\u00e1s\u00e1nak vez\u00e9rl\u00e9s\u00e9re haszn\u00e1lnak. F\u0151 funkci\u00f3ja a kan\u00e1l emel\u00e9se, s\u00fcllyeszt\u00e9se \u00e9s billent\u00e9se, \u00edgy k\u00e9nyelmesen haszn\u00e1lhat\u00f3 k\u00fcl\u00f6nf\u00e9le anyagmozgat\u00e1si feladatokhoz. Egy hidraulikus rendszerben a kan\u00e1lhenger a hidraulikaolaj nyom\u00e1sv\u00e1ltoz\u00e1sainak felhaszn\u00e1l\u00e1s\u00e1val \u00e9ri el a kan\u00e1l pontos vez\u00e9rl\u00e9s\u00e9t, lehet\u0151v\u00e9 t\u00e9ve a kezel\u0151k sz\u00e1m\u00e1ra, hogy hat\u00e9konyan kezelj\u00e9k a neh\u00e9z terheket, \u00e9s alkalmazkodjanak az \u00f6sszetett munkak\u00f6rnyezetekhez \u00e9s a v\u00e1ltozatos munkak\u00f6vetelm\u00e9nyekhez.<\/p>\n<p><img decoding=\"async\" src=\"https:\/\/www.hydraulic-cylinders.net\/wp-content\/uploads\/2025\/01\/songte-company-2.webp\" alt=\"V\u00f6d\u00f6rhenger KYM KY70-hez\"><\/p>\n<h2>Jellemz\u0151k<\/h2>\n<ol>\n<li>Nagy szil\u00e1rds\u00e1g \u00e9s tart\u00f3ss\u00e1g: A jellemz\u0151en nagy szil\u00e1rds\u00e1g\u00fa ac\u00e9lb\u00f3l vagy alum\u00edniumb\u00f3l k\u00e9sz\u00fclt kan\u00e1lhenger nagy nyom\u00e1st \u00e9s nagy terhel\u00e9st k\u00e9pes ellen\u00e1llni, alkalmazkodva a zord munkak\u00f6rnyezethez. Tervez\u00e9se sor\u00e1n figyelembe vett\u00e9k a kop\u00e1s\u00e1ll\u00f3s\u00e1got \u00e9s a korr\u00f3zi\u00f3\u00e1ll\u00f3s\u00e1got, meghosszabb\u00edtva \u00e9lettartam\u00e1t.<\/li>\n<li>Hat\u00e9kony hidraulikus m\u0171k\u00f6d\u00e9s: A hidraulikaolaj nyom\u00e1s\u00e1nak kihaszn\u00e1l\u00e1s\u00e1val a kan\u00e1lhenger sima teleszk\u00f3pos mozg\u00e1st \u00e9r el, lehet\u0151v\u00e9 t\u00e9ve a gyors reag\u00e1l\u00e1st a vez\u00e9rl\u0151parancsokra, \u00e9s er\u0151teljes tol\u00f3- \u00e9s h\u00faz\u00f3er\u0151t biztos\u00edtva, ami alkalmas neh\u00e9z terhek \u00e9s \u00f6sszetett feladatok kezel\u00e9s\u00e9re.<\/li>\n<li>Sokoldal\u00fa t\u00edpusok: A kan\u00e1lhenger az ig\u00e9nyeknek megfelel\u0151en egyszeres m\u0171k\u00f6d\u00e9s\u0171 (csak egy ir\u00e1nyban hidraulikusan m\u0171k\u00f6dik) vagy kett\u0151s m\u0171k\u00f6d\u00e9s\u0171 (mindk\u00e9t ir\u00e1nyban hidraulikusan m\u0171k\u00f6dik) hengerk\u00e9nt v\u00e1laszthat\u00f3, \u00edgy megfelel a k\u00fcl\u00f6nb\u00f6z\u0151 m\u0171k\u00f6d\u00e9si k\u00f6vetelm\u00e9nyeknek. Egyes modellek teleszk\u00f3posak, \u00edgy nagyobb kiny\u00fal\u00e1st tesznek lehet\u0151v\u00e9 a k\u00fcls\u0151 m\u00e9retek n\u00f6vel\u00e9se n\u00e9lk\u00fcl, \u00edgy alkalmasak korl\u00e1tozott helyig\u00e9ny\u0171 alkalmaz\u00e1sokhoz.<\/li>\n<li>T\u00f6k\u00e9letes csere: Term\u00e9keink t\u00f6k\u00e9letesen helyettes\u00edthetik ezeket a hidraulikus hengereket. <\/li>\n<\/ol>\n<p><img decoding=\"async\" src=\"https:\/\/www.hydraulic-cylinders.net\/wp-content\/uploads\/2025\/01\/songte-cylinder-head-with-all-kinds-excavator-models.webp\" alt=\"V\u00f6d\u00f6rhenger KYM KY70-hez\"><\/p>\n<h2>Alkalmaz\u00e1sok<\/h2>\n<p>A v\u00f6d\u00f6rhenger k\u00fcl\u00f6nf\u00e9le berendez\u00e9sekben alkalmazhat\u00f3:<\/p>\n<ul>\n<li>\u00c9p\u00edt\u0151ipari g\u00e9pek: Kotr\u00f3g\u00e9pekben tal\u00e1lhat\u00f3k, kulcsfontoss\u00e1g\u00faak az \u00e1s\u00e1shoz, a talaj vagy t\u00f6rmel\u00e9k rakod\u00e1s\u00e1hoz \u00e9s mozgat\u00e1s\u00e1hoz. A kotr\u00f3g\u00e9p-rakod\u00f3kban a kan\u00e1lhenger mind a f\u00f6ldmunk\u00e1ban, mind az emel\u00e9sben seg\u00edt.<\/li>\n<li>Mez\u0151gazdas\u00e1gi g\u00e9pek: Homlokrakod\u00f3kban haszn\u00e1lj\u00e1k talaj, sz\u00e9na \u00e9s egy\u00e9b anyagok \u00e1s\u00e1s\u00e1ra, emel\u00e9s\u00e9re \u00e9s sz\u00e1ll\u00edt\u00e1s\u00e1ra.<\/li>\n<li>Kotr\u00f3g\u00e9pek: A kan\u00e1lhenger lehet\u0151v\u00e9 teszi az \u00e1s\u00e1si m\u0171veleteket az\u00e1ltal, hogy lehet\u0151v\u00e9 teszi a kan\u00e1l talajba val\u00f3 behatol\u00e1s\u00e1t.<\/li>\n<li>Homlokrakod\u00f3k: A homlokrakod\u00f3kban hat\u00e9konyan seg\u00edtik az \u00e1ruk emel\u00e9s\u00e9t \u00e9s \u00fcr\u00edt\u00e9s\u00e9t.<\/li>\n<\/ul>\n<h2>Tervez\u00e9si szempontok \u00e9s kiv\u00e1laszt\u00e1si krit\u00e9riumok<\/h2>\n<p>A hengeres v\u00e1z tervez\u00e9si szempontjai \u00e9s kiv\u00e1laszt\u00e1si krit\u00e9riumai tekintet\u00e9ben sz\u00e1mos t\u00e9nyez\u0151t kell figyelembe venni:<\/p>\n<ul>\n<li>Teherb\u00edr\u00e1s: A hengert \u00fagy kell megtervezni, hogy ellen\u00e1lljon a v\u00e1rhat\u00f3 terhel\u00e9seknek \u00e9s er\u0151knek.<\/li>\n<li>T\u00f6m\u00edt\u00e9s: K\u00fcl\u00f6nb\u00f6z\u0151 t\u00f6m\u00edt\u0151elemeket, p\u00e9ld\u00e1ul dugatty\u00fat\u00f6m\u00edt\u00e9seket \u00e9s r\u00fadt\u00f6m\u00edt\u00e9seket haszn\u00e1lnak, \u00e9s olyan anyagokat v\u00e1lasztanak, mint a kiv\u00e1l\u00f3 kop\u00e1s\u00e1ll\u00f3s\u00e1g\u00fa poliuret\u00e1n \u00e9s nitrilgumi.<\/li>\n<li>Tart\u00f3ss\u00e1g: A hengertest \u00e9s a menetes v\u00e9gek apr\u00f3l\u00e9kos megmunk\u00e1l\u00e1son esnek \u00e1t a kop\u00e1s\u00e1ll\u00f3s\u00e1g fokoz\u00e1sa \u00e9rdek\u00e9ben.<\/li>\n<li>Biztons\u00e1g: A palack tervez\u00e9se \u00e9s haszn\u00e1lata sor\u00e1n elengedhetetlenek a biztons\u00e1gi int\u00e9zked\u00e9sek a balesetek megel\u0151z\u00e9se \u00e9rdek\u00e9ben.<\/li>\n<li>Karbantarthat\u00f3s\u00e1g: A hengert \u00fagy kell megtervezni, hogy k\u00f6nnyen karbantarthat\u00f3 \u00e9s jav\u00edthat\u00f3 legyen az \u00e1ll\u00e1sid\u0151 minimaliz\u00e1l\u00e1sa \u00e9rdek\u00e9ben.<\/li>\n<\/ul>\n<p><img decoding=\"async\" src=\"https:\/\/www.hydraulic-cylinders.net\/wp-content\/uploads\/2025\/01\/songte-oil-pipes-and-spare-parts.webp\" alt=\"V\u00f6d\u00f6rhenger KYM KY70-hez\"><\/p>\n<h2>T\u00f6m\u00edt\u00e9s \u00e9s ken\u00e9s<\/h2>\n<p>A kan\u00e1lhenger k\u00fcl\u00f6nf\u00e9le t\u00f6m\u00edt\u0151elemeket haszn\u00e1l, bele\u00e9rtve a dugatty\u00fat\u00f6m\u00edt\u00e9seket \u00e9s a r\u00fadt\u00f6m\u00edt\u00e9seket, amelyek kop\u00e1s\u00e1ll\u00f3 anyagokb\u00f3l, p\u00e9ld\u00e1ul poliuret\u00e1nb\u00f3l \u00e9s nitrilgumib\u00f3l k\u00e9sz\u00fclnek. A hengertest \u00e9s a menetes v\u00e9gek finoman megmunk\u00e1ltak a kop\u00e1s\u00e1ll\u00f3s\u00e1g jav\u00edt\u00e1sa \u00e9rdek\u00e9ben. A z\u00f6kken\u0151mentes m\u0171k\u00f6d\u00e9shez rendszeres ken\u00e9s sz\u00fcks\u00e9ges a megfelel\u0151 mennyis\u00e9g\u0171 hidraulikaolajjal.<\/p>\n<h2>Rendszeres ellen\u0151rz\u00e9s \u00e9s megel\u0151z\u0151 karbantart\u00e1s<\/h2>\n<p>A kan\u00e1lhenger optim\u00e1lis teljes\u00edtm\u00e9ny\u00e9nek \u00e9s hossz\u00fa \u00e9lettartam\u00e1nak biztos\u00edt\u00e1sa \u00e9rdek\u00e9ben rendszeres ellen\u0151rz\u00e9seket \u00e9s megel\u0151z\u0151 karbantart\u00e1si int\u00e9zked\u00e9seket kell v\u00e9gezni:<\/p>\n<ul>\n<li>A henger alkatr\u00e9szeinek \u00e9s m\u0171k\u00f6d\u00e9s\u00e9nek rendszeres ellen\u0151rz\u00e9se.<\/li>\n<li>A mozg\u00f3 alkatr\u00e9szek megfelel\u0151 ken\u00e9se.<\/li>\n<li>A t\u00f6m\u00edt\u00e9sek cser\u00e9je sz\u00fcks\u00e9g eset\u00e9n.<\/li>\n<li>Kalibr\u00e1ci\u00f3s ellen\u0151rz\u00e9sek a pontoss\u00e1g fenntart\u00e1sa \u00e9rdek\u00e9ben.<\/li>\n<\/ul>\n<p><img decoding=\"async\" src=\"https:\/\/www.hydraulic-cylinders.net\/wp-content\/uploads\/2025\/01\/songte-chushion-collar.webp\" alt=\"V\u00f6d\u00f6rhenger KYM KY70-hez\"><\/p>\n<h2>Biztons\u00e1gi szempontok \u00e9s k\u00f6rnyezeti t\u00e9nyez\u0151k<\/h2>\n<p>A serleges adagol\u00f3 haszn\u00e1latakor a biztons\u00e1gi int\u00e9zked\u00e9sek betart\u00e1sa elengedhetetlen a balesetek megel\u0151z\u00e9se \u00e9rdek\u00e9ben. Ezenk\u00edv\u00fcl a k\u00f6rnyezeti t\u00e9nyez\u0151k figyelembev\u00e9tele is fontos a berendez\u00e9s felel\u0151ss\u00e9gteljes \u00e9s fenntarthat\u00f3 haszn\u00e1lat\u00e1nak biztos\u00edt\u00e1sa \u00e9rdek\u00e9ben.<\/p>\n<h2>Hibadiagn\u00f3zis \u00e9s gyakori probl\u00e9m\u00e1k<\/h2>\n<p>Potenci\u00e1lis hib\u00e1k vagy probl\u00e9m\u00e1k eset\u00e9n a k\u00f6vetkez\u0151 tippek \u00e9s hibaelh\u00e1r\u00edt\u00e1si m\u00f3dszerek seg\u00edthetnek a probl\u00e9m\u00e1k hat\u00e9kony diagnosztiz\u00e1l\u00e1s\u00e1ban \u00e9s megold\u00e1s\u00e1ban. A lehets\u00e9ges probl\u00e9m\u00e1k cs\u00f6kkent\u00e9se \u00e9rdek\u00e9ben megel\u0151z\u0151 int\u00e9zked\u00e9seket is kell bevezetni.<\/p>\n<p><img decoding=\"async\" src=\"https:\/\/www.hydraulic-cylinders.net\/wp-content\/uploads\/2025\/01\/songte-bushings-with-all-kinds-of-excavator-models.webp\" alt=\"V\u00f6d\u00f6rhenger KYM KY70-hez\"><\/p>\n<h2>K\u00f6vetkeztet\u00e9s<\/h2>\n<p>\u00d6sszefoglalva, c\u00e9g\u00fcnk a hidraulikus hengerek vezet\u0151 gy\u00e1rt\u00f3ja \u00e9s nagykereskedelmi forgalmaz\u00f3ja a hazai \u00e9s a nemzetk\u00f6zi piacokon. A kiv\u00e1l\u00f3 min\u0151s\u00e9get helyezz\u00fck el\u0151t\u00e9rbe, \u00e9s kifinomult gy\u00e1rt\u00f3m\u0171helyeinkben ipari termel\u00e9sir\u00e1ny\u00edt\u00e1si strat\u00e9gi\u00e1kat alkalmazunk. A technol\u00f3giai tehets\u00e9gekre, a cs\u00facskateg\u00f3ri\u00e1s digit\u00e1lis gy\u00e1rt\u00f3berendez\u00e9sekre \u00e9s a professzion\u00e1lis tesztel\u0151rendszerekre \u00f6sszpontos\u00edtva folyamatosan fejlesztj\u00fck gy\u00e1rt\u00e1si platformunkat \u00e9s term\u00e9kmin\u0151s\u00e9gi termel\u00e9si \u00fatvonalainkat. C\u00e9g\u00fcnk er\u0151s kreat\u00edv k\u00e9pess\u00e9gekkel rendelkezik, \u00e9s nagy hat\u00e9konys\u00e1ggal, pontoss\u00e1ggal \u00e9s min\u0151s\u00e9ggel el\u00e9g\u00edti ki a soksz\u00edn\u0171 \u00fcgyf\u00e9lig\u00e9nyeket.<\/p>\n<p><img decoding=\"async\" src=\"https:\/\/www.hydraulic-cylinders.net\/wp-content\/uploads\/2025\/01\/songte-company-3.webp\" alt=\"V\u00f6d\u00f6rhenger KYM KY70-hez\"><\/p>\n<p>Szerz\u0151: lyl<\/p>","protected":false},"excerpt":{"rendered":"<p>Bucket Cylinder For KYM KY70 Introduction The bucket cylinder for KYM KY70 is a specially designed hydraulic cylinder used to control the movement of the bucket in heavy machinery such as excavators, backhoe loaders, and front-end loaders. Its main function is to enable the lifting, lowering, and tilting of the bucket, making it convenient for [&hellip;]<\/p>","protected":false},"featured_media":14787,"comment_status":"open","ping_status":"closed","template":"","meta":{"_et_pb_use_builder":"","_et_pb_old_content":"","_et_gb_content_width":""},"product_brand":[],"product_cat":[1494],"product_tag":[1495,1496],"class_list":{"0":"post-15809","1":"product","2":"type-product","3":"status-publish","4":"has-post-thumbnail","6":"product_cat-bucket-cylinders","7":"product_tag-bucket-cylinders","8":"product_tag-hydraulic-cylinders","10":"first","11":"instock","12":"shipping-taxable","13":"product-type-simple"},"amp_enabled":true,"_links":{"self":[{"href":"https:\/\/www.hydraulic-cylinders.net\/hu\/wp-json\/wp\/v2\/product\/15809","targetHints":{"allow":["GET"]}}],"collection":[{"href":"https:\/\/www.hydraulic-cylinders.net\/hu\/wp-json\/wp\/v2\/product"}],"about":[{"href":"https:\/\/www.hydraulic-cylinders.net\/hu\/wp-json\/wp\/v2\/types\/product"}],"replies":[{"embeddable":true,"href":"https:\/\/www.hydraulic-cylinders.net\/hu\/wp-json\/wp\/v2\/comments?post=15809"}],"wp:featuredmedia":[{"embeddable":true,"href":"https:\/\/www.hydraulic-cylinders.net\/hu\/wp-json\/wp\/v2\/media\/14787"}],"wp:attachment":[{"href":"https:\/\/www.hydraulic-cylinders.net\/hu\/wp-json\/wp\/v2\/media?parent=15809"}],"wp:term":[{"taxonomy":"product_brand","embeddable":true,"href":"https:\/\/www.hydraulic-cylinders.net\/hu\/wp-json\/wp\/v2\/product_brand?post=15809"},{"taxonomy":"product_cat","embeddable":true,"href":"https:\/\/www.hydraulic-cylinders.net\/hu\/wp-json\/wp\/v2\/product_cat?post=15809"},{"taxonomy":"product_tag","embeddable":true,"href":"https:\/\/www.hydraulic-cylinders.net\/hu\/wp-json\/wp\/v2\/product_tag?post=15809"}],"curies":[{"name":"munkaf\u00fczet","href":"https:\/\/api.w.org\/{rel}","templated":true}]}}