{"id":15811,"date":"2025-01-19T15:01:09","date_gmt":"2025-01-19T15:01:09","guid":{"rendered":"https:\/\/www.hydraulic-cylinders.net\/product\/bucket-cylinder-for-kym-ky105a\/"},"modified":"2025-01-19T15:01:12","modified_gmt":"2025-01-19T15:01:12","slug":"bucket-cylinder-for-kym-ky105a","status":"publish","type":"product","link":"https:\/\/www.hydraulic-cylinders.net\/hu\/termek\/bucket-cylinder-for-kym-ky105a\/","title":{"rendered":"V\u00f6d\u00f6rhenger KYM KY105A-hoz"},"content":{"rendered":"<h1>V\u00f6d\u00f6rhenger KYM KY105A-hoz<\/h1>\n<h2>Bevezet\u00e9s<\/h2>\n<p>A KYM KY105A kan\u00e1lhengere egy olyan hidraulikus henger, amelyet kifejezetten a neh\u00e9zg\u00e9pek, p\u00e9ld\u00e1ul kotr\u00f3g\u00e9pek, kotr\u00f3rakod\u00f3k \u00e9s homlokrakod\u00f3k kan\u00e1lmozg\u00e1s\u00e1nak vez\u00e9rl\u00e9s\u00e9re terveztek. Els\u0151dleges funkci\u00f3ja a kan\u00e1l emel\u00e9se, s\u00fcllyeszt\u00e9se \u00e9s billent\u00e9se az egyszer\u0171 anyagmozgat\u00e1si feladatok \u00e9rdek\u00e9ben. Egy hidraulikus rendszerben a kan\u00e1lhenger a hidraulikaolaj nyom\u00e1sv\u00e1ltoz\u00e1sainak felhaszn\u00e1l\u00e1s\u00e1val \u00e9ri el a kan\u00e1l pontos vez\u00e9rl\u00e9s\u00e9t, lehet\u0151v\u00e9 t\u00e9ve a kezel\u0151k sz\u00e1m\u00e1ra, hogy hat\u00e9konyan kezelj\u00e9k a neh\u00e9z terheket, \u00e9s alkalmazkodjanak az \u00f6sszetett munkak\u00f6rnyezetekhez \u00e9s a v\u00e1ltozatos munkak\u00f6vetelm\u00e9nyekhez.<\/p>\n<p><img decoding=\"async\" src=\"https:\/\/www.hydraulic-cylinders.net\/wp-content\/uploads\/2025\/01\/songte-company-2.webp\"><\/p>\n<h2>Jellemz\u0151k<\/h2>\n<ul>\n<li>\n<h3>Nagy szil\u00e1rds\u00e1g \u00e9s tart\u00f3ss\u00e1g<\/h3>\n<p>A kan\u00e1lhengerek \u00e1ltal\u00e1ban nagy szil\u00e1rds\u00e1g\u00fa ac\u00e9lb\u00f3l vagy alum\u00edniumb\u00f3l k\u00e9sz\u00fclnek, k\u00e9pesek ellen\u00e1llni a nagy nyom\u00e1snak \u00e9s a nagy terhel\u00e9seknek, \u00e9s kop\u00e1s\u00e1ll\u00f3s\u00e1gi \u00e9s korr\u00f3zi\u00f3\u00e1ll\u00f3s\u00e1gi szempontokkal tervezt\u00e9k \u0151ket \u00e9lettartamuk meghosszabb\u00edt\u00e1sa \u00e9rdek\u00e9ben.<\/p>\n<\/li>\n<li>\n<h3>Hat\u00e9kony hidraulikus m\u0171k\u00f6dtet\u00e9s<\/h3>\n<p>A kan\u00e1lhengerek hidraulikaolaj-nyom\u00e1st haszn\u00e1lnak a sima kiny\u00fajt\u00e1shoz \u00e9s visszah\u00faz\u00e1shoz, lehet\u0151v\u00e9 t\u00e9ve a gyors reag\u00e1l\u00e1st a vez\u00e9rl\u0151parancsokra, \u00e9s er\u0151teljes tol\u00f3- \u00e9s h\u00faz\u00f3er\u0151t biztos\u00edtva, ami alkalmas neh\u00e9z terhek \u00e9s \u00f6sszetett feladatok kezel\u00e9s\u00e9re.<\/p>\n<\/li>\n<li>\n<h3>K\u00fcl\u00f6nb\u00f6z\u0151 t\u00edpusok<\/h3>\n<p>A kan\u00e1lmunkahengerek ig\u00e9ny szerint v\u00e1laszthat\u00f3k egyszeres m\u0171k\u00f6d\u00e9s\u0171k\u00e9nt (a hidraulika csak az egyik ir\u00e1nyban m\u0171k\u00f6dik) vagy kett\u0151s m\u0171k\u00f6d\u00e9s\u0171k\u00e9nt (a hidraulika mindk\u00e9t ir\u00e1nyban m\u0171k\u00f6dik), \u00e9s egyes modellek teleszk\u00f3posak is, ami nagyobb kiny\u00fal\u00e1st tesz lehet\u0151v\u00e9 a k\u00fcls\u0151 m\u00e9retek n\u00f6vel\u00e9se n\u00e9lk\u00fcl, \u00edgy alkalmasak korl\u00e1tozott helyig\u00e9ny\u0171 alkalmaz\u00e1sokhoz.<\/p>\n<\/li>\n<li>\n<h3>Egy\u00e9b hidraulikus hengerek cser\u00e9je<\/h3>\n<p>Term\u00e9k\u00fcnk t\u00f6k\u00e9letesen helyettes\u00edtheti a t\u00f6bbi hidraulikus hengert. Alkatr\u00e9szeket \u00e9s fel\u00faj\u00edt\u00e1si szolg\u00e1ltat\u00e1sokat is biztos\u00edtunk a henger \u00e9lettartam\u00e1nak meghosszabb\u00edt\u00e1sa \u00e9rdek\u00e9ben.<\/p>\n<\/li>\n<\/ul>\n<p><img decoding=\"async\" src=\"https:\/\/www.hydraulic-cylinders.net\/wp-content\/uploads\/2025\/01\/songte-cylinder-head-with-all-kinds-excavator-models.webp\"><\/p>\n<h2>Alkalmaz\u00e1sok<\/h2>\n<p>A kan\u00e1lhengereket sz\u00e9les k\u00f6rben haszn\u00e1lj\u00e1k k\u00fcl\u00f6nf\u00e9le neh\u00e9zg\u00e9pekben, p\u00e9ld\u00e1ul:<\/p>\n<ul>\n<li>\u00c9p\u00edt\u0151ipari berendez\u00e9sek: Kotr\u00f3g\u00e9pekben kulcsfontoss\u00e1g\u00faak a f\u00f6ldmunk\u00e1k, a rakod\u00e1s \u00e9s a talaj vagy t\u00f6rmel\u00e9k mozgat\u00e1sa sor\u00e1n. A kotr\u00f3g\u00e9p-rakod\u00f3kban a kan\u00e1lhengerek mind a f\u00f6ldmunk\u00e1k, mind az emel\u00e9s sor\u00e1n seg\u00edtenek. <\/li>\n<li>Mez\u0151gazdas\u00e1gi g\u00e9pek: Homlokrakod\u00f3kon haszn\u00e1lj\u00e1k talaj, sz\u00e9na \u00e9s egy\u00e9b anyagok mer\u00e9s\u00e9re, emel\u00e9s\u00e9re \u00e9s sz\u00e1ll\u00edt\u00e1s\u00e1ra. <\/li>\n<li>Kotr\u00f3g\u00e9pek: A kan\u00e1lhengerek lehet\u0151v\u00e9 teszik az \u00e1s\u00e1st az\u00e1ltal, hogy lehet\u0151v\u00e9 teszik a kan\u00e1l talajba hatol\u00e1s\u00e1t. <\/li>\n<li>Rakod\u00f3g\u00e9pek: A homlokrakod\u00f3k hat\u00e9konyan seg\u00edtik a rakom\u00e1ny emel\u00e9s\u00e9t \u00e9s \u00fcr\u00edt\u00e9s\u00e9t.<\/li>\n<\/ul>\n<h2>Tervez\u00e9si szempontok \u00e9s kiv\u00e1laszt\u00e1si krit\u00e9riumok<\/h2>\n<p>A kan\u00e1lhengereket olyan kulcsfontoss\u00e1g\u00fa szempontok figyelembev\u00e9tel\u00e9vel tervezik, mint a teherb\u00edr\u00e1s, a t\u00f6m\u00edt\u00e9s, a tart\u00f3ss\u00e1g, a biztons\u00e1g \u00e9s a k\u00f6nny\u0171 karbantart\u00e1s. \u00cdme n\u00e9h\u00e1ny tervez\u00e9si szempont:<\/p>\n<ul>\n<li>\n<h3>Teherb\u00edr\u00e1s<\/h3>\n<p>A serleghengereket nagy nyom\u00e1snak \u00e9s nagy terhel\u00e9snek kitett kialak\u00edt\u00e1sra kell tervezni, az anyagok kiv\u00e1laszt\u00e1sakor pedig figyelembe kell venni a henger kop\u00e1s- \u00e9s korr\u00f3zi\u00f3\u00e1ll\u00f3s\u00e1g\u00e1t.<\/p>\n<\/li>\n<li>\n<h3>T\u00f6m\u00edt\u00e9s<\/h3>\n<p>A hidraulikaolaj sziv\u00e1rg\u00e1s\u00e1nak megakad\u00e1lyoz\u00e1s\u00e1ra k\u00fcl\u00f6nf\u00e9le t\u00f6m\u00edt\u00e9seket, p\u00e9ld\u00e1ul dugatty\u00fat\u00f6m\u00edt\u00e9seket \u00e9s r\u00fadt\u00f6m\u00edt\u00e9seket haszn\u00e1lnak. A t\u00f6m\u00edt\u00e9seknek kop\u00e1s\u00e1ll\u00f3 anyagokb\u00f3l, p\u00e9ld\u00e1ul poliuret\u00e1nb\u00f3l \u00e9s nitrilgumib\u00f3l kell k\u00e9sz\u00fclni\u00fck, a hengertestet \u00e9s a menetes v\u00e9gfel\u00fcleteket pedig gondosan meg kell munk\u00e1lni a kop\u00e1s\u00e1ll\u00f3s\u00e1g jav\u00edt\u00e1sa \u00e9rdek\u00e9ben.<\/p>\n<\/li>\n<li>\n<h3>Tart\u00f3ss\u00e1g<\/h3>\n<p>A kan\u00e1lhengereket \u00fagy kell megtervezni, hogy ellen\u00e1lljanak a zord munkak\u00f6r\u00fclm\u00e9nyeknek \u00e9s hossz\u00fa \u00e9lettartamot biztos\u00edtsanak. Az anyagokat nagy szil\u00e1rds\u00e1g\u00fa \u00e9s tart\u00f3ss\u00e1g\u00fa anyagokra kell kiv\u00e1lasztani, \u00e9s a hengert kop\u00e1s\u00e1ll\u00f3s\u00e1gi \u00e9s korr\u00f3zi\u00f3\u00e1ll\u00f3s\u00e1gi szempontokkal kell megtervezni.<\/p>\n<\/li>\n<li>\n<h3>Biztons\u00e1g<\/h3>\n<p>A serlegpalackokat \u00fagy kell megtervezni, hogy megel\u0151zz\u00e9k a palack meghib\u00e1sod\u00e1sa okozta baleseteket. A biztons\u00e1gi elemeket, p\u00e9ld\u00e1ul a reteszel\u0151 mechanizmusokat, a nyom\u00e1scs\u00f6kkent\u0151 szelepeket \u00e9s az leng\u00e9scsillap\u00edt\u00f3kat, ahol sz\u00fcks\u00e9ges, be kell \u00e9p\u00edteni a tervbe.<\/p>\n<\/li>\n<li>\n<h3>Karbantart\u00e1s<\/h3>\n<p>A serleghengereket \u00fagy kell kialak\u00edtani, hogy k\u00f6nnyen karbantarthat\u00f3k \u00e9s jav\u00edthat\u00f3k legyenek. A hengernek k\u00f6nnyen sz\u00e9tszerelhet\u0151nek kell lennie, \u00e9s a cserealkatr\u00e9szeknek k\u00f6nnyen el\u00e9rhet\u0151nek kell lenni\u00fck.<\/p>\n<\/li>\n<\/ul>\n<p><img decoding=\"async\" src=\"https:\/\/www.hydraulic-cylinders.net\/wp-content\/uploads\/2025\/01\/songte-oil-pipes-and-spare-parts.webp\"><\/p>\n<h2>T\u00f6m\u00edt\u00e9s \u00e9s ken\u00e9s<\/h2>\n<p>A serleghengerek k\u00fcl\u00f6nf\u00e9le t\u00f6m\u00edt\u0151elemeket, p\u00e9ld\u00e1ul dugatty\u00fat\u00f6m\u00edt\u00e9seket \u00e9s r\u00fadt\u00f6m\u00edt\u00e9seket haszn\u00e1lnak a hidraulikaolaj sziv\u00e1rg\u00e1s\u00e1nak megakad\u00e1lyoz\u00e1s\u00e1ra. Ezek a t\u00f6m\u00edt\u00e9sek olyan anyagokb\u00f3l k\u00e9sz\u00fclnek, mint a poliuret\u00e1n \u00e9s a nitrilgumi, amelyek j\u00f3 kop\u00e1s\u00e1ll\u00f3s\u00e1ggal rendelkeznek. A hengertestet \u00e9s a menetes v\u00e9gfel\u00fcleteket gondosan megmunk\u00e1lj\u00e1k a kop\u00e1s\u00e1ll\u00f3s\u00e1g jav\u00edt\u00e1sa \u00e9rdek\u00e9ben. A henger megfelel\u0151 m\u0171k\u00f6d\u00e9s\u00e9hez rendszeres hidraulikaolajjal t\u00f6rt\u00e9n\u0151 ken\u00e9st ig\u00e9nyel.<\/p>\n<h2>Karbantart\u00e1s \u00e9s jav\u00edt\u00e1s<\/h2>\n<p>A kan\u00e1lhenger megfelel\u0151 m\u0171k\u00f6d\u00e9s\u00e9nek biztos\u00edt\u00e1s\u00e1hoz rendszeres ellen\u0151rz\u00e9sekre, ken\u00e9sre \u00e9s t\u00f6m\u00edt\u00e9scser\u00e9re van sz\u00fcks\u00e9g. \u00cdme n\u00e9h\u00e1ny gyakori karbantart\u00e1si feladat:<\/p>\n<ul>\n<li>\n<h3>Rendszeres ellen\u0151rz\u00e9s<\/h3>\n<p>Vizsg\u00e1lja meg a hengert kop\u00e1s, s\u00e9r\u00fcl\u00e9s \u00e9s sziv\u00e1rg\u00e1s jelei szempontj\u00e1b\u00f3l. Ellen\u0151rizze a megfelel\u0151 m\u0171k\u00f6d\u00e9st \u00e9s ken\u00e9st.<\/p>\n<\/li>\n<li>\n<h3>Ken\u00e9s<\/h3>\n<p>A hengert rendszeresen kenje az aj\u00e1nlott hidraulikaolajjal a z\u00f6kken\u0151mentes m\u0171k\u00f6d\u00e9s biztos\u00edt\u00e1sa \u00e9rdek\u00e9ben.<\/p>\n<\/li>\n<li>\n<h3>T\u00f6m\u00edt\u00e9s csere<\/h3>\n<p>Cser\u00e9lje ki a kopott vagy s\u00e9r\u00fclt t\u00f6m\u00edt\u00e9seket az olajsziv\u00e1rg\u00e1s megel\u0151z\u00e9se \u00e9s a henger teljes\u00edtm\u00e9ny\u00e9nek jav\u00edt\u00e1sa \u00e9rdek\u00e9ben.<\/p>\n<\/li>\n<\/ul>\n<p><img decoding=\"async\" src=\"https:\/\/www.hydraulic-cylinders.net\/wp-content\/uploads\/2025\/01\/songte-chushion-collar.webp\"><\/p>\n<h2>Biztons\u00e1gi \u00e9s k\u00f6rnyezetv\u00e9delmi szempontok<\/h2>\n<p>A kan\u00e1lhenger haszn\u00e1latakor elengedhetetlen a biztons\u00e1gi elj\u00e1r\u00e1sok betart\u00e1sa a henger meghib\u00e1sod\u00e1sa vagy nem megfelel\u0151 haszn\u00e1lat\u00e1b\u00f3l ered\u0151 balesetek megel\u0151z\u00e9se \u00e9rdek\u00e9ben. Fontos figyelembe venni a hidraulikafolyad\u00e9kok k\u00f6rnyezeti hat\u00e1s\u00e1t is, \u00e9s biztos\u00edtani a hullad\u00e9kfolyad\u00e9kok megfelel\u0151 \u00e1rtalmatlan\u00edt\u00e1s\u00e1t.<\/p>\n<h2>Hibaelh\u00e1r\u00edt\u00e1s \u00e9s gyakori probl\u00e9m\u00e1k<\/h2>\n<p>A kan\u00e1lhengerekn\u00e9l el\u0151fordul\u00f3 gyakori probl\u00e9m\u00e1k k\u00f6z\u00e9 tartozik a sziv\u00e1rg\u00e1s, a gyenge teljes\u00edtm\u00e9ny \u00e9s a s\u00e9r\u00fcl\u00e9s. \u00cdme n\u00e9h\u00e1ny tipp ezen probl\u00e9m\u00e1k diagnosztiz\u00e1l\u00e1s\u00e1hoz \u00e9s megold\u00e1s\u00e1hoz:<\/p>\n<ul>\n<li>\n<h3>Sziv\u00e1rg\u00e1s<\/h3>\n<p>Olajsziv\u00e1rg\u00e1s eset\u00e9n ellen\u0151rizze a t\u00f6m\u00edt\u00e9sek s\u00e9r\u00fcl\u00e9s\u00e9t, \u00e9s sz\u00fcks\u00e9g eset\u00e9n cser\u00e9lje ki azokat. Ellen\u0151rizze a dugatty\u00fa vagy a r\u00fad fel\u00fcleteinek kop\u00e1s\u00e1t is, \u00e9s sz\u00fcks\u00e9g eset\u00e9n cser\u00e9lje ki azokat.<\/p>\n<\/li>\n<li>\n<h3>Gyenge teljes\u00edtm\u00e9ny<\/h3>\n<p>Ha a henger lass\u00fa vagy nem reag\u00e1l, ellen\u0151rizze, hogy nincs-e alacsony hidraulikaolaj-szint vagy elt\u00f6m\u0151d\u00f6tt sz\u0171r\u0151k. Ellen\u0151rizze tov\u00e1bb\u00e1, hogy nincsenek-e elkopott vagy s\u00e9r\u00fclt alkatr\u00e9szek, \u00e9s sz\u00fcks\u00e9g eset\u00e9n cser\u00e9lje ki azokat.<\/p>\n<\/li>\n<li>\n<h3>K\u00e1r<\/h3>\n<p>Ha a hengeren l\u00e1that\u00f3 s\u00e9r\u00fcl\u00e9sek vannak, p\u00e9ld\u00e1ul horpad\u00e1sok vagy reped\u00e9sek, akkor azt ki kell cser\u00e9lni.<\/p>\n<\/li>\n<\/ul>\n<h2>C\u00e9g\u00fcnkr\u0151l<\/h2>\n<p>Hidraulikus hengergy\u00e1rt\u00f3k\u00e9nt specializ\u00e1l\u00f3dtunk a p\u00f3talkatr\u00e9szk\u00e9nt szolg\u00e1l\u00f3 hidraulikus hengerek gy\u00e1rt\u00e1s\u00e1ra. Teljes term\u00e9kk\u00edn\u00e1lattal rendelkez\u00fcnk, \u00e9s a hazai \u00e9s nemzetk\u00f6zi piacok egyik vezet\u0151 hidraulikus hengergy\u00e1rt\u00f3j\u00e1v\u00e1 \u00e9s nagykereskedelmi forgalmaz\u00f3j\u00e1v\u00e1 v\u00e1ltunk. A kiv\u00e1l\u00f3 min\u0151s\u00e9g elv\u00e9t k\u00f6vetj\u00fck, \u00e9s prec\u00edzi\u00f3s gy\u00e1rt\u00f3m\u0171helyeinkben iparos\u00edtott termel\u00e9sir\u00e1ny\u00edt\u00e1si strat\u00e9gi\u00e1kra t\u00e1maszkodunk. Folyamatosan fejlesztj\u00fck m\u0171hely\u00fcnk gy\u00e1rt\u00e1si platformj\u00e1t, jav\u00edtjuk a term\u00e9kmin\u0151s\u00e9gi gy\u00e1rt\u00e1si \u00fatvonalat, \u00e9s er\u0151s kreat\u00edv k\u00e9pess\u00e9gekkel rendelkez\u00fcnk. Hat\u00e9kony, prec\u00edz \u00e9s kiv\u00e1l\u00f3 min\u0151s\u00e9g\u0171 term\u00e9keket k\u00edn\u00e1lunk, hogy kiel\u00e9g\u00edts\u00fck az \u00fcgyfelek sokr\u00e9t\u0171 ig\u00e9nyeit.<\/p>\n<p><img decoding=\"async\" src=\"https:\/\/hzpt.com\/wp-content\/uploads\/2024\/11\/songte-company-1.webp\"><\/p>\n<h2>Szakmaiass\u00e1g \u00e9s nemzetk\u00f6zi min\u0151s\u00edt\u00e9s<\/h2>\n<p>C\u00e9g\u00fcnk profi m\u00e9rn\u00f6k\u00f6kb\u0151l \u00e9s technikusokb\u00f3l \u00e1ll\u00f3 csapattal rendelkezik, akik gazdag tapasztalattal rendelkeznek a hidraulikus hengerek tervez\u00e9s\u00e9ben \u00e9s gy\u00e1rt\u00e1s\u00e1ban. Nemzetk\u00f6zi tan\u00fas\u00edtv\u00e1nyokkal, p\u00e9ld\u00e1ul ISO9001 \u00e9s CE min\u0151s\u00edt\u00e9ssel rendelkez\u00fcnk, hogy biztos\u00edtsuk term\u00e9keink min\u0151s\u00e9g\u00e9t \u00e9s megb\u00edzhat\u00f3s\u00e1g\u00e1t.<\/p>\n<h2>Testreszab\u00e1si \u00e9s gy\u00e1rt\u00f3berendez\u00e9sek<\/h2>\n<p>Testreszabott szolg\u00e1ltat\u00e1sokat k\u00edn\u00e1lunk, hogy megfelelj\u00fcnk az \u00fcgyfelek egyedi ig\u00e9nyeinek. C\u00e9g\u00fcnk fejlett digit\u00e1lis gy\u00e1rt\u00f3berendez\u00e9sekkel \u00e9s professzion\u00e1lis tesztel\u0151rendszerekkel rendelkezik term\u00e9keink pontoss\u00e1g\u00e1nak \u00e9s min\u0151s\u00e9g\u00e9nek biztos\u00edt\u00e1sa \u00e9rdek\u00e9ben.<\/p>\n<h2>\u00c9rt\u00e9kes\u00edt\u00e9s ut\u00e1ni szolg\u00e1ltat\u00e1s<\/h2>\n<p>\u00c1tfog\u00f3 \u00e9rt\u00e9kes\u00edt\u00e9s ut\u00e1ni szolg\u00e1ltat\u00e1sokat ny\u00fajtunk, bele\u00e9rtve az alkatr\u00e9sz-ellen\u0151rz\u00e9st, jav\u00edt\u00e1st \u00e9s cser\u00e9t. Emellett fel\u00faj\u00edt\u00e1si szolg\u00e1ltat\u00e1sokat is ny\u00fajtunk a henger \u00e9lettartam\u00e1nak meghosszabb\u00edt\u00e1sa \u00e9rdek\u00e9ben.<\/p>\n<p>Szerz\u0151: lyl.<\/p>","protected":false},"excerpt":{"rendered":"<p>Bucket Cylinder For KYM KY105A Introduction The Bucket Cylinder for KYM KY105A is a type of hydraulic cylinder specially designed to control the movement of the bucket in heavy machinery such as excavators, backhoe loaders, and front-end loaders. Its primary function is to allow the bucket to be lifted, lowered, and tilted for easy material [&hellip;]<\/p>","protected":false},"featured_media":14784,"comment_status":"open","ping_status":"closed","template":"","meta":{"_et_pb_use_builder":"","_et_pb_old_content":"","_et_gb_content_width":""},"product_brand":[],"product_cat":[1494],"product_tag":[1495,1496],"class_list":{"0":"post-15811","1":"product","2":"type-product","3":"status-publish","4":"has-post-thumbnail","6":"product_cat-bucket-cylinders","7":"product_tag-bucket-cylinders","8":"product_tag-hydraulic-cylinders","10":"first","11":"instock","12":"shipping-taxable","13":"product-type-simple"},"amp_enabled":true,"_links":{"self":[{"href":"https:\/\/www.hydraulic-cylinders.net\/hu\/wp-json\/wp\/v2\/product\/15811","targetHints":{"allow":["GET"]}}],"collection":[{"href":"https:\/\/www.hydraulic-cylinders.net\/hu\/wp-json\/wp\/v2\/product"}],"about":[{"href":"https:\/\/www.hydraulic-cylinders.net\/hu\/wp-json\/wp\/v2\/types\/product"}],"replies":[{"embeddable":true,"href":"https:\/\/www.hydraulic-cylinders.net\/hu\/wp-json\/wp\/v2\/comments?post=15811"}],"wp:featuredmedia":[{"embeddable":true,"href":"https:\/\/www.hydraulic-cylinders.net\/hu\/wp-json\/wp\/v2\/media\/14784"}],"wp:attachment":[{"href":"https:\/\/www.hydraulic-cylinders.net\/hu\/wp-json\/wp\/v2\/media?parent=15811"}],"wp:term":[{"taxonomy":"product_brand","embeddable":true,"href":"https:\/\/www.hydraulic-cylinders.net\/hu\/wp-json\/wp\/v2\/product_brand?post=15811"},{"taxonomy":"product_cat","embeddable":true,"href":"https:\/\/www.hydraulic-cylinders.net\/hu\/wp-json\/wp\/v2\/product_cat?post=15811"},{"taxonomy":"product_tag","embeddable":true,"href":"https:\/\/www.hydraulic-cylinders.net\/hu\/wp-json\/wp\/v2\/product_tag?post=15811"}],"curies":[{"name":"munkaf\u00fczet","href":"https:\/\/api.w.org\/{rel}","templated":true}]}}