{"id":15820,"date":"2025-01-19T15:01:50","date_gmt":"2025-01-19T15:01:50","guid":{"rendered":"https:\/\/www.hydraulic-cylinders.net\/product\/bucket-cylinder-for-pushhm-pz165-8\/"},"modified":"2025-01-19T15:01:56","modified_gmt":"2025-01-19T15:01:56","slug":"bucket-cylinder-for-pushhm-pz165-8","status":"publish","type":"product","link":"https:\/\/www.hydraulic-cylinders.net\/hu\/termek\/bucket-cylinder-for-pushhm-pz165-8\/","title":{"rendered":"V\u00f6d\u00f6rhenger Pushhm PZ165-8-hoz"},"content":{"rendered":"<h1>V\u00f6d\u00f6rhenger Pushhm PZ165-8-hoz<\/h1>\n<h2>Bevezet\u00e9s<\/h2>\n<h3>A v\u00f6d\u00f6rhenger meghat\u00e1roz\u00e1sa<\/h3>\n<p>A kan\u00e1lhenger egy olyan hidraulikus henger, amelyet kifejezetten a neh\u00e9zg\u00e9pek, p\u00e9ld\u00e1ul kotr\u00f3g\u00e9pek, kotr\u00f3g\u00e9pek \u00e9s homlokrakod\u00f3k kan\u00e1lj\u00e1nak mozg\u00e1s\u00e1nak vez\u00e9rl\u00e9s\u00e9re terveztek. F\u0151 funkci\u00f3ja a kan\u00e1l emel\u00e9se, s\u00fcllyeszt\u00e9se \u00e9s billent\u00e9se a hat\u00e9kony anyagmozgat\u00e1si feladatokhoz. A hidraulikus rendszerben a kan\u00e1lhenger a hidraulikaolaj nyom\u00e1s\u00e1nak v\u00e1ltoz\u00e1sait haszn\u00e1lja fel a kan\u00e1l pontos vez\u00e9rl\u00e9s\u00e9hez, lehet\u0151v\u00e9 t\u00e9ve a kezel\u0151k sz\u00e1m\u00e1ra a neh\u00e9z terhek hat\u00e9kony kezel\u00e9s\u00e9t, valamint az \u00f6sszetett munkak\u00f6rnyezetekhez \u00e9s a v\u00e1ltozatos m\u0171k\u00f6d\u00e9si ig\u00e9nyekhez val\u00f3 alkalmazkod\u00e1st.<\/p>\n<p><img decoding=\"async\" src=\"https:\/\/www.hydraulic-cylinders.net\/wp-content\/uploads\/2025\/01\/songte-company-2.webp\"><\/p>\n<h3>A v\u00f6d\u00f6rhenger jellemz\u0151i<\/h3>\n<ul>\n<li><strong>Nagy szil\u00e1rds\u00e1g \u00e9s tart\u00f3ss\u00e1g:<\/strong> \u00c1ltal\u00e1ban nagy szil\u00e1rds\u00e1g\u00fa ac\u00e9lb\u00f3l vagy alum\u00edniumb\u00f3l k\u00e9sz\u00fcl, amely ellen\u00e1ll a nagy nyom\u00e1snak \u00e9s nagy terhel\u00e9seknek, alkalmazkodik a zord munkak\u00f6rnyezethez, \u00e9s kop\u00e1s\u00e1ll\u00f3s\u00e1ggal \u00e9s korr\u00f3zi\u00f3\u00e1ll\u00f3s\u00e1ggal tervezt\u00e9k, hogy meghosszabb\u00edtsa \u00e9lettartam\u00e1t.<\/li>\n<li><strong>Hat\u00e9kony hidraulikus m\u0171k\u00f6dtet\u00e9s:<\/strong> Hidraulikaolaj-nyom\u00e1s seg\u00edts\u00e9g\u00e9vel sima kitol\u00e1si \u00e9s visszah\u00faz\u00e1si mozg\u00e1sokat biztos\u00edt, gyorsan reag\u00e1l a vez\u00e9rl\u0151parancsokra, er\u0151teljes tol\u00f3- \u00e9s h\u00faz\u00f3er\u0151t biztos\u00edt, \u00e9s alkalmas neh\u00e9z terhek \u00e9s \u00f6sszetett feladatok kezel\u00e9s\u00e9re.<\/li>\n<li><strong>K\u00fcl\u00f6nb\u00f6z\u0151 t\u00edpusok:<\/strong> A k\u00fcl\u00f6nb\u00f6z\u0151 m\u0171k\u00f6d\u00e9si k\u00f6vetelm\u00e9nyeknek megfelel\u0151en v\u00e1laszthat\u00f3 egyszeres m\u0171k\u00f6d\u00e9s\u0171 (csak egy ir\u00e1nyban hidraulikusan m\u0171k\u00f6dtetett) vagy kett\u0151s m\u0171k\u00f6d\u00e9s\u0171 (mindk\u00e9t ir\u00e1nyban hidraulikusan m\u0171k\u00f6dtetett) hengerk\u00e9nt. Egyes modellek teleszk\u00f3posak, \u00edgy nagyobb t\u00e1gul\u00e1st tesznek lehet\u0151v\u00e9 a k\u00fcls\u0151 m\u00e9retek n\u00f6vel\u00e9se n\u00e9lk\u00fcl, \u00e9s alkalmasak korl\u00e1tozott helyig\u00e9ny\u0171 alkalmaz\u00e1sokhoz.<\/li>\n<li><strong>M\u00e1s hidraulikus hengereket is helyettes\u00edthet:<\/strong> Term\u00e9k\u00fcnk t\u00f6k\u00e9letesen helyettes\u00edtheti ezeket a hidraulikus hengereket.<\/li>\n<\/ul>\n<p><img decoding=\"async\" src=\"https:\/\/www.hydraulic-cylinders.net\/wp-content\/uploads\/2025\/01\/songte-cylinder-head-with-all-kinds-excavator-models.webp\"><\/p>\n<h2>V\u00f6d\u00f6rhenger alkalmaz\u00e1sa<\/h2>\n<p>A kan\u00e1lhengert \u00e1ltal\u00e1ban \u00e9p\u00edt\u0151ipari berendez\u00e9sekben haszn\u00e1lj\u00e1k, p\u00e9ld\u00e1ul:<\/p>\n<ul>\n<li><strong>Kotr\u00f3g\u00e9pek:<\/strong> A kan\u00e1lhenger lehet\u0151v\u00e9 teszi az \u00e1s\u00e1si m\u0171veletet az\u00e1ltal, hogy lehet\u0151v\u00e9 teszi a kan\u00e1l talajba hatol\u00e1s\u00e1t.<\/li>\n<li><strong>Kotr\u00f3g\u00e9pek:<\/strong> A kan\u00e1lhenger seg\u00edt mind az \u00e1s\u00e1sban, mind az emel\u00e9sben.<\/li>\n<li><strong>Homlokrakod\u00f3k:<\/strong> Seg\u00edtenek a rakom\u00e1ny hat\u00e9kony emel\u00e9s\u00e9ben \u00e9s billent\u00e9s\u00e9ben.<\/li>\n<\/ul>\n<p>Mez\u0151gazdas\u00e1gi g\u00e9pekben is haszn\u00e1lj\u00e1k homlokrakod\u00f3khoz talaj, sz\u00e9na \u00e9s egy\u00e9b anyagok emel\u00e9s\u00e9re, gy\u0171jt\u00e9s\u00e9re \u00e9s sz\u00e1ll\u00edt\u00e1s\u00e1ra.<\/p>\n<p>A v\u00f6d\u00f6rhenger alkalmaz\u00e1sai a k\u00f6vetkez\u0151k:<\/p>\n<h3>\u00c9p\u00edt\u0151ipari berendez\u00e9sek<\/h3>\n<p>Kotr\u00f3g\u00e9pekben, kotr\u00f3g\u00e9pekben \u00e9s homlokrakod\u00f3kban a kan\u00e1lhengerek kulcsfontoss\u00e1g\u00faak az \u00e1s\u00e1s, a rakod\u00e1s \u00e9s a talaj vagy t\u00f6rmel\u00e9k mozgat\u00e1sa sor\u00e1n. A kotr\u00f3rakod\u00f3kban a kan\u00e1lhengerek mind az \u00e1s\u00e1st, mind az emel\u00e9st seg\u00edtik. A kan\u00e1lhenger lehet\u0151v\u00e9 teszi a homlokrakod\u00f3k sz\u00e1m\u00e1ra a terhek hat\u00e9kony emel\u00e9s\u00e9t \u00e9s billent\u00e9s\u00e9t.<\/p>\n<h3>Mez\u0151gazdas\u00e1gi g\u00e9pek<\/h3>\n<p>A kan\u00e1lhengert talaj, sz\u00e9na \u00e9s egy\u00e9b anyagok gy\u0171jt\u00e9s\u00e9re, emel\u00e9s\u00e9re \u00e9s sz\u00e1ll\u00edt\u00e1s\u00e1ra haszn\u00e1lj\u00e1k mez\u0151gazdas\u00e1gi g\u00e9pekben. A homlokrakod\u00f3kat is haszn\u00e1lj\u00e1k k\u00fcl\u00f6nf\u00e9le anyagok sz\u00e1ll\u00edt\u00e1s\u00e1ra \u00e9s mozgat\u00e1s\u00e1ra.<\/p>\n<h2>Tervez\u00e9si szempontok \u00e9s kiv\u00e1laszt\u00e1si krit\u00e9riumok<\/h2>\n<h3>Teherb\u00edr\u00e1s<\/h3>\n<p>A kan\u00e1lhengert \u00fagy kell megtervezni, hogy ellen\u00e1lljon a nagy terhel\u00e9seknek \u00e9s nyom\u00e1snak, \u00edgy a teherb\u00edr\u00e1sa kritikus t\u00e9nyez\u0151. A tervez\u00e9snek figyelembe kell vennie a g\u00e9p \u00e9s az emelt anyag s\u00faly\u00e1t.<\/p>\n<h3>T\u00f6m\u00edt\u00e9s \u00e9s tart\u00f3ss\u00e1g<\/h3>\n<p>A v\u00f6d\u00f6rhengernek tart\u00f3snak, t\u00f6m\u00edtettnek \u00e9s a m\u0171k\u00f6d\u00e9si k\u00f6rnyezetnek ellen\u00e1ll\u00f3nak kell lennie. A hengert kop\u00e1s\u00e1ll\u00f3 \u00e9s korr\u00f3zi\u00f3\u00e1ll\u00f3 anyagokb\u00f3l kell tervezni az \u00e9lettartam\u00e1nak meghosszabb\u00edt\u00e1sa \u00e9rdek\u00e9ben.<\/p>\n<h3>Biztons\u00e1gi szempontok<\/h3>\n<p>A kan\u00e1l munkahenger\u00e9t a biztons\u00e1g szem el\u0151tt tart\u00e1s\u00e1val kell megtervezni. A hidraulikus rendszert biztons\u00e1gi funkci\u00f3kkal kell megtervezni a balesetek megel\u0151z\u00e9se \u00e9s a kezel\u0151 biztons\u00e1g\u00e1nak garant\u00e1l\u00e1sa \u00e9rdek\u00e9ben.<\/p>\n<p><img decoding=\"async\" src=\"https:\/\/www.hydraulic-cylinders.net\/wp-content\/uploads\/2025\/01\/songte-oil-pipes-and-spare-parts.webp\"><\/p>\n<h3>Ken\u00e9s \u00e9s t\u00f6m\u00edt\u00e9s<\/h3>\n<p>A serleghengert rendszeresen kenni kell a kop\u00e1s cs\u00f6kkent\u00e9se \u00e9s a rendszer k\u00e1rosod\u00e1s\u00e1nak megel\u0151z\u00e9se \u00e9rdek\u00e9ben. A megfelel\u0151 t\u00f6m\u00edt\u00e9sek \u00e9s anyagok haszn\u00e1lata jav\u00edthatja a henger teljes\u00edtm\u00e9ny\u00e9t \u00e9s hat\u00e9konys\u00e1g\u00e1t.<\/p>\n<h2>Karbantart\u00e1si \u00e9s telep\u00edt\u00e9si \u00fatmutat\u00f3<\/h2>\n<h3>Telep\u00edt\u00e9si \u00fatmutat\u00f3<\/h3>\n<p>A v\u00f6d\u00f6rhengert megfelel\u0151en kell felszerelni a biztons\u00e1gos \u00e9s hat\u00e9kony m\u0171k\u00f6d\u00e9s biztos\u00edt\u00e1sa \u00e9rdek\u00e9ben. Javasoljuk a megfelel\u0151 r\u00f6gz\u00edt\u0151konzolok haszn\u00e1lat\u00e1t a henger r\u00f6gz\u00edt\u00e9s\u00e9hez, \u00e9s a hengert megfelel\u0151en kell be\u00e1ll\u00edtani.<\/p>\n<h3>Karbantart\u00e1si feladatok<\/h3>\n<p>Az al\u00e1bbiakban felsoroljuk a gyakori karbantart\u00e1si feladatokat:<\/p>\n<ul>\n<li><strong>Rendszeres ellen\u0151rz\u00e9sek:<\/strong> A rendszeres ellen\u0151rz\u00e9s seg\u00edthet megel\u0151zni a probl\u00e9m\u00e1kat \u00e9s biztos\u00edtani a henger teljes\u00edtm\u00e9ny\u00e9t.<\/li>\n<li><strong>Ken\u00e9s:<\/strong> A ken\u00e9s seg\u00edthet cs\u00f6kkenteni a kop\u00e1st \u00e9s meghosszabb\u00edtani a henger \u00e9lettartam\u00e1t.<\/li>\n<li><strong>T\u00f6m\u00edt\u00e9s csere:<\/strong> A t\u00f6m\u00edt\u00e9sek cser\u00e9je jav\u00edthatja a henger teljes\u00edtm\u00e9ny\u00e9t \u00e9s hat\u00e9konys\u00e1g\u00e1t.<\/li>\n<li><strong>Kalibr\u00e1ci\u00f3s ellen\u0151rz\u00e9s:<\/strong> A rendszeres kalibr\u00e1ci\u00f3s ellen\u0151rz\u00e9sek biztos\u00edthatj\u00e1k a henger megfelel\u0151 m\u0171k\u00f6d\u00e9s\u00e9t.<\/li>\n<\/ul>\n<h3>A helyes telep\u00edt\u00e9s \u00e9s karbantart\u00e1s fontoss\u00e1ga<\/h3>\n<p>A megfelel\u0151 telep\u00edt\u00e9s \u00e9s karbantart\u00e1s kritikus fontoss\u00e1g\u00fa a serleghenger biztons\u00e1gos \u00e9s hat\u00e9kony m\u0171k\u00f6d\u00e9s\u00e9hez. A megfelel\u0151 telep\u00edt\u00e9s megel\u0151zheti a baleseteket, m\u00edg a karbantart\u00e1si feladatok meghosszabb\u00edthatj\u00e1k a henger \u00e9lettartam\u00e1t \u00e9s jav\u00edthatj\u00e1k a teljes\u00edtm\u00e9ny\u00e9t.<\/p>\n<p><img decoding=\"async\" src=\"https:\/\/www.hydraulic-cylinders.net\/wp-content\/uploads\/2025\/01\/songte-chushion-collar.webp\"><\/p>\n<h2>Biztons\u00e1gi szempontok \u00e9s k\u00f6rnyezeti t\u00e9nyez\u0151k<\/h2>\n<p>A kan\u00e1lhenger haszn\u00e1latakor a biztons\u00e1gi szempontok elengedhetetlenek. A hidraulikus rendszert biztons\u00e1gi funkci\u00f3kkal kell megtervezni a balesetek megel\u0151z\u00e9se \u00e9s a kezel\u0151 biztons\u00e1g\u00e1nak garant\u00e1l\u00e1sa \u00e9rdek\u00e9ben. A hengert a k\u00f6rnyezeti t\u00e9nyez\u0151ket is figyelembe v\u00e9ve kell megtervezni, hogy biztos\u00edtsa a tervezett k\u00f6rnyezetben val\u00f3 m\u0171k\u00f6d\u00e9s\u00e9t.<\/p>\n<h2>Hibaelh\u00e1r\u00edt\u00e1s \u00e9s gyakori probl\u00e9m\u00e1k<\/h2>\n<p>Az al\u00e1bbiakban felsoroljuk a gyakori probl\u00e9m\u00e1kat, amelyek el\u0151fordulhatnak:<\/p>\n<ul>\n<li><strong>Sziv\u00e1rg\u00e1s:<\/strong> A sziv\u00e1rg\u00e1s k\u00e1ros\u00edthatja a hidraulikus rendszert \u00e9s cs\u00f6kkentheti a henger teljes\u00edtm\u00e9ny\u00e9t.<\/li>\n<li><strong>Lass\u00fa m\u0171k\u00f6d\u00e9s:<\/strong> A lass\u00fa m\u0171k\u00f6d\u00e9s alacsony hidraulikus nyom\u00e1sra vagy hib\u00e1san m\u0171k\u00f6d\u0151 hidraulikus rendszerre utalhat.<\/li>\n<li><strong>Szakaszos m\u0171k\u00f6d\u00e9s:<\/strong> A szakaszos m\u0171k\u00f6d\u00e9s hib\u00e1s szelepre vagy elt\u00f6m\u0151d\u00f6tt sz\u0171r\u0151re utalhat.<\/li>\n<\/ul>\n<h3>Tippek a hibaelh\u00e1r\u00edt\u00e1shoz \u00e9s a probl\u00e9mamegold\u00e1shoz<\/h3>\n<p>Ezen probl\u00e9m\u00e1k elker\u00fcl\u00e9se vagy megold\u00e1sa \u00e9rdek\u00e9ben aj\u00e1nlott rendszeresen ellen\u0151rizni a hidraulikus rendszert, biztos\u00edtani a megfelel\u0151 ken\u00e9st, ellen\u0151rizni a t\u00f6m\u00edt\u00e9seket, \u00e9s rendszeresen kalibr\u00e1lni a hengert.<\/p>\n<p><img decoding=\"async\" src=\"https:\/\/www.hydraulic-cylinders.net\/wp-content\/uploads\/2025\/01\/songte-bushings-with-all-kinds-of-excavator-models.webp\"><\/p>\n<h2>C\u00e9g\u00fcnkr\u0151l<\/h2>\n<p>Hidraulikus hengerek gy\u00e1rt\u00f3ja vagyunk, amelyek k\u00e9pesek m\u00e1s hidraulikus hengereket helyettes\u00edteni. C\u00e9g\u00fcnk teljes term\u00e9kk\u00edn\u00e1lattal rendelkezik, \u00e9s a hazai \u00e9s nemzetk\u00f6zi piacok egyik vezet\u0151 hidraulikus hengergy\u00e1rt\u00f3j\u00e1v\u00e1 \u00e9s nagykereskedelmi forgalmaz\u00f3j\u00e1v\u00e1 v\u00e1lt. A kiv\u00e1l\u00f3s\u00e1g elv\u00e9t k\u00f6vetj\u00fck, \u00e9s finomgy\u00e1rt\u00f3 m\u0171helyeinkben ipari termel\u00e9sir\u00e1ny\u00edt\u00e1si strat\u00e9gi\u00e1kra t\u00e1maszkodunk. C\u00e9g\u00fcnk folyamatosan fejleszti m\u0171hely\u00fcnk gy\u00e1rt\u00e1si platformj\u00e1t a m\u0171szaki tehets\u00e9gek, a digit\u00e1lis, cs\u00facskateg\u00f3ri\u00e1s gy\u00e1rt\u00f3berendez\u00e9sek \u00e9s a professzion\u00e1lis tesztel\u0151rendszerek r\u00e9v\u00e9n, \u00e9s er\u0151s kreat\u00edv k\u00e9pess\u00e9ggel rendelkezik, hogy a nagy hat\u00e9konys\u00e1g, a nagy pontoss\u00e1g \u00e9s a kiv\u00e1l\u00f3 min\u0151s\u00e9g elveivel kiel\u00e9g\u00edtse az \u00fcgyfelek soksz\u00edn\u0171 ig\u00e9nyeit.<\/p>\n<p>Professzion\u00e1lis szolg\u00e1ltat\u00e1sokat, nemzetk\u00f6zi tan\u00fas\u00edt\u00e1st, testreszabott szolg\u00e1ltat\u00e1sokat, gy\u00e1rt\u00f3berendez\u00e9seket \u00e9s \u00e9rt\u00e9kes\u00edt\u00e9s ut\u00e1ni szolg\u00e1ltat\u00e1st k\u00edn\u00e1lunk.<\/p>\n<p><img decoding=\"async\" src=\"https:\/\/www.hydraulic-cylinders.net\/wp-content\/uploads\/2025\/01\/songte-company-3.webp\"><\/p>\n<p>Lyl \u00e1ltal.<\/p>","protected":false},"excerpt":{"rendered":"<p>Bucket Cylinder For Pushhm PZ165-8 Introduction Definition of Bucket Cylinder A bucket cylinder is a type of hydraulic cylinder that is specifically designed to control the movement of the bucket in heavy machinery such as excavators, backhoes, and front-end loaders. Its main function is to allow the bucket to be lifted, lowered, and tilted for [&hellip;]<\/p>","protected":false},"featured_media":14762,"comment_status":"open","ping_status":"closed","template":"","meta":{"_et_pb_use_builder":"","_et_pb_old_content":"","_et_gb_content_width":""},"product_brand":[],"product_cat":[1494],"product_tag":[1495,1496],"class_list":{"0":"post-15820","1":"product","2":"type-product","3":"status-publish","4":"has-post-thumbnail","6":"product_cat-bucket-cylinders","7":"product_tag-bucket-cylinders","8":"product_tag-hydraulic-cylinders","10":"first","11":"instock","12":"shipping-taxable","13":"product-type-simple"},"amp_enabled":true,"_links":{"self":[{"href":"https:\/\/www.hydraulic-cylinders.net\/hu\/wp-json\/wp\/v2\/product\/15820","targetHints":{"allow":["GET"]}}],"collection":[{"href":"https:\/\/www.hydraulic-cylinders.net\/hu\/wp-json\/wp\/v2\/product"}],"about":[{"href":"https:\/\/www.hydraulic-cylinders.net\/hu\/wp-json\/wp\/v2\/types\/product"}],"replies":[{"embeddable":true,"href":"https:\/\/www.hydraulic-cylinders.net\/hu\/wp-json\/wp\/v2\/comments?post=15820"}],"wp:featuredmedia":[{"embeddable":true,"href":"https:\/\/www.hydraulic-cylinders.net\/hu\/wp-json\/wp\/v2\/media\/14762"}],"wp:attachment":[{"href":"https:\/\/www.hydraulic-cylinders.net\/hu\/wp-json\/wp\/v2\/media?parent=15820"}],"wp:term":[{"taxonomy":"product_brand","embeddable":true,"href":"https:\/\/www.hydraulic-cylinders.net\/hu\/wp-json\/wp\/v2\/product_brand?post=15820"},{"taxonomy":"product_cat","embeddable":true,"href":"https:\/\/www.hydraulic-cylinders.net\/hu\/wp-json\/wp\/v2\/product_cat?post=15820"},{"taxonomy":"product_tag","embeddable":true,"href":"https:\/\/www.hydraulic-cylinders.net\/hu\/wp-json\/wp\/v2\/product_tag?post=15820"}],"curies":[{"name":"munkaf\u00fczet","href":"https:\/\/api.w.org\/{rel}","templated":true}]}}