{"id":15823,"date":"2025-01-19T15:02:07","date_gmt":"2025-01-19T15:02:07","guid":{"rendered":"https:\/\/www.hydraulic-cylinders.net\/product\/bucket-cylinder-for-pushhm-pz330-8\/"},"modified":"2025-01-19T15:02:09","modified_gmt":"2025-01-19T15:02:09","slug":"bucket-cylinder-for-pushhm-pz330-8","status":"publish","type":"product","link":"https:\/\/www.hydraulic-cylinders.net\/hu\/termek\/bucket-cylinder-for-pushhm-pz330-8\/","title":{"rendered":"V\u00f6d\u00f6rhenger Pushhm PZ330-8-hoz"},"content":{"rendered":"<h1>V\u00f6d\u00f6rhenger Pushhm PZ330-8-hoz<\/h1>\n<h2>Bevezet\u00e9s<\/h2>\n<p>A Pushhm PZ330-8 kan\u00e1lhengere egy speci\u00e1lisan tervezett hidraulikus henger, amelyet neh\u00e9zg\u00e9pek, p\u00e9ld\u00e1ul kotr\u00f3g\u00e9pek, kotr\u00f3g\u00e9pek \u00e9s homlokrakod\u00f3k kan\u00e1lmozg\u00e1s\u00e1nak vez\u00e9rl\u00e9s\u00e9re haszn\u00e1lnak. F\u0151 funkci\u00f3ja a kan\u00e1l emel\u00e9se, s\u00fcllyeszt\u00e9se \u00e9s billent\u00e9se a k\u00f6nnyebb anyagmozgat\u00e1si feladatok \u00e9rdek\u00e9ben. Hidraulikus rendszerekben a kan\u00e1lhenger pontosan vez\u00e9rli a kan\u00e1l mozg\u00e1s\u00e1t a hidraulikaolaj nyom\u00e1s\u00e1nak v\u00e1ltoz\u00e1sai alapj\u00e1n, lehet\u0151v\u00e9 t\u00e9ve a kezel\u0151k sz\u00e1m\u00e1ra, hogy hat\u00e9konyan kezelj\u00e9k a neh\u00e9z terheket, mik\u00f6zben alkalmazkodnak az \u00f6sszetett munkak\u00f6rnyezetekhez \u00e9s a v\u00e1ltozatos m\u0171k\u00f6d\u00e9si ig\u00e9nyekhez.<\/p>\n<p><img decoding=\"async\" src=\"https:\/\/www.hydraulic-cylinders.net\/wp-content\/uploads\/2025\/01\/songte-company-2.webp\"><\/p>\n<h2>Jellemz\u0151k<\/h2>\n<ul>\n<li>Nagy szil\u00e1rds\u00e1g \u00e9s tart\u00f3ss\u00e1g: A jellemz\u0151en nagy szil\u00e1rds\u00e1g\u00fa ac\u00e9lb\u00f3l vagy alum\u00edniumb\u00f3l k\u00e9sz\u00fclt kan\u00e1lhenger ellen\u00e1ll a nagy nyom\u00e1snak \u00e9s a neh\u00e9z terhel\u00e9seknek, alkalmazkodik a zord munkak\u00f6rnyezethez, \u00e9s a kop\u00e1s\u00e1ll\u00f3s\u00e1got \u00e9s a korr\u00f3zi\u00f3\u00e1ll\u00f3s\u00e1got szem el\u0151tt tartva tervezt\u00e9k, hogy meghosszabb\u00edts\u00e1k \u00e9lettartam\u00e1t.<\/li>\n<li>Hat\u00e9kony hidraulikus m\u0171k\u00f6d\u00e9s: A hidraulikaolaj nyom\u00e1s\u00e1nak k\u00f6sz\u00f6nhet\u0151en a henger sima kiny\u00fajt\u00e1st \u00e9s \u00f6sszeh\u00faz\u00f3d\u00e1st biztos\u00edt, gyorsan reag\u00e1l a vez\u00e9rl\u0151parancsokra, er\u0151teljes tol\u00f3- \u00e9s h\u00faz\u00f3er\u0151t biztos\u00edt, \u00e9s alkalmas neh\u00e9z terhek \u00e9s \u00f6sszetett feladatok kezel\u00e9s\u00e9re.<\/li>\n<li>T\u00f6bb t\u00edpus: Az egyszeres m\u0171k\u00f6d\u00e9s\u0171 (a hidraulikafolyad\u00e9k csak egy ir\u00e1nyban m\u0171k\u00f6dik) vagy kett\u0151s m\u0171k\u00f6d\u00e9s\u0171 (a hidraulikafolyad\u00e9k mindk\u00e9t ir\u00e1nyban m\u0171k\u00f6dik) hengerek az \u00fczemi ig\u00e9nyeknek megfelel\u0151en v\u00e1laszthat\u00f3k. Egyes modellek teleszk\u00f3posak, \u00edgy nagyobb kiny\u00fal\u00e1st tesznek lehet\u0151v\u00e9 a k\u00fcls\u0151 m\u00e9retek n\u00f6vel\u00e9se n\u00e9lk\u00fcl, \u00edgy alkalmasak korl\u00e1tozott helyig\u00e9ny\u0171 alkalmaz\u00e1sokhoz.<\/li>\n<li>K\u00f6nnyen cser\u00e9lhet\u0151 m\u00e1s hidraulikus hengerek: Term\u00e9k\u00fcnk kompatibilis m\u00e1s hidraulikus hengerekkel, \u00e9s t\u00f6k\u00e9letesen helyettes\u00edtheti azokat.<\/li>\n<li>Testreszabhat\u00f3: K\u00fcl\u00f6nb\u00f6z\u0151 m\u00e9retekben kaphat\u00f3, \u00e9s az adott m\u0171k\u00f6d\u00e9si ig\u00e9nyeknek megfelel\u0151en testreszabhat\u00f3.<\/li>\n<\/ul>\n<p><img decoding=\"async\" src=\"https:\/\/www.hydraulic-cylinders.net\/wp-content\/uploads\/2025\/01\/songte-cylinder-head-with-all-kinds-excavator-models.webp\"><\/p>\n<h2>Alkalmaz\u00e1sok<\/h2>\n<p>A kan\u00e1lhenger sz\u00e9les k\u00f6rben alkalmazhat\u00f3 k\u00fcl\u00f6nf\u00e9le ipar\u00e1gakban, p\u00e9ld\u00e1ul \u00e9p\u00edt\u0151ipari berendez\u00e9sekben, mez\u0151gazdas\u00e1gi g\u00e9pekben, kotr\u00f3g\u00e9pekben \u00e9s homlokrakod\u00f3kban. <\/p>\n<h3>\u00c9p\u00edt\u0151ipari berendez\u00e9sek<\/h3>\n<p>Az \u00e9p\u00edt\u0151ipari g\u00e9pek, mint p\u00e9ld\u00e1ul a kotr\u00f3g\u00e9pek \u00e9s a kotr\u00f3g\u00e9pek, kan\u00e1lhengerekre t\u00e1maszkodnak a talaj vagy t\u00f6rmel\u00e9k ki\u00e1s\u00e1s\u00e1hoz, rakod\u00e1s\u00e1hoz \u00e9s mozgat\u00e1s\u00e1hoz. A kotr\u00f3g\u00e9pekben a kan\u00e1lhenger seg\u00edti az \u00e1s\u00e1st \u00e9s az emel\u00e9st. <\/p>\n<h3>Mez\u0151gazdas\u00e1gi g\u00e9pek<\/h3>\n<p>A mez\u0151gazdas\u00e1gi g\u00e9pekben a kan\u00e1lhengereket homlokrakod\u00f3kban haszn\u00e1lj\u00e1k talaj, sz\u00e9na \u00e9s egy\u00e9b anyagok felv\u00e9tel\u00e9re, emel\u00e9s\u00e9re \u00e9s sz\u00e1ll\u00edt\u00e1s\u00e1ra. <\/p>\n<h3>Kotr\u00f3g\u00e9pek<\/h3>\n<p>A kotr\u00f3g\u00e9pek kan\u00e1lhengerei lehet\u0151v\u00e9 teszik, hogy a kan\u00e1l behatoljon a talajba az \u00e1s\u00e1si m\u0171veletek sor\u00e1n.<\/p>\n<h3>Homlokrakod\u00f3k<\/h3>\n<p>A homlokrakod\u00f3kn\u00e1l a kan\u00e1lhenger seg\u00edti az emel\u00e9st \u00e9s a billent\u00e9st, hogy hat\u00e9konyan \u00fcr\u00edtse ki az \u00e1rut.<\/p>\n<p><img decoding=\"async\" src=\"https:\/\/www.hydraulic-cylinders.net\/wp-content\/uploads\/2025\/01\/songte-bushings-with-all-kinds-of-excavator-models.webp\"><\/p>\n<h2>Tervez\u00e9si \u00e9s kiv\u00e1laszt\u00e1si szabv\u00e1nyok<\/h2>\n<ul>\n<li>Teherb\u00edr\u00e1s: A kan\u00e1lhenger nagy nyom\u00e1snak \u00e9s nagy terhel\u00e9snek van kit\u00e9ve, biztos\u00edtva a biztons\u00e1gos m\u0171k\u00f6d\u00e9s\u00e9t.<\/li>\n<li>T\u00f6m\u00edt\u00e9s: A henger k\u00fcl\u00f6nf\u00e9le t\u00f6m\u00edt\u0151elemeket haszn\u00e1l, p\u00e9ld\u00e1ul dugatty\u00fat\u00f6m\u00edt\u00e9seket \u00e9s r\u00fadt\u00f6m\u00edt\u00e9seket kop\u00e1s\u00e1ll\u00f3 poliuret\u00e1nb\u00f3l vagy nitrilgumib\u00f3l a t\u00f6m\u00edt\u00e9si teljes\u00edtm\u00e9ny jav\u00edt\u00e1sa \u00e9rdek\u00e9ben.<\/li>\n<li>Tart\u00f3ss\u00e1g: A henger fel\u00fclete finom megmunk\u00e1l\u00e1son esik \u00e1t, hogy fokozza kop\u00e1s\u00e1ll\u00f3s\u00e1g\u00e1t, meghosszabb\u00edtsa \u00e9lettartam\u00e1t \u00e9s cs\u00f6kkentse a karbantart\u00e1s gyakoris\u00e1g\u00e1t.<\/li>\n<li>Biztons\u00e1g: A hengert a biztons\u00e1gi el\u0151\u00edr\u00e1soknak megfelel\u0151en tervezt\u00e9k, \u00e9s biztons\u00e1gi eszk\u00f6z\u00f6kkel, p\u00e9ld\u00e1ul p\u00e1rn\u00e1zott gall\u00e9rokkal rendelkezik a v\u00e9letlen \u00fct\u00e9sek megakad\u00e1lyoz\u00e1sa \u00e9rdek\u00e9ben.<\/li>\n<li>Karbantarthat\u00f3s\u00e1g: A hengert \u00fagy tervezt\u00e9k, hogy k\u00f6nnyen sz\u00e9tszerelhet\u0151, jav\u00edthat\u00f3 \u00e9s karbantarthat\u00f3 legyen, lehet\u0151v\u00e9 t\u00e9ve a hib\u00e1k gyors \u00e9szlel\u00e9s\u00e9t \u00e9s elh\u00e1r\u00edt\u00e1s\u00e1t.<\/li>\n<\/ul>\n<p><img decoding=\"async\" src=\"https:\/\/www.hydraulic-cylinders.net\/wp-content\/uploads\/2025\/01\/songte-oil-pipes-and-spare-parts.webp\"><\/p>\n<h2>T\u00f6m\u00edt\u00e9s \u00e9s ken\u00e9s<\/h2>\n<p>A henger k\u00fcl\u00f6nf\u00e9le t\u00f6m\u00edt\u0151elemeket haszn\u00e1l, p\u00e9ld\u00e1ul dugatty\u00fat\u00f6m\u00edt\u00e9seket \u00e9s r\u00fadt\u00f6m\u00edt\u00e9seket kop\u00e1s\u00e1ll\u00f3 poliuret\u00e1nb\u00f3l vagy nitrilgumib\u00f3l a t\u00f6m\u00edt\u00e9si teljes\u00edtm\u00e9ny jav\u00edt\u00e1sa \u00e9rdek\u00e9ben. A henger fel\u00fclete finom megmunk\u00e1l\u00e1son esik \u00e1t a kop\u00e1s\u00e1ll\u00f3s\u00e1g fokoz\u00e1sa, az \u00e9lettartam meghosszabb\u00edt\u00e1sa \u00e9s a karbantart\u00e1s gyakoris\u00e1g\u00e1nak cs\u00f6kkent\u00e9se \u00e9rdek\u00e9ben. Rendszeresen haszn\u00e1ljon megfelel\u0151 mennyis\u00e9g\u0171 hidraulikaolajat ken\u00e9shez.<\/p>\n<h2>Karbantart\u00e1s \u00e9s jav\u00edt\u00e1s<\/h2>\n<p>A henger \u00e9lettartam\u00e1nak meghosszabb\u00edt\u00e1s\u00e1hoz elengedhetetlen a rendszeres ellen\u0151rz\u00e9s, a megfelel\u0151 ken\u00e9s, a t\u00f6m\u00edt\u00e9sek cser\u00e9je, a kalibr\u00e1l\u00e1s ellen\u0151rz\u00e9se \u00e9s egy\u00e9b karbantart\u00e1si feladatok. A telep\u00edt\u00e9s sor\u00e1n a hengert megfelel\u0151en kell be\u00e1ll\u00edtani, \u00e9s a megfelel\u0151 r\u00f6gz\u00edt\u0151konzolokkal r\u00f6gz\u00edteni. Az aj\u00e1nlott ellen\u0151rz\u00e9si, jav\u00edt\u00e1si \u00e9s csere elj\u00e1r\u00e1sokat is ismertetj\u00fck.<\/p>\n<p><img decoding=\"async\" src=\"https:\/\/www.hydraulic-cylinders.net\/wp-content\/uploads\/2025\/01\/songte-chushion-collar.webp\"><\/p>\n<h2>Biztons\u00e1g \u00e9s k\u00f6rnyezetv\u00e9delem<\/h2>\n<p>A v\u00f6dr\u00f6s henger haszn\u00e1latakor elengedhetetlen a biztons\u00e1gi int\u00e9zked\u00e9sek betart\u00e1sa, p\u00e9ld\u00e1ul a v\u00e9d\u0151felszerel\u00e9s visel\u00e9se, a kezel\u00e9si utas\u00edt\u00e1sok betart\u00e1sa, valamint a rendszeres karbantart\u00e1s \u00e9s ellen\u0151rz\u00e9s elv\u00e9gz\u00e9se a biztons\u00e1gos \u00fczemeltet\u00e9s biztos\u00edt\u00e1sa \u00e9rdek\u00e9ben. Ezenk\u00edv\u00fcl a hengert k\u00f6rnyezetv\u00e9delmi szempontokat szem el\u0151tt tartva tervezt\u00e9k, olyan anyagok felhaszn\u00e1l\u00e1s\u00e1val, amelyek el\u0151seg\u00edtik az \u00fajrahasznos\u00edt\u00e1st \u00e9s cs\u00f6kkentik a sz\u00e9n-dioxid-kibocs\u00e1t\u00e1st a gy\u00e1rt\u00e1s sor\u00e1n.<\/p>\n<h2>Hibaelh\u00e1r\u00edt\u00e1s \u00e9s gyakori probl\u00e9m\u00e1k<\/h2>\n<ul>\n<li>T\u00f6m\u00edt\u00e9s sziv\u00e1rg\u00e1sa: Ezt okozhatja a t\u00f6m\u00edt\u0151gy\u0171r\u0171 s\u00e9r\u00fcl\u00e9se vagy a rossz t\u00f6m\u00edt\u00e9s. Id\u0151ben cser\u00e9lje ki a t\u00f6m\u00edt\u0151gy\u0171r\u0171t, vagy jav\u00edtsa meg a t\u00f6m\u00edt\u00e9st.<\/li>\n<li>Olajsziv\u00e1rg\u00e1s: A dugatty\u00far\u00fad vagy a henger s\u00e9r\u00fcl\u00e9se okozhatja. Cser\u00e9lje ki a s\u00e9r\u00fclt alkatr\u00e9szt, vagy jav\u00edtsa meg id\u0151ben az olajt\u00f6m\u00edt\u00e9st.<\/li>\n<li>Rendellenes zaj: A zajt a p\u00e1rn\u00e1z\u00f3 gall\u00e9r s\u00e9r\u00fcl\u00e9se vagy a nem megfelel\u0151 beszerel\u00e9s okozhatja. Cser\u00e9lje ki a p\u00e1rn\u00e1z\u00f3 gall\u00e9rt, vagy szerelje \u00fajra a hengert.<\/li>\n<\/ul>\n<p>A rendszeres ellen\u0151rz\u00e9s \u00e9s karbantart\u00e1s megel\u0151zheti az ilyen probl\u00e9m\u00e1kat, \u00e9s biztos\u00edthatja a henger z\u00f6kken\u0151mentes m\u0171k\u00f6d\u00e9s\u00e9t.<\/p>\n<p><img decoding=\"async\" src=\"https:\/\/hzpt.com\/wp-content\/uploads\/2024\/11\/songte-company-1.webp\"><\/p>\n<h2>C\u00e9g\u00fcnkr\u0151l<\/h2>\n<p>Hidraulikus hengergy\u00e1rt\u00f3k\u00e9nt specializ\u00e1l\u00f3dtunk csere hidraulikus hengerek gy\u00e1rt\u00e1s\u00e1ra. Term\u00e9keink k\u00fcl\u00f6nf\u00e9le t\u00edpusokban kaphat\u00f3k, \u00e9s a hazai \u00e9s nemzetk\u00f6zi piacok egyik vezet\u0151 hidraulikus hengergy\u00e1rt\u00f3ja \u00e9s nagykereskedelmi forgalmaz\u00f3ja vagyunk. A kiv\u00e1l\u00f3 min\u0151s\u00e9g elv\u00e9t k\u00f6vetj\u00fck, olyan ipari termel\u00e9sir\u00e1ny\u00edt\u00e1si strat\u00e9gi\u00e1kra t\u00e1maszkodva, amelyek kiv\u00e1l\u00f3 gy\u00e1rt\u00f3m\u0171helyekre, m\u0171szaki szem\u00e9lyzetre, digit\u00e1lis, cs\u00facskateg\u00f3ri\u00e1s gy\u00e1rt\u00f3berendez\u00e9sekre \u00e9s professzion\u00e1lis tesztel\u0151rendszerekre t\u00e1maszkodnak gy\u00e1rt\u00e1si platformunk \u00e9s termel\u00e9si min\u0151s\u00e9gi vonalaink folyamatos fejleszt\u00e9se \u00e9rdek\u00e9ben. Er\u0151s kreativit\u00e1ssal, nagy hat\u00e9konys\u00e1ggal, nagy pontoss\u00e1ggal \u00e9s magas min\u0151s\u00e9gi elvekkel rendelkez\u00fcnk, amelyek teljes m\u00e9rt\u00e9kben kiel\u00e9g\u00edtik \u00fcgyfeleink sokr\u00e9t\u0171 ig\u00e9nyeit.<\/p>\n<h3>Szakmaiass\u00e1g<\/h3>\n<p>C\u00e9g\u00fcnk szakemberg\u00e1rd\u00e1ja k\u00e9pes testre szabni a hidraulikus hengereket a k\u00fcl\u00f6nb\u00f6z\u0151 ig\u00e9nyeknek megfelel\u0151en. Tan\u00e1csad\u00e1si szolg\u00e1ltat\u00e1sokat is ny\u00fajtunk azoknak az \u00fcgyfeleknek, akiknek szak\u00e9rt\u0151i tan\u00e1csra van sz\u00fcks\u00e9g\u00fck.<\/p>\n<h3>Nemzetk\u00f6zi min\u0151s\u00edt\u00e9s<\/h3>\n<p>Term\u00e9keink nemzetk\u00f6zi int\u00e9zm\u00e9nyek \u00e1ltal tan\u00fas\u00edtottak, \u00edgy biztos\u00edtva, hogy megfeleljenek a min\u0151s\u00e9gi szabv\u00e1nyoknak \u00e9s a biztons\u00e1gi k\u00f6vetelm\u00e9nyeknek. <\/p>\n<h3>Testreszab\u00e1si szolg\u00e1ltat\u00e1sok<\/h3>\n<p>Egyedi tervez\u00e9st, tesztel\u00e9st, gy\u00e1rt\u00e1st \u00e9s egy\u00e9b szolg\u00e1ltat\u00e1sokat k\u00edn\u00e1lunk, hogy megfelelj\u00fcnk \u00fcgyfeleink egyedi ig\u00e9nyeinek.<\/p>\n<h3>Termel\u00e9si berendez\u00e9sek<\/h3>\n<p>Kiv\u00e1l\u00f3 gy\u00e1rt\u00f3berendez\u00e9seket haszn\u00e1lunk term\u00e9keink pontoss\u00e1g\u00e1nak \u00e9s min\u0151s\u00e9g\u00e9nek biztos\u00edt\u00e1sa \u00e9rdek\u00e9ben.<\/p>\n<h3>\u00c9rt\u00e9kes\u00edt\u00e9s ut\u00e1ni szolg\u00e1ltat\u00e1s<\/h3>\n<p>\u00c9rt\u00e9kes\u00edt\u00e9s ut\u00e1ni szolg\u00e1ltat\u00e1st ny\u00fajtunk az \u00fcgyfelek el\u00e9gedetts\u00e9g\u00e9nek biztos\u00edt\u00e1sa \u00e9s a v\u00e1s\u00e1rl\u00e1s ut\u00e1n felmer\u00fcl\u0151 probl\u00e9m\u00e1k megold\u00e1sa \u00e9rdek\u00e9ben.<\/p>\n<p><img decoding=\"async\" src=\"https:\/\/www.hydraulic-cylinders.net\/wp-content\/uploads\/2025\/01\/songte-company-3.webp\"><\/p>\n<p>Szerz\u0151: lyl<\/p>","protected":false},"excerpt":{"rendered":"<p>Bucket Cylinder For Pushhm PZ330-8 Introduction The bucket cylinder for Pushhm PZ330-8 is a specially designed hydraulic cylinder used to control the movement of the bucket in heavy machinery like excavators, backhoe excavators, and front-end loaders. Its main function is to allow the bucket to lift, lower, and tilt for easier material handling tasks. In [&hellip;]<\/p>","protected":false},"featured_media":14788,"comment_status":"open","ping_status":"closed","template":"","meta":{"_et_pb_use_builder":"","_et_pb_old_content":"","_et_gb_content_width":""},"product_brand":[],"product_cat":[1494],"product_tag":[1495,1496],"class_list":{"0":"post-15823","1":"product","2":"type-product","3":"status-publish","4":"has-post-thumbnail","6":"product_cat-bucket-cylinders","7":"product_tag-bucket-cylinders","8":"product_tag-hydraulic-cylinders","10":"first","11":"instock","12":"shipping-taxable","13":"product-type-simple"},"amp_enabled":true,"_links":{"self":[{"href":"https:\/\/www.hydraulic-cylinders.net\/hu\/wp-json\/wp\/v2\/product\/15823","targetHints":{"allow":["GET"]}}],"collection":[{"href":"https:\/\/www.hydraulic-cylinders.net\/hu\/wp-json\/wp\/v2\/product"}],"about":[{"href":"https:\/\/www.hydraulic-cylinders.net\/hu\/wp-json\/wp\/v2\/types\/product"}],"replies":[{"embeddable":true,"href":"https:\/\/www.hydraulic-cylinders.net\/hu\/wp-json\/wp\/v2\/comments?post=15823"}],"wp:featuredmedia":[{"embeddable":true,"href":"https:\/\/www.hydraulic-cylinders.net\/hu\/wp-json\/wp\/v2\/media\/14788"}],"wp:attachment":[{"href":"https:\/\/www.hydraulic-cylinders.net\/hu\/wp-json\/wp\/v2\/media?parent=15823"}],"wp:term":[{"taxonomy":"product_brand","embeddable":true,"href":"https:\/\/www.hydraulic-cylinders.net\/hu\/wp-json\/wp\/v2\/product_brand?post=15823"},{"taxonomy":"product_cat","embeddable":true,"href":"https:\/\/www.hydraulic-cylinders.net\/hu\/wp-json\/wp\/v2\/product_cat?post=15823"},{"taxonomy":"product_tag","embeddable":true,"href":"https:\/\/www.hydraulic-cylinders.net\/hu\/wp-json\/wp\/v2\/product_tag?post=15823"}],"curies":[{"name":"munkaf\u00fczet","href":"https:\/\/api.w.org\/{rel}","templated":true}]}}