{"id":15838,"date":"2025-01-19T15:03:16","date_gmt":"2025-01-19T15:03:16","guid":{"rendered":"https:\/\/www.hydraulic-cylinders.net\/product\/bucket-cylinder-for-yanmar-vi35-5b\/"},"modified":"2025-01-19T15:03:18","modified_gmt":"2025-01-19T15:03:18","slug":"bucket-cylinder-for-yanmar-vi35-5b","status":"publish","type":"product","link":"https:\/\/www.hydraulic-cylinders.net\/hu\/termek\/bucket-cylinder-for-yanmar-vi35-5b\/","title":{"rendered":"Kan\u00e1lhenger Yanmar VI35-5B-hez"},"content":{"rendered":"<h1>Kan\u00e1lhenger Yanmar VI35-5B-hez<\/h1>\n<h2>Bevezet\u00e9s<\/h2>\n<p>A kan\u00e1lhenger egy speci\u00e1lisan tervezett hidraulikus henger, amelyet els\u0151sorban neh\u00e9zg\u00e9pek, p\u00e9ld\u00e1ul kotr\u00f3g\u00e9pek, kotr\u00f3rakod\u00f3k \u00e9s homlokrakod\u00f3k kanalainak mozg\u00e1s\u00e1nak vez\u00e9rl\u00e9s\u00e9re haszn\u00e1lnak. F\u0151 funkci\u00f3ja a kan\u00e1l emel\u00e9s\u00e9nek, s\u00fcllyeszt\u00e9s\u00e9nek \u00e9s billent\u00e9s\u00e9nek lehet\u0151v\u00e9 t\u00e9tele, megk\u00f6nny\u00edtve a k\u00fcl\u00f6nf\u00e9le anyagmozgat\u00e1si feladatok elv\u00e9gz\u00e9s\u00e9t. A hidraulikus rendszerben a kan\u00e1lhenger a hidraulikaolaj nyom\u00e1sv\u00e1ltoz\u00e1sai r\u00e9v\u00e9n \u00e9ri el a kan\u00e1l pontos vez\u00e9rl\u00e9s\u00e9t, lehet\u0151v\u00e9 t\u00e9ve a kezel\u0151k sz\u00e1m\u00e1ra a neh\u00e9z t\u00e1rgyak hat\u00e9kony kezel\u00e9s\u00e9t, az \u00f6sszetett munkak\u00f6rnyezetekhez \u00e9s a v\u00e1ltozatos m\u0171k\u00f6d\u00e9si ig\u00e9nyekhez val\u00f3 alkalmazkod\u00e1st.<\/p>\n<p><img decoding=\"async\" src=\"https:\/\/www.hydraulic-cylinders.net\/wp-content\/uploads\/2025\/01\/songte-company-2.webp\"><\/p>\n<h2>Jellemz\u0151k<\/h2>\n<ul>\n<li>\n<h3>Nagy szil\u00e1rds\u00e1g \u00e9s tart\u00f3ss\u00e1g<\/h3>\n<p>A kan\u00e1lhengerek jellemz\u0151en nagy szil\u00e1rds\u00e1g\u00fa ac\u00e9lb\u00f3l vagy alum\u00edniumb\u00f3l k\u00e9sz\u00fclnek, k\u00e9pesek ellen\u00e1llni a nagy nyom\u00e1snak \u00e9s a nagy terhel\u00e9seknek, \u00e9s a kop\u00e1s- \u00e9s korr\u00f3zi\u00f3\u00e1ll\u00f3s\u00e1g figyelembev\u00e9tel\u00e9vel tervezt\u00e9k \u0151ket, meghosszabb\u00edtva \u00e9lettartamukat.<\/p>\n<\/li>\n<li>\n<h3>Hat\u00e9kony hidraulikus m\u0171k\u00f6dtet\u00e9s<\/h3>\n<p>A kan\u00e1lhengerek a hidraulikaolaj nyom\u00e1s\u00e1t haszn\u00e1lj\u00e1k a sima kiny\u00fajt\u00e1shoz \u00e9s visszah\u00faz\u00e1shoz, lehet\u0151v\u00e9 t\u00e9ve a gyors reag\u00e1l\u00e1st a vez\u00e9rl\u0151parancsokra, er\u0151teljes tol\u00f3- \u00e9s h\u00faz\u00f3er\u0151t biztos\u00edtva, \u00e9s alkalmasak neh\u00e9z t\u00e1rgyak \u00e9s \u00f6sszetett feladatok kezel\u00e9s\u00e9re.<\/p>\n<\/li>\n<li>\n<h3>K\u00fcl\u00f6nb\u00f6z\u0151 t\u00edpusok<\/h3>\n<p>A kan\u00e1lhengerek az \u00fczemeltet\u00e9si ig\u00e9nyekt\u0151l f\u00fcgg\u0151en egyszeres m\u0171k\u00f6d\u00e9s\u0171ek (csak egy ir\u00e1nyban haszn\u00e1lj\u00e1k a hidraulik\u00e1t) vagy kett\u0151s m\u0171k\u00f6d\u00e9s\u0171ek (mindk\u00e9t ir\u00e1nyban haszn\u00e1lj\u00e1k a hidraulik\u00e1t) lehetnek. Egyes modellek teleszk\u00f3posak, \u00edgy nagyobb kiny\u00fal\u00e1st tesznek lehet\u0151v\u00e9 a k\u00fcls\u0151 m\u00e9retek n\u00f6vel\u00e9se n\u00e9lk\u00fcl, \u00edgy alkalmasak korl\u00e1tozott helyig\u00e9ny\u0171 alkalmaz\u00e1sokhoz.<\/p>\n<\/li>\n<li>\n<h3>Helyettes\u00edthet\u0151<\/h3>\n<p>C\u00e9g\u00fcnk k\u00e9pes legy\u00e1rt\u00e1sra \u00e9s cser\u00e9re. Term\u00e9keink t\u00f6k\u00e9letesen helyettes\u00edtik ezeket a hidraulikus hengereket.<\/p>\n<p>    <img decoding=\"async\" src=\"https:\/\/www.hydraulic-cylinders.net\/wp-content\/uploads\/2025\/01\/songte-cylinder-head-with-all-kinds-excavator-models.webp\">\n  <\/li>\n<li>\n<h3>Sz\u00e9lesk\u00f6r\u0171 alkalmaz\u00e1sok<\/h3>\n<p>A v\u00f6d\u00f6rhengerek elengedhetetlenek k\u00fcl\u00f6nf\u00e9le berendez\u00e9sekhez, bele\u00e9rtve, de nem kiz\u00e1r\u00f3lagosan:<\/p>\n<ul>\n<li><strong>Kotr\u00f3g\u00e9pek:<\/strong> A kan\u00e1lhengerek lehet\u0151v\u00e9 teszik az \u00e1s\u00e1si m\u0171veletet az\u00e1ltal, hogy lehet\u0151v\u00e9 teszik a kan\u00e1l talajba hatol\u00e1s\u00e1t.<\/li>\n<li><strong>Homlokrakod\u00f3k:<\/strong> Hat\u00e9konyan seg\u00edtenek a rakom\u00e1ny emel\u00e9s\u00e9ben \u00e9s billent\u00e9s\u00e9ben.<\/li>\n<li><strong>Kotr\u00f3g\u00e9p-rakod\u00f3k:<\/strong> A kan\u00e1l munkahengerei seg\u00edtenek mind az \u00e1s\u00e1sban, mind az emel\u00e9sben.<\/li>\n<li><strong>Mez\u0151gazdas\u00e1gi g\u00e9pek:<\/strong> A homlokrakod\u00f3k, a kan\u00e1lhengerek seg\u00edtik a talaj, a sz\u00e9na \u00e9s egy\u00e9b anyagok gy\u0171jt\u00e9s\u00e9t, emel\u00e9s\u00e9t \u00e9s sz\u00e1ll\u00edt\u00e1s\u00e1t.<\/li>\n<\/ul>\n<\/li>\n<\/ul>\n<h2>Tervez\u00e9si szempontok \u00e9s kiv\u00e1laszt\u00e1si krit\u00e9riumok<\/h2>\n<p>A kan\u00e1lhengerek tervez\u00e9sekor a f\u0151 szempontok a k\u00f6vetkez\u0151k:<\/p>\n<ul>\n<li>\n<h3>Teherb\u00edr\u00e1s<\/h3>\n<p>A hengernek k\u00e9pesnek kell lennie ellen\u00e1llni a teher s\u00faly\u00e1nak \u00e9s a r\u00e1 hat\u00f3 tov\u00e1bbi er\u0151knek. A henger m\u00e9reteit \u00e9s anyagait a terhel\u00e9si k\u00f6vetelm\u00e9nyeknek megfelel\u0151en kell kiv\u00e1lasztani.<\/p>\n<\/li>\n<li>\n<h3>T\u00f6m\u00edt\u00e9s<\/h3>\n<p>A henger teljes\u00edtm\u00e9nye \u00e9s hossz\u00fa \u00e9lettartama a t\u00f6m\u00edt\u00e9sek min\u0151s\u00e9g\u00e9t\u0151l f\u00fcgg, amelyeknek kop\u00e1s\u00e1ll\u00f3 anyagokb\u00f3l, p\u00e9ld\u00e1ul poliuret\u00e1nb\u00f3l vagy nitrilgumib\u00f3l kell k\u00e9sz\u00fclni\u00fck. A henger test\u00e9t \u00e9s menetes v\u00e9gfel\u00fcleteit szint\u00e9n finoman kell kezelni a kop\u00e1s\u00e1ll\u00f3s\u00e1g jav\u00edt\u00e1sa \u00e9rdek\u00e9ben. A henger z\u00f6kken\u0151mentes m\u0171k\u00f6d\u00e9s\u00e9hez rendszeres hidraulikaolajjal val\u00f3 ken\u00e9s sz\u00fcks\u00e9ges.<\/p>\n<p>    <img decoding=\"async\" src=\"https:\/\/www.hydraulic-cylinders.net\/wp-content\/uploads\/2025\/01\/songte-oil-pipes-and-spare-parts.webp\">\n  <\/li>\n<li>\n<h3>Tart\u00f3ss\u00e1g \u00e9s biztons\u00e1g<\/h3>\n<p>A palacknak \u200b\u200bk\u00e9pesnek kell lennie ellen\u00e1llni a zord k\u00f6r\u00fclm\u00e9nyeknek, \u00e9s biztons\u00e1gosan kell m\u0171k\u00f6dnie. Anyagainak \u00e9s kialak\u00edt\u00e1s\u00e1nak a tart\u00f3ss\u00e1got kell el\u0151t\u00e9rbe helyeznie, \u00e9s biztons\u00e1gi funkci\u00f3kat, p\u00e9ld\u00e1ul nyom\u00e1scs\u00f6kkent\u0151 szelepeket kell be\u00e9p\u00edteni a s\u00e9r\u00fcl\u00e9sek megel\u0151z\u00e9se \u00e9s a balesetek kock\u00e1zat\u00e1nak cs\u00f6kkent\u00e9se \u00e9rdek\u00e9ben.<\/p>\n<\/li>\n<li>\n<h3>Karbantart\u00e1s \u00e9s jav\u00edt\u00e1s<\/h3>\n<p>A palackot \u00fagy kell megtervezni, hogy k\u00f6nnyen karbantarthat\u00f3 \u00e9s jav\u00edthat\u00f3 legyen, k\u00f6nnyen hozz\u00e1f\u00e9rhet\u0151 \u00e9s cser\u00e9lhet\u0151 alkatr\u00e9szekkel. A tervez\u00e9s sor\u00e1n figyelembe kell venni az id\u0151szakos ellen\u0151rz\u00e9st \u00e9s a megel\u0151z\u0151 karbantart\u00e1st is az \u00e9lettartam meghosszabb\u00edt\u00e1sa \u00e9rdek\u00e9ben.<\/p>\n<p>    <img decoding=\"async\" src=\"https:\/\/www.hydraulic-cylinders.net\/wp-content\/uploads\/2025\/01\/songte-chushion-collar.webp\">\n  <\/li>\n<\/ul>\n<h2>Telep\u00edt\u00e9s \u00e9s karbantart\u00e1s<\/h2>\n<p>A kan\u00e1lhengerek megfelel\u0151 beszerel\u00e9se, ken\u00e9se \u00e9s be\u00e1ll\u00edt\u00e1sa elengedhetetlen a megfelel\u0151 m\u0171k\u00f6d\u00e9s\u00fck \u00e9s hossz\u00fa \u00e9lettartamuk biztos\u00edt\u00e1s\u00e1hoz. A gyakori karbantart\u00e1si feladatok a k\u00f6vetkez\u0151k:<\/p>\n<ul>\n<li>\n<h3>Rendszeres ellen\u0151rz\u00e9s<\/h3>\n<p>A henger rendszeres ellen\u0151rz\u00e9se kop\u00e1s \u00e9s s\u00e9r\u00fcl\u00e9sek szempontj\u00e1b\u00f3l sz\u00fcks\u00e9ges a lehets\u00e9ges probl\u00e9m\u00e1k megel\u0151z\u00e9se \u00e9rdek\u00e9ben.<\/p>\n<\/li>\n<li>\n<h3>Ken\u00e9s<\/h3>\n<p>A megfelel\u0151 ken\u00e9s elengedhetetlen a kop\u00e1s \u00e9s a korr\u00f3zi\u00f3 megel\u0151z\u00e9s\u00e9hez, valamint a henger \u00e9lettartam\u00e1nak meghosszabb\u00edt\u00e1s\u00e1hoz.<\/p>\n<\/li>\n<li>\n<h3>T\u00f6m\u00edt\u00e9scsere \u00e9s kalibr\u00e1l\u00e1s ellen\u0151rz\u00e9se<\/h3>\n<p>A kopott t\u00f6m\u00edt\u00e9sek cser\u00e9je \u00e9s a henger rendszeres kalibr\u00e1l\u00e1sa biztos\u00edtja annak z\u00f6kken\u0151mentes m\u0171k\u00f6d\u00e9s\u00e9t \u00e9s hossz\u00fa \u00e9lettartam\u00e1t.<\/p>\n<\/li>\n<\/ul>\n<p>Fontos, hogy a telep\u00edt\u00e9s sor\u00e1n megfelel\u0151 be\u00e1ll\u00edt\u00e1si utas\u00edt\u00e1sokat adjunk a hengerhez, javasoljuk a megfelel\u0151 r\u00f6gz\u00edt\u0151konzolok haszn\u00e1lat\u00e1t a henger r\u00f6gz\u00edt\u00e9s\u00e9hez, \u00e9s javasoljuk az ellen\u0151rz\u00e9si, jav\u00edt\u00e1si \u00e9s csere elj\u00e1r\u00e1sokat a henger \u00e9lettartam\u00e1nak meghosszabb\u00edt\u00e1sa \u00e9rdek\u00e9ben. <\/p>\n<p><img decoding=\"async\" src=\"https:\/\/hzpt.com\/wp-content\/uploads\/2024\/11\/songte-company-1.webp\"><\/p>\n<h2>Biztons\u00e1gi szempontok \u00e9s k\u00f6rnyezeti t\u00e9nyez\u0151k<\/h2>\n<p>V\u00f6dr\u00f6s palackok haszn\u00e1latakor elengedhetetlen a biztons\u00e1gi elj\u00e1r\u00e1sok \u00e9s ir\u00e1nyelvek betart\u00e1sa a balesetek \u00e9s s\u00e9r\u00fcl\u00e9sek megel\u0151z\u00e9se \u00e9rdek\u00e9ben. A megfelel\u0151 szem\u00e9lyi v\u00e9d\u0151felszerel\u00e9sek, p\u00e9ld\u00e1ul keszty\u0171 \u00e9s v\u00e9d\u0151szem\u00fcveg haszn\u00e1lat\u00e1t is \u00f6szt\u00f6n\u00f6zni kell.<\/p>\n<h2>Hibaelh\u00e1r\u00edt\u00e1s \u00e9s gyakori probl\u00e9m\u00e1k<\/h2>\n<p>A kan\u00e1lhengerekkel kapcsolatos probl\u00e9m\u00e1k k\u00f6z\u00e9 tartozhatnak a sziv\u00e1rg\u00e1sok, a nem megfelel\u0151 m\u0171k\u00f6d\u00e9s \u00e9s a s\u00e9r\u00fcl\u00e9sek. A hibaelh\u00e1r\u00edt\u00e1shoz \u00e9s a probl\u00e9mamegold\u00e1shoz a hidraulikus rendszerek \u00e9s a henger m\u0171k\u00f6d\u00e9s\u00e9ben r\u00e9szt vev\u0151 mechanikus alkatr\u00e9szek ismerete sz\u00fcks\u00e9ges. A megfelel\u0151 diagn\u00f3zis \u00e9s a hat\u00e9kony probl\u00e9mamegold\u00e1s jobb teljes\u00edtm\u00e9ny\u0171 kan\u00e1lhengert eredm\u00e9nyez.<\/p>\n<p>A megel\u0151z\u0151 int\u00e9zked\u00e9sek, mint p\u00e9ld\u00e1ul a rendszeres ellen\u0151rz\u00e9s \u00e9s ken\u00e9s, minimaliz\u00e1lhatj\u00e1k a lehets\u00e9ges probl\u00e9m\u00e1k kock\u00e1zat\u00e1t.<\/p>\n<p><img decoding=\"async\" src=\"https:\/\/www.hydraulic-cylinders.net\/wp-content\/uploads\/2025\/01\/songte-bushings-with-all-kinds-of-excavator-models.webp\"><\/p>\n<h2>C\u00e9g\u00fcnkr\u0151l<\/h2>\n<p>Hidraulikus hengerek gy\u00e1rt\u00f3jak\u00e9nt sz\u00e9les term\u00e9kv\u00e1laszt\u00e9kkal \u00e9s a hazai \u00e9s nemzetk\u00f6zi piacokon egyar\u00e1nt jelenl\u00e9ttel rendelkez\u00fcnk. Elk\u00f6telezettek vagyunk a kiv\u00e1l\u00f3 min\u0151s\u00e9g\u0171 term\u00e9kek sz\u00e1ll\u00edt\u00e1sa ir\u00e1nt, a finomgy\u00e1rt\u00f3 m\u0171helyek ipari termel\u00e9sir\u00e1ny\u00edt\u00e1si strat\u00e9gi\u00e1j\u00e1ra t\u00e1maszkodva, valamint technol\u00f3giai tehets\u00e9gek, digit\u00e1lis cs\u00facskateg\u00f3ri\u00e1s gy\u00e1rt\u00f3berendez\u00e9sek \u00e9s professzion\u00e1lis tesztel\u0151rendszerek felhaszn\u00e1l\u00e1s\u00e1val a m\u0171hely gy\u00e1rt\u00e1si platformj\u00e1nak folyamatos fejleszt\u00e9se, a termel\u00e9si min\u0151s\u00e9g jav\u00edt\u00e1sa \u00e9s er\u0151s kreat\u00edv k\u00e9pess\u00e9gek biztos\u00edt\u00e1sa \u00e9rdek\u00e9ben. Term\u00e9keinket nagy hat\u00e9konys\u00e1ggal, pontoss\u00e1ggal \u00e9s min\u0151s\u00e9ggel tervezz\u00fck, kiel\u00e9g\u00edtve a soksz\u00edn\u0171 \u00fcgyf\u00e9lig\u00e9nyeket.<\/p>\n<ul>\n<li>\n<h3>Szakmaiass\u00e1g<\/h3>\n<p>Csapatunk tapasztalt szakemberekb\u0151l \u00e1ll, akik j\u00e1rtasak a hidraulikus hengerek tervez\u00e9s\u00e9ben \u00e9s gy\u00e1rt\u00e1s\u00e1ban.<\/p>\n<\/li>\n<li>\n<h3>Nemzetk\u00f6zi min\u0151s\u00edt\u00e9s<\/h3>\n<p>Term\u00e9keink megfelelnek a nemzetk\u00f6zi szabv\u00e1nyoknak, mint p\u00e9ld\u00e1ul az ISO \u00e9s a CE.<\/p>\n<\/li>\n<li>\n<h3>Testreszab\u00e1si szolg\u00e1ltat\u00e1sok<\/h3>\n<p>Testreszabott szolg\u00e1ltat\u00e1sokat k\u00edn\u00e1lunk, hogy megfelelj\u00fcnk az \u00fcgyfelek egyedi ig\u00e9nyeinek \u00e9s k\u00f6vetelm\u00e9nyeinek.<\/p>\n<\/li>\n<li>\n<h3>Termel\u00e9si berendez\u00e9sek<\/h3>\n<p>A legmodernebb digit\u00e1lis gy\u00e1rt\u00f3berendez\u00e9seket haszn\u00e1ljuk term\u00e9keink min\u0151s\u00e9g\u00e9nek biztos\u00edt\u00e1sa \u00e9rdek\u00e9ben.<\/p>\n<\/li>\n<li>\n<h3>\u00c9rt\u00e9kes\u00edt\u00e9s ut\u00e1ni szolg\u00e1ltat\u00e1s<\/h3>\n<p>\u00c1tfog\u00f3 \u00e9rt\u00e9kes\u00edt\u00e9s ut\u00e1ni szolg\u00e1ltat\u00e1st ny\u00fajtunk, bele\u00e9rtve a jav\u00edt\u00e1st \u00e9s a cser\u00e9t is.<\/p>\n<\/li>\n<\/ul>\n<p><img decoding=\"async\" src=\"https:\/\/www.hydraulic-cylinders.net\/wp-content\/uploads\/2025\/01\/songte-company-3.webp\"><\/p>\n<p>Szerz\u0151: lyl<\/p>","protected":false},"excerpt":{"rendered":"<p>Bucket Cylinder For Yanmar VI35-5B Introduction A bucket cylinder is a specially designed hydraulic cylinder primarily used to control the movement of buckets in heavy machinery such as excavators, backhoe loaders, and front-end loaders. Its main function is to enable the bucket to lift, lower, and tilt, making it easier to carry out various material [&hellip;]<\/p>","protected":false},"featured_media":14788,"comment_status":"open","ping_status":"closed","template":"","meta":{"_et_pb_use_builder":"","_et_pb_old_content":"","_et_gb_content_width":""},"product_brand":[],"product_cat":[1494],"product_tag":[1495,1496],"class_list":{"0":"post-15838","1":"product","2":"type-product","3":"status-publish","4":"has-post-thumbnail","6":"product_cat-bucket-cylinders","7":"product_tag-bucket-cylinders","8":"product_tag-hydraulic-cylinders","10":"first","11":"instock","12":"shipping-taxable","13":"product-type-simple"},"amp_enabled":true,"_links":{"self":[{"href":"https:\/\/www.hydraulic-cylinders.net\/hu\/wp-json\/wp\/v2\/product\/15838","targetHints":{"allow":["GET"]}}],"collection":[{"href":"https:\/\/www.hydraulic-cylinders.net\/hu\/wp-json\/wp\/v2\/product"}],"about":[{"href":"https:\/\/www.hydraulic-cylinders.net\/hu\/wp-json\/wp\/v2\/types\/product"}],"replies":[{"embeddable":true,"href":"https:\/\/www.hydraulic-cylinders.net\/hu\/wp-json\/wp\/v2\/comments?post=15838"}],"wp:featuredmedia":[{"embeddable":true,"href":"https:\/\/www.hydraulic-cylinders.net\/hu\/wp-json\/wp\/v2\/media\/14788"}],"wp:attachment":[{"href":"https:\/\/www.hydraulic-cylinders.net\/hu\/wp-json\/wp\/v2\/media?parent=15838"}],"wp:term":[{"taxonomy":"product_brand","embeddable":true,"href":"https:\/\/www.hydraulic-cylinders.net\/hu\/wp-json\/wp\/v2\/product_brand?post=15838"},{"taxonomy":"product_cat","embeddable":true,"href":"https:\/\/www.hydraulic-cylinders.net\/hu\/wp-json\/wp\/v2\/product_cat?post=15838"},{"taxonomy":"product_tag","embeddable":true,"href":"https:\/\/www.hydraulic-cylinders.net\/hu\/wp-json\/wp\/v2\/product_tag?post=15838"}],"curies":[{"name":"munkaf\u00fczet","href":"https:\/\/api.w.org\/{rel}","templated":true}]}}