{"id":15839,"date":"2025-01-19T15:03:20","date_gmt":"2025-01-19T15:03:20","guid":{"rendered":"https:\/\/www.hydraulic-cylinders.net\/product\/bucket-cylinder-for-yanmar-v55-6\/"},"modified":"2025-01-19T15:03:22","modified_gmt":"2025-01-19T15:03:22","slug":"bucket-cylinder-for-yanmar-v55-6","status":"publish","type":"product","link":"https:\/\/www.hydraulic-cylinders.net\/hu\/termek\/bucket-cylinder-for-yanmar-v55-6\/","title":{"rendered":"Kan\u00e1lhenger Yanmar V55-6-hoz"},"content":{"rendered":"<p><!DOCTYPE html><br \/>\n<html><br \/>\n<head><br \/>\n\t<title>Kan\u00e1lhenger Yanmar V55-6-hoz<\/title><br \/>\n<\/head><br \/>\n<body><\/p>\n<h1>Kan\u00e1lhenger Yanmar V55-6-hoz<\/h1>\n<h2>Bevezet\u00e9s<\/h2>\n<p>A Yanmar V55-6 kan\u00e1lhengere egy speci\u00e1lis hidraulikus henger, amelyet neh\u00e9zg\u00e9pek, p\u00e9ld\u00e1ul kotr\u00f3g\u00e9pek, kotr\u00f3rakod\u00f3k \u00e9s homlokrakod\u00f3k kan\u00e1lmozg\u00e1s\u00e1nak vez\u00e9rl\u00e9s\u00e9re terveztek. F\u0151 funkci\u00f3ja a kan\u00e1l emel\u00e9s\u00e9nek, s\u00fcllyeszt\u00e9s\u00e9nek \u00e9s billent\u00e9s\u00e9nek lehet\u0151v\u00e9 t\u00e9tele, megk\u00f6nny\u00edtve a k\u00fcl\u00f6nf\u00e9le anyagmozgat\u00e1si feladatokat. Egy hidraulikus rendszerben a kan\u00e1lhenger a hidraulikaolaj nyom\u00e1s\u00e1nak v\u00e1ltoz\u00e1sait kihaszn\u00e1lva \u00e9ri el a kan\u00e1l pontos vez\u00e9rl\u00e9s\u00e9t, lehet\u0151v\u00e9 t\u00e9ve a kezel\u0151k sz\u00e1m\u00e1ra, hogy hat\u00e9konyan kezelj\u00e9k a neh\u00e9z terheket, \u00e9s alkalmazkodjanak az \u00f6sszetett munkak\u00f6rnyezetekhez \u00e9s a v\u00e1ltozatos munkak\u00f6vetelm\u00e9nyekhez.<\/p>\n<p>\t<img decoding=\"async\" src=\"https:\/\/www.hydraulic-cylinders.net\/wp-content\/uploads\/2025\/01\/songte-company-2.webp\" alt=\"V\u00f6d\u00f6rhenger\" \/><\/p>\n<h2>Jellemz\u0151k<\/h2>\n<ul>\n<li>Nagy szil\u00e1rds\u00e1g \u00e9s tart\u00f3ss\u00e1g: \u00c1ltal\u00e1ban nagy szil\u00e1rds\u00e1g\u00fa ac\u00e9lb\u00f3l vagy alum\u00edniumb\u00f3l k\u00e9sz\u00fcl, \u00edgy ellen\u00e1ll a nagy nyom\u00e1snak \u00e9s a nagy terhel\u00e9seknek, alkalmazkodva a zord munkak\u00f6rnyezethez. A tervez\u00e9s sor\u00e1n figyelembe vett\u00e9k a kop\u00e1s\u00e1ll\u00f3s\u00e1got \u00e9s a korr\u00f3zi\u00f3\u00e1ll\u00f3s\u00e1got, meghosszabb\u00edtva az \u00e9lettartam\u00e1t.<\/li>\n<li>Hat\u00e9kony hidraulikus m\u0171k\u00f6d\u00e9s: A hidraulikaolaj nyom\u00e1s\u00e1t kihaszn\u00e1lva lehet\u0151v\u00e9 teszi a sima kitol\u00e1st \u00e9s visszah\u00faz\u00e1st, gyorsan reag\u00e1l a vez\u00e9rl\u0151parancsokra, er\u0151teljes tol\u00f3- \u00e9s h\u00faz\u00f3er\u0151t biztos\u00edt, \u00edgy alkalmas neh\u00e9z terhek \u00e9s \u00f6sszetett feladatok kezel\u00e9s\u00e9re.<\/li>\n<li>K\u00fcl\u00f6nb\u00f6z\u0151 t\u00edpusok: Kaphat\u00f3 egyszeres m\u0171k\u00f6d\u00e9s\u0171 (csak egy ir\u00e1nyban m\u0171k\u00f6d\u0151 hidraulikus nyom\u00e1s) vagy kett\u0151s m\u0171k\u00f6d\u00e9s\u0171 (mindk\u00e9t ir\u00e1nyban m\u0171k\u00f6d\u0151 hidraulikus nyom\u00e1s) hengerekkel, \u00edgy a k\u00fcl\u00f6nb\u00f6z\u0151 m\u0171k\u00f6d\u00e9si ig\u00e9nyeket is kiel\u00e9g\u00edthetik. Egyes modellek teleszk\u00f3posak, \u00edgy nagyobb kiny\u00fal\u00e1st tesznek lehet\u0151v\u00e9 a k\u00fcls\u0151 m\u00e9retek n\u00f6vel\u00e9se n\u00e9lk\u00fcl, \u00edgy alkalmasak korl\u00e1tozott helyig\u00e9ny\u0171 alkalmaz\u00e1sokhoz.<\/li>\n<li>T\u00f6k\u00e9letes csere: Term\u00e9keink t\u00f6k\u00e9letesen helyettes\u00edthetik ezeket a hidraulikus hengereket.<\/li>\n<\/ul>\n<p>\t<img decoding=\"async\" src=\"https:\/\/www.hydraulic-cylinders.net\/wp-content\/uploads\/2025\/01\/songte-cylinder-head-with-all-kinds-excavator-models.webp\" alt=\"Hidraulikus hengerek\" \/><\/p>\n<h2>Alkalmaz\u00e1sok<\/h2>\n<ul>\n<li>\u00c9p\u00edt\u0151ipari berendez\u00e9sek: Elengedhetetlenek a kotr\u00f3g\u00e9pekben \u00e1s\u00e1shoz, rakod\u00e1shoz \u00e9s talaj vagy t\u00f6rmel\u00e9k mozgat\u00e1s\u00e1hoz. A kotr\u00f3g\u00e9p-rakod\u00f3kban a kan\u00e1lhenger seg\u00edti mind az \u00e1s\u00e1st, mind az emel\u00e9st.<\/li>\n<li>Mez\u0151gazdas\u00e1gi g\u00e9pek: Homlokrakod\u00f3kban haszn\u00e1lj\u00e1k talaj, sz\u00e9na \u00e9s egy\u00e9b anyagok \u00e1s\u00e1s\u00e1ra, emel\u00e9s\u00e9re \u00e9s sz\u00e1ll\u00edt\u00e1s\u00e1ra.<\/li>\n<li>Kotr\u00f3g\u00e9pek: A kan\u00e1lhenger lehet\u0151v\u00e9 teszi az \u00e1s\u00e1si m\u0171veleteket az\u00e1ltal, hogy lehet\u0151v\u00e9 teszi a kan\u00e1l talajba val\u00f3 behatol\u00e1s\u00e1t.<\/li>\n<li>Rakod\u00f3g\u00e9pek: A homlokrakod\u00f3kban hat\u00e9konyan seg\u00edtik az \u00e1ruk emel\u00e9s\u00e9t \u00e9s \u00fcr\u00edt\u00e9s\u00e9t.<\/li>\n<\/ul>\n<h2>Tervez\u00e9si szempontok \u00e9s kiv\u00e1laszt\u00e1si krit\u00e9riumok<\/h2>\n<ul>\n<li>Teherb\u00edr\u00e1s: A henger terhel\u00e9s\u00e1ll\u00f3 k\u00e9pess\u00e9ge kulcsfontoss\u00e1g\u00fa tervez\u00e9si szempont.<\/li>\n<li>T\u00f6m\u00edt\u00e9s: K\u00fcl\u00f6nb\u00f6z\u0151 t\u00f6m\u00edt\u0151elemek, p\u00e9ld\u00e1ul dugatty\u00fat\u00f6m\u00edt\u00e9sek \u00e9s r\u00fadt\u00f6m\u00edt\u00e9sek, amelyek kop\u00e1s\u00e1ll\u00f3 anyagokb\u00f3l, p\u00e9ld\u00e1ul poliuret\u00e1nb\u00f3l vagy nitrilgumib\u00f3l k\u00e9sz\u00fclnek, hat\u00e9kony t\u00f6m\u00edt\u00e9st biztos\u00edtanak.<\/li>\n<li>Tart\u00f3ss\u00e1g: A hengertest \u00e9s a menetes v\u00e9gek prec\u00edz kezel\u00e9sen esnek \u00e1t a kop\u00e1s\u00e1ll\u00f3s\u00e1g fokoz\u00e1sa \u00e9rdek\u00e9ben.<\/li>\n<li>Biztons\u00e1g: A tervez\u00e9si folyamat sor\u00e1n figyelembe vessz\u00fck a biztons\u00e1gi szempontokat a biztons\u00e1gos m\u0171k\u00f6d\u00e9s biztos\u00edt\u00e1sa \u00e9rdek\u00e9ben.<\/li>\n<li>Karbantarthat\u00f3s\u00e1g: A kialak\u00edt\u00e1s lehet\u0151v\u00e9 teszi az egyszer\u0171 karbantart\u00e1st \u00e9s jav\u00edt\u00e1st.<\/li>\n<\/ul>\n<p>\t<img decoding=\"async\" src=\"https:\/\/www.hydraulic-cylinders.net\/wp-content\/uploads\/2025\/01\/songte-oil-pipes-and-spare-parts.webp\" alt=\"Hidraulikus henger alkatr\u00e9szek\" \/><\/p>\n<h2>T\u00f6m\u00edt\u00e9s \u00e9s ken\u00e9s<\/h2>\n<p>A kan\u00e1lhenger k\u00fcl\u00f6nf\u00e9le t\u00f6m\u00edt\u0151elemeket haszn\u00e1l, p\u00e9ld\u00e1ul dugatty\u00fat\u00f6m\u00edt\u00e9seket \u00e9s r\u00fadt\u00f6m\u00edt\u00e9seket, amelyek kop\u00e1s\u00e1ll\u00f3 anyagokb\u00f3l, p\u00e9ld\u00e1ul poliuret\u00e1nb\u00f3l vagy nitrilgumib\u00f3l k\u00e9sz\u00fclnek. A hengertest \u00e9s a menetes v\u00e9gek finomkezel\u00e9s\u0171ek a kop\u00e1s\u00e1ll\u00f3s\u00e1g jav\u00edt\u00e1sa \u00e9rdek\u00e9ben. A z\u00f6kken\u0151mentes m\u0171k\u00f6d\u00e9shez rendszeres ken\u00e9s sz\u00fcks\u00e9ges megfelel\u0151 mennyis\u00e9g\u0171 hidraulikaolajjal.<\/p>\n<h2>Ellen\u0151rz\u00e9s \u00e9s megel\u0151z\u0151 karbantart\u00e1s<\/h2>\n<ul>\n<li>Rendszeres ellen\u0151rz\u00e9seket kell v\u00e9gezni a lehets\u00e9ges probl\u00e9m\u00e1k azonos\u00edt\u00e1sa \u00e9s az optim\u00e1lis teljes\u00edtm\u00e9ny biztos\u00edt\u00e1sa \u00e9rdek\u00e9ben.<\/li>\n<li>A megfelel\u0151 ken\u00e9s elengedhetetlen a henger hat\u00e9konys\u00e1g\u00e1nak fenntart\u00e1s\u00e1hoz \u00e9s \u00e9lettartam\u00e1nak meghosszabb\u00edt\u00e1s\u00e1hoz.<\/li>\n<li>A t\u00f6m\u00edt\u00e9seket rendszeresen ellen\u0151rizni \u00e9s sz\u00fcks\u00e9g eset\u00e9n cser\u00e9lni kell a sziv\u00e1rg\u00e1s megel\u0151z\u00e9se \u00e9rdek\u00e9ben.<\/li>\n<li>A henger pontos m\u0171k\u00f6d\u00e9s\u00e9nek biztos\u00edt\u00e1sa \u00e9rdek\u00e9ben kalibr\u00e1ci\u00f3s ellen\u0151rz\u00e9seket kell v\u00e9gezni.<\/li>\n<\/ul>\n<p>\t<img decoding=\"async\" src=\"https:\/\/www.hydraulic-cylinders.net\/wp-content\/uploads\/2025\/01\/songte-chushion-collar.webp\" alt=\"Hidraulikus henger karbantart\u00e1sa\" \/><\/p>\n<h2>Biztons\u00e1gi szempontok \u00e9s k\u00f6rnyezeti t\u00e9nyez\u0151k<\/h2>\n<p>A serleghenger haszn\u00e1latakor fontos a biztons\u00e1gi int\u00e9zked\u00e9sek betart\u00e1sa a kezel\u0151 \u00e9s a berendez\u00e9s biztons\u00e1ga \u00e9rdek\u00e9ben. Ezek az int\u00e9zked\u00e9sek magukban foglalj\u00e1k a megfelel\u0151 telep\u00edt\u00e9st, a rendszeres karbantart\u00e1st \u00e9s a biztons\u00e1gi ir\u00e1nyelvek betart\u00e1s\u00e1t.<\/p>\n<p>\t<img decoding=\"async\" src=\"https:\/\/www.hydraulic-cylinders.net\/wp-content\/uploads\/2025\/01\/songte-bushings-with-all-kinds-of-excavator-models.webp\" alt=\"Kan\u00e1l henger perselyek\" \/><\/p>\n<h2>Hibaelh\u00e1r\u00edt\u00e1s \u00e9s gyakori probl\u00e9m\u00e1k<\/h2>\n<p>A kan\u00e1lhengerrel kapcsolatos probl\u00e9m\u00e1k eset\u00e9n fontos a probl\u00e9ma helyes diagnosztiz\u00e1l\u00e1sa \u00e9s a megfelel\u0151 megold\u00e1sok alkalmaz\u00e1sa. A gyakori probl\u00e9m\u00e1k k\u00f6z\u00e9 tartozhat a sziv\u00e1rg\u00e1s, a nem megfelel\u0151 teljes\u00edtm\u00e9ny vagy a szokatlan zajok. A megfelel\u0151 karbantart\u00e1s \u00e9s a megel\u0151z\u0151 int\u00e9zked\u00e9sek betart\u00e1sa seg\u00edthet minimaliz\u00e1lni a lehets\u00e9ges probl\u00e9m\u00e1kat.<\/p>\n<h2>C\u00e9g\u00fcnk<\/h2>\n<p>A hidraulikus hengerek vezet\u0151 gy\u00e1rt\u00f3i \u00e9s nagykereskedelmi forgalmaz\u00f3i vagyunk mind a hazai, mind a nemzetk\u00f6zi piacokon. A kiv\u00e1l\u00f3 min\u0151s\u00e9gre \u00f6sszpontos\u00edtva, ipar\u00e1gi szabv\u00e1nyoknak megfelel\u0151 termel\u00e9sir\u00e1ny\u00edt\u00e1si strat\u00e9gi\u00e1kat k\u00f6vet\u00fcnk, fejlett gy\u00e1rt\u00f3berendez\u00e9seket, professzion\u00e1lis tesztel\u0151rendszereket \u00e9s m\u0171szaki szak\u00e9rt\u0151kb\u0151l \u00e1ll\u00f3 csapatot alkalmazunk. A hat\u00e9konys\u00e1g, a precizit\u00e1s \u00e9s a kiv\u00e1l\u00f3 min\u0151s\u00e9g\u0171 term\u00e9kek ir\u00e1nti elk\u00f6telezetts\u00e9g\u00fcnk lehet\u0151v\u00e9 teszi sz\u00e1munkra, hogy kiel\u00e9g\u00edts\u00fck \u00fcgyfeleink sokr\u00e9t\u0171 ig\u00e9nyeit.<\/p>\n<p>\t<img decoding=\"async\" src=\"https:\/\/www.hydraulic-cylinders.net\/wp-content\/uploads\/2025\/01\/songte-company-3.webp\" alt=\"C\u00e9ginform\u00e1ci\u00f3\" \/><\/p>\n<h3>Er\u0151ss\u00e9geink:<\/h3>\n<ul>\n<li>Professzionalizmus: Elk\u00f6telezettek vagyunk a kiv\u00e1l\u00f3 min\u0151s\u00e9g\u0171 hidraulikus hengerek biztos\u00edt\u00e1sa ir\u00e1nt.<\/li>\n<li>Nemzetk\u00f6zi tan\u00fas\u00edtv\u00e1nyok: Term\u00e9keink megfelelnek a nemzetk\u00f6zi szabv\u00e1nyoknak \u00e9s tan\u00fas\u00edtv\u00e1nyoknak.<\/li>\n<li>Testreszab\u00e1si szolg\u00e1ltat\u00e1sok: Testreszabott megold\u00e1sokat k\u00edn\u00e1lunk az \u00fcgyfelek egyedi ig\u00e9nyeinek kiel\u00e9g\u00edt\u00e9s\u00e9re.<\/li>\n<li>Gy\u00e1rt\u00f3berendez\u00e9sek: Korszer\u0171 gy\u00e1rt\u00f3berendez\u00e9seink biztos\u00edtj\u00e1k a kiv\u00e1l\u00f3 min\u0151s\u00e9g\u0171 term\u00e9keket.<\/li>\n<li>\u00c9rt\u00e9kes\u00edt\u00e9s ut\u00e1ni szolg\u00e1ltat\u00e1s: \u00c1tfog\u00f3 \u00e9rt\u00e9kes\u00edt\u00e9s ut\u00e1ni t\u00e1mogat\u00e1st ny\u00fajtunk \u00fcgyfeleinknek.<\/li>\n<\/ul>\n<p>\t<img decoding=\"async\" src=\"https:\/\/hzpt.com\/wp-content\/uploads\/2024\/11\/songte-company-1.webp\" alt=\"C\u00e9ginform\u00e1ci\u00f3\" \/><\/p>\n<p>Szerz\u0151: lyl<\/p>\n<p><\/body><br \/>\n<\/html><\/p>","protected":false},"excerpt":{"rendered":"<p>Bucket Cylinder For Yanmar V55-6 Bucket Cylinder For Yanmar V55-6 Introduction The bucket cylinder for Yanmar V55-6 is a specialized hydraulic cylinder designed for controlling the movement of the bucket in heavy machinery such as excavators, backhoe loaders, and front-end loaders. Its main function is to enable the lifting, lowering, and tilting of the bucket, [&hellip;]<\/p>","protected":false},"featured_media":14787,"comment_status":"open","ping_status":"closed","template":"","meta":{"_et_pb_use_builder":"","_et_pb_old_content":"","_et_gb_content_width":""},"product_brand":[],"product_cat":[1494],"product_tag":[1495,1496],"class_list":{"0":"post-15839","1":"product","2":"type-product","3":"status-publish","4":"has-post-thumbnail","6":"product_cat-bucket-cylinders","7":"product_tag-bucket-cylinders","8":"product_tag-hydraulic-cylinders","10":"first","11":"instock","12":"shipping-taxable","13":"product-type-simple"},"amp_enabled":true,"_links":{"self":[{"href":"https:\/\/www.hydraulic-cylinders.net\/hu\/wp-json\/wp\/v2\/product\/15839","targetHints":{"allow":["GET"]}}],"collection":[{"href":"https:\/\/www.hydraulic-cylinders.net\/hu\/wp-json\/wp\/v2\/product"}],"about":[{"href":"https:\/\/www.hydraulic-cylinders.net\/hu\/wp-json\/wp\/v2\/types\/product"}],"replies":[{"embeddable":true,"href":"https:\/\/www.hydraulic-cylinders.net\/hu\/wp-json\/wp\/v2\/comments?post=15839"}],"wp:featuredmedia":[{"embeddable":true,"href":"https:\/\/www.hydraulic-cylinders.net\/hu\/wp-json\/wp\/v2\/media\/14787"}],"wp:attachment":[{"href":"https:\/\/www.hydraulic-cylinders.net\/hu\/wp-json\/wp\/v2\/media?parent=15839"}],"wp:term":[{"taxonomy":"product_brand","embeddable":true,"href":"https:\/\/www.hydraulic-cylinders.net\/hu\/wp-json\/wp\/v2\/product_brand?post=15839"},{"taxonomy":"product_cat","embeddable":true,"href":"https:\/\/www.hydraulic-cylinders.net\/hu\/wp-json\/wp\/v2\/product_cat?post=15839"},{"taxonomy":"product_tag","embeddable":true,"href":"https:\/\/www.hydraulic-cylinders.net\/hu\/wp-json\/wp\/v2\/product_tag?post=15839"}],"curies":[{"name":"munkaf\u00fczet","href":"https:\/\/api.w.org\/{rel}","templated":true}]}}