{"id":15853,"date":"2025-01-19T15:04:38","date_gmt":"2025-01-19T15:04:38","guid":{"rendered":"https:\/\/www.hydraulic-cylinders.net\/product\/bucket-cylinder-for-yuchai-yc18sr\/"},"modified":"2025-01-19T15:04:43","modified_gmt":"2025-01-19T15:04:43","slug":"bucket-cylinder-for-yuchai-yc18sr","status":"publish","type":"product","link":"https:\/\/www.hydraulic-cylinders.net\/hu\/termek\/bucket-cylinder-for-yuchai-yc18sr\/","title":{"rendered":"Kan\u00e1lhenger Yuchai YC18SR-hez"},"content":{"rendered":"<h2>Kan\u00e1lhenger Yuchai YC18SR-hez<\/h2>\n<h3>Bevezet\u00e9s<\/h3>\n<p>A kan\u00e1lhenger egy speci\u00e1lisan tervezett hidraulikus henger, amelyet els\u0151sorban a kan\u00e1l mozg\u00e1s\u00e1nak vez\u00e9rl\u00e9s\u00e9re haszn\u00e1lnak neh\u00e9zg\u00e9pekben, p\u00e9ld\u00e1ul kotr\u00f3g\u00e9pekben, kotr\u00f3g\u00e9pekben \u00e9s homlokrakod\u00f3kban. F\u0151 funkci\u00f3ja a kan\u00e1l emel\u00e9se, s\u00fcllyeszt\u00e9se \u00e9s billent\u00e9se, megk\u00f6nny\u00edtve a k\u00fcl\u00f6nf\u00e9le anyagmozgat\u00e1si feladatok elv\u00e9gz\u00e9s\u00e9t. A hidraulikus rendszerben a kan\u00e1lhenger a hidraulikaolaj nyom\u00e1s\u00e1nak v\u00e1ltoztat\u00e1s\u00e1val \u00e9ri el a kan\u00e1l pontos vez\u00e9rl\u00e9s\u00e9t, lehet\u0151v\u00e9 t\u00e9ve a kezel\u0151k sz\u00e1m\u00e1ra a neh\u00e9z anyagok hat\u00e9kony kezel\u00e9s\u00e9t, az \u00f6sszetett munkak\u00f6rnyezetekhez \u00e9s a v\u00e1ltozatos m\u0171k\u00f6d\u00e9si k\u00f6vetelm\u00e9nyekhez val\u00f3 alkalmazkod\u00e1st.<\/p>\n<p><img decoding=\"async\" src=\"https:\/\/www.hydraulic-cylinders.net\/wp-content\/uploads\/2025\/01\/songte-company-2.webp\" \/><\/p>\n<h3>Jellemz\u0151k<\/h3>\n<ul>\n<li><strong>Nagy szil\u00e1rds\u00e1g \u00e9s tart\u00f3ss\u00e1g:<\/strong> \u00c1ltal\u00e1ban nagy szil\u00e1rds\u00e1g\u00fa ac\u00e9lb\u00f3l vagy alum\u00edniumb\u00f3l k\u00e9sz\u00fcl, ellen\u00e1ll a nagy nyom\u00e1snak \u00e9s a nagy terhel\u00e9seknek, alkalmazkodik a zord munkak\u00f6rnyezethez, \u00e9s a kop\u00e1s\u00e1ll\u00f3s\u00e1got \u00e9s a korr\u00f3zi\u00f3\u00e1ll\u00f3s\u00e1got szem el\u0151tt tartva tervezt\u00e9k, meghosszabb\u00edtva az \u00e9lettartamot.<\/li>\n<li><strong>Hat\u00e9kony hidraulikus m\u0171k\u00f6dtet\u00e9s:<\/strong> A hidraulikaolaj nyom\u00e1s\u00e1t haszn\u00e1lja a sima kitol\u00e1si \u00e9s visszah\u00faz\u00e1si mozg\u00e1sok el\u00e9r\u00e9s\u00e9hez, gyorsan reag\u00e1l a vez\u00e9rl\u0151parancsokra, er\u0151teljes tol\u00f3- \u00e9s h\u00faz\u00f3er\u0151t biztos\u00edt, \u00e9s alkalmas neh\u00e9z anyagok kezel\u00e9s\u00e9re \u00e9s \u00f6sszetett m\u0171k\u00f6d\u00e9si feladatokra.<\/li>\n<li><strong>K\u00fcl\u00f6nb\u00f6z\u0151 t\u00edpusok:<\/strong> Az egyszeres m\u0171k\u00f6d\u00e9s\u0171 (csak egy ir\u00e1nyban hidraulikus) vagy kett\u0151s m\u0171k\u00f6d\u00e9s\u0171 (mindk\u00e9t ir\u00e1nyban hidraulikus) hengerek az \u00fczemi k\u00f6vetelm\u00e9nyeknek megfelel\u0151en v\u00e1laszthat\u00f3k, \u00e9s egyes modellek teleszk\u00f3posak, \u00edgy nagyobb kiny\u00fal\u00e1st tesznek lehet\u0151v\u00e9 a k\u00fcls\u0151 m\u00e9retek n\u00f6vel\u00e9se n\u00e9lk\u00fcl, \u00edgy alkalmasak korl\u00e1tozott helyig\u00e9ny\u0171 alkalmaz\u00e1sokhoz.<\/li>\n<li><strong>Kompatibilit\u00e1s:<\/strong> Term\u00e9k\u00fcnk t\u00f6k\u00e9letesen helyettes\u00edtheti ezeket a hidraulikus hengereket, \u00e9s ezt a term\u00e9ket el\u0151 is tudjuk \u00e1ll\u00edtani.<\/li>\n<\/ul>\n<p><img decoding=\"async\" src=\"https:\/\/www.hydraulic-cylinders.net\/wp-content\/uploads\/2025\/01\/songte-cylinder-head-with-all-kinds-excavator-models.webp\" \/><\/p>\n<h3>Alkalmaz\u00e1sok<\/h3>\n<p>A v\u00f6d\u00f6rhengereket sz\u00e9les k\u00f6rben haszn\u00e1lj\u00e1k k\u00fcl\u00f6nf\u00e9le ipar\u00e1gakban, bele\u00e9rtve:<\/p>\n<ul>\n<li><strong>\u00c9p\u00edt\u0151ipari berendez\u00e9sek:<\/strong> Kotr\u00f3g\u00e9pekben kritikus fontoss\u00e1g\u00faak az \u00e1s\u00e1s, a rakod\u00e1s \u00e9s a talaj vagy t\u00f6rmel\u00e9k mozgat\u00e1sa sor\u00e1n. A kotr\u00f3g\u00e9pekben a kan\u00e1lhenger mind az \u00e1s\u00e1st, mind az emel\u00e9st seg\u00edti. <\/li>\n<li><strong>Mez\u0151gazdas\u00e1gi g\u00e9pek:<\/strong> Homlokrakod\u00f3kban haszn\u00e1lj\u00e1k talaj, sz\u00e9na \u00e9s egy\u00e9b anyagok mer\u00e9s\u00e9re, emel\u00e9s\u00e9re \u00e9s sz\u00e1ll\u00edt\u00e1s\u00e1ra. <\/li>\n<li><strong>Kotr\u00f3g\u00e9pek:<\/strong> A kan\u00e1lhenger \u00fagy \u00e9ri el az \u00e1s\u00e1si m\u0171veletet, hogy lehet\u0151v\u00e9 teszi a kan\u00e1l talajba val\u00f3 behatol\u00e1s\u00e1t. <\/li>\n<li><strong>Rakod\u00f3g\u00e9pek:<\/strong> Homlokrakod\u00f3kn\u00e1l hat\u00e9konyan seg\u00edtik az \u00e1ruk emel\u00e9s\u00e9t \u00e9s billent\u00e9s\u00e9t. <\/li>\n<\/ul>\n<h3>Tervez\u00e9si \u00e9s kiv\u00e1laszt\u00e1si krit\u00e9riumok<\/h3>\n<p>A hengerfejek tervez\u00e9sekor sz\u00e1mos szempontot kell figyelembe venni, p\u00e9ld\u00e1ul:<\/p>\n<ul>\n<li><strong>Teherb\u00edr\u00e1s:<\/strong> A hengernek k\u00e9pesnek kell lennie arra, hogy deform\u00e1ci\u00f3 vagy t\u00f6r\u00e9s n\u00e9lk\u00fcl ellen\u00e1lljon az emelt anyag s\u00faly\u00e1nak.<\/li>\n<li><strong>T\u00f6m\u00edt\u00e9s:<\/strong> K\u00fcl\u00f6nb\u00f6z\u0151 t\u00f6m\u00edt\u0151elemeket, p\u00e9ld\u00e1ul dugatty\u00fat\u00f6m\u00edt\u00e9seket \u00e9s r\u00fadt\u00f6m\u00edt\u00e9seket kell haszn\u00e1lni a sziv\u00e1rg\u00e1sok megakad\u00e1lyoz\u00e1sa \u00e9s a nyom\u00e1s fenntart\u00e1sa \u00e9rdek\u00e9ben.<\/li>\n<li><strong>Tart\u00f3ss\u00e1g:<\/strong> A henger anyag\u00e1nak kop\u00e1s-, korr\u00f3zi\u00f3- \u00e9s kif\u00e1rad\u00e1s\u00e1ll\u00f3nak kell lennie, a fel\u00fcletet pedig finomkezel\u00e9ssel kell kezelni a kop\u00e1s\u00e1ll\u00f3s\u00e1g n\u00f6vel\u00e9se \u00e9rdek\u00e9ben.<\/li>\n<li><strong>Biztons\u00e1g:<\/strong> A palackot \u00fagy kell megtervezni, hogy megel\u0151zze a baleseteket, p\u00e9ld\u00e1ul a sziv\u00e1rg\u00e1st, a t\u00falterhel\u00e9st \u00e9s a hirtelen meghib\u00e1sod\u00e1st.<\/li>\n<li><strong>Karbantart\u00e1s:<\/strong> A hengernek k\u00f6nnyen sz\u00e9tszerelhet\u0151nek \u00e9s jav\u00edthat\u00f3nak kell lennie, a megfelel\u0151 cserealkatr\u00e9szekkel pedig k\u00f6nnyen el\u00e9rhet\u0151nek kell lennie.<\/li>\n<\/ul>\n<p><img decoding=\"async\" src=\"https:\/\/www.hydraulic-cylinders.net\/wp-content\/uploads\/2025\/01\/songte-oil-pipes-and-spare-parts.webp\" \/><\/p>\n<h3>T\u00f6m\u00edt\u00e9s \u00e9s ken\u00e9s<\/h3>\n<p>A serleghengerek k\u00fcl\u00f6nf\u00e9le t\u00f6m\u00edt\u0151elemeket haszn\u00e1lnak, p\u00e9ld\u00e1ul dugatty\u00fat\u00f6m\u00edt\u00e9seket \u00e9s r\u00fadt\u00f6m\u00edt\u00e9seket, amelyek kop\u00e1s\u00e1ll\u00f3 anyagokb\u00f3l, p\u00e9ld\u00e1ul poliuret\u00e1nb\u00f3l \u00e9s nitrilgumib\u00f3l k\u00e9sz\u00fclnek. A hengertest \u00e9s a menetes v\u00e9gek fel\u00fcletei finom megmunk\u00e1l\u00e1son esnek \u00e1t a kop\u00e1s\u00e1ll\u00f3s\u00e1g n\u00f6vel\u00e9se \u00e9rdek\u00e9ben. A hidraulikaolajjal t\u00f6rt\u00e9n\u0151 rendszeres ken\u00e9s sz\u00fcks\u00e9ges a sima mozg\u00e1s biztos\u00edt\u00e1s\u00e1hoz \u00e9s a kop\u00e1s cs\u00f6kkent\u00e9s\u00e9hez.<\/p>\n<h3>Karbantart\u00e1s \u00e9s jav\u00edt\u00e1s<\/h3>\n<p>A serleghengerek hossz\u00fa \u00e9lettartam\u00e1nak \u00e9s megb\u00edzhat\u00f3 m\u0171k\u00f6d\u00e9s\u00e9nek biztos\u00edt\u00e1sa \u00e9rdek\u00e9ben rendszeres ellen\u0151rz\u00e9st \u00e9s megel\u0151z\u0151 karbantart\u00e1si int\u00e9zked\u00e9seket kell v\u00e9gezni. A gyakori karbantart\u00e1si feladatok a k\u00f6vetkez\u0151k:<\/p>\n<ul>\n<li><strong>Rendszeres ellen\u0151rz\u00e9s:<\/strong> Ellen\u0151rizze a sziv\u00e1rg\u00e1sokat, a laza csatlakoz\u00e1sokat \u00e9s a kop\u00e1s jeleit.<\/li>\n<li><strong>Ken\u00e9s:<\/strong> A hengert a gy\u00e1rt\u00f3 aj\u00e1nl\u00e1sainak megfelel\u0151en hidraulikaolajjal kell j\u00f3l kenni.<\/li>\n<li><strong>T\u00f6m\u00edt\u00e9scsere:<\/strong> A sziv\u00e1rg\u00e1sok \u00e9s a nyom\u00e1svesztes\u00e9g elker\u00fcl\u00e9se \u00e9rdek\u00e9ben a lehet\u0151 leghamarabb cser\u00e9lje ki a kopott vagy s\u00e9r\u00fclt t\u00f6m\u00edt\u00e9seket.<\/li>\n<li><strong>Igaz\u00edt\u00e1si ellen\u0151rz\u00e9s:<\/strong> A s\u00e9r\u00fcl\u00e9sek elker\u00fcl\u00e9se \u00e9s a zavartalan m\u0171k\u00f6d\u00e9s biztos\u00edt\u00e1sa \u00e9rdek\u00e9ben a telep\u00edt\u00e9s sor\u00e1n megfelel\u0151en igaz\u00edtsa be a hengert.<\/li>\n<li><strong>Jav\u00edt\u00e1s \u00e9s csere:<\/strong> K\u00f6vesse az aj\u00e1nlott elj\u00e1r\u00e1sokat a s\u00e9r\u00fclt alkatr\u00e9szek jav\u00edt\u00e1s\u00e1ra vagy cser\u00e9j\u00e9re, \u00e9s fontolja meg a szolg\u00e1ltat\u00e1sok \u00fajj\u00e1\u00e9p\u00edt\u00e9s\u00e9t a henger \u00e9lettartam\u00e1nak meghosszabb\u00edt\u00e1sa \u00e9rdek\u00e9ben.<\/li>\n<\/ul>\n<p><img decoding=\"async\" src=\"https:\/\/www.hydraulic-cylinders.net\/wp-content\/uploads\/2025\/01\/songte-chushion-collar.webp\" \/><\/p>\n<h3>Biztons\u00e1gi \u00e9s k\u00f6rnyezetv\u00e9delmi szempontok<\/h3>\n<p>Kanalas munkahengerek haszn\u00e1latakor biztons\u00e1gi int\u00e9zked\u00e9seket kell tenni a t\u00falterhel\u00e9s, hirtelen meghib\u00e1sod\u00e1s \u00e9s sziv\u00e1rg\u00e1s okozta balesetek megel\u0151z\u00e9se \u00e9rdek\u00e9ben. A r\u00e9gi vagy s\u00e9r\u00fclt munkahengerek \u00e9s a hidraulikaolaj megfelel\u0151 \u00e1rtalmatlan\u00edt\u00e1sa elengedhetetlen a k\u00f6rnyezetszennyez\u00e9s \u00e9s a k\u00e1rosod\u00e1s megel\u0151z\u00e9se \u00e9rdek\u00e9ben.<\/p>\n<h3>Hibadiagn\u00f3zis \u00e9s hibaelh\u00e1r\u00edt\u00e1s<\/h3>\n<p>A kan\u00e1lhengerek gyakori probl\u00e9m\u00e1i k\u00f6z\u00e9 tartozik a sziv\u00e1rg\u00e1s, az el\u00e9gtelen nyom\u00e1s \u00e9s a rendellenes zaj. A hibaelh\u00e1r\u00edt\u00e1st gyorsan el kell v\u00e9gezni a laza csatlakoz\u00e1sok, s\u00e9r\u00fclt t\u00f6m\u00edt\u00e9sek \u00e9s egy\u00e9b lehets\u00e9ges okok ellen\u0151rz\u00e9s\u00e9vel. A rendszeres ellen\u0151rz\u00e9s \u00e9s karbantart\u00e1s seg\u00edthet megel\u0151zni sz\u00e1mos probl\u00e9ma el\u0151fordul\u00e1s\u00e1t.<\/p>\n<p><img decoding=\"async\" src=\"https:\/\/www.hydraulic-cylinders.net\/wp-content\/uploads\/2025\/01\/songte-bushings-with-all-kinds-of-excavator-models.webp\" \/><\/p>\n<h2>C\u00e9g\u00fcnk<\/h2>\n<p>Sz\u00e9les term\u00e9kv\u00e1laszt\u00e9kkal rendelkez\u0151 p\u00f3talkatr\u00e9sz-hidraulikus hengerek gy\u00e1rt\u00f3ja vagyunk. A hazai \u00e9s nemzetk\u00f6zi piacok egyik vezet\u0151 hidraulikus hengergy\u00e1rt\u00f3ja \u00e9s nagykereskedelmi forgalmaz\u00f3ja vagyunk. Kiv\u00e1l\u00f3 min\u0151s\u00e9get biztos\u00edtunk, \u00e9s finoman kidolgozott gy\u00e1rt\u00f3m\u0171helyeinkben ipari termel\u00e9sir\u00e1ny\u00edt\u00e1si strat\u00e9gi\u00e1kra t\u00e1maszkodunk. A v\u00e1llalat folyamatosan fejleszti m\u0171hely\u00e9nek gy\u00e1rt\u00e1si platformj\u00e1t m\u0171szaki tehets\u00e9gek, cs\u00facskateg\u00f3ri\u00e1s digit\u00e1lis gy\u00e1rt\u00f3berendez\u00e9sek \u00e9s professzion\u00e1lis tesztel\u0151rendszerek alkalmaz\u00e1s\u00e1val, jav\u00edtva a term\u00e9kmin\u0151s\u00e9g gy\u00e1rt\u00f3sor\u00e1t \u00e9s t\u00f6k\u00e9letes\u00edtve a gy\u00e1rt\u00e1si \u00fatvonalat. A v\u00e1llalat er\u0151s kreat\u00edv k\u00e9pess\u00e9gekkel rendelkezik, \u00e9s a nagy hat\u00e9konys\u00e1g, a nagy pontoss\u00e1g \u00e9s a kiv\u00e1l\u00f3 min\u0151s\u00e9g elv\u00e9t k\u00f6veti, hogy kiel\u00e9g\u00edtse az \u00fcgyfelek sokr\u00e9t\u0171 ig\u00e9nyeit.<\/p>\n<p><img decoding=\"async\" src=\"https:\/\/hzpt.com\/wp-content\/uploads\/2024\/11\/songte-company-1.webp\" \/><\/p>\n<h3>Szakmaiass\u00e1g<\/h3>\n<p>Csapatunk magasan k\u00e9pzett szakemberekb\u0151l \u00e1ll, akik sz\u00e9lesk\u00f6r\u0171 tapasztalattal rendelkeznek a hidraulikus hengerek tervez\u00e9se \u00e9s gy\u00e1rt\u00e1sa ter\u00fclet\u00e9n. Fejlett tervez\u00e9si \u00e9s gy\u00e1rt\u00e1si folyamatokat alkalmazunk annak biztos\u00edt\u00e1s\u00e1ra, hogy term\u00e9keink megfeleljenek a legmagasabb ipar\u00e1gi szabv\u00e1nyoknak.<\/p>\n<h3>Nemzetk\u00f6zi min\u0151s\u00edt\u00e9s<\/h3>\n<p>Term\u00e9keinket nemzetk\u00f6zi szabv\u00e1ny\u00fcgyi szervezetek tan\u00fas\u00edtott\u00e1k, bele\u00e9rtve az ISO 9001 \u00e9s a CE szabv\u00e1nyokat. Ez bizony\u00edtja elk\u00f6telezetts\u00e9g\u00fcnket a min\u0151s\u00e9g ir\u00e1nt \u00e9s azt a k\u00e9pess\u00e9g\u00fcnket, hogy olyan term\u00e9keket sz\u00e1ll\u00edtsunk, amelyek megfelelnek a legig\u00e9nyesebb vev\u0151i ig\u00e9nyeknek.<\/p>\n<h3>Testreszab\u00e1si szolg\u00e1ltat\u00e1sok<\/h3>\n<p>Testreszab\u00e1si szolg\u00e1ltat\u00e1sokat k\u00edn\u00e1lunk \u00fcgyfeleink egyedi ig\u00e9nyeinek kiel\u00e9g\u00edt\u00e9s\u00e9re. Szak\u00e9rt\u0151i csapatunk egy\u00fcttm\u0171k\u00f6dik az \u00fcgyfelekkel egyedi hidraulikus hengerek tervez\u00e9s\u00e9ben \u00e9s gy\u00e1rt\u00e1s\u00e1ban, amelyek megfelelnek egyedi ig\u00e9nyeiknek.<\/p>\n<h3>Termel\u00e9si berendez\u00e9sek<\/h3>\n<p>A legmodernebb gy\u00e1rt\u00f3berendez\u00e9seket haszn\u00e1ljuk term\u00e9keink legmagasabb min\u0151s\u00e9g\u00e9nek biztos\u00edt\u00e1sa \u00e9rdek\u00e9ben. Gy\u00e1rt\u00f3berendez\u00e9seink k\u00f6z\u00e9 tartoznak CNC megmunk\u00e1l\u00f3k\u00f6zpontok, hidraulikus vizsg\u00e1l\u00f3berendez\u00e9sek \u00e9s egy\u00e9b cs\u00facstechnol\u00f3gi\u00e1s g\u00e9pek.<\/p>\n<h3>\u00c9rt\u00e9kes\u00edt\u00e9s ut\u00e1ni szolg\u00e1ltat\u00e1s<\/h3>\n<p>Kiv\u00e1l\u00f3 \u00e9rt\u00e9kes\u00edt\u00e9s ut\u00e1ni szolg\u00e1ltat\u00e1st ny\u00fajtunk annak \u00e9rdek\u00e9ben, hogy \u00fcgyfeleink el\u00e9gedettek legyenek v\u00e1s\u00e1rl\u00e1saikkal. Szak\u00e9rt\u0151i csapatunk k\u00e9szs\u00e9ggel v\u00e1laszol minden k\u00e9rd\u00e9sre, \u00e9s t\u00e1mogat\u00e1st ny\u00fajt a term\u00e9k teljes \u00e9letciklusa sor\u00e1n.<\/p>\n<h4>Szerz\u0151: lyl<\/h4>","protected":false},"excerpt":{"rendered":"<p>Bucket Cylinder for Yuchai YC18SR Introduction A bucket cylinder is a specially designed hydraulic cylinder that is primarily used to control the movement of the bucket in heavy machinery such as excavators, backhoe excavators, and front loaders. Its main function is to allow the bucket to lift, lower, and tilt, making it easier to carry [&hellip;]<\/p>","protected":false},"featured_media":14788,"comment_status":"open","ping_status":"closed","template":"","meta":{"_et_pb_use_builder":"","_et_pb_old_content":"","_et_gb_content_width":""},"product_brand":[],"product_cat":[1494],"product_tag":[1495,1496],"class_list":{"0":"post-15853","1":"product","2":"type-product","3":"status-publish","4":"has-post-thumbnail","6":"product_cat-bucket-cylinders","7":"product_tag-bucket-cylinders","8":"product_tag-hydraulic-cylinders","10":"first","11":"instock","12":"shipping-taxable","13":"product-type-simple"},"amp_enabled":true,"_links":{"self":[{"href":"https:\/\/www.hydraulic-cylinders.net\/hu\/wp-json\/wp\/v2\/product\/15853","targetHints":{"allow":["GET"]}}],"collection":[{"href":"https:\/\/www.hydraulic-cylinders.net\/hu\/wp-json\/wp\/v2\/product"}],"about":[{"href":"https:\/\/www.hydraulic-cylinders.net\/hu\/wp-json\/wp\/v2\/types\/product"}],"replies":[{"embeddable":true,"href":"https:\/\/www.hydraulic-cylinders.net\/hu\/wp-json\/wp\/v2\/comments?post=15853"}],"wp:featuredmedia":[{"embeddable":true,"href":"https:\/\/www.hydraulic-cylinders.net\/hu\/wp-json\/wp\/v2\/media\/14788"}],"wp:attachment":[{"href":"https:\/\/www.hydraulic-cylinders.net\/hu\/wp-json\/wp\/v2\/media?parent=15853"}],"wp:term":[{"taxonomy":"product_brand","embeddable":true,"href":"https:\/\/www.hydraulic-cylinders.net\/hu\/wp-json\/wp\/v2\/product_brand?post=15853"},{"taxonomy":"product_cat","embeddable":true,"href":"https:\/\/www.hydraulic-cylinders.net\/hu\/wp-json\/wp\/v2\/product_cat?post=15853"},{"taxonomy":"product_tag","embeddable":true,"href":"https:\/\/www.hydraulic-cylinders.net\/hu\/wp-json\/wp\/v2\/product_tag?post=15853"}],"curies":[{"name":"munkaf\u00fczet","href":"https:\/\/api.w.org\/{rel}","templated":true}]}}