{"id":1587,"date":"2023-10-07T06:30:23","date_gmt":"2023-10-07T06:30:23","guid":{"rendered":"https:\/\/hydraulic-cylinders.net\/?post_type=product&#038;p=1587"},"modified":"2025-04-11T02:25:26","modified_gmt":"2025-04-11T02:25:26","slug":"rotary-drilling-pressurized-cylinder","status":"publish","type":"product","link":"https:\/\/www.hydraulic-cylinders.net\/hu\/termek\/rotary-drilling-pressurized-cylinder\/","title":{"rendered":"Forg\u00f3f\u00far\u00f3 nyom\u00e1sos henger"},"content":{"rendered":"<h1 style=\"text-align: center;\"><strong>Forg\u00f3f\u00far\u00f3 nyom\u00e1sos henger<\/strong><\/h1>\n<p><img loading=\"lazy\" decoding=\"async\" class=\"aligncenter wp-image-1588\" src=\"https:\/\/hydraulic-cylinders.net\/wp-content\/uploads\/2023\/10\/pressurized-cylinder-1-300x300.webp\" alt=\"\" width=\"400\" height=\"400\" \/><\/p>\n<p>A forg\u00f3f\u00far\u00f3 nyom\u00e1sos henger egy nagy teljes\u00edtm\u00e9ny\u0171 hidraulikus alkatr\u00e9sz, amelyet kifejezetten a forg\u00f3f\u00far\u00e1si m\u0171veletek hat\u00e9konys\u00e1g\u00e1nak \u00e9s pontoss\u00e1g\u00e1nak n\u00f6vel\u00e9s\u00e9re terveztek. Ez a henger kulcsszerepet j\u00e1tszik a f\u00far\u00f3oszlop f\u00fcgg\u0151leges mozg\u00e1s\u00e1nak szab\u00e1lyoz\u00e1s\u00e1ban, biztos\u00edtva a pontos pozicion\u00e1l\u00e1st \u00e9s az optimaliz\u00e1lt f\u00far\u00e1si teljes\u00edtm\u00e9nyt.<\/p>\n<p>A forg\u00f3f\u00far\u00f3 nyom\u00e1sos henger elengedhetetlen a hat\u00e9konys\u00e1g \u00e9s a pontoss\u00e1g maximaliz\u00e1l\u00e1s\u00e1hoz a forg\u00f3f\u00far\u00e1si m\u0171veletek sor\u00e1n. Kiv\u00e1l\u00f3 konstrukci\u00f3j\u00e1nak, prec\u00edz hidraulikus vez\u00e9rl\u00e9s\u00e9nek, \u00e1ll\u00edthat\u00f3 l\u00f6kethossz\u00e1nak \u00e9s fokozott stabilit\u00e1s\u00e1nak k\u00f6sz\u00f6nhet\u0151en ez a henger lehet\u0151v\u00e9 teszi a kezel\u0151k sz\u00e1m\u00e1ra a f\u00far\u00f3oszlop pontos pozicion\u00e1l\u00e1s\u00e1t \u00e9s a f\u00far\u00e1si teljes\u00edtm\u00e9ny optimaliz\u00e1l\u00e1s\u00e1t. A megfelel\u0151 haszn\u00e1lati m\u00f3dszerek betart\u00e1s\u00e1val \u00e9s az aj\u00e1nlott karbantart\u00e1si gyakorlatok betart\u00e1s\u00e1val a kezel\u0151k biztos\u00edthatj\u00e1k a forg\u00f3f\u00far\u00f3 nyom\u00e1sos henger hossz\u00fa \u00e9lettartam\u00e1t \u00e9s megb\u00edzhat\u00f3s\u00e1g\u00e1t, ami biztons\u00e1gos \u00e9s hat\u00e9kony f\u00far\u00e1si m\u0171veletekhez vezet. V\u00e1lassza ezt a nagy teljes\u00edtm\u00e9ny\u0171 hidraulikus alkatr\u00e9szt f\u00far\u00f3berendez\u00e9se magasabb szintre emel\u00e9s\u00e9hez \u00e9s kiv\u00e9teles f\u00far\u00e1si eredm\u00e9nyek el\u00e9r\u00e9s\u00e9hez.<\/p>\n<p>Forg\u00f3f\u00far\u00f3 nyom\u00e1sos henger f\u0151bb jellemz\u0151i:<\/p>\n<ol>\n<li>Kiv\u00e1l\u00f3 konstrukci\u00f3:<\/li>\n<\/ol>\n<ul>\n<li>A forg\u00f3f\u00far\u00f3 nyom\u00e1sos henger kiv\u00e1l\u00f3 min\u0151s\u00e9g\u0171 anyagokb\u00f3l k\u00e9sz\u00fclt, garant\u00e1lva a tart\u00f3ss\u00e1got \u00e9s a hossz\u00fa \u00e9lettartamot.<\/li>\n<li>\u00dagy tervezt\u00e9k, hogy ellen\u00e1lljon a f\u00far\u00e1si m\u0171veletek sor\u00e1n el\u0151fordul\u00f3 neh\u00e9z k\u00f6r\u00fclm\u00e9nyeknek, bele\u00e9rtve a nagy terhel\u00e9seket, a rezg\u00e9seket \u00e9s a sz\u00e9ls\u0151s\u00e9ges k\u00f6rnyezeti viszonyokat.<\/li>\n<\/ul>\n<ol start=\"2\">\n<li>Prec\u00edz hidraulikus vez\u00e9rl\u00e9s:<\/li>\n<\/ol>\n<ul>\n<li>Ez a henger egy hidraulikus vez\u00e9rl\u0151rendszeren kereszt\u00fcl m\u0171k\u00f6dik, amely nyom\u00e1s alatt \u00e1ll\u00f3 hidraulikafolyad\u00e9kot haszn\u00e1l a f\u00far\u00f3oszlop f\u00fcgg\u0151leges mozg\u00e1s\u00e1nak szab\u00e1lyoz\u00e1s\u00e1ra.<\/li>\n<li>A prec\u00edz hidraulikus vez\u00e9rl\u00e9s pontos \u00e9s \u00e9rz\u00e9keny mozg\u00e1st biztos\u00edt, lehet\u0151v\u00e9 t\u00e9ve a prec\u00edz pozicion\u00e1l\u00e1st \u00e9s vez\u00e9rl\u00e9st f\u00far\u00e1si m\u0171veletek k\u00f6zben.<\/li>\n<\/ul>\n<ol start=\"3\">\n<li>\u00c1ll\u00edthat\u00f3 l\u00f6kethossz:<\/li>\n<\/ol>\n<ul>\n<li>A forg\u00f3f\u00far\u00f3 nyom\u00e1sos henger \u00e1ll\u00edthat\u00f3 l\u00f6kethosszal rendelkezik, \u00edgy rugalmasan alkalmazkodik a k\u00fcl\u00f6nb\u00f6z\u0151 f\u00far\u00e1si k\u00f6vetelm\u00e9nyekhez \u00e9s talajviszonyokhoz.<\/li>\n<li>Ez az \u00e1ll\u00edthat\u00f3s\u00e1g lehet\u0151v\u00e9 teszi a kezel\u0151k sz\u00e1m\u00e1ra az optim\u00e1lis f\u00far\u00e1si teljes\u00edtm\u00e9ny el\u00e9r\u00e9s\u00e9t \u00e9s az alkalmazkod\u00e1st a k\u00fcl\u00f6nb\u00f6z\u0151 projektspecifik\u00e1ci\u00f3khoz.<\/li>\n<\/ul>\n<ol start=\"4\">\n<li>Fokozott stabilit\u00e1s \u00e9s biztons\u00e1g:<\/li>\n<\/ol>\n<ul>\n<li>A henger kialak\u00edt\u00e1sa a stabilit\u00e1st \u00e9s a biztons\u00e1got hangs\u00falyozza f\u00far\u00e1si m\u0171veletek k\u00f6zben.<\/li>\n<li>Hat\u00e9konyan minimaliz\u00e1lja a rezg\u00e9seket \u00e9s biztos\u00edtja a sima mozg\u00e1st, n\u00f6velve a f\u00far\u00f3oszlop \u00e1ltal\u00e1nos stabilit\u00e1s\u00e1t.<\/li>\n<\/ul>\n<h2><strong>Forg\u00f3f\u00far\u00f3 nyom\u00e1s alatti henger param\u00e9tere:<\/strong><\/h2>\n<table border=\"1\" cellspacing=\"0\" cellpadding=\"0\">\n<tbody>\n<tr>\n<td>Term\u00e9k neve<\/td>\n<td>Forg\u00f3f\u00far\u00f3 nyom\u00e1sos henger<\/td>\n<\/tr>\n<tr>\n<td>Jellemz\u0151k:<\/td>\n<td>A motorfej emel\u00e9s\u00e9nek \u00e9s s\u00fcllyeszt\u00e9s\u00e9nek vez\u00e9rl\u00e9se<\/td>\n<\/tr>\n<tr>\n<td>Furat\u00e1tm\u00e9r\u0151:<\/td>\n<td>125 mm\uff5e210 mm<\/td>\n<\/tr>\n<tr>\n<td>R\u00fad \u00e1tm\u00e9r\u0151je:<\/td>\n<td>90 mm\uff5e150 mm<br \/>\nL\u00f6ket \u22648500 mm<\/td>\n<\/tr>\n<tr>\n<td>Nyom\u00e1s:<\/td>\n<td>ak\u00e1r 35 MPa<\/td>\n<\/tr>\n<tr>\n<td>Nyom\u00e1sos palack alkalmaz\u00e1sok:<\/td>\n<td>Rot\u00e1ci\u00f3s f\u00far\u00e1s<\/td>\n<\/tr>\n<\/tbody>\n<\/table>\n<h2><strong>Forg\u00f3f\u00far\u00f3 nyom\u00e1s alatti henger azonos\u00edt\u00f3 rajza:<\/strong><\/h2>\n<p><img loading=\"lazy\" decoding=\"async\" class=\"alignnone wp-image-1590 size-full\" src=\"https:\/\/hydraulic-cylinders.net\/wp-content\/uploads\/2023\/10\/pressurized-cylinder-2.webp\" alt=\"\" width=\"1418\" height=\"946\" srcset=\"https:\/\/hydraulic-cylinders.net\/wp-content\/uploads\/2023\/10\/pressurized-cylinder-2.webp 1418w, https:\/\/hydraulic-cylinders.net\/wp-content\/uploads\/2023\/10\/pressurized-cylinder-2-1280x854.webp 1280w, https:\/\/hydraulic-cylinders.net\/wp-content\/uploads\/2023\/10\/pressurized-cylinder-2-980x654.webp 980w, https:\/\/hydraulic-cylinders.net\/wp-content\/uploads\/2023\/10\/pressurized-cylinder-2-480x320.webp 480w\" sizes=\"(min-width: 0px) and (max-width: 480px) 480px, (min-width: 481px) and (max-width: 980px) 980px, (min-width: 981px) and (max-width: 1280px) 1280px, (min-width: 1281px) 1418px, 100vw\" \/><\/p>\n<h2><strong>A forg\u00f3f\u00far\u00f3 nyom\u00e1s alatti henger haszn\u00e1lati m\u00f3dja<\/strong><strong>:<\/strong><\/h2>\n<ol>\n<li><strong>Ismerkedjen meg az \u00fczemeltet\u00e9si vez\u00e9rl\u00e9sekkel \u00e9s a biztons\u00e1gi ir\u00e1nyelvekkel:<\/strong><\/li>\n<\/ol>\n<ul>\n<li>A forg\u00f3f\u00far\u00f3 berendez\u00e9s \u00fczemeltet\u00e9se el\u0151tt elengedhetetlen, hogy megismerkedjen a berendez\u00e9s gy\u00e1rt\u00f3j\u00e1nak m\u0171k\u00f6d\u00e9si vez\u00e9rl\u00e9s\u00e9vel \u00e9s biztons\u00e1gi ir\u00e1nyelveivel.<\/li>\n<li>Szigor\u00faan tartsa be az \u00f6sszes biztons\u00e1gi el\u0151\u00edr\u00e1st \u00e9s \u00f3vint\u00e9zked\u00e9st a biztons\u00e1gos \u00e9s hat\u00e9kony f\u00far\u00e1si m\u0171veletek biztos\u00edt\u00e1sa \u00e9rdek\u00e9ben.<\/li>\n<\/ul>\n<ol start=\"2\">\n<li><strong>A l\u00f6kethossz be\u00e1ll\u00edt\u00e1sa:<\/strong><\/li>\n<\/ol>\n<ul>\n<li>Haszn\u00e1lja a vez\u00e9rl\u0151mechanizmust, p\u00e9ld\u00e1ul egy vez\u00e9rl\u0151panelt vagy joystickot a forg\u00f3f\u00far\u00f3 nyom\u00e1shenger aktiv\u00e1l\u00e1s\u00e1hoz.<\/li>\n<li>\u00c1ll\u00edtsa be a l\u00f6kethosszt a konkr\u00e9t f\u00far\u00e1si k\u00f6vetelm\u00e9nyeknek \u00e9s a talajviszonyoknak megfelel\u0151en.<\/li>\n<li>A henger a nyom\u00e1s alatt l\u00e9v\u0151 hidraulikafolyad\u00e9kot a f\u00far\u00f3oszlop pontos pozicion\u00e1l\u00e1s\u00e1hoz sz\u00fcks\u00e9ges er\u0151v\u00e9 alak\u00edtja.<\/li>\n<\/ul>\n<ol start=\"3\">\n<li><strong>F\u00far\u00f3oszlop helyzet\u00e9nek ellen\u0151rz\u00e9se \u00e9s be\u00e1ll\u00edt\u00e1sa:<\/strong><\/li>\n<\/ol>\n<ul>\n<li>\u00dczem k\u00f6zben folyamatosan figyelje a f\u00far\u00f3oszlop helyzet\u00e9t.<\/li>\n<li>V\u00e9gezze el a sz\u00fcks\u00e9ges be\u00e1ll\u00edt\u00e1sokat a pontos f\u00far\u00e1s biztos\u00edt\u00e1sa \u00e9s a k\u00edv\u00e1nt f\u00far\u00e1si magass\u00e1g fenntart\u00e1sa \u00e9rdek\u00e9ben.<\/li>\n<\/ul>\n<h2><strong>A hidraulika melyik t\u00f6rv\u00e9ny\u00e9t alkalmazza a f\u00e9krendszer?<\/strong><\/h2>\n<p>A j\u00e1rm\u0171vek f\u00e9krendszere \u00e1ltal\u00e1ban Pascal hidraulika t\u00f6rv\u00e9ny\u00e9t alkalmazza. Pascal t\u00f6rv\u00e9nye kimondja, hogy amikor egy z\u00e1rt rendszerben l\u00e9v\u0151 folyad\u00e9kra nyom\u00e1st alkalmazunk, a nyom\u00e1s minden ir\u00e1nyban egyenl\u0151en terjed. Egy j\u00e1rm\u0171 f\u00e9krendszer\u00e9ben ez a t\u00f6rv\u00e9ny lehet\u0151v\u00e9 teszi az er\u0151 \u00e1tvitel\u00e9t a vezet\u0151 l\u00e1b\u00e1t\u00f3l a f\u00e9kped\u00e1l lenyom\u00e1sakor az egyes kerekek f\u00e9knyergeire.<\/p>\n<p>\u00cdme egy leegyszer\u0171s\u00edtett magyar\u00e1zat arr\u00f3l, hogyan haszn\u00e1lja a f\u00e9krendszer Pascal-t\u00f6rv\u00e9ny\u00e9t:<\/p>\n<ol>\n<li><strong>F\u00e9kped\u00e1l:<\/strong><br \/>\nAmikor a vezet\u0151 lenyomja a f\u00e9kped\u00e1lt, az er\u0151t fejt ki a f\u0151f\u00e9khengerben l\u00e9v\u0151 dugatty\u00fara.<\/li>\n<li><strong>F\u0151f\u00e9khenger:<\/strong><br \/>\nA f\u0151f\u00e9khenger hidraulikafolyad\u00e9kot tartalmaz, \u00e9s itt tal\u00e1lhat\u00f3 a dugatty\u00fa. Amikor a vezet\u0151 lenyomja a f\u00e9kped\u00e1lt, a dugatty\u00fa \u00f6sszenyomja a folyad\u00e9kot, \u00e9s n\u00f6veli a nyom\u00e1st.<\/li>\n<li><strong>Hidraulikus vezet\u00e9kek:<\/strong><br \/>\nA megn\u00f6vekedett nyom\u00e1st hidraulikus vezet\u00e9keken kereszt\u00fcl tov\u00e1bb\u00edtj\u00e1k, amelyek a f\u0151f\u00e9khengert \u00f6sszek\u00f6tik az egyes kerekek f\u00e9knyergeivel vagy ker\u00e9khengereivel.<\/li>\n<li><strong>F\u00e9knyergek\/ker\u00e9khengerek:<\/strong><br \/>\nA f\u00e9knyergek (t\u00e1rcsaf\u00e9kekn\u00e9l) vagy a ker\u00e9khengerek (dobf\u00e9kekn\u00e9l) dugatty\u00fakat tartalmaznak, amelyekre a hidraulikus nyom\u00e1s hat. A hidraulikafolyad\u00e9k \u00e1ltal kifejtett nyom\u00e1s a dugatty\u00fak mozg\u00e1s\u00e1t id\u00e9zi el\u0151, er\u0151t fejtve ki a f\u00e9kbet\u00e9tekre vagy f\u00e9kpof\u00e1kra.<\/li>\n<li><strong>F\u00e9kbet\u00e9tek\/f\u00e9kpof\u00e1k:<\/strong><br \/>\nA f\u00e9kbet\u00e9tek (t\u00e1rcsaf\u00e9kekn\u00e9l) vagy a f\u00e9kpof\u00e1k (dobf\u00e9kekn\u00e9l) a forg\u00f3 f\u00e9kt\u00e1rcs\u00e1khoz vagy -dobokhoz nyom\u00f3dnak, s\u00farl\u00f3d\u00e1st hozva l\u00e9tre. Ez a s\u00farl\u00f3d\u00e1s lelass\u00edtja vagy le\u00e1ll\u00edtja a kerekek forg\u00e1s\u00e1t, ez\u00e1ltal lass\u00edtja a j\u00e1rm\u0171vet.<\/li>\n<\/ol>\n<h2><strong>A gy\u00e1r kapacit\u00e1sa \u00e9s kapacit\u00e1sa:<\/strong><\/h2>\n<h3>(1) \u00d6sszeszerel\u00e9s<\/h3>\n<p>Els\u0151 oszt\u00e1ly\u00fa f\u00fcggetlen kutat\u00e1si \u00e9s fejleszt\u00e9si \u00f6sszeszerel\u00e9si platformmal rendelkez\u00fcnk. A hidraulikus hengergy\u00e1rt\u00f3 m\u0171hely n\u00e9gy f\u00e9lautomata emel\u0151henger-\u00f6sszeszerel\u0151 sorral \u00e9s egy automata billen\u0151henger-\u00f6sszeszerel\u0151 sorral rendelkezik, tervezett \u00e9ves gy\u00e1rt\u00e1si kapacit\u00e1sa 1 milli\u00f3 darab. A speci\u00e1lis henger m\u0171hely k\u00fcl\u00f6nb\u00f6z\u0151 specifik\u00e1ci\u00f3j\u00fa f\u00e9lautomata tiszt\u00edt\u00f3 \u00f6sszeszerel\u0151 rendszerrel van felszerelve, amelynek tervezett \u00e9ves termel\u00e9si kapacit\u00e1sa 200.000, \u00e9s h\u00edres CNC megmunk\u00e1l\u00f3 berendez\u00e9ssel, megmunk\u00e1l\u00f3 k\u00f6zponttal, nagy pontoss\u00e1g\u00fa hengerfeldolgoz\u00f3 speci\u00e1lis berendez\u00e9ssel, robothegeszt\u0151 g\u00e9ppel, automatikus tiszt\u00edt\u00f3g\u00e9ppel, automatikus henger \u00f6sszeszerel\u0151 g\u00e9ppel \u00e9s automatikus fest\u00e9si gy\u00e1rt\u00f3sorral van felszerelve. A megl\u00e9v\u0151 kritikus berendez\u00e9sek t\u00f6bb mint 300 k\u00e9szlet (k\u00e9szlet). A berendez\u00e9sek er\u0151forr\u00e1sainak optim\u00e1lis eloszt\u00e1sa \u00e9s hat\u00e9kony felhaszn\u00e1l\u00e1sa biztos\u00edtja a term\u00e9kek pontoss\u00e1gi k\u00f6vetelm\u00e9nyeit \u00e9s megfelel a term\u00e9kek min\u0151s\u00e9gi ig\u00e9nyeinek.<\/p>\n<p><img loading=\"lazy\" decoding=\"async\" class=\"alignnone wp-image-626\" src=\"https:\/\/hydraulic-cylinders.net\/wp-content\/uploads\/2023\/08\/hydraulic-cylinder-product-1-300x158.webp\" alt=\"\" width=\"495\" height=\"260\" srcset=\"https:\/\/hydraulic-cylinders.net\/wp-content\/uploads\/2023\/08\/hydraulic-cylinder-product-1-300x158.webp 495w, https:\/\/hydraulic-cylinders.net\/wp-content\/uploads\/2023\/08\/hydraulic-cylinder-product-1-480x252.webp 480w\" sizes=\"(min-width: 0px) and (max-width: 480px) 480px, (min-width: 481px) 495px, 100vw\" \/> <img loading=\"lazy\" decoding=\"async\" class=\"alignnone wp-image-627\" src=\"https:\/\/hydraulic-cylinders.net\/wp-content\/uploads\/2023\/08\/hydraulic-cylinder-product-2-300x189.webp\" alt=\"\" width=\"413\" height=\"260\" \/><\/p>\n<h3>(2) Megmunk\u00e1l\u00e1s<\/h3>\n<p>A megmunk\u00e1l\u00f3m\u0171hely egyedi, ferde s\u00edneszterg\u00e1l\u00f3 k\u00f6zponttal, megmunk\u00e1l\u00f3k\u00f6zponttal, nagysebess\u00e9g\u0171 h\u00f3nol\u00f3g\u00e9ppel, hegeszt\u0151robottal \u00e9s egy\u00e9b kapcsol\u00f3d\u00f3 berendez\u00e9sekkel van felszerelve, amelyek legfeljebb 400 mm bels\u0151 \u00e1tm\u00e9r\u0151j\u0171 \u00e9s legfeljebb 6 m\u00e9ter hossz\u00fa hengercs\u00f6vek megmunk\u00e1l\u00e1s\u00e1ra k\u00e9pesek.<\/p>\n<p><img loading=\"lazy\" decoding=\"async\" class=\"alignnone wp-image-628 size-large\" src=\"https:\/\/hydraulic-cylinders.net\/wp-content\/uploads\/2023\/08\/hydraulic-cylinder-product-3-1024x391.webp\" alt=\"\" width=\"1024\" height=\"391\" srcset=\"https:\/\/hydraulic-cylinders.net\/wp-content\/uploads\/2023\/08\/hydraulic-cylinder-product-3-980x374.webp 980w, https:\/\/hydraulic-cylinders.net\/wp-content\/uploads\/2023\/08\/hydraulic-cylinder-product-3-480x183.webp 480w\" sizes=\"(min-width: 0px) and (max-width: 480px) 480px, (min-width: 481px) and (max-width: 980px) 980px, (min-width: 981px) 1024px, 100vw\" \/><\/p>\n<h3>(3) Hegeszt\u00e9s<\/h3>\n<p><img loading=\"lazy\" decoding=\"async\" class=\"alignnone wp-image-629 size-large\" src=\"https:\/\/hydraulic-cylinders.net\/wp-content\/uploads\/2023\/08\/hydraulic-cylinder-product-4-1024x510.webp\" alt=\"\" width=\"1024\" height=\"510\" srcset=\"https:\/\/hydraulic-cylinders.net\/wp-content\/uploads\/2023\/08\/hydraulic-cylinder-product-4-980x488.webp 980w, https:\/\/hydraulic-cylinders.net\/wp-content\/uploads\/2023\/08\/hydraulic-cylinder-product-4-480x239.webp 480w\" sizes=\"(min-width: 0px) and (max-width: 480px) 480px, (min-width: 481px) and (max-width: 980px) 980px, (min-width: 981px) 1024px, 100vw\" \/><\/p>\n<h3>(4) Fest\u00e9s \u00e9s bevonatol\u00e1s<\/h3>\n<p>Kis \u00e9s k\u00f6zepes m\u00e9ret\u0171 hengeres automatikus v\u00edzb\u00e1zis\u00fa fest\u00e9kbevon\u00f3 sorokkal, az automatikus robot be- \u00e9s kirakod\u00e1s, valamint az automatikus permetez\u00e9s megval\u00f3s\u00edt\u00e1s\u00e1hoz, a tervez\u00e9si kapacit\u00e1s m\u0171szakonk\u00e9nt 4000 darab;<br \/>\nRendelkez\u00fcnk egy f\u00e9lautomata fest\u00e9kgy\u00e1rt\u00f3sorral is nagym\u00e9ret\u0171 palackokhoz, amelyet egy er\u0151\u00e1tviteli l\u00e1nc hajt, m\u0171szakonk\u00e9nt 60 doboz tervez\u00e9si kapacit\u00e1ssal.<\/p>\n<p><img loading=\"lazy\" decoding=\"async\" class=\"alignnone wp-image-630\" src=\"https:\/\/hydraulic-cylinders.net\/wp-content\/uploads\/2023\/08\/hydraulic-cylinder-product-5-300x213.webp\" alt=\"\" width=\"366\" height=\"260\" \/> <img loading=\"lazy\" decoding=\"async\" class=\"alignnone wp-image-631\" src=\"https:\/\/hydraulic-cylinders.net\/wp-content\/uploads\/2023\/08\/hydraulic-cylinder-product-6-300x225.webp\" alt=\"\" width=\"347\" height=\"260\" \/><\/p>\n<h3>(5) Tesztel\u00e9s<\/h3>\n<p>Els\u0151 oszt\u00e1ly\u00fa ellen\u0151rz\u0151 l\u00e9tes\u00edtm\u00e9nyekkel \u00e9s tesztpadokkal rendelkez\u00fcnk annak biztos\u00edt\u00e1s\u00e1ra, hogy a palack teljes\u00edtm\u00e9nye megfeleljen a k\u00f6vetelm\u00e9nyeknek.<\/p>\n<p><img loading=\"lazy\" decoding=\"async\" class=\"alignnone wp-image-632\" src=\"https:\/\/hydraulic-cylinders.net\/wp-content\/uploads\/2023\/08\/hydraulic-cylinder-product-8-300x200.webp\" alt=\"\" width=\"389\" height=\"260\" \/><\/p>\n<p>&nbsp;<\/p>\n<p>&nbsp;<\/p>\n<p>Mi vagyunk az egyik legjobb hidraulikus henger gy\u00e1rt\u00f3. \u00c1tfog\u00f3 hidraulikus hengereket k\u00edn\u00e1lunk. Megfelel\u0151 szolg\u00e1ltat\u00e1sokat is biztos\u00edtunk. <a href=\"https:\/\/hzpt.com\/agricultural-pto-gearbox\/\" target=\"_blank\" rel=\"noopener\">mez\u0151gazdas\u00e1gi sebess\u00e9gv\u00e1lt\u00f3k<\/a>Term\u00e9keinket vil\u00e1gszerte export\u00e1ltuk \u00fcgyfeleinknek, \u00e9s kiv\u00e1l\u00f3 term\u00e9kmin\u0151s\u00e9g\u00fcnknek \u00e9s \u00e9rt\u00e9kes\u00edt\u00e9s ut\u00e1ni szolg\u00e1ltat\u00e1sunknak k\u00f6sz\u00f6nhet\u0151en j\u00f3 h\u00edrnevet szerezt\u00fcnk. Szeretettel v\u00e1rjuk belf\u00f6ldi \u00e9s k\u00fclf\u00f6ldi \u00fcgyfeleinket, hogy \u00fczleti t\u00e1rgyal\u00e1sok, inform\u00e1ci\u00f3csere \u00e9s egy\u00e9b lehet\u0151s\u00e9gek c\u00e9lj\u00e1b\u00f3l kapcsolatba l\u00e9pjenek vel\u00fcnk. <a href=\"https:\/\/www.hydraulic-cylinders.net\/hu\/contact-us\/\">egy\u00fcttm\u0171k\u00f6dni vel\u00fcnk<\/a>!<\/p>","protected":false},"excerpt":{"rendered":"<p>Rotary Drilling Pressurized Cylinder The rotary drilling pressurized cylinder is a high-performance hydraulic component specially designed to enhance efficiency and precision in rotary drilling operations. This cylinder plays a crucial role in controlling the vertical movement of the drilling mast, ensuring accurate positioning and optimized drilling performance. The rotary drilling pressurized cylinder is indispensable for [&hellip;]<\/p>","protected":false},"featured_media":1589,"comment_status":"open","ping_status":"closed","template":"","meta":{"_et_pb_use_builder":"","_et_pb_old_content":"","_et_gb_content_width":""},"product_brand":[],"product_cat":[1518,1549,1376],"product_tag":[1380],"class_list":{"0":"post-1587","1":"product","2":"type-product","3":"status-publish","4":"has-post-thumbnail","6":"product_cat-rotary-drilling-rig-hydraulic-cylinders","7":"product_cat-single-acting-hydraulic-cylinder","8":"product_cat-hydraulic-cylinder","9":"product_tag-hydraulic-cylinder","11":"first","12":"instock","13":"shipping-taxable","14":"product-type-simple"},"amp_enabled":true,"_links":{"self":[{"href":"https:\/\/www.hydraulic-cylinders.net\/hu\/wp-json\/wp\/v2\/product\/1587","targetHints":{"allow":["GET"]}}],"collection":[{"href":"https:\/\/www.hydraulic-cylinders.net\/hu\/wp-json\/wp\/v2\/product"}],"about":[{"href":"https:\/\/www.hydraulic-cylinders.net\/hu\/wp-json\/wp\/v2\/types\/product"}],"replies":[{"embeddable":true,"href":"https:\/\/www.hydraulic-cylinders.net\/hu\/wp-json\/wp\/v2\/comments?post=1587"}],"wp:featuredmedia":[{"embeddable":true,"href":"https:\/\/www.hydraulic-cylinders.net\/hu\/wp-json\/wp\/v2\/media\/1589"}],"wp:attachment":[{"href":"https:\/\/www.hydraulic-cylinders.net\/hu\/wp-json\/wp\/v2\/media?parent=1587"}],"wp:term":[{"taxonomy":"product_brand","embeddable":true,"href":"https:\/\/www.hydraulic-cylinders.net\/hu\/wp-json\/wp\/v2\/product_brand?post=1587"},{"taxonomy":"product_cat","embeddable":true,"href":"https:\/\/www.hydraulic-cylinders.net\/hu\/wp-json\/wp\/v2\/product_cat?post=1587"},{"taxonomy":"product_tag","embeddable":true,"href":"https:\/\/www.hydraulic-cylinders.net\/hu\/wp-json\/wp\/v2\/product_tag?post=1587"}],"curies":[{"name":"munkaf\u00fczet","href":"https:\/\/api.w.org\/{rel}","templated":true}]}}