{"id":15875,"date":"2025-01-19T15:06:26","date_gmt":"2025-01-19T15:06:26","guid":{"rendered":"https:\/\/www.hydraulic-cylinders.net\/product\/bucket-cylinder-for-xinyuan-wheel-excavator-xy75w-8-9\/"},"modified":"2025-01-19T15:06:29","modified_gmt":"2025-01-19T15:06:29","slug":"bucket-cylinder-for-xinyuan-wheel-excavator-xy75w-8-9","status":"publish","type":"product","link":"https:\/\/www.hydraulic-cylinders.net\/hu\/termek\/bucket-cylinder-for-xinyuan-wheel-excavator-xy75w-8-9\/","title":{"rendered":"V\u00f6d\u00f6rhenger Xinyuan XY75W-8-9 kerekes kotr\u00f3g\u00e9phez"},"content":{"rendered":"<h1>V\u00f6d\u00f6rhenger Xinyuan XY75W-8-9 kerekes kotr\u00f3g\u00e9phez<\/h1>\n<h2>Bevezet\u00e9s<\/h2>\n<p>A kan\u00e1lhenger egy speci\u00e1lisan tervezett hidraulikus henger, amelyet neh\u00e9zg\u00e9pek, p\u00e9ld\u00e1ul kotr\u00f3g\u00e9pek, kotr\u00f3g\u00e9pek \u00e9s homlokrakod\u00f3k kan\u00e1lj\u00e1nak mozg\u00e1s\u00e1nak vez\u00e9rl\u00e9s\u00e9re haszn\u00e1lnak. F\u0151 funkci\u00f3ja a kan\u00e1l emel\u00e9se, s\u00fcllyeszt\u00e9se \u00e9s billent\u00e9se a k\u00fcl\u00f6nf\u00e9le anyagok k\u00f6nny\u0171 kezel\u00e9se \u00e9rdek\u00e9ben. A hidraulikus rendszerben a kan\u00e1lhenger a hidraulikaolaj nyom\u00e1s\u00e1nak v\u00e1ltoztat\u00e1s\u00e1val \u00e9ri el a kan\u00e1l pontos vez\u00e9rl\u00e9s\u00e9t, lehet\u0151v\u00e9 t\u00e9ve a kezel\u0151k sz\u00e1m\u00e1ra, hogy hat\u00e9konyan kezelj\u00e9k a neh\u00e9z terheket, \u00e9s alkalmazkodjanak az \u00f6sszetett munkak\u00f6rnyezetekhez \u00e9s a v\u00e1ltozatos m\u0171k\u00f6d\u00e9si k\u00f6vetelm\u00e9nyekhez.<\/p>\n<p><img decoding=\"async\" src=\"https:\/\/www.hydraulic-cylinders.net\/wp-content\/uploads\/2025\/01\/songte-company-2.webp\" alt=\"V\u00f6d\u00f6rhenger\"><\/p>\n<h2>Jellemz\u0151k<\/h2>\n<ul>\n<li>Nagy szil\u00e1rds\u00e1g \u00e9s tart\u00f3ss\u00e1g: \u00c1ltal\u00e1ban nagy szil\u00e1rds\u00e1g\u00fa ac\u00e9lb\u00f3l vagy alum\u00edniumb\u00f3l k\u00e9sz\u00fcl, ellen\u00e1ll a nagy nyom\u00e1snak \u00e9s a nagy terhel\u00e9seknek, alkalmazkodik a zord munkak\u00f6rnyezethez, \u00e9s kialak\u00edt\u00e1sa figyelembe veszi a kop\u00e1s\u00e1ll\u00f3s\u00e1got \u00e9s a korr\u00f3zi\u00f3\u00e1ll\u00f3s\u00e1got az \u00e9lettartam meghosszabb\u00edt\u00e1sa \u00e9rdek\u00e9ben.<\/li>\n<li>Hat\u00e9kony hidraulikus m\u0171k\u00f6d\u00e9s: A hidraulikaolaj nyom\u00e1s\u00e1nak kihaszn\u00e1l\u00e1s\u00e1val a sima kitol\u00e1s \u00e9s visszah\u00faz\u00e1s \u00e9rhet\u0151 el, ami er\u0151teljes tol\u00f3- \u00e9s h\u00faz\u00f3er\u0151t biztos\u00edt, \u00e9s alkalmas neh\u00e9z terhek \u00e9s \u00f6sszetett m\u0171k\u00f6d\u00e9si feladatok kezel\u00e9s\u00e9re.<\/li>\n<li>T\u00f6bb t\u00edpus: Az egyszeres m\u0171k\u00f6d\u00e9s\u0171 (csak egy ir\u00e1nyban hidraulikusan m\u0171k\u00f6dtetett) vagy kett\u0151s m\u0171k\u00f6d\u00e9s\u0171 (mindk\u00e9t ir\u00e1nyban hidraulikusan m\u0171k\u00f6dtetett) hengerek az \u00fczemeltet\u00e9si ig\u00e9nyeknek megfelel\u0151en v\u00e1laszthat\u00f3k. Egyes modellek teleszk\u00f3posak, \u00edgy nagyobb kiny\u00fal\u00e1st tesznek lehet\u0151v\u00e9 a k\u00fcls\u0151 m\u00e9retek n\u00f6vel\u00e9se n\u00e9lk\u00fcl, \u00edgy alkalmasak korl\u00e1tozott helyig\u00e9ny\u0171 alkalmaz\u00e1sokhoz. <\/li>\n<li>T\u00f6k\u00e9letes csere: Term\u00e9keink t\u00f6k\u00e9letesen helyettes\u00edthetik ezeket a hidraulikus hengereket. <\/li>\n<\/ul>\n<p><img decoding=\"async\" src=\"https:\/\/www.hydraulic-cylinders.net\/wp-content\/uploads\/2025\/01\/songte-cylinder-head-with-all-kinds-excavator-models.webp\" alt=\"Term\u00e9k\"><\/p>\n<h2>Alkalmaz\u00e1sok<\/h2>\n<p>A kan\u00e1lhenger fontos a talaj vagy t\u00f6rmel\u00e9k ki\u00e1s\u00e1s\u00e1hoz, rakod\u00e1s\u00e1hoz \u00e9s mozgat\u00e1s\u00e1hoz az \u00e9p\u00edt\u0151ipari g\u00e9pekben. A kotr\u00f3g\u00e9pekben a kan\u00e1lhengerek seg\u00edtenek a ki\u00e1s\u00e1sban \u00e9s az emel\u00e9sben. Mez\u0151gazdas\u00e1gi g\u00e9pekben homlokrakod\u00f3khoz haszn\u00e1lj\u00e1k \u0151ket talaj, sz\u00e9na \u00e9s egy\u00e9b anyagok mer\u00e9s\u00e9hez, emel\u00e9s\u00e9hez \u00e9s sz\u00e1ll\u00edt\u00e1s\u00e1hoz. Kotr\u00f3g\u00e9pekben a kan\u00e1lhengerek \u00e1s\u00e1si m\u0171veleteket v\u00e9geznek az\u00e1ltal, hogy lehet\u0151v\u00e9 teszik a kan\u00e1l talajba val\u00f3 behatol\u00e1s\u00e1t. Homlokrakod\u00f3kban hat\u00e9konyan seg\u00edtik az \u00e1ruk emel\u00e9s\u00e9t \u00e9s \u00fcr\u00edt\u00e9s\u00e9t.<\/p>\n<h2>Tervez\u00e9si szempontok \u00e9s kiv\u00e1laszt\u00e1si krit\u00e9riumok<\/h2>\n<ul>\n<li>Teherb\u00edr\u00e1s: A henger teherb\u00edr\u00e1s\u00e1t figyelembe kell venni a megfelel\u0151 henger kiv\u00e1laszt\u00e1sakor az alkalmaz\u00e1shoz.<\/li>\n<li>T\u00f6m\u00edt\u00e9s: K\u00fcl\u00f6nb\u00f6z\u0151 t\u00f6m\u00edt\u0151elemeket, p\u00e9ld\u00e1ul dugatty\u00fat\u00f6m\u00edt\u00e9seket \u00e9s r\u00fadt\u00f6m\u00edt\u00e9seket kell haszn\u00e1lni. A t\u00f6m\u00edt\u0151elemeknek kop\u00e1s\u00e1ll\u00f3 anyagokb\u00f3l, p\u00e9ld\u00e1ul poliuret\u00e1nb\u00f3l \u00e9s nitrilgumib\u00f3l kell k\u00e9sz\u00fclni\u00fck. A hengertesteket \u00e9s a menetes v\u00e9gfel\u00fcleteket finoman kell megmunk\u00e1lni a kop\u00e1s\u00e1ll\u00f3s\u00e1g jav\u00edt\u00e1sa \u00e9rdek\u00e9ben, \u00e9s rendszeresen hidraulikaolajat kell ut\u00e1naadni ken\u00e9s c\u00e9lj\u00e1b\u00f3l.<\/li>\n<li>Tart\u00f3ss\u00e1g: A henger tart\u00f3ss\u00e1g\u00e1nak biztos\u00edt\u00e1sa \u00e9rdek\u00e9ben figyelembe kell venni a kialak\u00edt\u00e1s\u00e1t. Nagy szil\u00e1rds\u00e1g\u00fa \u00e9s tart\u00f3s anyagokb\u00f3l kell k\u00e9sz\u00fclnie, hogy ellen\u00e1lljon a kop\u00e1snak, a korr\u00f3zi\u00f3nak \u00e9s m\u00e1s k\u00f6rnyezeti t\u00e9nyez\u0151knek.<\/li>\n<li>Biztons\u00e1g: A biztons\u00e1gnak alapvet\u0151 szempontnak kell lennie a tervez\u00e9s \u00e9s a kiv\u00e1laszt\u00e1s sor\u00e1n. A palackot biztons\u00e1gos \u00fczemeltet\u00e9sre kell tervezni \u00e9s kiv\u00e1lasztani, \u00e9s figyelembe kell venni a megfelel\u0151 biztons\u00e1gi int\u00e9zked\u00e9seket.<\/li>\n<li>Karbantart\u00e1s: A palackok tervez\u00e9s\u00e9n\u00e9l \u00e9s kiv\u00e1laszt\u00e1s\u00e1n\u00e1l figyelembe kell venni a karbantart\u00e1st. A palackokat \u00fagy kell megtervezni, hogy k\u00f6nnyen karbantarthat\u00f3k \u00e9s jav\u00edthat\u00f3k legyenek, \u00e9s a palack \u00e9lettartam\u00e1nak meghosszabb\u00edt\u00e1sa \u00e9rdek\u00e9ben \u00fctemezett karbantart\u00e1st kell v\u00e9gezni.<\/li>\n<\/ul>\n<p><img decoding=\"async\" src=\"https:\/\/www.hydraulic-cylinders.net\/wp-content\/uploads\/2025\/01\/songte-oil-pipes-and-spare-parts.webp\" alt=\"Term\u00e9k\"><\/p>\n<h2>Karbantart\u00e1s \u00e9s telep\u00edt\u00e9s<\/h2>\n<p>Az al\u00e1bbiakban h\u00e1rom gyakori karbantart\u00e1si feladatot ismertet\u00fcnk:<\/p>\n<ol>\n<li>Rendszeres ellen\u0151rz\u00e9s<\/li>\n<li>Megfelel\u0151 ken\u00e9s<\/li>\n<li>T\u00f6m\u00edt\u00e9scsere \u00e9s kalibr\u00e1l\u00e1s ellen\u0151rz\u00e9se<\/li>\n<\/ol>\n<p>A megfelel\u0151 beszerel\u00e9s, ken\u00e9s \u00e9s be\u00e1ll\u00edt\u00e1s elengedhetetlen a kan\u00e1lhenger hossz\u00fa \u00e9lettartam\u00e1nak biztos\u00edt\u00e1s\u00e1hoz. A beszerel\u00e9s sor\u00e1n \u00fcgyelni kell a henger megfelel\u0151 be\u00e1ll\u00edt\u00e1s\u00e1ra, \u00e9s a henger r\u00f6gz\u00edt\u00e9s\u00e9hez megfelel\u0151 r\u00f6gz\u00edt\u0151konzolokat kell haszn\u00e1lni. A term\u00e9k \u00e9lettartam\u00e1nak n\u00f6vel\u00e9se \u00e9rdek\u00e9ben be kell tartani az aj\u00e1nlott ellen\u0151rz\u00e9si, jav\u00edt\u00e1si \u00e9s csere elj\u00e1r\u00e1sokat, \u00e9s biztos\u00edtani kell az \u00fajj\u00e1\u00e9p\u00edt\u00e9si szolg\u00e1ltat\u00e1sokat.<\/p>\n<p><img decoding=\"async\" src=\"https:\/\/www.hydraulic-cylinders.net\/wp-content\/uploads\/2025\/01\/songte-chushion-collar.webp\" alt=\"Term\u00e9k\"><\/p>\n<h2>Biztons\u00e1gi \u00e9s k\u00f6rnyezetv\u00e9delmi szempontok<\/h2>\n<p>A balesetek elker\u00fcl\u00e9se \u00e9s a biztons\u00e1gos munkav\u00e9gz\u00e9s \u00e9rdek\u00e9ben a serlegpalack \u00fczemeltet\u00e9sekor megfelel\u0151 biztons\u00e1gi int\u00e9zked\u00e9seket kell tenni. A palack kiv\u00e1laszt\u00e1sakor \u00e9s \u00fczemeltet\u00e9sekor a k\u00f6rnyezeti t\u00e9nyez\u0151ket is figyelembe kell venni a k\u00e1ros k\u00f6rnyezeti hat\u00e1sok minimaliz\u00e1l\u00e1sa \u00e9rdek\u00e9ben.<\/p>\n<h2>Diagn\u00f3zis \u00e9s hibaelh\u00e1r\u00edt\u00e1s<\/h2>\n<p>Az al\u00e1bbiakban n\u00e9h\u00e1ny gyakori probl\u00e9ma mer\u00fclhet fel a kan\u00e1lhenger haszn\u00e1lata sor\u00e1n:<\/p>\n<ul>\n<li>T\u00f6m\u00edt\u00e9s meghib\u00e1sod\u00e1sa<\/li>\n<li>T\u00falzott sziv\u00e1rg\u00e1s<\/li>\n<li>Cs\u00f6kkentett m\u0171k\u00f6d\u00e9si hat\u00e9konys\u00e1g<\/li>\n<\/ul>\n<p>Hibaelh\u00e1r\u00edt\u00e1si tippeket \u00e9s megold\u00e1sokat kell biztos\u00edtani a probl\u00e9m\u00e1k hat\u00e9kony diagnosztiz\u00e1l\u00e1s\u00e1hoz \u00e9s megold\u00e1s\u00e1hoz, \u00e9s megel\u0151z\u0151 int\u00e9zked\u00e9seket kell tenni a lehets\u00e9ges probl\u00e9m\u00e1k minimaliz\u00e1l\u00e1sa \u00e9rdek\u00e9ben.<\/p>\n<p><img decoding=\"async\" src=\"https:\/\/www.hydraulic-cylinders.net\/wp-content\/uploads\/2025\/01\/songte-bushings-with-all-kinds-of-excavator-models.webp\" alt=\"Term\u00e9k\"><\/p>\n<h2>C\u00e9g\u00fcnkr\u0151l<\/h2>\n<p>Megl\u00e9v\u0151 hengerek cser\u00e9j\u00e9re szolg\u00e1l\u00f3 hidraulikus hengerek gy\u00e1rt\u00f3ja vagyunk. C\u00e9g\u00fcnk teljes term\u00e9kk\u00edn\u00e1latot k\u00edn\u00e1l, \u00e9s a hazai \u00e9s k\u00fclf\u00f6ldi piacok egyik vezet\u0151 hidraulikus hengergy\u00e1rt\u00f3j\u00e1v\u00e1 \u00e9s nagykeresked\u0151j\u00e9v\u00e9 v\u00e1lt. A kiv\u00e1l\u00f3 min\u0151s\u00e9gre \u00f6sszpontos\u00edtunk, egy kifinomult gy\u00e1rt\u00f3m\u0171hely iparos\u00edtott termel\u00e9sir\u00e1ny\u00edt\u00e1si strat\u00e9gi\u00e1j\u00e1ra t\u00e1maszkodunk, folyamatosan fejlesztj\u00fck a m\u0171hely gy\u00e1rt\u00e1si platformj\u00e1t, t\u00f6k\u00e9letes\u00edtj\u00fck term\u00e9keink min\u0151s\u00e9gi gy\u00e1rt\u00e1si \u00fatvonal\u00e1t, \u00e9s er\u0151s kreativit\u00e1ssal rendelkez\u00fcnk. A nagy hat\u00e9konys\u00e1g, a nagy pontoss\u00e1g \u00e9s a kiv\u00e1l\u00f3 min\u0151s\u00e9g elveivel igyeksz\u00fcnk kiel\u00e9g\u00edteni \u00fcgyfeleink sokr\u00e9t\u0171 ig\u00e9nyeit.<\/p>\n<p><img decoding=\"async\" src=\"https:\/\/hzpt.com\/wp-content\/uploads\/2024\/11\/songte-company-1.webp\" alt=\"V\u00e1llalat\"><\/p>\n<h3>Szakmaiass\u00e1g<\/h3>\n<p>Egy olyan szakemberekb\u0151l \u00e1ll\u00f3 csapat vagyunk, akik elk\u00f6telezettek amellett, hogy kiv\u00e1l\u00f3 term\u00e9keket \u00e9s szolg\u00e1ltat\u00e1sokat ny\u00fajtsanak \u00fcgyfeleinknek. Csapatunkban m\u00e9rn\u00f6k\u00f6k, technikusok \u00e9s m\u00e1s k\u00e9pzett szakemberek dolgoznak kem\u00e9nyen azon, hogy term\u00e9keink megfeleljenek a legmagasabb min\u0151s\u00e9gi \u00e9s megb\u00edzhat\u00f3s\u00e1gi szabv\u00e1nyoknak.<\/p>\n<h3>Nemzetk\u00f6zi tan\u00fas\u00edtv\u00e1nyok<\/h3>\n<p>C\u00e9g\u00fcnk sz\u00e1mos nemzetk\u00f6zi tan\u00fas\u00edtv\u00e1nyt szerzett, t\u00f6bbek k\u00f6z\u00f6tt ISO9001, CE \u00e9s egy\u00e9b tan\u00fas\u00edtv\u00e1nyokat, amelyek biztos\u00edtj\u00e1k, hogy term\u00e9keink megfeleljenek a legmagasabb nemzetk\u00f6zi szabv\u00e1nyoknak.<\/p>\n<h3>Testreszab\u00e1si szolg\u00e1ltat\u00e1sok<\/h3>\n<p>Testreszab\u00e1si szolg\u00e1ltat\u00e1sokat k\u00edn\u00e1lunk \u00fcgyfeleink egyedi ig\u00e9nyeinek kiel\u00e9g\u00edt\u00e9s\u00e9re. \u00dcgyfeleinkkel egy\u00fcttm\u0171k\u00f6dve olyan hidraulikus hengereket tervez\u00fcnk \u00e9s gy\u00e1rtunk, amelyek megfelelnek az \u0151 egyedi k\u00f6vetelm\u00e9nyeiknek \u00e9s sz\u00fcks\u00e9gleteiknek.<\/p>\n<h3>Termel\u00e9si berendez\u00e9sek<\/h3>\n<p>C\u00e9g\u00fcnk jelent\u0151s \u00f6sszegeket fektetett be korszer\u0171 gy\u00e1rt\u00f3berendez\u00e9sekbe, hogy biztos\u00edtsa a kiv\u00e1l\u00f3 min\u0151s\u00e9g\u0171 hidraulikus hengerek gyors \u00e9s hat\u00e9kony gy\u00e1rt\u00e1s\u00e1t.<\/p>\n<h3>\u00c9rt\u00e9kes\u00edt\u00e9s ut\u00e1ni szolg\u00e1ltat\u00e1s<\/h3>\n<p>Kiv\u00e1l\u00f3 \u00e9rt\u00e9kes\u00edt\u00e9s ut\u00e1ni szolg\u00e1ltat\u00e1st ny\u00fajtunk annak \u00e9rdek\u00e9ben, hogy \u00fcgyfeleink el\u00e9gedettek legyenek term\u00e9keinkkel. M\u0171szaki t\u00e1mogat\u00e1st, karbantart\u00e1st, jav\u00edt\u00e1st \u00e9s \u00fajj\u00e1\u00e9p\u00edt\u00e9si szolg\u00e1ltat\u00e1sokat k\u00edn\u00e1lunk, hogy seg\u00edts\u00fck \u00fcgyfeleinket a legt\u00f6bbet kihozni term\u00e9keinkb\u0151l.<\/p>\n<p>Szerz\u0151: lyl.<\/p>","protected":false},"excerpt":{"rendered":"<p>Bucket Cylinder For Xinyuan Wheel Excavator XY75W-8-9 Introduction A bucket cylinder is a specially designed hydraulic cylinder used to control the movement of a bucket in heavy machinery such as excavators, backhoe excavators, and front-end loaders. Its main function is to enable the bucket to lift, lower, and tilt for easy handling of various materials. [&hellip;]<\/p>","protected":false},"featured_media":14776,"comment_status":"open","ping_status":"closed","template":"","meta":{"_et_pb_use_builder":"","_et_pb_old_content":"","_et_gb_content_width":""},"product_brand":[],"product_cat":[1494],"product_tag":[1495,1496],"class_list":{"0":"post-15875","1":"product","2":"type-product","3":"status-publish","4":"has-post-thumbnail","6":"product_cat-bucket-cylinders","7":"product_tag-bucket-cylinders","8":"product_tag-hydraulic-cylinders","10":"first","11":"instock","12":"shipping-taxable","13":"product-type-simple"},"amp_enabled":true,"_links":{"self":[{"href":"https:\/\/www.hydraulic-cylinders.net\/hu\/wp-json\/wp\/v2\/product\/15875","targetHints":{"allow":["GET"]}}],"collection":[{"href":"https:\/\/www.hydraulic-cylinders.net\/hu\/wp-json\/wp\/v2\/product"}],"about":[{"href":"https:\/\/www.hydraulic-cylinders.net\/hu\/wp-json\/wp\/v2\/types\/product"}],"replies":[{"embeddable":true,"href":"https:\/\/www.hydraulic-cylinders.net\/hu\/wp-json\/wp\/v2\/comments?post=15875"}],"wp:featuredmedia":[{"embeddable":true,"href":"https:\/\/www.hydraulic-cylinders.net\/hu\/wp-json\/wp\/v2\/media\/14776"}],"wp:attachment":[{"href":"https:\/\/www.hydraulic-cylinders.net\/hu\/wp-json\/wp\/v2\/media?parent=15875"}],"wp:term":[{"taxonomy":"product_brand","embeddable":true,"href":"https:\/\/www.hydraulic-cylinders.net\/hu\/wp-json\/wp\/v2\/product_brand?post=15875"},{"taxonomy":"product_cat","embeddable":true,"href":"https:\/\/www.hydraulic-cylinders.net\/hu\/wp-json\/wp\/v2\/product_cat?post=15875"},{"taxonomy":"product_tag","embeddable":true,"href":"https:\/\/www.hydraulic-cylinders.net\/hu\/wp-json\/wp\/v2\/product_tag?post=15875"}],"curies":[{"name":"munkaf\u00fczet","href":"https:\/\/api.w.org\/{rel}","templated":true}]}}