{"id":15889,"date":"2025-01-19T15:07:32","date_gmt":"2025-01-19T15:07:32","guid":{"rendered":"https:\/\/www.hydraulic-cylinders.net\/product\/bucket-cylinder-for-volwa-middle-excavator-dls210-8b\/"},"modified":"2025-01-19T15:07:34","modified_gmt":"2025-01-19T15:07:34","slug":"bucket-cylinder-for-volwa-middle-excavator-dls210-8b","status":"publish","type":"product","link":"https:\/\/www.hydraulic-cylinders.net\/hu\/termek\/bucket-cylinder-for-volwa-middle-excavator-dls210-8b\/","title":{"rendered":"Kan\u00e1lhenger Volwa k\u00f6z\u00e9ps\u0151 kotr\u00f3g\u00e9phez DLS210-8B"},"content":{"rendered":"<h1>Kan\u00e1lhenger Volwa k\u00f6z\u00e9ps\u0151 kotr\u00f3g\u00e9phez DLS210-8B<\/h1>\n<h2>Bevezet\u00e9s<\/h2>\n<p>A kan\u00e1lhenger egy kifejezetten erre a c\u00e9lra tervezett hidraulikus henger, amelyet f\u0151k\u00e9nt a neh\u00e9zg\u00e9pek, p\u00e9ld\u00e1ul kotr\u00f3g\u00e9pek, kotr\u00f3g\u00e9pek \u00e9s homlokrakod\u00f3k lap\u00e1tj\u00e1nak mozg\u00e1s\u00e1nak vez\u00e9rl\u00e9s\u00e9re haszn\u00e1lnak. F\u0151 funkci\u00f3ja a lap\u00e1t emel\u00e9se, s\u00fcllyeszt\u00e9se \u00e9s billent\u00e9se, megk\u00f6nny\u00edtve ezzel a k\u00fcl\u00f6nf\u00e9le anyagmozgat\u00e1si feladatok elv\u00e9gz\u00e9s\u00e9t. A hidraulikus rendszerben a kan\u00e1lhenger a hidraulikaolaj nyom\u00e1sv\u00e1ltoz\u00e1s\u00e1val \u00e9ri el a lap\u00e1t pontos vez\u00e9rl\u00e9s\u00e9t, lehet\u0151v\u00e9 t\u00e9ve a kezel\u0151k sz\u00e1m\u00e1ra, hogy hat\u00e9konyan kezelj\u00e9k a neh\u00e9z t\u00e1rgyakat, \u00e9s alkalmazkodjanak az \u00f6sszetett munkak\u00f6rnyezetekhez \u00e9s a v\u00e1ltozatos \u00fczemeltet\u00e9si k\u00f6vetelm\u00e9nyekhez.<\/p>\n<p><img decoding=\"async\" src=\"https:\/\/www.hydraulic-cylinders.net\/wp-content\/uploads\/2025\/01\/songte-company-2.webp\"><\/p>\n<h2>Jellemz\u0151k<\/h2>\n<ul>\n<li>Nagy szil\u00e1rds\u00e1g \u00e9s tart\u00f3ss\u00e1g: \u00c1ltal\u00e1ban nagy szil\u00e1rds\u00e1g\u00fa ac\u00e9lb\u00f3l vagy alum\u00edniumb\u00f3l k\u00e9sz\u00fcl, k\u00e9pes ellen\u00e1llni a nagy nyom\u00e1snak \u00e9s a nagy terhel\u00e9seknek, alkalmazkodik a zord munkak\u00f6rnyezethez, \u00e9s kop\u00e1s\u00e1ll\u00f3s\u00e1ggal \u00e9s korr\u00f3zi\u00f3\u00e1ll\u00f3s\u00e1ggal tervezt\u00e9k az \u00e9lettartam meghosszabb\u00edt\u00e1sa \u00e9rdek\u00e9ben.<\/li>\n<li>Hat\u00e9kony hidraulikus m\u0171k\u00f6d\u00e9s: A sima t\u00e1gul\u00e1si \u00e9s \u00f6sszeh\u00faz\u00f3d\u00e1si mozg\u00e1st a hidraulikaolaj nyom\u00e1s\u00e1nak felhaszn\u00e1l\u00e1s\u00e1val \u00e9rik el, amely gyorsan reag\u00e1l a vez\u00e9rl\u0151parancsokra, er\u0151teljes tol\u00f3- \u00e9s h\u00faz\u00f3er\u0151t biztos\u00edt, \u00e9s alkalmas neh\u00e9z t\u00e1rgyak \u00e9s \u00f6sszetett munkafeladatok kezel\u00e9s\u00e9re.<\/li>\n<li>K\u00fcl\u00f6nb\u00f6z\u0151 t\u00edpusok: Az egyszeres m\u0171k\u00f6d\u00e9s\u0171 (a hidraulika csak az egyik ir\u00e1nyban m\u0171k\u00f6dik) vagy kett\u0151s m\u0171k\u00f6d\u00e9s\u0171 (a hidraulika mindk\u00e9t ir\u00e1nyban m\u0171k\u00f6dik) hengerek a k\u00f6vetelm\u00e9nyeknek megfelel\u0151en v\u00e1laszthat\u00f3k ki, hogy megfeleljenek a k\u00fcl\u00f6nb\u00f6z\u0151 \u00fczemi ig\u00e9nyeknek. Egyes modellek teleszk\u00f3posak, \u00edgy nagyobb kiny\u00fal\u00e1st tesznek lehet\u0151v\u00e9 a k\u00fcls\u0151 m\u00e9retek n\u00f6vel\u00e9se n\u00e9lk\u00fcl, \u00edgy alkalmasak korl\u00e1tozott hely\u0171 alkalmaz\u00e1sokhoz.<\/li>\n<li>Cser\u00e9lhet\u0151: Term\u00e9keink t\u00f6k\u00e9letesen helyettes\u00edthetik ezeket a hidraulikus hengereket.<\/li>\n<\/ul>\n<p><img decoding=\"async\" src=\"https:\/\/www.hydraulic-cylinders.net\/wp-content\/uploads\/2025\/01\/songte-cylinder-head-with-all-kinds-excavator-models.webp\"><\/p>\n<h2>Alkalmaz\u00e1sok<\/h2>\n<p>A kan\u00e1lhengerek elengedhetetlenek k\u00fcl\u00f6nf\u00e9le neh\u00e9zg\u00e9pekhez, bele\u00e9rtve:<\/p>\n<ul>\n<li>\u00c9p\u00edt\u0151ipari berendez\u00e9sek: Kotr\u00f3g\u00e9pekben kritikus fontoss\u00e1g\u00faak az \u00e1s\u00e1shoz, a rakod\u00e1shoz \u00e9s a f\u00f6ld vagy t\u00f6rmel\u00e9k mozgat\u00e1s\u00e1hoz. A kotr\u00f3g\u00e9pekben a kan\u00e1lhenger seg\u00edti az \u00e1s\u00e1st \u00e9s az emel\u00e9st.<\/li>\n<li>Mez\u0151gazdas\u00e1gi g\u00e9pek: Homlokrakod\u00f3khoz, talaj, sz\u00e9na \u00e9s egy\u00e9b anyagok \u00e1s\u00e1s\u00e1hoz, emel\u00e9s\u00e9hez \u00e9s sz\u00e1ll\u00edt\u00e1s\u00e1hoz haszn\u00e1lj\u00e1k. <\/li>\n<li>Kotr\u00f3g\u00e9pek: A kan\u00e1lhenger \u00fagy \u00e9ri el az \u00e1s\u00e1si m\u0171veletet, hogy lehet\u0151v\u00e9 teszi a lap\u00e1t talajba val\u00f3 behatol\u00e1s\u00e1t.<\/li>\n<li>Rakod\u00f3g\u00e9pek: Seg\u00edtenek az \u00e1ruk hat\u00e9kony emel\u00e9s\u00e9ben \u00e9s billent\u00e9s\u00e9ben a homlokrakod\u00f3kban.<\/li>\n<\/ul>\n<h2>Tervez\u00e9si szempontok \u00e9s kiv\u00e1laszt\u00e1si krit\u00e9riumok<\/h2>\n<p>A tervez\u00e9si szempontok, mint p\u00e9ld\u00e1ul a teherb\u00edr\u00e1s, a t\u00f6m\u00edt\u00e9s, a tart\u00f3ss\u00e1g, a biztons\u00e1g \u00e9s a karbantarthat\u00f3s\u00e1g alapj\u00e1n a serleghengereket a min\u0151s\u00e9g szem el\u0151tt tart\u00e1s\u00e1val tervezik. Az al\u00e1bbiakban n\u00e9h\u00e1ny kulcsfontoss\u00e1g\u00fa tervez\u00e9si szempontot ismertet\u00fcnk:<\/p>\n<ul>\n<li>Teherb\u00edr\u00e1s: Nagy nyom\u00e1s \u00e9s neh\u00e9z terhel\u00e9s elvisel\u00e9s\u00e9re val\u00f3 k\u00e9pess\u00e9g.<\/li>\n<li>T\u00f6m\u00edt\u00e9s: K\u00fcl\u00f6nb\u00f6z\u0151 t\u00f6m\u00edt\u00e9seket haszn\u00e1lnak, p\u00e9ld\u00e1ul dugatty\u00fat\u00f6m\u00edt\u00e9seket \u00e9s r\u00fadt\u00f6m\u00edt\u00e9seket, amelyek kop\u00e1s\u00e1ll\u00f3 anyagokb\u00f3l, p\u00e9ld\u00e1ul poliuret\u00e1nb\u00f3l \u00e9s nitrilgumib\u00f3l k\u00e9sz\u00fclnek, a hengertestet \u00e9s a menetes v\u00e9gfel\u00fcleteket pedig finoman megmunk\u00e1lj\u00e1k a kop\u00e1s\u00e1ll\u00f3s\u00e1g jav\u00edt\u00e1sa \u00e9rdek\u00e9ben. <\/li>\n<li>Tart\u00f3ss\u00e1g: A kan\u00e1lhenger kop\u00e1s\u00e1ll\u00f3s\u00e1ggal \u00e9s korr\u00f3zi\u00f3\u00e1ll\u00f3 bevonattal rendelkezik az \u00e9lettartam meghosszabb\u00edt\u00e1sa \u00e9rdek\u00e9ben.<\/li>\n<li>Biztons\u00e1g: A t\u00falterhel\u00e9s elker\u00fcl\u00e9se \u00e9rdek\u00e9ben biztons\u00e1gi funkci\u00f3kat, p\u00e9ld\u00e1ul nyom\u00e1scs\u00f6kkent\u0151 szelepeket szereltek be, a palackot pedig \u00fagy tervezt\u00e9k, hogy megakad\u00e1lyozza a hirtelen lees\u00e9st.<\/li>\n<li>Karbantarthat\u00f3s\u00e1g: A hengert \u00fagy tervezt\u00e9k, hogy k\u00f6nnyen sz\u00e9tszerelhet\u0151 \u00e9s \u00f6sszeszerelhet\u0151 legyen, \u00e9s a hossz\u00fa \u00e9lettartam biztos\u00edt\u00e1sa \u00e9rdek\u00e9ben rendszeres karbantart\u00e1s sz\u00fcks\u00e9ges.<\/li>\n<\/ul>\n<p><img decoding=\"async\" src=\"https:\/\/www.hydraulic-cylinders.net\/wp-content\/uploads\/2025\/01\/songte-oil-pipes-and-spare-parts.webp\"><\/p>\n<h2>T\u00f6m\u00edt\u00e9s \u00e9s ken\u00e9s<\/h2>\n<p>A serleghengerekben k\u00fcl\u00f6nf\u00e9le t\u00f6m\u00edt\u0151elemeket haszn\u00e1lnak, p\u00e9ld\u00e1ul dugatty\u00fat\u00f6m\u00edt\u00e9seket \u00e9s r\u00fadt\u00f6m\u00edt\u00e9seket, amelyek kop\u00e1s\u00e1ll\u00f3 anyagokb\u00f3l, p\u00e9ld\u00e1ul poliuret\u00e1nb\u00f3l \u00e9s nitrilgumib\u00f3l k\u00e9sz\u00fclnek. A hengertestet \u00e9s a menetes v\u00e9gfel\u00fcleteket finoman megmunk\u00e1lj\u00e1k a kop\u00e1s\u00e1ll\u00f3s\u00e1g jav\u00edt\u00e1sa \u00e9rdek\u00e9ben. Megfelel\u0151 ken\u00e9s \u00e9s rendszeres olajcsere sz\u00fcks\u00e9ges az optim\u00e1lis teljes\u00edtm\u00e9ny fenntart\u00e1s\u00e1hoz \u00e9s az \u00e9lettartam meghosszabb\u00edt\u00e1s\u00e1hoz.<\/p>\n<h2>Ellen\u0151rz\u00e9si \u00e9s megel\u0151z\u0151 karbantart\u00e1si int\u00e9zked\u00e9sek<\/h2>\n<p>Az optim\u00e1lis teljes\u00edtm\u00e9ny biztos\u00edt\u00e1sa \u00e9s az \u00e9lettartam meghosszabb\u00edt\u00e1sa \u00e9rdek\u00e9ben rendszeres ellen\u0151rz\u00e9sre \u00e9s megel\u0151z\u0151 karbantart\u00e1si int\u00e9zked\u00e9sekre van sz\u00fcks\u00e9g. Az al\u00e1bbiakban n\u00e9h\u00e1ny karbantart\u00e1si feladatot ismertet\u00fcnk:<\/p>\n<ul>\n<li>Rendszeres ellen\u0151rz\u00e9s: Ellen\u0151rizze a hengert kop\u00e1s vagy s\u00e9r\u00fcl\u00e9s jelei szempontj\u00e1b\u00f3l.<\/li>\n<li>Megfelel\u0151 ken\u00e9s: Kenje meg a hengert a gy\u00e1rt\u00f3 aj\u00e1nl\u00e1sainak megfelel\u0151en.<\/li>\n<li>T\u00f6m\u00edt\u00e9scsere: Azonnal cser\u00e9lje ki az elkopott vagy s\u00e9r\u00fclt t\u00f6m\u00edt\u00e9seket.<\/li>\n<li>Kalibr\u00e1ci\u00f3s ellen\u0151rz\u00e9s: A rendszeres kalibr\u00e1ci\u00f3s ellen\u0151rz\u00e9sek biztos\u00edtj\u00e1k a henger megfelel\u0151 m\u0171k\u00f6d\u00e9s\u00e9t.<\/li>\n<li>Megfelel\u0151 telep\u00edt\u00e9s: A megfelel\u0151 telep\u00edt\u00e9s elengedhetetlen az optim\u00e1lis teljes\u00edtm\u00e9nyhez. \u00c1ll\u00edtsa be megfelel\u0151en a hengert, \u00e9s a henger r\u00f6gz\u00edt\u00e9s\u00e9hez haszn\u00e1ljon megfelel\u0151 r\u00f6gz\u00edt\u0151konzolokat.<\/li>\n<\/ul>\n<p><img decoding=\"async\" src=\"https:\/\/www.hydraulic-cylinders.net\/wp-content\/uploads\/2025\/01\/songte-chushion-collar.webp\"><\/p>\n<h2>Biztons\u00e1gi szempontok \u00e9s k\u00f6rnyezeti t\u00e9nyez\u0151k<\/h2>\n<p>A serleghengereket biztons\u00e1g szem el\u0151tt tartva tervezik, \u00e9s haszn\u00e1latuk sor\u00e1n megfelel\u0151 biztons\u00e1gi int\u00e9zked\u00e9seket kell tenni. A k\u00f6rnyezeti t\u00e9nyez\u0151k, mint p\u00e9ld\u00e1ul a h\u0151m\u00e9rs\u00e9klet \u00e9s a nedvess\u00e9g, befoly\u00e1solhatj\u00e1k a henger teljes\u00edtm\u00e9ny\u00e9t, ami cs\u00f6kkent hat\u00e9konys\u00e1ghoz \u00e9s id\u0151 el\u0151tti kop\u00e1shoz vezethet.<\/p>\n<h2>Hibaelh\u00e1r\u00edt\u00e1s \u00e9s gyakori probl\u00e9m\u00e1k<\/h2>\n<p>A kan\u00e1lhengerek gyakori probl\u00e9m\u00e1i k\u00f6z\u00e9 tartozik a sziv\u00e1rg\u00e1s, a lass\u00fa m\u0171k\u00f6d\u00e9s \u00e9s a kezel\u00e9si neh\u00e9zs\u00e9gek. A megfelel\u0151 telep\u00edt\u00e9s, a rendszeres ellen\u0151rz\u00e9s \u00e9s karbantart\u00e1s minimaliz\u00e1lhatja ezeket a probl\u00e9m\u00e1kat.<\/p>\n<h2>C\u00e9ginform\u00e1ci\u00f3k<\/h2>\n<p>Hidraulikus hengerek gy\u00e1rt\u00f3jak\u00e9nt hidraulikus hengerek cser\u00e9j\u00e9re specializ\u00e1l\u00f3dtunk. Teljes term\u00e9kk\u00edn\u00e1lattal rendelkez\u00fcnk, \u00e9s a hazai \u00e9s nemzetk\u00f6zi piacok egyik vezet\u0151 hidraulikus hengergy\u00e1rt\u00f3j\u00e1v\u00e1 \u00e9s nagykeresked\u0151j\u00e9v\u00e9 v\u00e1ltunk. A kiv\u00e1l\u00f3 min\u0151s\u00e9g elv\u00e9t k\u00f6vetj\u00fck, \u00e9s a finomgy\u00e1rt\u00f3 m\u0171helyek iparos\u00edtott termel\u00e9sir\u00e1ny\u00edt\u00e1si strat\u00e9gi\u00e1j\u00e1ra t\u00e1maszkodunk. Folyamatosan fejlesztj\u00fck gy\u00e1rt\u00e1si platformunkat, jav\u00edtjuk term\u00e9kmin\u0151s\u00e9gi gy\u00e1rt\u00f3sorainkat, \u00e9s er\u0151s innov\u00e1ci\u00f3s k\u00e9pess\u00e9gekkel rendelkez\u00fcnk, hogy nagy hat\u00e9konys\u00e1ggal, nagy pontoss\u00e1ggal \u00e9s kiv\u00e1l\u00f3 min\u0151s\u00e9gben el\u00e9g\u00edts\u00fck ki a soksz\u00edn\u0171 \u00fcgyf\u00e9lig\u00e9nyeket.<\/p>\n<p><img decoding=\"async\" src=\"https:\/\/hzpt.com\/wp-content\/uploads\/2024\/11\/songte-company-1.webp\"><\/p>\n<p>B\u00fcszk\u00e9k vagyunk professzionalizmusunkra, nemzetk\u00f6zi tan\u00fas\u00edtv\u00e1nyainkra, testreszabott szolg\u00e1ltat\u00e1sainkra, gy\u00e1rt\u00f3berendez\u00e9seinkre \u00e9s \u00e9rt\u00e9kes\u00edt\u00e9s ut\u00e1ni szolg\u00e1ltat\u00e1sainkra.<\/p>\n<p>Szerz\u0151: lyl<\/p>","protected":false},"excerpt":{"rendered":"<p>Bucket Cylinder For Volwa Middle Excavator DLS210-8B Introduction A bucket cylinder is a specifically designed hydraulic cylinder that is mainly used to control the movement of the shovel in heavy machinery such as excavators, backhoe excavators, and front-end loaders. Its main function is to allow the shovel to lift, lower, and tilt, making it easier [&hellip;]<\/p>","protected":false},"featured_media":14778,"comment_status":"open","ping_status":"closed","template":"","meta":{"_et_pb_use_builder":"","_et_pb_old_content":"","_et_gb_content_width":""},"product_brand":[],"product_cat":[1494],"product_tag":[1495,1496],"class_list":{"0":"post-15889","1":"product","2":"type-product","3":"status-publish","4":"has-post-thumbnail","6":"product_cat-bucket-cylinders","7":"product_tag-bucket-cylinders","8":"product_tag-hydraulic-cylinders","10":"first","11":"instock","12":"shipping-taxable","13":"product-type-simple"},"amp_enabled":true,"_links":{"self":[{"href":"https:\/\/www.hydraulic-cylinders.net\/hu\/wp-json\/wp\/v2\/product\/15889","targetHints":{"allow":["GET"]}}],"collection":[{"href":"https:\/\/www.hydraulic-cylinders.net\/hu\/wp-json\/wp\/v2\/product"}],"about":[{"href":"https:\/\/www.hydraulic-cylinders.net\/hu\/wp-json\/wp\/v2\/types\/product"}],"replies":[{"embeddable":true,"href":"https:\/\/www.hydraulic-cylinders.net\/hu\/wp-json\/wp\/v2\/comments?post=15889"}],"wp:featuredmedia":[{"embeddable":true,"href":"https:\/\/www.hydraulic-cylinders.net\/hu\/wp-json\/wp\/v2\/media\/14778"}],"wp:attachment":[{"href":"https:\/\/www.hydraulic-cylinders.net\/hu\/wp-json\/wp\/v2\/media?parent=15889"}],"wp:term":[{"taxonomy":"product_brand","embeddable":true,"href":"https:\/\/www.hydraulic-cylinders.net\/hu\/wp-json\/wp\/v2\/product_brand?post=15889"},{"taxonomy":"product_cat","embeddable":true,"href":"https:\/\/www.hydraulic-cylinders.net\/hu\/wp-json\/wp\/v2\/product_cat?post=15889"},{"taxonomy":"product_tag","embeddable":true,"href":"https:\/\/www.hydraulic-cylinders.net\/hu\/wp-json\/wp\/v2\/product_tag?post=15889"}],"curies":[{"name":"munkaf\u00fczet","href":"https:\/\/api.w.org\/{rel}","templated":true}]}}