{"id":15916,"date":"2025-01-19T15:09:39","date_gmt":"2025-01-19T15:09:39","guid":{"rendered":"https:\/\/www.hydraulic-cylinders.net\/product\/bucket-cylinder-for-atlas-3306lc\/"},"modified":"2025-01-19T15:09:41","modified_gmt":"2025-01-19T15:09:41","slug":"bucket-cylinder-for-atlas-3306lc","status":"publish","type":"product","link":"https:\/\/www.hydraulic-cylinders.net\/hu\/termek\/bucket-cylinder-for-atlas-3306lc\/","title":{"rendered":"Kan\u00e1lhenger az Atlas 3306LC-hez"},"content":{"rendered":"<h1>Kan\u00e1lhenger az Atlas 3306LC-hez<\/h1>\n<h2>Bevezet\u00e9s<\/h2>\n<p>A kan\u00e1lhenger, m\u00e1s n\u00e9ven hidraulikus henger, egy speci\u00e1lis hengert\u00edpus, amelyet els\u0151sorban a neh\u00e9zg\u00e9pek, p\u00e9ld\u00e1ul kotr\u00f3g\u00e9pek, kotr\u00f3rakod\u00f3k \u00e9s homlokrakod\u00f3k lap\u00e1tj\u00e1nak mozg\u00e1s\u00e1nak vez\u00e9rl\u00e9s\u00e9re haszn\u00e1lnak. F\u0151 funkci\u00f3ja a lap\u00e1t emel\u00e9se, s\u00fcllyeszt\u00e9se \u00e9s billent\u00e9se, megk\u00f6nny\u00edtve a k\u00fcl\u00f6nf\u00e9le anyagmozgat\u00e1si feladatok elv\u00e9gz\u00e9s\u00e9t. A hidraulikus rendszerben a kan\u00e1lhenger pontosan szab\u00e1lyozza a lap\u00e1t mozg\u00e1s\u00e1t a hidraulikaolaj nyom\u00e1s\u00e1nak v\u00e1ltoz\u00e1sain kereszt\u00fcl, lehet\u0151v\u00e9 t\u00e9ve a kezel\u0151k sz\u00e1m\u00e1ra, hogy hat\u00e9konyan kezelj\u00e9k a neh\u00e9z terheket, \u00e9s alkalmazkodjanak az \u00f6sszetett munkak\u00f6rnyezetekhez \u00e9s a v\u00e1ltozatos m\u0171k\u00f6d\u00e9si ig\u00e9nyekhez.<\/p>\n<p><img decoding=\"async\" src=\"https:\/\/www.hydraulic-cylinders.net\/wp-content\/uploads\/2025\/01\/songte-company-2.webp\"><\/p>\n<h2>Jellemz\u0151k<\/h2>\n<ul>\n<li>Nagy szil\u00e1rds\u00e1g \u00e9s tart\u00f3ss\u00e1g: A jellemz\u0151en nagy szil\u00e1rds\u00e1g\u00fa ac\u00e9lb\u00f3l vagy alum\u00edniumb\u00f3l k\u00e9sz\u00fclt kan\u00e1lhenger k\u00e9pes ellen\u00e1llni a nagy nyom\u00e1snak \u00e9s a neh\u00e9z terhel\u00e9seknek, \u00edgy alkalmass\u00e1 teszi zord munkak\u00f6rnyezetre. Tervez\u00e9se sor\u00e1n figyelembe vett\u00e9k a kop\u00e1s\u00e1ll\u00f3s\u00e1got \u00e9s a korr\u00f3zi\u00f3\u00e1ll\u00f3s\u00e1got az \u00e9lettartam meghosszabb\u00edt\u00e1sa \u00e9rdek\u00e9ben.<\/li>\n<li>Hat\u00e9kony hidraulikus m\u0171k\u00f6d\u00e9s: A hidraulikaolaj nyom\u00e1s\u00e1nak k\u00f6sz\u00f6nhet\u0151en a kan\u00e1lhenger sima t\u00e1gul\u00e1st \u00e9s \u00f6sszeh\u00faz\u00f3d\u00e1st biztos\u00edt, \u00edgy gyorsan reag\u00e1l a vez\u00e9rl\u0151parancsokra, \u00e9s er\u0151teljes tol\u00f3- \u00e9s h\u00faz\u00f3er\u0151t biztos\u00edt, ami alkalmas neh\u00e9z terhek \u00e9s \u00f6sszetett feladatok kezel\u00e9s\u00e9re.<\/li>\n<li>K\u00fcl\u00f6nb\u00f6z\u0151 t\u00edpusok: Az egyir\u00e1ny\u00fa hidraulikus nyom\u00e1st haszn\u00e1l\u00f3 (egy ir\u00e1nyban) vagy a k\u00e9tir\u00e1ny\u00fa (mindk\u00e9t ir\u00e1nyban hidraulikus nyom\u00e1st haszn\u00e1l\u00f3) hengerek a k\u00f6vetelm\u00e9nyeknek megfelel\u0151en v\u00e1laszthat\u00f3k ki, hogy megfeleljenek a k\u00fcl\u00f6nb\u00f6z\u0151 m\u0171k\u00f6d\u00e9si ig\u00e9nyeknek. Egyes modellek teleszk\u00f3posak, \u00edgy nagyobb kiny\u00fal\u00e1st tesznek lehet\u0151v\u00e9 a k\u00fcls\u0151 m\u00e9retek n\u00f6vel\u00e9se n\u00e9lk\u00fcl, \u00edgy alkalmasak korl\u00e1tozott helyig\u00e9ny\u0171 alkalmaz\u00e1sokhoz.<\/li>\n<li>K\u00f6nny\u0171 csere: Term\u00e9k\u00fcnk t\u00f6k\u00e9letesen helyettes\u00edti ezeket a hidraulikus hengereket.<\/li>\n<\/ul>\n<p><img decoding=\"async\" src=\"https:\/\/www.hydraulic-cylinders.net\/wp-content\/uploads\/2025\/01\/songte-cylinder-head-with-all-kinds-excavator-models.webp\"><\/p>\n<h2>Alkalmaz\u00e1sok<\/h2>\n<ul>\n<li>\u00c9p\u00edt\u0151ipari berendez\u00e9sek: Kotr\u00f3g\u00e9pekben kritikus fontoss\u00e1g\u00faak az \u00e1s\u00e1s, a rakod\u00e1s \u00e9s a talaj vagy t\u00f6rmel\u00e9k mozgat\u00e1sa sor\u00e1n. A kotr\u00f3g\u00e9p-rakod\u00f3kban a kan\u00e1lhenger mind az \u00e1s\u00e1st, mind az emel\u00e9st seg\u00edti. <\/li>\n<li>Mez\u0151gazdas\u00e1gi g\u00e9pek: Homlokrakod\u00f3khoz haszn\u00e1lj\u00e1k, talaj, sz\u00e9na \u00e9s egy\u00e9b anyagok \u00e1s\u00e1s\u00e1ra, emel\u00e9s\u00e9re \u00e9s sz\u00e1ll\u00edt\u00e1s\u00e1ra. <\/li>\n<li>Kotr\u00f3g\u00e9pek: A kan\u00e1lhenger \u00fagy \u00e9ri el az \u00e1s\u00f3hat\u00e1st, hogy lehet\u0151v\u00e9 teszi a kan\u00e1l talajba val\u00f3 behatol\u00e1s\u00e1t. <\/li>\n<li>Rakod\u00f3k: A homlokrakod\u00f3k hat\u00e9konyan seg\u00edtik az \u00e1ruk emel\u00e9s\u00e9t \u00e9s billent\u00e9s\u00e9t.<\/li>\n<\/ul>\n<p>Ezeket az alkalmaz\u00e1sokat az al\u00e1bbiakban r\u00e9szletesen ismertetj\u00fck:<\/p>\n<h3>\u00c9p\u00edt\u0151ipari berendez\u00e9sek<\/h3>\n<p>A kotr\u00f3g\u00e9pekben a kan\u00e1lhengerek elengedhetetlenek a talaj vagy t\u00f6rmel\u00e9k \u00e1s\u00e1s\u00e1hoz, rakod\u00e1s\u00e1hoz \u00e9s mozgat\u00e1s\u00e1hoz. Seg\u00edtenek jav\u00edtani a f\u00f6ldmunka hat\u00e9konys\u00e1g\u00e1t az\u00e1ltal, hogy n\u00f6velik a lap\u00e1t teljes\u00edtm\u00e9ny\u00e9t \u00e9s rugalmass\u00e1g\u00e1t. Kotr\u00f3g\u00e9pek eset\u00e9ben a kan\u00e1lhenger kritikus fontoss\u00e1g\u00fa mind az \u00e1s\u00e1shoz, mind az emel\u00e9shez. Hozz\u00e1j\u00e1rul a g\u00e9p man\u0151verezhet\u0151s\u00e9g\u00e9hez \u00e9s sokoldal\u00fas\u00e1g\u00e1hoz, megk\u00f6nny\u00edtve a munk\u00e1t k\u00fcl\u00f6nb\u00f6z\u0151 k\u00f6rnyezetekben.<\/p>\n<h3>Mez\u0151gazdas\u00e1gi g\u00e9pek<\/h3>\n<p>A kan\u00e1lhengerek hasznosak a homlokrakod\u00f3kban talaj, sz\u00e9na \u00e9s egy\u00e9b anyagok mer\u00e9s\u00e9hez, emel\u00e9s\u00e9hez \u00e9s sz\u00e1ll\u00edt\u00e1s\u00e1hoz. Mez\u0151gazdas\u00e1gi g\u00e9pekben haszn\u00e1lj\u00e1k \u0151ket, hogy seg\u00edts\u00e9k a gazd\u00e1kat munk\u00e1juk gyors \u00e9s hat\u00e9kony elv\u00e9gz\u00e9s\u00e9ben. <\/p>\n<h3>Kotr\u00f3g\u00e9pek<\/h3>\n<p>A kan\u00e1lhenger a kotr\u00f3g\u00e9p l\u00e9tfontoss\u00e1g\u00fa r\u00e9sze. Lehet\u0151v\u00e9 teszi a kan\u00e1l talajba hatol\u00e1s\u00e1t, \u00e9s megk\u00f6nny\u00edti az anyagok mer\u00e9s\u00e9t, emel\u00e9s\u00e9t \u00e9s sz\u00e1ll\u00edt\u00e1s\u00e1t. <\/p>\n<h3>Rakod\u00f3k<\/h3>\n<p>A homlokrakod\u00f3kban a kan\u00e1lhengereket hat\u00e9konyan emelik \u00e9s billentik az \u00e1rukat. Ezek lehet\u0151v\u00e9 teszik a rakod\u00f3 sz\u00e1m\u00e1ra, hogy neh\u00e9z terheket k\u00f6nnyed\u00e9n \u00e9s prec\u00edzen kezeljen.<\/p>\n<p><img decoding=\"async\" src=\"https:\/\/www.hydraulic-cylinders.net\/wp-content\/uploads\/2025\/01\/songte-bushings-with-all-kinds-of-excavator-models.webp\"><\/p>\n<h2>Tervez\u00e9si szempontok \u00e9s kiv\u00e1laszt\u00e1si krit\u00e9riumok<\/h2>\n<ul>\n<li>Teherb\u00edr\u00e1s: A kan\u00e1lhengernek k\u00e9pesnek kell lennie arra, hogy ellen\u00e1lljon a g\u00e9p \u00e9s a terhel\u00e9s s\u00faly\u00e1nak.<\/li>\n<li>T\u00f6m\u00edt\u00e9s: A dugatty\u00fat\u00f6m\u00edt\u00e9st, a r\u00fadt\u00f6m\u00edt\u00e9st \u00e9s az egy\u00e9b t\u00f6m\u00edt\u0151elemeket \u00fagy kell megtervezni, hogy megakad\u00e1lyozz\u00e1k a sziv\u00e1rg\u00e1sokat \u00e9s biztos\u00edts\u00e1k a megfelel\u0151 m\u0171k\u00f6d\u00e9st.<\/li>\n<li>Tart\u00f3ss\u00e1g: A hengert kiv\u00e1l\u00f3 min\u0151s\u00e9g\u0171 anyagokb\u00f3l kell gy\u00e1rtani, hogy ellen\u00e1lljon a neh\u00e9zg\u00e9pek zord \u00fczemi k\u00f6r\u00fclm\u00e9nyeinek.<\/li>\n<li>Biztons\u00e1g: A kan\u00e1lhengert \u00fagy kell megtervezni \u00e9s felszerelni, hogy ne jelentsen vesz\u00e9lyt a kezel\u0151re vagy a k\u00f6zelben tart\u00f3zkod\u00f3kra.<\/li>\n<li>Karbantarthat\u00f3s\u00e1g: A hengernek k\u00f6nnyen karbantarthat\u00f3nak \u00e9s jav\u00edthat\u00f3nak kell lennie az \u00e1ll\u00e1sid\u0151 minimaliz\u00e1l\u00e1sa \u00e9s a k\u00f6lts\u00e9gek cs\u00f6kkent\u00e9se \u00e9rdek\u00e9ben.<\/li>\n<\/ul>\n<p><img decoding=\"async\" src=\"https:\/\/www.hydraulic-cylinders.net\/wp-content\/uploads\/2025\/01\/songte-oil-pipes-and-spare-parts.webp\"><\/p>\n<h2>T\u00f6m\u00edt\u00e9s \u00e9s ken\u00e9s<\/h2>\n<p>A kan\u00e1lhenger k\u00fcl\u00f6nf\u00e9le t\u00f6m\u00edt\u0151elemeket haszn\u00e1l, p\u00e9ld\u00e1ul dugatty\u00fat\u00f6m\u00edt\u00e9seket, r\u00fadt\u00f6m\u00edt\u00e9seket \u00e9s egy\u00e9b t\u00f6m\u00edt\u0151elemeket a sziv\u00e1rg\u00e1s megakad\u00e1lyoz\u00e1s\u00e1ra \u00e9s a megfelel\u0151 m\u0171k\u00f6d\u00e9s biztos\u00edt\u00e1s\u00e1ra. Ezek a t\u00f6m\u00edt\u00e9sek kop\u00e1s\u00e1ll\u00f3 anyagokb\u00f3l, p\u00e9ld\u00e1ul poliuret\u00e1nb\u00f3l \u00e9s nitrilgumib\u00f3l k\u00e9sz\u00fclnek. A henger megfelel\u0151 ken\u00e9se elengedhetetlen a z\u00f6kken\u0151mentes m\u0171k\u00f6d\u00e9shez, \u00e9s megfelel\u0151 hidraulikaolajat kell haszn\u00e1lni.<\/p>\n<h2>Karbantart\u00e1s \u00e9s jav\u00edt\u00e1s<\/h2>\n<p>A rendszeres ellen\u0151rz\u00e9s \u00e9s a megel\u0151z\u0151 karbantart\u00e1si int\u00e9zked\u00e9sek elengedhetetlenek a kan\u00e1lhenger megfelel\u0151 m\u0171k\u00f6d\u00e9s\u00e9nek biztos\u00edt\u00e1s\u00e1hoz. A gyakori karbantart\u00e1si feladatok k\u00f6z\u00e9 tartozik a ken\u00e9s, a t\u00f6m\u00edt\u00e9sek cser\u00e9je \u00e9s a kalibr\u00e1ci\u00f3s ellen\u0151rz\u00e9sek. A helyes beszerel\u00e9s, ken\u00e9s \u00e9s be\u00e1ll\u00edt\u00e1s elengedhetetlen. A henger megfelel\u0151 be\u00e1ll\u00edt\u00e1sa \u00e9s a megfelel\u0151 szerel\u0151konzolok haszn\u00e1lata megel\u0151zheti a hib\u00e1s be\u00e1ll\u00edt\u00e1s okozta k\u00e1rokat. A henger \u00e9lettartam\u00e1nak meghosszabb\u00edt\u00e1sa \u00e9rdek\u00e9ben azt is javasoljuk, hogy k\u00f6vesse az aj\u00e1nlott ellen\u0151rz\u00e9si, jav\u00edt\u00e1si \u00e9s csere elj\u00e1r\u00e1sokat.<\/p>\n<p><img decoding=\"async\" src=\"https:\/\/www.hydraulic-cylinders.net\/wp-content\/uploads\/2025\/01\/songte-chushion-collar.webp\"><\/p>\n<h2>Biztons\u00e1gi szempontok \u00e9s k\u00f6rnyezeti t\u00e9nyez\u0151k<\/h2>\n<p>V\u00f6dr\u00f6s hengerek haszn\u00e1latakor mindig be kell tartani a biztons\u00e1gi int\u00e9zked\u00e9seket, p\u00e9ld\u00e1ul a megfelel\u0151 v\u00e9d\u0151felszerel\u00e9st, a biztons\u00e1gos \u00fczemeltet\u00e9si elj\u00e1r\u00e1sokat \u00e9s a megfelel\u0151 k\u00e9pz\u00e9st. A k\u00f6rnyezetv\u00e9delmi szempontokat, p\u00e9ld\u00e1ul az olajsziv\u00e1rg\u00e1sokat \u00e9s -sziv\u00e1rg\u00e1sokat is figyelembe kell venni a szennyez\u00e9s \u00e9s az \u00f6kosziszt\u00e9ma k\u00e1rosod\u00e1s\u00e1nak megel\u0151z\u00e9se \u00e9rdek\u00e9ben.<\/p>\n<h2>Hibaelh\u00e1r\u00edt\u00e1s \u00e9s gyakori probl\u00e9m\u00e1k<\/h2>\n<ul>\n<li>Sziv\u00e1rg\u00e1s a hengerb\u0151l<\/li>\n<li>Neh\u00e9zs\u00e9g a lap\u00e1t mozg\u00e1s\u00e1nak ir\u00e1ny\u00edt\u00e1s\u00e1ban<\/li>\n<li>K\u00e9ptelens\u00e9g neh\u00e9z terhek emel\u00e9s\u00e9re<\/li>\n<\/ul>\n<p>Ha ezek a probl\u00e9m\u00e1k el\u0151fordulnak, fontos a probl\u00e9ma gyors diagnosztiz\u00e1l\u00e1sa \u00e9s kezel\u00e9se. A gyakori megold\u00e1sok k\u00f6z\u00e9 tartozik a sziv\u00e1rg\u00e1sok \u00e9s elkopott t\u00f6m\u00edt\u00e9sek ellen\u0151rz\u00e9se, a hidraulikafolyad\u00e9k szintj\u00e9nek ellen\u0151rz\u00e9se, valamint a henger s\u00e9r\u00fcl\u00e9seinek vizsg\u00e1lata. A megel\u0151z\u0151 int\u00e9zked\u00e9sek, mint p\u00e9ld\u00e1ul a rendszeres ellen\u0151rz\u00e9s \u00e9s karbantart\u00e1s, minimaliz\u00e1lhatj\u00e1k ezeket a probl\u00e9m\u00e1kat.<\/p>\n<p><img decoding=\"async\" src=\"https:\/\/hzpt.com\/wp-content\/uploads\/2024\/11\/songte-company-1.webp\"><\/p>\n<h2>C\u00e9g\u00fcnkr\u0151l<\/h2>\n<p>Cserehidraulikus hengerek gy\u00e1rt\u00f3ja vagyunk, teljes term\u00e9kk\u00edn\u00e1lattal, a hidraulikus hengerek egyik vezet\u0151 gy\u00e1rt\u00f3ja \u00e9s nagykereskedelmi forgalmaz\u00f3ja vagyunk a hazai \u00e9s nemzetk\u00f6zi piacokon. A kiv\u00e1l\u00f3 min\u0151s\u00e9g elv\u00e9t valljuk, \u00e9s egy kifinomult gy\u00e1rt\u00f3m\u0171hely ipari termel\u00e9sir\u00e1ny\u00edt\u00e1si strat\u00e9gi\u00e1j\u00e1ra t\u00e1maszkodunk. C\u00e9g\u00fcnk folyamatosan fejleszti gy\u00e1rt\u00e1si platformj\u00e1t a m\u0171szaki tehets\u00e9gek, a digit\u00e1lis cs\u00facskateg\u00f3ri\u00e1s gy\u00e1rt\u00f3berendez\u00e9sek \u00e9s a professzion\u00e1lis tesztel\u0151rendszerek alkalmaz\u00e1s\u00e1val a term\u00e9kek min\u0151s\u00e9gi gy\u00e1rt\u00e1si folyamat\u00e1nak t\u00f6k\u00e9letes\u00edt\u00e9se \u00e9rdek\u00e9ben. Er\u0151s kreat\u00edv k\u00e9pess\u00e9gekkel rendelkez\u00fcnk, hogy nagy hat\u00e9konys\u00e1ggal, nagy pontoss\u00e1ggal \u00e9s kiv\u00e1l\u00f3 min\u0151s\u00e9gben el\u00e9g\u00edts\u00fck ki az \u00fcgyfelek soksz\u00edn\u0171 ig\u00e9nyeit.<\/p>\n<p>C\u00e9g\u00fcnk a k\u00f6vetkez\u0151kr\u0151l is ismert:<\/p>\n<ul>\n<li>Szakmaiass\u00e1g<\/li>\n<li>Nemzetk\u00f6zi tan\u00fas\u00edtv\u00e1nyok<\/li>\n<li>Testreszab\u00e1si szolg\u00e1ltat\u00e1sok<\/li>\n<li>Korszer\u0171 gy\u00e1rt\u00f3berendez\u00e9sek<\/li>\n<li>\u00c9rt\u00e9kes\u00edt\u00e9s ut\u00e1ni szolg\u00e1ltat\u00e1s<\/li>\n<\/ul>\n<p><img decoding=\"async\" src=\"https:\/\/www.hydraulic-cylinders.net\/wp-content\/uploads\/2025\/01\/songte-company-3.webp\"><\/p>\n<p>Szerz\u0151: lyl<\/p>","protected":false},"excerpt":{"rendered":"<p>Bucket Cylinder For Atlas 3306LC Introduction The bucket cylinder, also known as a hydraulic cylinder, is a specialized type of cylinder primarily used for controlling the movement of the shovel in heavy machinery such as excavators, backhoe loaders, and front loaders. Its main function is to enable the shovel to lift, lower, and tilt, making [&hellip;]<\/p>","protected":false},"featured_media":14784,"comment_status":"open","ping_status":"closed","template":"","meta":{"_et_pb_use_builder":"","_et_pb_old_content":"","_et_gb_content_width":""},"product_brand":[],"product_cat":[1494],"product_tag":[1495,1496],"class_list":{"0":"post-15916","1":"product","2":"type-product","3":"status-publish","4":"has-post-thumbnail","6":"product_cat-bucket-cylinders","7":"product_tag-bucket-cylinders","8":"product_tag-hydraulic-cylinders","10":"first","11":"instock","12":"shipping-taxable","13":"product-type-simple"},"amp_enabled":true,"_links":{"self":[{"href":"https:\/\/www.hydraulic-cylinders.net\/hu\/wp-json\/wp\/v2\/product\/15916","targetHints":{"allow":["GET"]}}],"collection":[{"href":"https:\/\/www.hydraulic-cylinders.net\/hu\/wp-json\/wp\/v2\/product"}],"about":[{"href":"https:\/\/www.hydraulic-cylinders.net\/hu\/wp-json\/wp\/v2\/types\/product"}],"replies":[{"embeddable":true,"href":"https:\/\/www.hydraulic-cylinders.net\/hu\/wp-json\/wp\/v2\/comments?post=15916"}],"wp:featuredmedia":[{"embeddable":true,"href":"https:\/\/www.hydraulic-cylinders.net\/hu\/wp-json\/wp\/v2\/media\/14784"}],"wp:attachment":[{"href":"https:\/\/www.hydraulic-cylinders.net\/hu\/wp-json\/wp\/v2\/media?parent=15916"}],"wp:term":[{"taxonomy":"product_brand","embeddable":true,"href":"https:\/\/www.hydraulic-cylinders.net\/hu\/wp-json\/wp\/v2\/product_brand?post=15916"},{"taxonomy":"product_cat","embeddable":true,"href":"https:\/\/www.hydraulic-cylinders.net\/hu\/wp-json\/wp\/v2\/product_cat?post=15916"},{"taxonomy":"product_tag","embeddable":true,"href":"https:\/\/www.hydraulic-cylinders.net\/hu\/wp-json\/wp\/v2\/product_tag?post=15916"}],"curies":[{"name":"munkaf\u00fczet","href":"https:\/\/api.w.org\/{rel}","templated":true}]}}