{"id":15921,"date":"2025-01-19T15:10:04","date_gmt":"2025-01-19T15:10:04","guid":{"rendered":"https:\/\/www.hydraulic-cylinders.net\/product\/bucket-cylinder-for-atlas-7808lc\/"},"modified":"2025-01-19T15:10:14","modified_gmt":"2025-01-19T15:10:14","slug":"bucket-cylinder-for-atlas-7808lc","status":"publish","type":"product","link":"https:\/\/www.hydraulic-cylinders.net\/hu\/termek\/bucket-cylinder-for-atlas-7808lc\/","title":{"rendered":"Kan\u00e1lhenger az Atlas 7808LC-hez"},"content":{"rendered":"<h1>Kan\u00e1lhenger az Atlas 7808LC-hez<\/h1>\n<h2>Bevezet\u00e9s<\/h2>\n<p>Az Atlas 7808LC kan\u00e1lhengere egy olyan hidraulikus henger, amelyet kifejezetten neh\u00e9zg\u00e9pek, p\u00e9ld\u00e1ul kotr\u00f3g\u00e9pek, kotr\u00f3rakod\u00f3k \u00e9s homlokrakod\u00f3k kanalainak mozg\u00e1s\u00e1nak vez\u00e9rl\u00e9s\u00e9re terveztek. F\u0151 funkci\u00f3ja a kan\u00e1l emel\u00e9se, s\u00fcllyeszt\u00e9se \u00e9s billent\u00e9se, ez\u00e1ltal megk\u00f6nny\u00edtve a k\u00fcl\u00f6nf\u00e9le anyagmozgat\u00e1si feladatokat. A hidraulikus rendszerben a kan\u00e1lhenger a hidraulikaolaj nyom\u00e1s\u00e1nak v\u00e1ltoztat\u00e1s\u00e1val prec\u00edzen szab\u00e1lyozza a kan\u00e1l mozg\u00e1s\u00e1t, lehet\u0151v\u00e9 t\u00e9ve a kezel\u0151k sz\u00e1m\u00e1ra a neh\u00e9z terhek hat\u00e9kony kezel\u00e9s\u00e9t, valamint az \u00f6sszetett munkak\u00f6rnyezetekhez \u00e9s a v\u00e1ltozatos m\u0171k\u00f6d\u00e9si k\u00f6vetelm\u00e9nyekhez val\u00f3 alkalmazkod\u00e1st.<\/p>\n<p><img decoding=\"async\" src=\"https:\/\/www.hydraulic-cylinders.net\/wp-content\/uploads\/2025\/01\/songte-company-2.webp\" alt=\"V\u00f6d\u00f6rhenger\" style=\"width:100%\"><\/p>\n<h2>Jellemz\u0151k<\/h2>\n<ul>\n<li>\n<h3>Nagy szil\u00e1rds\u00e1g \u00e9s tart\u00f3ss\u00e1g<\/h3>\n<p>A kan\u00e1lhengerek jellemz\u0151en nagy szil\u00e1rds\u00e1g\u00fa ac\u00e9lb\u00f3l vagy alum\u00edniumb\u00f3l k\u00e9sz\u00fclnek, ami lehet\u0151v\u00e9 teszi sz\u00e1mukra, hogy ellen\u00e1lljanak a nagy nyom\u00e1snak \u00e9s a neh\u00e9z terhel\u00e9seknek, valamint alkalmazkodjanak a zord munkak\u00f6rnyezethez. Tervez\u00e9s\u00fck figyelembe veszi a kop\u00e1s- \u00e9s korr\u00f3zi\u00f3\u00e1ll\u00f3s\u00e1got, meghosszabb\u00edtva \u00e9lettartamukat.<\/p>\n<\/li>\n<li>\n<h3>Hat\u00e9kony hidraulikus m\u0171k\u00f6dtet\u00e9s<\/h3>\n<p>A kan\u00e1lhengerek hidraulikaolaj-nyom\u00e1st haszn\u00e1lnak a sima kiny\u00fajt\u00e1shoz \u00e9s visszah\u00faz\u00e1shoz, \u00edgy gyorsan reag\u00e1lnak a vez\u00e9rl\u0151parancsokra, er\u0151teljes tol\u00f3- \u00e9s h\u00faz\u00f3er\u0151t biztos\u00edtanak, \u00e9s alkalmasak neh\u00e9z terhek \u00e9s \u00f6sszetett \u00fczemeltet\u00e9si feladatok kezel\u00e9s\u00e9re.<\/p>\n<\/li>\n<li>\n<h3>T\u00f6bb t\u00edpus<\/h3>\n<p>A kan\u00e1lhengerek egyszeres m\u0171k\u00f6d\u00e9s\u0171 (egy ir\u00e1nyban hidraulikusan m\u0171k\u00f6dtetett) vagy kett\u0151s m\u0171k\u00f6d\u00e9s\u0171 (k\u00e9t ir\u00e1nyban hidraulikusan m\u0171k\u00f6dtetett) modellekben kaphat\u00f3k, hogy megfeleljenek a k\u00fcl\u00f6nb\u00f6z\u0151 m\u0171k\u00f6d\u00e9si k\u00f6vetelm\u00e9nyeknek. Egyes modellek teleszk\u00f3posak, \u00edgy nagyobb kiny\u00fal\u00e1st tesznek lehet\u0151v\u00e9 a k\u00fcls\u0151 m\u00e9retek n\u00f6vel\u00e9se n\u00e9lk\u00fcl, \u00edgy alkalmasak korl\u00e1tozott helyig\u00e9ny\u0171 alkalmaz\u00e1sokhoz.<\/p>\n<\/li>\n<li>\n<h3>Helyettes\u00edthet\u0151<\/h3>\n<p>C\u00e9g\u00fcnk k\u00e9pes el\u0151\u00e1ll\u00edtani ezt a term\u00e9ket, \u00e9s term\u00e9k\u00fcnk t\u00f6k\u00e9letesen helyettes\u00edtheti ezeket a hidraulikus hengereket.<\/p>\n<\/li>\n<\/ul>\n<p><img decoding=\"async\" src=\"https:\/\/www.hydraulic-cylinders.net\/wp-content\/uploads\/2025\/01\/songte-cylinder-head-with-all-kinds-excavator-models.webp\" alt=\"Hidraulikus henger\" style=\"width:100%\"><\/p>\n<h2>Alkalmaz\u00e1sok<\/h2>\n<p>A kan\u00e1lhengereket sz\u00e9les k\u00f6rben haszn\u00e1lj\u00e1k k\u00fcl\u00f6nf\u00e9le \u00e9p\u00edt\u0151ipari berendez\u00e9sekben, mez\u0151gazdas\u00e1gi g\u00e9pekben \u00e9s m\u00e1s ipar\u00e1gakban, bele\u00e9rtve:<\/p>\n<ul>\n<li>\n<h3>\u00c9p\u00edt\u0151ipari berendez\u00e9sek<\/h3>\n<p>A kan\u00e1lhengerek kotr\u00f3g\u00e9pekben tal\u00e1lhat\u00f3k, ahol elengedhetetlenek az \u00e1s\u00e1shoz, rakod\u00e1shoz \u00e9s a talaj vagy t\u00f6rmel\u00e9k mozgat\u00e1s\u00e1hoz. A kotr\u00f3g\u00e9p-rakod\u00f3kban a kan\u00e1lhenger mind az \u00e1s\u00e1st, mind az emel\u00e9st seg\u00edti. A homlokrakod\u00f3kban az \u00e1ruk hat\u00e9kony emel\u00e9s\u00e9ben \u00e9s \u00fcr\u00edt\u00e9s\u00e9ben seg\u00edtenek.<\/p>\n<\/li>\n<li>\n<h3>Mez\u0151gazdas\u00e1gi g\u00e9pek<\/h3>\n<p>A kan\u00e1lhengereket homlokrakod\u00f3kban haszn\u00e1lj\u00e1k talaj, sz\u00e9na \u00e9s egy\u00e9b anyagok mer\u00e9s\u00e9re, emel\u00e9s\u00e9re \u00e9s sz\u00e1ll\u00edt\u00e1s\u00e1ra.<\/p>\n<\/li>\n<li>\n<h3>Kotr\u00f3g\u00e9pek<\/h3>\n<p>A kan\u00e1lhengerek lehet\u0151v\u00e9 teszik a kotr\u00f3g\u00e9pek sz\u00e1m\u00e1ra, hogy behatoljanak a talajba az\u00e1ltal, hogy lehet\u0151v\u00e9 teszik a kan\u00e1l mozg\u00e1s\u00e1t rajta kereszt\u00fcl.<\/p>\n<\/li>\n<\/ul>\n<h2>Tervez\u00e9si szempontok \u00e9s kiv\u00e1laszt\u00e1si krit\u00e9riumok<\/h2>\n<p>A kan\u00e1lhengerek tervez\u00e9si szempontjai tekintet\u00e9ben sz\u00e1mos kulcsfontoss\u00e1g\u00fa t\u00e9nyez\u0151 elengedhetetlen a megb\u00edzhat\u00f3 teljes\u00edtm\u00e9ny\u00fckh\u00f6z, bele\u00e9rtve:<\/p>\n<ul>\n<li>\n<h3>Teherb\u00edr\u00e1s<\/h3>\n<p>A kan\u00e1lhenger teherb\u00edr\u00e1sa kritikus fontoss\u00e1g\u00fa, \u00e9s \u00fagy kell megtervezni, hogy elb\u00edrja az emelt vagy mozgatott teher s\u00faly\u00e1t.<\/p>\n<\/li>\n<li>\n<h3>T\u00f6m\u00edt\u00e9s \u00e9s tart\u00f3ss\u00e1g<\/h3>\n<p>A kan\u00e1lhengerek megb\u00edzhat\u00f3 t\u00f6m\u00edt\u00e9sekre szorulnak az olajsziv\u00e1rg\u00e1s megel\u0151z\u00e9se \u00e9rdek\u00e9ben, ami hidraulikus meghib\u00e1sod\u00e1st \u00e9s a berendez\u00e9s le\u00e1ll\u00e1s\u00e1t okozhatja. Ezenk\u00edv\u00fcl a henger tart\u00f3ss\u00e1g\u00e1t is figyelembe kell venni a hossz\u00fa \u00e9lettartam biztos\u00edt\u00e1sa \u00e9rdek\u00e9ben.<\/p>\n<\/li>\n<li>\n<h3>Biztons\u00e1g<\/h3>\n<p>A kan\u00e1lhengert a felhaszn\u00e1l\u00f3 biztons\u00e1g\u00e1t szem el\u0151tt tartva kell megtervezni, hogy megel\u0151zze a m\u0171k\u00f6d\u00e9s k\u00f6zben bek\u00f6vetkez\u0151 baleseteket vagy s\u00e9r\u00fcl\u00e9seket.<\/p>\n<\/li>\n<li>\n<h3>Karbantart\u00e1s \u00e9s jav\u00edt\u00e1s<\/h3>\n<p>A palackot \u00fagy kell kialak\u00edtani, hogy k\u00f6nnyen karbantarthat\u00f3 \u00e9s jav\u00edthat\u00f3 legyen. Ez mag\u00e1ban foglalhat olyan jellemz\u0151ket, mint a cser\u00e9lhet\u0151 alkatr\u00e9szek vagy a k\u00f6nny\u0171 hozz\u00e1f\u00e9rhet\u0151s\u00e9g ellen\u0151rz\u00e9s \u00e9s karbantart\u00e1s c\u00e9lj\u00e1b\u00f3l.<\/p>\n<\/li>\n<\/ul>\n<p><img decoding=\"async\" src=\"https:\/\/www.hydraulic-cylinders.net\/wp-content\/uploads\/2025\/01\/songte-oil-pipes-and-spare-parts.webp\" alt=\"Hidraulikus henger\" style=\"width:100%\"><\/p>\n<h2>T\u00f6m\u00edt\u00e9s \u00e9s ken\u00e9s<\/h2>\n<p>A serleghengerek k\u00fcl\u00f6nf\u00e9le t\u00f6m\u00edt\u0151elemeket haszn\u00e1lnak, bele\u00e9rtve a dugatty\u00fat\u00f6m\u00edt\u00e9seket \u00e9s a r\u00fadt\u00f6m\u00edt\u00e9seket, amelyek jellemz\u0151en kop\u00e1s\u00e1ll\u00f3 anyagokb\u00f3l, p\u00e9ld\u00e1ul poliuret\u00e1nb\u00f3l vagy nitrilgumib\u00f3l k\u00e9sz\u00fclnek. A hossz\u00fa \u00e9lettartam biztos\u00edt\u00e1sa \u00e9rdek\u00e9ben a hengertestet \u00e9s a r\u00fadfel\u00fcletet kop\u00e1s\u00e1ll\u00f3s\u00e1gi kezel\u00e9ssel kell ell\u00e1tni. A henger megfelel\u0151 m\u0171k\u00f6d\u00e9s\u00e9nek fenntart\u00e1s\u00e1hoz rendszeres hidraulikaolajjal t\u00f6rt\u00e9n\u0151 ken\u00e9s is sz\u00fcks\u00e9ges.<\/p>\n<h2>Karbantart\u00e1s \u00e9s jav\u00edt\u00e1s<\/h2>\n<p>A kan\u00e1lhenger megfelel\u0151 m\u0171k\u00f6d\u00e9s\u00e9nek biztos\u00edt\u00e1sa \u00e9s \u00e9lettartam\u00e1nak meghosszabb\u00edt\u00e1sa \u00e9rdek\u00e9ben rendszeres ellen\u0151rz\u00e9sekre \u00e9s megel\u0151z\u0151 karbantart\u00e1sra van sz\u00fcks\u00e9g. Ez mag\u00e1ban foglalhatja az al\u00e1bbi feladatokat:<\/p>\n<ul>\n<li>\n<h3>Rendszeres ellen\u0151rz\u00e9s<\/h3>\n<p>A henger, a t\u00f6m\u00edt\u00e9sek, a r\u00f6gz\u00edt\u0151konzolok \u00e9s a szerelv\u00e9nyek rendszeres ellen\u0151rz\u00e9se megakad\u00e1lyozhatja, hogy a kisebb probl\u00e9m\u00e1k nagyobb gondokk\u00e1 v\u00e1ljanak, \u00e9s v\u00e9gs\u0151 soron cs\u00f6kkentheti az \u00e1ll\u00e1sid\u0151t.<\/p>\n<\/li>\n<li>\n<h3>Megfelel\u0151 ken\u00e9s<\/h3>\n<p>A henger megfelel\u0151 ken\u00e9se elengedhetetlen a zavartalan m\u0171k\u00f6d\u00e9s\u00e9hez. Ez mag\u00e1ban foglalhatja a megfelel\u0151 hidraulikaolaj vagy zs\u00edr haszn\u00e1lat\u00e1t, a henger kialak\u00edt\u00e1s\u00e1t\u00f3l f\u00fcgg\u0151en.<\/p>\n<\/li>\n<li>\n<h3>T\u00f6m\u00edt\u00e9scsere \u00e9s kalibr\u00e1l\u00e1s ellen\u0151rz\u00e9se<\/h3>\n<p>A kopott t\u00f6m\u00edt\u00e9sek cser\u00e9je \u00e9s a kalibr\u00e1ci\u00f3 ellen\u0151rz\u00e9se jav\u00edthatja a henger teljes\u00edtm\u00e9ny\u00e9t \u00e9s \u00e9lettartam\u00e1t.<\/p>\n<\/li>\n<\/ul>\n<p><img decoding=\"async\" src=\"https:\/\/www.hydraulic-cylinders.net\/wp-content\/uploads\/2025\/01\/songte-chushion-collar.webp\" alt=\"Hidraulikus henger\" style=\"width:100%\"><\/p>\n<h2>Biztons\u00e1gi szempontok \u00e9s k\u00f6rnyezeti t\u00e9nyez\u0151k<\/h2>\n<p>A serleges hengerek biztons\u00e1gos \u00fczemeltet\u00e9se \u00e9rdek\u00e9ben megfelel\u0151 haszn\u00e1latot \u00e9s karbantart\u00e1st ig\u00e9nyelnek. A kezel\u0151ket ki kell k\u00e9pezni a henger megfelel\u0151 haszn\u00e1lat\u00e1ra, \u00e9s be kell tartaniuk az \u00f6sszes biztons\u00e1gi el\u0151\u00edr\u00e1st. A k\u00f6rnyezeti t\u00e9nyez\u0151k, mint p\u00e9ld\u00e1ul a h\u0151m\u00e9rs\u00e9klet, a p\u00e1ratartalom \u00e9s a vegyszereknek val\u00f3 kitetts\u00e9g, szint\u00e9n befoly\u00e1solhatj\u00e1k a henger teljes\u00edtm\u00e9ny\u00e9t, \u00e9s ezeket figyelembe kell venni.<\/p>\n<h2>Gyakori probl\u00e9m\u00e1k \u00e9s hibaelh\u00e1r\u00edt\u00e1s<\/h2>\n<p>A kan\u00e1lhengerekn\u00e9l el\u0151fordul\u00f3 gyakori probl\u00e9m\u00e1k k\u00f6z\u00e9 tartozik a sziv\u00e1rg\u00e1s, a lass\u00fa vagy nem reag\u00e1l\u00f3 m\u0171k\u00f6d\u00e9s, valamint a hengertest vagy a t\u00f6m\u00edt\u00e9sek s\u00e9r\u00fcl\u00e9se. Ezen probl\u00e9m\u00e1k elh\u00e1r\u00edt\u00e1sa mag\u00e1ban foglalhatja a megfelel\u0151 ken\u00e9s ellen\u0151rz\u00e9s\u00e9t, a t\u00f6m\u00edt\u00e9sek \u00e9s szerelv\u00e9nyek vizsg\u00e1lat\u00e1t, valamint a henger s\u00e9r\u00fcl\u00e9seinek vizsg\u00e1lat\u00e1t. A rendszeres megel\u0151z\u0151 karbantart\u00e1s seg\u00edthet cs\u00f6kkenteni ezen probl\u00e9m\u00e1k el\u0151fordul\u00e1s\u00e1t.<\/p>\n<p><img decoding=\"async\" src=\"https:\/\/www.hydraulic-cylinders.net\/wp-content\/uploads\/2025\/01\/songte-bushings-with-all-kinds-of-excavator-models.webp\" alt=\"Hidraulikus henger\" style=\"width:100%\"><\/p>\n<h2>C\u00e9g\u00fcnkr\u0151l<\/h2>\n<p>A hidraulikus hengerek vezet\u0151 gy\u00e1rt\u00f3i \u00e9s nagykereskedelmi forgalmaz\u00f3i vagyunk a hazai \u00e9s a nemzetk\u00f6zi piacokon. C\u00e9g\u00fcnk a kiv\u00e1l\u00f3 min\u0151s\u00e9g elv\u00e9t vallja, \u00e9s az iparos\u00edtott termel\u00e9sir\u00e1ny\u00edt\u00e1si strat\u00e9gi\u00e1kra t\u00e1maszkodik, amelyek prec\u00edzi\u00f3s gy\u00e1rt\u00f3m\u0171helyekre, technol\u00f3giai tehets\u00e9gekre, digit\u00e1lis cs\u00facskateg\u00f3ri\u00e1s gy\u00e1rt\u00f3berendez\u00e9sekre, valamint professzion\u00e1lis tesztel\u0151rendszerekre \u00e9p\u00fclnek. C\u00e9g\u00fcnk folyamatosan fejleszti a m\u0171helyi gy\u00e1rt\u00e1si platformot, jav\u00edtja a term\u00e9kmin\u0151s\u00e9gi gy\u00e1rt\u00e1si \u00fatvonalat, \u00e9s er\u0151s gy\u00e1rt\u00e1si k\u00e9pess\u00e9gekkel rendelkezik, hogy nagy hat\u00e9konys\u00e1ggal, pontoss\u00e1ggal \u00e9s min\u0151s\u00e9ggel el\u00e9g\u00edtse ki az \u00fcgyfelek sokr\u00e9t\u0171 ig\u00e9nyeit. <\/p>\n<p>C\u00e9g\u00fcnk k\u00fcl\u00f6nf\u00e9le term\u00e9keket \u00e9s szolg\u00e1ltat\u00e1sokat k\u00edn\u00e1l, mint p\u00e9ld\u00e1ul:<\/p>\n<ul>\n<li>\n<h3>Szakmaiass\u00e1g<\/h3>\n<p>T\u00f6bb \u00e9ves ipar\u00e1gi tapasztalattal rendelkez\u0151 szakemberekb\u0151l \u00e1ll\u00f3 csapatot alkalmazunk, hogy term\u00e9keink megfeleljenek a legmagasabb min\u0151s\u00e9gi \u00e9s megb\u00edzhat\u00f3s\u00e1gi szabv\u00e1nyoknak.<\/p>\n<\/li>\n<li>\n<h3>Nemzetk\u00f6zi min\u0151s\u00edt\u00e9s<\/h3>\n<p>Term\u00e9keink megfelelnek a nemzetk\u00f6zi szabv\u00e1nyoknak, p\u00e9ld\u00e1ul az ISO 9001:2015-nek, \u00edgy biztos\u00edtva, hogy \u00fcgyfeleink megb\u00edzhassanak benn\u00fcnk.<\/p>\n<\/li>\n<li>\n<h3>Testreszab\u00e1si szolg\u00e1ltat\u00e1sok<\/h3>\n<p>Testreszabott szolg\u00e1ltat\u00e1sokat k\u00edn\u00e1lunk \u00fcgyfeleink egyedi ig\u00e9nyeinek kiel\u00e9g\u00edt\u00e9s\u00e9re, testreszabott megold\u00e1sokat k\u00edn\u00e1lva, amelyeket kifejezetten az adott k\u00f6vetelm\u00e9nyeknek megfelel\u0151en tervezt\u00fcnk.<\/p>\n<\/li>\n<li>\n<h3>Termel\u00e9si berendez\u00e9sek<\/h3>\n<p>Korszer\u0171 gy\u00e1rt\u00f3berendez\u00e9seket, p\u00e9ld\u00e1ul CNC g\u00e9peket haszn\u00e1lunk a prec\u00edzi\u00f3s gy\u00e1rt\u00e1s \u00e9s a kiv\u00e1l\u00f3 min\u0151s\u00e9g\u0171 term\u00e9kek biztos\u00edt\u00e1sa \u00e9rdek\u00e9ben.<\/p>\n<\/li>\n<li>\n<h3>\u00c9rt\u00e9kes\u00edt\u00e9s ut\u00e1ni szolg\u00e1ltat\u00e1s<\/h3>\n<p>Annak \u00e9rdek\u00e9ben, hogy \u00fcgyfeleink el\u00e9gedettek legyenek term\u00e9keinkkel \u00e9s szolg\u00e1ltat\u00e1sainkkal, \u00e9rt\u00e9kes\u00edt\u00e9s ut\u00e1ni szolg\u00e1ltat\u00e1st ny\u00fajtunk, karbantart\u00e1si, jav\u00edt\u00e1si \u00e9s csereszolg\u00e1ltat\u00e1sokat k\u00edn\u00e1lva.<\/p>\n<\/li>\n<\/ul>\n<p><img decoding=\"async\" src=\"https:\/\/hzpt.com\/wp-content\/uploads\/2024\/11\/songte-company-1.webp\" alt=\"Hidraulikus henger\" style=\"width:100%\"><\/p>\n<p>Szerz\u0151: lyl<\/p>","protected":false},"excerpt":{"rendered":"<p>Bucket Cylinder For Atlas 7808LC Introduction The bucket cylinder for Atlas 7808LC is a type of hydraulic cylinder that is specially designed for controlling the movement of buckets in heavy machinery such as excavators, backhoe loaders, and front-end loaders. Its main function is to allow the bucket to be lifted, lowered and tilted, thereby facilitating [&hellip;]<\/p>","protected":false},"featured_media":14773,"comment_status":"open","ping_status":"closed","template":"","meta":{"_et_pb_use_builder":"","_et_pb_old_content":"","_et_gb_content_width":""},"product_brand":[],"product_cat":[1494],"product_tag":[1495,1496],"class_list":{"0":"post-15921","1":"product","2":"type-product","3":"status-publish","4":"has-post-thumbnail","6":"product_cat-bucket-cylinders","7":"product_tag-bucket-cylinders","8":"product_tag-hydraulic-cylinders","10":"first","11":"instock","12":"shipping-taxable","13":"product-type-simple"},"amp_enabled":true,"_links":{"self":[{"href":"https:\/\/www.hydraulic-cylinders.net\/hu\/wp-json\/wp\/v2\/product\/15921","targetHints":{"allow":["GET"]}}],"collection":[{"href":"https:\/\/www.hydraulic-cylinders.net\/hu\/wp-json\/wp\/v2\/product"}],"about":[{"href":"https:\/\/www.hydraulic-cylinders.net\/hu\/wp-json\/wp\/v2\/types\/product"}],"replies":[{"embeddable":true,"href":"https:\/\/www.hydraulic-cylinders.net\/hu\/wp-json\/wp\/v2\/comments?post=15921"}],"wp:featuredmedia":[{"embeddable":true,"href":"https:\/\/www.hydraulic-cylinders.net\/hu\/wp-json\/wp\/v2\/media\/14773"}],"wp:attachment":[{"href":"https:\/\/www.hydraulic-cylinders.net\/hu\/wp-json\/wp\/v2\/media?parent=15921"}],"wp:term":[{"taxonomy":"product_brand","embeddable":true,"href":"https:\/\/www.hydraulic-cylinders.net\/hu\/wp-json\/wp\/v2\/product_brand?post=15921"},{"taxonomy":"product_cat","embeddable":true,"href":"https:\/\/www.hydraulic-cylinders.net\/hu\/wp-json\/wp\/v2\/product_cat?post=15921"},{"taxonomy":"product_tag","embeddable":true,"href":"https:\/\/www.hydraulic-cylinders.net\/hu\/wp-json\/wp\/v2\/product_tag?post=15921"}],"curies":[{"name":"munkaf\u00fczet","href":"https:\/\/api.w.org\/{rel}","templated":true}]}}