{"id":15926,"date":"2025-01-19T15:10:33","date_gmt":"2025-01-19T15:10:33","guid":{"rendered":"https:\/\/www.hydraulic-cylinders.net\/product\/bucket-cylinder-for-bonny-wzyq42-6\/"},"modified":"2025-01-19T15:10:35","modified_gmt":"2025-01-19T15:10:35","slug":"bucket-cylinder-for-bonny-wzyq42-6","status":"publish","type":"product","link":"https:\/\/www.hydraulic-cylinders.net\/hu\/termek\/bucket-cylinder-for-bonny-wzyq42-6\/","title":{"rendered":"V\u00f6d\u00f6rhenger Bonny WZYQ42-6-hoz"},"content":{"rendered":"<h1>V\u00f6d\u00f6rhenger Bonny WZYQ42-6-hoz<\/h1>\n<h2>Bevezet\u00e9s<\/h2>\n<p>A kan\u00e1lhenger egy speci\u00e1lisan tervezett hidraulikus henger, amelyet els\u0151sorban a kan\u00e1l mozg\u00e1s\u00e1nak vez\u00e9rl\u00e9s\u00e9re haszn\u00e1lnak neh\u00e9zg\u00e9pekben, p\u00e9ld\u00e1ul kotr\u00f3g\u00e9pekben, kotr\u00f3rakod\u00f3kban \u00e9s homlokrakod\u00f3kban. F\u0151 funkci\u00f3ja a kan\u00e1l emel\u00e9s\u00e9nek, s\u00fcllyeszt\u00e9s\u00e9nek \u00e9s billent\u00e9s\u00e9nek lehet\u0151v\u00e9 t\u00e9tele, \u00edgy k\u00e9nyelmess\u00e9 t\u00e9ve a k\u00fcl\u00f6nf\u00e9le anyagmozgat\u00e1si feladatokat. A hidraulikus rendszerben a kan\u00e1lhenger a hidraulikaolaj nyom\u00e1sv\u00e1ltoz\u00e1sainak felhaszn\u00e1l\u00e1s\u00e1val \u00e9ri el a kan\u00e1l pontos vez\u00e9rl\u00e9s\u00e9t, lehet\u0151v\u00e9 t\u00e9ve a kezel\u0151k sz\u00e1m\u00e1ra, hogy hat\u00e9konyan kezelj\u00e9k a neh\u00e9z terheket, \u00e9s alkalmazkodjanak az \u00f6sszetett munkak\u00f6rnyezetekhez \u00e9s a v\u00e1ltozatos munkak\u00f6vetelm\u00e9nyekhez.<\/p>\n<p><img decoding=\"async\" src=\"https:\/\/www.hydraulic-cylinders.net\/wp-content\/uploads\/2025\/01\/songte-company-2.webp\" alt=\"V\u00f6d\u00f6r henger k\u00e9pe\"><\/p>\n<h2>Jellemz\u0151k<\/h2>\n<ul>\n<li>Nagy szil\u00e1rds\u00e1g \u00e9s tart\u00f3ss\u00e1g: \u00c1ltal\u00e1ban nagy szil\u00e1rds\u00e1g\u00fa ac\u00e9lb\u00f3l vagy alum\u00edniumb\u00f3l k\u00e9sz\u00fcl, ellen\u00e1ll a nagy nyom\u00e1snak \u00e9s a nagy terhel\u00e9seknek, alkalmazkodik a zord munkak\u00f6rnyezethez, \u00e9s a kop\u00e1s\u00e1ll\u00f3s\u00e1g \u00e9s a korr\u00f3zi\u00f3\u00e1ll\u00f3s\u00e1g szempontjaival tervezt\u00e9k, hogy meghosszabb\u00edts\u00e1k \u00e9lettartam\u00e1t.<\/li>\n<li>Hat\u00e9kony hidraulikus m\u0171k\u00f6d\u00e9s: A hidraulikaolaj nyom\u00e1s\u00e1t kihaszn\u00e1lva sima kitol\u00e1si \u00e9s visszah\u00faz\u00e1si mozg\u00e1sokat \u00e9r el, gyorsan reag\u00e1l a vez\u00e9rl\u0151parancsokra, er\u0151teljes tol\u00f3- \u00e9s h\u00faz\u00f3er\u0151t biztos\u00edtva, ami alkalmas neh\u00e9z terhek \u00e9s \u00f6sszetett feladatok kezel\u00e9s\u00e9re.<\/li>\n<li>K\u00fcl\u00f6nb\u00f6z\u0151 t\u00edpusok: Kaphat\u00f3 egyszeres m\u0171k\u00f6d\u00e9s\u0171 (csak egy ir\u00e1nyban m\u0171k\u00f6d\u0151 hidraulikus nyom\u00e1s) vagy kett\u0151s m\u0171k\u00f6d\u00e9s\u0171 (mindk\u00e9t ir\u00e1nyban m\u0171k\u00f6d\u0151 hidraulikus nyom\u00e1s) hengerekkel a k\u00fcl\u00f6nb\u00f6z\u0151 m\u0171k\u00f6d\u00e9si k\u00f6vetelm\u00e9nyek kiel\u00e9g\u00edt\u00e9s\u00e9re. Egyes modellek teleszk\u00f3posak, \u00edgy nagyobb kiny\u00fal\u00e1st tesznek lehet\u0151v\u00e9 a k\u00fcls\u0151 m\u00e9retek n\u00f6vel\u00e9se n\u00e9lk\u00fcl, \u00edgy alkalmasak korl\u00e1tozott helyig\u00e9ny\u0171 alkalmaz\u00e1sokhoz.<\/li>\n<\/ul>\n<p><img decoding=\"async\" src=\"https:\/\/www.hydraulic-cylinders.net\/wp-content\/uploads\/2025\/01\/songte-cylinder-head-with-all-kinds-excavator-models.webp\" alt=\"V\u00f6d\u00f6rhenger t\u00edpusok\"><\/p>\n<h2>Alkalmaz\u00e1sok<\/h2>\n<p>A v\u00f6d\u00f6rhenger k\u00fcl\u00f6nf\u00e9le berendez\u00e9sekben alkalmazhat\u00f3:<\/p>\n<ul>\n<li>\u00c9p\u00edt\u0151ipari berendez\u00e9sek: Kotr\u00f3g\u00e9pekben tal\u00e1lhat\u00f3k, kulcsfontoss\u00e1g\u00faak az \u00e1s\u00e1shoz, a rakod\u00e1shoz \u00e9s a talaj vagy t\u00f6rmel\u00e9k mozgat\u00e1s\u00e1hoz. A kotr\u00f3g\u00e9p-rakod\u00f3kban a kan\u00e1lhenger seg\u00edti mind a f\u00f6ldmunk\u00e1t, mind az emel\u00e9st.<\/li>\n<li>Mez\u0151gazdas\u00e1gi g\u00e9pek: Homlokrakod\u00f3kban haszn\u00e1lj\u00e1k talaj, sz\u00e9na \u00e9s egy\u00e9b anyagok kotor\u00e1s\u00e1ra, emel\u00e9s\u00e9re \u00e9s sz\u00e1ll\u00edt\u00e1s\u00e1ra.<\/li>\n<li>Kotr\u00f3g\u00e9pek: A kan\u00e1lhenger lehet\u0151v\u00e9 teszi az \u00e1s\u00e1si m\u0171veleteket az\u00e1ltal, hogy lehet\u0151v\u00e9 teszi a kan\u00e1l talajba val\u00f3 behatol\u00e1s\u00e1t.<\/li>\n<li>Rakod\u00f3g\u00e9pek: A homlokrakod\u00f3k hat\u00e9konyan seg\u00edtik a rakom\u00e1ny emel\u00e9s\u00e9t \u00e9s lerak\u00e1s\u00e1t.<\/li>\n<\/ul>\n<h2>Tervez\u00e9si szempontok \u00e9s kiv\u00e1laszt\u00e1si krit\u00e9riumok<\/h2>\n<p>A kan\u00e1lhenger tervez\u00e9si szempontjai \u00e9s kiv\u00e1laszt\u00e1si krit\u00e9riumai tekintet\u00e9ben sz\u00e1mos t\u00e9nyez\u0151 j\u00e1tszik d\u00f6nt\u0151 szerepet:<\/p>\n<ul>\n<li>Teherb\u00edr\u00e1s<\/li>\n<li>T\u00f6m\u00edt\u0151 tulajdons\u00e1gok<\/li>\n<li>Tart\u00f3ss\u00e1g<\/li>\n<li>Biztons\u00e1g<\/li>\n<li>Karbantarthat\u00f3s\u00e1g<\/li>\n<\/ul>\n<p><img decoding=\"async\" src=\"https:\/\/www.hydraulic-cylinders.net\/wp-content\/uploads\/2025\/01\/songte-oil-pipes-and-spare-parts.webp\" alt=\"V\u00f6d\u00f6rhenger tervez\u00e9si szempontjai\"><\/p>\n<h2>T\u00f6m\u00edt\u00e9s \u00e9s ken\u00e9s<\/h2>\n<p>A kan\u00e1lhenger k\u00fcl\u00f6nf\u00e9le t\u00f6m\u00edt\u0151elemeket haszn\u00e1l, p\u00e9ld\u00e1ul dugatty\u00fat\u00f6m\u00edt\u00e9seket \u00e9s r\u00fadt\u00f6m\u00edt\u00e9seket, amelyek kop\u00e1s\u00e1ll\u00f3 anyagokb\u00f3l, p\u00e9ld\u00e1ul poliuret\u00e1nb\u00f3l \u00e9s nitrilgumib\u00f3l k\u00e9sz\u00fclnek. A hengertest \u00e9s a menetes v\u00e9gek finom fel\u00fcletkezel\u00e9sen esnek \u00e1t a kop\u00e1s\u00e1ll\u00f3s\u00e1g fokoz\u00e1sa \u00e9rdek\u00e9ben. Rendszeres ken\u00e9s megfelel\u0151 hidraulikaolajjal sz\u00fcks\u00e9ges.<\/p>\n<h2>Rendszeres ellen\u0151rz\u00e9s \u00e9s megel\u0151z\u0151 karbantart\u00e1s<\/h2>\n<ul>\n<li>A henger ellen\u0151rz\u00e9se kop\u00e1s vagy s\u00e9r\u00fcl\u00e9s jelei szempontj\u00e1b\u00f3l<\/li>\n<li>Megfelel\u0151 ken\u00e9s<\/li>\n<li>T\u00f6m\u00edt\u00e9s csere<\/li>\n<li>Kalibr\u00e1ci\u00f3s ellen\u0151rz\u00e9sek<\/li>\n<\/ul>\n<h2>Helyes term\u00e9ktelep\u00edt\u00e9si \u00fatmutat\u00f3<\/h2>\n<p>A hengerfej megfelel\u0151 beszerel\u00e9se elengedhetetlen:<\/p>\n<ul>\n<li>\u00datmutat\u00e1st ad a henger helyes be\u00e1ll\u00edt\u00e1s\u00e1hoz<\/li>\n<li>A henger r\u00f6gz\u00edt\u00e9s\u00e9hez megfelel\u0151 r\u00f6gz\u00edt\u0151konzolok haszn\u00e1lata javasolt.<\/li>\n<li>Ellen\u0151rz\u00e9si, jav\u00edt\u00e1si \u00e9s csereelj\u00e1r\u00e1sok biztos\u00edt\u00e1sa<\/li>\n<li>Alkatr\u00e9szeket \u00e9s fel\u00faj\u00edt\u00e1si szolg\u00e1ltat\u00e1sokat k\u00edn\u00e1lunk<\/li>\n<\/ul>\n<p><img decoding=\"async\" src=\"https:\/\/www.hydraulic-cylinders.net\/wp-content\/uploads\/2025\/01\/songte-chushion-collar.webp\" alt=\"V\u00f6d\u00f6rhenger telep\u00edt\u00e9si \u00fatmutat\u00f3\"><\/p>\n<h2>Biztons\u00e1gi szempontok \u00e9s k\u00f6rnyezeti t\u00e9nyez\u0151k<\/h2>\n<p>A biztons\u00e1gi int\u00e9zked\u00e9sek fontoss\u00e1ga a v\u00f6d\u00f6rhenger haszn\u00e1latakor a fent eml\u00edtett kulcsszavak figyelembev\u00e9tel\u00e9vel.<\/p>\n<h2>Hibaelh\u00e1r\u00edt\u00e1s \u00e9s gyakori probl\u00e9m\u00e1k<\/h2>\n<p>Hibadiagnosztika \u00e9s a kan\u00e1lhengerrel kapcsolatos gyakori probl\u00e9m\u00e1k:<\/p>\n<ul>\n<li>Hibaelh\u00e1r\u00edt\u00e1si tippek \u00e9s megold\u00e1sok biztos\u00edt\u00e1sa<\/li>\n<li>Megel\u0151z\u0151 int\u00e9zked\u00e9sek javaslata a lehets\u00e9ges probl\u00e9m\u00e1k minimaliz\u00e1l\u00e1sa \u00e9rdek\u00e9ben<\/li>\n<\/ul>\n<p><img decoding=\"async\" src=\"https:\/\/www.hydraulic-cylinders.net\/wp-content\/uploads\/2025\/01\/songte-bushings-with-all-kinds-of-excavator-models.webp\" alt=\"Kan\u00e1lhenger hibaelh\u00e1r\u00edt\u00e1sa\"><\/p>\n<p>Ne felejtsd el logikusan fel\u00e9p\u00edteni a cikket, haszn\u00e1lj alc\u00edmeket a k\u00f6nny\u0171 navig\u00e1ci\u00f3 \u00e9rdek\u00e9ben, \u00e9p\u00edts be relev\u00e1ns k\u00e9peket vagy diagramokat a jobb meg\u00e9rt\u00e9s \u00e9rdek\u00e9ben, \u00e9s \u00fcgyelj a tartalom \u00e9rthet\u0151s\u00e9g\u00e9re, t\u00f6m\u00f6rs\u00e9g\u00e9re \u00e9s a k\u00fcl\u00f6nb\u00f6z\u0151 szint\u0171 technikai tud\u00e1ssal rendelkez\u0151 olvas\u00f3k sz\u00e1m\u00e1ra val\u00f3 alkalmass\u00e1g\u00e1ra.<\/p>\n<h2>C\u00e9g\u00fcnkr\u0151l<\/h2>\n<p>Hidraulikus munkahengerek gy\u00e1rt\u00f3jak\u00e9nt, valamint a hazai \u00e9s nemzetk\u00f6zi piacok egyik vezet\u0151 gy\u00e1rt\u00f3ja \u00e9s nagykereskedelmi forgalmaz\u00f3jak\u00e9nt m\u0171k\u00f6d\u00fcnk. C\u00e9g\u00fcnk az ipari termel\u00e9sir\u00e1ny\u00edt\u00e1s strat\u00e9gi\u00e1j\u00e1t k\u00f6veti, amely a kiv\u00e1l\u00f3 min\u0151s\u00e9gen alapul, \u00e9s fejlett gy\u00e1rt\u00f3berendez\u00e9sekre, professzion\u00e1lis tesztel\u0151rendszerekre \u00e9s m\u0171szaki tehets\u00e9gre t\u00e1maszkodik. Folyamatosan fejlesztj\u00fck gy\u00e1rt\u00e1si platformunkat \u00e9s term\u00e9kmin\u0151s\u00e9gi termel\u00e9si \u00fatvonalainkat, hat\u00e9kony, prec\u00edz \u00e9s kiv\u00e1l\u00f3 min\u0151s\u00e9g\u0171 megold\u00e1sokat k\u00edn\u00e1lva \u00fcgyfeleink v\u00e1ltozatos ig\u00e9nyeinek kiel\u00e9g\u00edt\u00e9s\u00e9re.<\/p>\n<p><img decoding=\"async\" src=\"https:\/\/www.hydraulic-cylinders.net\/wp-content\/uploads\/2025\/01\/songte-company-3.webp\" alt=\"C\u00e9ginform\u00e1ci\u00f3\"><\/p>\n<p>Tov\u00e1bb\u00e1 professzionalizmust, nemzetk\u00f6zi tan\u00fas\u00edtv\u00e1nyokat, egyedi szolg\u00e1ltat\u00e1sokat, korszer\u0171 gy\u00e1rt\u00f3berendez\u00e9seket \u00e9s \u00e1tfog\u00f3 \u00e9rt\u00e9kes\u00edt\u00e9s ut\u00e1ni szolg\u00e1ltat\u00e1sokat k\u00edn\u00e1lunk. <\/p>\n<p>Szerz\u0151: lyl<\/p>","protected":false},"excerpt":{"rendered":"<p>Bucket Cylinder For Bonny WZYQ42-6 Introduction The bucket cylinder is a specially designed hydraulic cylinder that is primarily used to control the movement of the bucket in heavy machinery such as excavators, backhoe loaders, and front loaders. Its main function is to enable the bucket to lift, lower, and tilt, making it convenient for various [&hellip;]<\/p>","protected":false},"featured_media":14761,"comment_status":"open","ping_status":"closed","template":"","meta":{"_et_pb_use_builder":"","_et_pb_old_content":"","_et_gb_content_width":""},"product_brand":[],"product_cat":[1494],"product_tag":[1495,1496],"class_list":{"0":"post-15926","1":"product","2":"type-product","3":"status-publish","4":"has-post-thumbnail","6":"product_cat-bucket-cylinders","7":"product_tag-bucket-cylinders","8":"product_tag-hydraulic-cylinders","10":"first","11":"instock","12":"shipping-taxable","13":"product-type-simple"},"amp_enabled":true,"_links":{"self":[{"href":"https:\/\/www.hydraulic-cylinders.net\/hu\/wp-json\/wp\/v2\/product\/15926","targetHints":{"allow":["GET"]}}],"collection":[{"href":"https:\/\/www.hydraulic-cylinders.net\/hu\/wp-json\/wp\/v2\/product"}],"about":[{"href":"https:\/\/www.hydraulic-cylinders.net\/hu\/wp-json\/wp\/v2\/types\/product"}],"replies":[{"embeddable":true,"href":"https:\/\/www.hydraulic-cylinders.net\/hu\/wp-json\/wp\/v2\/comments?post=15926"}],"wp:featuredmedia":[{"embeddable":true,"href":"https:\/\/www.hydraulic-cylinders.net\/hu\/wp-json\/wp\/v2\/media\/14761"}],"wp:attachment":[{"href":"https:\/\/www.hydraulic-cylinders.net\/hu\/wp-json\/wp\/v2\/media?parent=15926"}],"wp:term":[{"taxonomy":"product_brand","embeddable":true,"href":"https:\/\/www.hydraulic-cylinders.net\/hu\/wp-json\/wp\/v2\/product_brand?post=15926"},{"taxonomy":"product_cat","embeddable":true,"href":"https:\/\/www.hydraulic-cylinders.net\/hu\/wp-json\/wp\/v2\/product_cat?post=15926"},{"taxonomy":"product_tag","embeddable":true,"href":"https:\/\/www.hydraulic-cylinders.net\/hu\/wp-json\/wp\/v2\/product_tag?post=15926"}],"curies":[{"name":"munkaf\u00fczet","href":"https:\/\/api.w.org\/{rel}","templated":true}]}}