{"id":15934,"date":"2025-01-19T15:11:09","date_gmt":"2025-01-19T15:11:09","guid":{"rendered":"https:\/\/www.hydraulic-cylinders.net\/product\/bucket-cylinder-for-bonny-ced1250-7\/"},"modified":"2025-01-19T15:11:15","modified_gmt":"2025-01-19T15:11:15","slug":"bucket-cylinder-for-bonny-ced1250-7","status":"publish","type":"product","link":"https:\/\/www.hydraulic-cylinders.net\/hu\/termek\/bucket-cylinder-for-bonny-ced1250-7\/","title":{"rendered":"V\u00f6d\u00f6rhenger Bonny CED1250-7-hez"},"content":{"rendered":"<h2>V\u00f6d\u00f6rhenger Bonny CED1250-7-hez<\/h2>\n<p>A Bonny CED1250-7 kan\u00e1lhengere egy speci\u00e1lis hidraulikus henger, amelyet neh\u00e9zg\u00e9pek, p\u00e9ld\u00e1ul kotr\u00f3g\u00e9pek, kotr\u00f3rakod\u00f3k \u00e9s homlokrakod\u00f3k kan\u00e1lmozg\u00e1s\u00e1nak vez\u00e9rl\u00e9s\u00e9re terveztek. F\u0151 funkci\u00f3ja a kan\u00e1l emel\u00e9se, s\u00fcllyeszt\u00e9se \u00e9s billent\u00e9se, megk\u00f6nny\u00edtve a k\u00fcl\u00f6nf\u00e9le anyagmozgat\u00e1si feladatokat. Egy hidraulikus rendszerben a kan\u00e1lhenger a hidraulikaolaj nyom\u00e1s\u00e1nak v\u00e1ltoztat\u00e1s\u00e1val \u00e9ri el a kan\u00e1l pontos vez\u00e9rl\u00e9s\u00e9t, lehet\u0151v\u00e9 t\u00e9ve a kezel\u0151k sz\u00e1m\u00e1ra, hogy hat\u00e9konyan kezelj\u00e9k a neh\u00e9z terheket, \u00e9s alkalmazkodjanak az \u00f6sszetett munkak\u00f6rnyezetekhez \u00e9s a v\u00e1ltozatos munkak\u00f6vetelm\u00e9nyekhez.<\/p>\n<p><img decoding=\"async\" src=\"https:\/\/www.hydraulic-cylinders.net\/wp-content\/uploads\/2025\/01\/songte-company-2.webp\"><\/p>\n<h3>A v\u00f6d\u00f6rhenger jellemz\u0151i:<\/h3>\n<ol>\n<li><strong>Nagy szil\u00e1rds\u00e1g \u00e9s tart\u00f3ss\u00e1g:<\/strong> \u00c1ltal\u00e1ban nagy szil\u00e1rds\u00e1g\u00fa ac\u00e9lb\u00f3l vagy alum\u00edniumb\u00f3l k\u00e9sz\u00fcl, \u00edgy ellen\u00e1ll a nagy nyom\u00e1snak \u00e9s a nagy terhel\u00e9seknek, alkalmazkodva a zord munkak\u00f6rnyezethez. A kialak\u00edt\u00e1s sor\u00e1n figyelembe vett\u00e9k a kop\u00e1s\u00e1ll\u00f3s\u00e1got \u00e9s a korr\u00f3zi\u00f3\u00e1ll\u00f3s\u00e1got, meghosszabb\u00edtva az \u00e9lettartamot.<\/li>\n<li><strong>Hat\u00e9kony hidraulikus m\u0171k\u00f6dtet\u00e9s:<\/strong> A hidraulikaolaj nyom\u00e1s\u00e1t kihaszn\u00e1lva sima kiny\u00fal\u00e1si \u00e9s \u00f6sszeh\u00faz\u00e1si mozg\u00e1sokat \u00e9r el, gyorsan reag\u00e1l a vez\u00e9rl\u0151parancsokra, \u00e9s er\u0151teljes tol\u00f3- \u00e9s h\u00faz\u00f3er\u0151t biztos\u00edt, \u00edgy alkalmas neh\u00e9z terhek \u00e9s \u00f6sszetett feladatok kezel\u00e9s\u00e9re.<\/li>\n<li><strong>K\u00fcl\u00f6nb\u00f6z\u0151 t\u00edpusok:<\/strong> Kaphat\u00f3 egyszeres m\u0171k\u00f6d\u00e9s\u0171 (csak egy ir\u00e1nyban hidraulikusan m\u0171k\u00f6dtetett) vagy kett\u0151s m\u0171k\u00f6d\u00e9s\u0171 (mindk\u00e9t ir\u00e1nyban hidraulikusan m\u0171k\u00f6dtetett) hengerekkel a k\u00fcl\u00f6nb\u00f6z\u0151 m\u0171k\u00f6d\u00e9si k\u00f6vetelm\u00e9nyek kiel\u00e9g\u00edt\u00e9se \u00e9rdek\u00e9ben. Egyes modellek teleszk\u00f3posak, \u00edgy nagyobb kiny\u00fal\u00e1st tesznek lehet\u0151v\u00e9 a k\u00fcls\u0151 m\u00e9retek n\u00f6vel\u00e9se n\u00e9lk\u00fcl, \u00edgy alkalmasak korl\u00e1tozott helyig\u00e9ny\u0171 alkalmaz\u00e1sokhoz.<\/li>\n<li><strong>T\u00f6k\u00e9letes csere:<\/strong> Term\u00e9k\u00fcnk t\u00f6k\u00e9letesen helyettes\u00edtheti ezeket a hidraulikus hengereket. <\/li>\n<\/ol>\n<p><img decoding=\"async\" src=\"https:\/\/www.hydraulic-cylinders.net\/wp-content\/uploads\/2025\/01\/songte-cylinder-head-with-all-kinds-excavator-models.webp\"><\/p>\n<h3>A v\u00f6d\u00f6rhenger alkalmaz\u00e1sai:<\/h3>\n<p>A v\u00f6d\u00f6rhenger k\u00fcl\u00f6nf\u00e9le berendez\u00e9sekben alkalmazhat\u00f3, t\u00f6bbek k\u00f6z\u00f6tt:<\/p>\n<ol>\n<li><strong>\u00c9p\u00edt\u0151ipari berendez\u00e9sek:<\/strong> Kotr\u00f3g\u00e9pekben tal\u00e1lhat\u00f3k, \u00e9s kulcsfontoss\u00e1g\u00faak a f\u00f6ldmunk\u00e1k, a rakod\u00e1s \u00e9s a talaj vagy t\u00f6rmel\u00e9k mozgat\u00e1sa sor\u00e1n. A kotr\u00f3g\u00e9p-rakod\u00f3kban a kan\u00e1lhenger mind az \u00e1s\u00e1st, mind az emel\u00e9st seg\u00edti.<\/li>\n<li><strong>Mez\u0151gazdas\u00e1gi g\u00e9pek:<\/strong> Homlokrakod\u00f3kban haszn\u00e1lj\u00e1k talaj, sz\u00e9na \u00e9s egy\u00e9b anyagok mer\u00e9s\u00e9re, emel\u00e9s\u00e9re \u00e9s sz\u00e1ll\u00edt\u00e1s\u00e1ra.<\/li>\n<li><strong>Kotr\u00f3g\u00e9pek:<\/strong> A kan\u00e1lhenger lehet\u0151v\u00e9 teszi a f\u00f6ldmunk\u00e1kat az\u00e1ltal, hogy lehet\u0151v\u00e9 teszi a kan\u00e1l talajba val\u00f3 behatol\u00e1s\u00e1t.<\/li>\n<li><strong>Homlokrakod\u00f3k:<\/strong> A homlokrakod\u00f3kban hat\u00e9konyan seg\u00edtik az \u00e1ruk emel\u00e9s\u00e9t \u00e9s billent\u00e9s\u00e9t.<\/li>\n<\/ol>\n<h3>Tervez\u00e9si szempontok \u00e9s kiv\u00e1laszt\u00e1si krit\u00e9riumok:<\/h3>\n<p>A hengeres v\u00f6d\u00f6r tervez\u00e9sekor sz\u00e1mos t\u00e9nyez\u0151t \u00e9s kiv\u00e1laszt\u00e1si krit\u00e9riumot vesznek figyelembe:<\/p>\n<ol>\n<li><strong>Teherb\u00edr\u00e1s:<\/strong> A hengert \u00fagy tervezt\u00e9k, hogy ellen\u00e1lljon a tervezett terhel\u00e9snek \u00e9s \u00fczemi k\u00f6r\u00fclm\u00e9nyeknek.<\/li>\n<li><strong>T\u00f6m\u00edt\u00e9s:<\/strong> K\u00fcl\u00f6nb\u00f6z\u0151 t\u00f6m\u00edt\u0151elemeket, p\u00e9ld\u00e1ul dugatty\u00fat\u00f6m\u00edt\u00e9seket \u00e9s r\u00fadt\u00f6m\u00edt\u00e9seket haszn\u00e1lnak a megfelel\u0151 t\u00f6m\u00edt\u00e9s biztos\u00edt\u00e1s\u00e1ra \u00e9s az olajsziv\u00e1rg\u00e1s megakad\u00e1lyoz\u00e1s\u00e1ra.<\/li>\n<li><strong>Tart\u00f3ss\u00e1g:<\/strong> A henger \u00fagy van kialak\u00edtva, hogy ellen\u00e1lljon a v\u00e1rhat\u00f3 kop\u00e1snak \u00e9s elhaszn\u00e1l\u00f3d\u00e1snak az \u00fczem sor\u00e1n.<\/li>\n<li><strong>Biztons\u00e1g:<\/strong> Biztons\u00e1gi funkci\u00f3k vannak be\u00e9p\u00edtve a balesetek megel\u0151z\u00e9se \u00e9s a kezel\u0151 v\u00e9delme \u00e9rdek\u00e9ben.<\/li>\n<li><strong>Karbantarthat\u00f3s\u00e1g:<\/strong> A henger kialak\u00edt\u00e1sa egyszer\u0171 karbantart\u00e1st \u00e9s jav\u00edt\u00e1st tesz lehet\u0151v\u00e9, minimaliz\u00e1lva az \u00e1ll\u00e1sid\u0151t.<\/li>\n<\/ol>\n<p><img decoding=\"async\" src=\"https:\/\/www.hydraulic-cylinders.net\/wp-content\/uploads\/2025\/01\/songte-oil-pipes-and-spare-parts.webp\"><\/p>\n<h3>T\u00f6m\u00edt\u00e9s \u00e9s ken\u00e9s:<\/h3>\n<p>A serleghenger k\u00fcl\u00f6nf\u00e9le t\u00f6m\u00edt\u0151elemeket tartalmaz, p\u00e9ld\u00e1ul dugatty\u00fat\u00f6m\u00edt\u00e9seket \u00e9s r\u00fadt\u00f6m\u00edt\u00e9seket, amelyek kop\u00e1s\u00e1ll\u00f3 anyagokb\u00f3l, p\u00e9ld\u00e1ul poliuret\u00e1nb\u00f3l \u00e9s nitrilgumib\u00f3l k\u00e9sz\u00fclnek. A hengertest \u00e9s a menetes v\u00e9gek prec\u00edz megmunk\u00e1l\u00e1son esnek \u00e1t a kop\u00e1s\u00e1ll\u00f3s\u00e1g fokoz\u00e1sa \u00e9rdek\u00e9ben. A z\u00f6kken\u0151mentes m\u0171k\u00f6d\u00e9s biztos\u00edt\u00e1s\u00e1hoz rendszeres ken\u00e9s sz\u00fcks\u00e9ges a megfelel\u0151 mennyis\u00e9g\u0171 hidraulikaolajjal.<\/p>\n<h3>Rendszeres ellen\u0151rz\u00e9s \u00e9s megel\u0151z\u0151 karbantart\u00e1s:<\/h3>\n<p>A serleghenger hossz\u00fa \u00e9lettartam\u00e1nak \u00e9s teljes\u00edtm\u00e9ny\u00e9nek biztos\u00edt\u00e1sa \u00e9rdek\u00e9ben rendszeres ellen\u0151rz\u00e9st \u00e9s megel\u0151z\u0151 karbantart\u00e1si int\u00e9zked\u00e9seket javasolunk. Ez mag\u00e1ban foglalja:<\/p>\n<ol>\n<li>Rendszeresen ellen\u0151rizze a s\u00e9r\u00fcl\u00e9s vagy kop\u00e1s jeleit.<\/li>\n<li>Megfelel\u0151 ken\u00e9s alkalmaz\u00e1sa.<\/li>\n<li>T\u00f6m\u00edt\u00e9sek cser\u00e9je sz\u00fcks\u00e9g eset\u00e9n.<\/li>\n<li>Kalibr\u00e1ci\u00f3s ellen\u0151rz\u00e9sek elv\u00e9gz\u00e9se.<\/li>\n<\/ol>\n<h3>Helyes telep\u00edt\u00e9si \u00fatmutat\u00f3:<\/h3>\n<p>A hengerfej megfelel\u0151 telep\u00edt\u00e9s\u00e9hez k\u00f6vesse az al\u00e1bbi l\u00e9p\u00e9seket:<\/p>\n<ol>\n<li>A beszerel\u00e9s sor\u00e1n a hengert megfelel\u0151en igaz\u00edtsa be.<\/li>\n<li>Haszn\u00e1ljon megfelel\u0151 r\u00f6gz\u00edt\u0151konzolokat a henger r\u00f6gz\u00edt\u00e9s\u00e9hez.<\/li>\n<\/ol>\n<p><img decoding=\"async\" src=\"https:\/\/www.hydraulic-cylinders.net\/wp-content\/uploads\/2025\/01\/songte-chushion-collar.webp\"><\/p>\n<h3>Biztons\u00e1gi szempontok \u00e9s k\u00f6rnyezeti t\u00e9nyez\u0151k:<\/h3>\n<p>A serleghenger haszn\u00e1latakor fontos betartani a biztons\u00e1gi int\u00e9zked\u00e9seket a balesetek megel\u0151z\u00e9se \u00e9s a biztons\u00e1gos munkak\u00f6rnyezet biztos\u00edt\u00e1sa \u00e9rdek\u00e9ben.<\/p>\n<h3>Hibadiagn\u00f3zis \u00e9s gyakori probl\u00e9m\u00e1k:<\/h3>\n<p>A kan\u00e1lhengerrel kapcsolatos gyakori hib\u00e1k \u00e9s probl\u00e9m\u00e1k a k\u00f6vetkez\u0151k:<\/p>\n<ol>\n<li>Hidraulikaolaj sziv\u00e1rg\u00e1sa.<\/li>\n<li>Cs\u00f6kkent teljes\u00edtm\u00e9ny vagy a v\u00e1lasz hi\u00e1nya.<\/li>\n<li>Rendellenes zaj m\u0171k\u00f6d\u00e9s k\u00f6zben.<\/li>\n<\/ol>\n<p>A probl\u00e9m\u00e1k elh\u00e1r\u00edt\u00e1s\u00e1hoz \u00e9s megold\u00e1s\u00e1hoz tekintse meg az al\u00e1bbi tippeket \u00e9s megold\u00e1sokat:<\/p>\n<h3>Karbantart\u00e1si feladatok:<\/h3>\n<p>A serleghenger gyakori karbantart\u00e1si feladatai k\u00f6z\u00e9 tartozik a rendszeres ellen\u0151rz\u00e9s, a megfelel\u0151 ken\u00e9s, a t\u00f6m\u00edt\u00e9sek cser\u00e9je \u00e9s a kalibr\u00e1ci\u00f3s ellen\u0151rz\u00e9sek. Hangs\u00falyozza a helyes beszerel\u00e9s, ken\u00e9s \u00e9s be\u00e1ll\u00edt\u00e1s fontoss\u00e1g\u00e1t. Adjon \u00fatmutat\u00e1st a henger be\u00e1ll\u00edt\u00e1s\u00e1hoz a telep\u00edt\u00e9s sor\u00e1n, \u00e9s javasolja a megfelel\u0151 r\u00f6gz\u00edt\u0151konzolok haszn\u00e1lat\u00e1t a henger r\u00f6gz\u00edt\u00e9s\u00e9hez. Javasolja az aj\u00e1nlott ellen\u0151rz\u00e9si, jav\u00edt\u00e1si \u00e9s csere elj\u00e1r\u00e1sokat, valamint tippeket adjon a serleghenger \u00e9lettartam\u00e1nak meghosszabb\u00edt\u00e1s\u00e1ra.<\/p>\n<p><img decoding=\"async\" src=\"https:\/\/www.hydraulic-cylinders.net\/wp-content\/uploads\/2025\/01\/songte-bushings-with-all-kinds-of-excavator-models.webp\"><\/p>\n<p>Ne felejtsd el logikusan fel\u00e9p\u00edteni a cikket, haszn\u00e1lj alc\u00edmeket a k\u00f6nny\u0171 navig\u00e1ci\u00f3 \u00e9rdek\u00e9ben, \u00e9p\u00edts be relev\u00e1ns k\u00e9peket vagy diagramokat a jobb meg\u00e9rt\u00e9s \u00e9rdek\u00e9ben, \u00e9s \u00fcgyelj arra, hogy a tartalom vil\u00e1gos, t\u00f6m\u00f6r \u00e9s k\u00fcl\u00f6nb\u00f6z\u0151 szint\u0171 technikai tud\u00e1ssal rendelkez\u0151 olvas\u00f3k sz\u00e1m\u00e1ra is megfelel\u0151 legyen.<\/p>\n<h2>C\u00e9g\u00fcnkr\u0151l<\/h2>\n<p>Hidraulikus munkahengerek gy\u00e1rt\u00f3jak\u00e9nt, valamint a hazai \u00e9s nemzetk\u00f6zi piacok egyik vezet\u0151 gy\u00e1rt\u00f3ja \u00e9s nagykereskedelmi forgalmaz\u00f3jak\u00e9nt m\u0171k\u00f6d\u00fcnk. C\u00e9g\u00fcnk a kiv\u00e1l\u00f3 min\u0151s\u00e9g alapelveit k\u00f6veti, ipari termel\u00e9sir\u00e1ny\u00edt\u00e1si strat\u00e9gi\u00e1kra t\u00e1maszkodva, j\u00f3l felszerelt gy\u00e1rt\u00f3m\u0171helyeinkben. M\u0171szaki tehets\u00e9g\u00fcnk, cs\u00facskateg\u00f3ri\u00e1s digit\u00e1lis gy\u00e1rt\u00f3berendez\u00e9seink \u00e9s professzion\u00e1lis tesztel\u0151rendszereink seg\u00edts\u00e9g\u00e9vel folyamatosan fejlesztj\u00fck gy\u00e1rt\u00e1si platformunkat \u00e9s t\u00f6k\u00e9letes\u00edtj\u00fck a gy\u00e1rt\u00e1si folyamatot a term\u00e9kmin\u0151s\u00e9g \u00e9rdek\u00e9ben. Er\u0151s kreat\u00edv k\u00e9pess\u00e9gekkel rendelkez\u00fcnk, \u00e9s c\u00e9lunk, hogy nagy hat\u00e9konys\u00e1ggal, nagy pontoss\u00e1ggal \u00e9s magas min\u0151s\u00e9gi elvekkel el\u00e9g\u00edts\u00fck ki az \u00fcgyfelek soksz\u00edn\u0171 ig\u00e9nyeit.<\/p>\n<p><img decoding=\"async\" src=\"https:\/\/hzpt.com\/wp-content\/uploads\/2024\/11\/songte-company-1.webp\"><\/p>\n<h3>C\u00e9g\u00fcnk kiemelt jellemz\u0151i:<\/h3>\n<ol>\n<li>Szakmaiass\u00e1g<\/li>\n<li>Nemzetk\u00f6zi tan\u00fas\u00edtv\u00e1nyok<\/li>\n<li>Testreszab\u00e1si szolg\u00e1ltat\u00e1sok<\/li>\n<li>Korszer\u0171 gy\u00e1rt\u00f3berendez\u00e9sek<\/li>\n<li>\u00c9rt\u00e9kes\u00edt\u00e9s ut\u00e1ni szolg\u00e1ltat\u00e1sok<\/li>\n<\/ol>\n<p><img decoding=\"async\" src=\"https:\/\/www.hydraulic-cylinders.net\/wp-content\/uploads\/2025\/01\/songte-company-3.webp\"><\/p>\n<p>Szerz\u0151: lyl<\/p>","protected":false},"excerpt":{"rendered":"<p>Bucket Cylinder For Bonny CED1250-7 The Bucket Cylinder for Bonny CED1250-7 is a specialized hydraulic cylinder designed for controlling the movement of the bucket in heavy machinery such as excavators, backhoe loaders, and front-end loaders. Its main function is to enable the lifting, lowering, and tilting of the bucket, facilitating various material handling tasks. In [&hellip;]<\/p>","protected":false},"featured_media":14778,"comment_status":"open","ping_status":"closed","template":"","meta":{"_et_pb_use_builder":"","_et_pb_old_content":"","_et_gb_content_width":""},"product_brand":[],"product_cat":[1494],"product_tag":[1495,1496],"class_list":{"0":"post-15934","1":"product","2":"type-product","3":"status-publish","4":"has-post-thumbnail","6":"product_cat-bucket-cylinders","7":"product_tag-bucket-cylinders","8":"product_tag-hydraulic-cylinders","10":"first","11":"instock","12":"shipping-taxable","13":"product-type-simple"},"amp_enabled":true,"_links":{"self":[{"href":"https:\/\/www.hydraulic-cylinders.net\/hu\/wp-json\/wp\/v2\/product\/15934","targetHints":{"allow":["GET"]}}],"collection":[{"href":"https:\/\/www.hydraulic-cylinders.net\/hu\/wp-json\/wp\/v2\/product"}],"about":[{"href":"https:\/\/www.hydraulic-cylinders.net\/hu\/wp-json\/wp\/v2\/types\/product"}],"replies":[{"embeddable":true,"href":"https:\/\/www.hydraulic-cylinders.net\/hu\/wp-json\/wp\/v2\/comments?post=15934"}],"wp:featuredmedia":[{"embeddable":true,"href":"https:\/\/www.hydraulic-cylinders.net\/hu\/wp-json\/wp\/v2\/media\/14778"}],"wp:attachment":[{"href":"https:\/\/www.hydraulic-cylinders.net\/hu\/wp-json\/wp\/v2\/media?parent=15934"}],"wp:term":[{"taxonomy":"product_brand","embeddable":true,"href":"https:\/\/www.hydraulic-cylinders.net\/hu\/wp-json\/wp\/v2\/product_brand?post=15934"},{"taxonomy":"product_cat","embeddable":true,"href":"https:\/\/www.hydraulic-cylinders.net\/hu\/wp-json\/wp\/v2\/product_cat?post=15934"},{"taxonomy":"product_tag","embeddable":true,"href":"https:\/\/www.hydraulic-cylinders.net\/hu\/wp-json\/wp\/v2\/product_tag?post=15934"}],"curies":[{"name":"munkaf\u00fczet","href":"https:\/\/api.w.org\/{rel}","templated":true}]}}