{"id":15936,"date":"2025-01-19T15:11:22","date_gmt":"2025-01-19T15:11:22","guid":{"rendered":"https:\/\/www.hydraulic-cylinders.net\/product\/bucket-cylinder-for-bonny-wzy42-7\/"},"modified":"2025-01-19T15:11:24","modified_gmt":"2025-01-19T15:11:24","slug":"bucket-cylinder-for-bonny-wzy42-7","status":"publish","type":"product","link":"https:\/\/www.hydraulic-cylinders.net\/hu\/termek\/bucket-cylinder-for-bonny-wzy42-7\/","title":{"rendered":"V\u00f6d\u00f6rhenger Bonny WZY42-7-hez"},"content":{"rendered":"<p><!DOCTYPE html><br \/>\n<html><br \/>\n<head><br \/>\n<title>V\u00f6d\u00f6rhenger Bonny WZY42-7-hez<\/title><br \/>\n<\/head><br \/>\n<body><\/p>\n<h1>V\u00f6d\u00f6rhenger Bonny WZY42-7-hez<\/h1>\n<h2>Bevezet\u00e9s a v\u00f6d\u00f6rhengerbe<\/h2>\n<p>A kan\u00e1lhenger egy speci\u00e1lisan tervezett hidraulikus henger, amelyet a kan\u00e1l mozg\u00e1s\u00e1nak vez\u00e9rl\u00e9s\u00e9re haszn\u00e1lnak neh\u00e9zg\u00e9pekben, p\u00e9ld\u00e1ul kotr\u00f3g\u00e9pekben, kotr\u00f3rakod\u00f3kban \u00e9s homlokrakod\u00f3kban. F\u0151 funkci\u00f3ja a kan\u00e1l emel\u00e9s\u00e9nek, s\u00fcllyeszt\u00e9s\u00e9nek \u00e9s billent\u00e9s\u00e9nek lehet\u0151v\u00e9 t\u00e9tele, megk\u00f6nny\u00edtve a k\u00fcl\u00f6nf\u00e9le anyagmozgat\u00e1si feladatokat. Egy hidraulikus rendszerben a kan\u00e1lhenger a hidraulikaolaj nyom\u00e1s\u00e1nak v\u00e1ltoztat\u00e1s\u00e1val \u00e9ri el a kan\u00e1l pontos vez\u00e9rl\u00e9s\u00e9t, lehet\u0151v\u00e9 t\u00e9ve a kezel\u0151k sz\u00e1m\u00e1ra, hogy hat\u00e9konyan kezelj\u00e9k a neh\u00e9z terheket, \u00e9s alkalmazkodjanak az \u00f6sszetett munkak\u00f6rnyezetekhez \u00e9s a v\u00e1ltozatos munkak\u00f6vetelm\u00e9nyekhez.<\/p>\n<p><img decoding=\"async\" src=\"https:\/\/www.hydraulic-cylinders.net\/wp-content\/uploads\/2025\/01\/songte-company-2.webp\" alt=\"V\u00f6d\u00f6r henger k\u00e9pe\"><\/p>\n<h2>A v\u00f6d\u00f6rhenger jellemz\u0151i<\/h2>\n<ul>\n<li><strong>Nagy szil\u00e1rds\u00e1g \u00e9s tart\u00f3ss\u00e1g:<\/strong> \u00c1ltal\u00e1ban nagy szil\u00e1rds\u00e1g\u00fa ac\u00e9lb\u00f3l vagy alum\u00edniumb\u00f3l k\u00e9sz\u00fcl, \u00edgy ellen\u00e1ll a nagy nyom\u00e1snak \u00e9s a nagy terhel\u00e9seknek, alkalmazkodva a zord munkak\u00f6r\u00fclm\u00e9nyekhez. A kialak\u00edt\u00e1s sor\u00e1n figyelembe vett\u00e9k a kop\u00e1s\u00e1ll\u00f3s\u00e1got \u00e9s a korr\u00f3zi\u00f3\u00e1ll\u00f3s\u00e1got, meghosszabb\u00edtva \u00e9lettartam\u00e1t.<\/li>\n<li><strong>Hat\u00e9kony hidraulikus m\u0171k\u00f6dtet\u00e9s:<\/strong> A hidraulikaolaj nyom\u00e1s\u00e1nak kihaszn\u00e1l\u00e1s\u00e1val sima kitol\u00e1si \u00e9s visszah\u00faz\u00e1si m\u0171veleteket \u00e9r el, gyorsan reag\u00e1l a vez\u00e9rl\u0151parancsokra, er\u0151teljes tol\u00f3- \u00e9s h\u00faz\u00f3er\u0151t biztos\u00edt, \u00e9s alkalmas neh\u00e9z terhek \u00e9s \u00f6sszetett munkafeladatok kezel\u00e9s\u00e9re.<\/li>\n<li><strong>K\u00fcl\u00f6nb\u00f6z\u0151 t\u00edpusok:<\/strong> A kan\u00e1lhengerek v\u00e1laszthat\u00f3k egyszeres m\u0171k\u00f6d\u00e9s\u0171 (csak egy ir\u00e1nyban m\u0171k\u00f6d\u0151 hidraulikus er\u0151) vagy kett\u0151s m\u0171k\u00f6d\u00e9s\u0171 (mindk\u00e9t ir\u00e1nyban m\u0171k\u00f6d\u0151 hidraulikus er\u0151) hengerekk\u00e9nt, az \u00fczemi k\u00f6vetelm\u00e9nyekt\u0151l f\u00fcgg\u0151en. Egyes modellek teleszk\u00f3posak, \u00edgy nagyobb kiny\u00fal\u00e1st tesznek lehet\u0151v\u00e9 a k\u00fcls\u0151 m\u00e9retek n\u00f6vel\u00e9se n\u00e9lk\u00fcl, \u00edgy alkalmasak korl\u00e1tozott helyig\u00e9ny\u0171 alkalmaz\u00e1sokhoz.<\/li>\n<li><strong>T\u00f6k\u00e9letes cserelehet\u0151s\u00e9g:<\/strong> Term\u00e9keink t\u00f6k\u00e9letesen helyettes\u00edthetik ezeket a hidraulikus hengereket.<\/li>\n<\/ul>\n<p><img decoding=\"async\" src=\"https:\/\/www.hydraulic-cylinders.net\/wp-content\/uploads\/2025\/01\/songte-cylinder-head-with-all-kinds-excavator-models.webp\" alt=\"V\u00f6d\u00f6rhenger csere k\u00e9p\"><\/p>\n<h2>A v\u00f6d\u00f6rhenger alkalmaz\u00e1sai<\/h2>\n<ul>\n<li><strong>\u00c9p\u00edt\u0151ipari berendez\u00e9sek:<\/strong> Kotr\u00f3g\u00e9pekben tal\u00e1lhat\u00f3k, elengedhetetlenek a f\u00f6ldmunk\u00e1khoz, rakod\u00e1shoz \u00e9s a talaj vagy t\u00f6rmel\u00e9k mozgat\u00e1s\u00e1hoz. A kotr\u00f3g\u00e9p-rakod\u00f3kban a kan\u00e1lhenger mind az \u00e1s\u00e1st, mind az emel\u00e9st seg\u00edti.<\/li>\n<li><strong>Mez\u0151gazdas\u00e1gi g\u00e9pek:<\/strong> Homlokrakod\u00f3kban haszn\u00e1lj\u00e1k talaj, sz\u00e9na \u00e9s egy\u00e9b anyagok mer\u00e9s\u00e9re, emel\u00e9s\u00e9re \u00e9s sz\u00e1ll\u00edt\u00e1s\u00e1ra.<\/li>\n<li><strong>Kotr\u00f3g\u00e9pek:<\/strong> A kan\u00e1lhenger lehet\u0151v\u00e9 teszi az \u00e1s\u00e1si m\u0171veleteket az\u00e1ltal, hogy lehet\u0151v\u00e9 teszi a kan\u00e1l talajba hatol\u00e1s\u00e1t.<\/li>\n<li><strong>Homlokrakod\u00f3k:<\/strong> A homlokrakod\u00f3kban hat\u00e9konyan seg\u00edtik az \u00e1ruk emel\u00e9s\u00e9t \u00e9s billent\u00e9s\u00e9t.<\/li>\n<\/ul>\n<h2>Tervez\u00e9si szempontok \u00e9s kiv\u00e1laszt\u00e1si krit\u00e9riumok<\/h2>\n<ul>\n<li><strong>Teherb\u00edr\u00e1s:<\/strong> Besz\u00e9lj\u00e9tek meg a kan\u00e1lhenger terhel\u00e9s\u00e1ll\u00f3 k\u00e9pess\u00e9g\u00e9t.<\/li>\n<li><strong>T\u00f6m\u00edt\u00e9s:<\/strong> Fedezze fel a k\u00fcl\u00f6nf\u00e9le t\u00f6m\u00edt\u00e9sek, p\u00e9ld\u00e1ul dugatty\u00fat\u00f6m\u00edt\u00e9sek \u00e9s r\u00fadt\u00f6m\u00edt\u00e9sek haszn\u00e1lat\u00e1t, amelyek kop\u00e1s\u00e1ll\u00f3 anyagokb\u00f3l, p\u00e9ld\u00e1ul poliuret\u00e1nb\u00f3l \u00e9s nitrilgumib\u00f3l k\u00e9sz\u00fclnek.<\/li>\n<li><strong>Tart\u00f3ss\u00e1g:<\/strong> Besz\u00e9lj\u00e9tek meg a tervez\u00e9s sor\u00e1n a henger hossz\u00fa \u00e9lettartam\u00e1nak biztos\u00edt\u00e1s\u00e1ra tett int\u00e9zked\u00e9seket.<\/li>\n<li><strong>Biztons\u00e1g:<\/strong> Vegye figyelembe a tervez\u00e9si folyamat sor\u00e1n figyelembe vett biztons\u00e1gi szempontokat.<\/li>\n<li><strong>Karbantarthat\u00f3s\u00e1g:<\/strong> Besz\u00e9lje meg a kan\u00e1lhenger karbantart\u00e1s\u00e1nak \u00e9s jav\u00edt\u00e1s\u00e1nak egyszer\u0171s\u00e9g\u00e9t.<\/li>\n<\/ul>\n<p><img decoding=\"async\" src=\"https:\/\/www.hydraulic-cylinders.net\/wp-content\/uploads\/2025\/01\/songte-oil-pipes-and-spare-parts.webp\" alt=\"V\u00f6d\u00f6rhenger tervez\u00e9se \u00e9s karbantart\u00e1sa k\u00e9p\"><\/p>\n<h2>T\u00f6m\u00edt\u00e9s \u00e9s ken\u00e9s<\/h2>\n<p>A kan\u00e1lhengerben k\u00fcl\u00f6nf\u00e9le t\u00f6m\u00edt\u00e9seket haszn\u00e1lnak, p\u00e9ld\u00e1ul dugatty\u00fat\u00f6m\u00edt\u00e9seket \u00e9s r\u00fadt\u00f6m\u00edt\u00e9seket, amelyek kop\u00e1s\u00e1ll\u00f3 anyagokb\u00f3l, p\u00e9ld\u00e1ul poliuret\u00e1nb\u00f3l \u00e9s nitrilgumib\u00f3l k\u00e9sz\u00fclnek. A hengertest \u00e9s a menetes v\u00e9gek fel\u00fcletei finom megmunk\u00e1l\u00e1son esnek \u00e1t a kop\u00e1s\u00e1ll\u00f3s\u00e1g jav\u00edt\u00e1sa \u00e9rdek\u00e9ben. A z\u00f6kken\u0151mentes m\u0171k\u00f6d\u00e9s biztos\u00edt\u00e1s\u00e1hoz rendszeres ken\u00e9s sz\u00fcks\u00e9ges megfelel\u0151 mennyis\u00e9g\u0171 hidraulikaolajjal.<\/p>\n<h2>Rendszeres ellen\u0151rz\u00e9s \u00e9s megel\u0151z\u0151 karbantart\u00e1s<\/h2>\n<ul>\n<li>Rendszeres ellen\u0151rz\u00e9seket v\u00e9gezzen az esetleges probl\u00e9m\u00e1k azonos\u00edt\u00e1sa \u00e9rdek\u00e9ben.<\/li>\n<li>Biztos\u00edtsa a henger megfelel\u0151 ken\u00e9s\u00e9t.<\/li>\n<li>Cser\u00e9lje ki a t\u00f6m\u00edt\u00e9seket, amikor sz\u00fcks\u00e9ges.<\/li>\n<li>V\u00e9gezzen kalibr\u00e1ci\u00f3s ellen\u0151rz\u00e9seket az optim\u00e1lis teljes\u00edtm\u00e9ny fenntart\u00e1sa \u00e9rdek\u00e9ben.<\/li>\n<\/ul>\n<h2>Term\u00e9ktelep\u00edt\u00e9si \u00fatmutat\u00f3<\/h2>\n<p>A megfelel\u0151 telep\u00edt\u00e9s elengedhetetlen a serleghenger hat\u00e9kony haszn\u00e1lat\u00e1hoz. A telep\u00edt\u00e9s sor\u00e1n megfelel\u0151en igaz\u00edtsa be a hengert, \u00e9s fontolja meg a megfelel\u0151 r\u00f6gz\u00edt\u0151konzolok haszn\u00e1lat\u00e1t a henger r\u00f6gz\u00edt\u00e9s\u00e9hez. Adjon \u00fatmutat\u00e1st az aj\u00e1nlott ellen\u0151rz\u00e9si, jav\u00edt\u00e1si \u00e9s csereelj\u00e1r\u00e1sokkal kapcsolatban. Adjon tippeket a serleghenger \u00e9lettartam\u00e1nak n\u00f6vel\u00e9s\u00e9re. <\/p>\n<p><img decoding=\"async\" src=\"https:\/\/www.hydraulic-cylinders.net\/wp-content\/uploads\/2025\/01\/songte-chushion-collar.webp\" alt=\"V\u00f6d\u00f6rhenger telep\u00edt\u00e9si k\u00e9pe\"><\/p>\n<h2>Biztons\u00e1gi szempontok \u00e9s k\u00f6rnyezeti t\u00e9nyez\u0151k<\/h2>\n<p>Emeld ki a biztons\u00e1gi int\u00e9zked\u00e9sek fontoss\u00e1g\u00e1t a v\u00f6d\u00f6rhenger haszn\u00e1latakor, \u00e9s besz\u00e9lj a relev\u00e1ns k\u00f6rnyezeti t\u00e9nyez\u0151kr\u0151l.<\/p>\n<h2>Hibaelh\u00e1r\u00edt\u00e1s \u00e9s gyakori probl\u00e9m\u00e1k<\/h2>\n<p>Gyakori hibaelh\u00e1r\u00edt\u00e1si forgat\u00f3k\u00f6nyvekkel foglalkozik, \u00e9s tippeket, valamint megold\u00e1sokat k\u00edn\u00e1l az olvas\u00f3knak a probl\u00e9m\u00e1k diagnosztiz\u00e1l\u00e1s\u00e1hoz \u00e9s megold\u00e1s\u00e1hoz. Javasoljon megel\u0151z\u0151 int\u00e9zked\u00e9seket a lehets\u00e9ges probl\u00e9m\u00e1k minimaliz\u00e1l\u00e1sa \u00e9rdek\u00e9ben.<\/p>\n<p><img decoding=\"async\" src=\"https:\/\/www.hydraulic-cylinders.net\/wp-content\/uploads\/2025\/01\/songte-bushings-with-all-kinds-of-excavator-models.webp\" alt=\"V\u00f6d\u00f6rhenger hibaelh\u00e1r\u00edt\u00e1si k\u00e9pe\"><\/p>\n<p>Ne felejtsd el logikusan fel\u00e9p\u00edteni a cikket, haszn\u00e1lj alc\u00edmeket a k\u00f6nny\u0171 navig\u00e1ci\u00f3 \u00e9rdek\u00e9ben, \u00e9p\u00edts be relev\u00e1ns k\u00e9peket vagy diagramokat a jobb meg\u00e9rt\u00e9s \u00e9rdek\u00e9ben, \u00e9s \u00fcgyelj arra, hogy a tartalom vil\u00e1gos, t\u00f6m\u00f6r \u00e9s megfelel\u0151 legyen a k\u00fcl\u00f6nb\u00f6z\u0151 technikai tud\u00e1sszint\u0171 olvas\u00f3k sz\u00e1m\u00e1ra.<\/p>\n<h2>C\u00e9g\u00fcnkr\u0151l<\/h2>\n<p>Cserehidraulikus hengerek gy\u00e1rt\u00f3ja vagyunk. Sz\u00e9les term\u00e9kk\u00edn\u00e1latunkkal a hazai \u00e9s nemzetk\u00f6zi piacok egyik vezet\u0151 hidraulikus hengergy\u00e1rt\u00f3j\u00e1v\u00e1 \u00e9s nagykereskedelmi forgalmaz\u00f3j\u00e1v\u00e1 v\u00e1ltunk. Az iparos\u00edtott termel\u00e9sir\u00e1ny\u00edt\u00e1s strat\u00e9gi\u00e1j\u00e1t k\u00f6vetj\u00fck, amely kiv\u00e1l\u00f3 min\u0151s\u00e9gre, kifinomult gy\u00e1rt\u00f3m\u0171helyekre, technol\u00f3giai tehets\u00e9gek, fejlett digit\u00e1lis gy\u00e1rt\u00f3berendez\u00e9sek \u00e9s professzion\u00e1lis tesztel\u0151rendszerek kihaszn\u00e1l\u00e1s\u00e1ra t\u00e1maszkodik. C\u00e9g\u00fcnk folyamatosan fejleszti gy\u00e1rt\u00e1si platformj\u00e1t, t\u00f6k\u00e9letes\u00edti a term\u00e9kmin\u0151s\u00e9g gy\u00e1rt\u00e1si \u00fatvonal\u00e1t, \u00e9s er\u0151s innov\u00e1ci\u00f3s k\u00e9pess\u00e9ggel rendelkezik. C\u00e9lunk, hogy nagy hat\u00e9konys\u00e1ggal, nagy pontoss\u00e1ggal \u00e9s magas min\u0151s\u00e9gi elvekkel el\u00e9g\u00edts\u00fck ki \u00fcgyfeleink sokr\u00e9t\u0171 ig\u00e9nyeit.<\/p>\n<p><img decoding=\"async\" src=\"https:\/\/www.hydraulic-cylinders.net\/wp-content\/uploads\/2025\/01\/songte-company-3.webp\" alt=\"C\u00e9ges im\u00e1zs\"><\/p>\n<h3>C\u00e9g\u00fcnk kiemelt jellemz\u0151i:<\/h3>\n<ul>\n<li>Szakmaiass\u00e1g<\/li>\n<li>Nemzetk\u00f6zi tan\u00fas\u00edtv\u00e1nyok<\/li>\n<li>Testreszab\u00e1si szolg\u00e1ltat\u00e1sok<\/li>\n<li>Termel\u00e9si berendez\u00e9sek<\/li>\n<li>\u00c9rt\u00e9kes\u00edt\u00e9s ut\u00e1ni szolg\u00e1ltat\u00e1sok<\/li>\n<\/ul>\n<p>Szerz\u0151: lyl<\/p>\n<p><\/body><br \/>\n<\/html><\/p>","protected":false},"excerpt":{"rendered":"<p>Bucket Cylinder For Bonny WZY42-7 Bucket Cylinder For Bonny WZY42-7 Introduction to Bucket Cylinder A bucket cylinder is a specially designed hydraulic cylinder used to control the movement of the bucket in heavy machinery such as excavators, backhoe loaders, and front-end loaders. Its main function is to enable the bucket to lift, lower, and tilt, [&hellip;]<\/p>","protected":false},"featured_media":14773,"comment_status":"open","ping_status":"closed","template":"","meta":{"_et_pb_use_builder":"","_et_pb_old_content":"","_et_gb_content_width":""},"product_brand":[],"product_cat":[1494],"product_tag":[1495,1496],"class_list":{"0":"post-15936","1":"product","2":"type-product","3":"status-publish","4":"has-post-thumbnail","6":"product_cat-bucket-cylinders","7":"product_tag-bucket-cylinders","8":"product_tag-hydraulic-cylinders","10":"first","11":"instock","12":"shipping-taxable","13":"product-type-simple"},"amp_enabled":true,"_links":{"self":[{"href":"https:\/\/www.hydraulic-cylinders.net\/hu\/wp-json\/wp\/v2\/product\/15936","targetHints":{"allow":["GET"]}}],"collection":[{"href":"https:\/\/www.hydraulic-cylinders.net\/hu\/wp-json\/wp\/v2\/product"}],"about":[{"href":"https:\/\/www.hydraulic-cylinders.net\/hu\/wp-json\/wp\/v2\/types\/product"}],"replies":[{"embeddable":true,"href":"https:\/\/www.hydraulic-cylinders.net\/hu\/wp-json\/wp\/v2\/comments?post=15936"}],"wp:featuredmedia":[{"embeddable":true,"href":"https:\/\/www.hydraulic-cylinders.net\/hu\/wp-json\/wp\/v2\/media\/14773"}],"wp:attachment":[{"href":"https:\/\/www.hydraulic-cylinders.net\/hu\/wp-json\/wp\/v2\/media?parent=15936"}],"wp:term":[{"taxonomy":"product_brand","embeddable":true,"href":"https:\/\/www.hydraulic-cylinders.net\/hu\/wp-json\/wp\/v2\/product_brand?post=15936"},{"taxonomy":"product_cat","embeddable":true,"href":"https:\/\/www.hydraulic-cylinders.net\/hu\/wp-json\/wp\/v2\/product_cat?post=15936"},{"taxonomy":"product_tag","embeddable":true,"href":"https:\/\/www.hydraulic-cylinders.net\/hu\/wp-json\/wp\/v2\/product_tag?post=15936"}],"curies":[{"name":"munkaf\u00fczet","href":"https:\/\/api.w.org\/{rel}","templated":true}]}}