{"id":15940,"date":"2025-01-19T15:11:38","date_gmt":"2025-01-19T15:11:38","guid":{"rendered":"https:\/\/www.hydraulic-cylinders.net\/product\/bucket-cylinder-for-bonny-waydq50-5\/"},"modified":"2025-01-19T15:11:41","modified_gmt":"2025-01-19T15:11:41","slug":"bucket-cylinder-for-bonny-waydq50-5","status":"publish","type":"product","link":"https:\/\/www.hydraulic-cylinders.net\/hu\/termek\/bucket-cylinder-for-bonny-waydq50-5\/","title":{"rendered":"V\u00f6d\u00f6rhenger Bonny WAYDQ50-5-h\u00f6z"},"content":{"rendered":"<h1>Kan\u00e1lhenger Bonny WAYDQ50-5-h\u00f6z<\/h1>\n<h2>Bevezet\u00e9s<\/h2>\n<p>A Bonny WAYDQ50-5 kan\u00e1lhengere egy speci\u00e1lisan tervezett hidraulikus henger, amelyet els\u0151sorban neh\u00e9zg\u00e9pek, p\u00e9ld\u00e1ul kotr\u00f3g\u00e9pek, kotr\u00f3g\u00e9pek \u00e9s homlokrakod\u00f3k kan\u00e1lmozg\u00e1s\u00e1nak vez\u00e9rl\u00e9s\u00e9re haszn\u00e1lnak. F\u0151 funkci\u00f3ja a kan\u00e1l emel\u00e9se, s\u00fcllyeszt\u00e9se \u00e9s billent\u00e9se, megk\u00f6nny\u00edtve a k\u00fcl\u00f6nf\u00e9le anyagok sz\u00e1ll\u00edt\u00e1s\u00e1t. A hidraulikus rendszerben a kan\u00e1lhenger a hidraulikaolaj nyom\u00e1s\u00e1nak v\u00e1ltoztat\u00e1s\u00e1val vez\u00e9rli a kan\u00e1l pontos mozg\u00e1s\u00e1t, lehet\u0151v\u00e9 t\u00e9ve a kezel\u0151 sz\u00e1m\u00e1ra a neh\u00e9z t\u00e1rgyak hat\u00e9kony kezel\u00e9s\u00e9t, valamint az \u00f6sszetett munkak\u00f6rnyezetekhez \u00e9s a v\u00e1ltozatos \u00fczemeltet\u00e9si k\u00f6vetelm\u00e9nyekhez val\u00f3 alkalmazkod\u00e1st.<\/p>\n<p><img decoding=\"async\" src=\"https:\/\/www.hydraulic-cylinders.net\/wp-content\/uploads\/2025\/01\/songte-company-2.webp\" alt=\"Kan\u00e1lhenger Bonny WAYDQ50-5-h\u00f6z\"><\/p>\n<h2>Jellemz\u0151k<\/h2>\n<ul>\n<li>Nagy szil\u00e1rds\u00e1g \u00e9s tart\u00f3ss\u00e1g: \u00c1ltal\u00e1ban nagy szil\u00e1rds\u00e1g\u00fa ac\u00e9lb\u00f3l vagy alum\u00edniumb\u00f3l k\u00e9sz\u00fcl, \u00edgy ellen\u00e1ll a nagy nyom\u00e1snak \u00e9s a nagy terhel\u00e9seknek, alkalmazkodva a zord munkak\u00f6rnyezethez. A kop\u00e1s- \u00e9s korr\u00f3zi\u00f3\u00e1ll\u00f3s\u00e1got szem el\u0151tt tartva tervezt\u00e9k, \u00edgy meghosszabb\u00edtja az \u00e9lettartamot.<\/li>\n<li>Hat\u00e9kony hidraulikus m\u0171k\u00f6d\u00e9s: A hidraulikaolaj nyom\u00e1s\u00e1nak k\u00f6sz\u00f6nhet\u0151en a sima ki- \u00e9s beh\u00faz\u00e1s nagy nyom\u00f3- \u00e9s h\u00faz\u00f3er\u0151t biztos\u00edt, \u00edgy alkalmas neh\u00e9z t\u00e1rgyak kezel\u00e9s\u00e9re \u00e9s \u00f6sszetett m\u0171k\u00f6d\u00e9si feladatokra.<\/li>\n<li>K\u00fcl\u00f6nb\u00f6z\u0151 t\u00edpusok: Az egyir\u00e1ny\u00fa hidraulikus m\u0171k\u00f6dtet\u00e9s\u0171) vagy a k\u00e9tir\u00e1ny\u00fa (mindk\u00e9t ir\u00e1ny\u00fa hidraulikus m\u0171k\u00f6dtet\u00e9s\u0171) hengerek a k\u00f6vetelm\u00e9nyeknek megfelel\u0151en v\u00e1laszthat\u00f3k ki, hogy megfeleljenek a k\u00fcl\u00f6nb\u00f6z\u0151 m\u0171k\u00f6d\u00e9si ig\u00e9nyeknek. Egyes modellek teleszk\u00f3posak, \u00edgy nagyobb kiny\u00fal\u00e1st tesznek lehet\u0151v\u00e9 a k\u00fcls\u0151 m\u00e9retek n\u00f6vel\u00e9se n\u00e9lk\u00fcl, \u00edgy alkalmasak korl\u00e1tozott helyig\u00e9ny\u0171 alkalmaz\u00e1sokhoz.<\/li>\n<li>T\u00f6k\u00e9letes csere: Term\u00e9keink t\u00f6k\u00e9letesen helyettes\u00edthetik ezeket a hidraulikus hengereket.<\/li>\n<\/ul>\n<p><img decoding=\"async\" src=\"https:\/\/www.hydraulic-cylinders.net\/wp-content\/uploads\/2025\/01\/songte-cylinder-head-with-all-kinds-excavator-models.webp\" alt=\"Kan\u00e1lhenger Bonny WAYDQ50-5-h\u00f6z\"><\/p>\n<h2>Alkalmaz\u00e1sok<\/h2>\n<p>A Bonny WAYDQ50-5 kan\u00e1lhengere k\u00fcl\u00f6nf\u00e9le ipar\u00e1gakban \u00e9s g\u00e9pekben haszn\u00e1lhat\u00f3, bele\u00e9rtve, de nem kiz\u00e1r\u00f3lagosan:<\/p>\n<ul>\n<li>\u00c9p\u00edt\u0151ipari berendez\u00e9sek: Elengedhetetlenek a kotr\u00f3g\u00e9pekben a talaj vagy t\u00f6rmel\u00e9k \u00e1s\u00e1s\u00e1hoz, rakod\u00e1s\u00e1hoz \u00e9s mozgat\u00e1s\u00e1hoz. A kotr\u00f3g\u00e9pekben a kan\u00e1lhengerek seg\u00edtenek az \u00e1s\u00e1sban \u00e9s az emel\u00e9sben. A homlokrakod\u00f3kban a rakom\u00e1ny hat\u00e9kony emel\u00e9s\u00e9ben \u00e9s \u00fcr\u00edt\u00e9s\u00e9ben seg\u00edtenek.<\/li>\n<li>Mez\u0151gazdas\u00e1gi g\u00e9pek: Homlokrakod\u00f3kban haszn\u00e1lj\u00e1k talaj, sz\u00e9na \u00e9s egy\u00e9b anyagok \u00e1s\u00e1s\u00e1ra, emel\u00e9s\u00e9re \u00e9s sz\u00e1ll\u00edt\u00e1s\u00e1ra. Kotr\u00f3g\u00e9pekben a kan\u00e1lhenger lehet\u0151v\u00e9 teszi az \u00e1s\u00e1st az\u00e1ltal, hogy lehet\u0151v\u00e9 teszi a kan\u00e1l talajba hatol\u00e1s\u00e1t.<\/li>\n<\/ul>\n<h2>Tervez\u00e9si \u00e9s kiv\u00e1laszt\u00e1si krit\u00e9riumok<\/h2>\n<p>A Bonny WAYDQ50-5 kan\u00e1lhenger\u00e9nek kiv\u00e1laszt\u00e1sakor \u00e9s tervez\u00e9sekor sz\u00e1mos t\u00e9nyez\u0151t kell figyelembe venni, t\u00f6bbek k\u00f6z\u00f6tt:<\/p>\n<ul>\n<li>Teherb\u00edr\u00e1s: Nagy nyom\u00e1snak \u00e9s nagy terhel\u00e9snek ellen\u00e1ll.<\/li>\n<li>T\u00f6m\u00edt\u00e9s: K\u00fcl\u00f6nb\u00f6z\u0151 t\u00f6m\u00edt\u00e9seket haszn\u00e1ljon, p\u00e9ld\u00e1ul dugatty\u00fat\u00f6m\u00edt\u00e9seket, r\u00fadt\u00f6m\u00edt\u00e9seket stb. A t\u00f6m\u00edt\u00e9sek kop\u00e1s\u00e1ll\u00f3 anyagokb\u00f3l, p\u00e9ld\u00e1ul poliuret\u00e1nb\u00f3l \u00e9s NBR gumib\u00f3l k\u00e9sz\u00fclnek; a hengertest \u00e9s a menetes v\u00e9gfel\u00fclet finoman megmunk\u00e1lt a kop\u00e1s\u00e1ll\u00f3s\u00e1g jav\u00edt\u00e1sa \u00e9rdek\u00e9ben.<\/li>\n<li>Tart\u00f3ss\u00e1g: Az \u00e9lettartam meghosszabb\u00edt\u00e1sa \u00e9rdek\u00e9ben vegye figyelembe az olyan t\u00e9nyez\u0151ket, mint a kop\u00e1s\u00e1ll\u00f3s\u00e1g \u00e9s a korr\u00f3zi\u00f3\u00e1ll\u00f3s\u00e1g.<\/li>\n<li>Biztons\u00e1g: Gy\u0151z\u0151dj\u00f6n meg arr\u00f3l, hogy a kan\u00e1lhenger biztons\u00e1gosan m\u0171k\u00f6dik k\u00fcl\u00f6nb\u00f6z\u0151 k\u00f6rnyezetekben \u00e9s k\u00f6r\u00fclm\u00e9nyek k\u00f6z\u00f6tt.<\/li>\n<li>Karbantarthat\u00f3s\u00e1g: Biztos\u00edtsa, hogy a karbantart\u00e1s \u00e9s jav\u00edt\u00e1s k\u00f6nnyen \u00e9s hat\u00e9konyan elv\u00e9gezhet\u0151 legyen.<\/li>\n<\/ul>\n<p><img decoding=\"async\" src=\"https:\/\/www.hydraulic-cylinders.net\/wp-content\/uploads\/2025\/01\/songte-oil-pipes-and-spare-parts.webp\" alt=\"Kan\u00e1lhenger Bonny WAYDQ50-5-h\u00f6z\"><\/p>\n<h2>T\u00f6m\u00edt\u00e9s \u00e9s ken\u00e9s<\/h2>\n<p>A Bonny WAYDQ50-5 kan\u00e1lhenger\u00e9ben k\u00fcl\u00f6nf\u00e9le t\u00f6m\u00edt\u00e9seket haszn\u00e1lnak, p\u00e9ld\u00e1ul dugatty\u00fat\u00f6m\u00edt\u00e9seket, r\u00fadt\u00f6m\u00edt\u00e9seket stb. A t\u00f6m\u00edt\u00e9sek kop\u00e1s\u00e1ll\u00f3 anyagokb\u00f3l, p\u00e9ld\u00e1ul poliuret\u00e1nb\u00f3l \u00e9s NBR gumib\u00f3l k\u00e9sz\u00fclnek. A hengertest \u00e9s a menetes v\u00e9gfel\u00fclet finom megmunk\u00e1l\u00e1s\u00fa a kop\u00e1s\u00e1ll\u00f3s\u00e1g jav\u00edt\u00e1sa \u00e9rdek\u00e9ben. A z\u00f6kken\u0151mentes m\u0171k\u00f6d\u00e9s \u00e9rdek\u00e9ben rendszeresen megfelel\u0151 mennyis\u00e9g\u0171 hidraulikaolajat kell ut\u00e1nt\u00f6lteni.<\/p>\n<h2>Ellen\u0151rz\u00e9s \u00e9s megel\u0151z\u0151 karbantart\u00e1s<\/h2>\n<p>A serleghenger megfelel\u0151 m\u0171k\u00f6d\u00e9s\u00e9nek \u00e9s hossz\u00fa \u00e9lettartam\u00e1nak biztos\u00edt\u00e1s\u00e1hoz rendszeres ellen\u0151rz\u00e9sekre \u00e9s megel\u0151z\u0151 karbantart\u00e1sra van sz\u00fcks\u00e9g. A karbantart\u00e1si feladatok a k\u00f6vetkez\u0151k lehetnek:<\/p>\n<ul>\n<li>Rendszeres ellen\u0151rz\u00e9sek<\/li>\n<li>Megfelel\u0151 ken\u00e9s<\/li>\n<li>T\u00f6m\u00edt\u00e9s csere<\/li>\n<li>Kalibr\u00e1ci\u00f3s ellen\u0151rz\u00e9sek<\/li>\n<\/ul>\n<h2>Telep\u00edt\u00e9si \u00fatmutat\u00f3<\/h2>\n<p>A megfelel\u0151 telep\u00edt\u00e9s elengedhetetlen a kan\u00e1lhenger megfelel\u0151 m\u0171k\u00f6d\u00e9s\u00e9nek \u00e9s hossz\u00fa \u00e9lettartam\u00e1nak biztos\u00edt\u00e1s\u00e1hoz. Javasolt megfelel\u0151 r\u00f6gz\u00edt\u0151konzolok haszn\u00e1lata a henger r\u00f6gz\u00edt\u00e9s\u00e9hez. Hangs\u00falyozni kell a henger helyes be\u00e1ll\u00edt\u00e1s\u00e1nak fontoss\u00e1g\u00e1t. A berendez\u00e9s megfelel\u0151 karbantart\u00e1s\u00e1nak biztos\u00edt\u00e1sa \u00e9rdek\u00e9ben be kell tartani az aj\u00e1nlott ellen\u0151rz\u00e9si, jav\u00edt\u00e1si \u00e9s csere elj\u00e1r\u00e1sokat. Az \u00e9lettartam meghosszabb\u00edt\u00e1sa \u00e9rdek\u00e9ben fel\u00faj\u00edt\u00e1si szolg\u00e1ltat\u00e1sok \u00e9s cserealkatr\u00e9szek is rendelkez\u00e9sre \u00e1llnak.<\/p>\n<p><img decoding=\"async\" src=\"https:\/\/www.hydraulic-cylinders.net\/wp-content\/uploads\/2025\/01\/songte-chushion-collar.webp\" alt=\"Kan\u00e1lhenger Bonny WAYDQ50-5-h\u00f6z\"><\/p>\n<h2>Biztons\u00e1gi szempontok \u00e9s k\u00f6rnyezeti t\u00e9nyez\u0151k<\/h2>\n<p>A Bonny WAYDQ50-5 kan\u00e1lhenger\u00e9nek haszn\u00e1latakor fontos betartani az \u00f6sszes biztons\u00e1gi int\u00e9zked\u00e9st a balesetek megel\u0151z\u00e9se \u00e9rdek\u00e9ben. A k\u00f6rnyezeti t\u00e9nyez\u0151ket is figyelembe kell venni a berendez\u00e9s megfelel\u0151 m\u0171k\u00f6d\u00e9s\u00e9nek \u00e9s hossz\u00fa \u00e9lettartam\u00e1nak biztos\u00edt\u00e1sa \u00e9rdek\u00e9ben.<\/p>\n<h2>Hibaelh\u00e1r\u00edt\u00e1s \u00e9s gyakori probl\u00e9m\u00e1k<\/h2>\n<p>A kan\u00e1lhengerrel kapcsolatos gyakori probl\u00e9m\u00e1k k\u00f6z\u00e9 tartozik a sziv\u00e1rg\u00e1s, az el\u00e9gtelen er\u0151 \u00e9s a nem megfelel\u0151 be\u00e1ll\u00edt\u00e1s. A hibaelh\u00e1r\u00edt\u00e1s a henger l\u00e1that\u00f3 s\u00e9r\u00fcl\u00e9seinek ellen\u0151rz\u00e9s\u00e9vel, a t\u00f6m\u00edt\u00e9sek ellen\u0151rz\u00e9s\u00e9vel \u00e9s a megfelel\u0151 ken\u00e9s biztos\u00edt\u00e1s\u00e1val v\u00e9gezhet\u0151 el. A megfelel\u0151 megel\u0151z\u0151 int\u00e9zked\u00e9sek cs\u00f6kkenthetik ezen probl\u00e9m\u00e1k el\u0151fordul\u00e1s\u00e1nak val\u00f3sz\u00edn\u0171s\u00e9g\u00e9t.<\/p>\n<p><img decoding=\"async\" src=\"https:\/\/www.hydraulic-cylinders.net\/wp-content\/uploads\/2025\/01\/songte-bushings-with-all-kinds-of-excavator-models.webp\" alt=\"Kan\u00e1lhenger Bonny WAYDQ50-5-h\u00f6z\"><\/p>\n<h2>C\u00e9g\u00fcnkr\u0151l<\/h2>\n<p>A hidraulikus hengerek vezet\u0151 gy\u00e1rt\u00f3i \u00e9s nagykereskedelmi forgalmaz\u00f3i vagyunk a hazai \u00e9s a nemzetk\u00f6zi piacokon. A kiv\u00e1l\u00f3 min\u0151s\u00e9g elv\u00e9t k\u00f6vetj\u00fck, \u00e9s a kifinomult gy\u00e1rt\u00f3m\u0171helyek iparos\u00edtott termel\u00e9sir\u00e1ny\u00edt\u00e1si strat\u00e9gi\u00e1j\u00e1ra t\u00e1maszkodunk. C\u00e9g\u00fcnk folyamatosan fejleszti m\u0171hely\u00fcnk gy\u00e1rt\u00e1si platformj\u00e1t a m\u0171szaki tehets\u00e9gek, a digit\u00e1lis cs\u00facskateg\u00f3ri\u00e1s gy\u00e1rt\u00f3berendez\u00e9sek \u00e9s a professzion\u00e1lis tesztel\u0151rendszerek alkalmaz\u00e1s\u00e1val a term\u00e9kmin\u0151s\u00e9g-gy\u00e1rt\u00e1si \u00fatvonal t\u00f6k\u00e9letes\u00edt\u00e9se \u00e9rdek\u00e9ben, \u00e9s er\u0151s k\u00e9pess\u00e9ggel rendelkezik hat\u00e9kony, nagy pontoss\u00e1g\u00fa \u00e9s kiv\u00e1l\u00f3 min\u0151s\u00e9g\u0171 term\u00e9kek l\u00e9trehoz\u00e1s\u00e1ra, hogy kiel\u00e9g\u00edtse az \u00fcgyfelek sokr\u00e9t\u0171 ig\u00e9nyeit.<\/p>\n<p><img decoding=\"async\" src=\"https:\/\/hzpt.com\/wp-content\/uploads\/2024\/11\/songte-company-1.webp\" alt=\"C\u00e9g\u00fcnkr\u0151l\"><\/p>\n<h3>Szakmaiass\u00e1g<\/h3>\n<p>Tapasztalt m\u00e9rn\u00f6k\u00f6kb\u0151l \u00e9s technikusokb\u00f3l \u00e1ll\u00f3 csapatunk elk\u00f6telezett amellett, hogy professzion\u00e1lis szolg\u00e1ltat\u00e1sokat \u00e9s megold\u00e1sokat ny\u00fajtson \u00fcgyfeleink sz\u00e1m\u00e1ra.<\/p>\n<h3>Nemzetk\u00f6zi tan\u00fas\u00edtv\u00e1nyok<\/h3>\n<p>Term\u00e9keink megfeleltek az ISO9001, CE \u00e9s egy\u00e9b nemzetk\u00f6zi tan\u00fas\u00edtv\u00e1nyoknak, biztos\u00edtva min\u0151s\u00e9g\u00fcket \u00e9s megb\u00edzhat\u00f3s\u00e1gukat.<\/p>\n<h3>Testreszab\u00e1si szolg\u00e1ltat\u00e1sok<\/h3>\n<p>Egyedi ig\u00e9nyek kiel\u00e9g\u00edt\u00e9s\u00e9re k\u00edn\u00e1lunk egyedi szolg\u00e1ltat\u00e1sokat, a tervez\u00e9st\u0151l a gy\u00e1rt\u00e1sig.<\/p>\n<h3>Termel\u00e9si berendez\u00e9sek<\/h3>\n<p>A legmodernebb gy\u00e1rt\u00f3berendez\u00e9sekkel rendelkez\u00fcnk, hogy biztos\u00edtsuk term\u00e9keink min\u0151s\u00e9g\u00e9t \u00e9s pontoss\u00e1g\u00e1t.<\/p>\n<h3>\u00c9rt\u00e9kes\u00edt\u00e9s ut\u00e1ni szolg\u00e1ltat\u00e1s<\/h3>\n<p>\u00c9rt\u00e9kes\u00edt\u00e9s ut\u00e1ni szolg\u00e1ltat\u00e1st ny\u00fajtunk annak \u00e9rdek\u00e9ben, hogy \u00fcgyfeleink bizalommal \u00e9s bizalommal haszn\u00e1lhass\u00e1k term\u00e9keinket.<\/p>\n<p>Szerz\u0151: lyl<\/p>","protected":false},"excerpt":{"rendered":"<p>Bucket Cylinder for Bonny WAYDQ50-5 Introduction The bucket cylinder for Bonny WAYDQ50-5 is a specially designed hydraulic cylinder that is primarily used to control the motion of the bucket in heavy machinery such as excavators, backhoe excavators, and front loaders. Its main function is to enable the bucket to lift, lower, and tilt, making it [&hellip;]<\/p>","protected":false},"featured_media":14762,"comment_status":"open","ping_status":"closed","template":"","meta":{"_et_pb_use_builder":"","_et_pb_old_content":"","_et_gb_content_width":""},"product_brand":[],"product_cat":[1494],"product_tag":[1495,1496],"class_list":{"0":"post-15940","1":"product","2":"type-product","3":"status-publish","4":"has-post-thumbnail","6":"product_cat-bucket-cylinders","7":"product_tag-bucket-cylinders","8":"product_tag-hydraulic-cylinders","10":"first","11":"instock","12":"shipping-taxable","13":"product-type-simple"},"amp_enabled":true,"_links":{"self":[{"href":"https:\/\/www.hydraulic-cylinders.net\/hu\/wp-json\/wp\/v2\/product\/15940","targetHints":{"allow":["GET"]}}],"collection":[{"href":"https:\/\/www.hydraulic-cylinders.net\/hu\/wp-json\/wp\/v2\/product"}],"about":[{"href":"https:\/\/www.hydraulic-cylinders.net\/hu\/wp-json\/wp\/v2\/types\/product"}],"replies":[{"embeddable":true,"href":"https:\/\/www.hydraulic-cylinders.net\/hu\/wp-json\/wp\/v2\/comments?post=15940"}],"wp:featuredmedia":[{"embeddable":true,"href":"https:\/\/www.hydraulic-cylinders.net\/hu\/wp-json\/wp\/v2\/media\/14762"}],"wp:attachment":[{"href":"https:\/\/www.hydraulic-cylinders.net\/hu\/wp-json\/wp\/v2\/media?parent=15940"}],"wp:term":[{"taxonomy":"product_brand","embeddable":true,"href":"https:\/\/www.hydraulic-cylinders.net\/hu\/wp-json\/wp\/v2\/product_brand?post=15940"},{"taxonomy":"product_cat","embeddable":true,"href":"https:\/\/www.hydraulic-cylinders.net\/hu\/wp-json\/wp\/v2\/product_cat?post=15940"},{"taxonomy":"product_tag","embeddable":true,"href":"https:\/\/www.hydraulic-cylinders.net\/hu\/wp-json\/wp\/v2\/product_tag?post=15940"}],"curies":[{"name":"munkaf\u00fczet","href":"https:\/\/api.w.org\/{rel}","templated":true}]}}