{"id":15947,"date":"2025-01-19T15:12:11","date_gmt":"2025-01-19T15:12:11","guid":{"rendered":"https:\/\/www.hydraulic-cylinders.net\/product\/bucket-cylinder-for-bada-wys60\/"},"modified":"2025-01-19T15:12:17","modified_gmt":"2025-01-19T15:12:17","slug":"bucket-cylinder-for-bada-wys60","status":"publish","type":"product","link":"https:\/\/www.hydraulic-cylinders.net\/hu\/termek\/bucket-cylinder-for-bada-wys60\/","title":{"rendered":"V\u00f6d\u00f6rhenger Bada WYS60-hoz"},"content":{"rendered":"<p><!DOCTYPE html><br \/>\n<html><br \/>\n<head><br \/>\n<title>V\u00f6d\u00f6rhenger Bada WYS60-hoz<\/title><br \/>\n<\/head><br \/>\n<body><\/p>\n<h1>V\u00f6d\u00f6rhenger Bada WYS60-hoz<\/h1>\n<h2>Bevezet\u00e9s<\/h2>\n<p>A Bada WYS60 kan\u00e1lhengere egy speci\u00e1lisan tervezett hidraulikus henger, amelyet neh\u00e9zg\u00e9pek, p\u00e9ld\u00e1ul kotr\u00f3g\u00e9pek, kotr\u00f3rakod\u00f3k \u00e9s homlokrakod\u00f3k kan\u00e1lmozg\u00e1s\u00e1nak vez\u00e9rl\u00e9s\u00e9re haszn\u00e1lnak. F\u0151 funkci\u00f3ja a kan\u00e1l emel\u00e9se, s\u00fcllyeszt\u00e9se \u00e9s billent\u00e9se, \u00edgy alkalmass\u00e1 teszi k\u00fcl\u00f6nf\u00e9le anyagmozgat\u00e1si feladatokra. A hidraulikus rendszerben a kan\u00e1lhenger a hidraulikaolaj nyom\u00e1s\u00e1nak v\u00e1ltoztat\u00e1s\u00e1val prec\u00edzen szab\u00e1lyozza a kan\u00e1l mozg\u00e1s\u00e1t, lehet\u0151v\u00e9 t\u00e9ve a kezel\u0151k sz\u00e1m\u00e1ra, hogy hat\u00e9konyan kezelj\u00e9k a neh\u00e9z terheket, \u00e9s alkalmazkodjanak az \u00f6sszetett munkak\u00f6rnyezetekhez \u00e9s a v\u00e1ltozatos m\u0171k\u00f6d\u00e9si k\u00f6vetelm\u00e9nyekhez.<\/p>\n<p><img decoding=\"async\" src=\"https:\/\/www.hydraulic-cylinders.net\/wp-content\/uploads\/2025\/01\/songte-company-2.webp\" alt=\"V\u00f6d\u00f6rhenger\" \/><\/p>\n<h2>Jellemz\u0151k<\/h2>\n<ul>\n<li><strong>Nagy szil\u00e1rds\u00e1g \u00e9s tart\u00f3ss\u00e1g:<\/strong> A jellemz\u0151en nagy szil\u00e1rds\u00e1g\u00fa ac\u00e9lb\u00f3l vagy alum\u00edniumb\u00f3l k\u00e9sz\u00fclt kan\u00e1lhenger nagy nyom\u00e1st \u00e9s nagy terhel\u00e9st k\u00e9pes ellen\u00e1llni, alkalmazkodva a zord munkak\u00f6rnyezethez. Tervez\u00e9se sor\u00e1n figyelembe vett\u00e9k a kop\u00e1s\u00e1ll\u00f3s\u00e1got \u00e9s a korr\u00f3zi\u00f3\u00e1ll\u00f3s\u00e1got, meghosszabb\u00edtva \u00e9lettartam\u00e1t.<\/li>\n<li><strong>Hat\u00e9kony hidraulikus m\u0171k\u00f6dtet\u00e9s:<\/strong> A hidraulikaolaj-nyom\u00e1s kihaszn\u00e1l\u00e1s\u00e1val a kan\u00e1lhenger sima kiny\u00fal\u00e1st \u00e9s \u00f6sszeh\u00faz\u00f3d\u00e1st biztos\u00edt, lehet\u0151v\u00e9 t\u00e9ve a gyors reag\u00e1l\u00e1st a vez\u00e9rl\u0151parancsokra, \u00e9s er\u0151teljes tol\u00f3- \u00e9s h\u00faz\u00f3er\u0151t biztos\u00edtva a neh\u00e9z terhek \u00e9s \u00f6sszetett feladatok kezel\u00e9s\u00e9hez.<\/li>\n<li><strong>K\u00fcl\u00f6nb\u00f6z\u0151 t\u00edpusok:<\/strong> A kan\u00e1lhenger az adott m\u0171k\u00f6d\u00e9si ig\u00e9nyeknek megfelel\u0151en egyszeres m\u0171k\u00f6d\u00e9s\u0171 (a hidraulika csak egy ir\u00e1nyban m\u0171k\u00f6dik) vagy kett\u0151s m\u0171k\u00f6d\u00e9s\u0171 (a hidraulika mindk\u00e9t ir\u00e1nyban m\u0171k\u00f6dik) hengerk\u00e9nt v\u00e1laszthat\u00f3. Egyes modellek teleszk\u00f3posak, \u00edgy nagyobb kiny\u00fal\u00e1st tesznek lehet\u0151v\u00e9 a k\u00fcls\u0151 m\u00e9retek n\u00f6vel\u00e9se n\u00e9lk\u00fcl, \u00edgy alkalmasak korl\u00e1tozott helyig\u00e9ny\u0171 alkalmaz\u00e1sokhoz.<\/li>\n<li><strong>T\u00f6k\u00e9letes csere:<\/strong> C\u00e9g\u00fcnk k\u00e9pes ezt a term\u00e9ket gy\u00e1rtani, \u00edgy t\u00f6k\u00e9letes alternat\u00edv\u00e1t k\u00edn\u00e1lva ezekre a hidraulikus hengerekre.<\/li>\n<\/ul>\n<p><img decoding=\"async\" src=\"https:\/\/www.hydraulic-cylinders.net\/wp-content\/uploads\/2025\/01\/songte-cylinder-head-with-all-kinds-excavator-models.webp\" alt=\"Kan\u00e1lhenger csere\" \/><\/p>\n<h2>Alkalmaz\u00e1sok<\/h2>\n<p>A kan\u00e1lhengereket \u00e1ltal\u00e1ban a k\u00f6vetkez\u0151 alkalmaz\u00e1sokban haszn\u00e1lj\u00e1k:<\/p>\n<ol>\n<li><strong>\u00c9p\u00edt\u0151ipari berendez\u00e9sek:<\/strong> Kotr\u00f3g\u00e9pekben elengedhetetlenek az \u00e1s\u00e1shoz, a rakod\u00e1shoz \u00e9s a talaj vagy t\u00f6rmel\u00e9k mozgat\u00e1s\u00e1hoz. Kotr\u00f3g\u00e9p-rakod\u00f3kban a kan\u00e1lhenger mind a f\u00f6ldmunk\u00e1ban, mind az emel\u00e9sben seg\u00edti a munk\u00e1t.<\/li>\n<li><strong>Mez\u0151gazdas\u00e1gi g\u00e9pek:<\/strong> Homlokrakod\u00f3kban haszn\u00e1lj\u00e1k talaj, sz\u00e9na \u00e9s egy\u00e9b anyagok mer\u00e9s\u00e9re, emel\u00e9s\u00e9re \u00e9s sz\u00e1ll\u00edt\u00e1s\u00e1ra.<\/li>\n<li><strong>Kotr\u00f3g\u00e9pek:<\/strong> A kan\u00e1l munkahengerei lehet\u0151v\u00e9 teszik az \u00e1s\u00e1si m\u0171veleteket az\u00e1ltal, hogy lehet\u0151v\u00e9 teszik a kan\u00e1l talajba hatol\u00e1s\u00e1t.<\/li>\n<li><strong>Rakod\u00f3g\u00e9pek:<\/strong> A homlokrakod\u00f3kban hat\u00e9konyan seg\u00edtik az \u00e1ruk emel\u00e9s\u00e9t \u00e9s \u00fcr\u00edt\u00e9s\u00e9t.<\/li>\n<\/ol>\n<h2>Tervez\u00e9si szempontok \u00e9s kiv\u00e1laszt\u00e1si krit\u00e9riumok<\/h2>\n<ul>\n<li><strong>Teherb\u00edr\u00e1s:<\/strong> The bucket cylinder&#8217;s design considers its ability to withstand heavy loads.<\/li>\n<li><strong>T\u00f6m\u00edt\u00e9s:<\/strong> A megfelel\u0151 t\u00f6m\u00edt\u00e9s biztos\u00edt\u00e1s\u00e1ra k\u00fcl\u00f6nf\u00e9le t\u00f6m\u00edt\u00e9seket, p\u00e9ld\u00e1ul dugatty\u00fat\u00f6m\u00edt\u00e9seket \u00e9s r\u00fadt\u00f6m\u00edt\u00e9seket haszn\u00e1lnak. Ezek a t\u00f6m\u00edt\u00e9sek kop\u00e1s\u00e1ll\u00f3 anyagokb\u00f3l, p\u00e9ld\u00e1ul poliuret\u00e1nb\u00f3l \u00e9s nitrilgumib\u00f3l k\u00e9sz\u00fclnek.<\/li>\n<li><strong>Tart\u00f3ss\u00e1g:<\/strong> A hengertest \u00e9s a menetes v\u00e9gek finom megmunk\u00e1l\u00e1s\u00faak a tart\u00f3ss\u00e1g n\u00f6vel\u00e9se \u00e9rdek\u00e9ben.<\/li>\n<li><strong>Biztons\u00e1g:<\/strong> A tervez\u00e9si folyamat sor\u00e1n figyelembe veszik a biztons\u00e1gi szempontokat a biztons\u00e1gos m\u0171k\u00f6d\u00e9s biztos\u00edt\u00e1sa \u00e9rdek\u00e9ben.<\/li>\n<li><strong>Karbantarthat\u00f3s\u00e1g:<\/strong> A kan\u00e1lhenger \u00fagy lett kialak\u00edtva, hogy k\u00f6nnyen karbantarthat\u00f3 \u00e9s jav\u00edthat\u00f3 legyen.<\/li>\n<\/ul>\n<p><img decoding=\"async\" src=\"https:\/\/www.hydraulic-cylinders.net\/wp-content\/uploads\/2025\/01\/songte-oil-pipes-and-spare-parts.webp\" alt=\"Hidraulikus henger alkatr\u00e9szek\" \/><\/p>\n<h2>T\u00f6m\u00edt\u00e9s \u00e9s ken\u00e9s<\/h2>\n<p>A kan\u00e1lhenger k\u00fcl\u00f6nf\u00e9le t\u00f6m\u00edt\u00e9seket haszn\u00e1l, p\u00e9ld\u00e1ul dugatty\u00fat\u00f6m\u00edt\u00e9seket \u00e9s r\u00fadt\u00f6m\u00edt\u00e9seket, amelyek kop\u00e1s\u00e1ll\u00f3 anyagokb\u00f3l, p\u00e9ld\u00e1ul poliuret\u00e1nb\u00f3l \u00e9s nitrilgumib\u00f3l k\u00e9sz\u00fclnek. A hengertest \u00e9s a menetes v\u00e9gek finom megmunk\u00e1l\u00e1son esnek \u00e1t a kop\u00e1s\u00e1ll\u00f3s\u00e1g fokoz\u00e1sa \u00e9rdek\u00e9ben. A megfelel\u0151 m\u0171k\u00f6d\u00e9s biztos\u00edt\u00e1s\u00e1hoz rendszeres ken\u00e9s sz\u00fcks\u00e9ges a megfelel\u0151 hidraulikaolajjal.<\/p>\n<h2>Rendszeres ellen\u0151rz\u00e9s \u00e9s megel\u0151z\u0151 karbantart\u00e1s<\/h2>\n<p>To maintain the bucket cylinder&#8217;s performance, regular inspection and preventive maintenance are recommended. The following measures should be taken:<\/p>\n<ul>\n<li>Vizsg\u00e1lja meg, hogy l\u00e1that\u00f3-e b\u00e1rmilyen kop\u00e1s vagy s\u00e9r\u00fcl\u00e9s jele.<\/li>\n<li>Biztos\u00edtsa a megfelel\u0151 ken\u00e9st.<\/li>\n<li>Cser\u00e9lje ki a t\u00f6m\u00edt\u00e9seket, amikor sz\u00fcks\u00e9ges.<\/li>\n<li>V\u00e9gezzen kalibr\u00e1ci\u00f3s ellen\u0151rz\u00e9seket.<\/li>\n<\/ul>\n<h2>Megfelel\u0151 telep\u00edt\u00e9si \u00fatmutat\u00f3<\/h2>\n<p>A hengerfej megfelel\u0151 beszerel\u00e9s\u00e9hez k\u00f6vesse az al\u00e1bbi ir\u00e1nyelveket:<\/p>\n<ul>\n<li>A beszerel\u00e9s sor\u00e1n a hengert megfelel\u0151en igaz\u00edtsa be.<\/li>\n<li>Haszn\u00e1ljon megfelel\u0151 r\u00f6gz\u00edt\u0151konzolokat a henger r\u00f6gz\u00edt\u00e9s\u00e9hez.<\/li>\n<\/ul>\n<p><img decoding=\"async\" src=\"https:\/\/www.hydraulic-cylinders.net\/wp-content\/uploads\/2025\/01\/songte-chushion-collar.webp\" alt=\"P\u00e1rna gall\u00e9r\" \/><\/p>\n<h2>Karbantart\u00e1si feladatok<\/h2>\n<p>A serleghenger gyakori karbantart\u00e1si feladatai k\u00f6z\u00e9 tartozik a rendszeres ellen\u0151rz\u00e9s, a megfelel\u0151 ken\u00e9s, a t\u00f6m\u00edt\u00e9sek cser\u00e9je \u00e9s a kalibr\u00e1ci\u00f3s ellen\u0151rz\u00e9s. Fontos hangs\u00falyozni a helyes beszerel\u00e9s, ken\u00e9s \u00e9s be\u00e1ll\u00edt\u00e1s fontoss\u00e1g\u00e1t. \u00datmutat\u00e1st kell adni a henger megfelel\u0151 be\u00e1ll\u00edt\u00e1s\u00e1hoz a telep\u00edt\u00e9s sor\u00e1n, \u00e9s javasolni kell a megfelel\u0151 r\u00f6gz\u00edt\u0151konzolok haszn\u00e1lat\u00e1t a henger r\u00f6gz\u00edt\u00e9s\u00e9hez. Aj\u00e1nlott ellen\u0151rz\u00e9si, jav\u00edt\u00e1si \u00e9s csere elj\u00e1r\u00e1sokat kell biztos\u00edtani, valamint tippeket kell adni a serleghenger \u00e9lettartam\u00e1nak meghosszabb\u00edt\u00e1s\u00e1ra.<\/p>\n<p><img decoding=\"async\" src=\"https:\/\/www.hydraulic-cylinders.net\/wp-content\/uploads\/2025\/01\/songte-bushings-with-all-kinds-of-excavator-models.webp\" alt=\"Kotr\u00f3g\u00e9p perselyek\" \/><\/p>\n<h2>Biztons\u00e1gi szempontok \u00e9s k\u00f6rnyezeti t\u00e9nyez\u0151k<\/h2>\n<p>V\u00f6dr\u00f6s hengerek haszn\u00e1latakor fontos a biztons\u00e1gi int\u00e9zked\u00e9sek priorit\u00e1sk\u00e9nt val\u00f3 kezel\u00e9se. A k\u00f6rnyezeti t\u00e9nyez\u0151ket is figyelembe kell venni.<\/p>\n<h2>Hibadiagn\u00f3zis \u00e9s gyakori probl\u00e9m\u00e1k<\/h2>\n<p>A kan\u00e1lhengerekkel kapcsolatos gyakori hib\u00e1k \u00e9s probl\u00e9m\u00e1k a k\u00f6vetkez\u0151k:<\/p>\n<ul>\n<li>Sziv\u00e1rg\u00e1s<\/li>\n<li>Lass\u00fa m\u0171k\u00f6d\u00e9s<\/li>\n<li>El\u00e9gtelen er\u0151<\/li>\n<\/ul>\n<p>Hibaelh\u00e1r\u00edt\u00e1si tippeket \u00e9s megold\u00e1sokat k\u00edn\u00e1ljon az olvas\u00f3knak, hogy hat\u00e9konyan diagnosztiz\u00e1lhassa \u00e9s megoldhassa a probl\u00e9m\u00e1kat. Megel\u0151z\u0151 int\u00e9zked\u00e9seket k\u00edn\u00e1ljon a lehets\u00e9ges probl\u00e9m\u00e1k minimaliz\u00e1l\u00e1sa \u00e9rdek\u00e9ben.<\/p>\n<p><img decoding=\"async\" src=\"https:\/\/www.hydraulic-cylinders.net\/wp-content\/uploads\/2025\/01\/songte-company-1.webp\" alt=\"C\u00e9ginform\u00e1ci\u00f3\" \/><\/p>\n<h2>C\u00e9g\u00fcnkr\u0151l<\/h2>\n<p>We are a manufacturer of hydraulic cylinder replacements. Our company offers a wide range of products and is one of the leading manufacturers and wholesale distributors of hydraulic cylinders in the domestic and international markets. We adhere to the principles of excellence and rely on industrial production management strategies in our finely equipped manufacturing workshops. By utilizing technological talent, advanced manufacturing equipment, and professional testing systems, we continuously improve our manufacturing platform and product quality production route. Our company possesses strong creative capabilities and aims to meet customers&#8217; diverse needs with high efficiency, precision, and quality.<\/p>\n<p><img decoding=\"async\" src=\"https:\/\/www.hydraulic-cylinders.net\/wp-content\/uploads\/2025\/01\/songte-company-3.webp\" alt=\"C\u00e9gadatok\" \/><\/p>\n<p>C\u00e9g\u00fcnk a k\u00f6vetkez\u0151kr\u0151l ismert:<\/p>\n<ul>\n<li>Szakmaiass\u00e1g<\/li>\n<li>Nemzetk\u00f6zi tan\u00fas\u00edtv\u00e1nyok<\/li>\n<li>Testreszab\u00e1si szolg\u00e1ltat\u00e1sok<\/li>\n<li>Korszer\u0171 gy\u00e1rt\u00f3berendez\u00e9sek<\/li>\n<li>\u00c9rt\u00e9kes\u00edt\u00e9s ut\u00e1ni szolg\u00e1ltat\u00e1sok<\/li>\n<\/ul>\n<footer>\n<p>Szerz\u0151: lyl<\/p>\n<\/footer>\n<p><\/body><br \/>\n<\/html><\/p>","protected":false},"excerpt":{"rendered":"<p>Bucket Cylinder For Bada WYS60 Bucket Cylinder For Bada WYS60 Introduction The bucket cylinder for Bada WYS60 is a specially designed hydraulic cylinder used to control the movement of the bucket in heavy machinery such as excavators, backhoe loaders, and front-end loaders. Its main function is to enable the lifting, lowering, and tilting of the [&hellip;]<\/p>","protected":false},"featured_media":14782,"comment_status":"open","ping_status":"closed","template":"","meta":{"_et_pb_use_builder":"","_et_pb_old_content":"","_et_gb_content_width":""},"product_brand":[],"product_cat":[1494],"product_tag":[1495,1496],"class_list":{"0":"post-15947","1":"product","2":"type-product","3":"status-publish","4":"has-post-thumbnail","6":"product_cat-bucket-cylinders","7":"product_tag-bucket-cylinders","8":"product_tag-hydraulic-cylinders","10":"first","11":"instock","12":"shipping-taxable","13":"product-type-simple"},"amp_enabled":true,"_links":{"self":[{"href":"https:\/\/www.hydraulic-cylinders.net\/hu\/wp-json\/wp\/v2\/product\/15947","targetHints":{"allow":["GET"]}}],"collection":[{"href":"https:\/\/www.hydraulic-cylinders.net\/hu\/wp-json\/wp\/v2\/product"}],"about":[{"href":"https:\/\/www.hydraulic-cylinders.net\/hu\/wp-json\/wp\/v2\/types\/product"}],"replies":[{"embeddable":true,"href":"https:\/\/www.hydraulic-cylinders.net\/hu\/wp-json\/wp\/v2\/comments?post=15947"}],"wp:featuredmedia":[{"embeddable":true,"href":"https:\/\/www.hydraulic-cylinders.net\/hu\/wp-json\/wp\/v2\/media\/14782"}],"wp:attachment":[{"href":"https:\/\/www.hydraulic-cylinders.net\/hu\/wp-json\/wp\/v2\/media?parent=15947"}],"wp:term":[{"taxonomy":"product_brand","embeddable":true,"href":"https:\/\/www.hydraulic-cylinders.net\/hu\/wp-json\/wp\/v2\/product_brand?post=15947"},{"taxonomy":"product_cat","embeddable":true,"href":"https:\/\/www.hydraulic-cylinders.net\/hu\/wp-json\/wp\/v2\/product_cat?post=15947"},{"taxonomy":"product_tag","embeddable":true,"href":"https:\/\/www.hydraulic-cylinders.net\/hu\/wp-json\/wp\/v2\/product_tag?post=15947"}],"curies":[{"name":"munkaf\u00fczet","href":"https:\/\/api.w.org\/{rel}","templated":true}]}}