{"id":1595,"date":"2023-10-07T08:23:14","date_gmt":"2023-10-07T08:23:14","guid":{"rendered":"https:\/\/hydraulic-cylinders.net\/?post_type=product&#038;p=1595"},"modified":"2025-04-11T03:36:18","modified_gmt":"2025-04-11T03:36:18","slug":"mining-dump-truck-rear-suspension-cylinder","status":"publish","type":"product","link":"https:\/\/www.hydraulic-cylinders.net\/hu\/termek\/mining-dump-truck-rear-suspension-cylinder\/","title":{"rendered":"B\u00e1ny\u00e1szati \u200b\u200bd\u00f6mper h\u00e1ts\u00f3 felf\u00fcggeszt\u00e9si henger"},"content":{"rendered":"<h1 style=\"text-align: center;\"><strong>B\u00e1ny\u00e1szati \u200b\u200bd\u00f6mper h\u00e1ts\u00f3 felf\u00fcggeszt\u00e9si henger<\/strong><\/h1>\n<p><img loading=\"lazy\" decoding=\"async\" class=\"aligncenter wp-image-1596\" src=\"https:\/\/hydraulic-cylinders.net\/wp-content\/uploads\/2023\/10\/rear-suspension-cylinder-1-300x300.webp\" alt=\"\" width=\"400\" height=\"400\" \/><\/p>\n<p>A b\u00e1ny\u00e1szati \u200b\u200bd\u00f6mperek h\u00e1ts\u00f3 felf\u00fcggeszt\u00e9si hengere egy l\u00e9tfontoss\u00e1g\u00fa alkatr\u00e9sz, amelyet kifejezetten a b\u00e1ny\u00e1szati \u200b\u200bd\u00f6mperek stabilit\u00e1s\u00e1nak \u00e9s teljes\u00edtm\u00e9ny\u00e9nek optimaliz\u00e1l\u00e1s\u00e1ra terveztek. Robusztus konstrukci\u00f3j\u00e1nak \u00e9s fejlett funkci\u00f3inak k\u00f6sz\u00f6nhet\u0151en ez a henger kulcsszerepet j\u00e1tszik az \u00fct\u00e9sek elnyel\u00e9s\u00e9ben, a megfelel\u0151 felf\u00fcggeszt\u00e9s fenntart\u00e1s\u00e1ban \u00e9s a neh\u00e9z b\u00e1ny\u00e1szati \u200b\u200bm\u0171veletek \u00e1ltal\u00e1nos hat\u00e9konys\u00e1g\u00e1nak n\u00f6vel\u00e9s\u00e9ben.<\/p>\n<p>A b\u00e1ny\u00e1szati \u200b\u200bd\u00f6mper h\u00e1ts\u00f3 felf\u00fcggeszt\u00e9si hengere alapvet\u0151 fontoss\u00e1g\u00fa elem a b\u00e1ny\u00e1szati \u200b\u200bd\u00f6mperek stabilit\u00e1s\u00e1nak, teherb\u00edr\u00e1s\u00e1nak \u00e9s \u00e1ltal\u00e1nos teljes\u00edtm\u00e9ny\u00e9nek n\u00f6vel\u00e9s\u00e9hez. Robusztus fel\u00e9p\u00edt\u00e9se, kiv\u00e1l\u00f3 leng\u00e9scsillap\u00edt\u00e1sa \u00e9s prec\u00edz felf\u00fcggeszt\u00e9s-vez\u00e9rl\u00e9se \u00e9rt\u00e9kes eszk\u00f6zz\u00e9 teszi az ig\u00e9nyes b\u00e1ny\u00e1szati \u200b\u200biparban. A megfelel\u0151 haszn\u00e1lati m\u00f3dszerek betart\u00e1s\u00e1val \u00e9s a rendszeres karbantart\u00e1si gyakorlatok elv\u00e9gz\u00e9s\u00e9vel a kezel\u0151k biztos\u00edthatj\u00e1k a b\u00e1ny\u00e1szati \u200b\u200bd\u00f6mper h\u00e1ts\u00f3 felf\u00fcggeszt\u00e9si henger\u00e9nek hossz\u00fa \u00e9lettartam\u00e1t \u00e9s megb\u00edzhat\u00f3s\u00e1g\u00e1t, ami biztons\u00e1gos \u00e9s hat\u00e9kony b\u00e1ny\u00e1szati \u200b\u200bm\u0171veletekhez vezet. V\u00e1lassza ezt a nagy teljes\u00edtm\u00e9ny\u0171 hengert a b\u00e1ny\u00e1szati \u200b\u200bd\u00f6mperflott\u00e1ja stabilit\u00e1s\u00e1nak, termel\u00e9kenys\u00e9g\u00e9nek \u00e9s kezel\u0151i k\u00e9nyelm\u00e9nek n\u00f6vel\u00e9s\u00e9hez.<\/p>\n<p>B\u00e1ny\u00e1szati \u200b\u200bd\u00f6mper h\u00e1ts\u00f3 felf\u00fcggeszt\u00e9si henger f\u0151bb jellemz\u0151i:<\/p>\n<ol>\n<li>Robusztus \u00e9s tart\u00f3s konstrukci\u00f3:<\/li>\n<\/ol>\n<ul>\n<li>A b\u00e1ny\u00e1szati \u200b\u200bd\u00f6mper h\u00e1ts\u00f3 felf\u00fcggeszt\u00e9si hengere kiv\u00e1l\u00f3 min\u0151s\u00e9g\u0171 anyagokb\u00f3l k\u00e9sz\u00fclt, ami biztos\u00edtja a tart\u00f3ss\u00e1g\u00e1t \u00e9s hossz\u00fa \u00e9lettartam\u00e1t zord b\u00e1ny\u00e1szati \u200b\u200bk\u00f6rnyezetben.<\/li>\n<li>Kib\u00edrja a nagy terhel\u00e9seket, az \u00e1lland\u00f3 rezg\u00e9seket \u00e9s a kih\u00edv\u00e1st jelent\u0151 terepviszonyokat, megb\u00edzhat\u00f3 teljes\u00edtm\u00e9nyt ny\u00fajtva teljes \u00e9lettartama alatt.<\/li>\n<\/ul>\n<ol start=\"2\">\n<li>Kiv\u00e1l\u00f3 \u00fct\u00e9scsillap\u00edt\u00e1s:<\/li>\n<\/ol>\n<ul>\n<li>Ez a henger fejlett \u00fct\u00e9selnyel\u0151 technol\u00f3gi\u00e1val van felszerelve, amely hat\u00e9konyan minimaliz\u00e1lja a b\u00e1ny\u00e1szati \u200b\u200bm\u0171veletek sor\u00e1n fell\u00e9p\u0151 \u00fct\u00e9sek \u00e9s rezg\u00e9sek hat\u00e1s\u00e1t.<\/li>\n<li>N\u00f6veli a d\u00f6mper stabilit\u00e1s\u00e1t, cs\u00f6kkenti a j\u00e1rm\u0171 alkatr\u00e9szeire nehezed\u0151 terhel\u00e9st, \u00e9s sim\u00e1bb, k\u00e9nyelmesebb utaz\u00e1st biztos\u00edt mind a vezet\u0151, mind a rakom\u00e1ny sz\u00e1m\u00e1ra.<\/li>\n<\/ul>\n<ol start=\"3\">\n<li>Prec\u00edz felf\u00fcggeszt\u00e9s-szab\u00e1lyoz\u00e1s:<\/li>\n<\/ol>\n<ul>\n<li>A b\u00e1ny\u00e1szati \u200b\u200bd\u00f6mper h\u00e1ts\u00f3 felf\u00fcggeszt\u00e9si hengere lehet\u0151v\u00e9 teszi a felf\u00fcggeszt\u00e9si rendszer prec\u00edz vez\u00e9rl\u00e9s\u00e9t, lehet\u0151v\u00e9 t\u00e9ve a kezel\u0151k sz\u00e1m\u00e1ra, hogy a felf\u00fcggeszt\u00e9si be\u00e1ll\u00edt\u00e1sokat az adott b\u00e1ny\u00e1szati \u200b\u200bk\u00f6r\u00fclm\u00e9nyeknek megfelel\u0151en m\u00f3dos\u00edts\u00e1k.<\/li>\n<li>Ez a funkci\u00f3 seg\u00edt optimaliz\u00e1lni a teheraut\u00f3 teljes\u00edtm\u00e9ny\u00e9t az\u00e1ltal, hogy biztos\u00edtja a megfelel\u0151 egyens\u00falyt a teherb\u00edr\u00e1s, a man\u0151verezhet\u0151s\u00e9g \u00e9s a stabilit\u00e1s k\u00f6z\u00f6tt.<\/li>\n<\/ul>\n<h2><strong>B\u00e1ny\u00e1szati \u200b\u200bd\u00f6mper h\u00e1ts\u00f3 felf\u00fcggeszt\u00e9si henger param\u00e9tere:<\/strong><\/h2>\n<table border=\"1\" cellspacing=\"0\" cellpadding=\"0\">\n<tbody>\n<tr>\n<td>Term\u00e9k neve<\/td>\n<td>B\u00e1ny\u00e1szati \u200b\u200bd\u00f6mper h\u00e1ts\u00f3 felf\u00fcggeszt\u00e9si henger<\/td>\n<\/tr>\n<tr>\n<td>Jellemz\u0151k:<\/td>\n<td>S\u00falytart\u00e1s, rezg\u00e9selnyel\u00e9s \u00e9s kik\u00fcsz\u00f6b\u00f6l\u00e9s<\/td>\n<\/tr>\n<tr>\n<td>Furat\u00e1tm\u00e9r\u0151:<\/td>\n<td>150 mm\uff5e450 mm<\/td>\n<\/tr>\n<tr>\n<td>R\u00fad \u00e1tm\u00e9r\u0151je:<\/td>\n<td>120 mm\uff5e400 mm<br \/>\nL\u00f6ket \u2264400 mm<\/td>\n<\/tr>\n<tr>\n<td>Tol\u00f3er\u0151:<\/td>\n<td>Maximum38MPa<\/td>\n<\/tr>\n<tr>\n<td>H\u00e1ts\u00f3 felf\u00fcggeszt\u00e9s henger alkalmaz\u00e1sai:<\/td>\n<td>B\u00e1ny\u00e1szati \u200b\u200bd\u00f6mper<\/td>\n<\/tr>\n<\/tbody>\n<\/table>\n<h2><strong>B\u00e1ny\u00e1szati \u200b\u200bd\u00f6mper henger azonos\u00edt\u00f3 rajza:<\/strong><\/h2>\n<p><img loading=\"lazy\" decoding=\"async\" class=\"alignnone wp-image-1594 size-full\" src=\"https:\/\/hydraulic-cylinders.net\/wp-content\/uploads\/2023\/10\/mining-dump-truck-cylinder.webp\" alt=\"\" width=\"1418\" height=\"946\" srcset=\"https:\/\/hydraulic-cylinders.net\/wp-content\/uploads\/2023\/10\/mining-dump-truck-cylinder.webp 1418w, https:\/\/hydraulic-cylinders.net\/wp-content\/uploads\/2023\/10\/mining-dump-truck-cylinder-1280x854.webp 1280w, https:\/\/hydraulic-cylinders.net\/wp-content\/uploads\/2023\/10\/mining-dump-truck-cylinder-980x654.webp 980w, https:\/\/hydraulic-cylinders.net\/wp-content\/uploads\/2023\/10\/mining-dump-truck-cylinder-480x320.webp 480w\" sizes=\"(min-width: 0px) and (max-width: 480px) 480px, (min-width: 481px) and (max-width: 980px) 980px, (min-width: 981px) and (max-width: 1280px) 1280px, (min-width: 1281px) 1418px, 100vw\" \/><\/p>\n<h2><strong>A b\u00e1ny\u00e1szati \u200b\u200bd\u00f6mper h\u00e1ts\u00f3 felf\u00fcggeszt\u00e9si henger\u00e9nek haszn\u00e1lati m\u00f3dja<\/strong><strong>:<\/strong><\/h2>\n<ol>\n<li><strong>Telep\u00edt\u00e9s \u00e9s kalibr\u00e1l\u00e1s:<\/strong><\/li>\n<\/ol>\n<ul>\n<li>A b\u00e1ny\u00e1szati \u200b\u200bd\u00f6mper h\u00e1ts\u00f3 felf\u00fcggeszt\u00e9si henger\u00e9t olyan k\u00e9pzett szakembereknek kell beszerelnie \u00e9s kalibr\u00e1lnia, akik ismerik a b\u00e1ny\u00e1szati \u200b\u200bd\u00f6mperek saj\u00e1tos k\u00f6vetelm\u00e9nyeit.<\/li>\n<li>A megfelel\u0151 telep\u00edt\u00e9s \u00e9s kalibr\u00e1l\u00e1s biztos\u00edtja az optim\u00e1lis teljes\u00edtm\u00e9nyt \u00e9s a biztons\u00e1gi el\u0151\u00edr\u00e1sok betart\u00e1s\u00e1t.<\/li>\n<\/ul>\n<ol start=\"2\">\n<li><strong>Felf\u00fcggeszt\u00e9s be\u00e1ll\u00edt\u00e1sa:<\/strong><\/li>\n<\/ol>\n<ul>\n<li>Haszn\u00e1lja a teheraut\u00f3 f\u00fclk\u00e9j\u00e9ben tal\u00e1lhat\u00f3 felf\u00fcggeszt\u00e9s-vez\u00e9rl\u0151 rendszert a h\u00e1ts\u00f3 felf\u00fcggeszt\u00e9s be\u00e1ll\u00edt\u00e1s\u00e1hoz.<\/li>\n<li>A felf\u00fcggeszt\u00e9s be\u00e1ll\u00edt\u00e1sakor vegye figyelembe olyan t\u00e9nyez\u0151ket, mint a rakom\u00e1ny s\u00falya, a terepviszonyok \u00e9s a k\u00edv\u00e1nt hasmagass\u00e1g.<\/li>\n<\/ul>\n<ol start=\"3\">\n<li><strong>Rendszeres ellen\u0151rz\u00e9s:<\/strong><\/li>\n<\/ol>\n<ul>\n<li>Folyamatosan figyelje a b\u00e1ny\u00e1szati \u200b\u200bd\u00f6mper h\u00e1ts\u00f3 felf\u00fcggeszt\u00e9si rendszer\u00e9nek teljes\u00edtm\u00e9ny\u00e9t \u00fczem k\u00f6zben.<\/li>\n<li>Figyeljen a t\u00falzott r\u00e1zk\u00f3d\u00e1s, instabilit\u00e1s vagy szokatlan zajok jeleire, mivel ezek be\u00e1ll\u00edt\u00e1s vagy karbantart\u00e1s sz\u00fcks\u00e9gess\u00e9g\u00e9re utalhatnak.<\/li>\n<\/ul>\n<h2><strong>Mi a t\u00f6lt\u0151nyom\u00e1s a hidraulikus rendszerben?<\/strong><\/h2>\n<p>Egy hidraulikus rendszerben a t\u00f6lt\u0151nyom\u00e1s a hidraulikafolyad\u00e9k nyom\u00e1s\u00e1t jelenti a rendszeren bel\u00fcl. Ez az a nyom\u00e1s, amelyet egy k\u00fcls\u0151 energiaforr\u00e1s, p\u00e9ld\u00e1ul egy szivatty\u00fa vagy akkumul\u00e1tor fejt ki a folyad\u00e9kra, hogy biztos\u00edtsa a rendszer rendeltet\u00e9sszer\u0171 m\u0171k\u00f6d\u00e9s\u00e9hez sz\u00fcks\u00e9ges energi\u00e1t.<\/p>\n<p>A t\u00f6lt\u0151nyom\u00e1s kulcsfontoss\u00e1g\u00fa param\u00e9ter a hidraulikus rendszerben, mivel ez hat\u00e1rozza meg a hidraulikus m\u0171k\u00f6dtet\u0151k, p\u00e9ld\u00e1ul hengerek vagy motorok m\u0171k\u00f6d\u00e9si erej\u00e9t \u00e9s sebess\u00e9g\u00e9t. \u00cdme n\u00e9h\u00e1ny fontos szempont a t\u00f6lt\u0151nyom\u00e1ssal kapcsolatban:<\/p>\n<ol>\n<li><strong>Energiatermel\u00e9s:<\/strong> A hidraulikus szivatty\u00fa els\u0151sorban t\u00f6lt\u0151nyom\u00e1st gener\u00e1l, amely folyad\u00e9kot sz\u00edv ki a tart\u00e1lyb\u00f3l \u00e9s nyom\u00e1s al\u00e1 helyezi azt. A szivatty\u00fa folyamatosan ell\u00e1tja a rendszert egy meghat\u00e1rozott nyom\u00e1ssal, hogy biztos\u00edtsa az \u00e1lland\u00f3 m\u0171k\u00f6d\u00e9st.<\/li>\n<li><strong>Rendszertervez\u00e9s:<\/strong> A t\u00f6lt\u0151nyom\u00e1st jellemz\u0151en a hidraulikus rendszer tervez\u00e9si k\u00f6vetelm\u00e9nyei hat\u00e1rozz\u00e1k meg. Olyan t\u00e9nyez\u0151k befoly\u00e1solj\u00e1k, mint a teherb\u00edr\u00e1s, a k\u00edv\u00e1nt \u00fczemi sebess\u00e9g \u00e9s a m\u0171k\u00f6dtet\u0151 t\u00edpusa.<\/li>\n<li><strong>Nyom\u00e1sszab\u00e1lyoz\u00e1s:<\/strong> A hidraulikus rendszerek gyakran tartalmaznak nyom\u00e1scs\u00f6kkent\u0151 vagy szab\u00e1lyoz\u00f3 szelepeket a t\u00f6lt\u0151nyom\u00e1s szab\u00e1lyoz\u00e1s\u00e1ra. Ezek a szelepek biztos\u00edtj\u00e1k, hogy a nyom\u00e1s biztons\u00e1gos \u00e9s optim\u00e1lis tartom\u00e1nyon bel\u00fcl maradjon, megv\u00e9dve a rendszert a t\u00falnyom\u00e1st\u00f3l.<\/li>\n<li><strong>Er\u0151 \u00e9s sebess\u00e9g:<\/strong> A t\u00f6lt\u0151nyom\u00e1s k\u00f6zvetlen\u00fcl befoly\u00e1solja a hidraulikus aktu\u00e1torok m\u0171k\u00f6d\u00e9si teljes\u00edtm\u00e9ny\u00e9t \u00e9s sebess\u00e9g\u00e9t. A magasabb t\u00f6lt\u0151nyom\u00e1s n\u00f6veli az er\u0151kifejt\u00e9st, lehet\u0151v\u00e9 t\u00e9ve a rendszer sz\u00e1m\u00e1ra, hogy nehezebb terheket mozgasson. Ezzel szemben az alacsonyabb t\u00f6lt\u0151nyom\u00e1s cs\u00f6kkentheti az er\u0151kifejt\u00e9st, de sim\u00e1bb \u00e9s pontosabb vez\u00e9rl\u00e9st biztos\u00edt bizonyos alkalmaz\u00e1sokhoz.<\/li>\n<li><strong>Hat\u00e9konys\u00e1g \u00e9s h\u0151termel\u00e9s:<\/strong> A t\u00f6lt\u0151nyom\u00e1s a hidraulikus rendszer \u00e1ltal\u00e1nos hat\u00e1sfok\u00e1t is befoly\u00e1solja. A magasabb t\u00f6lt\u0151nyom\u00e1s n\u00f6velheti az energiafogyaszt\u00e1st \u00e9s t\u00f6bb h\u0151t termelhet a rendszerben. A hat\u00e9kony nyom\u00e1sszab\u00e1lyoz\u00e1s \u00e9s a megfelel\u0151 rendszertervez\u00e9s seg\u00edt cs\u00f6kkenteni az energiavesztes\u00e9get \u00e9s kezelni a h\u0151elvezet\u00e9st.<\/li>\n<li><strong>Nyom\u00e1svesztes\u00e9gek:<\/strong> Fontos figyelembe venni a hidraulikus rendszerben fell\u00e9p\u0151 nyom\u00e1svesztes\u00e9geket a folyad\u00e9k s\u00farl\u00f3d\u00e1sa, az \u00e1raml\u00e1si korl\u00e1toz\u00e1sok, valamint a szelepek \u00e9s alkatr\u00e9szek k\u00f6z\u00f6tti nyom\u00e1ses\u00e9sek miatt. Ezek a vesztes\u00e9gek befoly\u00e1solhatj\u00e1k a m\u0171k\u00f6dtet\u0151k \u00e1ltal tapasztalt t\u00e9nyleges t\u00f6lt\u0151nyom\u00e1st, \u00e9s a k\u00edv\u00e1nt teljes\u00edtm\u00e9ny fenntart\u00e1sa \u00e9rdek\u00e9ben minimaliz\u00e1lni kell \u0151ket.<\/li>\n<\/ol>\n<h2><strong>A gy\u00e1r kapacit\u00e1sa \u00e9s kapacit\u00e1sa:<\/strong><\/h2>\n<h3>(1) \u00d6sszeszerel\u00e9s<\/h3>\n<p>Els\u0151 oszt\u00e1ly\u00fa f\u00fcggetlen kutat\u00e1si \u00e9s fejleszt\u00e9si \u00f6sszeszerel\u00e9si platformmal rendelkez\u00fcnk. A hidraulikus hengergy\u00e1rt\u00f3 m\u0171hely n\u00e9gy f\u00e9lautomata emel\u0151henger-\u00f6sszeszerel\u0151 sorral \u00e9s egy automata billen\u0151henger-\u00f6sszeszerel\u0151 sorral rendelkezik, tervezett \u00e9ves gy\u00e1rt\u00e1si kapacit\u00e1sa 1 milli\u00f3 darab. A speci\u00e1lis henger m\u0171hely k\u00fcl\u00f6nb\u00f6z\u0151 specifik\u00e1ci\u00f3j\u00fa f\u00e9lautomata tiszt\u00edt\u00f3 \u00f6sszeszerel\u0151 rendszerrel van felszerelve, amelynek tervezett \u00e9ves termel\u00e9si kapacit\u00e1sa 200.000, \u00e9s h\u00edres CNC megmunk\u00e1l\u00f3 berendez\u00e9ssel, megmunk\u00e1l\u00f3 k\u00f6zponttal, nagy pontoss\u00e1g\u00fa hengerfeldolgoz\u00f3 speci\u00e1lis berendez\u00e9ssel, robothegeszt\u0151 g\u00e9ppel, automatikus tiszt\u00edt\u00f3g\u00e9ppel, automatikus henger \u00f6sszeszerel\u0151 g\u00e9ppel \u00e9s automatikus fest\u00e9si gy\u00e1rt\u00f3sorral van felszerelve. A megl\u00e9v\u0151 kritikus berendez\u00e9sek t\u00f6bb mint 300 k\u00e9szlet (k\u00e9szlet). A berendez\u00e9sek er\u0151forr\u00e1sainak optim\u00e1lis eloszt\u00e1sa \u00e9s hat\u00e9kony felhaszn\u00e1l\u00e1sa biztos\u00edtja a term\u00e9kek pontoss\u00e1gi k\u00f6vetelm\u00e9nyeit \u00e9s megfelel a term\u00e9kek min\u0151s\u00e9gi ig\u00e9nyeinek.<\/p>\n<p><img loading=\"lazy\" decoding=\"async\" class=\"alignnone wp-image-626\" src=\"https:\/\/hydraulic-cylinders.net\/wp-content\/uploads\/2023\/08\/hydraulic-cylinder-product-1-300x158.webp\" alt=\"\" width=\"495\" height=\"260\" srcset=\"https:\/\/hydraulic-cylinders.net\/wp-content\/uploads\/2023\/08\/hydraulic-cylinder-product-1-300x158.webp 495w, https:\/\/hydraulic-cylinders.net\/wp-content\/uploads\/2023\/08\/hydraulic-cylinder-product-1-480x252.webp 480w\" sizes=\"(min-width: 0px) and (max-width: 480px) 480px, (min-width: 481px) 495px, 100vw\" \/> <img loading=\"lazy\" decoding=\"async\" class=\"alignnone wp-image-627\" src=\"https:\/\/hydraulic-cylinders.net\/wp-content\/uploads\/2023\/08\/hydraulic-cylinder-product-2-300x189.webp\" alt=\"\" width=\"413\" height=\"260\" \/><\/p>\n<h3>(2) Megmunk\u00e1l\u00e1s<\/h3>\n<p>A megmunk\u00e1l\u00f3m\u0171hely egyedi, ferde s\u00edneszterg\u00e1l\u00f3 k\u00f6zponttal, megmunk\u00e1l\u00f3k\u00f6zponttal, nagysebess\u00e9g\u0171 h\u00f3nol\u00f3g\u00e9ppel, hegeszt\u0151robottal \u00e9s egy\u00e9b kapcsol\u00f3d\u00f3 berendez\u00e9sekkel van felszerelve, amelyek legfeljebb 400 mm bels\u0151 \u00e1tm\u00e9r\u0151j\u0171 \u00e9s legfeljebb 6 m\u00e9ter hossz\u00fa hengercs\u00f6vek megmunk\u00e1l\u00e1s\u00e1ra k\u00e9pesek.<\/p>\n<p><img loading=\"lazy\" decoding=\"async\" class=\"alignnone wp-image-628 size-large\" src=\"https:\/\/hydraulic-cylinders.net\/wp-content\/uploads\/2023\/08\/hydraulic-cylinder-product-3-1024x391.webp\" alt=\"\" width=\"1024\" height=\"391\" srcset=\"https:\/\/hydraulic-cylinders.net\/wp-content\/uploads\/2023\/08\/hydraulic-cylinder-product-3-980x374.webp 980w, https:\/\/hydraulic-cylinders.net\/wp-content\/uploads\/2023\/08\/hydraulic-cylinder-product-3-480x183.webp 480w\" sizes=\"(min-width: 0px) and (max-width: 480px) 480px, (min-width: 481px) and (max-width: 980px) 980px, (min-width: 981px) 1024px, 100vw\" \/><\/p>\n<h3>(3) Hegeszt\u00e9s<\/h3>\n<p><img loading=\"lazy\" decoding=\"async\" class=\"alignnone wp-image-629 size-large\" src=\"https:\/\/hydraulic-cylinders.net\/wp-content\/uploads\/2023\/08\/hydraulic-cylinder-product-4-1024x510.webp\" alt=\"\" width=\"1024\" height=\"510\" srcset=\"https:\/\/hydraulic-cylinders.net\/wp-content\/uploads\/2023\/08\/hydraulic-cylinder-product-4-980x488.webp 980w, https:\/\/hydraulic-cylinders.net\/wp-content\/uploads\/2023\/08\/hydraulic-cylinder-product-4-480x239.webp 480w\" sizes=\"(min-width: 0px) and (max-width: 480px) 480px, (min-width: 481px) and (max-width: 980px) 980px, (min-width: 981px) 1024px, 100vw\" \/><\/p>\n<h3>(4) Fest\u00e9s \u00e9s bevonatol\u00e1s<\/h3>\n<p>Kis \u00e9s k\u00f6zepes m\u00e9ret\u0171 hengeres automatikus v\u00edzb\u00e1zis\u00fa fest\u00e9kbevon\u00f3 sorokkal, az automatikus robot be- \u00e9s kirakod\u00e1s, valamint az automatikus permetez\u00e9s megval\u00f3s\u00edt\u00e1s\u00e1hoz, a tervez\u00e9si kapacit\u00e1s m\u0171szakonk\u00e9nt 4000 darab;<br \/>\nRendelkez\u00fcnk egy f\u00e9lautomata fest\u00e9kgy\u00e1rt\u00f3sorral is nagym\u00e9ret\u0171 palackokhoz, amelyet egy er\u0151\u00e1tviteli l\u00e1nc hajt, m\u0171szakonk\u00e9nt 60 doboz tervez\u00e9si kapacit\u00e1ssal.<\/p>\n<p><img loading=\"lazy\" decoding=\"async\" class=\"alignnone wp-image-630\" src=\"https:\/\/hydraulic-cylinders.net\/wp-content\/uploads\/2023\/08\/hydraulic-cylinder-product-5-300x213.webp\" alt=\"\" width=\"366\" height=\"260\" \/> <img loading=\"lazy\" decoding=\"async\" class=\"alignnone wp-image-631\" src=\"https:\/\/hydraulic-cylinders.net\/wp-content\/uploads\/2023\/08\/hydraulic-cylinder-product-6-300x225.webp\" alt=\"\" width=\"347\" height=\"260\" \/><\/p>\n<h3>(5) Tesztel\u00e9s<\/h3>\n<p>Els\u0151 oszt\u00e1ly\u00fa ellen\u0151rz\u0151 l\u00e9tes\u00edtm\u00e9nyekkel \u00e9s tesztpadokkal rendelkez\u00fcnk annak biztos\u00edt\u00e1s\u00e1ra, hogy a palack teljes\u00edtm\u00e9nye megfeleljen a k\u00f6vetelm\u00e9nyeknek.<\/p>\n<p><img loading=\"lazy\" decoding=\"async\" class=\"alignnone wp-image-632\" src=\"https:\/\/hydraulic-cylinders.net\/wp-content\/uploads\/2023\/08\/hydraulic-cylinder-product-8-300x200.webp\" alt=\"\" width=\"389\" height=\"260\" \/><\/p>\n<p>&nbsp;<\/p>\n<p>&nbsp;<\/p>\n<p>Mi vagyunk az egyik legjobb hidraulikus henger gy\u00e1rt\u00f3. \u00c1tfog\u00f3 hidraulikus hengereket k\u00edn\u00e1lunk. Megfelel\u0151 szolg\u00e1ltat\u00e1sokat is biztos\u00edtunk. <a href=\"https:\/\/hzpt.com\/agricultural-pto-gearbox\/\" target=\"_blank\" rel=\"noopener\">mez\u0151gazdas\u00e1gi sebess\u00e9gv\u00e1lt\u00f3k<\/a>Term\u00e9keinket vil\u00e1gszerte export\u00e1ltuk \u00fcgyfeleinknek, \u00e9s kiv\u00e1l\u00f3 term\u00e9kmin\u0151s\u00e9g\u00fcnknek \u00e9s \u00e9rt\u00e9kes\u00edt\u00e9s ut\u00e1ni szolg\u00e1ltat\u00e1sunknak k\u00f6sz\u00f6nhet\u0151en j\u00f3 h\u00edrnevet szerezt\u00fcnk. Szeretettel v\u00e1rjuk belf\u00f6ldi \u00e9s k\u00fclf\u00f6ldi \u00fcgyfeleinket, hogy \u00fczleti t\u00e1rgyal\u00e1sok, inform\u00e1ci\u00f3csere \u00e9s egy\u00e9b lehet\u0151s\u00e9gek c\u00e9lj\u00e1b\u00f3l kapcsolatba l\u00e9pjenek vel\u00fcnk. <a href=\"https:\/\/www.hydraulic-cylinders.net\/hu\/contact-us\/\">egy\u00fcttm\u0171k\u00f6dni vel\u00fcnk<\/a>!<\/p>","protected":false},"excerpt":{"rendered":"<p>Mining Dump Truck Rear Suspension Cylinder The mining dump truck rear suspension cylinder is a vital component specifically designed to optimize the stability and performance of mining dump trucks. With its robust construction and advanced features, this cylinder plays a crucial role in absorbing shocks, maintaining proper suspension, and enhancing the overall efficiency of heavy-duty [&hellip;]<\/p>","protected":false},"featured_media":1598,"comment_status":"open","ping_status":"closed","template":"","meta":{"_et_pb_use_builder":"","_et_pb_old_content":"","_et_gb_content_width":""},"product_brand":[],"product_cat":[1550,1517,1532,1376],"product_tag":[1380],"class_list":{"0":"post-1595","1":"product","2":"type-product","3":"status-publish","4":"has-post-thumbnail","6":"product_cat-double-acting-hydraulic-cylinder","7":"product_cat-dump-truck-hydraulic-cylinders","8":"product_cat-mining-dump-truck-hydraulic-cylinders","9":"product_cat-hydraulic-cylinder","10":"product_tag-hydraulic-cylinder","12":"first","13":"instock","14":"shipping-taxable","15":"product-type-simple"},"amp_enabled":true,"_links":{"self":[{"href":"https:\/\/www.hydraulic-cylinders.net\/hu\/wp-json\/wp\/v2\/product\/1595","targetHints":{"allow":["GET"]}}],"collection":[{"href":"https:\/\/www.hydraulic-cylinders.net\/hu\/wp-json\/wp\/v2\/product"}],"about":[{"href":"https:\/\/www.hydraulic-cylinders.net\/hu\/wp-json\/wp\/v2\/types\/product"}],"replies":[{"embeddable":true,"href":"https:\/\/www.hydraulic-cylinders.net\/hu\/wp-json\/wp\/v2\/comments?post=1595"}],"wp:featuredmedia":[{"embeddable":true,"href":"https:\/\/www.hydraulic-cylinders.net\/hu\/wp-json\/wp\/v2\/media\/1598"}],"wp:attachment":[{"href":"https:\/\/www.hydraulic-cylinders.net\/hu\/wp-json\/wp\/v2\/media?parent=1595"}],"wp:term":[{"taxonomy":"product_brand","embeddable":true,"href":"https:\/\/www.hydraulic-cylinders.net\/hu\/wp-json\/wp\/v2\/product_brand?post=1595"},{"taxonomy":"product_cat","embeddable":true,"href":"https:\/\/www.hydraulic-cylinders.net\/hu\/wp-json\/wp\/v2\/product_cat?post=1595"},{"taxonomy":"product_tag","embeddable":true,"href":"https:\/\/www.hydraulic-cylinders.net\/hu\/wp-json\/wp\/v2\/product_tag?post=1595"}],"curies":[{"name":"munkaf\u00fczet","href":"https:\/\/api.w.org\/{rel}","templated":true}]}}