{"id":15950,"date":"2025-01-19T15:12:27","date_gmt":"2025-01-19T15:12:27","guid":{"rendered":"https:\/\/www.hydraulic-cylinders.net\/product\/bucket-cylinder-for-bada-wys40\/"},"modified":"2025-01-19T15:12:29","modified_gmt":"2025-01-19T15:12:29","slug":"bucket-cylinder-for-bada-wys40","status":"publish","type":"product","link":"https:\/\/www.hydraulic-cylinders.net\/hu\/termek\/bucket-cylinder-for-bada-wys40\/","title":{"rendered":"V\u00f6d\u00f6rhenger Bada WYS40-hez"},"content":{"rendered":"<h1>V\u00f6d\u00f6rhenger Bada WYS40-hez<\/h1>\n<h2>Bevezet\u00e9s<\/h2>\n<p>A kan\u00e1lhenger egy speci\u00e1lis hidraulikus henger, amelyet neh\u00e9zg\u00e9pek, p\u00e9ld\u00e1ul kotr\u00f3g\u00e9pek, kotr\u00f3g\u00e9pek \u00e9s homlokrakod\u00f3k kan\u00e1lj\u00e1nak mozg\u00e1s\u00e1nak vez\u00e9rl\u00e9s\u00e9re terveztek. Els\u0151dleges funkci\u00f3ja a kan\u00e1l emel\u00e9s\u00e9nek, s\u00fcllyeszt\u00e9s\u00e9nek \u00e9s billent\u00e9s\u00e9nek lehet\u0151v\u00e9 t\u00e9tele, megk\u00f6nny\u00edtve a k\u00fcl\u00f6nf\u00e9le anyagmozgat\u00e1si feladatok elv\u00e9gz\u00e9s\u00e9t. A hidraulikus rendszerben a kan\u00e1lhenger a hidraulikaolaj nyom\u00e1sv\u00e1ltoz\u00e1s\u00e1t haszn\u00e1lja a kan\u00e1l pontos vez\u00e9rl\u00e9s\u00e9hez, lehet\u0151v\u00e9 t\u00e9ve a kezel\u0151k sz\u00e1m\u00e1ra, hogy hat\u00e9konyan kezelj\u00e9k a neh\u00e9z terheket, \u00e9s alkalmazkodjanak az \u00f6sszetett munkak\u00f6rnyezetekhez \u00e9s a v\u00e1ltozatos munkak\u00f6vetelm\u00e9nyekhez.<\/p>\n<p><img decoding=\"async\" src=\"https:\/\/www.hydraulic-cylinders.net\/wp-content\/uploads\/2025\/01\/songte-company-2.webp\" alt=\"V\u00f6d\u00f6r henger k\u00e9pe\"><\/p>\n<h2>Jellemz\u0151k<\/h2>\n<ul>\n<li>Nagy szil\u00e1rds\u00e1g \u00e9s tart\u00f3ss\u00e1g: \u00c1ltal\u00e1ban nagy szil\u00e1rds\u00e1g\u00fa ac\u00e9lb\u00f3l vagy alum\u00edniumb\u00f3l k\u00e9sz\u00fcl, ellen\u00e1ll a nagy nyom\u00e1snak \u00e9s a nagy terhel\u00e9seknek, alkalmazkodik a zord munkak\u00f6rnyezethez, \u00e9s kop\u00e1s\u00e1ll\u00f3s\u00e1gra \u00e9s korr\u00f3zi\u00f3\u00e1ll\u00f3s\u00e1gra tervezt\u00e9k az \u00e9lettartam meghosszabb\u00edt\u00e1sa \u00e9rdek\u00e9ben.<\/li>\n<li>Hat\u00e9kony hidraulikus m\u0171k\u00f6d\u00e9s: A hidraulikaolaj nyom\u00e1s\u00e1t haszn\u00e1lva \u00e9ri el a sima t\u00e1gul\u00e1st \u00e9s \u00f6sszeh\u00faz\u00f3d\u00e1st, gyorsan reag\u00e1l a vez\u00e9rl\u0151parancsokra, er\u0151teljes tol\u00f3- \u00e9s h\u00faz\u00f3er\u0151t biztos\u00edt, \u00e9s alkalmas neh\u00e9z terhek \u00e9s \u00f6sszetett feladatok kezel\u00e9s\u00e9re.<\/li>\n<li>K\u00fcl\u00f6nb\u00f6z\u0151 t\u00edpusok: Az egyszeres m\u0171k\u00f6d\u00e9s\u0171 (csak egy ir\u00e1nyban hidraulikus) vagy kett\u0151s m\u0171k\u00f6d\u00e9s\u0171 (mindk\u00e9t ir\u00e1nyban hidraulikus) hengerek az ig\u00e9nyeknek megfelel\u0151en v\u00e1laszthat\u00f3k ki a k\u00fcl\u00f6nb\u00f6z\u0151 m\u0171k\u00f6d\u00e9si k\u00f6vetelm\u00e9nyeknek val\u00f3 megfelel\u00e9s \u00e9rdek\u00e9ben. Egyes modellek teleszk\u00f3posak, \u00edgy nagyobb kiny\u00fal\u00e1st tesznek lehet\u0151v\u00e9 a k\u00fcls\u0151 m\u00e9retek n\u00f6vel\u00e9se n\u00e9lk\u00fcl, \u00edgy alkalmasak korl\u00e1tozott helyig\u00e9ny\u0171 alkalmaz\u00e1sokhoz.<\/li>\n<li>M\u00e1s hidraulikus hengerek helyettes\u00edt\u00e9s\u00e9re haszn\u00e1lhat\u00f3.<\/li>\n<li>K\u00f6nnyen telep\u00edthet\u0151 \u00e9s karbantarthat\u00f3.<\/li>\n<\/ul>\n<p><img decoding=\"async\" src=\"https:\/\/www.hydraulic-cylinders.net\/wp-content\/uploads\/2025\/01\/songte-cylinder-head-with-all-kinds-excavator-models.webp\" alt=\"V\u00f6d\u00f6r henger k\u00e9pe\"><\/p>\n<h2>Alkalmaz\u00e1sok<\/h2>\n<p>A v\u00f6d\u00f6rhengert sz\u00e9les k\u00f6rben haszn\u00e1lj\u00e1k k\u00fcl\u00f6nf\u00e9le neh\u00e9zg\u00e9pekben, bele\u00e9rtve:<\/p>\n<ul>\n<li>\u00c9p\u00edt\u0151ipari berendez\u00e9sek: Kotr\u00f3g\u00e9pekben elengedhetetlenek a f\u00f6ldmunk\u00e1khoz, a rakod\u00e1shoz \u00e9s a talaj vagy t\u00f6rmel\u00e9k mozgat\u00e1s\u00e1hoz. A kotr\u00f3g\u00e9pekben a kan\u00e1lhenger mind a f\u00f6ldmunk\u00e1ban, mind az emel\u00e9sben seg\u00edt. <\/li>\n<li>Mez\u0151gazdas\u00e1gi g\u00e9pek: Homlokrakod\u00f3kban haszn\u00e1lj\u00e1k talaj, sz\u00e9na \u00e9s egy\u00e9b anyagok kotor\u00e1s\u00e1ra, emel\u00e9s\u00e9re \u00e9s sz\u00e1ll\u00edt\u00e1s\u00e1ra. <\/li>\n<li>Kotr\u00f3g\u00e9pek: A kan\u00e1lhengerek a talajba val\u00f3 behatol\u00e1s r\u00e9v\u00e9n \u00e9rik el a f\u00f6ldmunk\u00e1k hat\u00e1s\u00e1t. <\/li>\n<li>Rakod\u00f3k: A homlokrakod\u00f3kban hat\u00e9konyan seg\u00edtenek az \u00e1ruk emel\u00e9s\u00e9ben \u00e9s \u00fcr\u00edt\u00e9s\u00e9ben.<\/li>\n<\/ul>\n<p>A henger minden egyes alkalmaz\u00e1s\u00e1t r\u00e9szletesen ismertetj\u00fck az al\u00e1bbiakban:<\/p>\n<h3>\u00c9p\u00edt\u0151ipari berendez\u00e9sek<\/h3>\n<p>A kan\u00e1lhengerek kulcsszerepet j\u00e1tszanak a kotr\u00f3g\u00e9pekben, mivel ezek felel\u0151sek az \u00e1s\u00e1s\u00e9rt, a kotor\u00e9kol\u00e1s\u00e9rt \u00e9s a talaj, valamint a t\u00f6rmel\u00e9k mozgat\u00e1s\u00e1\u00e9rt. Lehet\u0151v\u00e9 teszik a kotr\u00f3g\u00e9pek sz\u00e1m\u00e1ra, hogy hat\u00e9konyan v\u00e9gezz\u00e9k munk\u00e1jukat, \u00e9s m\u00e9g a legnagyobb kih\u00edv\u00e1st jelent\u0151 f\u00f6ldmunk\u00e1kat is elv\u00e9gezz\u00e9k. A kotr\u00f3g\u00e9pek szint\u00e9n haszn\u00e1lnak kan\u00e1lhengereket a f\u00f6ldmunk\u00e1k \u00e9s az emel\u00e9s seg\u00edt\u00e9s\u00e9re. Ezekben a g\u00e9pekben a henger fontos szerepet j\u00e1tszik a kan\u00e1l mozg\u00e1s\u00e1nak \u00e9s helyzet\u00e9nek szab\u00e1lyoz\u00e1s\u00e1ban, lehet\u0151v\u00e9 t\u00e9ve a kezel\u0151k sz\u00e1m\u00e1ra a pontos eredm\u00e9nyek el\u00e9r\u00e9s\u00e9t.<\/p>\n<h3>Mez\u0151gazdas\u00e1gi g\u00e9pek<\/h3>\n<p>A kan\u00e1lhengereket homlokrakod\u00f3kban haszn\u00e1lj\u00e1k talaj, sz\u00e9na \u00e9s egy\u00e9b anyagok mer\u00e9s\u00e9re, emel\u00e9s\u00e9re \u00e9s sz\u00e1ll\u00edt\u00e1s\u00e1ra. A henger lehet\u0151v\u00e9 teszi a rakod\u00f3 sz\u00e1m\u00e1ra, hogy ezeket a feladatokat hat\u00e9konyan \u00e9s nagy pontoss\u00e1ggal v\u00e9gezze el. A kan\u00e1l helyzet\u00e9nek \u00e9s mozg\u00e1s\u00e1nak szab\u00e1lyoz\u00e1s\u00e1val a henger lehet\u0151v\u00e9 teszi a rakod\u00f3 sz\u00e1m\u00e1ra, hogy m\u00e9g a legnehezebb terheket is felemelje \u00e9s sz\u00e1ll\u00edtsa.<\/p>\n<h3>Kotr\u00f3g\u00e9pek<\/h3>\n<p>A kotr\u00f3g\u00e9pekben a kan\u00e1lhenger lehet\u0151v\u00e9 teszi, hogy a kan\u00e1l behatoljon a talajba a f\u00f6ldmunk\u00e1k elv\u00e9gz\u00e9se \u00e9rdek\u00e9ben. A henger szab\u00e1lyozza a kan\u00e1l mozg\u00e1s\u00e1t \u00e9s helyzet\u00e9t, lehet\u0151v\u00e9 t\u00e9ve a kezel\u0151k sz\u00e1m\u00e1ra a pontos eredm\u00e9nyek el\u00e9r\u00e9s\u00e9t. A kotr\u00f3g\u00e9peket sz\u00e9les k\u00f6rben alkalmazz\u00e1k, bele\u00e9rtve a b\u00e1ny\u00e1szatot, az \u00e9p\u00edt\u0151iparban \u00e9s a bont\u00e1sban.<\/p>\n<h3>Rakod\u00f3k<\/h3>\n<p>A homlokrakod\u00f3k kan\u00e1lhengereket haszn\u00e1lnak az \u00e1ruk hat\u00e9kony emel\u00e9s\u00e9hez \u00e9s \u00fcr\u00edt\u00e9s\u00e9hez. A kan\u00e1l mozg\u00e1s\u00e1nak \u00e9s helyzet\u00e9nek szab\u00e1lyoz\u00e1s\u00e1val a henger lehet\u0151v\u00e9 teszi a rakod\u00f3 sz\u00e1m\u00e1ra, hogy k\u00f6nnyed\u00e9n kezelje a neh\u00e9z terheket. A rakod\u00f3kat sz\u00e9les k\u00f6rben alkalmazz\u00e1k, bele\u00e9rtve a mez\u0151gazdas\u00e1got, az \u00e9p\u00edt\u0151iparban \u00e9s a b\u00e1ny\u00e1szatban.<\/p>\n<h2>Tervez\u00e9si szempontok \u00e9s kiv\u00e1laszt\u00e1si krit\u00e9riumok<\/h2>\n<p>A kan\u00e1lhengerek tervez\u00e9sekor olyan t\u00e9nyez\u0151ket kell figyelembe venni, mint a teherb\u00edr\u00e1s, a t\u00f6m\u00edt\u00e9s, a tart\u00f3ss\u00e1g, a biztons\u00e1g \u00e9s a karbantarthat\u00f3s\u00e1g. Az al\u00e1bbiakban a tervez\u00e9si szempontokat ismertetj\u00fck:<\/p>\n<ul>\n<li>Teherb\u00edr\u00e1s: A hengert \u00fagy kell m\u00e9retezni, hogy ellen\u00e1lljon a maxim\u00e1lis terhel\u00e9snek.<\/li>\n<li>T\u00f6m\u00edt\u00e9s: A hidraulikafolyad\u00e9k sziv\u00e1rg\u00e1s\u00e1nak megakad\u00e1lyoz\u00e1sa \u00e9s a zavartalan m\u0171k\u00f6d\u00e9s biztos\u00edt\u00e1sa \u00e9rdek\u00e9ben kiv\u00e1l\u00f3 min\u0151s\u00e9g\u0171 t\u00f6m\u00edt\u0151anyagokat kell haszn\u00e1lni.<\/li>\n<li>Tart\u00f3ss\u00e1g: A hengert \u00fagy kell megtervezni, hogy ellen\u00e1lljon a zord munkak\u00f6rnyezetnek, \u00e9s minimaliz\u00e1lja a kop\u00e1st.<\/li>\n<li>Biztons\u00e1g: A palackot \u00fagy kell megtervezni, hogy biztos\u00edtsa a kezel\u0151 biztons\u00e1g\u00e1t \u00e9s megel\u0151zze a baleseteket.<\/li>\n<li>Karbantarthat\u00f3s\u00e1g: A palacknak \u200b\u200bk\u00f6nnyen karbantarthat\u00f3nak kell lennie, cser\u00e9lhet\u0151 alkatr\u00e9szekkel \u00e9s a karbantart\u00e1si elj\u00e1r\u00e1sokra vonatkoz\u00f3 egy\u00e9rtelm\u0171 utas\u00edt\u00e1sokkal.<\/li>\n<\/ul>\n<p><img decoding=\"async\" src=\"https:\/\/www.hydraulic-cylinders.net\/wp-content\/uploads\/2025\/01\/songte-oil-pipes-and-spare-parts.webp\" alt=\"V\u00f6d\u00f6r henger k\u00e9pe\"><\/p>\n<h2>T\u00f6m\u00edt\u00e9s \u00e9s ken\u00e9s<\/h2>\n<p>A henger t\u00f6m\u00edtetts\u00e9g\u00e9nek biztos\u00edt\u00e1s\u00e1hoz k\u00fcl\u00f6nf\u00e9le t\u00f6m\u00edt\u00e9seket, p\u00e9ld\u00e1ul dugatty\u00fat\u00f6m\u00edt\u00e9seket \u00e9s r\u00fadt\u00f6m\u00edt\u00e9seket kell haszn\u00e1lni. A t\u00f6m\u00edt\u00e9seknek kop\u00e1s\u00e1ll\u00f3 anyagokb\u00f3l, p\u00e9ld\u00e1ul poliuret\u00e1nb\u00f3l \u00e9s nitrilgumib\u00f3l kell k\u00e9sz\u00fclni\u00fck a hossz\u00fa \u00e9lettartam biztos\u00edt\u00e1sa \u00e9rdek\u00e9ben. A hengert finoman megmunk\u00e1lt hengertesttel \u00e9s menetes v\u00e9gfel\u00fclettel kell megtervezni a kop\u00e1s\u00e1ll\u00f3s\u00e1g jav\u00edt\u00e1sa \u00e9rdek\u00e9ben. A rendszeres hidraulikaolajjal val\u00f3 ken\u00e9s sz\u00fcks\u00e9ges a z\u00f6kken\u0151mentes m\u0171k\u00f6d\u00e9s biztos\u00edt\u00e1s\u00e1hoz \u00e9s a henger \u00e9lettartam\u00e1nak meghosszabb\u00edt\u00e1s\u00e1hoz.<\/p>\n<h2>Karbantart\u00e1s \u00e9s jav\u00edt\u00e1s<\/h2>\n<p>A henger megfelel\u0151 m\u0171k\u00f6d\u00e9s\u00e9nek biztos\u00edt\u00e1sa \u00e9s \u00e9lettartam\u00e1nak meghosszabb\u00edt\u00e1sa \u00e9rdek\u00e9ben rendszeres karbantart\u00e1sra \u00e9s jav\u00edt\u00e1sra van sz\u00fcks\u00e9g. Az \u00e1ltal\u00e1nos karbantart\u00e1si feladatok k\u00f6z\u00e9 tartozik a rendszeres ellen\u0151rz\u00e9s, a megfelel\u0151 ken\u00e9s, a t\u00f6m\u00edt\u00e9sek cser\u00e9je \u00e9s a kalibr\u00e1ci\u00f3s ellen\u0151rz\u00e9sek. A megfelel\u0151 beszerel\u00e9s, ken\u00e9s \u00e9s be\u00e1ll\u00edt\u00e1s elengedhetetlen a henger megfelel\u0151 m\u0171k\u00f6d\u00e9s\u00e9nek biztos\u00edt\u00e1s\u00e1hoz. A henger r\u00f6gz\u00edt\u00e9s\u00e9hez aj\u00e1nlott megfelel\u0151 r\u00f6gz\u00edt\u0151konzolok haszn\u00e1lata. A henger \u00e9lettartam\u00e1nak n\u00f6vel\u00e9se \u00e9rdek\u00e9ben be kell tartani az aj\u00e1nlott ellen\u0151rz\u00e9si, jav\u00edt\u00e1si \u00e9s csere elj\u00e1r\u00e1sokat, \u00e9s sz\u00fcks\u00e9g eset\u00e9n ig\u00e9nybe kell venni a fel\u00faj\u00edt\u00e1si szolg\u00e1ltat\u00e1sokat.<\/p>\n<p><img decoding=\"async\" src=\"https:\/\/www.hydraulic-cylinders.net\/wp-content\/uploads\/2025\/01\/songte-chushion-collar.webp\" alt=\"V\u00f6d\u00f6r henger k\u00e9pe\"><\/p>\n<h2>Biztons\u00e1gi \u00e9s k\u00f6rnyezetv\u00e9delmi szempontok<\/h2>\n<p>A kan\u00e1lhenger haszn\u00e1latakor biztons\u00e1gi int\u00e9zked\u00e9seket kell tenni a balesetek megel\u0151z\u00e9se \u00e9rdek\u00e9ben. Alapvet\u0151 fontoss\u00e1g\u00fa a gy\u00e1rt\u00f3 utas\u00edt\u00e1sainak betart\u00e1sa, valamint a henger megfelel\u0151 beszerel\u00e9se, rendszeres karbantart\u00e1sa \u00e9s gyakori ellen\u0151rz\u00e9se. A henger \u00f3vatos kezel\u00e9se \u00e9s a v\u00e9d\u0151felszerel\u00e9s visel\u00e9se seg\u00edthet megel\u0151zni a baleseteket. A henger haszn\u00e1latakor a k\u00f6rnyezeti t\u00e9nyez\u0151ket is figyelembe kell venni. A hidraulikaolaj \u00e9s m\u00e1s vesz\u00e9lyes anyagok megfelel\u0151 \u00e1rtalmatlan\u00edt\u00e1sa sz\u00fcks\u00e9ges a k\u00f6rnyezetre gyakorolt \u200b\u200bhat\u00e1s minimaliz\u00e1l\u00e1sa \u00e9rdek\u00e9ben.<\/p>\n<h2>Hibadiagn\u00f3zis \u00e9s hibaelh\u00e1r\u00edt\u00e1s<\/h2>\n<p>A kan\u00e1lhenger gyakori probl\u00e9m\u00e1i k\u00f6z\u00e9 tartozik a sziv\u00e1rg\u00e1s, a lass\u00fa vagy nem reag\u00e1l\u00f3 mozg\u00e1s, valamint a rendellenes zaj. Ezen probl\u00e9m\u00e1k diagnosztiz\u00e1l\u00e1s\u00e1hoz \u00e9s elh\u00e1r\u00edt\u00e1s\u00e1hoz rendszeresen ellen\u0151rizni kell a hengert, \u00e9s megfelel\u0151 eszk\u00f6z\u00f6ket kell haszn\u00e1lni a probl\u00e9ma azonos\u00edt\u00e1s\u00e1hoz. A rendszeres karbantart\u00e1s \u00e9s jav\u00edt\u00e1s seg\u00edthet megel\u0151zni ezen probl\u00e9m\u00e1k el\u0151fordul\u00e1s\u00e1t.<\/p>\n<h2>C\u00e9gbemutat\u00f3<\/h2>\n<p>Hidraulikus munkahengerek cserealkatr\u00e9szeinek gy\u00e1rt\u00f3jak\u00e9nt \u00e1tfog\u00f3 term\u00e9k- \u00e9s szolg\u00e1ltat\u00e1sv\u00e1laszt\u00e9kot k\u00edn\u00e1lunk \u00fcgyfeleink sokr\u00e9t\u0171 ig\u00e9nyeinek kiel\u00e9g\u00edt\u00e9s\u00e9re. A kiv\u00e1l\u00f3 min\u0151s\u00e9gre \u00f6sszpontos\u00edtva, kifinomult gy\u00e1rt\u00f3m\u0171hely\u00fcnkre \u00e9s iparos\u00edtott termel\u00e9sir\u00e1ny\u00edt\u00e1si strat\u00e9gi\u00e1inkra t\u00e1maszkodunk gy\u00e1rt\u00e1si platformunk folyamatos fejleszt\u00e9se \u00e9s term\u00e9kmin\u0151s\u00e9g-gy\u00e1rt\u00f3 sorunk t\u00f6k\u00e9letes\u00edt\u00e9se \u00e9rdek\u00e9ben. Er\u0151s k\u00e9pess\u00e9gekkel rendelkez\u00fcnk nagy hat\u00e9konys\u00e1g\u00fa, nagy pontoss\u00e1g\u00fa \u00e9s kiv\u00e1l\u00f3 min\u0151s\u00e9g\u0171 term\u00e9kek el\u0151\u00e1ll\u00edt\u00e1s\u00e1ra, amelyek megfelelnek \u00fcgyfeleink sokr\u00e9t\u0171 ig\u00e9nyeinek.<\/p>\n<p>C\u00e9g\u00fcnket a k\u00f6vetkez\u0151k jellemzik:<\/p>\n<ul>\n<li>Professzionalizmus: Magasan k\u00e9pzett szakemberekb\u0151l \u00e1ll\u00f3 csapatunk a hidraulikus hengerek tervez\u00e9s\u00e9ben \u00e9s gy\u00e1rt\u00e1s\u00e1ban j\u00e1rtas.<\/li>\n<li>Nemzetk\u00f6zi tan\u00fas\u00edtv\u00e1nyok: Term\u00e9keinket sz\u00e1mos nemzetk\u00f6zi szervezet tan\u00fas\u00edtotta, ami biztos\u00edtja azok min\u0151s\u00e9g\u00e9t \u00e9s biztons\u00e1g\u00e1t.<\/li>\n<li>Testreszab\u00e1si szolg\u00e1ltat\u00e1sok: \u00dcgyfeleink egyedi ig\u00e9nyeinek kiel\u00e9g\u00edt\u00e9s\u00e9re egyedi szolg\u00e1ltat\u00e1sokat k\u00edn\u00e1lunk.<\/li>\n<li>Gy\u00e1rt\u00f3berendez\u00e9sek: Korszer\u0171 gy\u00e1rt\u00f3berendez\u00e9sekkel \u00e9s tesztel\u0151rendszerekkel rendelkez\u00fcnk term\u00e9keink min\u0151s\u00e9g\u00e9nek biztos\u00edt\u00e1sa \u00e9rdek\u00e9ben.<\/li>\n<li>\u00c9rt\u00e9kes\u00edt\u00e9s ut\u00e1ni szolg\u00e1ltat\u00e1s: \u00c1tfog\u00f3 \u00e9rt\u00e9kes\u00edt\u00e9s ut\u00e1ni szolg\u00e1ltat\u00e1st ny\u00fajtunk, bele\u00e9rtve a karbantart\u00e1st, jav\u00edt\u00e1st \u00e9s cser\u00e9t.<\/li>\n<\/ul>\n<p><img decoding=\"async\" src=\"https:\/\/hzpt.com\/wp-content\/uploads\/2024\/11\/songte-company-1.webp\" alt=\"V\u00f6d\u00f6r henger k\u00e9pe\"><\/p>\n<p>Elk\u00f6telezettek vagyunk az ir\u00e1nt, hogy \u00fcgyfeleinknek a legjobb term\u00e9keket \u00e9s szolg\u00e1ltat\u00e1sokat ny\u00fajtsuk, \u00e9s folyamatosan t\u00f6reksz\u00fcnk gy\u00e1rt\u00e1si k\u00e9pess\u00e9geink \u00e9s term\u00e9keink min\u0151s\u00e9g\u00e9nek fejleszt\u00e9s\u00e9re. C\u00e9lunk, hogy a hazai \u00e9s a nemzetk\u00f6zi piacok vezet\u0151 hidraulikus hengergy\u00e1rt\u00f3j\u00e1v\u00e1 \u00e9s nagykeresked\u0151j\u00e9v\u00e9 v\u00e1ljunk.<\/p>\n<p><em>Szerz\u0151: lyl<\/em><\/p>","protected":false},"excerpt":{"rendered":"<p>Bucket Cylinder For Bada WYS40 Introduction The bucket cylinder is a specialized hydraulic cylinder designed for controlling the movement of the bucket in heavy machinery such as excavators, backhoe excavators, and front-end loaders. Its primary function is to enable the bucket to lift, lower, and tilt, making it easier to handle various material handling tasks. [&hellip;]<\/p>","protected":false},"featured_media":14776,"comment_status":"open","ping_status":"closed","template":"","meta":{"_et_pb_use_builder":"","_et_pb_old_content":"","_et_gb_content_width":""},"product_brand":[],"product_cat":[1494],"product_tag":[1495,1496],"class_list":{"0":"post-15950","1":"product","2":"type-product","3":"status-publish","4":"has-post-thumbnail","6":"product_cat-bucket-cylinders","7":"product_tag-bucket-cylinders","8":"product_tag-hydraulic-cylinders","10":"first","11":"instock","12":"shipping-taxable","13":"product-type-simple"},"amp_enabled":true,"_links":{"self":[{"href":"https:\/\/www.hydraulic-cylinders.net\/hu\/wp-json\/wp\/v2\/product\/15950","targetHints":{"allow":["GET"]}}],"collection":[{"href":"https:\/\/www.hydraulic-cylinders.net\/hu\/wp-json\/wp\/v2\/product"}],"about":[{"href":"https:\/\/www.hydraulic-cylinders.net\/hu\/wp-json\/wp\/v2\/types\/product"}],"replies":[{"embeddable":true,"href":"https:\/\/www.hydraulic-cylinders.net\/hu\/wp-json\/wp\/v2\/comments?post=15950"}],"wp:featuredmedia":[{"embeddable":true,"href":"https:\/\/www.hydraulic-cylinders.net\/hu\/wp-json\/wp\/v2\/media\/14776"}],"wp:attachment":[{"href":"https:\/\/www.hydraulic-cylinders.net\/hu\/wp-json\/wp\/v2\/media?parent=15950"}],"wp:term":[{"taxonomy":"product_brand","embeddable":true,"href":"https:\/\/www.hydraulic-cylinders.net\/hu\/wp-json\/wp\/v2\/product_brand?post=15950"},{"taxonomy":"product_cat","embeddable":true,"href":"https:\/\/www.hydraulic-cylinders.net\/hu\/wp-json\/wp\/v2\/product_cat?post=15950"},{"taxonomy":"product_tag","embeddable":true,"href":"https:\/\/www.hydraulic-cylinders.net\/hu\/wp-json\/wp\/v2\/product_tag?post=15950"}],"curies":[{"name":"munkaf\u00fczet","href":"https:\/\/api.w.org\/{rel}","templated":true}]}}