{"id":15970,"date":"2025-01-19T15:13:55","date_gmt":"2025-01-19T15:13:55","guid":{"rendered":"https:\/\/www.hydraulic-cylinders.net\/product\/bucket-cylinder-for-dasin-ds50-7\/"},"modified":"2025-01-19T15:14:00","modified_gmt":"2025-01-19T15:14:00","slug":"bucket-cylinder-for-dasin-ds50-7","status":"publish","type":"product","link":"https:\/\/www.hydraulic-cylinders.net\/hu\/termek\/bucket-cylinder-for-dasin-ds50-7\/","title":{"rendered":"V\u00f6d\u00f6rhenger Dasin DS50-7-hez"},"content":{"rendered":"<h2>Bevezet\u00e9s<\/h2>\n<h3>V\u00f6d\u00f6rhenger Dasin DS50-7-hez<\/h3>\n<p>A kan\u00e1lhenger egy speci\u00e1lisan tervezett hidraulikus henger, amelyet f\u0151k\u00e9nt a kan\u00e1l mozg\u00e1s\u00e1nak vez\u00e9rl\u00e9s\u00e9re haszn\u00e1lnak neh\u00e9zg\u00e9pekben, p\u00e9ld\u00e1ul kotr\u00f3g\u00e9pekben, kotr\u00f3rakod\u00f3kban \u00e9s homlokrakod\u00f3kban. F\u0151 funkci\u00f3ja a kan\u00e1l emel\u00e9s\u00e9nek, s\u00fcllyeszt\u00e9s\u00e9nek \u00e9s billent\u00e9s\u00e9nek lehet\u0151v\u00e9 t\u00e9tele, \u00edgy alkalmass\u00e1 teszi k\u00fcl\u00f6nf\u00e9le anyagmozgat\u00e1si feladatokra. A hidraulikus rendszerben a kan\u00e1lhenger a hidraulikaolaj nyom\u00e1s\u00e1t haszn\u00e1lja a kan\u00e1l pontos vez\u00e9rl\u00e9s\u00e9hez, lehet\u0151v\u00e9 t\u00e9ve a kezel\u0151 sz\u00e1m\u00e1ra, hogy hat\u00e9konyan kezelje a neh\u00e9z terheket, alkalmazkodjon az \u00f6sszetett munkak\u00f6rnyezetekhez \u00e9s a v\u00e1ltozatos munkak\u00f6vetelm\u00e9nyekhez.<\/p>\n<p><img decoding=\"async\" src=\"https:\/\/www.hydraulic-cylinders.net\/wp-content\/uploads\/2025\/01\/songte-company-2.webp\"\/><\/p>\n<h2>A Dasin DS50-7 v\u00f6d\u00f6rhenger\u00e9nek jellemz\u0151i<\/h2>\n<ul>\n<li>\n<h3>Nagy szil\u00e1rds\u00e1g \u00e9s tart\u00f3ss\u00e1g<\/h3>\n<p>A serleghengerek \u00e1ltal\u00e1ban nagy szil\u00e1rds\u00e1g\u00fa ac\u00e9lb\u00f3l vagy alum\u00edniumb\u00f3l k\u00e9sz\u00fclnek, k\u00e9pesek ellen\u00e1llni a nagy nyom\u00e1snak \u00e9s a nagy terhel\u00e9seknek, \u00e9s alkalmazkodni a zord munkak\u00f6rnyezethez. A tervez\u00e9s sor\u00e1n figyelembe veszik a kop\u00e1s\u00e1ll\u00f3s\u00e1got \u00e9s a korr\u00f3zi\u00f3\u00e1ll\u00f3s\u00e1got, ami meghosszabb\u00edtja a henger \u00e9lettartam\u00e1t.<\/p>\n<\/li>\n<li>\n<h3>Hat\u00e9kony hidraulikus m\u0171k\u00f6dtet\u00e9s<\/h3>\n<p>A kan\u00e1lhengerek a hidraulikaolaj nyom\u00e1s\u00e1t haszn\u00e1lj\u00e1k a sima ki- \u00e9s visszah\u00faz\u00e1shoz, gyorsan reag\u00e1lnak a vez\u00e9rl\u0151parancsokra, er\u0151s tol\u00f3- \u00e9s h\u00faz\u00f3er\u0151t biztos\u00edtanak, \u00e9s alkalmasak neh\u00e9z terhek \u00e9s \u00f6sszetett munkafeladatok kezel\u00e9s\u00e9re.<\/p>\n<\/li>\n<li>\n<h3>K\u00fcl\u00f6nb\u00f6z\u0151 t\u00edpusok<\/h3>\n<p>A kan\u00e1lhengerek lehetnek egyszeres m\u0171k\u00f6d\u00e9s\u0171ek (csak egy ir\u00e1nyban haszn\u00e1lj\u00e1k a hidraulik\u00e1t) vagy kett\u0151s m\u0171k\u00f6d\u00e9s\u0171ek (k\u00e9t ir\u00e1nyban haszn\u00e1lj\u00e1k a hidraulik\u00e1t), \u00e9s k\u00fcl\u00f6nb\u00f6z\u0151 m\u0171k\u00f6d\u00e9si ig\u00e9nyeket el\u00e9g\u00edthetnek ki. Egyes modellek teleszk\u00f3posak, \u00edgy nagyobb kiny\u00fal\u00e1st tesznek lehet\u0151v\u00e9 a k\u00fcls\u0151 m\u00e9retek n\u00f6vel\u00e9se n\u00e9lk\u00fcl, \u00edgy alkalmasak korl\u00e1tozott helyig\u00e9ny\u0171 alkalmaz\u00e1sokhoz.<\/p>\n<\/li>\n<li>\n<h3>Testreszabhat\u00f3<\/h3>\n<p>Term\u00e9k\u00fcnk t\u00f6k\u00e9letesen helyettes\u00edtheti ezeket a hidraulikus hengereket, \u00e9s testreszab\u00e1si szolg\u00e1ltat\u00e1sokat ny\u00fajtunk az ig\u00e9nyek kiel\u00e9g\u00edt\u00e9s\u00e9re.<\/p>\n<\/li>\n<li>\n<h3>Sz\u00e9lesk\u00f6r\u0171 alkalmaz\u00e1sok<\/h3>\n<p>A kan\u00e1lhengereket sz\u00e9les k\u00f6rben alkalmazz\u00e1k k\u00fcl\u00f6nf\u00e9le ter\u00fcleteken, p\u00e9ld\u00e1ul \u00e9p\u00edt\u0151ipari berendez\u00e9sekben, mez\u0151gazdas\u00e1gi g\u00e9pekben, kotr\u00f3g\u00e9pekben \u00e9s rakod\u00f3g\u00e9pekben, hogy csak n\u00e9h\u00e1nyat eml\u00edts\u00fcnk. Az \u00e9p\u00edt\u0151ipari berendez\u00e9sekben a kan\u00e1lhengerek kritikus fontoss\u00e1g\u00faak a talaj vagy t\u00f6rmel\u00e9k ki\u00e1s\u00e1s\u00e1hoz, rakod\u00e1s\u00e1hoz \u00e9s mozgat\u00e1s\u00e1hoz. Mez\u0151gazdas\u00e1gi g\u00e9pekben talaj, sz\u00e9na \u00e9s egy\u00e9b anyagok emel\u00e9s\u00e9re \u00e9s sz\u00e1ll\u00edt\u00e1s\u00e1ra haszn\u00e1lj\u00e1k \u0151ket. Kotr\u00f3g\u00e9pekben \u00e9s rakod\u00f3g\u00e9pekben a kan\u00e1lhengerek lehet\u0151v\u00e9 teszik az \u00e1s\u00e1st, az emel\u00e9st \u00e9s a \u00fcr\u00edt\u00e9st.<\/p>\n<\/li>\n<\/ul>\n<p><img decoding=\"async\" src=\"https:\/\/www.hydraulic-cylinders.net\/wp-content\/uploads\/2025\/01\/songte-cylinder-head-with-all-kinds-excavator-models.webp\"\/><\/p>\n<h2>Tervez\u00e9si szempontok \u00e9s kiv\u00e1laszt\u00e1si krit\u00e9riumok<\/h2>\n<ul>\n<li>\n<h3>Teherb\u00edr\u00e1s<\/h3>\n<p>A hengernek elegend\u0151 teherb\u00edr\u00e1ssal kell rendelkeznie ahhoz, hogy elb\u00edrja az \u00fczem k\u00f6zben fell\u00e9p\u0151 terhel\u00e9seket \u00e9s nyom\u00e1sokat.<\/p>\n<\/li>\n<li>\n<h3>T\u00f6m\u00edt\u00e9s<\/h3>\n<p>A hengert megfelel\u0151en t\u00f6m\u00edteni kell az olajsziv\u00e1rg\u00e1s megakad\u00e1lyoz\u00e1sa \u00e9s a megb\u00edzhat\u00f3 m\u0171k\u00f6d\u00e9s biztos\u00edt\u00e1sa \u00e9rdek\u00e9ben. K\u00fcl\u00f6nb\u00f6z\u0151 t\u00f6m\u00edt\u0151elemeket haszn\u00e1lunk, p\u00e9ld\u00e1ul dugatty\u00fat\u00f6m\u00edt\u0151gy\u0171r\u0171ket, r\u00fadt\u00f6m\u00edt\u0151gy\u0171r\u0171ket, valamint poliuret\u00e1n vagy nitril gumi t\u00f6m\u00edt\u00e9seket, amelyek kop\u00e1s\u00e1ll\u00f3 anyagokb\u00f3l k\u00e9sz\u00fclnek.<\/p>\n<\/li>\n<li>\n<h3>Tart\u00f3ss\u00e1g<\/h3>\n<p>A hengernek kiv\u00e1l\u00f3 min\u0151s\u00e9g\u0171 anyagokb\u00f3l kell k\u00e9sz\u00fclnie, kiv\u00e1l\u00f3 kop\u00e1s\u00e1ll\u00f3s\u00e1ggal \u00e9s korr\u00f3zi\u00f3\u00e1ll\u00f3s\u00e1ggal kell rendelkeznie az \u00e9lettartam\u00e1nak meghosszabb\u00edt\u00e1sa \u00e9rdek\u00e9ben.<\/p>\n<\/li>\n<li>\n<h3>Biztons\u00e1g<\/h3>\n<p>A palackot biztons\u00e1gi funkci\u00f3kkal kell ell\u00e1tni a balesetek megel\u0151z\u00e9se \u00e9rdek\u00e9ben, p\u00e9ld\u00e1ul nyom\u00e1scs\u00f6kkent\u0151 szelepekkel, p\u00e1rn\u00e1z\u00f3 gall\u00e9rokkal \u00e9s biztons\u00e1gi z\u00e1rakkal.<\/p>\n<\/li>\n<li>\n<h3>Karbantart\u00e1s<\/h3>\n<p>A hengernek k\u00f6nnyen karbantarthat\u00f3nak kell lennie, az alkatr\u00e9szek cser\u00e9j\u00e9nek pedig gyorsnak \u00e9s egyszer\u0171nek kell lennie. Kiv\u00e1l\u00f3 min\u0151s\u00e9g\u0171 olajcs\u00f6veket \u00e9s alkatr\u00e9szeket haszn\u00e1lunk, amelyek k\u00f6nnyen karbantarthat\u00f3k \u00e9s cser\u00e9lhet\u0151k.<\/p>\n<\/li>\n<\/ul>\n<p><img decoding=\"async\" src=\"https:\/\/www.hydraulic-cylinders.net\/wp-content\/uploads\/2025\/01\/songte-oil-pipes-and-spare-parts.webp\"\/><\/p>\n<h2>Karbantart\u00e1si \u00e9s telep\u00edt\u00e9si \u00fatmutat\u00f3<\/h2>\n<p>A rendszeres karbantart\u00e1s elengedhetetlen a kan\u00e1lhengerek hossz\u00fa \u00e9lettartam\u00e1nak \u00e9s hat\u00e9konys\u00e1g\u00e1nak biztos\u00edt\u00e1s\u00e1hoz. \u00cdme n\u00e9h\u00e1ny gyakori karbantart\u00e1si feladat:<\/p>\n<ul>\n<li>\n<h3>Rendszeres ellen\u0151rz\u00e9s<\/h3>\n<p>Rendszeresen ellen\u0151rizze a hengert \u00e9s a kapcsol\u00f3d\u00f3 alkatr\u00e9szeket kop\u00e1s vagy s\u00e9r\u00fcl\u00e9s jelei szempontj\u00e1b\u00f3l, \u00e9s sz\u00fcks\u00e9g szerint cser\u00e9lje ki az alkatr\u00e9szeket. Ellen\u0151rizze a dugatty\u00far\u00fad egyeness\u00e9g\u00e9t, valamint a g\u00f6rb\u00fcl\u00e9s vagy deform\u00e1ci\u00f3 jeleit.<\/p>\n<\/li>\n<li>\n<h3>Megfelel\u0151 ken\u00e9s<\/h3>\n<p>Use the appropriate hydraulic oil and lubricate the cylinder regularly to ensure smooth operation and prevent excessive wear. Follow the manufacturer&#8217;s recommendations for oil type and volume.<\/p>\n<\/li>\n<li>\n<h3>T\u00f6m\u00edt\u00e9scsere \u00e9s kalibr\u00e1l\u00e1s ellen\u0151rz\u00e9se<\/h3>\n<p>Ha a henger sziv\u00e1rog vagy nem m\u0171k\u00f6dik megfelel\u0151en, ellen\u0151rizze a t\u00f6m\u00edt\u00e9seket, \u00e9s sz\u00fcks\u00e9g eset\u00e9n cser\u00e9lje ki azokat. A pontos m\u0171k\u00f6d\u00e9s biztos\u00edt\u00e1sa \u00e9rdek\u00e9ben ellen\u0151rizze a henger kalibr\u00e1l\u00e1s\u00e1t.<\/p>\n<\/li>\n<\/ul>\n<p>A megfelel\u0151 telep\u00edt\u00e9s a kan\u00e1lhenger hossz\u00fa \u00e9lettartama \u00e9s hat\u00e9konys\u00e1ga szempontj\u00e1b\u00f3l is elengedhetetlen. \u00cdme n\u00e9h\u00e1ny fontos telep\u00edt\u00e9si tipp:<\/p>\n<ul>\n<li>\n<h3>Megfelel\u0151 igaz\u00edt\u00e1s<\/h3>\n<p>Gy\u0151z\u0151dj\u00f6n meg arr\u00f3l, hogy a henger megfelel\u0151en illeszkedik a berendez\u00e9shez, \u00e9s hogy a r\u00fad v\u00e9ge megfelel\u0151en r\u00f6gz\u00edtve van a v\u00f6d\u00f6rh\u00f6z vagy m\u00e1s tartoz\u00e9kokhoz.<\/p>\n<\/li>\n<li>\n<h3>A szerel\u0151keret haszn\u00e1lata<\/h3>\n<p>Haszn\u00e1ljon megfelel\u0151 r\u00f6gz\u00edt\u0151konzolokat a palack berendez\u00e9shez r\u00f6gz\u00edt\u00e9s\u00e9re, hogy megakad\u00e1lyozza az elmozdul\u00e1st vagy s\u00e9r\u00fcl\u00e9st m\u0171k\u00f6d\u00e9s k\u00f6zben.<\/p>\n<\/li>\n<li>\n<h3>Ellen\u0151rz\u00e9si \u00e9s jav\u00edt\u00e1si elj\u00e1r\u00e1sok<\/h3>\n<p>A henger biztons\u00e1gos \u00e9s hat\u00e9kony m\u0171k\u00f6d\u00e9s\u00e9nek biztos\u00edt\u00e1sa \u00e9rdek\u00e9ben k\u00f6vesse az aj\u00e1nlott ellen\u0151rz\u00e9si, jav\u00edt\u00e1si \u00e9s csere elj\u00e1r\u00e1sokat.<\/p>\n<\/li>\n<\/ul>\n<p><img decoding=\"async\" src=\"https:\/\/www.hydraulic-cylinders.net\/wp-content\/uploads\/2025\/01\/songte-chushion-collar.webp\"\/><\/p>\n<h2>Biztons\u00e1gi szempontok \u00e9s k\u00f6rnyezeti t\u00e9nyez\u0151k<\/h2>\n<p>Bucket cylinders operate at high pressure and can be dangerous if not installed and operated correctly. Always follow the manufacturer&#8217;s instructions and safety guidelines to prevent accidents. Environmentally, hydraulic oil should be properly disposed of to prevent contamination of the soil and water, and the cylinder should be checked regularly for leaks to prevent oil spills.<\/p>\n<p><img decoding=\"async\" src=\"https:\/\/www.hydraulic-cylinders.net\/wp-content\/uploads\/2025\/01\/songte-bushings-with-all-kinds-of-excavator-models.webp\"\/><\/p>\n<h2>Hibaelh\u00e1r\u00edt\u00e1s \u00e9s gyakori probl\u00e9m\u00e1k<\/h2>\n<p>A kan\u00e1lhengerekkel kapcsolatban felmer\u00fcl\u0151 gyakori probl\u00e9m\u00e1k k\u00f6z\u00e9 tartozik a sziv\u00e1rg\u00e1s, az egyenetlen m\u0171k\u00f6d\u00e9s, valamint a kiny\u00fajt\u00e1s vagy visszah\u00faz\u00f3d\u00e1s sikertelens\u00e9ge. A hibaelh\u00e1r\u00edt\u00e1si tippek k\u00f6z\u00e9 tartozik a t\u00f6m\u00edt\u00e9sek ellen\u0151rz\u00e9se, a megfelel\u0151 ken\u00e9s biztos\u00edt\u00e1sa \u00e9s a henger kalibr\u00e1l\u00e1s\u00e1nak ellen\u0151rz\u00e9se.<\/p>\n<h2>C\u00e9g\u00fcnkr\u0151l<\/h2>\n<p>We are a manufacturer of replacement hydraulic cylinders, a leading manufacturer and wholesale distributor of hydraulic cylinders in the domestic and international markets. We adhere to the philosophy of excellent quality, rely on the industrialized production management strategy of a sophisticated manufacturing workshop, continuously improve the workshop manufacturing platform, improve the production quality route of products, and have a strong creation ability to meet customers&#8217; diverse needs with high efficiency, high precision, and high quality principles.<\/p>\n<p><img decoding=\"async\" src=\"https:\/\/hzpt.com\/wp-content\/uploads\/2024\/11\/songte-company-1.webp\"\/><\/p>\n<h3>Szakmaiass\u00e1g<\/h3>\n<p>Tapasztalt szakemberekb\u0151l \u00e1ll\u00f3 csapatunk elk\u00f6telezett amellett, hogy kiv\u00e1l\u00f3 min\u0151s\u00e9g\u0171 hidraulikus henger megold\u00e1sokat ny\u00fajtson \u00fcgyfeleinek.<\/p>\n<h3>Nemzetk\u00f6zi min\u0151s\u00edt\u00e9s<\/h3>\n<p>Term\u00e9keink olyan nemzetk\u00f6zi tan\u00fas\u00edtv\u00e1nyokkal rendelkeznek, mint az ISO9001, CE \u00e9s ROHS, amelyek biztos\u00edtj\u00e1k, hogy megfeleljenek a nemzetk\u00f6zi szabv\u00e1nyoknak \u00e9s k\u00f6vetelm\u00e9nyeknek.<\/p>\n<h3>Testreszab\u00e1si szolg\u00e1ltat\u00e1sok<\/h3>\n<p>Egyedi hidraulikus henger megold\u00e1sokat k\u00edn\u00e1lunk az egyedi \u00fczemeltet\u00e9si ig\u00e9nyek kiel\u00e9g\u00edt\u00e9s\u00e9re.<\/p>\n<h3>Korszer\u0171 gy\u00e1rt\u00f3berendez\u00e9sek<\/h3>\n<p>Gy\u00e1rt\u00f3berendez\u00e9seink a legmodernebbek, \u00edgy hat\u00e9konyan \u00e9s pontosan tudunk kiv\u00e1l\u00f3 min\u0151s\u00e9g\u0171 hidraulikus hengereket gy\u00e1rtani.<\/p>\n<h3>\u00c9rt\u00e9kes\u00edt\u00e9s ut\u00e1ni szolg\u00e1ltat\u00e1s<\/h3>\n<p>Kiv\u00e1l\u00f3 \u00e9rt\u00e9kes\u00edt\u00e9s ut\u00e1ni szolg\u00e1ltat\u00e1st ny\u00fajtunk, bele\u00e9rtve a jav\u00edt\u00e1si \u00e9s csereszolg\u00e1ltat\u00e1sokat is, hogy \u00fcgyfeleink a lehet\u0151 legjobb t\u00e1mogat\u00e1st kapj\u00e1k.<\/p>\n<h2>Szerz\u0151<\/h2>\n<p>lyl<\/p>","protected":false},"excerpt":{"rendered":"<p>Introduction Bucket Cylinder For Dasin DS50-7 A bucket cylinder is a specially designed hydraulic cylinder used mainly to control the movement of the bucket in heavy machinery such as excavators, backhoe loaders, and front loaders. Its main function is to enable the bucket to perform lifting, lowering, and tilting, making it suitable for various material [&hellip;]<\/p>","protected":false},"featured_media":14762,"comment_status":"open","ping_status":"closed","template":"","meta":{"_et_pb_use_builder":"","_et_pb_old_content":"","_et_gb_content_width":""},"product_brand":[],"product_cat":[1494],"product_tag":[1495,1496],"class_list":{"0":"post-15970","1":"product","2":"type-product","3":"status-publish","4":"has-post-thumbnail","6":"product_cat-bucket-cylinders","7":"product_tag-bucket-cylinders","8":"product_tag-hydraulic-cylinders","10":"first","11":"instock","12":"shipping-taxable","13":"product-type-simple"},"amp_enabled":true,"_links":{"self":[{"href":"https:\/\/www.hydraulic-cylinders.net\/hu\/wp-json\/wp\/v2\/product\/15970","targetHints":{"allow":["GET"]}}],"collection":[{"href":"https:\/\/www.hydraulic-cylinders.net\/hu\/wp-json\/wp\/v2\/product"}],"about":[{"href":"https:\/\/www.hydraulic-cylinders.net\/hu\/wp-json\/wp\/v2\/types\/product"}],"replies":[{"embeddable":true,"href":"https:\/\/www.hydraulic-cylinders.net\/hu\/wp-json\/wp\/v2\/comments?post=15970"}],"wp:featuredmedia":[{"embeddable":true,"href":"https:\/\/www.hydraulic-cylinders.net\/hu\/wp-json\/wp\/v2\/media\/14762"}],"wp:attachment":[{"href":"https:\/\/www.hydraulic-cylinders.net\/hu\/wp-json\/wp\/v2\/media?parent=15970"}],"wp:term":[{"taxonomy":"product_brand","embeddable":true,"href":"https:\/\/www.hydraulic-cylinders.net\/hu\/wp-json\/wp\/v2\/product_brand?post=15970"},{"taxonomy":"product_cat","embeddable":true,"href":"https:\/\/www.hydraulic-cylinders.net\/hu\/wp-json\/wp\/v2\/product_cat?post=15970"},{"taxonomy":"product_tag","embeddable":true,"href":"https:\/\/www.hydraulic-cylinders.net\/hu\/wp-json\/wp\/v2\/product_tag?post=15970"}],"curies":[{"name":"munkaf\u00fczet","href":"https:\/\/api.w.org\/{rel}","templated":true}]}}