{"id":15991,"date":"2025-01-19T15:15:39","date_gmt":"2025-01-19T15:15:39","guid":{"rendered":"https:\/\/www.hydraulic-cylinders.net\/product\/bucket-cylinder-for-hengte-wheel-excavator-htl106\/"},"modified":"2025-01-19T15:15:41","modified_gmt":"2025-01-19T15:15:41","slug":"bucket-cylinder-for-hengte-wheel-excavator-htl106","status":"publish","type":"product","link":"https:\/\/www.hydraulic-cylinders.net\/hu\/termek\/bucket-cylinder-for-hengte-wheel-excavator-htl106\/","title":{"rendered":"V\u00f6d\u00f6rhenger Hengte kerekes kotr\u00f3g\u00e9phez HTL106"},"content":{"rendered":"<h1>V\u00f6d\u00f6rhenger Hengte kerekes kotr\u00f3g\u00e9phez HTL106<\/h1>\n<h2>Bevezet\u00e9s<\/h2>\n<p>A kan\u00e1lhenger egy speci\u00e1lisan tervezett hidraulikus henger, amelyet neh\u00e9zg\u00e9pek, p\u00e9ld\u00e1ul kotr\u00f3g\u00e9pek, kotr\u00f3g\u00e9pek \u00e9s homlokrakod\u00f3k kanalainak mozg\u00e1s\u00e1nak vez\u00e9rl\u00e9s\u00e9re haszn\u00e1lnak. F\u0151 funkci\u00f3ja a kan\u00e1l emel\u00e9s\u00e9nek, s\u00fcllyeszt\u00e9s\u00e9nek \u00e9s billent\u00e9s\u00e9nek lehet\u0151v\u00e9 t\u00e9tele, megk\u00f6nny\u00edtve a k\u00fcl\u00f6nf\u00e9le anyagok kezel\u00e9s\u00e9t. A hidraulikus rendszerben a kan\u00e1lhenger a hidraulikaolaj nyom\u00e1sv\u00e1ltoz\u00e1sain kereszt\u00fcl prec\u00edzen szab\u00e1lyozza a kan\u00e1l mozg\u00e1s\u00e1t, lehet\u0151v\u00e9 t\u00e9ve a kezel\u0151 sz\u00e1m\u00e1ra a neh\u00e9z terhek hat\u00e9kony kezel\u00e9s\u00e9t, az \u00f6sszetett munkak\u00f6rnyezetekhez \u00e9s a v\u00e1ltozatos munkak\u00f6vetelm\u00e9nyekhez val\u00f3 alkalmazkod\u00e1st.<\/p>\n<p><img decoding=\"async\" src=\"https:\/\/www.hydraulic-cylinders.net\/wp-content\/uploads\/2025\/01\/songte-company-2.webp\"><\/p>\n<h2>Jellemz\u0151k<\/h2>\n<ul>\n<li>Nagy szil\u00e1rds\u00e1g \u00e9s tart\u00f3ss\u00e1g: \u00c1ltal\u00e1ban nagy szil\u00e1rds\u00e1g\u00fa ac\u00e9lb\u00f3l vagy alum\u00edniumb\u00f3l k\u00e9sz\u00fcl, ellen\u00e1ll a nagy nyom\u00e1snak \u00e9s a nagy terhel\u00e9seknek, alkalmazkodik a zord munkak\u00f6rnyezethez, \u00e9s a kop\u00e1s\u00e1ll\u00f3s\u00e1got \u00e9s a korr\u00f3zi\u00f3\u00e1ll\u00f3s\u00e1got szem el\u0151tt tartva tervezt\u00e9k, meghosszabb\u00edtva \u00e9lettartam\u00e1t.<\/li>\n<li>Hat\u00e9kony hidraulikus m\u0171k\u00f6d\u00e9s: A hidraulikaolaj nyom\u00e1s\u00e1nak k\u00f6sz\u00f6nhet\u0151en a ki- \u00e9s beh\u00faz\u00e1s sima, \u00edgy gyors reag\u00e1l\u00e1st biztos\u00edt a vez\u00e9rl\u0151parancsokra, \u00e9s nagy h\u00faz\u00f3-nyom\u00f3 er\u0151ket biztos\u00edt, \u00edgy alkalmas neh\u00e9z terhek \u00e9s \u00f6sszetett feladatok kezel\u00e9s\u00e9re.<\/li>\n<li>K\u00fcl\u00f6nb\u00f6z\u0151 t\u00edpusok: Egyszeres m\u0171k\u00f6d\u00e9s\u0171 (csak egy ir\u00e1nyban hidraulikusan m\u0171k\u00f6dtetett) vagy kett\u0151s m\u0171k\u00f6d\u00e9s\u0171 (mindk\u00e9t ir\u00e1nyban hidraulikusan m\u0171k\u00f6dtetett) hengerek v\u00e1laszthat\u00f3k a k\u00fcl\u00f6nb\u00f6z\u0151 \u00fczemi k\u00f6vetelm\u00e9nyeknek megfelel\u0151en. Egyes modellek teleszk\u00f3posak, \u00edgy nagyobb t\u00e1gul\u00e1st tesznek lehet\u0151v\u00e9 a k\u00fcls\u0151 m\u00e9retek n\u00f6vel\u00e9se n\u00e9lk\u00fcl, \u00edgy alkalmasak korl\u00e1tozott helykihaszn\u00e1l\u00e1s\u00fa alkalmaz\u00e1sokhoz.<\/li>\n<li>Cser\u00e9lhet\u0151: Term\u00e9k\u00fcnk t\u00f6k\u00e9letesen helyettes\u00edti ezeket a hidraulikus hengereket.<\/li>\n<\/ul>\n<p><img decoding=\"async\" src=\"https:\/\/www.hydraulic-cylinders.net\/wp-content\/uploads\/2025\/01\/songte-cylinder-head-with-all-kinds-excavator-models.webp\"><\/p>\n<h2>Alkalmaz\u00e1sok<\/h2>\n<p>A v\u00f6d\u00f6rhengerek jelent\u0151s felhaszn\u00e1l\u00e1si ter\u00fcletein sz\u00e1mos ipar\u00e1g megtal\u00e1lhat\u00f3, amelyek k\u00f6z\u00fcl n\u00e9h\u00e1nyat az al\u00e1bbiakban t\u00e1rgyalunk:<\/p>\n<h3>\u00c9p\u00edt\u0151ipari berendez\u00e9sek<\/h3>\n<p>A kan\u00e1lhengerek kulcsszerepet j\u00e1tszanak a kotr\u00f3g\u00e9pekben a talaj vagy t\u00f6rmel\u00e9k \u00e1s\u00e1s\u00e1ban, rakod\u00e1s\u00e1ban \u00e9s mozgat\u00e1s\u00e1ban. A kotr\u00f3g\u00e9pekben a kan\u00e1lhenger seg\u00edt mind az \u00e1s\u00e1sban, mind az emel\u00e9sben. A homlokrakod\u00f3kban hat\u00e9konyan seg\u00edtik az \u00e1ruk emel\u00e9s\u00e9t \u00e9s billent\u00e9s\u00e9t.<\/p>\n<h3>Mez\u0151gazdas\u00e1gi g\u00e9pek<\/h3>\n<p>A homlokrakod\u00f3kban haszn\u00e1lt kan\u00e1lhengerek talaj, sz\u00e9na \u00e9s egy\u00e9b anyagok mer\u00e9s\u00e9re, emel\u00e9s\u00e9re \u00e9s sz\u00e1ll\u00edt\u00e1s\u00e1ra szolg\u00e1lnak.<\/p>\n<h3>Kotr\u00f3g\u00e9pek<\/h3>\n<p>A kan\u00e1lhenger lehet\u0151v\u00e9 teszi a kan\u00e1l talajba val\u00f3 behatol\u00e1s\u00e1t, lehet\u0151v\u00e9 t\u00e9ve a f\u00f6ldmunk\u00e1kat.<\/p>\n<h3>Rakod\u00f3<\/h3>\n<p>A homlokrakod\u00f3kban seg\u00edtenek az \u00e1ruk emel\u00e9s\u00e9ben \u00e9s billent\u00e9s\u00e9ben.<\/p>\n<p><img decoding=\"async\" src=\"https:\/\/www.hydraulic-cylinders.net\/wp-content\/uploads\/2025\/01\/songte-bushings-with-all-kinds-of-excavator-models.webp\"><\/p>\n<h2>Tervez\u00e9si szempontok \u00e9s kiv\u00e1laszt\u00e1s<\/h2>\n<ul>\n<li>Teherb\u00edr\u00e1s: A hengernek el kell b\u00edrnia a m\u0171veletek sor\u00e1n kezelend\u0151 anyagok terhel\u00e9s\u00e9t.<\/li>\n<li>T\u00f6m\u00edt\u00e9s: K\u00fcl\u00f6nb\u00f6z\u0151 t\u00f6m\u00edt\u0151elemeket, p\u00e9ld\u00e1ul dugatty\u00fat\u00f6m\u00edt\u00e9seket, r\u00fadt\u00f6m\u00edt\u00e9seket stb. haszn\u00e1lnak a hidraulikafolyad\u00e9k sziv\u00e1rg\u00e1s\u00e1nak megakad\u00e1lyoz\u00e1s\u00e1ra.<\/li>\n<li>Tart\u00f3ss\u00e1g: A henger v\u00e1rhat\u00f3an hossz\u00fa \u00e9lettartammal rendelkezik, \u00e9s ellen\u00e1ll a zord munkak\u00f6r\u00fclm\u00e9nyeknek.<\/li>\n<li>Biztons\u00e1g: A kezel\u0151k \u00e9s a berendez\u00e9sek biztons\u00e1ga \u00e9rdek\u00e9ben biztons\u00e1gi funkci\u00f3kat, p\u00e9ld\u00e1ul nyom\u00e1scs\u00f6kkent\u0151 szelepeket, biztons\u00e1gi z\u00e1rakat stb. \u00e9p\u00edtettek be.<\/li>\n<li>Karbantart\u00e1s: A hengert a k\u00f6nny\u0171 karbantart\u00e1s \u00e9s jav\u00edt\u00e1s \u00e9rdek\u00e9ben tervezt\u00e9k.<\/li>\n<\/ul>\n<p><img decoding=\"async\" src=\"https:\/\/www.hydraulic-cylinders.net\/wp-content\/uploads\/2025\/01\/songte-oil-pipes-and-spare-parts.webp\"><\/p>\n<h2>T\u00f6m\u00edt\u00e9s \u00e9s ken\u00e9s<\/h2>\n<p>A henger k\u00fcl\u00f6nf\u00e9le t\u00f6m\u00edt\u0151elemeket haszn\u00e1l, p\u00e9ld\u00e1ul dugatty\u00fat\u00f6m\u00edt\u00e9seket, r\u00fadt\u00f6m\u00edt\u00e9seket stb. A t\u00f6m\u00edt\u0151elemek kop\u00e1s\u00e1ll\u00f3 anyagokb\u00f3l, p\u00e9ld\u00e1ul poliuret\u00e1nb\u00f3l, nitrilgumib\u00f3l stb. k\u00e9sz\u00fclnek. A hengertest \u00e9s a menetes v\u00e9gfel\u00fclet finom megmunk\u00e1l\u00e1son esik \u00e1t a kop\u00e1s\u00e1ll\u00f3s\u00e1g jav\u00edt\u00e1sa \u00e9rdek\u00e9ben. A z\u00f6kken\u0151mentes m\u0171k\u00f6d\u00e9shez sz\u00fcks\u00e9ges a megfelel\u0151 \u00e9s rendszeres hidraulikaolajjal val\u00f3 ken\u00e9s.<\/p>\n<h2>Megel\u0151z\u0151 karbantart\u00e1s<\/h2>\n<p>A rendszeres ellen\u0151rz\u00e9sek \u00e9s a megel\u0151z\u0151 karbantart\u00e1s elengedhetetlen a z\u00f6kken\u0151mentes m\u0171k\u00f6d\u00e9shez. N\u00e9h\u00e1ny gyakori karbantart\u00e1si feladat:<\/p>\n<ul>\n<li>Rendszeres ellen\u0151rz\u00e9s<\/li>\n<li>Megfelel\u0151 ken\u00e9s<\/li>\n<li>T\u00f6m\u00edt\u00e9s csere<\/li>\n<li>Kalibr\u00e1ci\u00f3s ellen\u0151rz\u00e9s<\/li>\n<\/ul>\n<h2>Biztons\u00e1gi szempontok \u00e9s k\u00f6rnyezeti t\u00e9nyez\u0151k<\/h2>\n<p>Fontos a biztons\u00e1gi int\u00e9zked\u00e9sek betart\u00e1sa a palack \u00fczemeltet\u00e9se sor\u00e1n. A k\u00f6rnyezeti t\u00e9nyez\u0151k, mint p\u00e9ld\u00e1ul a h\u0151m\u00e9rs\u00e9klet, a p\u00e1ratartalom stb., befoly\u00e1solhatj\u00e1k a palack teljes\u00edtm\u00e9ny\u00e9t.<\/p>\n<h2>Hibadiagn\u00f3zis \u00e9s hibaelh\u00e1r\u00edt\u00e1s<\/h2>\n<p>A hengerrel gyakori probl\u00e9m\u00e1k mer\u00fclhetnek fel, p\u00e9ld\u00e1ul olajsziv\u00e1rg\u00e1s, el\u00e9gtelen nyom\u00e1s stb. A megfelel\u0151 diagn\u00f3zis \u00e9s hibaelh\u00e1r\u00edt\u00e1s sz\u00fcks\u00e9ges az \u00e1ll\u00e1sid\u0151 elker\u00fcl\u00e9se \u00e9s a tov\u00e1bbi k\u00e1rok megel\u0151z\u00e9se \u00e9rdek\u00e9ben.<\/p>\n<h2>C\u00e9gbemutat\u00f3<\/h2>\n<p>Hidraulikus hengerek gy\u00e1rt\u00f3ja vagyunk, amelyekkel ki tudjuk cser\u00e9lni az eredeti hengereket. C\u00e9g\u00fcnk teljes term\u00e9kk\u00edn\u00e1lattal rendelkezik, \u00e9s a hazai \u00e9s k\u00fclf\u00f6ldi piacok egyik vezet\u0151 hidraulikus henger gy\u00e1rt\u00f3j\u00e1v\u00e1 \u00e9s nagykereskedelmi forgalmaz\u00f3j\u00e1v\u00e1 v\u00e1lt. A kiv\u00e1l\u00f3 min\u0151s\u00e9g elv\u00e9t k\u00f6vetj\u00fck, a prec\u00edzi\u00f3s gy\u00e1rt\u00f3m\u0171hely ipari termel\u00e9sir\u00e1ny\u00edt\u00e1si strat\u00e9gi\u00e1j\u00e1ra t\u00e1maszkodva. C\u00e9g\u00fcnk folyamatosan fejleszti m\u0171hely\u00fcnk gy\u00e1rt\u00e1si platformj\u00e1t, t\u00f6k\u00e9letes\u00edti a term\u00e9k gy\u00e1rt\u00e1si min\u0151s\u00e9gi \u00fatvonal\u00e1t, \u00e9s er\u0151s kreat\u00edv k\u00e9pess\u00e9ggel rendelkezik. Nagy hat\u00e9konys\u00e1ggal, nagy pontoss\u00e1ggal \u00e9s magas min\u0151s\u00e9gi elvekkel el\u00e9g\u00edtj\u00fck ki \u00fcgyfeleink sokr\u00e9t\u0171 ig\u00e9nyeit.<\/p>\n<p><img decoding=\"async\" src=\"https:\/\/hzpt.com\/wp-content\/uploads\/2024\/11\/songte-company-1.webp\"><\/p>\n<h3>Szakmaiass\u00e1g<\/h3>\n<p>C\u00e9g\u00fcnk professzion\u00e1lis m\u0171szaki szem\u00e9lyzettel, korszer\u0171 digit\u00e1lis, cs\u00facskateg\u00f3ri\u00e1s gy\u00e1rt\u00f3berendez\u00e9sekkel \u00e9s professzion\u00e1lis ellen\u0151rz\u0151 rendszerekkel rendelkezik. Szakemberekb\u0151l \u00e1ll\u00f3 csapatunk sz\u00e9lesk\u00f6r\u0171 ismeretekkel rendelkezik a hidraulikus hengerek ter\u00e9n, \u00e9s kiv\u00e1l\u00f3 szolg\u00e1ltat\u00e1sokat ny\u00fajt \u00fcgyfeleinek.<\/p>\n<h3>Nemzetk\u00f6zi min\u0151s\u00edt\u00e9s<\/h3>\n<p>Term\u00e9keinket olyan nemzetk\u00f6zi tan\u00fas\u00edt\u00f3 hat\u00f3s\u00e1gok tan\u00fas\u00edtott\u00e1k, mint az ISO9001, az SGS \u00e9s a CE, ami garant\u00e1lja a min\u0151s\u00e9get \u00e9s a megb\u00edzhat\u00f3s\u00e1got.<\/p>\n<h3>Testreszab\u00e1si szolg\u00e1ltat\u00e1sok<\/h3>\n<p>Testreszabott szolg\u00e1ltat\u00e1sokat k\u00edn\u00e1lunk \u00fcgyfeleink speci\u00e1lis ig\u00e9nyeinek kiel\u00e9g\u00edt\u00e9s\u00e9re.<\/p>\n<h3>Termel\u00e9si berendez\u00e9sek<\/h3>\n<p>C\u00e9g\u00fcnk korszer\u0171 gy\u00e1rt\u00f3berendez\u00e9sekkel rendelkezik, mint p\u00e9ld\u00e1ul CNC eszterg\u00e1k, csiszol\u00f3g\u00e9pek \u00e9s mar\u00f3g\u00e9pek, amelyek biztos\u00edtj\u00e1k a term\u00e9kek nagy pontoss\u00e1g\u00e1t \u00e9s min\u0151s\u00e9g\u00e9t.<\/p>\n<h3>\u00c9rt\u00e9kes\u00edt\u00e9s ut\u00e1ni szolg\u00e1ltat\u00e1s<\/h3>\n<p>\u00c1tfog\u00f3 \u00e9rt\u00e9kes\u00edt\u00e9s ut\u00e1ni szolg\u00e1ltat\u00e1sokat ny\u00fajtunk, mint p\u00e9ld\u00e1ul karbantart\u00e1s, jav\u00edt\u00e1s \u00e9s alkatr\u00e9szcsere, biztos\u00edtva, hogy \u00fcgyfeleink a lehet\u0151 legt\u00f6bbet hozz\u00e1k ki term\u00e9keinkb\u0151l.<\/p>\n<h2>Szerz\u0151: lyl<\/h2>","protected":false},"excerpt":{"rendered":"<p>Bucket Cylinder For Hengte Wheel Excavator HTL106 Introduction A bucket cylinder is a specially designed hydraulic cylinder used to control the movement of buckets in heavy machinery such as excavators, backhoe excavators, and front-end loaders. Its main function is to enable the bucket to lift, lower, and tilt, facilitating the handling of various materials. In [&hellip;]<\/p>","protected":false},"featured_media":14784,"comment_status":"open","ping_status":"closed","template":"","meta":{"_et_pb_use_builder":"","_et_pb_old_content":"","_et_gb_content_width":""},"product_brand":[],"product_cat":[1494],"product_tag":[1495,1496],"class_list":{"0":"post-15991","1":"product","2":"type-product","3":"status-publish","4":"has-post-thumbnail","6":"product_cat-bucket-cylinders","7":"product_tag-bucket-cylinders","8":"product_tag-hydraulic-cylinders","10":"first","11":"instock","12":"shipping-taxable","13":"product-type-simple"},"amp_enabled":true,"_links":{"self":[{"href":"https:\/\/www.hydraulic-cylinders.net\/hu\/wp-json\/wp\/v2\/product\/15991","targetHints":{"allow":["GET"]}}],"collection":[{"href":"https:\/\/www.hydraulic-cylinders.net\/hu\/wp-json\/wp\/v2\/product"}],"about":[{"href":"https:\/\/www.hydraulic-cylinders.net\/hu\/wp-json\/wp\/v2\/types\/product"}],"replies":[{"embeddable":true,"href":"https:\/\/www.hydraulic-cylinders.net\/hu\/wp-json\/wp\/v2\/comments?post=15991"}],"wp:featuredmedia":[{"embeddable":true,"href":"https:\/\/www.hydraulic-cylinders.net\/hu\/wp-json\/wp\/v2\/media\/14784"}],"wp:attachment":[{"href":"https:\/\/www.hydraulic-cylinders.net\/hu\/wp-json\/wp\/v2\/media?parent=15991"}],"wp:term":[{"taxonomy":"product_brand","embeddable":true,"href":"https:\/\/www.hydraulic-cylinders.net\/hu\/wp-json\/wp\/v2\/product_brand?post=15991"},{"taxonomy":"product_cat","embeddable":true,"href":"https:\/\/www.hydraulic-cylinders.net\/hu\/wp-json\/wp\/v2\/product_cat?post=15991"},{"taxonomy":"product_tag","embeddable":true,"href":"https:\/\/www.hydraulic-cylinders.net\/hu\/wp-json\/wp\/v2\/product_tag?post=15991"}],"curies":[{"name":"munkaf\u00fczet","href":"https:\/\/api.w.org\/{rel}","templated":true}]}}