{"id":15994,"date":"2025-01-19T15:15:58","date_gmt":"2025-01-19T15:15:58","guid":{"rendered":"https:\/\/www.hydraulic-cylinders.net\/product\/bucket-cylinder-for-yigong-cy85-8\/"},"modified":"2025-01-19T15:16:02","modified_gmt":"2025-01-19T15:16:02","slug":"bucket-cylinder-for-yigong-cy85-8","status":"publish","type":"product","link":"https:\/\/www.hydraulic-cylinders.net\/hu\/termek\/bucket-cylinder-for-yigong-cy85-8\/","title":{"rendered":"V\u00f6d\u00f6rhenger Yigong CY85-8-hoz"},"content":{"rendered":"<h2>Bevezet\u00e9s<\/h2>\n<h3>Mi a v\u00f6d\u00f6rhenger a Yigong CY85-8-hoz?<\/h3>\n<p>A Yigong CY85-8 kan\u00e1lhengere egy speci\u00e1lisan tervezett hidraulikus henger, amelyet f\u0151k\u00e9nt neh\u00e9zg\u00e9pek, p\u00e9ld\u00e1ul kotr\u00f3g\u00e9pek, kotr\u00f3rakod\u00f3k \u00e9s homlokrakod\u00f3k kan\u00e1lmozg\u00e1s\u00e1nak vez\u00e9rl\u00e9s\u00e9re haszn\u00e1lnak. F\u0151 funkci\u00f3ja a kan\u00e1l emel\u00e9se, s\u00fcllyeszt\u00e9se \u00e9s billent\u00e9se, megk\u00f6nny\u00edtve a k\u00fcl\u00f6nf\u00e9le anyagmozgat\u00e1si feladatok elv\u00e9gz\u00e9s\u00e9t. A hidraulikus rendszerben a kan\u00e1lhenger a hidraulikaolaj nyom\u00e1s\u00e1nak v\u00e1ltoztat\u00e1s\u00e1val prec\u00edzen szab\u00e1lyozza a kan\u00e1l mozg\u00e1s\u00e1t, lehet\u0151v\u00e9 t\u00e9ve a kezel\u0151k sz\u00e1m\u00e1ra a neh\u00e9z terhek hat\u00e9kony kezel\u00e9s\u00e9t, valamint az \u00f6sszetett munkak\u00f6rnyezetekhez \u00e9s a v\u00e1ltozatos m\u0171k\u00f6d\u00e9si ig\u00e9nyekhez val\u00f3 alkalmazkod\u00e1st.<\/p>\n<p><img decoding=\"async\" src=\"https:\/\/www.hydraulic-cylinders.net\/wp-content\/uploads\/2025\/01\/songte-company-2.webp\" alt=\"V\u00f6d\u00f6rhenger Yigong CY85-8-hoz\" \/><\/p>\n<h3>A Yigong CY85-8 v\u00f6d\u00f6rhenger\u00e9nek jellemz\u0151i<\/h3>\n<ul>\n<li>Nagy szil\u00e1rds\u00e1g \u00e9s tart\u00f3ss\u00e1g: \u00c1ltal\u00e1ban nagy szil\u00e1rds\u00e1g\u00fa ac\u00e9lb\u00f3l vagy alum\u00edniumb\u00f3l k\u00e9sz\u00fcl, k\u00e9pes ellen\u00e1llni a nagy nyom\u00e1snak \u00e9s a nagy terhel\u00e9seknek, alkalmazkodik a zord munkak\u00f6rnyezethez, \u00e9s kop\u00e1s\u00e1ll\u00f3s\u00e1got \u00e9s korr\u00f3zi\u00f3\u00e1ll\u00f3s\u00e1got szem el\u0151tt tartva tervezt\u00e9k, meghosszabb\u00edtva az \u00e9lettartamot.<\/li>\n<li>Hat\u00e9kony hidraulikus m\u0171k\u00f6d\u00e9s: A hidraulikaolaj nyom\u00e1s\u00e1nak k\u00f6sz\u00f6nhet\u0151en a g\u00e9p sima kitol\u00e1st \u00e9s visszah\u00faz\u00e1st tesz lehet\u0151v\u00e9, ami gyors reag\u00e1l\u00e1st tesz lehet\u0151v\u00e9 a vez\u00e9rl\u0151parancsokra, er\u0151teljes tol\u00f3- \u00e9s h\u00faz\u00f3er\u0151t biztos\u00edt, \u00e9s alkalmas neh\u00e9z terhek \u00e9s \u00f6sszetett \u00fczemeltet\u00e9si feladatok kezel\u00e9s\u00e9re.<\/li>\n<li>K\u00fcl\u00f6nb\u00f6z\u0151 t\u00edpusok: Az egyir\u00e1ny\u00fa hidraulikus m\u0171k\u00f6dtet\u00e9s\u0171) vagy a k\u00e9tir\u00e1ny\u00fa (mindk\u00e9t ir\u00e1ny\u00fa hidraulikus m\u0171k\u00f6dtet\u00e9s\u0171) hengerek a k\u00f6vetelm\u00e9nyeknek megfelel\u0151en v\u00e1laszthat\u00f3k ki, hogy megfeleljenek a k\u00fcl\u00f6nb\u00f6z\u0151 m\u0171k\u00f6d\u00e9si ig\u00e9nyeknek. Egyes modellek teleszk\u00f3posak, ami nagyobb kiny\u00fal\u00e1st tesz lehet\u0151v\u00e9 a k\u00fcls\u0151 m\u00e9retek n\u00f6vel\u00e9se n\u00e9lk\u00fcl, \u00edgy alkalmasak korl\u00e1tozott helyig\u00e9ny\u0171 alkalmaz\u00e1sokhoz.<\/li>\n<li>M\u00e1s hidraulikus hengerek helyettes\u00edt\u00e9s\u00e9re haszn\u00e1lhat\u00f3.<\/li>\n<\/ul>\n<p><img decoding=\"async\" src=\"https:\/\/www.hydraulic-cylinders.net\/wp-content\/uploads\/2025\/01\/songte-cylinder-head-with-all-kinds-excavator-models.webp\" alt=\"V\u00f6d\u00f6rhenger Yigong CY85-8-hoz\" \/><\/p>\n<h3>A v\u00f6d\u00f6rhenger alkalmaz\u00e1sai Yigong CY85-8-hoz<\/h3>\n<p>A Yigong CY85-8 kan\u00e1lhenger\u00e9t sz\u00e9les k\u00f6rben haszn\u00e1lj\u00e1k k\u00fcl\u00f6nf\u00e9le neh\u00e9zg\u00e9pekben \u00e9s berendez\u00e9sekben, p\u00e9ld\u00e1ul:<\/p>\n<ul>\n<li>\u00c9p\u00edt\u0151ipari berendez\u00e9sek: Kotr\u00f3g\u00e9pekben elengedhetetlenek az \u00e1s\u00e1shoz, rakod\u00e1shoz \u00e9s a talaj vagy t\u00f6rmel\u00e9k mozgat\u00e1s\u00e1hoz. A kotr\u00f3g\u00e9p-rakod\u00f3kban a kan\u00e1lhengerek mind az \u00e1s\u00e1st, mind az emel\u00e9st seg\u00edtik. <\/li>\n<li>Mez\u0151gazdas\u00e1gi g\u00e9pek: Homlokrakod\u00f3kban haszn\u00e1lj\u00e1k talaj, sz\u00e9na \u00e9s egy\u00e9b anyagok kotor\u00e1s\u00e1ra, emel\u00e9s\u00e9re \u00e9s sz\u00e1ll\u00edt\u00e1s\u00e1ra. <\/li>\n<li>Kotr\u00f3g\u00e9pek: A kan\u00e1lhenger lehet\u0151v\u00e9 teszi az \u00e1s\u00e1st az\u00e1ltal, hogy lehet\u0151v\u00e9 teszi a kan\u00e1l talajba val\u00f3 behatol\u00e1s\u00e1t.<\/li>\n<li>Homlokrakod\u00f3k: A homlokrakod\u00f3k hat\u00e9konyan seg\u00edtik a rakom\u00e1ny emel\u00e9s\u00e9t \u00e9s lerak\u00e1s\u00e1t. <\/li>\n<\/ul>\n<h3>Tervez\u00e9si \u00e9s kiv\u00e1laszt\u00e1si krit\u00e9riumok<\/h3>\n<p>A Yigong CY85-8 v\u00f6d\u00f6rhenger\u00e9nek tervez\u00e9se \u00e9s kiv\u00e1laszt\u00e1sa sz\u00e1mos szemponton alapul, t\u00f6bbek k\u00f6z\u00f6tt:<\/p>\n<ul>\n<li>Teherb\u00edr\u00e1s: A hengert \u00fagy kell m\u00e9retezni, hogy elb\u00edrja a v\u00e1rhat\u00f3 terhel\u00e9st. <\/li>\n<li>T\u00f6m\u00edt\u00e9s: K\u00fcl\u00f6nb\u00f6z\u0151 t\u00f6m\u00edt\u0151elemeket, p\u00e9ld\u00e1ul dugatty\u00fat\u00f6m\u00edt\u00e9seket \u00e9s r\u00fadt\u00f6m\u00edt\u00e9seket haszn\u00e1lnak a hidraulikaolaj sziv\u00e1rg\u00e1s\u00e1nak megakad\u00e1lyoz\u00e1s\u00e1ra. <\/li>\n<li>Tart\u00f3ss\u00e1g: A palacknak \u200b\u200bolyan anyagokb\u00f3l kell k\u00e9sz\u00fclnie, amelyek ellen\u00e1llnak a kop\u00e1snak, a korr\u00f3zi\u00f3nak \u00e9s m\u00e1s k\u00f6rnyezeti t\u00e9nyez\u0151knek. <\/li>\n<li>Biztons\u00e1g: A palackot \u00fagy kell megtervezni, hogy minimaliz\u00e1lja a balesetek \u00e9s s\u00e9r\u00fcl\u00e9sek kock\u00e1zat\u00e1t. <\/li>\n<li>Karbantarthat\u00f3s\u00e1g: A kialak\u00edt\u00e1snak lehet\u0151v\u00e9 kell tennie a henger karbantart\u00e1si \u00e9s jav\u00edt\u00e1si feladatainak egyszer\u0171 elv\u00e9gz\u00e9s\u00e9t. <\/li>\n<\/ul>\n<p><img decoding=\"async\" src=\"https:\/\/www.hydraulic-cylinders.net\/wp-content\/uploads\/2025\/01\/songte-oil-pipes-and-spare-parts.webp\" alt=\"V\u00f6d\u00f6rhenger Yigong CY85-8-hoz\" \/><\/p>\n<h3>A Yigong CY85-8 v\u00f6d\u00f6rhenger\u00e9nek t\u00f6m\u00edt\u00e9se \u00e9s ken\u00e9se<\/h3>\n<p>A Yigong CY85-8 kan\u00e1lhenger\u00e9ben k\u00fcl\u00f6nf\u00e9le t\u00f6m\u00edt\u0151elemeket, p\u00e9ld\u00e1ul dugatty\u00fat\u00f6m\u00edt\u00e9seket \u00e9s r\u00fadt\u00f6m\u00edt\u00e9seket haszn\u00e1lnak a hidraulikaolaj sziv\u00e1rg\u00e1s\u00e1nak megakad\u00e1lyoz\u00e1s\u00e1ra. Ezek a t\u00f6m\u00edt\u00e9sek kop\u00e1s\u00e1ll\u00f3 anyagokb\u00f3l, p\u00e9ld\u00e1ul poliuret\u00e1nb\u00f3l \u00e9s nitrilgumib\u00f3l k\u00e9sz\u00fclnek. A hengertest \u00e9s a menetes v\u00e9gek finom megmunk\u00e1l\u00e1s\u00faak a kop\u00e1s\u00e1ll\u00f3s\u00e1g jav\u00edt\u00e1sa \u00e9rdek\u00e9ben. Ken\u00e9shez aj\u00e1nlott rendszeresen megfelel\u0151 mennyis\u00e9g\u0171 hidraulikaolajat ut\u00e1naadni.<\/p>\n<h3>Id\u0151szakos ellen\u0151rz\u00e9s \u00e9s megel\u0151z\u0151 karbantart\u00e1si int\u00e9zked\u00e9sek<\/h3>\n<p>Az id\u0151szakos ellen\u0151rz\u00e9s \u00e9s a megel\u0151z\u0151 karbantart\u00e1s seg\u00edthet meghosszabb\u00edtani a Yigong CY85-8 kan\u00e1lhenger\u00e9nek \u00e9lettartam\u00e1t. N\u00e9h\u00e1ny int\u00e9zked\u00e9s a k\u00f6vetkez\u0151ket foglalja mag\u00e1ban:<\/p>\n<ul>\n<li>Rendszeresen ellen\u0151rizze a hengert sziv\u00e1rg\u00e1sok, s\u00e9r\u00fcl\u00e9sek \u00e9s kop\u00e1s szempontj\u00e1b\u00f3l. <\/li>\n<li>Megfelel\u0151 ken\u0151anyagok felvitele a hengerre a sima m\u0171k\u00f6d\u00e9s biztos\u00edt\u00e1sa \u00e9rdek\u00e9ben. <\/li>\n<li>T\u00f6m\u00edt\u00e9sek cser\u00e9je sz\u00fcks\u00e9g eset\u00e9n. <\/li>\n<li>A henger ellen\u0151rz\u00e9se \u00e9s kalibr\u00e1l\u00e1sa a megfelel\u0151 m\u0171k\u00f6d\u00e9s biztos\u00edt\u00e1sa \u00e9rdek\u00e9ben. <\/li>\n<\/ul>\n<h3>Term\u00e9ktelep\u00edt\u00e9si \u00fatmutat\u00f3<\/h3>\n<p>A Yigong CY85-8 kan\u00e1lhenger\u00e9nek megfelel\u0151 telep\u00edt\u00e9se elengedhetetlen az optim\u00e1lis teljes\u00edtm\u00e9ny \u00e9s biztons\u00e1g \u00e9rdek\u00e9ben. N\u00e9h\u00e1ny aj\u00e1nlott telep\u00edt\u00e9si elj\u00e1r\u00e1s:<\/p>\n<ul>\n<li>A henger helyes be\u00e1ll\u00edt\u00e1sa a hib\u00e1s be\u00e1ll\u00edt\u00e1s elker\u00fcl\u00e9se \u00e9rdek\u00e9ben. <\/li>\n<li>Megfelel\u0151 r\u00f6gz\u00edt\u0151konzolok haszn\u00e1lata a henger r\u00f6gz\u00edt\u00e9s\u00e9hez. <\/li>\n<li>A javasolt ellen\u0151rz\u00e9si, jav\u00edt\u00e1si \u00e9s csereelj\u00e1r\u00e1sok betart\u00e1sa. <\/li>\n<li>\u00dajj\u00e1\u00e9p\u00edt\u00e9si szolg\u00e1ltat\u00e1sok ny\u00fajt\u00e1sa a term\u00e9kek \u00e9lettartam\u00e1nak meghosszabb\u00edt\u00e1sa \u00e9rdek\u00e9ben. <\/li>\n<\/ul>\n<p><img decoding=\"async\" src=\"https:\/\/www.hydraulic-cylinders.net\/wp-content\/uploads\/2025\/01\/songte-chushion-collar.webp\" alt=\"V\u00f6d\u00f6rhenger Yigong CY85-8-hoz\" \/><\/p>\n<h3>Biztons\u00e1gi szempontok \u00e9s k\u00f6rnyezeti t\u00e9nyez\u0151k<\/h3>\n<p>A Yigong CY85-8 kan\u00e1lhenger\u00e9nek haszn\u00e1latakor fontos betartani az \u00f6sszes vonatkoz\u00f3 biztons\u00e1gi ir\u00e1nyelvet \u00e9s elj\u00e1r\u00e1st. A megfelel\u0151 haszn\u00e1lat seg\u00edthet minimaliz\u00e1lni a balesetek vagy s\u00e9r\u00fcl\u00e9sek kock\u00e1zat\u00e1t. Fontos figyelembe venni a k\u00f6rnyezeti t\u00e9nyez\u0151ket is, p\u00e9ld\u00e1ul a haszn\u00e1lt hidraulikaolaj megfelel\u0151 \u00e1rtalmatlan\u00edt\u00e1s\u00e1t.<\/p>\n<h3>Hibaelh\u00e1r\u00edt\u00e1s \u00e9s gyakori probl\u00e9m\u00e1k<\/h3>\n<p>A Yigong CY85-8 kan\u00e1lhenger\u00e9nek gyakori probl\u00e9m\u00e1i k\u00f6z\u00e9 tartozik a hidraulikaolaj sziv\u00e1rg\u00e1sa, az el\u00e9gtelen er\u0151 \u00e9s a hib\u00e1s m\u0171k\u00f6d\u00e9s. N\u00e9h\u00e1ny hibaelh\u00e1r\u00edt\u00e1si tipp \u00e9s megold\u00e1s:<\/p>\n<ul>\n<li>A henger ellen\u0151rz\u00e9se sziv\u00e1rg\u00e1sok \u00e9s s\u00e9r\u00fcl\u00e9sek szempontj\u00e1b\u00f3l. <\/li>\n<li>Hidraulika olajszint ellen\u0151rz\u00e9se \u00e9s sz\u00fcks\u00e9g szerinti ut\u00e1nt\u00f6lt\u00e9se. <\/li>\n<li>S\u00e9r\u00fclt vagy kopott t\u00f6m\u00edt\u00e9sek cser\u00e9je. <\/li>\n<li>A henger ellen\u0151rz\u00e9se \u00e9s kalibr\u00e1l\u00e1sa. <\/li>\n<li>Megel\u0151z\u0151 karbantart\u00e1s biztos\u00edt\u00e1sa a lehets\u00e9ges probl\u00e9m\u00e1k minimaliz\u00e1l\u00e1sa \u00e9rdek\u00e9ben. <\/li>\n<\/ul>\n<p><img decoding=\"async\" src=\"https:\/\/www.hydraulic-cylinders.net\/wp-content\/uploads\/2025\/01\/songte-bushings-with-all-kinds-of-excavator-models.webp\" alt=\"V\u00f6d\u00f6rhenger Yigong CY85-8-hoz\" \/><\/p>\n<h2>C\u00e9g\u00fcnkr\u0151l<\/h2>\n<p>Hidraulikus hengerek gy\u00e1rt\u00f3ja vagyunk, amelyek m\u00e1s hengerek helyettes\u00edt\u00e9s\u00e9re haszn\u00e1lhat\u00f3k. C\u00e9g\u00fcnk sz\u00e9les term\u00e9kv\u00e1laszt\u00e9kot k\u00edn\u00e1l, \u00e9s a hidraulikus hengerek egyik vezet\u0151 gy\u00e1rt\u00f3j\u00e1v\u00e1 \u00e9s nagykereskedelmi forgalmaz\u00f3j\u00e1v\u00e1 v\u00e1lt mind a hazai, mind a nemzetk\u00f6zi piacokon. Elk\u00f6telezettek vagyunk a kiv\u00e1l\u00f3 min\u0151s\u00e9g ir\u00e1nt, \u00e9s olyan ipari termel\u00e9sir\u00e1ny\u00edt\u00e1si strat\u00e9gi\u00e1kra t\u00e1maszkodunk, amelyeket kifinomult gy\u00e1rt\u00f3m\u0171helyek, technol\u00f3giai tehets\u00e9gek, cs\u00facskateg\u00f3ri\u00e1s digit\u00e1lis gy\u00e1rt\u00f3berendez\u00e9sek \u00e9s professzion\u00e1lis tesztel\u0151rendszerek t\u00e1mogatnak. Folyamatosan fejlesztj\u00fck termel\u00e9si platformunkat \u00e9s term\u00e9kmin\u0151s\u00e9g\u00fcnket, hogy hat\u00e9konyan, pontosan \u00e9s kiv\u00e1l\u00f3 min\u0151s\u00e9gben kiel\u00e9g\u00edts\u00fck \u00fcgyfeleink soksz\u00edn\u0171 ig\u00e9nyeit.<\/p>\n<p><img decoding=\"async\" src=\"https:\/\/hzpt.com\/wp-content\/uploads\/2024\/11\/songte-company-1.webp\" alt=\"V\u00f6d\u00f6rhenger Yigong CY85-8-hoz\" \/><\/p>\n<h3>Szakmaiass\u00e1g<\/h3>\n<p>Professzion\u00e1lis m\u00e9rn\u00f6k\u00f6kb\u0151l \u00e9s technikusokb\u00f3l \u00e1ll\u00f3 csapatunk elk\u00f6telezett term\u00e9keink min\u0151s\u00e9g\u00e9nek \u00e9s teljes\u00edtm\u00e9ny\u00e9nek biztos\u00edt\u00e1sa ir\u00e1nt. Gy\u00e1rt\u00e1si folyamatunkat folyamatosan fejlesztj\u00fck, \u00e9s term\u00e9keinket szigor\u00fa min\u0151s\u00e9gi szabv\u00e1nyok szerint gy\u00e1rtjuk. <\/p>\n<h3>Nemzetk\u00f6zi min\u0151s\u00edt\u00e9s<\/h3>\n<p>Term\u00e9keink megfeleltek a nemzetk\u00f6zi tan\u00fas\u00edt\u00e1si teszteknek, \u00e9s olyan tan\u00fas\u00edtv\u00e1nyokat kaptak, mint az ISO9001:2015 \u00e9s a CE. <\/p>\n<h3>Testreszab\u00e1si szolg\u00e1ltat\u00e1sok<\/h3>\n<p>Testreszab\u00e1si szolg\u00e1ltat\u00e1sokat k\u00edn\u00e1lunk \u00fcgyfeleink egyedi ig\u00e9nyeinek kiel\u00e9g\u00edt\u00e9s\u00e9re. Testreszabott megold\u00e1sokat k\u00edn\u00e1lunk k\u00fcl\u00f6nb\u00f6z\u0151 alkalmaz\u00e1sokhoz \u00e9s ipar\u00e1gakhoz. <\/p>\n<h3>Termel\u00e9si berendez\u00e9sek<\/h3>\n<p>Cs\u00facskateg\u00f3ri\u00e1s digit\u00e1lis gy\u00e1rt\u00f3berendez\u00e9seket haszn\u00e1lunk a gy\u00e1rt\u00e1si folyamataink pontoss\u00e1g\u00e1nak \u00e9s precizit\u00e1s\u00e1nak biztos\u00edt\u00e1sa \u00e9rdek\u00e9ben. <\/p>\n<h3>\u00c9rt\u00e9kes\u00edt\u00e9s ut\u00e1ni szolg\u00e1ltat\u00e1s<\/h3>\n<p>\u00c1tfog\u00f3 \u00e9rt\u00e9kes\u00edt\u00e9s ut\u00e1ni szolg\u00e1ltat\u00e1st \u00e9s t\u00e1mogat\u00e1st ny\u00fajtunk az \u00fcgyfelek el\u00e9gedetts\u00e9g\u00e9nek biztos\u00edt\u00e1sa \u00e9rdek\u00e9ben. C\u00e9g\u00fcnk professzion\u00e1lis m\u0171szaki csapattal rendelkezik, amely id\u0151ben \u00e9s hat\u00e9konyan tudja t\u00e1mogatni \u00fcgyfeleit. <\/p>\n<p>Szerz\u0151: lyl<\/p>","protected":false},"excerpt":{"rendered":"<p>Introduction What is Bucket Cylinder For Yigong CY85-8? The Bucket Cylinder For Yigong CY85-8 is a specially designed hydraulic cylinder that is mainly used to control the movement of the bucket in heavy machinery such as excavators, backhoe loaders, and front loaders. Its main function is to enable the bucket to lift, lower, and tilt, [&hellip;]<\/p>","protected":false},"featured_media":14778,"comment_status":"open","ping_status":"closed","template":"","meta":{"_et_pb_use_builder":"","_et_pb_old_content":"","_et_gb_content_width":""},"product_brand":[],"product_cat":[1494],"product_tag":[1495,1496],"class_list":{"0":"post-15994","1":"product","2":"type-product","3":"status-publish","4":"has-post-thumbnail","6":"product_cat-bucket-cylinders","7":"product_tag-bucket-cylinders","8":"product_tag-hydraulic-cylinders","10":"first","11":"instock","12":"shipping-taxable","13":"product-type-simple"},"amp_enabled":true,"_links":{"self":[{"href":"https:\/\/www.hydraulic-cylinders.net\/hu\/wp-json\/wp\/v2\/product\/15994","targetHints":{"allow":["GET"]}}],"collection":[{"href":"https:\/\/www.hydraulic-cylinders.net\/hu\/wp-json\/wp\/v2\/product"}],"about":[{"href":"https:\/\/www.hydraulic-cylinders.net\/hu\/wp-json\/wp\/v2\/types\/product"}],"replies":[{"embeddable":true,"href":"https:\/\/www.hydraulic-cylinders.net\/hu\/wp-json\/wp\/v2\/comments?post=15994"}],"wp:featuredmedia":[{"embeddable":true,"href":"https:\/\/www.hydraulic-cylinders.net\/hu\/wp-json\/wp\/v2\/media\/14778"}],"wp:attachment":[{"href":"https:\/\/www.hydraulic-cylinders.net\/hu\/wp-json\/wp\/v2\/media?parent=15994"}],"wp:term":[{"taxonomy":"product_brand","embeddable":true,"href":"https:\/\/www.hydraulic-cylinders.net\/hu\/wp-json\/wp\/v2\/product_brand?post=15994"},{"taxonomy":"product_cat","embeddable":true,"href":"https:\/\/www.hydraulic-cylinders.net\/hu\/wp-json\/wp\/v2\/product_cat?post=15994"},{"taxonomy":"product_tag","embeddable":true,"href":"https:\/\/www.hydraulic-cylinders.net\/hu\/wp-json\/wp\/v2\/product_tag?post=15994"}],"curies":[{"name":"munkaf\u00fczet","href":"https:\/\/api.w.org\/{rel}","templated":true}]}}