{"id":15996,"date":"2025-01-19T15:16:08","date_gmt":"2025-01-19T15:16:08","guid":{"rendered":"https:\/\/www.hydraulic-cylinders.net\/product\/bucket-cylinder-for-yigong-cy65-8\/"},"modified":"2025-01-19T15:16:10","modified_gmt":"2025-01-19T15:16:10","slug":"bucket-cylinder-for-yigong-cy65-8","status":"publish","type":"product","link":"https:\/\/www.hydraulic-cylinders.net\/hu\/termek\/bucket-cylinder-for-yigong-cy65-8\/","title":{"rendered":"V\u00f6d\u00f6rhenger Yigong CY65-8-hoz"},"content":{"rendered":"<p><!DOCTYPE html><br \/>\n<html><br \/>\n<head><br \/>\n<title>V\u00f6d\u00f6rhenger Yigong CY65-8-hoz<\/title><br \/>\n<\/head><br \/>\n<body><\/p>\n<h1>V\u00f6d\u00f6rhenger Yigong CY65-8-hoz<\/h1>\n<h2>Bevezet\u00e9s<\/h2>\n<p>A Yigong CY65-8 kan\u00e1lhengere egy speci\u00e1lis hidraulikus henger, amelyet neh\u00e9zg\u00e9pek, p\u00e9ld\u00e1ul kotr\u00f3g\u00e9pek, kotr\u00f3rakod\u00f3k \u00e9s homlokrakod\u00f3k kan\u00e1lmozg\u00e1s\u00e1nak vez\u00e9rl\u00e9s\u00e9re terveztek. F\u0151 funkci\u00f3ja a kan\u00e1l emel\u00e9se, s\u00fcllyeszt\u00e9se \u00e9s billent\u00e9se, \u00edgy k\u00e9nyelmesen haszn\u00e1lhat\u00f3 k\u00fcl\u00f6nf\u00e9le anyagmozgat\u00e1si feladatokhoz. A hidraulikus rendszerben a kan\u00e1lhenger a hidraulikaolaj nyom\u00e1sv\u00e1ltoz\u00e1sait haszn\u00e1lja ki a kan\u00e1l pontos vez\u00e9rl\u00e9s\u00e9hez, lehet\u0151v\u00e9 t\u00e9ve a kezel\u0151k sz\u00e1m\u00e1ra a neh\u00e9z terhek hat\u00e9kony kezel\u00e9s\u00e9t, valamint az \u00f6sszetett munkak\u00f6rnyezetekhez \u00e9s a v\u00e1ltozatos munkak\u00f6vetelm\u00e9nyekhez val\u00f3 alkalmazkod\u00e1st.<\/p>\n<p><img decoding=\"async\" src=\"https:\/\/www.hydraulic-cylinders.net\/wp-content\/uploads\/2025\/01\/songte-company-2.webp\" alt=\"V\u00f6d\u00f6r henger k\u00e9pe\"><\/p>\n<h2>Jellemz\u0151k<\/h2>\n<ul>\n<li>Nagy szil\u00e1rds\u00e1g \u00e9s tart\u00f3ss\u00e1g: \u00c1ltal\u00e1ban nagy szil\u00e1rds\u00e1g\u00fa ac\u00e9lb\u00f3l vagy alum\u00edniumb\u00f3l k\u00e9sz\u00fcl, \u00edgy ellen\u00e1ll a nagy nyom\u00e1snak \u00e9s a nagy terhel\u00e9seknek, alkalmazkodva a zord munkak\u00f6rnyezethez. A kialak\u00edt\u00e1s sor\u00e1n figyelembe vett\u00e9k a kop\u00e1s\u00e1ll\u00f3s\u00e1got \u00e9s a korr\u00f3zi\u00f3\u00e1ll\u00f3s\u00e1got, meghosszabb\u00edtva az \u00e9lettartam\u00e1t.<\/li>\n<li>Hat\u00e9kony hidraulikus m\u0171k\u00f6d\u00e9s: A hidraulikaolaj nyom\u00e1s\u00e1t kihaszn\u00e1lva sima kitol\u00e1si \u00e9s visszah\u00faz\u00e1si m\u0171veleteket \u00e9r el, lehet\u0151v\u00e9 t\u00e9ve a gyors reag\u00e1l\u00e1st a vez\u00e9rl\u0151parancsokra, \u00e9s er\u0151teljes tol\u00f3- \u00e9s h\u00faz\u00f3er\u0151t biztos\u00edtva, alkalmas neh\u00e9z terhek \u00e9s \u00f6sszetett feladatok kezel\u00e9s\u00e9re.<\/li>\n<li>K\u00fcl\u00f6nb\u00f6z\u0151 t\u00edpusok: Kaphat\u00f3 egyszeres m\u0171k\u00f6d\u00e9s\u0171 (csak egy ir\u00e1nyban hidraulikusan m\u0171k\u00f6dtetett) vagy kett\u0151s m\u0171k\u00f6d\u00e9s\u0171 (mindk\u00e9t ir\u00e1nyban hidraulikusan m\u0171k\u00f6dtetett) hengerekkel, \u00edgy elt\u00e9r\u0151 m\u0171k\u00f6d\u00e9si k\u00f6vetelm\u00e9nyeket t\u00e1maszthatnak. Egyes modellek teleszk\u00f3posak, \u00edgy nagyobb kiny\u00fal\u00e1st tesznek lehet\u0151v\u00e9 a k\u00fcls\u0151 m\u00e9retek n\u00f6vel\u00e9se n\u00e9lk\u00fcl, \u00edgy sz\u0171k\u00f6s helyeken is alkalmazhat\u00f3k.<\/li>\n<li>T\u00f6k\u00e9letes csere: Term\u00e9keink t\u00f6k\u00e9letesen helyettes\u00edthetik a fent eml\u00edtett hidraulikus hengereket.<\/li>\n<\/ul>\n<p><img decoding=\"async\" src=\"https:\/\/www.hydraulic-cylinders.net\/wp-content\/uploads\/2025\/01\/songte-cylinder-head-with-all-kinds-excavator-models.webp\" alt=\"Cserehenger k\u00e9pe\"><\/p>\n<h2>Alkalmaz\u00e1sok<\/h2>\n<p>V\u00f6d\u00f6rhenger\u00fcnk kulcsfontoss\u00e1g\u00fa alkalmaz\u00e1si ter\u00fcleteket tal\u00e1l sz\u00e1mos \u00e1gazatban:<\/p>\n<h3>\u00c9p\u00edt\u0151ipari berendez\u00e9sek<\/h3>\n<p>Kotr\u00f3g\u00e9pekben l\u00e9tfontoss\u00e1g\u00fa szerepet j\u00e1tszik a talaj vagy t\u00f6rmel\u00e9k \u00e1s\u00e1s\u00e1ban, rakod\u00e1s\u00e1ban \u00e9s mozgat\u00e1s\u00e1ban. Kotr\u00f3g\u00e9p-rakod\u00f3kban a kan\u00e1lhenger seg\u00edti az \u00e1s\u00e1st \u00e9s az emel\u00e9st.<\/p>\n<h3>Mez\u0151gazdas\u00e1gi g\u00e9pek<\/h3>\n<p>Homlokrakod\u00f3kban haszn\u00e1lj\u00e1k talaj, sz\u00e9na \u00e9s egy\u00e9b anyagok mer\u00e9s\u00e9re, emel\u00e9s\u00e9re \u00e9s sz\u00e1ll\u00edt\u00e1s\u00e1ra.<\/p>\n<h3>Kotr\u00f3g\u00e9pek<\/h3>\n<p>A kan\u00e1lhenger lehet\u0151v\u00e9 teszi a f\u00f6ldmunk\u00e1kat az\u00e1ltal, hogy lehet\u0151v\u00e9 teszi a kan\u00e1l talajba val\u00f3 behatol\u00e1s\u00e1t.<\/p>\n<h3>Rakod\u00f3k<\/h3>\n<p>A homlokrakod\u00f3kban hat\u00e9konyan seg\u00edtik az \u00e1ruk emel\u00e9s\u00e9t \u00e9s \u00fcr\u00edt\u00e9s\u00e9t.<\/p>\n<p><img decoding=\"async\" src=\"https:\/\/www.hydraulic-cylinders.net\/wp-content\/uploads\/2025\/01\/songte-oil-pipes-and-spare-parts.webp\" alt=\"Alkalmaz\u00e1sk\u00e9p\"><\/p>\n<h2>Tervez\u00e9si szempontok \u00e9s kiv\u00e1laszt\u00e1si krit\u00e9riumok<\/h2>\n<ul>\n<li>Teherb\u00edr\u00e1s: Ismertesse a henger terhel\u00e9s- \u00e9s nyom\u00e1s\u00e1ll\u00f3s\u00e1g\u00e1t.<\/li>\n<li>T\u00f6m\u00edt\u00e9s: Magyar\u00e1zza el a k\u00fcl\u00f6nf\u00e9le t\u00f6m\u00edt\u0151elemek, p\u00e9ld\u00e1ul a kop\u00e1s\u00e1ll\u00f3 anyagokb\u00f3l, p\u00e9ld\u00e1ul poliuret\u00e1nb\u00f3l \u00e9s nitrilgumib\u00f3l k\u00e9sz\u00fclt dugatty\u00fat\u00f6m\u00edt\u00e9sek \u00e9s r\u00fadt\u00f6m\u00edt\u00e9sek haszn\u00e1lat\u00e1nak fontoss\u00e1g\u00e1t. Emelje ki a hengertest \u00e9s a menetes v\u00e9g finom fel\u00fcletkezel\u00e9s\u00e9t a kop\u00e1s\u00e1ll\u00f3s\u00e1g jav\u00edt\u00e1sa \u00e9rdek\u00e9ben.<\/li>\n<li>Tart\u00f3ss\u00e1g: Ismertesse a henger azon k\u00e9pess\u00e9g\u00e9t, hogy ellen\u00e1lljon a zord munkak\u00f6r\u00fclm\u00e9nyeknek, \u00e9s meg\u0151rizze teljes\u00edtm\u00e9ny\u00e9t az id\u0151 m\u00fal\u00e1s\u00e1val.<\/li>\n<li>Biztons\u00e1g: Emelje ki a biztons\u00e1gos m\u0171k\u00f6d\u00e9s biztos\u00edt\u00e1sa \u00e9rdek\u00e9ben a tervbe be\u00e9p\u00edtett biztons\u00e1gi funkci\u00f3kat.<\/li>\n<li>Karbantarthat\u00f3s\u00e1g: Besz\u00e9lje meg a henger karbantart\u00e1s\u00e1nak \u00e9s jav\u00edt\u00e1s\u00e1nak egyszer\u0171s\u00e9g\u00e9t.<\/li>\n<\/ul>\n<p><img decoding=\"async\" src=\"https:\/\/www.hydraulic-cylinders.net\/wp-content\/uploads\/2025\/01\/songte-bushings-with-all-kinds-of-excavator-models.webp\" alt=\"Tervez\u00e9si \u00e9s t\u00f6m\u00edt\u00e9si k\u00e9p\"><\/p>\n<h2>T\u00f6m\u00edt\u00e9s \u00e9s ken\u00e9s<\/h2>\n<p>Serleghenger\u00fcnk k\u00fcl\u00f6nf\u00e9le t\u00f6m\u00edt\u0151elemeket haszn\u00e1l a megfelel\u0151 m\u0171k\u00f6d\u00e9s biztos\u00edt\u00e1sa \u00e9rdek\u00e9ben. Ilyenek p\u00e9ld\u00e1ul a dugatty\u00fat\u00f6m\u00edt\u00e9sek, a r\u00fadt\u00f6m\u00edt\u00e9sek stb. A t\u00f6m\u00edt\u00e9sek kop\u00e1s\u00e1ll\u00f3 anyagokb\u00f3l, p\u00e9ld\u00e1ul poliuret\u00e1nb\u00f3l \u00e9s nitrilgumib\u00f3l k\u00e9sz\u00fclnek. A hengertest \u00e9s a menetes v\u00e9g finom fel\u00fcletkezel\u00e9sen esik \u00e1t a kop\u00e1s\u00e1ll\u00f3s\u00e1g fokoz\u00e1sa \u00e9rdek\u00e9ben. A z\u00f6kken\u0151mentes m\u0171k\u00f6d\u00e9s biztos\u00edt\u00e1s\u00e1hoz rendszeres ken\u00e9s sz\u00fcks\u00e9ges a megfelel\u0151 mennyis\u00e9g\u0171 hidraulikaolajjal.<\/p>\n<h2>Ellen\u0151rz\u00e9s \u00e9s megel\u0151z\u0151 karbantart\u00e1s<\/h2>\n<ul>\n<li>Rendszeres ellen\u0151rz\u00e9sek: V\u00e9gezzen rutinszer\u0171 ellen\u0151rz\u00e9seket a lehets\u00e9ges probl\u00e9m\u00e1k azonos\u00edt\u00e1sa \u00e9s a megfelel\u0151 m\u0171k\u00f6d\u00e9s biztos\u00edt\u00e1sa \u00e9rdek\u00e9ben.<\/li>\n<li>Megfelel\u0151 ken\u00e9s: A kop\u00e1s megel\u0151z\u00e9se \u00e9s a henger \u00e9lettartam\u00e1nak meghosszabb\u00edt\u00e1sa \u00e9rdek\u00e9ben \u00fcgyeljen a megfelel\u0151 ken\u00e9sre.<\/li>\n<li>T\u00f6m\u00edt\u00e9scsere: Rendszeresen ellen\u0151rizze \u00e9s cser\u00e9lje ki a t\u00f6m\u00edt\u00e9seket a sziv\u00e1rg\u00e1sok megel\u0151z\u00e9se \u00e9s az optim\u00e1lis teljes\u00edtm\u00e9ny fenntart\u00e1sa \u00e9rdek\u00e9ben.<\/li>\n<li>Kalibr\u00e1ci\u00f3s ellen\u0151rz\u00e9sek: A pontos m\u0171k\u00f6d\u00e9s biztos\u00edt\u00e1sa \u00e9rdek\u00e9ben rendszeresen kalibr\u00e1lja a hengert.<\/li>\n<\/ul>\n<p><img decoding=\"async\" src=\"https:\/\/www.hydraulic-cylinders.net\/wp-content\/uploads\/2025\/01\/songte-chushion-collar.webp\" alt=\"Karbantart\u00e1si k\u00e9p\"><\/p>\n<h2>Biztons\u00e1gi szempontok \u00e9s k\u00f6rnyezeti t\u00e9nyez\u0151k<\/h2>\n<p>A v\u00f6d\u00f6rhenger haszn\u00e1latakor elengedhetetlen a biztons\u00e1gi int\u00e9zked\u00e9sek betart\u00e1sa a balesetek megel\u0151z\u00e9se \u00e9s a biztons\u00e1gos munkak\u00f6rnyezet biztos\u00edt\u00e1sa \u00e9rdek\u00e9ben. Ezek az int\u00e9zked\u00e9sek magukban foglalj\u00e1k a megfelel\u0151 k\u00e9pz\u00e9st, a biztons\u00e1gi ir\u00e1nyelvek betart\u00e1s\u00e1t \u00e9s a megfelel\u0151 szem\u00e9lyi v\u00e9d\u0151felszerel\u00e9sek haszn\u00e1lat\u00e1t.<\/p>\n<h2>Hibadiagn\u00f3zis \u00e9s gyakori probl\u00e9m\u00e1k<\/h2>\n<p>A kan\u00e1lhengerrel kapcsolatos gyakori hib\u00e1k \u00e9s probl\u00e9m\u00e1k k\u00f6z\u00e9 tartozik a sziv\u00e1rg\u00e1s, a cs\u00f6kkent teljes\u00edtm\u00e9ny \u00e9s a rendellenes zajok. Ezen probl\u00e9m\u00e1k miel\u0151bbi kezel\u00e9se elengedhetetlen a tov\u00e1bbi k\u00e1rok elker\u00fcl\u00e9se \u00e9s az optim\u00e1lis m\u0171k\u00f6d\u00e9s biztos\u00edt\u00e1sa \u00e9rdek\u00e9ben.<\/p>\n<p><img decoding=\"async\" src=\"https:\/\/www.hydraulic-cylinders.net\/wp-content\/uploads\/2025\/01\/songte-company-1.webp\" alt=\"Hibadiagn\u00f3zis k\u00e9pe\"><\/p>\n<h2>Megel\u0151z\u0151 int\u00e9zked\u00e9sek<\/h2>\n<p>A lehets\u00e9ges probl\u00e9m\u00e1k minimaliz\u00e1l\u00e1sa \u00e9rdek\u00e9ben elengedhetetlen a megel\u0151z\u0151 int\u00e9zked\u00e9sek v\u00e9grehajt\u00e1sa. Ezek magukban foglalhatj\u00e1k a rendszeres ellen\u0151rz\u00e9seket, a megfelel\u0151 ken\u00e9st \u00e9s az aj\u00e1nlott \u00fczemeltet\u00e9si ir\u00e1nyelvek betart\u00e1s\u00e1t. Ezen \u00f3vint\u00e9zked\u00e9sek megt\u00e9tel\u00e9vel cs\u00f6kkenthet\u0151k a lehets\u00e9ges probl\u00e9m\u00e1k, biztos\u00edtva a z\u00f6kken\u0151mentes m\u0171k\u00f6d\u00e9st \u00e9s a term\u00e9k \u00e9lettartam\u00e1nak meghosszabb\u00edt\u00e1s\u00e1t.<\/p>\n<h2>Telep\u00edt\u00e9si \u00fatmutat\u00f3<\/h2>\n<p>A kan\u00e1lhenger megfelel\u0151 beszerel\u00e9se elengedhetetlen az optim\u00e1lis teljes\u00edtm\u00e9ny \u00e9s biztons\u00e1g \u00e9rdek\u00e9ben. K\u00f6vesse az al\u00e1bbi ir\u00e1nyelveket:<\/p>\n<ul>\n<li>A beszerel\u00e9s sor\u00e1n \u00fcgyeljen a henger megfelel\u0151 be\u00e1ll\u00edt\u00e1s\u00e1ra.<\/li>\n<li>Haszn\u00e1ljon megfelel\u0151 r\u00f6gz\u00edt\u0151elemeket a henger r\u00f6gz\u00edt\u00e9s\u00e9hez.<\/li>\n<li>K\u00f6vesse az aj\u00e1nlott ellen\u0151rz\u00e9si, jav\u00edt\u00e1si \u00e9s csere elj\u00e1r\u00e1sokat.<\/li>\n<li>\u00dajj\u00e1\u00e9p\u00edt\u00e9si szolg\u00e1ltat\u00e1sokat ny\u00fajtunk, \u00e9s cserealkatr\u00e9szeket k\u00edn\u00e1lunk a kan\u00e1lhenger \u00e9lettartam\u00e1nak n\u00f6vel\u00e9se \u00e9rdek\u00e9ben.<\/li>\n<li>Adjon tippeket a henger \u00e9lettartam\u00e1nak n\u00f6vel\u00e9s\u00e9re.<\/li>\n<\/ul>\n<p><img decoding=\"async\" src=\"https:\/\/www.hydraulic-cylinders.net\/wp-content\/uploads\/2025\/01\/songte-company-3.webp\" alt=\"Telep\u00edt\u00e9si \u00fatmutat\u00f3 k\u00e9pe\"><\/p>\n<h2>C\u00e9g\u00fcnkr\u0151l<\/h2>\n<p>A hidraulikus hengerek vezet\u0151 gy\u00e1rt\u00f3i \u00e9s nagykereskedelmi forgalmaz\u00f3i vagyunk a hazai \u00e9s a nemzetk\u00f6zi piacokon. C\u00e9g\u00fcnk sz\u00e9les term\u00e9kv\u00e1laszt\u00e9kot k\u00edn\u00e1l, \u00e9s a kiv\u00e1l\u00f3s\u00e1g elveit k\u00f6veti, fejlett gy\u00e1rt\u00f3berendez\u00e9seket, professzion\u00e1lis tesztel\u0151rendszereket \u00e9s tehets\u00e9ges szakemberekb\u0151l \u00e1ll\u00f3 csapatot alkalmazva. Testreszabott szolg\u00e1ltat\u00e1sokat ny\u00fajtunk, nemzetk\u00f6zi tan\u00fas\u00edtv\u00e1nyokkal rendelkez\u00fcnk, \u00e9s kiv\u00e1l\u00f3 \u00e9rt\u00e9kes\u00edt\u00e9s ut\u00e1ni szolg\u00e1ltat\u00e1sokat k\u00edn\u00e1lunk. Elk\u00f6telezettek vagyunk a magas hat\u00e9konys\u00e1g, a pontoss\u00e1g \u00e9s a min\u0151s\u00e9g ir\u00e1nt, \u00edgy biztos\u00edtjuk, hogy megfelelj\u00fcnk \u00fcgyfeleink sokr\u00e9t\u0171 ig\u00e9nyeinek.<\/p>\n<p><img decoding=\"async\" src=\"https:\/\/hzpt.com\/wp-content\/uploads\/2024\/11\/songte-company-1.webp\" alt=\"C\u00e9ges im\u00e1zs\"><\/p>\n<p>Szerz\u0151: lyl<\/p>\n<p><\/body><br \/>\n<\/html><\/p>","protected":false},"excerpt":{"rendered":"<p>Bucket Cylinder For Yigong CY65-8 Bucket Cylinder For Yigong CY65-8 Introduction The bucket cylinder for Yigong CY65-8 is a specialized hydraulic cylinder designed to control the movement of the bucket in heavy machinery such as excavators, backhoe loaders, and front loaders. Its main function is to enable the lifting, lowering, and tilting of the bucket, [&hellip;]<\/p>","protected":false},"featured_media":14773,"comment_status":"open","ping_status":"closed","template":"","meta":{"_et_pb_use_builder":"","_et_pb_old_content":"","_et_gb_content_width":""},"product_brand":[],"product_cat":[1494],"product_tag":[1495,1496],"class_list":{"0":"post-15996","1":"product","2":"type-product","3":"status-publish","4":"has-post-thumbnail","6":"product_cat-bucket-cylinders","7":"product_tag-bucket-cylinders","8":"product_tag-hydraulic-cylinders","10":"first","11":"instock","12":"shipping-taxable","13":"product-type-simple"},"amp_enabled":true,"_links":{"self":[{"href":"https:\/\/www.hydraulic-cylinders.net\/hu\/wp-json\/wp\/v2\/product\/15996","targetHints":{"allow":["GET"]}}],"collection":[{"href":"https:\/\/www.hydraulic-cylinders.net\/hu\/wp-json\/wp\/v2\/product"}],"about":[{"href":"https:\/\/www.hydraulic-cylinders.net\/hu\/wp-json\/wp\/v2\/types\/product"}],"replies":[{"embeddable":true,"href":"https:\/\/www.hydraulic-cylinders.net\/hu\/wp-json\/wp\/v2\/comments?post=15996"}],"wp:featuredmedia":[{"embeddable":true,"href":"https:\/\/www.hydraulic-cylinders.net\/hu\/wp-json\/wp\/v2\/media\/14773"}],"wp:attachment":[{"href":"https:\/\/www.hydraulic-cylinders.net\/hu\/wp-json\/wp\/v2\/media?parent=15996"}],"wp:term":[{"taxonomy":"product_brand","embeddable":true,"href":"https:\/\/www.hydraulic-cylinders.net\/hu\/wp-json\/wp\/v2\/product_brand?post=15996"},{"taxonomy":"product_cat","embeddable":true,"href":"https:\/\/www.hydraulic-cylinders.net\/hu\/wp-json\/wp\/v2\/product_cat?post=15996"},{"taxonomy":"product_tag","embeddable":true,"href":"https:\/\/www.hydraulic-cylinders.net\/hu\/wp-json\/wp\/v2\/product_tag?post=15996"}],"curies":[{"name":"munkaf\u00fczet","href":"https:\/\/api.w.org\/{rel}","templated":true}]}}