{"id":15997,"date":"2025-01-19T15:16:12","date_gmt":"2025-01-19T15:16:12","guid":{"rendered":"https:\/\/www.hydraulic-cylinders.net\/product\/bucket-cylinder-for-yigong-cy860\/"},"modified":"2025-01-19T15:16:14","modified_gmt":"2025-01-19T15:16:14","slug":"bucket-cylinder-for-yigong-cy860","status":"publish","type":"product","link":"https:\/\/www.hydraulic-cylinders.net\/hu\/termek\/bucket-cylinder-for-yigong-cy860\/","title":{"rendered":"V\u00f6d\u00f6rhenger Yigong CY860-hoz"},"content":{"rendered":"<h1>V\u00f6d\u00f6rhenger Yigong CY860-hoz<\/h1>\n<p><img decoding=\"async\" src=\"https:\/\/www.hydraulic-cylinders.net\/wp-content\/uploads\/2025\/01\/songte-company-2.webp\"><\/p>\n<h2>Bevezet\u00e9s<\/h2>\n<p>A Yigong CY860 kan\u00e1lhengere egy speci\u00e1lis hidraulikus henger, amelyet neh\u00e9zg\u00e9pek, p\u00e9ld\u00e1ul kotr\u00f3g\u00e9pek, kotr\u00f3rakod\u00f3k \u00e9s homlokrakod\u00f3k kan\u00e1lmozg\u00e1s\u00e1nak vez\u00e9rl\u00e9s\u00e9re terveztek. F\u0151 funkci\u00f3ja a kan\u00e1l emel\u00e9s\u00e9nek, s\u00fcllyeszt\u00e9s\u00e9nek \u00e9s billent\u00e9s\u00e9nek megk\u00f6nny\u00edt\u00e9se, megk\u00f6nny\u00edtve a k\u00fcl\u00f6nf\u00e9le anyagmozgat\u00e1si feladatok elv\u00e9gz\u00e9s\u00e9t. Egy hidraulikus rendszerben a kan\u00e1lhenger a hidraulikaolaj nyom\u00e1s\u00e1nak v\u00e1ltoz\u00e1sait haszn\u00e1lja ki a kan\u00e1l pontos vez\u00e9rl\u00e9s\u00e9hez, lehet\u0151v\u00e9 t\u00e9ve a kezel\u0151k sz\u00e1m\u00e1ra a neh\u00e9z terhek hat\u00e9kony kezel\u00e9s\u00e9t, valamint az \u00f6sszetett munkak\u00f6rnyezetekhez \u00e9s a v\u00e1ltozatos m\u0171k\u00f6d\u00e9si k\u00f6vetelm\u00e9nyekhez val\u00f3 alkalmazkod\u00e1st.<\/p>\n<h2>Jellemz\u0151k<\/h2>\n<ul>\n<li>Nagy szil\u00e1rds\u00e1g \u00e9s tart\u00f3ss\u00e1g: A jellemz\u0151en nagy szil\u00e1rds\u00e1g\u00fa ac\u00e9lb\u00f3l vagy alum\u00edniumb\u00f3l k\u00e9sz\u00fclt kan\u00e1lhenger nagy nyom\u00e1st \u00e9s nagy terhel\u00e9st k\u00e9pes ellen\u00e1llni, alkalmazkodva a zord munkak\u00f6r\u00fclm\u00e9nyekhez. Tervez\u00e9se sor\u00e1n a kop\u00e1s\u00e1ll\u00f3s\u00e1got \u00e9s a korr\u00f3zi\u00f3\u00e1ll\u00f3s\u00e1got is figyelembe vett\u00e9k az \u00e9lettartam meghosszabb\u00edt\u00e1sa \u00e9rdek\u00e9ben.<\/li>\n<li>Hat\u00e9kony hidraulikus m\u0171k\u00f6d\u00e9s: A hidraulikaolaj nyom\u00e1s\u00e1nak kihaszn\u00e1l\u00e1s\u00e1val a kan\u00e1lhenger lehet\u0151v\u00e9 teszi a sima kitol\u00e1st \u00e9s visszah\u00faz\u00e1st, a gyors reag\u00e1l\u00e1st a vez\u00e9rl\u0151parancsokra, \u00e9s er\u0151teljes tol\u00f3- \u00e9s h\u00faz\u00f3er\u0151t biztos\u00edt, \u00edgy alkalmass\u00e1 teszi neh\u00e9z terhek \u00e9s \u00f6sszetett m\u0171k\u00f6d\u00e9si feladatok kezel\u00e9s\u00e9re.<\/li>\n<li>K\u00fcl\u00f6nb\u00f6z\u0151 t\u00edpusok: A kan\u00e1lhenger v\u00e1laszthat\u00f3 egyszeres m\u0171k\u00f6d\u00e9s\u0171 (a hidraulikus nyom\u00e1s csak egy ir\u00e1nyban m\u0171k\u00f6dik) vagy kett\u0151s m\u0171k\u00f6d\u00e9s\u0171 (a hidraulikus nyom\u00e1s k\u00e9t ir\u00e1nyban m\u0171k\u00f6dik) hengerk\u00e9nt, az \u00fczemi k\u00f6vetelm\u00e9nyekt\u0151l f\u00fcgg\u0151en. Egyes modellek teleszk\u00f3posak, \u00edgy nagyobb kiny\u00fal\u00e1st tesznek lehet\u0151v\u00e9 a k\u00fcls\u0151 m\u00e9retek n\u00f6vel\u00e9se n\u00e9lk\u00fcl, \u00edgy alkalmasak korl\u00e1tozott helyig\u00e9ny\u0171 alkalmaz\u00e1sokhoz.<\/li>\n<li>Megl\u00e9v\u0151 hengerek cser\u00e9je: Term\u00e9k\u00fcnk t\u00f6k\u00e9letesen helyettes\u00edti a megl\u00e9v\u0151 hidraulikus hengereket. <\/li>\n<\/ul>\n<p><img decoding=\"async\" src=\"https:\/\/www.hydraulic-cylinders.net\/wp-content\/uploads\/2025\/01\/songte-cylinder-head-with-all-kinds-excavator-models.webp\"><\/p>\n<h2>Alkalmaz\u00e1sok<\/h2>\n<p>A Yigong CY860 kan\u00e1lhengere sz\u00e1mos ipar\u00e1gban alkalmazhat\u00f3, t\u00f6bbek k\u00f6z\u00f6tt:<\/p>\n<h3>\u00c9p\u00edt\u0151ipari berendez\u00e9sek<\/h3>\n<p>Kotr\u00f3g\u00e9pekben l\u00e9tfontoss\u00e1g\u00faak a f\u00f6ldmunk\u00e1k, a rakod\u00e1s \u00e9s a f\u00f6ld vagy t\u00f6rmel\u00e9k mozgat\u00e1sa sor\u00e1n. Kotr\u00f3g\u00e9p-rakod\u00f3kban a kan\u00e1lhenger mind az \u00e1s\u00e1si, mind az emel\u00e9si m\u0171veleteket seg\u00edti.<\/p>\n<h3>Mez\u0151gazdas\u00e1gi g\u00e9pek<\/h3>\n<p>Homlokrakod\u00f3kban haszn\u00e1lj\u00e1k talaj, sz\u00e9na \u00e9s egy\u00e9b anyagok mer\u00e9s\u00e9re, emel\u00e9s\u00e9re \u00e9s sz\u00e1ll\u00edt\u00e1s\u00e1ra.<\/p>\n<h3>Kotr\u00f3g\u00e9pek<\/h3>\n<p>A kan\u00e1lhenger lehet\u0151v\u00e9 teszi az \u00e1s\u00e1si m\u0171veleteket az\u00e1ltal, hogy lehet\u0151v\u00e9 teszi a kan\u00e1l talajba hatol\u00e1s\u00e1t.<\/p>\n<h3>Homlokrakod\u00f3k<\/h3>\n<p>A homlokrakod\u00f3kban hat\u00e9konyan seg\u00edtik az \u00e1ruk emel\u00e9s\u00e9t \u00e9s billent\u00e9s\u00e9t.<\/p>\n<p><img decoding=\"async\" src=\"https:\/\/www.hydraulic-cylinders.net\/wp-content\/uploads\/2025\/01\/songte-oil-pipes-and-spare-parts.webp\"><\/p>\n<h2>Tervez\u00e9si szempontok \u00e9s kiv\u00e1laszt\u00e1si krit\u00e9riumok<\/h2>\n<ul>\n<li>Teherb\u00edr\u00e1s: A kan\u00e1lhenger nagy terhel\u00e9sek \u00e9s nyom\u00e1sok elvisel\u00e9s\u00e9re van tervezve a megb\u00edzhat\u00f3 teljes\u00edtm\u00e9ny biztos\u00edt\u00e1sa \u00e9rdek\u00e9ben.<\/li>\n<li>T\u00f6m\u00edt\u00e9s: K\u00fcl\u00f6nb\u00f6z\u0151 t\u00f6m\u00edt\u0151elemek, p\u00e9ld\u00e1ul dugatty\u00fat\u00f6m\u00edt\u00e9sek \u00e9s r\u00fadt\u00f6m\u00edt\u00e9sek kop\u00e1s\u00e1ll\u00f3 anyagokb\u00f3l, p\u00e9ld\u00e1ul poliuret\u00e1nb\u00f3l \u00e9s nitrilgumib\u00f3l k\u00e9sz\u00fclnek, biztos\u00edtj\u00e1k a hat\u00e9kony t\u00f6m\u00edt\u00e9st. A hengertest \u00e9s a menetes v\u00e9gek finom megmunk\u00e1l\u00e1son esnek \u00e1t a kop\u00e1s\u00e1ll\u00f3s\u00e1g jav\u00edt\u00e1sa \u00e9rdek\u00e9ben.<\/li>\n<li>Tart\u00f3ss\u00e1g: A kan\u00e1lhenger a tart\u00f3ss\u00e1got szem el\u0151tt tartva k\u00e9sz\u00fclt, figyelembe v\u00e9ve a zord \u00fczemi k\u00f6r\u00fclm\u00e9nyeket, amelyekkel tal\u00e1lkozhat.<\/li>\n<li>Biztons\u00e1g: A tervez\u00e9s sor\u00e1n biztons\u00e1gi funkci\u00f3kat \u00e9p\u00edtettek be a balesetek megel\u0151z\u00e9se \u00e9rdek\u00e9ben.<\/li>\n<li>Karbantarthat\u00f3s\u00e1g: A serleghenger k\u00f6nnyen karbantarthat\u00f3 \u00e9s jav\u00edthat\u00f3, k\u00f6nnyen hozz\u00e1f\u00e9rhet\u0151 alkatr\u00e9szekkel \u00e9s egy\u00e9rtelm\u0171 utas\u00edt\u00e1sokkal rendelkezik.<\/li>\n<\/ul>\n<p><img decoding=\"async\" src=\"https:\/\/www.hydraulic-cylinders.net\/wp-content\/uploads\/2025\/01\/songte-chushion-collar.webp\"><\/p>\n<h2>T\u00f6m\u00edt\u00e9s \u00e9s ken\u00e9s<\/h2>\n<p>A kan\u00e1lhenger k\u00fcl\u00f6nf\u00e9le t\u00f6m\u00edt\u00e9seket tartalmaz, p\u00e9ld\u00e1ul dugatty\u00fat\u00f6m\u00edt\u00e9seket \u00e9s r\u00fadt\u00f6m\u00edt\u00e9seket, amelyek kop\u00e1s\u00e1ll\u00f3 anyagokb\u00f3l k\u00e9sz\u00fclnek a hat\u00e9kony t\u00f6m\u00edt\u00e9s biztos\u00edt\u00e1sa \u00e9rdek\u00e9ben. A hengertest \u00e9s a menetes v\u00e9gek finom megmunk\u00e1l\u00e1s\u00faak a kop\u00e1s\u00e1ll\u00f3s\u00e1g fokoz\u00e1sa \u00e9rdek\u00e9ben. A z\u00f6kken\u0151mentes m\u0171k\u00f6d\u00e9s fenntart\u00e1sa \u00e9rdek\u00e9ben aj\u00e1nlott rendszeres ken\u00e9s megfelel\u0151 hidraulikaolajjal.<\/p>\n<h2>Karbantart\u00e1s \u00e9s megel\u0151z\u0151 int\u00e9zked\u00e9sek<\/h2>\n<ul>\n<li>Rendszeres ellen\u0151rz\u00e9s: Rendszeresen ellen\u0151rizze a kan\u00e1lhengert kop\u00e1s, sziv\u00e1rg\u00e1s vagy s\u00e9r\u00fcl\u00e9s jelei szempontj\u00e1b\u00f3l.<\/li>\n<li>Megfelel\u0151 ken\u00e9s: Biztos\u00edtsa az \u00f6sszes mozg\u00f3 alkatr\u00e9sz megfelel\u0151 ken\u00e9s\u00e9t.<\/li>\n<li>T\u00f6m\u00edt\u00e9scsere: Ha a t\u00f6m\u00edt\u00e9sek kop\u00e1s vagy sziv\u00e1rg\u00e1s jeleit mutatj\u00e1k, azonnal cser\u00e9lje ki \u0151ket a henger teljes\u00edtm\u00e9ny\u00e9nek meg\u0151rz\u00e9se \u00e9rdek\u00e9ben.<\/li>\n<li>Kalibr\u00e1ci\u00f3 ellen\u0151rz\u00e9se: A pontos m\u0171k\u00f6d\u00e9s biztos\u00edt\u00e1sa \u00e9rdek\u00e9ben rendszeresen ellen\u0151rizze \u00e9s kalibr\u00e1lja a hengert.<\/li>\n<\/ul>\n<p><img decoding=\"async\" src=\"https:\/\/www.hydraulic-cylinders.net\/wp-content\/uploads\/2025\/01\/songte-bushings-with-all-kinds-of-excavator-models.webp\"><\/p>\n<h2>Biztons\u00e1gi szempontok \u00e9s k\u00f6rnyezeti t\u00e9nyez\u0151k<\/h2>\n<p>A kan\u00e1lhenger haszn\u00e1latakor elengedhetetlen a biztons\u00e1gi int\u00e9zked\u00e9sek betart\u00e1sa a balesetek megel\u0151z\u00e9se \u00e9s a kezel\u0151 biztons\u00e1g\u00e1nak garant\u00e1l\u00e1sa \u00e9rdek\u00e9ben. Biztons\u00e1gi \u00f3vint\u00e9zked\u00e9seket kell tenni neh\u00e9zg\u00e9pek kezel\u00e9sekor \u00e9s potenci\u00e1lisan vesz\u00e9lyes k\u00f6rnyezetben v\u00e9gzett munka sor\u00e1n.<\/p>\n<h2>Hibaelh\u00e1r\u00edt\u00e1s \u00e9s gyakori probl\u00e9m\u00e1k<\/h2>\n<p>A kan\u00e1lhengerrel kapcsolatos gyakori probl\u00e9m\u00e1k k\u00f6z\u00e9 tartoznak a sziv\u00e1rg\u00e1sok, a cs\u00f6kkent teljes\u00edtm\u00e9ny \u00e9s a rendellenes mozg\u00e1sok. Ezen probl\u00e9m\u00e1k elh\u00e1r\u00edt\u00e1s\u00e1hoz vegye figyelembe a k\u00f6vetkez\u0151ket:<\/p>\n<ul>\n<li>Ellen\u0151rizze a sziv\u00e1rg\u00e1sokat, \u00e9s jav\u00edtsa ki a t\u00f6m\u00edt\u00e9ssel vagy csatlakoz\u00e1ssal kapcsolatos probl\u00e9m\u00e1kat.<\/li>\n<li>Ellen\u0151rizze a hidraulikafolyad\u00e9k szintj\u00e9t \u00e9s min\u0151s\u00e9g\u00e9t.<\/li>\n<li>Vizsg\u00e1lja meg a hidraulikus rendszert rendelleness\u00e9gek vagy meghib\u00e1sod\u00e1sok szempontj\u00e1b\u00f3l.<\/li>\n<\/ul>\n<p>A hat\u00e9kony diagn\u00f3zis \u00e9s probl\u00e9mamegold\u00e1s \u00e9rdek\u00e9ben k\u00e9rjen szakember seg\u00edts\u00e9g\u00e9t, \u00e9s tartsa be az aj\u00e1nlott karbantart\u00e1si gyakorlatokat a lehets\u00e9ges probl\u00e9m\u00e1k minimaliz\u00e1l\u00e1sa \u00e9rdek\u00e9ben.<\/p>\n<p><img decoding=\"async\" src=\"https:\/\/www.hydraulic-cylinders.net\/wp-content\/uploads\/2025\/01\/songte-company-1.webp\"><\/p>\n<h2>Telep\u00edt\u00e9si \u00fatmutat\u00f3<\/h2>\n<p>A megfelel\u0151 telep\u00edt\u00e9s elengedhetetlen az optim\u00e1lis teljes\u00edtm\u00e9ny \u00e9s biztons\u00e1g \u00e9rdek\u00e9ben. K\u00f6vesse az al\u00e1bbi ir\u00e1nyelveket:<\/p>\n<ul>\n<li>A beszerel\u00e9s sor\u00e1n a hengert megfelel\u0151en igaz\u00edtsa be.<\/li>\n<li>Haszn\u00e1ljon megfelel\u0151 r\u00f6gz\u00edt\u0151konzolokat a henger r\u00f6gz\u00edt\u00e9s\u00e9hez.<\/li>\n<\/ul>\n<h2>Karbantart\u00e1si feladatok<\/h2>\n<p>A serleghenger gyakori karbantart\u00e1si feladatai k\u00f6z\u00e9 tartozik a rendszeres ellen\u0151rz\u00e9s, a megfelel\u0151 ken\u00e9s, a t\u00f6m\u00edt\u00e9sek cser\u00e9je \u00e9s a kalibr\u00e1l\u00e1s ellen\u0151rz\u00e9se. Hangs\u00falyozza a helyes beszerel\u00e9s, ken\u00e9s \u00e9s be\u00e1ll\u00edt\u00e1s fontoss\u00e1g\u00e1t. Adjon megfelel\u0151 \u00fatmutat\u00e1st a henger be\u00e1ll\u00edt\u00e1s\u00e1hoz a telep\u00edt\u00e9s sor\u00e1n. Javasolja az ellen\u0151rz\u00e9si, jav\u00edt\u00e1si \u00e9s csere elj\u00e1r\u00e1sait. Tippeket adjon a term\u00e9k \u00e9lettartam\u00e1nak meghosszabb\u00edt\u00e1s\u00e1ra. <\/p>\n<p><img decoding=\"async\" src=\"https:\/\/www.hydraulic-cylinders.net\/wp-content\/uploads\/2025\/01\/songte-company-3.webp\"><\/p>\n<h2>R\u00f3lunk<\/h2>\n<p>C\u00e9g\u00fcnk a hidraulikus hengerek vezet\u0151 gy\u00e1rt\u00f3ja \u00e9s nagykereskedelmi forgalmaz\u00f3ja mind a hazai, mind a nemzetk\u00f6zi piacokon. Sz\u00e9les term\u00e9kv\u00e1laszt\u00e9kot k\u00edn\u00e1lunk, \u00e9s a kiv\u00e1l\u00f3 min\u0151s\u00e9gre t\u00f6reksz\u00fcnk. Korszer\u0171 gy\u00e1rt\u00f3l\u00e9tes\u00edtm\u00e9nyeinkkel, k\u00e9pzett technikusainkkal \u00e9s professzion\u00e1lis tesztel\u0151rendszereinkkel folyamatosan fejlesztj\u00fck gy\u00e1rt\u00e1si platformunkat \u00e9s term\u00e9kmin\u0151s\u00e9gi gy\u00e1rt\u00f3sorainkat. Er\u0151s k\u00e9pess\u00e9gekkel rendelkez\u00fcnk arra, hogy nagy hat\u00e9konys\u00e1g\u00fa, nagy pontoss\u00e1g\u00fa \u00e9s kiv\u00e1l\u00f3 min\u0151s\u00e9g\u0171 term\u00e9keket hozzunk l\u00e9tre, hogy kiel\u00e9g\u00edts\u00fck \u00fcgyfeleink sokr\u00e9t\u0171 ig\u00e9nyeit.<\/p>\n<p>Tov\u00e1bbi r\u00e9szletek c\u00e9g\u00fcnkr\u0151l:<\/p>\n<ul>\n<li>Szakmaiass\u00e1g<\/li>\n<li>Nemzetk\u00f6zi tan\u00fas\u00edtv\u00e1nyok<\/li>\n<li>Testreszab\u00e1si szolg\u00e1ltat\u00e1sok<\/li>\n<li>Termel\u00e9si berendez\u00e9sek<\/li>\n<li>\u00c9rt\u00e9kes\u00edt\u00e9s ut\u00e1ni szolg\u00e1ltat\u00e1s<\/li>\n<\/ul>\n<p>Szerz\u0151: lyl<\/p>","protected":false},"excerpt":{"rendered":"<p>Bucket Cylinder For Yigong CY860 Introduction The Bucket Cylinder for Yigong CY860 is a specialized hydraulic cylinder designed for controlling the movement of the bucket in heavy machinery such as excavators, backhoe loaders, and front-end loaders. Its main function is to facilitate the lifting, lowering, and tilting of the bucket, making it easier to handle [&hellip;]<\/p>","protected":false},"featured_media":14771,"comment_status":"open","ping_status":"closed","template":"","meta":{"_et_pb_use_builder":"","_et_pb_old_content":"","_et_gb_content_width":""},"product_brand":[],"product_cat":[1494],"product_tag":[1495,1496],"class_list":{"0":"post-15997","1":"product","2":"type-product","3":"status-publish","4":"has-post-thumbnail","6":"product_cat-bucket-cylinders","7":"product_tag-bucket-cylinders","8":"product_tag-hydraulic-cylinders","10":"first","11":"instock","12":"shipping-taxable","13":"product-type-simple"},"amp_enabled":true,"_links":{"self":[{"href":"https:\/\/www.hydraulic-cylinders.net\/hu\/wp-json\/wp\/v2\/product\/15997","targetHints":{"allow":["GET"]}}],"collection":[{"href":"https:\/\/www.hydraulic-cylinders.net\/hu\/wp-json\/wp\/v2\/product"}],"about":[{"href":"https:\/\/www.hydraulic-cylinders.net\/hu\/wp-json\/wp\/v2\/types\/product"}],"replies":[{"embeddable":true,"href":"https:\/\/www.hydraulic-cylinders.net\/hu\/wp-json\/wp\/v2\/comments?post=15997"}],"wp:featuredmedia":[{"embeddable":true,"href":"https:\/\/www.hydraulic-cylinders.net\/hu\/wp-json\/wp\/v2\/media\/14771"}],"wp:attachment":[{"href":"https:\/\/www.hydraulic-cylinders.net\/hu\/wp-json\/wp\/v2\/media?parent=15997"}],"wp:term":[{"taxonomy":"product_brand","embeddable":true,"href":"https:\/\/www.hydraulic-cylinders.net\/hu\/wp-json\/wp\/v2\/product_brand?post=15997"},{"taxonomy":"product_cat","embeddable":true,"href":"https:\/\/www.hydraulic-cylinders.net\/hu\/wp-json\/wp\/v2\/product_cat?post=15997"},{"taxonomy":"product_tag","embeddable":true,"href":"https:\/\/www.hydraulic-cylinders.net\/hu\/wp-json\/wp\/v2\/product_tag?post=15997"}],"curies":[{"name":"munkaf\u00fczet","href":"https:\/\/api.w.org\/{rel}","templated":true}]}}