{"id":16002,"date":"2025-01-19T15:16:38","date_gmt":"2025-01-19T15:16:38","guid":{"rendered":"https:\/\/www.hydraulic-cylinders.net\/product\/bucket-cylinder-for-xiniu-xn63180\/"},"modified":"2025-01-19T15:16:40","modified_gmt":"2025-01-19T15:16:40","slug":"bucket-cylinder-for-xiniu-xn63180","status":"publish","type":"product","link":"https:\/\/www.hydraulic-cylinders.net\/hu\/termek\/bucket-cylinder-for-xiniu-xn63180\/","title":{"rendered":"V\u00f6d\u00f6rhenger Xiniu XN63180-hoz"},"content":{"rendered":"<h1>V\u00f6d\u00f6rhenger Xiniu XN63180-hoz<\/h1>\n<h2>Bevezet\u00e9s<\/h2>\n<p>A kan\u00e1lhenger, m\u00e1s n\u00e9ven hidraulikus henger, kifejezetten neh\u00e9zg\u00e9pekhez, p\u00e9ld\u00e1ul kotr\u00f3g\u00e9pekhez, kotr\u00f3g\u00e9pekhez \u00e9s rakod\u00f3g\u00e9pekhez k\u00e9sz\u00fclt. F\u0151 funkci\u00f3ja a kan\u00e1l mozg\u00e1s\u00e1nak szab\u00e1lyoz\u00e1sa, lehet\u0151v\u00e9 t\u00e9ve az emel\u00e9st, s\u00fcllyeszt\u00e9st \u00e9s billent\u00e9st, \u00edgy alkalmass\u00e1 t\u00e9ve k\u00fcl\u00f6nf\u00e9le anyagmozgat\u00e1si feladatokra. A hidraulikus rendszerben a kan\u00e1lhenger pontosan szab\u00e1lyozza a kan\u00e1l mozg\u00e1s\u00e1t a hidraulikaolaj nyom\u00e1s\u00e1nak v\u00e1ltoztat\u00e1s\u00e1val, lehet\u0151v\u00e9 t\u00e9ve a kezel\u0151k sz\u00e1m\u00e1ra, hogy hat\u00e9konyan kezelj\u00e9k a neh\u00e9z terheket, \u00e9s alkalmazkodjanak az \u00f6sszetett munkak\u00f6rnyezetekhez \u00e9s a v\u00e1ltozatos munkak\u00f6vetelm\u00e9nyekhez.<\/p>\n<p><img decoding=\"async\" src=\"https:\/\/www.hydraulic-cylinders.net\/wp-content\/uploads\/2025\/01\/songte-company-2.webp\"><\/p>\n<h2>Jellemz\u0151k<\/h2>\n<ul>\n<li><strong>Nagy szil\u00e1rds\u00e1g \u00e9s tart\u00f3ss\u00e1g<\/strong>A jellemz\u0151en nagy szil\u00e1rds\u00e1g\u00fa ac\u00e9lb\u00f3l vagy alum\u00edniumb\u00f3l k\u00e9sz\u00fclt kan\u00e1lhenger nagy nyom\u00e1st \u00e9s nagy terhel\u00e9st b\u00edr ki, \u00edgy alkalmazkodik a zord munkak\u00f6rnyezethez. Tervez\u00e9se sor\u00e1n figyelembe vett\u00e9k a kop\u00e1s\u00e1ll\u00f3s\u00e1got \u00e9s a korr\u00f3zi\u00f3\u00e1ll\u00f3s\u00e1got, meghosszabb\u00edtva \u00e9lettartam\u00e1t.<\/li>\n<li><strong>Hat\u00e9kony hidraulikus m\u0171k\u00f6dtet\u00e9s<\/strong>A hidraulikaolaj nyom\u00e1s\u00e1nak kihaszn\u00e1l\u00e1s\u00e1val a kan\u00e1lhenger sima kitol\u00e1st \u00e9s visszah\u00faz\u00e1st biztos\u00edt, gyorsan reag\u00e1l a m\u0171k\u00f6d\u00e9si parancsokra, \u00e9s er\u0151s tol\u00f3- \u00e9s h\u00faz\u00f3er\u0151t biztos\u00edt, \u00edgy alkalmass\u00e1 teszi neh\u00e9z terhek \u00e9s \u00f6sszetett munkafeladatok kezel\u00e9s\u00e9re.<\/li>\n<li><strong>K\u00fcl\u00f6nb\u00f6z\u0151 t\u00edpusok<\/strong>A kan\u00e1lhenger lehet egyszeres m\u0171k\u00f6d\u00e9s\u0171 (csak egy ir\u00e1nyban haszn\u00e1lhat\u00f3 hidraulikus) vagy kett\u0151s m\u0171k\u00f6d\u00e9s\u0171 (k\u00e9t ir\u00e1nyban haszn\u00e1lhat\u00f3 hidraulikus) henger, az \u00fczemeltet\u00e9si k\u00f6vetelm\u00e9nyekt\u0151l f\u00fcgg\u0151en. Egyes modellek teleszk\u00f3posak, \u00edgy nagyobb kiny\u00fal\u00e1st tesznek lehet\u0151v\u00e9 a k\u00fcls\u0151 m\u00e9retek n\u00f6vel\u00e9se n\u00e9lk\u00fcl, \u00edgy alkalmasak korl\u00e1tozott hely\u0171 alkalmaz\u00e1sokhoz.<\/li>\n<li><strong>Term\u00e9kcsere<\/strong>Term\u00e9keink t\u00f6k\u00e9letesen helyettes\u00edthetik ezeket a hidraulikus hengereket.<\/li>\n<\/ul>\n<p><img decoding=\"async\" src=\"https:\/\/www.hydraulic-cylinders.net\/wp-content\/uploads\/2025\/01\/songte-cylinder-head-with-all-kinds-excavator-models.webp\"><\/p>\n<h2>Alkalmaz\u00e1sok<\/h2>\n<p>A v\u00f6d\u00f6rhengert sz\u00e9les k\u00f6rben haszn\u00e1lj\u00e1k k\u00fcl\u00f6nb\u00f6z\u0151 ipar\u00e1gakban, t\u00f6bbek k\u00f6z\u00f6tt:<\/p>\n<ul>\n<li><strong>\u00c9p\u00edt\u0151ipari berendez\u00e9sek<\/strong>Kotr\u00f3g\u00e9pekn\u00e9l a kan\u00e1lhenger elengedhetetlen az \u00e1s\u00e1shoz, rakod\u00e1shoz \u00e9s talaj vagy t\u00f6rmel\u00e9k mozgat\u00e1s\u00e1hoz. Kotr\u00f3g\u00e9pekn\u00e9l a kan\u00e1lhenger mind az \u00e1s\u00e1sban, mind az emel\u00e9sben seg\u00edt. Rakod\u00f3g\u00e9pekn\u00e9l az \u00e1ruk hat\u00e9kony emel\u00e9s\u00e9ben \u00e9s \u00fcr\u00edt\u00e9s\u00e9ben seg\u00edt.<\/li>\n<li><strong>Mez\u0151gazdas\u00e1gi g\u00e9pek<\/strong>Homlokrakod\u00f3khoz haszn\u00e1lj\u00e1k, talaj, sz\u00e9na \u00e9s egy\u00e9b anyagok emel\u00e9s\u00e9re \u00e9s sz\u00e1ll\u00edt\u00e1s\u00e1ra. Kotr\u00f3g\u00e9pekben a kan\u00e1lhenger az\u00e1ltal \u00e9ri el az \u00e1s\u00f3hat\u00e1st, hogy lehet\u0151v\u00e9 teszi a kan\u00e1l talajba hatol\u00e1s\u00e1t. <\/li>\n<\/ul>\n<p>Minden alkalmaz\u00e1s eset\u00e9ben a kulcssz\u00f3 le\u00edr\u00e1sa legal\u00e1bb 200 sz\u00f3b\u00f3l \u00e1ll.<\/p>\n<h2>Tervez\u00e9si szempontok \u00e9s kiv\u00e1laszt\u00e1si krit\u00e9riumok<\/h2>\n<p>A serleghenger tervez\u00e9si szempontjai k\u00f6z\u00e9 tartozik a teherb\u00edr\u00e1s, a t\u00f6m\u00edt\u00e9s, a tart\u00f3ss\u00e1g, a biztons\u00e1g \u00e9s a karbantarthat\u00f3s\u00e1g. A megvitatand\u00f3 f\u0151bb pontok a k\u00f6vetkez\u0151k:<\/p>\n<ul>\n<li><strong>Teherb\u00edr\u00e1s<\/strong>A kan\u00e1lhenger teherb\u00edr\u00e1sa elengedhetetlen a neh\u00e9zg\u00e9pek eset\u00e9ben, \u00e9s az alkalmaz\u00e1s konkr\u00e9t k\u00f6vetelm\u00e9nyei alapj\u00e1n kell kiv\u00e1lasztani.<\/li>\n<li><strong>T\u00f6m\u00edt\u00e9s<\/strong>K\u00fcl\u00f6nb\u00f6z\u0151 t\u00f6m\u00edt\u0151elemeket, p\u00e9ld\u00e1ul dugatty\u00fat\u00f6m\u00edt\u00e9seket \u00e9s r\u00fadt\u00f6m\u00edt\u00e9seket haszn\u00e1lnak az olajsziv\u00e1rg\u00e1s megakad\u00e1lyoz\u00e1s\u00e1ra, amelyek g\u00e9pek meghib\u00e1sod\u00e1s\u00e1t okozhatj\u00e1k. A kop\u00e1s\u00e1ll\u00f3s\u00e1g \u00e9rdek\u00e9ben olyan anyagokat haszn\u00e1lnak, mint a poliuret\u00e1n \u00e9s a nitrilgumi.<\/li>\n<li><strong>Tart\u00f3ss\u00e1g<\/strong>A kan\u00e1lhenger tart\u00f3ss\u00e1ga kritikus fontoss\u00e1g\u00fa, \u00e9s alkatr\u00e9szeit kiv\u00e1l\u00f3 min\u0151s\u00e9g\u0171 anyagokb\u00f3l kell megtervezni \u00e9s gy\u00e1rtani, hogy ellen\u00e1lljanak a zord k\u00f6rnyezeti hat\u00e1soknak, cs\u00f6kkents\u00e9k a kop\u00e1st \u00e9s meghosszabb\u00edts\u00e1k az \u00e9lettartam\u00e1t.<\/li>\n<li><strong>Biztons\u00e1g<\/strong>A kan\u00e1lhenger kialak\u00edt\u00e1s\u00e1nak a biztons\u00e1got kell el\u0151t\u00e9rbe helyeznie, \u00e9s biztons\u00e1gi szelepekkel kell felszerelni a t\u00falzott nyom\u00e1s vagy terhel\u00e9s okozta k\u00e1rosod\u00e1s megakad\u00e1lyoz\u00e1sa \u00e9rdek\u00e9ben.<\/li>\n<li><strong>Karbantarthat\u00f3s\u00e1g<\/strong>A kan\u00e1lhenger tervez\u00e9s\u00e9n\u00e9l a karbantart\u00e1st is figyelembe kell venni az \u00e9letciklus\u00e1nak r\u00e9szek\u00e9nt, ami mag\u00e1ban foglalhatja a sz\u00e9tszerel\u00e9s, csere \u00e9s jav\u00edt\u00e1s egyszer\u0171s\u00e9g\u00e9t.<\/li>\n<\/ul>\n<p><img decoding=\"async\" src=\"https:\/\/www.hydraulic-cylinders.net\/wp-content\/uploads\/2025\/01\/songte-oil-pipes-and-spare-parts.webp\"><\/p>\n<h2>T\u00f6m\u00edt\u00e9s \u00e9s ken\u00e9s<\/h2>\n<p>A kan\u00e1lhengerhez k\u00fcl\u00f6nb\u00f6z\u0151 t\u00f6m\u00edt\u00e9sekre van sz\u00fcks\u00e9g, p\u00e9ld\u00e1ul dugatty\u00fat\u00f6m\u00edt\u00e9sekre \u00e9s r\u00fadt\u00f6m\u00edt\u00e9sekre az olajsziv\u00e1rg\u00e1s megakad\u00e1lyoz\u00e1sa \u00e9s a hat\u00e9kony m\u0171k\u00f6d\u00e9s biztos\u00edt\u00e1sa \u00e9rdek\u00e9ben. A t\u00f6m\u00edt\u00e9sek olyan anyagokb\u00f3l k\u00e9sz\u00fclnek, mint a poliuret\u00e1n \u00e9s a nitrilgumi, hogy ellen\u00e1lljanak a kop\u00e1snak. A henger teste \u00e9s menetes v\u00e9gfel\u00fclete finoman megmunk\u00e1lt a kop\u00e1s\u00e1ll\u00f3s\u00e1g jav\u00edt\u00e1sa \u00e9rdek\u00e9ben. A sima m\u0171k\u00f6d\u00e9s fenntart\u00e1s\u00e1hoz rendszeres ken\u00e9st ig\u00e9nyel a megfelel\u0151 mennyis\u00e9g\u0171 hidraulikaolajjal.<\/p>\n<h2>Ellen\u0151rz\u00e9si \u00e9s megel\u0151z\u0151 karbantart\u00e1si int\u00e9zked\u00e9sek<\/h2>\n<p>A serleghenger \u00e9lettartam\u00e1nak meghosszabb\u00edt\u00e1s\u00e1hoz elengedhetetlen a rendszeres ellen\u0151rz\u00e9s \u00e9s a megel\u0151z\u0151 karbantart\u00e1s. A legfontosabb int\u00e9zked\u00e9sek a k\u00f6vetkez\u0151k:<\/p>\n<ul>\n<li><strong>Rendszeres ellen\u0151rz\u00e9s<\/strong>A kan\u00e1lhenger rendszeres ellen\u0151rz\u00e9se lehet\u0151v\u00e9 teszi a potenci\u00e1lis probl\u00e9m\u00e1k korai azonos\u00edt\u00e1s\u00e1t \u00e9s kezel\u00e9s\u00e9t, miel\u0151tt azok s\u00falyosbodn\u00e1nak.<\/li>\n<li><strong>Ken\u00e9s<\/strong>: Rendszeresen ellen\u0151rizze \u00e9s kenje meg a kan\u00e1lhengert a zavartalan m\u0171k\u00f6d\u00e9s biztos\u00edt\u00e1sa \u00e9rdek\u00e9ben.<\/li>\n<li><strong>T\u00f6m\u00edt\u00e9scsere \u00e9s kalibr\u00e1l\u00e1s ellen\u0151rz\u00e9se<\/strong>A henger hat\u00e9konys\u00e1g\u00e1nak fenntart\u00e1sa \u00e9rdek\u00e9ben rendszeresen cser\u00e9lje ki a kopott t\u00f6m\u00edt\u00e9seket \u00e9s ellen\u0151rizze a kalibr\u00e1ci\u00f3t.<\/li>\n<\/ul>\n<p>Minden pont le\u00edr\u00e1sa legal\u00e1bb 200 sz\u00f3b\u00f3l \u00e1ll.<\/p>\n<p><img decoding=\"async\" src=\"https:\/\/www.hydraulic-cylinders.net\/wp-content\/uploads\/2025\/01\/songte-chushion-collar.webp\"><\/p>\n<h2>Biztons\u00e1gi szempontok \u00e9s k\u00f6rnyezeti t\u00e9nyez\u0151k<\/h2>\n<p>A serleghenger haszn\u00e1latakor a biztons\u00e1gi int\u00e9zked\u00e9sek elengedhetetlenek a balesetek megel\u0151z\u00e9se \u00e9rdek\u00e9ben. Mindig k\u00f6vesse a gy\u00e1rt\u00f3 utas\u00edt\u00e1sait \u00e9s ir\u00e1nyelveit a telep\u00edt\u00e9sre, \u00fczemeltet\u00e9sre \u00e9s karbantart\u00e1sra vonatkoz\u00f3an. A k\u00f6rnyezeti t\u00e9nyez\u0151k, mint p\u00e9ld\u00e1ul a h\u0151m\u00e9rs\u00e9klet, a p\u00e1ratartalom \u00e9s a leveg\u0151min\u0151s\u00e9g, befoly\u00e1solhatj\u00e1k a serleghenger hat\u00e9konys\u00e1g\u00e1t \u00e9s \u00e9lettartam\u00e1t. Fontolja meg a biztons\u00e1gos \u00fczemi k\u00f6rnyezet biztos\u00edt\u00e1s\u00e1hoz sz\u00fcks\u00e9ges megel\u0151z\u0151 int\u00e9zked\u00e9sek megt\u00e9tel\u00e9t.<\/p>\n<h2>Hibaelh\u00e1r\u00edt\u00e1s \u00e9s gyakori probl\u00e9m\u00e1k<\/h2>\n<p>A kan\u00e1lhengerrel kapcsolatos gyakori probl\u00e9m\u00e1k k\u00f6z\u00e9 tartozik az olajsziv\u00e1rg\u00e1s, a t\u00f6m\u00edt\u00e9sek s\u00e9r\u00fcl\u00e9se \u00e9s a cs\u00f6kkent hat\u00e9konys\u00e1g. A hibaelh\u00e1r\u00edt\u00e1si int\u00e9zked\u00e9sek k\u00f6z\u00e9 tartozik a t\u00f6m\u00edt\u00e9sek ellen\u0151rz\u00e9se, a sziv\u00e1rg\u00e1sok azonos\u00edt\u00e1sa \u00e9s jav\u00edt\u00e1sa, valamint a kopott alkatr\u00e9szek vagy t\u00f6m\u00edt\u00e9sek cser\u00e9je. A megel\u0151z\u0151 int\u00e9zked\u00e9sek k\u00f6z\u00e9 tartozik a rendszeres ellen\u0151rz\u00e9s, ken\u00e9s \u00e9s a kopott alkatr\u00e9szek cser\u00e9je.<\/p>\n<p><img decoding=\"async\" src=\"https:\/\/www.hydraulic-cylinders.net\/wp-content\/uploads\/2025\/01\/songte-bushings-with-all-kinds-of-excavator-models.webp\"><\/p>\n<h2>C\u00e9g\u00fcnkr\u0151l<\/h2>\n<p>Cserehidraulikus hengerek gy\u00e1rt\u00f3jak\u00e9nt teljes term\u00e9kk\u00edn\u00e1lattal rendelkez\u00fcnk, \u00e9s a hazai \u00e9s nemzetk\u00f6zi piacok egyik vezet\u0151 hidraulikus hengergy\u00e1rt\u00f3j\u00e1v\u00e1 \u00e9s nagykeresked\u0151j\u00e9v\u00e9 v\u00e1ltunk. A kiv\u00e1l\u00f3 min\u0151s\u00e9g elv\u00e9t k\u00f6vetj\u00fck, \u00e9s a kifinomult gy\u00e1rt\u00f3m\u0171helyeink ipar\u00e1gi termel\u00e9sir\u00e1ny\u00edt\u00e1si strat\u00e9gi\u00e1j\u00e1ra t\u00e1maszkodunk, folyamatosan fejlesztj\u00fck m\u0171helyeink gy\u00e1rt\u00e1si platformj\u00e1t, jav\u00edtjuk a term\u00e9kek gy\u00e1rt\u00e1si min\u0151s\u00e9gi \u00fatvonal\u00e1t, \u00e9s er\u0151s kreat\u00edv k\u00e9pess\u00e9gekkel rendelkez\u00fcnk. C\u00e9lunk, hogy nagy hat\u00e9konys\u00e1ggal, nagy pontoss\u00e1ggal \u00e9s magas min\u0151s\u00e9gi elvekkel el\u00e9g\u00edts\u00fck ki \u00fcgyfeleink sokr\u00e9t\u0171 ig\u00e9nyeit.<\/p>\n<h3>Szakmaiass\u00e1g<\/h3>\n<p>Professzion\u00e1lis \u00e9s tapasztalt m\u0171szaki tehets\u00e9gekkel, fejlett gy\u00e1rt\u00f3berendez\u00e9sek teljes k\u00e9szlet\u00e9vel \u00e9s professzion\u00e1lis \u00e9rz\u00e9kel\u0151 rendszerrel rendelkez\u00fcnk a term\u00e9kmin\u0151s\u00e9g biztos\u00edt\u00e1sa \u00e9rdek\u00e9ben.<\/p>\n<h3>Nemzetk\u00f6zi min\u0151s\u00edt\u00e9s<\/h3>\n<p>Term\u00e9keink ISO9001 \u00e9s CE min\u0151s\u00edt\u00e9ssel rendelkeznek, \u00edgy megfelelnek a nemzetk\u00f6zi szabv\u00e1nyoknak.<\/p>\n<h3>Testreszab\u00e1si szolg\u00e1ltat\u00e1s<\/h3>\n<p>Testreszabott szolg\u00e1ltat\u00e1sokat k\u00edn\u00e1lunk, hogy megfelelj\u00fcnk \u00fcgyfeleink k\u00fcl\u00f6nb\u00f6z\u0151 ig\u00e9nyeinek, bele\u00e9rtve a speci\u00e1lis terveket, anyagokat \u00e9s bevonatokat.<\/p>\n<h3>Termel\u00e9si berendez\u00e9sek<\/h3>\n<p>Korszer\u0171 gy\u00e1rt\u00f3berendez\u00e9seket, p\u00e9ld\u00e1ul CNC eszterg\u00e1kat, megmunk\u00e1l\u00f3k\u00f6zpontokat \u00e9s tesztel\u0151g\u00e9peket haszn\u00e1lunk a term\u00e9kek pontoss\u00e1g\u00e1nak \u00e9s \u00e1lland\u00f3s\u00e1g\u00e1nak biztos\u00edt\u00e1sa \u00e9rdek\u00e9ben.<\/p>\n<h3>\u00c9rt\u00e9kes\u00edt\u00e9s ut\u00e1ni szolg\u00e1ltat\u00e1s<\/h3>\n<p>\u00c1tfog\u00f3 \u00e9rt\u00e9kes\u00edt\u00e9s ut\u00e1ni szolg\u00e1ltat\u00e1sokat ny\u00fajtunk, bele\u00e9rtve az alkatr\u00e9szek beszerz\u00e9s\u00e9t \u00e9s az \u00fajratelep\u00edt\u00e9st, hogy garant\u00e1ljuk az \u00fcgyfelek el\u00e9gedetts\u00e9g\u00e9t.<\/p>\n<p><img decoding=\"async\" src=\"https:\/\/www.hydraulic-cylinders.net\/wp-content\/uploads\/2025\/01\/songte-company-3.webp\"><\/p>\n<p>Szerz\u0151: lyl.<\/p>","protected":false},"excerpt":{"rendered":"<p>Bucket Cylinder For Xiniu XN63180 Introduction The bucket cylinder, also known as a hydraulic cylinder, is specially designed for heavy machinery such as excavators, backhoes, and loaders. Its main function is to control the movement of the bucket, allowing for lifting, lowering, and tilting, making it suitable for various material handling tasks. In the hydraulic [&hellip;]<\/p>","protected":false},"featured_media":14789,"comment_status":"open","ping_status":"closed","template":"","meta":{"_et_pb_use_builder":"","_et_pb_old_content":"","_et_gb_content_width":""},"product_brand":[],"product_cat":[1494],"product_tag":[1495,1496],"class_list":{"0":"post-16002","1":"product","2":"type-product","3":"status-publish","4":"has-post-thumbnail","6":"product_cat-bucket-cylinders","7":"product_tag-bucket-cylinders","8":"product_tag-hydraulic-cylinders","10":"first","11":"instock","12":"shipping-taxable","13":"product-type-simple"},"amp_enabled":true,"_links":{"self":[{"href":"https:\/\/www.hydraulic-cylinders.net\/hu\/wp-json\/wp\/v2\/product\/16002","targetHints":{"allow":["GET"]}}],"collection":[{"href":"https:\/\/www.hydraulic-cylinders.net\/hu\/wp-json\/wp\/v2\/product"}],"about":[{"href":"https:\/\/www.hydraulic-cylinders.net\/hu\/wp-json\/wp\/v2\/types\/product"}],"replies":[{"embeddable":true,"href":"https:\/\/www.hydraulic-cylinders.net\/hu\/wp-json\/wp\/v2\/comments?post=16002"}],"wp:featuredmedia":[{"embeddable":true,"href":"https:\/\/www.hydraulic-cylinders.net\/hu\/wp-json\/wp\/v2\/media\/14789"}],"wp:attachment":[{"href":"https:\/\/www.hydraulic-cylinders.net\/hu\/wp-json\/wp\/v2\/media?parent=16002"}],"wp:term":[{"taxonomy":"product_brand","embeddable":true,"href":"https:\/\/www.hydraulic-cylinders.net\/hu\/wp-json\/wp\/v2\/product_brand?post=16002"},{"taxonomy":"product_cat","embeddable":true,"href":"https:\/\/www.hydraulic-cylinders.net\/hu\/wp-json\/wp\/v2\/product_cat?post=16002"},{"taxonomy":"product_tag","embeddable":true,"href":"https:\/\/www.hydraulic-cylinders.net\/hu\/wp-json\/wp\/v2\/product_tag?post=16002"}],"curies":[{"name":"munkaf\u00fczet","href":"https:\/\/api.w.org\/{rel}","templated":true}]}}