{"id":16052,"date":"2025-01-20T08:24:47","date_gmt":"2025-01-20T08:24:47","guid":{"rendered":"https:\/\/www.hydraulic-cylinders.net\/product\/arm-cylinderfor-komatsu-small-excavator-pc128-130-7\/"},"modified":"2025-01-20T08:24:49","modified_gmt":"2025-01-20T08:24:49","slug":"arm-cylinderfor-komatsu-small-excavator-pc128-130-7","status":"publish","type":"product","link":"https:\/\/www.hydraulic-cylinders.net\/hu\/termek\/arm-cylinderfor-komatsu-small-excavator-pc128-130-7\/","title":{"rendered":"Karhenger Komatsu kis kotr\u00f3g\u00e9phez PC128\/130-7"},"content":{"rendered":"<p>Karhenger Komatsu kis kotr\u00f3g\u00e9phez PC128\/130-7<\/p>\n<p>Bevezet\u00e9s:<\/p>\n<p>A karhenger egy speci\u00e1lisan tervezett hidraulikus henger, amely line\u00e1ris mozg\u00e1st \u00e9s er\u0151t biztos\u00edt k\u00fcl\u00f6nf\u00e9le g\u00e9pek, p\u00e9ld\u00e1ul kotr\u00f3g\u00e9pek, daruk \u00e9s robotkarok karjainak. A hidraulikus rendszerben a karhenger kulcsszerepet j\u00e1tszik a tov\u00e1bbi szersz\u00e1mok vagy tartoz\u00e9kok hat\u00e9kony mozg\u00e1s\u00e1ban \u00e9s vez\u00e9rl\u00e9s\u00e9ben. Ezek a hengerek nemcsak sima mozg\u00e1st biztos\u00edtanak, hanem nagy terhek elvisel\u00e9s\u00e9re is k\u00e9pesek, biztos\u00edtva a g\u00e9pek hat\u00e9kony m\u0171k\u00f6d\u00e9s\u00e9t \u00e9s megb\u00edzhat\u00f3s\u00e1g\u00e1t k\u00fcl\u00f6nb\u00f6z\u0151 munkak\u00f6r\u00fclm\u00e9nyek k\u00f6z\u00f6tt.<\/p>\n<p>Jellemz\u0151k:<\/p>\n<p>1. Nagy hat\u00e9konys\u00e1g\u00fa er\u0151\u00e1tvitel: A karhenger er\u0151teljes line\u00e1ris mozg\u00e1st \u00e9s er\u0151t biztos\u00edt, biztos\u00edtva a robotkar nagy hat\u00e9konys\u00e1g\u00fa teljes\u00edtm\u00e9ny\u00e9t k\u00fcl\u00f6nf\u00e9le m\u0171veletek sor\u00e1n.<\/p>\n<p>2. Prec\u00edz vez\u00e9rl\u00e9s: A hidraulikus rendszeren kereszt\u00fcl a karhenger pontos mozg\u00e1svez\u00e9rl\u00e9st \u00e9rhet el, \u00edgy a tov\u00e1bbi szersz\u00e1mok m\u0171k\u00f6dtet\u00e9se rugalmasabb \u00e9s pontosabb.<\/p>\n<p>3. Er\u0151s tart\u00f3ss\u00e1g: A karhengerek \u00e1ltal\u00e1ban nagy szil\u00e1rds\u00e1g\u00fa anyagokb\u00f3l k\u00e9sz\u00fclnek, amelyek j\u00f3 kop\u00e1s\u00e1ll\u00f3s\u00e1ggal \u00e9s korr\u00f3zi\u00f3\u00e1ll\u00f3s\u00e1ggal rendelkeznek, \u00edgy alkalmasak hossz\u00fa t\u00e1v\u00fa haszn\u00e1latra zord k\u00f6rnyezetben.<\/p>\n<p>4. Multifunkcionalit\u00e1s: Ezek a munkahengerek sz\u00e9les k\u00f6rben alkalmazhat\u00f3k k\u00fcl\u00f6nf\u00e9le mechanikus berendez\u00e9sekben, p\u00e9ld\u00e1ul kotr\u00f3g\u00e9pekben, darukban \u00e9s robotkarokban, alkalmazkodva a k\u00fcl\u00f6nb\u00f6z\u0151 munkaig\u00e9nyekhez.<\/p>\n<p>5. K\u00f6nny\u0171 karbantart\u00e1s: A k\u00f6nny\u0171 karbantart\u00e1s \u00e9s csere tervez\u00e9si szempontjai k\u00e9nyelmesebb\u00e9 teszik a rendszeres ellen\u0151rz\u00e9st \u00e9s karbantart\u00e1st, cs\u00f6kkentve a berendez\u00e9sek \u00e1ll\u00e1sidej\u00e9t.<\/p>\n<p>Term\u00e9kalkalmaz\u00e1sok:<\/p>\n<p>1. \u00c9p\u00edt\u00e9s: Kotr\u00f3g\u00e9pekben \u00e9s darukban a karhengereket a kan\u00e1l vagy a g\u00e9m mozg\u00e1s\u00e1nak vez\u00e9rl\u00e9s\u00e9re haszn\u00e1lj\u00e1k f\u00f6ldmozgat\u00e1s, anyagmozgat\u00e1s \u00e9s szerkezeti telep\u00edt\u00e9s sor\u00e1n.<\/p>\n<p>2. Gy\u00e1rt\u00e1s: Az automatiz\u00e1lt gy\u00e1rt\u00f3sorokon a karhengereket robotkarok mozgat\u00e1s\u00e1ra, \u00f6sszeszerel\u00e9sre, hegeszt\u00e9sre \u00e9s anyagmozgat\u00e1sra haszn\u00e1lj\u00e1k a termel\u00e9si hat\u00e9konys\u00e1g \u00e9s a pontoss\u00e1g jav\u00edt\u00e1sa \u00e9rdek\u00e9ben.<\/p>\n<p>3. Mez\u0151gazdas\u00e1gi g\u00e9pek: A mez\u0151gazdas\u00e1gi g\u00e9pekben, p\u00e9ld\u00e1ul a betakar\u00edt\u00f3g\u00e9pekben \u00e9s a vet\u0151g\u00e9pekben a karhengerek szab\u00e1lyozz\u00e1k a m\u0171k\u00f6dtet\u0151 kar mozg\u00e1s\u00e1t, \u00e9s olyan feladatokat l\u00e1tnak el, mint a vet\u00e9s, a tr\u00e1gy\u00e1z\u00e1s \u00e9s a betakar\u00edt\u00e1s.<\/p>\n<p>4. B\u00e1ny\u00e1szat: A b\u00e1ny\u00e1szati \u200b\u200bberendez\u00e9sekben a karhengereket az \u00e9rcb\u00e1ny\u00e1szati \u200b\u200b\u00e9s -kezel\u00e9si berendez\u00e9sek karj\u00e1nak mozg\u00e1s\u00e1nak vez\u00e9rl\u00e9s\u00e9re haszn\u00e1lj\u00e1k.<\/p>\n<p>5. Logisztika \u00e9s sz\u00e1ll\u00edt\u00e1s: A targonc\u00e1kban \u00e9s anyagmozgat\u00f3 robotokban a karhengereket a tehervilla emel\u00e9s\u00e9nek \u00e9s mozg\u00e1s\u00e1nak vez\u00e9rl\u00e9s\u00e9re haszn\u00e1lj\u00e1k, megval\u00f3s\u00edtva az anyagok sz\u00e1ll\u00edt\u00e1s\u00e1t \u00e9s egym\u00e1sra rak\u00e1s\u00e1t.<\/p>\n<p>Tervez\u00e9si szempontok \u00e9s kiv\u00e1laszt\u00e1si krit\u00e9riumok:<\/p>\n<p>1. Teherb\u00edr\u00e1s: A karhengereket \u00fagy kell megtervezni, hogy ellen\u00e1lljanak a m\u0171k\u00f6d\u00e9s k\u00f6zben v\u00e1rhat\u00f3 maxim\u00e1lis teherb\u00edr\u00e1snak.<\/p>\n<p>2. T\u00f6m\u00edt\u00e9s: A megfelel\u0151 t\u00f6m\u00edt\u00e9s biztos\u00edt\u00e1sa \u00e9rdek\u00e9ben k\u00fcl\u00f6nf\u00e9le t\u00f6m\u00edt\u0151elemeket, p\u00e9ld\u00e1ul dugatty\u00fat\u00f6m\u00edt\u00e9seket, r\u00fadt\u00f6m\u00edt\u00e9seket stb. kell haszn\u00e1lni, \u00e9s a t\u00f6m\u00edt\u0151elemekhez kop\u00e1s\u00e1ll\u00f3 anyagokat, p\u00e9ld\u00e1ul poliuret\u00e1nt, nitrilgumit stb. kell v\u00e1lasztani.<\/p>\n<p>3. Tart\u00f3ss\u00e1g: A hengerfejet \u00e9s a menetes v\u00e9gfel\u00fcletet finom megmunk\u00e1l\u00e1snak kell al\u00e1vetni a kop\u00e1s\u00e1ll\u00f3s\u00e1g jav\u00edt\u00e1sa \u00e9rdek\u00e9ben, \u00e9s a dugatty\u00far\u00fadhoz \u00e9s m\u00e1s alkatr\u00e9szekhez nagy szil\u00e1rds\u00e1g\u00fa anyagokat kell haszn\u00e1lni a tart\u00f3ss\u00e1g biztos\u00edt\u00e1sa \u00e9rdek\u00e9ben.<\/p>\n<p>4. Biztons\u00e1g: A karhenger tervez\u00e9s\u00e9n\u00e9l figyelembe kell venni a biztons\u00e1gi szempontokat, hogy megel\u0151zz\u00e9k a m\u0171k\u00f6d\u00e9s k\u00f6zbeni hirtelen meghib\u00e1sod\u00e1s okozta baleseteket.<\/p>\n<p>5. Karbantart\u00e1s: A tervez\u00e9snek figyelembe kell vennie a k\u00f6nny\u0171 karbantart\u00e1st \u00e9s cser\u00e9t az \u00e1ll\u00e1sid\u0151 cs\u00f6kkent\u00e9se \u00e9rdek\u00e9ben.<\/p>\n<p>T\u00f6m\u00edt\u00e9s \u00e9s ken\u00e9s:<\/p>\n<p>1. A megfelel\u0151 t\u00f6m\u00edt\u00e9s biztos\u00edt\u00e1sa \u00e9rdek\u00e9ben k\u00fcl\u00f6nf\u00e9le t\u00f6m\u00edt\u0151elemeket, p\u00e9ld\u00e1ul dugatty\u00fat\u00f6m\u00edt\u00e9seket, r\u00fadt\u00f6m\u00edt\u00e9seket stb. kell haszn\u00e1lni.<\/p>\n<p>2. Az alkatr\u00e9szek t\u00f6m\u00edt\u00e9s\u00e9hez kop\u00e1s\u00e1ll\u00f3 anyagokat, p\u00e9ld\u00e1ul poliuret\u00e1nt, nitrilgumit stb. kell v\u00e1lasztani.<\/p>\n<p>3. A hengertestet \u00e9s a dugatty\u00farudat rendszeresen kenni kell megfelel\u0151 hidraulikaolajjal a korr\u00f3zi\u00f3 megel\u0151z\u00e9se \u00e9s a zavartalan m\u0171k\u00f6d\u00e9s biztos\u00edt\u00e1sa \u00e9rdek\u00e9ben.<\/p>\n<p>Ellen\u0151rz\u00e9s \u00e9s megel\u0151z\u0151 karbantart\u00e1s:<\/p>\n<p>1. Rendszeresen ellen\u0151rizze a karhenger kop\u00e1s\u00e1t, s\u00e9r\u00fcl\u00e9s\u00e9t \u00e9s sziv\u00e1rg\u00e1s\u00e1t.<\/p>\n<p>2. A s\u00e9r\u00fclt vagy elkopott alkatr\u00e9szeket id\u0151ben cser\u00e9lje ki a s\u00falyosabb k\u00e1rok elker\u00fcl\u00e9se \u00e9rdek\u00e9ben.<\/p>\n<p>3. Rendszeresen tiszt\u00edtsa \u00e9s kenje meg a hengert \u00e9s a t\u00f6bbi alkatr\u00e9szt.<\/p>\n<p>Term\u00e9ktelep\u00edt\u00e9si \u00fatmutat\u00f3:<\/p>\n<p>1. Gy\u0151z\u0151dj\u00f6n meg arr\u00f3l, hogy a szerel\u00e9si fel\u00fclet tiszta \u00e9s t\u00f6rmel\u00e9kmentes.<\/p>\n<p>2. Igaz\u00edtsa a karhengert a r\u00f6gz\u00edt\u0151furatokhoz, \u00e9s r\u00f6gz\u00edtse szorosan.<\/p>\n<p>3. Csatlakoztassa a hidraulikat\u00f6ml\u0151ket \u00e9s szerelv\u00e9nyeket, \u00fcgyelve a megfelel\u0151 ir\u00e1nyra.<\/p>\n<p>4. T\u00f6ltse fel a hengert hidraulikaolajjal.<\/p>\n<p>Biztons\u00e1gi szempontok \u00e9s k\u00f6rnyezeti t\u00e9nyez\u0151k:<\/p>\n<p>1. A balesetek megel\u0151z\u00e9se \u00e9rdek\u00e9ben a telep\u00edt\u00e9s \u00e9s \u00fczemeltet\u00e9s sor\u00e1n megfelel\u0151 biztons\u00e1gi \u00f3vint\u00e9zked\u00e9seket kell tenni.<\/p>\n<p>2. A k\u00f6rnyezetszennyez\u00e9s elker\u00fcl\u00e9se \u00e9rdek\u00e9ben gondoskodni kell a haszn\u00e1lt hidraulikaolaj \u00e9s egy\u00e9b alkatr\u00e9szek megfelel\u0151 \u00e1rtalmatlan\u00edt\u00e1s\u00e1r\u00f3l.<\/p>\n<p>Hibaelh\u00e1r\u00edt\u00e1s \u00e9s gyakori probl\u00e9m\u00e1k:<\/p>\n<p>1. Sziv\u00e1rg\u00e1sok a hengertestben vagy a hidraulikat\u00f6ml\u0151kben.<\/p>\n<p>2. Egyenetlen mozg\u00e1s vagy a kar kiny\u00fajt\u00e1s\u00e1nak vagy visszah\u00faz\u00e1s\u00e1nak k\u00e9ptelens\u00e9ge.<\/p>\n<p>3. Cs\u00f6kkent teherb\u00edr\u00e1s.<\/p>\n<p>Hibaelh\u00e1r\u00edt\u00e1si tippek \u00e9s megold\u00e1sok:<\/p>\n<p>1. H\u00fazza meg a laza csatlakoz\u00f3kat, vagy cser\u00e9lje ki a s\u00e9r\u00fclt alkatr\u00e9szeket.<\/p>\n<p>2. Ellen\u0151rizze a hidraulikus rendszer sziv\u00e1rg\u00e1s\u00e1t \u00e9s a megfelel\u0151 folyad\u00e9kszintet.<\/p>\n<p>3. Ellen\u0151rizze a karhenger teherb\u00edr\u00e1s\u00e1t, \u00e9s sz\u00fcks\u00e9g eset\u00e9n cser\u00e9lje ki.<\/p>\n<p>Alternat\u00edv hidraulikus hengerek professzion\u00e1lis gy\u00e1rt\u00f3jak\u00e9nt sz\u00e9les term\u00e9kv\u00e1laszt\u00e9kkal rendelkez\u00fcnk, \u00e9s a hazai \u00e9s nemzetk\u00f6zi piacok egyik vezet\u0151 hidraulikus hengergy\u00e1rt\u00f3j\u00e1v\u00e1 \u00e9s nagykereskedelmi forgalmaz\u00f3j\u00e1v\u00e1 v\u00e1ltunk. Mindig a kiv\u00e1l\u00f3 min\u0151s\u00e9g elv\u00e9t k\u00f6vetj\u00fck, \u00e9s a kifinomult gy\u00e1rt\u00f3m\u0171hely iparos\u00edtott termel\u00e9sir\u00e1ny\u00edt\u00e1si strat\u00e9gi\u00e1j\u00e1ra t\u00e1maszkodunk technol\u00f3gi\u00e1nk \u00e9s termel\u00e9si hat\u00e9konys\u00e1gunk folyamatos fejleszt\u00e9se \u00e9rdek\u00e9ben. Cs\u00facskateg\u00f3ri\u00e1s digit\u00e1lis gy\u00e1rt\u00f3berendez\u00e9sek \u00e9s professzion\u00e1lis tesztel\u0151rendszerek bevezet\u00e9s\u00e9vel folyamatosan optimaliz\u00e1ljuk a gy\u00e1rt\u00e1si platformot \u00e9s fejlesztj\u00fck a term\u00e9kmin\u0151s\u00e9g-ellen\u0151rz\u00e9si folyamatot, er\u0151s innov\u00e1ci\u00f3s k\u00e9pess\u00e9gekkel rendelkezve. C\u00e9lunk, hogy a hat\u00e9konys\u00e1g, a precizit\u00e1s \u00e9s a magas min\u0151s\u00e9g elveivel el\u00e9g\u00edts\u00fck ki \u00fcgyfeleink sokr\u00e9t\u0171 ig\u00e9nyeit.<\/p>\n<p>R\u00f3lunk:<\/p>\n<p>1. Szak\u00e9rtelem: Hidraulikus hengerek professzion\u00e1lis gy\u00e1rt\u00f3jak\u00e9nt gazdag tapasztalattal \u00e9s szak\u00e9rtelemmel rendelkez\u00fcnk ezen a ter\u00fcleten.<\/p>\n<p>2. Nemzetk\u00f6zi tan\u00fas\u00edtv\u00e1nyok: Term\u00e9keink nemzetk\u00f6zi tan\u00fas\u00edtv\u00e1nyokkal rendelkeznek, mint p\u00e9ld\u00e1ul az ISO 9001, CE stb.<\/p>\n<p>3. Testreszab\u00e1si szolg\u00e1ltat\u00e1s: Testreszabott szolg\u00e1ltat\u00e1sokat tudunk ny\u00fajtani a k\u00fcl\u00f6nb\u00f6z\u0151 \u00fcgyf\u00e9lig\u00e9nyek kiel\u00e9g\u00edt\u00e9s\u00e9re.<\/p>\n<p>4. Gy\u00e1rt\u00f3berendez\u00e9sek: Korszer\u0171 digit\u00e1lis gy\u00e1rt\u00f3berendez\u00e9seket haszn\u00e1lunk a kiv\u00e1l\u00f3 min\u0151s\u00e9g\u0171 term\u00e9kek biztos\u00edt\u00e1sa \u00e9rdek\u00e9ben.<\/p>\n<p>5. \u00c9rt\u00e9kes\u00edt\u00e9s ut\u00e1ni szolg\u00e1ltat\u00e1s: Professzion\u00e1lis \u00e9rt\u00e9kes\u00edt\u00e9s ut\u00e1ni szolg\u00e1ltat\u00e1si csapatunk id\u0151ben \u00e9s hat\u00e9konyan biztos\u00edtja az \u00fcgyfelek sz\u00e1m\u00e1ra a szolg\u00e1ltat\u00e1st.<\/p>\n<p>Szerz\u0151: lyl<\/p>","protected":false},"excerpt":{"rendered":"<p>Arm Cylinder For Komatsu Small Excavator PC128\/130-7 Introduction: Arm Cylinder is a specially designed hydraulic cylinder used to provide linear motion and power to the arms of various machines such as excavators, cranes, and robotic arms. In the hydraulic system, the arm cylinder plays a crucial role in enabling the effective movement and control of [&hellip;]<\/p>","protected":false},"featured_media":14759,"comment_status":"open","ping_status":"closed","template":"","meta":{"_et_pb_use_builder":"","_et_pb_old_content":"","_et_gb_content_width":""},"product_brand":[],"product_cat":[1497],"product_tag":[1498,1496],"class_list":{"0":"post-16052","1":"product","2":"type-product","3":"status-publish","4":"has-post-thumbnail","6":"product_cat-arm-cylinders","7":"product_tag-arm-cylinders","8":"product_tag-hydraulic-cylinders","10":"first","11":"instock","12":"shipping-taxable","13":"product-type-simple"},"amp_enabled":true,"_links":{"self":[{"href":"https:\/\/www.hydraulic-cylinders.net\/hu\/wp-json\/wp\/v2\/product\/16052","targetHints":{"allow":["GET"]}}],"collection":[{"href":"https:\/\/www.hydraulic-cylinders.net\/hu\/wp-json\/wp\/v2\/product"}],"about":[{"href":"https:\/\/www.hydraulic-cylinders.net\/hu\/wp-json\/wp\/v2\/types\/product"}],"replies":[{"embeddable":true,"href":"https:\/\/www.hydraulic-cylinders.net\/hu\/wp-json\/wp\/v2\/comments?post=16052"}],"wp:featuredmedia":[{"embeddable":true,"href":"https:\/\/www.hydraulic-cylinders.net\/hu\/wp-json\/wp\/v2\/media\/14759"}],"wp:attachment":[{"href":"https:\/\/www.hydraulic-cylinders.net\/hu\/wp-json\/wp\/v2\/media?parent=16052"}],"wp:term":[{"taxonomy":"product_brand","embeddable":true,"href":"https:\/\/www.hydraulic-cylinders.net\/hu\/wp-json\/wp\/v2\/product_brand?post=16052"},{"taxonomy":"product_cat","embeddable":true,"href":"https:\/\/www.hydraulic-cylinders.net\/hu\/wp-json\/wp\/v2\/product_cat?post=16052"},{"taxonomy":"product_tag","embeddable":true,"href":"https:\/\/www.hydraulic-cylinders.net\/hu\/wp-json\/wp\/v2\/product_tag?post=16052"}],"curies":[{"name":"munkaf\u00fczet","href":"https:\/\/api.w.org\/{rel}","templated":true}]}}