{"id":16055,"date":"2025-01-20T08:24:59","date_gmt":"2025-01-20T08:24:59","guid":{"rendered":"https:\/\/www.hydraulic-cylinders.net\/product\/arm-cylinderfor-komatsu-small-excavator-pc20-8\/"},"modified":"2025-01-20T08:25:02","modified_gmt":"2025-01-20T08:25:02","slug":"arm-cylinderfor-komatsu-small-excavator-pc20-8","status":"publish","type":"product","link":"https:\/\/www.hydraulic-cylinders.net\/hu\/termek\/arm-cylinderfor-komatsu-small-excavator-pc20-8\/","title":{"rendered":"Karhenger Komatsu kis kotr\u00f3g\u00e9phez PC20-8"},"content":{"rendered":"<h2>Bevezet\u00e9s<\/h2>\n<h3>Karhenger Komatsu kis kotr\u00f3g\u00e9phez PC20-8<\/h3>\n<p>Ebben a cikkben a Komatsu PC20-8 kis kotr\u00f3g\u00e9p karhenger\u00e9t fogjuk t\u00e1rgyalni. A karhenger egy speci\u00e1lis hidraulikus henger, amelyet f\u0151k\u00e9nt k\u00fcl\u00f6nf\u00e9le g\u00e9pek, p\u00e9ld\u00e1ul kotr\u00f3g\u00e9pek, daruk \u00e9s robotkarok karjainak line\u00e1ris mozg\u00e1s\u00e1nak \u00e9s erej\u00e9nek biztos\u00edt\u00e1s\u00e1ra haszn\u00e1lnak. A karhenger kritikus szerepet j\u00e1tszik a hidraulikus rendszerben, lehet\u0151v\u00e9 t\u00e9ve a tov\u00e1bbi szersz\u00e1mok vagy tartoz\u00e9kok hat\u00e9kony mozg\u00e1s\u00e1t \u00e9s vez\u00e9rl\u00e9s\u00e9t. Ezek a hengerek nemcsak sima mozg\u00e1st biztos\u00edtanak, hanem nagy terhel\u00e9seket is elviselnek, biztos\u00edtva a g\u00e9p hat\u00e9kony m\u0171k\u00f6d\u00e9s\u00e9t \u00e9s megb\u00edzhat\u00f3s\u00e1g\u00e1t k\u00fcl\u00f6nb\u00f6z\u0151 \u00fczemi k\u00f6r\u00fclm\u00e9nyek k\u00f6z\u00f6tt.<\/p>\n<p><img decoding=\"async\" src=\"https:\/\/www.hydraulic-cylinders.net\/wp-content\/uploads\/2025\/01\/songte-company-2.webp\" alt=\"Karhenger k\u00e9pe\"><\/p>\n<h2>A karhenger jellemz\u0151i<\/h2>\n<h3>Nagy hat\u00e9konys\u00e1g\u00fa \u00e1tvitel<\/h3>\n<p>A karhenger er\u0151teljes line\u00e1ris mozg\u00e1st \u00e9s er\u0151t biztos\u00edt, biztos\u00edtva a mechanikus kar nagy hat\u00e9konys\u00e1g\u00fa teljes\u00edtm\u00e9ny\u00e9t k\u00fcl\u00f6nb\u00f6z\u0151 m\u0171veletek sor\u00e1n.<\/p>\n<h3>Prec\u00edz vez\u00e9rl\u00e9s<\/h3>\n<p>A karhenger a hidraulikus rendszeren kereszt\u00fcl prec\u00edz mozg\u00e1svez\u00e9rl\u00e9st tesz lehet\u0151v\u00e9, \u00edgy a tov\u00e1bbi szersz\u00e1mok m\u0171k\u00f6dtet\u00e9se rugalmasabb \u00e9s pontosabb.<\/p>\n<h3>Er\u0151s tart\u00f3ss\u00e1g<\/h3>\n<p>A karhenger \u00e1ltal\u00e1ban nagy szil\u00e1rds\u00e1g\u00fa anyagokb\u00f3l k\u00e9sz\u00fcl, j\u00f3 kop\u00e1s- \u00e9s korr\u00f3zi\u00f3\u00e1ll\u00f3s\u00e1ggal rendelkezik, \u00edgy alkalmas hossz\u00fa t\u00e1v\u00fa haszn\u00e1latra zord k\u00f6rnyezetben.<\/p>\n<h3>T\u00f6bbfunkci\u00f3s alkalmazkod\u00f3k\u00e9pess\u00e9g<\/h3>\n<p>Ezek a hengerek sz\u00e9les k\u00f6rben alkalmazhat\u00f3k k\u00fcl\u00f6nf\u00e9le mechanikus berendez\u00e9sekben, p\u00e9ld\u00e1ul kotr\u00f3g\u00e9pekben, darukban \u00e9s robotkarokban, alkalmazkodva a k\u00fcl\u00f6nb\u00f6z\u0151 munkak\u00f6vetelm\u00e9nyekhez.<\/p>\n<h3>K\u00f6nny\u0171 karbantart\u00e1s<\/h3>\n<p>A karhenger kialak\u00edt\u00e1sa a k\u00f6nny\u0171 karbantart\u00e1st \u00e9s cser\u00e9t szem el\u0151tt tartva t\u00f6rt\u00e9nt, \u00edgy a rendszeres ellen\u0151rz\u00e9s \u00e9s karbantart\u00e1s k\u00e9nyelmesebb, \u00e9s cs\u00f6kken a berendez\u00e9s \u00e1ll\u00e1sideje.<\/p>\n<p>Ezt a term\u00e9ket hat\u00e9konyan \u00e9s eredm\u00e9nyesen tudjuk el\u0151\u00e1ll\u00edtani, amely t\u00f6k\u00e9letesen helyettes\u00edtheti ezeket a hidraulikus hengereket.<\/p>\n<p><img decoding=\"async\" src=\"https:\/\/www.hydraulic-cylinders.net\/wp-content\/uploads\/2025\/01\/songte-oil-pipes-and-spare-parts.webp\" alt=\"Karhenger alkatr\u00e9szek\"><\/p>\n<h2>Karhenger alkalmaz\u00e1sa<\/h2>\n<p>A hengerkarokat sz\u00e9les k\u00f6rben haszn\u00e1lj\u00e1k k\u00fcl\u00f6nf\u00e9le ipar\u00e1gakban, p\u00e9ld\u00e1ul:<\/p>\n<h3>\u00c9p\u00edt\u0151m\u00e9rn\u00f6ki<\/h3>\n<p>A karhenger a kan\u00e1l vagy a g\u00e9m mozg\u00e1s\u00e1nak vez\u00e9rl\u00e9s\u00e9re szolg\u00e1l kotr\u00f3g\u00e9pekben \u00e9s darukban, f\u00f6ldmunk\u00e1k, anyagmozgat\u00e1s \u00e9s szerkezeti szerel\u00e9s elv\u00e9gz\u00e9s\u00e9hez.<\/p>\n<h3>Feldolgoz\u00f3 ipar<\/h3>\n<p>A karhengert robotkarok mozg\u00e1s\u00e1nak vez\u00e9rl\u00e9s\u00e9re haszn\u00e1lj\u00e1k automatiz\u00e1lt gy\u00e1rt\u00f3sorokon, \u00f6sszeszerel\u00e9si, hegeszt\u00e9si \u00e9s anyagmozgat\u00e1si folyamatok v\u00e9grehajt\u00e1s\u00e1ra, jav\u00edtva a termel\u00e9si hat\u00e9konys\u00e1got \u00e9s a pontoss\u00e1got.<\/p>\n<h3>Mez\u0151gazdas\u00e1gi g\u00e9pek<\/h3>\n<p>A karhenger vez\u00e9rli a m\u0171k\u00f6dtet\u0151 kar mozg\u00e1s\u00e1t mez\u0151gazdas\u00e1gi g\u00e9pekben, p\u00e9ld\u00e1ul arat\u00f3g\u00e9pekben \u00e9s vet\u0151g\u00e9pekben, vet\u00e9si, tr\u00e1gy\u00e1z\u00e1si \u00e9s betakar\u00edt\u00e1si feladatokat v\u00e9gezve.<\/p>\n<h3>B\u00e1nyaipar<\/h3>\n<p>A karhenger a b\u00e1ny\u00e1szati \u200b\u200bberendez\u00e9sekben a kar mozg\u00e1s\u00e1nak vez\u00e9rl\u00e9s\u00e9re szolg\u00e1l, b\u00e1ny\u00e1szati \u200b\u200b\u00e9s anyagmozgat\u00e1si feladatokat l\u00e1t el.<\/p>\n<h3>Logisztika \u00e9s sz\u00e1ll\u00edtm\u00e1nyoz\u00e1s<\/h3>\n<p>A karhenger a targonca vagy a robot vill\u00e1inak emel\u00e9s\u00e9t \u00e9s mozg\u00e1s\u00e1t vez\u00e9rli, megval\u00f3s\u00edtva az anyagok kezel\u00e9s\u00e9t \u00e9s egym\u00e1sra rak\u00e1s\u00e1t.<\/p>\n<h2>A karhenger tervez\u00e9si \u00e9s kiv\u00e1laszt\u00e1si szabv\u00e1nyai<\/h2>\n<p>A karhenger tervez\u00e9se \u00e9s kiv\u00e1laszt\u00e1sa a k\u00f6vetkez\u0151 szempontok alapj\u00e1n t\u00f6rt\u00e9nik:<\/p>\n<h3>Teherb\u00edr\u00e1s<\/h3>\n<p>A karhenger teherb\u00edr\u00e1sa l\u00e9nyeges t\u00e9nyez\u0151, amely meghat\u00e1rozza az alkalmaz\u00e1si tartom\u00e1ny\u00e1t \u00e9s \u00e9lettartam\u00e1t. A megfelel\u0151 teherb\u00edr\u00e1s kiv\u00e1laszt\u00e1sa kulcsfontoss\u00e1g\u00fa a berendez\u00e9s munkak\u00f6r\u00fclm\u00e9nyei \u00e9s a v\u00e1rhat\u00f3 terhel\u00e9s alapj\u00e1n.<\/p>\n<h3>T\u00f6m\u00edt\u00e9si teljes\u00edtm\u00e9ny<\/h3>\n<p>A karhenger t\u00f6m\u00edt\u00e9si teljes\u00edtm\u00e9nye k\u00f6zvetlen\u00fcl befoly\u00e1solja annak \u00e9lettartam\u00e1t \u00e9s megb\u00edzhat\u00f3s\u00e1g\u00e1t. K\u00fcl\u00f6nb\u00f6z\u0151 t\u00f6m\u00edt\u0151elemeket, p\u00e9ld\u00e1ul dugatty\u00fat\u00f6m\u00edt\u00e9seket \u00e9s r\u00fadt\u00f6m\u00edt\u00e9seket haszn\u00e1lnak a folyad\u00e9k sziv\u00e1rg\u00e1s\u00e1nak megakad\u00e1lyoz\u00e1s\u00e1ra \u00e9s a hidraulikus rendszer stabil m\u0171k\u00f6d\u00e9s\u00e9nek fenntart\u00e1s\u00e1ra.<\/p>\n<h3>Tart\u00f3ss\u00e1g<\/h3>\n<p>A karhenger \u00e1ltal\u00e1ban nagy szil\u00e1rds\u00e1g\u00fa anyagokb\u00f3l k\u00e9sz\u00fcl, amelyek j\u00f3 kop\u00e1s- \u00e9s korr\u00f3zi\u00f3\u00e1ll\u00f3s\u00e1ggal rendelkeznek, biztos\u00edtva a hossz\u00fa t\u00e1v\u00fa haszn\u00e1latot zord k\u00f6rnyezetben.<\/p>\n<h3>Biztons\u00e1g<\/h3>\n<p>A karhenger biztons\u00e1gi kialak\u00edt\u00e1sa elengedhetetlen a berendez\u00e9s m\u0171k\u00f6d\u00e9se k\u00f6zbeni balesetek megel\u0151z\u00e9se \u00e9rdek\u00e9ben. P\u00e9ld\u00e1ul biztons\u00e1gi szelepek \u00e9s v\u00e9g\u00e1ll\u00e1skapcsol\u00f3k beszerel\u00e9se hat\u00e9konyan megakad\u00e1lyozhatja a t\u00falnyom\u00e1st \u00e9s a t\u00falzott l\u00f6ketet.<\/p>\n<h3>Karbantarthat\u00f3s\u00e1g<\/h3>\n<p>A karhenger kialak\u00edt\u00e1s\u00e1nak figyelembe kell vennie a karbantart\u00e1s \u00e9s a csere egyszer\u0171s\u00e9g\u00e9t, cs\u00f6kkentve a karbantart\u00e1si id\u0151t \u00e9s k\u00f6lts\u00e9geket.<\/p>\n<p><img decoding=\"async\" src=\"https:\/\/www.hydraulic-cylinders.net\/wp-content\/uploads\/2025\/01\/songte-cylinder-head-with-all-kinds-excavator-models.webp\" alt=\"Karhenger alkatr\u00e9szek\"><\/p>\n<h2>A karhenger t\u00f6m\u00edt\u00e9se \u00e9s ken\u00e9se<\/h2>\n<p>A karhenger t\u00f6m\u00edt\u00e9se \u00e9s ken\u00e9se alapvet\u0151 t\u00e9nyez\u0151k, amelyek befoly\u00e1solj\u00e1k annak \u00e9lettartam\u00e1t \u00e9s megb\u00edzhat\u00f3s\u00e1g\u00e1t. \u00c1ltal\u00e1ban a k\u00f6vetkez\u0151 int\u00e9zked\u00e9seket kell tenni:<\/p>\n<h3>T\u00f6m\u00edt\u0151elemek<\/h3>\n<p>A karhenger k\u00fcl\u00f6nf\u00e9le t\u00f6m\u00edt\u0151elemeket, p\u00e9ld\u00e1ul dugatty\u00fat\u00f6m\u00edt\u00e9seket \u00e9s r\u00fadt\u00f6m\u00edt\u00e9seket haszn\u00e1l a folyad\u00e9k sziv\u00e1rg\u00e1s\u00e1nak megakad\u00e1lyoz\u00e1s\u00e1ra \u00e9s a hidraulikus rendszer stabil m\u0171k\u00f6d\u00e9s\u00e9nek biztos\u00edt\u00e1s\u00e1ra. A t\u00f6m\u00edt\u0151elemek kop\u00e1s\u00e1ll\u00f3 anyagokb\u00f3l k\u00e9sz\u00fclnek a tart\u00f3ss\u00e1g biztos\u00edt\u00e1sa \u00e9rdek\u00e9ben.<\/p>\n<h3>Hengertest \u00e9s menetes v\u00e9g fel\u00fcletkezel\u00e9se<\/h3>\n<p>A hengertestet \u00e9s a menetes v\u00e9g fel\u00fclet\u00e9t \u00e1ltal\u00e1ban finommegmunk\u00e1l\u00e1ssal kezelik a kop\u00e1s\u00e1ll\u00f3s\u00e1g jav\u00edt\u00e1sa \u00e9rdek\u00e9ben. A hengertest fel\u00fclete \u00e1ltal\u00e1ban kr\u00f3mozott, m\u00edg a menetes v\u00e9g fel\u00fclet\u00e9t nitrid\u00e1l\u00e1ssal vagy cement\u00e1l\u00e1ssal kezelik.<\/p>\n<h3>Ken\u00e9s<\/h3>\n<p>A karhenger rendszeres ken\u00e9st ig\u00e9nyel a j\u00f3 \u00fczem\u00e1llapot fenntart\u00e1sa \u00e9rdek\u00e9ben. A ken\u00e9shez haszn\u00e1lt hidraulikaolajat a berendez\u00e9s \u00fczemi k\u00f6r\u00fclm\u00e9nyei \u00e9s \u00fczemi h\u0151m\u00e9rs\u00e9klete szerint kell kiv\u00e1lasztani, \u00e9s az olajmennyis\u00e9gnek megfelel\u0151nek kell lennie.<\/p>\n<p><img decoding=\"async\" src=\"https:\/\/www.hydraulic-cylinders.net\/wp-content\/uploads\/2025\/01\/songte-chushion-collar.webp\" alt=\"Karhenger alkatr\u00e9szek\"><\/p>\n<h2>Rendszeres ellen\u0151rz\u00e9s \u00e9s megel\u0151z\u0151 karbantart\u00e1si int\u00e9zked\u00e9sek<\/h2>\n<p>A rendszeres ellen\u0151rz\u00e9s \u00e9s a megel\u0151z\u0151 karbantart\u00e1si int\u00e9zked\u00e9sek hat\u00e9konyan biztos\u00edthatj\u00e1k a karhenger stabil m\u0171k\u00f6d\u00e9s\u00e9t \u00e9s meghosszabb\u00edthatj\u00e1k \u00e9lettartam\u00e1t. \u00c1ltal\u00e1ban a k\u00f6vetkez\u0151 int\u00e9zked\u00e9seket szokt\u00e1k megtenni:<\/p>\n<h3>Rendszeres ellen\u0151rz\u00e9s<\/h3>\n<p>A karhengert rendszeresen ellen\u0151rizni kell a lehets\u00e9ges probl\u00e9m\u00e1k id\u0151ben t\u00f6rt\u00e9n\u0151 \u00e9szlel\u00e9se \u00e9rdek\u00e9ben. Az ellen\u0151rz\u00e9si t\u00e9telek \u00e1ltal\u00e1ban magukban foglalj\u00e1k a hengertest kop\u00e1si \u00e1llapot\u00e1t, a t\u00f6m\u00edt\u00e9s teljes\u00edtm\u00e9ny\u00e9t \u00e9s a hidraulikaolaj szennyezetts\u00e9gi szintj\u00e9t.<\/p>\n<h3>Hidraulikaolaj tiszt\u00edt\u00e1sa \u00e9s cser\u00e9je<\/h3>\n<p>A hidraulikaolajat rendszeresen cser\u00e9lni kell a tisztas\u00e1ga \u00e9s a szennyez\u0151d\u00e9s megel\u0151z\u00e9se \u00e9rdek\u00e9ben. A csere gyakoris\u00e1g\u00e1t a berendez\u00e9s \u00fczemi k\u00f6r\u00fclm\u00e9nyei \u00e9s \u00fczemi h\u0151m\u00e9rs\u00e9klete alapj\u00e1n kell meghat\u00e1rozni.<\/p>\n<h3>Kopott t\u00f6m\u00edt\u0151elemek cser\u00e9je<\/h3>\n<p>A kopott t\u00f6m\u00edt\u0151elemeket id\u0151ben ki kell cser\u00e9lni a karhenger t\u00f6m\u00edt\u0151teljes\u00edtm\u00e9ny\u00e9nek biztos\u00edt\u00e1sa \u00e9s a folyad\u00e9ksziv\u00e1rg\u00e1s megel\u0151z\u00e9se \u00e9rdek\u00e9ben.<\/p>\n<h3>Kopott alkatr\u00e9szek cser\u00e9je<\/h3>\n<p>Az elkopott alkatr\u00e9szeket, p\u00e9ld\u00e1ul a dugatty\u00fat \u00e9s a rudat id\u0151ben ki kell cser\u00e9lni a karhenger j\u00f3 m\u0171k\u00f6d\u00e9si \u00e1llapot\u00e1nak biztos\u00edt\u00e1sa \u00e9rdek\u00e9ben.<\/p>\n<p><img decoding=\"async\" src=\"https:\/\/www.hydraulic-cylinders.net\/wp-content\/uploads\/2025\/01\/songte-bushings-with-all-kinds-of-excavator-models.webp\" alt=\"Karhenger alkatr\u00e9szek\"><\/p>\n<h2>Telep\u00edt\u00e9si \u00fatmutat\u00f3<\/h2>\n<p>A karhenger beszerel\u00e9s\u00e9nek a k\u00f6vetkez\u0151 l\u00e9p\u00e9seket kell k\u00f6vetnie:<\/p>\n<h3>1. l\u00e9p\u00e9s: A telep\u00edt\u00e9si k\u00f6rnyezet el\u0151k\u00e9sz\u00edt\u00e9se<\/h3>\n<p>A telep\u00edt\u00e9si k\u00f6rnyezetnek tiszt\u00e1nak \u00e9s j\u00f3l szell\u0151z\u0151nek kell lennie a karhenger tisztas\u00e1g\u00e1nak biztos\u00edt\u00e1sa \u00e9rdek\u00e9ben. A telep\u00edt\u00e9si helynek s\u00edknak \u00e9s stabilnak kell lennie a berendez\u00e9s stabil m\u0171k\u00f6d\u00e9s\u00e9nek biztos\u00edt\u00e1sa \u00e9rdek\u00e9ben.<\/p>\n<h3>2. l\u00e9p\u00e9s: A henger beszerel\u00e9se<\/h3>\n<p>A karhengert a berendez\u00e9s be\u00e9p\u00edt\u00e9si k\u00f6vetelm\u00e9nyeinek megfelel\u0151en kell beszerelni, \u00fcgyelve a be\u00e9p\u00edt\u00e9si ir\u00e1nyra \u00e9s helyzetre. A hengert biztons\u00e1gosan \u00e9s szil\u00e1rdan kell beszerelni, \u00e9s a menetes csatlakoz\u00e1sokat a megadott nyomat\u00e9kkal kell megh\u00fazni.<\/p>\n<h3>3. l\u00e9p\u00e9s: Csatlakoztassa a hidraulikus cs\u0151vezet\u00e9ket<\/h3>\n<p>Csatlakoztassa a hidraulikus cs\u0151vezet\u00e9ket a berendez\u00e9s hidraulikus rendszer\u00e9nek k\u00f6vetelm\u00e9nyei szerint. A cs\u0151vezet\u00e9knek tiszt\u00e1nak \u00e9s t\u00f6rmel\u00e9kmentesnek kell lennie a hidraulikus rendszer stabil m\u0171k\u00f6d\u00e9s\u00e9nek biztos\u00edt\u00e1sa \u00e9rdek\u00e9ben.<\/p>\n<h3>4. l\u00e9p\u00e9s: A berendez\u00e9s tesztel\u00e9se<\/h3>\n<p>A telep\u00edt\u00e9s ut\u00e1n a berendez\u00e9s m\u0171k\u00f6d\u00e9si k\u00f6vetelm\u00e9nyeinek megfelel\u0151en \u00e1tfog\u00f3 tesztet kell v\u00e9gezni a karhenger megfelel\u0151 m\u0171k\u00f6d\u00e9s\u00e9nek biztos\u00edt\u00e1sa \u00e9rdek\u00e9ben.<\/p>\n<p><img decoding=\"async\" src=\"https:\/\/www.hydraulic-cylinders.net\/wp-content\/uploads\/2025\/01\/songte-company-4.webp\" alt=\"C\u00e9ges im\u00e1zs\"><br \/>\n<img decoding=\"async\" src=\"https:\/\/www.hydraulic-cylinders.net\/wp-content\/uploads\/2025\/01\/songte-company-3.webp\" alt=\"C\u00e9ges im\u00e1zs\"><\/p>\n<h2>R\u00f3lunk<\/h2>\n<p>Professzion\u00e1lis hidraulikus hengergy\u00e1rt\u00f3k\u00e9nt sz\u00e9les term\u00e9kv\u00e1laszt\u00e9kot k\u00edn\u00e1lunk, \u00e9s a hazai \u00e9s nemzetk\u00f6zi piacok egyik vezet\u0151 hidraulikus hengergy\u00e1rt\u00f3j\u00e1v\u00e1 \u00e9s nagykereskedelmi forgalmaz\u00f3j\u00e1v\u00e1 v\u00e1lunk. Mindig a kiv\u00e1l\u00f3 min\u0151s\u00e9g elv\u00e9t valljuk, prec\u00edz gy\u00e1rt\u00f3m\u0171helyeinkben iparos\u00edtott termel\u00e9sir\u00e1ny\u00edt\u00e1si strat\u00e9gi\u00e1kra t\u00e1maszkodva folyamatosan fejlesztj\u00fck m\u0171szaki sz\u00ednvonalunkat \u00e9s termel\u00e9si hat\u00e9konys\u00e1gunkat. Cs\u00facskateg\u00f3ri\u00e1s digit\u00e1lis gy\u00e1rt\u00f3berendez\u00e9sek \u00e9s professzion\u00e1lis tesztel\u0151rendszerek bevezet\u00e9s\u00e9vel folyamatosan optimaliz\u00e1ljuk gy\u00e1rt\u00e1si platformunkat, fejlesztj\u00fck term\u00e9kmin\u0151s\u00e9g-ellen\u0151rz\u00e9si folyamatunkat, \u00e9s er\u0151s innov\u00e1ci\u00f3s k\u00e9pess\u00e9ggel rendelkez\u00fcnk. C\u00e9lunk, hogy nagy hat\u00e9konys\u00e1ggal, pontoss\u00e1ggal \u00e9s magas min\u0151s\u00e9gi elvekkel el\u00e9g\u00edts\u00fck ki \u00fcgyfeleink sokr\u00e9t\u0171 ig\u00e9nyeit.<\/p>\n<p>K\u00fcl\u00f6nf\u00e9le szolg\u00e1ltat\u00e1sokat ny\u00fajtunk, p\u00e9ld\u00e1ul:<\/p>\n<h3>Szakmaiass\u00e1g<\/h3>\n<p>Szak\u00e9rt\u0151ink csapata magasan k\u00e9pzett \u00e9s tapasztalt a hidraulikus hengerek ipar\u00e1g\u00e1ban. Professzion\u00e1lis \u00e9s megb\u00edzhat\u00f3 szolg\u00e1ltat\u00e1sokat ny\u00fajtunk \u00fcgyfeleinknek.<\/p>\n<h3>Nemzetk\u00f6zi min\u0151s\u00edt\u00e9s<\/h3>\n<p>Term\u00e9keink sz\u00e1mos nemzetk\u00f6zi tan\u00fas\u00edtv\u00e1nyon, p\u00e9ld\u00e1ul ISO, CE \u00e9s SGS min\u0151s\u00edt\u00e9sen estek \u00e1t, ami biztos\u00edtja kiv\u00e1l\u00f3 min\u0151s\u00e9g\u00fcket \u00e9s megb\u00edzhat\u00f3s\u00e1gukat.<\/p>\n<h3>Testreszab\u00e1si szolg\u00e1ltat\u00e1sok<\/h3>\n<p>Testreszabott szolg\u00e1ltat\u00e1sokat k\u00edn\u00e1lunk \u00fcgyfeleink sokr\u00e9t\u0171 ig\u00e9nyeinek kiel\u00e9g\u00edt\u00e9s\u00e9re, mint p\u00e9ld\u00e1ul term\u00e9ktervez\u00e9s, fejleszt\u00e9s \u00e9s gy\u00e1rt\u00e1s.<\/p>\n<h3>Termel\u00e9si berendez\u00e9sek<\/h3>\n<p>Korszer\u0171 digit\u00e1lis gy\u00e1rt\u00f3berendez\u00e9sekkel, p\u00e9ld\u00e1ul CNC megmunk\u00e1l\u00f3k\u00f6zpontokkal, h\u00f3nol\u00f3g\u00e9pekkel \u00e9s automata hegeszt\u0151g\u00e9pekkel rendelkez\u00fcnk, amelyek biztos\u00edtj\u00e1k term\u00e9keink nagy pontoss\u00e1g\u00e1t \u00e9s min\u0151s\u00e9g\u00e9t.<\/p>\n<h3>\u00c9rt\u00e9kes\u00edt\u00e9s ut\u00e1ni szolg\u00e1ltat\u00e1sok<\/h3>\n<p>\u00c1tfog\u00f3 \u00e9rt\u00e9kes\u00edt\u00e9s ut\u00e1ni szolg\u00e1ltat\u00e1sokat ny\u00fajtunk, bele\u00e9rtve a m\u0171szaki t\u00e1mogat\u00e1st, a jav\u00edt\u00e1st \u00e9s a karbantart\u00e1st, biztos\u00edtva \u00fcgyfeleink el\u00e9gedetts\u00e9g\u00e9t.<\/p>\n<p>Szerz\u0151: lyl<\/p>","protected":false},"excerpt":{"rendered":"<p>Introduction Arm Cylinder For Komatsu Small Excavator PC20-8 In this article, we will be discussing the arm cylinder for Komatsu small excavator PC20-8. The arm cylinder is a specialized hydraulic cylinder that is mainly used to provide linear motion and power to the arms of various types of machinery such as excavators, cranes, and robotic [&hellip;]<\/p>","protected":false},"featured_media":14779,"comment_status":"open","ping_status":"closed","template":"","meta":{"_et_pb_use_builder":"","_et_pb_old_content":"","_et_gb_content_width":""},"product_brand":[],"product_cat":[1497],"product_tag":[1498,1496],"class_list":{"0":"post-16055","1":"product","2":"type-product","3":"status-publish","4":"has-post-thumbnail","6":"product_cat-arm-cylinders","7":"product_tag-arm-cylinders","8":"product_tag-hydraulic-cylinders","10":"first","11":"instock","12":"shipping-taxable","13":"product-type-simple"},"amp_enabled":true,"_links":{"self":[{"href":"https:\/\/www.hydraulic-cylinders.net\/hu\/wp-json\/wp\/v2\/product\/16055","targetHints":{"allow":["GET"]}}],"collection":[{"href":"https:\/\/www.hydraulic-cylinders.net\/hu\/wp-json\/wp\/v2\/product"}],"about":[{"href":"https:\/\/www.hydraulic-cylinders.net\/hu\/wp-json\/wp\/v2\/types\/product"}],"replies":[{"embeddable":true,"href":"https:\/\/www.hydraulic-cylinders.net\/hu\/wp-json\/wp\/v2\/comments?post=16055"}],"wp:featuredmedia":[{"embeddable":true,"href":"https:\/\/www.hydraulic-cylinders.net\/hu\/wp-json\/wp\/v2\/media\/14779"}],"wp:attachment":[{"href":"https:\/\/www.hydraulic-cylinders.net\/hu\/wp-json\/wp\/v2\/media?parent=16055"}],"wp:term":[{"taxonomy":"product_brand","embeddable":true,"href":"https:\/\/www.hydraulic-cylinders.net\/hu\/wp-json\/wp\/v2\/product_brand?post=16055"},{"taxonomy":"product_cat","embeddable":true,"href":"https:\/\/www.hydraulic-cylinders.net\/hu\/wp-json\/wp\/v2\/product_cat?post=16055"},{"taxonomy":"product_tag","embeddable":true,"href":"https:\/\/www.hydraulic-cylinders.net\/hu\/wp-json\/wp\/v2\/product_tag?post=16055"}],"curies":[{"name":"munkaf\u00fczet","href":"https:\/\/api.w.org\/{rel}","templated":true}]}}