{"id":16059,"date":"2025-01-20T08:25:30","date_gmt":"2025-01-20T08:25:30","guid":{"rendered":"https:\/\/www.hydraulic-cylinders.net\/product\/arm-cylinderfor-komatsu-middle-excavator-pc200lc-8\/"},"modified":"2025-01-20T08:25:32","modified_gmt":"2025-01-20T08:25:32","slug":"arm-cylinderfor-komatsu-middle-excavator-pc200lc-8","status":"publish","type":"product","link":"https:\/\/www.hydraulic-cylinders.net\/hu\/termek\/arm-cylinderfor-komatsu-middle-excavator-pc200lc-8\/","title":{"rendered":"Karhenger Komatsu PC200LC-8 k\u00f6z\u00e9ps\u0151 kotr\u00f3g\u00e9phez"},"content":{"rendered":"<h1>Karhenger Komatsu k\u00f6z\u00e9ps\u0151 kotr\u00f3g\u00e9phez PC200LC-8<\/h1>\n<h2>Bevezet\u00e9s<\/h2>\n<p>A Komatsu PC200LC-8 k\u00f6z\u00e9pkotr\u00f3g\u00e9p karhengere egy speci\u00e1lis hidraulikus henger, amelyet arra terveztek, hogy line\u00e1ris mozg\u00e1st \u00e9s er\u0151t biztos\u00edtson k\u00fcl\u00f6nf\u00e9le g\u00e9pek, p\u00e9ld\u00e1ul kotr\u00f3g\u00e9pek, daruk \u00e9s robotkarok karj\u00e1nak. A karhenger kulcsszerepet j\u00e1tszik a hidraulikus rendszerekben, lehet\u0151v\u00e9 t\u00e9ve a tov\u00e1bbi szersz\u00e1mok vagy tartoz\u00e9kok hat\u00e9kony mozg\u00e1s\u00e1t \u00e9s vez\u00e9rl\u00e9s\u00e9t. Ezek a hengerek nemcsak a sima mozg\u00e1st biztos\u00edtj\u00e1k, hanem a nagy terhel\u00e9seket is elviselik, biztos\u00edtva a g\u00e9p magas hat\u00e9konys\u00e1g\u00e1t \u00e9s megb\u00edzhat\u00f3s\u00e1g\u00e1t k\u00fcl\u00f6nb\u00f6z\u0151 \u00fczemi k\u00f6r\u00fclm\u00e9nyek k\u00f6z\u00f6tt.<\/p>\n<p><img decoding=\"async\" src=\"https:\/\/www.hydraulic-cylinders.net\/wp-content\/uploads\/2025\/01\/songte-company-2.webp\"><\/p>\n<h2>Jellemz\u0151k<\/h2>\n<ul>\n<li><strong>Nagy hat\u00e9konys\u00e1g\u00fa \u00e1tvitel:<\/strong> A karhenger er\u0151teljes line\u00e1ris mozg\u00e1st \u00e9s er\u0151t biztos\u00edt, biztos\u00edtva a mechanikus kar nagy teljes\u00edtm\u00e9ny\u00e9t k\u00fcl\u00f6nf\u00e9le m\u0171veletek sor\u00e1n.<\/li>\n<li><strong>Prec\u00edzi\u00f3s vez\u00e9rl\u00e9s:<\/strong> A hidraulikus rendszeren kereszt\u00fcl a karhenger prec\u00edz mozg\u00e1svez\u00e9rl\u00e9st tesz lehet\u0151v\u00e9, \u00edgy a tov\u00e1bbi szersz\u00e1mok kezel\u00e9se rugalmasabb \u00e9s pontosabb.<\/li>\n<li><strong>Tart\u00f3ss\u00e1g:<\/strong> A karhengerek jellemz\u0151en nagy szil\u00e1rds\u00e1g\u00fa anyagokb\u00f3l k\u00e9sz\u00fclnek, kiv\u00e1l\u00f3 kop\u00e1s- \u00e9s korr\u00f3zi\u00f3\u00e1ll\u00f3s\u00e1ggal rendelkeznek, \u00edgy alkalmasak hossz\u00fa t\u00e1v\u00fa haszn\u00e1latra zord k\u00f6rnyezetben.<\/li>\n<li><strong>T\u00f6bbfunkci\u00f3s alkalmazkod\u00f3k\u00e9pess\u00e9g:<\/strong> Ezek a munkahengerek sz\u00e9les k\u00f6rben alkalmazhat\u00f3k k\u00fcl\u00f6nf\u00e9le g\u00e9pekhez, p\u00e9ld\u00e1ul kotr\u00f3g\u00e9pekhez, darukhoz \u00e9s robotkarokhoz, alkalmazkodva a k\u00fcl\u00f6nb\u00f6z\u0151 munkak\u00f6vetelm\u00e9nyekhez.<\/li>\n<li><strong>K\u00f6nny\u0171 karbantart\u00e1s:<\/strong> A k\u00f6nny\u0171 karbantart\u00e1st \u00e9s cser\u00e9t szem el\u0151tt tartva tervezett karhengerek megk\u00f6nny\u00edtik az id\u0151szakos ellen\u0151rz\u00e9st \u00e9s szervizel\u00e9st, cs\u00f6kkentve a berendez\u00e9sek \u00e1ll\u00e1sidej\u00e9t.<\/li>\n<\/ul>\n<p><img decoding=\"async\" src=\"https:\/\/www.hydraulic-cylinders.net\/wp-content\/uploads\/2025\/01\/songte-oil-pipes-and-spare-parts.webp\"><\/p>\n<h2>Alkalmaz\u00e1sok<\/h2>\n<p>A Komatsu PC200LC-8 k\u00f6z\u00e9pkotr\u00f3g\u00e9p karhengere sz\u00e1mos ipar\u00e1gban alkalmazhat\u00f3:<\/p>\n<h3>1. \u00c9p\u00edt\u0151m\u00e9rn\u00f6ki tudom\u00e1nyok<\/h3>\n<p>Kotr\u00f3g\u00e9pekn\u00e9l \u00e9s darukn\u00e1l a karhenger a v\u00f6dr\u00f6k vagy g\u00e9mek mozg\u00e1s\u00e1nak vez\u00e9rl\u00e9s\u00e9re, f\u00f6ldmunk\u00e1k elv\u00e9gz\u00e9s\u00e9re, anyagmozgat\u00e1sra \u00e9s szerkezeti szerel\u00e9sre szolg\u00e1l.<\/p>\n<h3>2. Gy\u00e1rt\u00f3ipar<\/h3>\n<p>Az automatiz\u00e1lt gy\u00e1rt\u00f3sorokon a karhengert robotkarok mozgat\u00e1s\u00e1ra haszn\u00e1lj\u00e1k, olyan folyamatokat hajtva v\u00e9gre, mint az \u00f6sszeszerel\u00e9s, a hegeszt\u00e9s \u00e9s az anyagmozgat\u00e1s, ez\u00e1ltal n\u00f6velve a termel\u00e9si hat\u00e9konys\u00e1got \u00e9s a pontoss\u00e1got.<\/p>\n<h3>3. Mez\u0151gazdas\u00e1gi g\u00e9pek<\/h3>\n<p>A mez\u0151gazdas\u00e1gi g\u00e9pekben, p\u00e9ld\u00e1ul a betakar\u00edt\u00f3g\u00e9pekben \u00e9s a vet\u0151g\u00e9pekben a karhenger vez\u00e9rli a m\u0171k\u00f6dtet\u0151 karok mozg\u00e1s\u00e1t, olyan feladatokat v\u00e9gezve, mint a vet\u00e9s, a m\u0171tr\u00e1gy\u00e1z\u00e1s \u00e9s a betakar\u00edt\u00e1s.<\/p>\n<h3>4. B\u00e1ny\u00e1szat<\/h3>\n<p>A b\u00e1ny\u00e1szati \u200b\u200bberendez\u00e9sekben a karhengert a b\u00e1ny\u00e1szati \u200b\u200bberendez\u00e9sek karj\u00e1nak mozg\u00e1s\u00e1nak vez\u00e9rl\u00e9s\u00e9re haszn\u00e1lj\u00e1k, megk\u00f6nny\u00edtve az \u00e1sv\u00e1nyok kinyer\u00e9s\u00e9t \u00e9s sz\u00e1ll\u00edt\u00e1s\u00e1t.<\/p>\n<h3>5. Logisztika \u00e9s sz\u00e1ll\u00edt\u00e1s<\/h3>\n<p>Targonc\u00e1kban \u00e9s anyagmozgat\u00f3 robotokban a karhenger a vill\u00e1k emel\u00e9s\u00e9nek \u00e9s mozg\u00e1s\u00e1nak vez\u00e9rl\u00e9s\u00e9re szolg\u00e1l, lehet\u0151v\u00e9 t\u00e9ve az anyagok sz\u00e1ll\u00edt\u00e1s\u00e1t \u00e9s egym\u00e1sra rak\u00e1s\u00e1t.<\/p>\n<p><img decoding=\"async\" src=\"https:\/\/www.hydraulic-cylinders.net\/wp-content\/uploads\/2025\/01\/songte-cylinder-head-with-all-kinds-excavator-models.webp\"><\/p>\n<h2>Tervez\u00e9si szempontok \u00e9s kiv\u00e1laszt\u00e1si krit\u00e9riumok<\/h2>\n<p>A Komatsu PC200LC-8 k\u00f6z\u00e9pkotr\u00f3g\u00e9p karj\u00e1nak munkahenger\u00e9nek tervez\u00e9sekor \u00e9s kiv\u00e1laszt\u00e1sakor sz\u00e1mos kulcsfontoss\u00e1g\u00fa t\u00e9nyez\u0151t vesznek figyelembe:<\/p>\n<h3>1. Teherb\u00edr\u00e1s<\/h3>\n<p>A kar munkahenger\u00e9t \u00fagy tervezt\u00e9k, hogy ellen\u00e1lljon a kotr\u00f3g\u00e9p speci\u00e1lis terhel\u00e9si k\u00f6vetelm\u00e9nyeinek, \u00e9s biztos\u00edtsa a biztons\u00e1gos \u00e9s hat\u00e9kony m\u0171k\u00f6d\u00e9st.<\/p>\n<h3>2. T\u00f6m\u00edt\u00e9s<\/h3>\n<p>K\u00fcl\u00f6nb\u00f6z\u0151 t\u00f6m\u00edt\u0151elemeket, p\u00e9ld\u00e1ul dugatty\u00fat\u00f6m\u00edt\u00e9seket \u00e9s r\u00fadt\u00f6m\u00edt\u00e9seket haszn\u00e1lnak, kop\u00e1s\u00e1ll\u00f3 anyagokb\u00f3l, p\u00e9ld\u00e1ul poliuret\u00e1nb\u00f3l \u00e9s nitrilgumib\u00f3l. A hengertest \u00e9s a menetes v\u00e9gek prec\u00edz megmunk\u00e1l\u00e1son esnek \u00e1t a kop\u00e1s\u00e1ll\u00f3s\u00e1g fokoz\u00e1sa \u00e9rdek\u00e9ben.<\/p>\n<h3>3. Tart\u00f3ss\u00e1g<\/h3>\n<p>A karhenger kiv\u00e1l\u00f3 min\u0151s\u00e9g\u0171 anyagokb\u00f3l k\u00e9sz\u00fclt, amelyek kiv\u00e1l\u00f3 tart\u00f3ss\u00e1got \u00e9s kop\u00e1s- \u00e9s korr\u00f3zi\u00f3\u00e1ll\u00f3s\u00e1got biztos\u00edtanak, \u00edgy hossz\u00fa \u00e9lettartamot biztos\u00edtanak m\u00e9g zord \u00fczemi k\u00f6rnyezetben is.<\/p>\n<h3>4. Biztons\u00e1g<\/h3>\n<p>A karhenger kialak\u00edt\u00e1sa biztons\u00e1gi funkci\u00f3kat tartalmaz a balesetek megel\u0151z\u00e9se \u00e9s a kezel\u0151k v\u00e9delme \u00e9rdek\u00e9ben m\u0171k\u00f6d\u00e9s k\u00f6zben.<\/p>\n<h3>5. Karbantarthat\u00f3s\u00e1g<\/h3>\n<p>A karhenger \u00fagy lett kialak\u00edtva, hogy k\u00f6nnyen karbantarthat\u00f3 \u00e9s cser\u00e9lhet\u0151 legyen, \u00edgy k\u00e9nyelmesen elv\u00e9gezhet\u0151ek az id\u0151szakos ellen\u0151rz\u00e9sek, \u00e9s cs\u00f6kkenthet\u0151 a karbantart\u00e1si id\u0151.<\/p>\n<p><img decoding=\"async\" src=\"https:\/\/www.hydraulic-cylinders.net\/wp-content\/uploads\/2025\/01\/songte-chushion-collar.webp\"><\/p>\n<h2>T\u00f6m\u00edt\u00e9s \u00e9s ken\u00e9s<\/h2>\n<p>A karhenger k\u00fcl\u00f6nf\u00e9le t\u00f6m\u00edt\u0151elemeket haszn\u00e1l, p\u00e9ld\u00e1ul dugatty\u00fat\u00f6m\u00edt\u00e9seket \u00e9s r\u00fadt\u00f6m\u00edt\u00e9seket, amelyek kop\u00e1s\u00e1ll\u00f3 anyagokb\u00f3l, p\u00e9ld\u00e1ul poliuret\u00e1nb\u00f3l \u00e9s nitrilgumib\u00f3l k\u00e9sz\u00fclnek. A hengertest \u00e9s a menetes v\u00e9gek finomkezel\u00e9s\u0171ek a kop\u00e1s\u00e1ll\u00f3s\u00e1g jav\u00edt\u00e1sa \u00e9rdek\u00e9ben. A z\u00f6kken\u0151mentes m\u0171k\u00f6d\u00e9shez rendszeres ken\u00e9s sz\u00fcks\u00e9ges a megfelel\u0151 mennyis\u00e9g\u0171 hidraulikaolajjal.<\/p>\n<h2>Rendszeres ellen\u0151rz\u00e9s \u00e9s megel\u0151z\u0151 karbantart\u00e1s<\/h2>\n<p>A Komatsu PC200LC-8 k\u00f6z\u00e9pkotr\u00f3g\u00e9p karhenger\u00e9nek optim\u00e1lis teljes\u00edtm\u00e9ny\u00e9nek \u00e9s \u00e9lettartam\u00e1nak meghosszabb\u00edt\u00e1sa \u00e9rdek\u00e9ben a k\u00f6vetkez\u0151 int\u00e9zked\u00e9seket kell tenni:<\/p>\n<h3>1. Rendszeres ellen\u0151rz\u00e9s<\/h3>\n<p>Rendszeresen ellen\u0151rizze a karhengert, hogy nincsenek-e rajta kop\u00e1s, s\u00e9r\u00fcl\u00e9s vagy sziv\u00e1rg\u00e1s jelei. Az elkopott vagy s\u00e9r\u00fclt alkatr\u00e9szeket halad\u00e9ktalanul cser\u00e9lje ki.<\/p>\n<h3>2. Megel\u0151z\u0151 karbantart\u00e1s<\/h3>\n<p>V\u00e9gezzen megel\u0151z\u0151 karbantart\u00e1si int\u00e9zked\u00e9seket, bele\u00e9rtve a rendszeres tiszt\u00edt\u00e1st, ken\u00e9st \u00e9s be\u00e1ll\u00edt\u00e1st, hogy megel\u0151zze a lehets\u00e9ges probl\u00e9m\u00e1kat, \u00e9s biztos\u00edtsa a karhenger folyamatos m\u0171k\u00f6d\u00e9s\u00e9t.<\/p>\n<h2>Term\u00e9ktelep\u00edt\u00e9si \u00fatmutat\u00f3<\/h2>\n<p>A Komatsu PC200LC-8 k\u00f6z\u00e9pkotr\u00f3g\u00e9p karhenger\u00e9nek megfelel\u0151 beszerel\u00e9se elengedhetetlen a teljes\u00edtm\u00e9ny\u00e9hez \u00e9s hossz\u00fa \u00e9lettartam\u00e1hoz. A helyes beszerel\u00e9shez k\u00f6vesse az al\u00e1bbi l\u00e9p\u00e9seket:<\/p>\n<h3>1. l\u00e9p\u00e9s:<\/h3>\n<p>Gy\u0151z\u0151dj\u00f6n meg arr\u00f3l, hogy a kotr\u00f3g\u00e9p ki van kapcsolva \u00e9s stabil fel\u00fcleten van parkolva.<\/p>\n<h3>2. l\u00e9p\u00e9s:<\/h3>\n<p>Helyezze a karhengert a kotr\u00f3g\u00e9p karj\u00e1n a megfelel\u0151 helyre.<\/p>\n<h3>3. l\u00e9p\u00e9s:<\/h3>\n<p>R\u00f6gz\u00edtse biztons\u00e1gosan a karhengert a mell\u00e9kelt csavarokkal \u00e9s any\u00e1kkal, \u00fcgyelve a megfelel\u0151 be\u00e1ll\u00edt\u00e1sra.<\/p>\n<h3>4. l\u00e9p\u00e9s:<\/h3>\n<p>Csatlakoztassa a hidraulikat\u00f6ml\u0151ket a karhenger megfelel\u0151 csatlakoz\u00f3ihoz.<\/p>\n<h3>5. l\u00e9p\u00e9s:<\/h3>\n<p>Ellen\u0151rizze az \u00f6sszes csatlakoz\u00e1st sziv\u00e1rg\u00e1s szempontj\u00e1b\u00f3l, \u00e9s sz\u00fcks\u00e9g eset\u00e9n h\u00fazza meg \u0151ket.<\/p>\n<p><img decoding=\"async\" src=\"https:\/\/www.hydraulic-cylinders.net\/wp-content\/uploads\/2025\/01\/songte-bushings-with-all-kinds-of-excavator-models.webp\"><\/p>\n<h2>Biztons\u00e1gi szempontok \u00e9s k\u00f6rnyezeti t\u00e9nyez\u0151k<\/h2>\n<p>A Komatsu PC200LC-8 k\u00f6z\u00e9pkateg\u00f3ri\u00e1s kotr\u00f3g\u00e9p karhenger\u00e9nek haszn\u00e1latakor fontos a biztons\u00e1gi int\u00e9zked\u00e9sek priorit\u00e1sk\u00e9nt val\u00f3 kezel\u00e9se. A kulcsszavakat, p\u00e9ld\u00e1ul a biztons\u00e1gi \u00f3vint\u00e9zked\u00e9seket be kell tartani a kezel\u0151k biztons\u00e1gos munkak\u00f6rnyezet\u00e9nek biztos\u00edt\u00e1sa \u00e9s a balesetek megel\u0151z\u00e9se \u00e9rdek\u00e9ben.<\/p>\n<h2>Hibadiagn\u00f3zis \u00e9s gyakori probl\u00e9m\u00e1k<\/h2>\n<p>N\u00e9h\u00e1ny gyakori hiba \u00e9s probl\u00e9ma, amely a karhengerrel kapcsolatban felmer\u00fclhet:<\/p>\n<h3>1. Sziv\u00e1rg\u00e1s<\/h3>\n<p>Vizsg\u00e1lja meg az \u00f6sszes t\u00f6m\u00edt\u00e9st \u00e9s csatlakoz\u00e1st sziv\u00e1rg\u00e1s jelei szempontj\u00e1b\u00f3l. Cser\u00e9lje ki az elkopott vagy s\u00e9r\u00fclt t\u00f6m\u00edt\u00e9seket, \u00e9s h\u00fazza meg a csatlakoz\u00e1sokat a probl\u00e9ma megold\u00e1s\u00e1hoz.<\/p>\n<h3>2. Szab\u00e1lytalan mozg\u00e1s<\/h3>\n<p>Ha a karhenger szab\u00e1lytalan vagy r\u00e1ngat\u00f3z\u00f3 mozg\u00e1st mutat, ellen\u0151rizze, hogy nincs-e akad\u00e1ly vagy mechanikai probl\u00e9ma. Kenje meg a hengert, \u00e9s v\u00e9gezze el a sz\u00fcks\u00e9ges karbantart\u00e1st a zavartalan m\u0171k\u00f6d\u00e9s helyre\u00e1ll\u00edt\u00e1sa \u00e9rdek\u00e9ben.<\/p>\n<h3>3. Hatalmi vesztes\u00e9g<\/h3>\n<p>Ha a karhenger nem el\u00e9g er\u0151s, vagy nem fejt ki elegend\u0151 er\u0151t, ellen\u0151rizze a hidraulikus rendszert \u00e9s a csatlakoz\u00e1sokat m\u0171k\u00f6d\u00e9si hib\u00e1k szempontj\u00e1b\u00f3l. Jav\u00edtsa meg vagy cser\u00e9lje ki a hib\u00e1s alkatr\u00e9szeket a teljes\u00edtm\u00e9ny helyre\u00e1ll\u00edt\u00e1s\u00e1hoz.<\/p>\n<p><img decoding=\"async\" src=\"https:\/\/www.hydraulic-cylinders.net\/wp-content\/uploads\/2025\/01\/songte-chushion-collar.webp\"><\/p>\n<p>A probl\u00e9m\u00e1k hat\u00e9kony elh\u00e1r\u00edt\u00e1s\u00e1hoz \u00e9s megold\u00e1s\u00e1hoz vegye figyelembe a k\u00f6vetkez\u0151 tippeket \u00e9s megold\u00e1sokat:<\/p>\n<h3>1. Rendszeres ellen\u0151rz\u00e9s<\/h3>\n<p>Rendszeres ellen\u0151rz\u00e9seket v\u00e9gezzen a hib\u00e1k vagy probl\u00e9m\u00e1k korai jeleinek \u00e9szlel\u00e9se \u00e9rdek\u00e9ben. Azonnal foglalkozzon az azonos\u00edtott probl\u00e9m\u00e1kkal a tov\u00e1bbi k\u00e1rok megel\u0151z\u00e9se \u00e9rdek\u00e9ben.<\/p>\n<h3>2. Megfelel\u0151 ken\u00e9s<\/h3>\n<p>Gy\u0151z\u0151dj\u00f6n meg arr\u00f3l, hogy a kar hengere megfelel\u0151en meg van kenve az aj\u00e1nlott hidraulikaolajjal a s\u00farl\u00f3d\u00e1s minimaliz\u00e1l\u00e1sa \u00e9s a sima m\u0171k\u00f6d\u00e9s biztos\u00edt\u00e1sa \u00e9rdek\u00e9ben.<\/p>\n<h3>3. Megfelel\u0151 karbantart\u00e1s<\/h3>\n<p>A karhenger optim\u00e1lis \u00e1llapot\u00e1nak meg\u0151rz\u00e9se \u00e9rdek\u00e9ben k\u00f6vesse az aj\u00e1nlott karbantart\u00e1si \u00fctemtervet, bele\u00e9rtve a tiszt\u00edt\u00e1st, ken\u00e9st \u00e9s be\u00e1ll\u00edt\u00e1st.<\/p>\n<p><img","protected":false},"excerpt":{"rendered":"<p>Arm Cylinder For Komatsu Middle Excavator PC200LC-8 Introduction The Arm Cylinder for Komatsu Middle Excavator PC200LC-8 is a specialized hydraulic cylinder designed to provide linear motion and power to the arm of various machinery, such as excavators, cranes, and robotic arms. The arm cylinder plays a crucial role in hydraulic systems, enabling efficient movement and [&hellip;]<\/p>","protected":false},"featured_media":14770,"comment_status":"open","ping_status":"closed","template":"","meta":{"_et_pb_use_builder":"","_et_pb_old_content":"","_et_gb_content_width":""},"product_brand":[],"product_cat":[1497],"product_tag":[1498,1496],"class_list":{"0":"post-16059","1":"product","2":"type-product","3":"status-publish","4":"has-post-thumbnail","6":"product_cat-arm-cylinders","7":"product_tag-arm-cylinders","8":"product_tag-hydraulic-cylinders","10":"first","11":"instock","12":"shipping-taxable","13":"product-type-simple"},"amp_enabled":true,"_links":{"self":[{"href":"https:\/\/www.hydraulic-cylinders.net\/hu\/wp-json\/wp\/v2\/product\/16059","targetHints":{"allow":["GET"]}}],"collection":[{"href":"https:\/\/www.hydraulic-cylinders.net\/hu\/wp-json\/wp\/v2\/product"}],"about":[{"href":"https:\/\/www.hydraulic-cylinders.net\/hu\/wp-json\/wp\/v2\/types\/product"}],"replies":[{"embeddable":true,"href":"https:\/\/www.hydraulic-cylinders.net\/hu\/wp-json\/wp\/v2\/comments?post=16059"}],"wp:featuredmedia":[{"embeddable":true,"href":"https:\/\/www.hydraulic-cylinders.net\/hu\/wp-json\/wp\/v2\/media\/14770"}],"wp:attachment":[{"href":"https:\/\/www.hydraulic-cylinders.net\/hu\/wp-json\/wp\/v2\/media?parent=16059"}],"wp:term":[{"taxonomy":"product_brand","embeddable":true,"href":"https:\/\/www.hydraulic-cylinders.net\/hu\/wp-json\/wp\/v2\/product_brand?post=16059"},{"taxonomy":"product_cat","embeddable":true,"href":"https:\/\/www.hydraulic-cylinders.net\/hu\/wp-json\/wp\/v2\/product_cat?post=16059"},{"taxonomy":"product_tag","embeddable":true,"href":"https:\/\/www.hydraulic-cylinders.net\/hu\/wp-json\/wp\/v2\/product_tag?post=16059"}],"curies":[{"name":"munkaf\u00fczet","href":"https:\/\/api.w.org\/{rel}","templated":true}]}}