{"id":16070,"date":"2025-01-20T08:26:23","date_gmt":"2025-01-20T08:26:23","guid":{"rendered":"https:\/\/www.hydraulic-cylinders.net\/product\/arm-cylinderfor-komatsu-large-excavator-pc450-6-7-8\/"},"modified":"2025-01-20T08:26:25","modified_gmt":"2025-01-20T08:26:25","slug":"arm-cylinderfor-komatsu-large-excavator-pc450-6-7-8","status":"publish","type":"product","link":"https:\/\/www.hydraulic-cylinders.net\/hu\/termek\/arm-cylinderfor-komatsu-large-excavator-pc450-6-7-8\/","title":{"rendered":"Karhenger Komatsu nagy kotr\u00f3g\u00e9phez PC450-6-7-8"},"content":{"rendered":"<h1>Karhenger Komatsu nagy kotr\u00f3g\u00e9phez PC450-6-7-8<\/h1>\n<h2>Bevezet\u00e9s<\/h2>\n<p>A karhenger egy speci\u00e1lisan tervezett hidraulikus henger, amely line\u00e1ris mozg\u00e1st \u00e9s er\u0151t biztos\u00edt k\u00fcl\u00f6nf\u00e9le g\u00e9pek, p\u00e9ld\u00e1ul kotr\u00f3g\u00e9pek, daruk \u00e9s robotkarok karj\u00e1nak. Kulcsfontoss\u00e1g\u00fa szerepet j\u00e1tszik a hidraulikus rendszerekben, lehet\u0151v\u00e9 t\u00e9ve a tov\u00e1bbi szersz\u00e1mok vagy tartoz\u00e9kok hat\u00e9kony mozg\u00e1s\u00e1t \u00e9s vez\u00e9rl\u00e9s\u00e9t. Ezek a hengerek nemcsak a sima mozg\u00e1st biztos\u00edtj\u00e1k, hanem a nagy terhel\u00e9seket is elviselik, biztos\u00edtva a g\u00e9pek magas hat\u00e9konys\u00e1g\u00e1t \u00e9s megb\u00edzhat\u00f3s\u00e1g\u00e1t k\u00fcl\u00f6nb\u00f6z\u0151 \u00fczemi k\u00f6r\u00fclm\u00e9nyek k\u00f6z\u00f6tt.<\/p>\n<p><img decoding=\"async\" src=\"https:\/\/www.hydraulic-cylinders.net\/wp-content\/uploads\/2025\/01\/songte-company-2.webp\" alt=\"Karhenger k\u00e9pe\"><\/p>\n<h2>Jellemz\u0151k<\/h2>\n<ul>\n<li><strong>Nagy hat\u00e9konys\u00e1g\u00fa \u00e1tvitel:<\/strong> A karhenger er\u0151teljes line\u00e1ris mozg\u00e1st \u00e9s er\u0151t biztos\u00edt, biztos\u00edtva a robotkar nagy teljes\u00edtm\u00e9ny\u0171 k\u00e9pess\u00e9geit k\u00fcl\u00f6nf\u00e9le m\u0171veletek sor\u00e1n.<\/li>\n<li><strong>Prec\u00edz vez\u00e9rl\u00e9s:<\/strong> A hidraulikus rendszeren kereszt\u00fcl a karhenger prec\u00edz mozg\u00e1svez\u00e9rl\u00e9st tesz lehet\u0151v\u00e9, \u00edgy a csatlakoztatott eszk\u00f6z\u00f6k kezel\u00e9se rugalmasabb \u00e9s pontosabb.<\/li>\n<li><strong>Tart\u00f3ss\u00e1g:<\/strong> A karos munkahengerek jellemz\u0151en nagy szil\u00e1rds\u00e1g\u00fa anyagokb\u00f3l k\u00e9sz\u00fclnek, kiv\u00e1l\u00f3 kop\u00e1s- \u00e9s korr\u00f3zi\u00f3\u00e1ll\u00f3s\u00e1ggal, \u00edgy alkalmasak hossz\u00fa t\u00e1v\u00fa haszn\u00e1latra zord k\u00f6rnyezetben.<\/li>\n<li><strong>T\u00f6bbfunkci\u00f3s alkalmazkod\u00f3k\u00e9pess\u00e9g:<\/strong> Ezeket a hengereket sz\u00e9les k\u00f6rben haszn\u00e1lj\u00e1k k\u00fcl\u00f6nf\u00e9le g\u00e9pekben, p\u00e9ld\u00e1ul kotr\u00f3g\u00e9pekben, darukban \u00e9s robotkarokban, alkalmazkodva a k\u00fcl\u00f6nb\u00f6z\u0151 munkak\u00f6vetelm\u00e9nyekhez.<\/li>\n<li><strong>K\u00f6nny\u0171 karbantart\u00e1s:<\/strong> A k\u00f6nny\u0171 karbantart\u00e1sra \u00e9s cser\u00e9re tervezett karhengerek megk\u00f6nny\u00edtik a rendszeres ellen\u0151rz\u00e9seket \u00e9s karbantart\u00e1st, cs\u00f6kkentve a berendez\u00e9s \u00e1ll\u00e1sidej\u00e9t.<\/li>\n<\/ul>\n<p><img decoding=\"async\" src=\"https:\/\/www.hydraulic-cylinders.net\/wp-content\/uploads\/2025\/01\/songte-oil-pipes-and-spare-parts.webp\" alt=\"Hidraulikus hengerek k\u00e9pe\"><\/p>\n<h2>Alkalmaz\u00e1sok<\/h2>\n<p>Karhengerek sz\u00e1mos ipar\u00e1gban alkalmazhat\u00f3k:<\/p>\n<h3>1. \u00c9p\u00edt\u0151m\u00e9rn\u00f6ki tudom\u00e1nyok<\/h3>\n<p>Kotr\u00f3g\u00e9pekben \u00e9s darukban a karhengerek szab\u00e1lyozz\u00e1k a v\u00f6dr\u00f6k vagy g\u00e9mek mozg\u00e1s\u00e1t f\u00f6ldmunk\u00e1k, anyagmozgat\u00e1s \u00e9s szerkezeti telep\u00edt\u00e9sek sor\u00e1n.<\/p>\n<h3>2. Gy\u00e1rt\u00f3ipar<\/h3>\n<p>Az automatiz\u00e1lt gy\u00e1rt\u00f3sorokon a karhengerek megk\u00f6nny\u00edtik a robotkarok mozg\u00e1s\u00e1t az \u00f6sszeszerel\u00e9si, hegeszt\u00e9si \u00e9s anyagmozgat\u00e1si folyamatok sor\u00e1n, jav\u00edtva a termel\u00e9si hat\u00e9konys\u00e1got \u00e9s a pontoss\u00e1got.<\/p>\n<h3>3. Mez\u0151gazdas\u00e1gi g\u00e9pek<\/h3>\n<p>A mez\u0151gazdas\u00e1gi g\u00e9pekben, p\u00e9ld\u00e1ul a betakar\u00edt\u00f3g\u00e9pekben \u00e9s a vet\u0151g\u00e9pekben, a karhengerek vez\u00e9rlik a m\u0171k\u00f6dtet\u0151 karok mozg\u00e1s\u00e1t olyan feladatokhoz, mint a vet\u00e9s, a m\u0171tr\u00e1gy\u00e1z\u00e1s \u00e9s a betakar\u00edt\u00e1s.<\/p>\n<h3>4. B\u00e1ny\u00e1szat<\/h3>\n<p>A b\u00e1ny\u00e1szati \u200b\u200bberendez\u00e9sekben a karhengerek szab\u00e1lyozz\u00e1k a b\u00e1ny\u00e1szati \u200b\u200bg\u00e9pek karj\u00e1nak mozg\u00e1s\u00e1t az \u00e9rc kitermel\u00e9se \u00e9s sz\u00e1ll\u00edt\u00e1sa sor\u00e1n.<\/p>\n<h3>5. Logisztika \u00e9s sz\u00e1ll\u00edt\u00e1s<\/h3>\n<p>A targonc\u00e1kban \u00e9s anyagmozgat\u00f3 robotokban a karhengerek vez\u00e9rlik a vill\u00e1k emel\u00e9s\u00e9t \u00e9s mozg\u00e1s\u00e1t, lehet\u0151v\u00e9 t\u00e9ve az anyagok sz\u00e1ll\u00edt\u00e1s\u00e1t \u00e9s egym\u00e1sra rak\u00e1s\u00e1t.<\/p>\n<p><img decoding=\"async\" src=\"https:\/\/www.hydraulic-cylinders.net\/wp-content\/uploads\/2025\/01\/songte-cylinder-head-with-all-kinds-excavator-models.webp\" alt=\"Hidraulikus hengerfej k\u00e9pe\"><\/p>\n<h2>Tervez\u00e9si szempontok \u00e9s kiv\u00e1laszt\u00e1si krit\u00e9riumok<\/h2>\n<p>A hengerfejek tervez\u00e9sekor sz\u00e1mos kulcsfontoss\u00e1g\u00fa t\u00e9nyez\u0151t kell figyelembe venni:<\/p>\n<ul>\n<li><strong>Teherb\u00edr\u00e1s:<\/strong> A hengereket \u00fagy kell megtervezni, hogy ellen\u00e1lljanak az alkalmaz\u00e1sban v\u00e1rhat\u00f3 terhel\u00e9seknek \u00e9s er\u0151knek.<\/li>\n<li><strong>T\u00f6m\u00edt\u00e9s:<\/strong> K\u00fcl\u00f6nb\u00f6z\u0151 t\u00f6m\u00edt\u0151elemeket, p\u00e9ld\u00e1ul dugatty\u00fat\u00f6m\u00edt\u00e9seket \u00e9s r\u00fadt\u00f6m\u00edt\u00e9seket kell haszn\u00e1lni, kop\u00e1s\u00e1ll\u00f3 anyagokb\u00f3l, p\u00e9ld\u00e1ul poliuret\u00e1nb\u00f3l \u00e9s nitrilgumib\u00f3l.<\/li>\n<li><strong>Tart\u00f3ss\u00e1g:<\/strong> A hengertestet \u00e9s a menetes v\u00e9geket prec\u00edz fel\u00fcletkezel\u00e9snek kell al\u00e1vetni a kop\u00e1s\u00e1ll\u00f3s\u00e1g fokoz\u00e1sa \u00e9rdek\u00e9ben.<\/li>\n<li><strong>Biztons\u00e1g:<\/strong> A balesetek megel\u0151z\u00e9se \u00e9rdek\u00e9ben biztons\u00e1gi berendez\u00e9seket kell be\u00e9p\u00edteni, p\u00e9ld\u00e1ul nyom\u00e1scs\u00f6kkent\u0151 szelepeket \u00e9s reteszel\u0151 mechanizmusokat.<\/li>\n<li><strong>Karbantarthat\u00f3s\u00e1g:<\/strong> A tervez\u00e9s sor\u00e1n figyelembe kell venni a karbantart\u00e1s \u00e9s a jav\u00edt\u00e1s egyszer\u0171s\u00e9g\u00e9t, biztos\u00edtva a k\u00e9nyelmes ellen\u0151rz\u00e9st \u00e9s a le\u00e1ll\u00e1si id\u0151 cs\u00f6kkent\u00e9s\u00e9t.<\/li>\n<\/ul>\n<p><img decoding=\"async\" src=\"https:\/\/www.hydraulic-cylinders.net\/wp-content\/uploads\/2025\/01\/songte-chushion-collar.webp\" alt=\"Hidraulikus henger k\u00e9pe\"><\/p>\n<h2>T\u00f6m\u00edt\u00e9s \u00e9s ken\u00e9s<\/h2>\n<p>A karos munkahengerek k\u00fcl\u00f6nf\u00e9le t\u00f6m\u00edt\u0151elemeket haszn\u00e1lnak, bele\u00e9rtve a dugatty\u00fat\u00f6m\u00edt\u00e9seket \u00e9s a r\u00fadt\u00f6m\u00edt\u00e9seket, amelyek kop\u00e1s\u00e1ll\u00f3 anyagokb\u00f3l, p\u00e9ld\u00e1ul poliuret\u00e1nb\u00f3l \u00e9s nitrilgumib\u00f3l k\u00e9sz\u00fclnek. A hengertest \u00e9s a menetes v\u00e9gek prec\u00edz fel\u00fcletkezel\u00e9sen esnek \u00e1t a kop\u00e1s\u00e1ll\u00f3s\u00e1g jav\u00edt\u00e1sa \u00e9rdek\u00e9ben. A megfelel\u0151 hidraulikaolajjal t\u00f6rt\u00e9n\u0151 rendszeres ken\u00e9s sz\u00fcks\u00e9ges a z\u00f6kken\u0151mentes m\u0171k\u00f6d\u00e9s biztos\u00edt\u00e1s\u00e1hoz \u00e9s a kop\u00e1s megel\u0151z\u00e9s\u00e9hez.<\/p>\n<h2>Id\u0151szakos ellen\u0151rz\u00e9s \u00e9s megel\u0151z\u0151 karbantart\u00e1s<\/h2>\n<p>Az optim\u00e1lis teljes\u00edtm\u00e9ny biztos\u00edt\u00e1sa \u00e9rdek\u00e9ben elengedhetetlenek az id\u0151szakos ellen\u0151rz\u00e9sek \u00e9s a megel\u0151z\u0151 karbantart\u00e1s. A k\u00f6vetkez\u0151 int\u00e9zked\u00e9seket kell megtenni:<\/p>\n<ul>\n<li>Rendszeresen ellen\u0151rizze a sziv\u00e1rg\u00e1sokat, a s\u00e9r\u00fclt t\u00f6m\u00edt\u00e9seket \u00e9s a kop\u00e1s jeleit.<\/li>\n<li>Vizsg\u00e1lja meg \u00e9s tiszt\u00edtsa meg a hengert \u00e9s alkatr\u00e9szeit.<\/li>\n<li>Figyelje a hidraulikafolyad\u00e9k szintj\u00e9t \u00e9s min\u0151s\u00e9g\u00e9t.<\/li>\n<li>H\u00fazza meg a laza csatlakoz\u00e1sokat.<\/li>\n<li>K\u00f6vesse a gy\u00e1rt\u00f3 karbantart\u00e1si \u00e9s ken\u00e9si utas\u00edt\u00e1sait.<\/li>\n<\/ul>\n<h2>Term\u00e9ktelep\u00edt\u00e9si \u00fatmutat\u00f3<\/h2>\n<p>A megfelel\u0151 beszerel\u00e9s elengedhetetlen a karhenger megfelel\u0151 m\u0171k\u00f6d\u00e9s\u00e9hez. K\u00f6vesse az al\u00e1bbi l\u00e9p\u00e9seket:<\/p>\n<ol>\n<li>K\u00e9sz\u00edtse el\u0151 a telep\u00edt\u00e9si ter\u00fcletet, \u00e9s gy\u0151z\u0151dj\u00f6n meg arr\u00f3l, hogy tiszta \u00e9s t\u00f6rmel\u00e9kt\u0151l mentes.<\/li>\n<li>Biztons\u00e1gosan szerelje fel a hengert, \u00e9s igaz\u00edtsa a csatlakoz\u00f3 alkatr\u00e9szekhez.<\/li>\n<li>H\u00fazza meg az \u00f6sszes csatlakoz\u00e1st a gy\u00e1rt\u00f3 \u00e1ltal megadott nyomat\u00e9kkal.<\/li>\n<li>Ellen\u0151rizze a megfelel\u0151 illeszked\u00e9st \u00e9s a mozg\u00e1sszabads\u00e1got.<\/li>\n<li>Haszn\u00e1latba v\u00e9tel el\u0151tt ellen\u0151rizze a henger m\u0171k\u00f6d\u00e9s\u00e9t.<\/li>\n<\/ol>\n<p><img decoding=\"async\" src=\"https:\/\/www.hydraulic-cylinders.net\/wp-content\/uploads\/2025\/01\/songte-bushings-with-all-kinds-of-excavator-models.webp\" alt=\"Hidraulikus henger perselyek k\u00e9pe\"><\/p>\n<h2>Biztons\u00e1gi szempontok \u00e9s k\u00f6rnyezeti t\u00e9nyez\u0151k<\/h2>\n<p>Karhengerek haszn\u00e1latakor elengedhetetlen a biztons\u00e1gi int\u00e9zked\u00e9sek priorit\u00e1sk\u00e9nt val\u00f3 kezel\u00e9se a balesetek megel\u0151z\u00e9se \u00e9s a kezel\u0151 j\u00f3l\u00e9t\u00e9nek biztos\u00edt\u00e1sa \u00e9rdek\u00e9ben. A megfelel\u0151 k\u00e9pz\u00e9s, a szem\u00e9lyi v\u00e9d\u0151felszerel\u00e9sek megfelel\u0151 haszn\u00e1lata \u00e9s a biztons\u00e1gi protokollok betart\u00e1sa kulcsfontoss\u00e1g\u00fa a hidraulikus rendszerek \u00fczemeltet\u00e9se \u00e9s karbantart\u00e1sa sor\u00e1n.<\/p>\n<h2>Hibadiagn\u00f3zis \u00e9s gyakori probl\u00e9m\u00e1k<\/h2>\n<p>A karhengerek gyakori hib\u00e1i \u00e9s probl\u00e9m\u00e1i a k\u00f6vetkez\u0151k:<\/p>\n<ul>\n<li>Hidraulikafolyad\u00e9k sziv\u00e1rg\u00e1sa<\/li>\n<li>Teljes\u00edtm\u00e9nykies\u00e9s vagy cs\u00f6kkent teljes\u00edtm\u00e9ny<\/li>\n<li>T\u00falzott zaj vagy rezg\u00e9s<\/li>\n<li>Inkonzisztens vagy r\u00e1ngat\u00f3z\u00f3 mozg\u00e1s<\/li>\n<li>T\u00f6m\u00edt\u00e9si hib\u00e1k vagy s\u00e9r\u00fcl\u00e9sek<\/li>\n<\/ul>\n<p>A probl\u00e9m\u00e1k elh\u00e1r\u00edt\u00e1s\u00e1hoz \u00e9s megold\u00e1s\u00e1hoz vegye figyelembe a k\u00f6vetkez\u0151ket:<\/p>\n<ul>\n<li>Vizsg\u00e1lja meg \u00e9s cser\u00e9lje ki a s\u00e9r\u00fclt t\u00f6m\u00edt\u00e9seket.<\/li>\n<li>Ellen\u0151rizze a hidraulikafolyad\u00e9k szintj\u00e9t \u00e9s min\u0151s\u00e9g\u00e9t.<\/li>\n<li>Biztos\u00edtsa az alkatr\u00e9szek megfelel\u0151 illeszt\u00e9s\u00e9t \u00e9s csatlakoztat\u00e1s\u00e1t.<\/li>\n<li>Ellen\u0151rizd a kopott vagy s\u00e9r\u00fclt alkatr\u00e9szeket, \u00e9s sz\u00fcks\u00e9g eset\u00e9n cser\u00e9ld ki.<\/li>\n<li>A konkr\u00e9t probl\u00e9m\u00e1kkal \u00e9s az aj\u00e1nlott megold\u00e1sokkal kapcsolatban tekintse meg a gy\u00e1rt\u00f3 ir\u00e1nyelveit.<\/li>\n<\/ul>\n<p><img decoding=\"async\" src=\"https:\/\/www.hydraulic-cylinders.net\/wp-content\/uploads\/2025\/01\/songte-chushion-collar.webp\" alt=\"Hidraulikus henger gall\u00e9r k\u00e9pe\"><\/p>\n<p>Ne felejtsd el logikusan fel\u00e9p\u00edteni a cikket, alc\u00edmekkel a k\u00f6nny\u0171 navig\u00e1ci\u00f3 \u00e9rdek\u00e9ben. Haszn\u00e1lj relev\u00e1ns k\u00e9peket \u00e9s diagramokat a jobb meg\u00e9rt\u00e9s \u00e9rdek\u00e9ben. Gy\u0151z\u0151dj meg r\u00f3la, hogy a tartalom vil\u00e1gos, t\u00f6m\u00f6r \u00e9s megfelel\u0151 a k\u00fcl\u00f6nb\u00f6z\u0151 technikai ismeretekkel rendelkez\u0151 olvas\u00f3k sz\u00e1m\u00e1ra.<\/p>\n<h2>R\u00f3lunk<\/h2>\n<p>Professzion\u00e1lis hidraulikus hengergy\u00e1rt\u00f3k\u00e9nt sz\u00e9les term\u00e9kv\u00e1laszt\u00e9kot k\u00edn\u00e1lunk. A hazai \u00e9s a nemzetk\u00f6zi piacok egyik vezet\u0151 hidraulikus hengergy\u00e1rt\u00f3j\u00e1v\u00e1 \u00e9s nagykereskedelmi forgalmaz\u00f3j\u00e1v\u00e1 v\u00e1ltunk. A kiv\u00e1l\u00f3 min\u0151s\u00e9g elv\u00e9t valljuk, \u00e9s folyamatosan fejlesztj\u00fck m\u0171szaki szak\u00e9rtelm\u00fcnket \u00e9s termel\u00e9si hat\u00e9konys\u00e1gunkat az iparos\u00edtott termel\u00e9sir\u00e1ny\u00edt\u00e1si strat\u00e9gi\u00e1k megval\u00f3s\u00edt\u00e1s\u00e1val fejlett gy\u00e1rt\u00f3m\u0171hely\u00fcnkben. Cs\u00facskateg\u00f3ri\u00e1s digit\u00e1lis gy\u00e1rt\u00f3berendez\u00e9sekkel \u00e9s professzion\u00e1lis tesztel\u0151rendszerekkel optimaliz\u00e1ljuk gy\u00e1rt\u00e1si platformunkat \u00e9s t\u00f6k\u00e9letes\u00edtj\u00fck term\u00e9kmin\u0151s\u00e9g-ellen\u0151rz\u00e9si folyamatainkat, er\u0151s innov\u00e1ci\u00f3s k\u00e9pess\u00e9geket mutatva fel. C\u00e9lunk, hogy hat\u00e9konyan, prec\u00edzen \u00e9s kiv\u00e1l\u00f3 min\u0151s\u00e9g\u0171 term\u00e9kekkel el\u00e9g\u00edts\u00fck ki \u00fcgyfeleink v\u00e1ltozatos ig\u00e9nyeit.<\/p>\n<p><img decoding=\"async\" src=\"https:\/\/www.hydraulic-cylinders.net\/wp-content\/uploads\/2025\/01\/songte-company-4.webp\" alt=\"C\u00e9ges im\u00e1zs\"><\/p>\n<h3>C\u00e9g\u00fcnk kiemelt jellemz\u0151i:<\/h3>\n<ul>\n<li><strong>Szakmaiass\u00e1g:<\/strong> Szak\u00e9rt\u0151k vagyunk a hidraulikus munkahengerek cser\u00e9j\u00e9ben \u00e9s a kapcsol\u00f3d\u00f3 szolg\u00e1ltat\u00e1sok ny\u00fajt\u00e1s\u00e1ban.<\/li>\n<li><strong>Nemzetk\u00f6zi tan\u00fas\u00edtv\u00e1nyok:<\/strong> Term\u00e9keink megfelelnek a nemzetk\u00f6zi min\u0151s\u00e9gi szabv\u00e1nyoknak \u00e9s tan\u00fas\u00edtv\u00e1nyoknak.<\/li>\n<li><strong>Testreszab\u00e1si szolg\u00e1ltat\u00e1sok:<\/strong>","protected":false},"excerpt":{"rendered":"<p>Arm Cylinder For Komatsu Large Excavator PC450-6-7-8 Introduction The arm cylinder is a specially designed hydraulic cylinder that provides linear motion and power to the arm of various types of machinery, such as excavators, cranes, and robotic arms. It plays a crucial role in hydraulic systems, enabling the efficient movement and control of additional tools [&hellip;]<\/p>","protected":false},"featured_media":14766,"comment_status":"open","ping_status":"closed","template":"","meta":{"_et_pb_use_builder":"","_et_pb_old_content":"","_et_gb_content_width":""},"product_brand":[],"product_cat":[1497],"product_tag":[1498,1496],"class_list":{"0":"post-16070","1":"product","2":"type-product","3":"status-publish","4":"has-post-thumbnail","6":"product_cat-arm-cylinders","7":"product_tag-arm-cylinders","8":"product_tag-hydraulic-cylinders","10":"first","11":"instock","12":"shipping-taxable","13":"product-type-simple"},"amp_enabled":true,"_links":{"self":[{"href":"https:\/\/www.hydraulic-cylinders.net\/hu\/wp-json\/wp\/v2\/product\/16070","targetHints":{"allow":["GET"]}}],"collection":[{"href":"https:\/\/www.hydraulic-cylinders.net\/hu\/wp-json\/wp\/v2\/product"}],"about":[{"href":"https:\/\/www.hydraulic-cylinders.net\/hu\/wp-json\/wp\/v2\/types\/product"}],"replies":[{"embeddable":true,"href":"https:\/\/www.hydraulic-cylinders.net\/hu\/wp-json\/wp\/v2\/comments?post=16070"}],"wp:featuredmedia":[{"embeddable":true,"href":"https:\/\/www.hydraulic-cylinders.net\/hu\/wp-json\/wp\/v2\/media\/14766"}],"wp:attachment":[{"href":"https:\/\/www.hydraulic-cylinders.net\/hu\/wp-json\/wp\/v2\/media?parent=16070"}],"wp:term":[{"taxonomy":"product_brand","embeddable":true,"href":"https:\/\/www.hydraulic-cylinders.net\/hu\/wp-json\/wp\/v2\/product_brand?post=16070"},{"taxonomy":"product_cat","embeddable":true,"href":"https:\/\/www.hydraulic-cylinders.net\/hu\/wp-json\/wp\/v2\/product_cat?post=16070"},{"taxonomy":"product_tag","embeddable":true,"href":"https:\/\/www.hydraulic-cylinders.net\/hu\/wp-json\/wp\/v2\/product_tag?post=16070"}],"curies":[{"name":"munkaf\u00fczet","href":"https:\/\/api.w.org\/{rel}","templated":true}]}}