{"id":16072,"date":"2025-01-20T08:26:32","date_gmt":"2025-01-20T08:26:32","guid":{"rendered":"https:\/\/www.hydraulic-cylinders.net\/product\/arm-cylinderfor-komatsu-large-excavator-pc300-3-5-6-7-8\/"},"modified":"2025-01-20T08:26:34","modified_gmt":"2025-01-20T08:26:34","slug":"arm-cylinderfor-komatsu-large-excavator-pc300-3-5-6-7-8","status":"publish","type":"product","link":"https:\/\/www.hydraulic-cylinders.net\/hu\/termek\/arm-cylinderfor-komatsu-large-excavator-pc300-3-5-6-7-8\/","title":{"rendered":"Karhenger Komatsu nagy kotr\u00f3g\u00e9phez PC300-3-5-6-7-8"},"content":{"rendered":"<div>\n<h2>Bevezet\u00e9s<\/h2>\n<p>A Komatsu PC300-3-5-6-7-8 nagym\u00e9ret\u0171 kotr\u00f3g\u00e9p karhengere egy hidraulikus henger, amelyet kifejezetten arra terveztek, hogy line\u00e1ris mozg\u00e1st \u00e9s teljes\u00edtm\u00e9nyt biztos\u00edtson k\u00fcl\u00f6nf\u00e9le g\u00e9pek, p\u00e9ld\u00e1ul kotr\u00f3g\u00e9pek, daruk \u00e9s mechanikus karok karjai sz\u00e1m\u00e1ra. A karhenger kulcsszerepet j\u00e1tszik a hidraulikus rendszerekben, lehet\u0151v\u00e9 t\u00e9ve a tartoz\u00e9kok vagy tartoz\u00e9kok hat\u00e9kony mozg\u00e1s\u00e1t \u00e9s vez\u00e9rl\u00e9s\u00e9t. Ezek a hengerek nemcsak a sima mozg\u00e1st biztos\u00edtj\u00e1k, hanem k\u00e9pesek ellen\u00e1llni a nagy terhel\u00e9seknek is, biztos\u00edtva a g\u00e9p nagy hat\u00e9konys\u00e1g\u00e1t \u00e9s megb\u00edzhat\u00f3s\u00e1g\u00e1t k\u00fcl\u00f6nb\u00f6z\u0151 munkak\u00f6r\u00fclm\u00e9nyek k\u00f6z\u00f6tt.<\/p>\n<p>    <img decoding=\"async\" src=\"https:\/\/www.hydraulic-cylinders.net\/wp-content\/uploads\/2025\/01\/songte-company-2.webp\" alt=\"Karhenger\" \/>\n<\/div>\n<div>\n<h2>Jellemz\u0151k<\/h2>\n<ul>\n<li>\n<h3>Nagy hat\u00e9konys\u00e1g\u00fa \u00e1tvitel<\/h3>\n<p>A karhenger er\u0151teljes line\u00e1ris mozg\u00e1st \u00e9s er\u0151t biztos\u00edt, biztos\u00edtva a mechanikus kar nagy hat\u00e9konys\u00e1g\u00fa teljes\u00edtm\u00e9ny\u00e9t k\u00fcl\u00f6nf\u00e9le m\u0171veletek sor\u00e1n.<\/p>\n<\/li>\n<li>\n<h3>Prec\u00edz vez\u00e9rl\u00e9s<\/h3>\n<p>A hidraulikus rendszeren kereszt\u00fcl a kar munkahengere prec\u00edz mozg\u00e1svez\u00e9rl\u00e9st tesz lehet\u0151v\u00e9, \u00edgy a tartoz\u00e9kok kezel\u00e9se rugalmasabb \u00e9s pontosabb.<\/p>\n<\/li>\n<li>\n<h3>Tart\u00f3ss\u00e1g<\/h3>\n<p>A karhenger jellemz\u0151en nagy szil\u00e1rds\u00e1g\u00fa anyagokb\u00f3l k\u00e9sz\u00fcl, ami kiv\u00e1l\u00f3 kop\u00e1s\u00e1ll\u00f3s\u00e1got \u00e9s korr\u00f3zi\u00f3\u00e1ll\u00f3s\u00e1got biztos\u00edt, \u00edgy alkalmass\u00e1 teszi a hossz\u00fa t\u00e1v\u00fa haszn\u00e1latra zord k\u00f6rnyezetben.<\/p>\n<\/li>\n<li>\n<h3>T\u00f6bbfunkci\u00f3s alkalmazkod\u00f3k\u00e9pess\u00e9g<\/h3>\n<p>Ezek a hengerek sz\u00e9les k\u00f6rben alkalmazhat\u00f3k k\u00fcl\u00f6nf\u00e9le g\u00e9pekhez, p\u00e9ld\u00e1ul kotr\u00f3g\u00e9pekhez, darukhoz \u00e9s mechanikus karokhoz, hogy megfeleljenek a k\u00fcl\u00f6nb\u00f6z\u0151 munkak\u00f6vetelm\u00e9nyeknek.<\/p>\n<\/li>\n<li>\n<h3>K\u00f6nny\u0171 karbantart\u00e1s<\/h3>\n<p>A karbantart\u00e1st \u00e9s cser\u00e9t szem el\u0151tt tartva tervezett karhengerek k\u00e9nyelmesebb\u00e9 teszik a rendszeres ellen\u0151rz\u00e9st \u00e9s karbantart\u00e1st, cs\u00f6kkentve a berendez\u00e9sek \u00e1ll\u00e1sidej\u00e9t.<\/p>\n<\/li>\n<\/ul>\n<p>    <img decoding=\"async\" src=\"https:\/\/www.hydraulic-cylinders.net\/wp-content\/uploads\/2025\/01\/songte-oil-pipes-and-spare-parts.webp\" alt=\"Karhenger alkatr\u00e9szek\" \/>\n<\/div>\n<div>\n<h2>Alkalmaz\u00e1sok<\/h2>\n<p>A karhenger sz\u00e1mos ipar\u00e1gban alkalmazhat\u00f3:<\/p>\n<ul>\n<li>\n<h3>\u00c9p\u00edt\u0151m\u00e9rn\u00f6ki<\/h3>\n<p>Kotr\u00f3g\u00e9pekn\u00e9l \u00e9s darukn\u00e1l a karhenger vez\u00e9rli a v\u00f6dr\u00f6k vagy g\u00e9mek mozg\u00e1s\u00e1t f\u00f6ldmunk\u00e1kn\u00e1l, anyagmozgat\u00e1sn\u00e1l \u00e9s szerkezeti telep\u00edt\u00e9sekn\u00e9l.<\/p>\n<\/li>\n<li>\n<h3>Gy\u00e1rt\u00e1s<\/h3>\n<p>Az automatiz\u00e1lt gy\u00e1rt\u00f3sorokon a karhengert mechanikus karok mozgat\u00e1s\u00e1ra haszn\u00e1lj\u00e1k olyan folyamatokban, mint az \u00f6sszeszerel\u00e9s, a hegeszt\u00e9s \u00e9s az anyagmozgat\u00e1s, jav\u00edtva a termel\u00e9si hat\u00e9konys\u00e1got \u00e9s a pontoss\u00e1got.<\/p>\n<\/li>\n<li>\n<h3>Mez\u0151gazdas\u00e1gi g\u00e9pek<\/h3>\n<p>A mez\u0151gazdas\u00e1gi g\u00e9pekben, p\u00e9ld\u00e1ul a betakar\u00edt\u00f3g\u00e9pekben \u00e9s a vet\u0151g\u00e9pekben a karhenger vez\u00e9rli a m\u0171k\u00f6dtet\u0151 karok mozg\u00e1s\u00e1t olyan feladatokhoz, mint a vet\u00e9s, a m\u0171tr\u00e1gy\u00e1z\u00e1s \u00e9s a betakar\u00edt\u00e1s.<\/p>\n<\/li>\n<li>\n<h3>B\u00e1ny\u00e1szati<\/h3>\n<p>B\u00e1ny\u00e1szati \u200b\u200bberendez\u00e9sekben a karhenger vez\u00e9rli a kar mozg\u00e1s\u00e1t b\u00e1ny\u00e1szat \u00e9s anyagmozgat\u00e1s k\u00f6zben.<\/p>\n<\/li>\n<li>\n<h3>Logisztika \u00e9s sz\u00e1ll\u00edtm\u00e1nyoz\u00e1s<\/h3>\n<p>A targonc\u00e1kban \u00e9s anyagmozgat\u00f3 robotokban a karhenger vez\u00e9rli a vill\u00e1k emel\u00e9s\u00e9t \u00e9s mozg\u00e1s\u00e1t, lehet\u0151v\u00e9 t\u00e9ve az anyagmozgat\u00e1st \u00e9s a rakod\u00e1st.<\/p>\n<\/li>\n<\/ul>\n<\/div>\n<div>\n<h2>Tervez\u00e9si szempontok \u00e9s kiv\u00e1laszt\u00e1si szabv\u00e1nyok<\/h2>\n<p>A hengerfej kialak\u00edt\u00e1s\u00e1n\u00e1l \u00e9s kiv\u00e1laszt\u00e1s\u00e1n\u00e1l sz\u00e1mos t\u00e9nyez\u0151t kell figyelembe venni:<\/p>\n<ul>\n<li>\n<h3>Teherb\u00edr\u00e1s<\/h3>\n<p>A karhengert \u00fagy kell kialak\u00edtani, hogy ellen\u00e1lljon a sz\u00fcks\u00e9ges teherb\u00edr\u00e1snak a biztons\u00e1gos \u00e9s hat\u00e9kony m\u0171k\u00f6d\u00e9s biztos\u00edt\u00e1sa \u00e9rdek\u00e9ben.<\/p>\n<\/li>\n<li>\n<h3>T\u00f6m\u00edt\u00e9s<\/h3>\n<p>A megfelel\u0151 t\u00f6m\u00edt\u00e9s fenntart\u00e1sa \u00e9rdek\u00e9ben k\u00fcl\u00f6nf\u00e9le t\u00f6m\u00edt\u0151elemeket, p\u00e9ld\u00e1ul dugatty\u00fat\u00f6m\u00edt\u00e9seket \u00e9s r\u00fadt\u00f6m\u00edt\u00e9seket kell haszn\u00e1lni. Ezek a t\u00f6m\u00edt\u00e9sek tart\u00f3s anyagokb\u00f3l, p\u00e9ld\u00e1ul poliuret\u00e1nb\u00f3l \u00e9s nitrilgumib\u00f3l k\u00e9sz\u00fclnek, hogy ellen\u00e1lljanak a kop\u00e1snak \u00e9s a szakad\u00e1snak.<\/p>\n<\/li>\n<li>\n<h3>Tart\u00f3ss\u00e1g<\/h3>\n<p>A karhengert kiv\u00e1l\u00f3 min\u0151s\u00e9g\u0171 anyagokb\u00f3l kell gy\u00e1rtani, \u00e9s prec\u00edz fel\u00fcletkezel\u00e9sen kell \u00e1tesnie a tart\u00f3ss\u00e1g \u00e9s a kop\u00e1s\u00e1ll\u00f3s\u00e1g fokoz\u00e1sa \u00e9rdek\u00e9ben.<\/p>\n<\/li>\n<li>\n<h3>Biztons\u00e1g<\/h3>\n<p>A tervez\u00e9snek tartalmaznia kell biztons\u00e1gi funkci\u00f3kat a balesetek megel\u0151z\u00e9se \u00e9s a g\u00e9pek biztons\u00e1gos \u00fczemeltet\u00e9se \u00e9rdek\u00e9ben.<\/p>\n<\/li>\n<li>\n<h3>Karbantarthat\u00f3s\u00e1g<\/h3>\n<p>A karhengert \u00fagy kell megtervezni, hogy k\u00f6nnyen karbantarthat\u00f3 \u00e9s cser\u00e9lhet\u0151 legyen, cs\u00f6kkentve az \u00e1ll\u00e1sid\u0151t \u00e9s n\u00f6velve a termel\u00e9kenys\u00e9get.<\/p>\n<\/li>\n<\/ul>\n<p>    <img decoding=\"async\" src=\"https:\/\/www.hydraulic-cylinders.net\/wp-content\/uploads\/2025\/01\/songte-cylinder-head-with-all-kinds-excavator-models.webp\" alt=\"Karhenger kialak\u00edt\u00e1sa\" \/>\n<\/div>\n<div>\n<h2>T\u00f6m\u00edt\u00e9s \u00e9s ken\u00e9s<\/h2>\n<p>A karhenger k\u00fcl\u00f6nf\u00e9le t\u00f6m\u00edt\u0151elemeket haszn\u00e1l, p\u00e9ld\u00e1ul dugatty\u00fat\u00f6m\u00edt\u00e9seket \u00e9s r\u00fadt\u00f6m\u00edt\u00e9seket, amelyek kop\u00e1s\u00e1ll\u00f3 anyagokb\u00f3l, p\u00e9ld\u00e1ul poliuret\u00e1nb\u00f3l \u00e9s nitrilgumib\u00f3l k\u00e9sz\u00fclnek. A hengertest \u00e9s a menetes v\u00e9gek finomkezel\u00e9s\u0171ek a kop\u00e1s\u00e1ll\u00f3s\u00e1g jav\u00edt\u00e1sa \u00e9rdek\u00e9ben. A z\u00f6kken\u0151mentes m\u0171k\u00f6d\u00e9s biztos\u00edt\u00e1s\u00e1hoz rendszeres ken\u00e9s sz\u00fcks\u00e9ges a megfelel\u0151 mennyis\u00e9g\u0171 hidraulikaolajjal.<\/p>\n<p>    <img decoding=\"async\" src=\"https:\/\/www.hydraulic-cylinders.net\/wp-content\/uploads\/2025\/01\/songte-chushion-collar.webp\" alt=\"T\u00f6m\u00edt\u00e9sek \u00e9s ken\u00e9s\" \/>\n<\/div>\n<div>\n<h2>Rendszeres ellen\u0151rz\u00e9s \u00e9s megel\u0151z\u0151 karbantart\u00e1s<\/h2>\n<ul>\n<li>Rendszeresen ellen\u0151rizze a karhengert kop\u00e1s vagy s\u00e9r\u00fcl\u00e9s jelei szempontj\u00e1b\u00f3l.<\/li>\n<li>Ellen\u0151rizze a t\u00f6m\u00edt\u0151 alkatr\u00e9szeket, \u00e9s sz\u00fcks\u00e9g eset\u00e9n cser\u00e9lje ki azokat.<\/li>\n<li>Gondoskodjon a megfelel\u0151 ken\u00e9sr\u0151l, \u00e9s sz\u00fcks\u00e9g eset\u00e9n t\u00f6ltse fel hidraulikaolajjal.<\/li>\n<li>Ellen\u0151rizd \u00e9s tartsd karban a karhengerhez csatlakoztatott egy\u00e9b alkatr\u00e9szeket.<\/li>\n<li>K\u00f6vesse a gy\u00e1rt\u00f3 \u00e1ltal aj\u00e1nlott karbantart\u00e1si \u00fctemtervet.<\/li>\n<\/ul>\n<\/div>\n<div>\n<h2>Term\u00e9ktelep\u00edt\u00e9si \u00fatmutat\u00f3<\/h2>\n<p>A hengerfej megfelel\u0151 beszerel\u00e9s\u00e9hez k\u00f6vesse az al\u00e1bbi l\u00e9p\u00e9seket:<\/p>\n<ol>\n<li>K\u00e9sz\u00edtse el\u0151 a sz\u00fcks\u00e9ges eszk\u00f6z\u00f6ket \u00e9s felszerel\u00e9seket.<\/li>\n<li>\u00d3vatosan t\u00e1vol\u00edtsa el a megl\u00e9v\u0151 hengert, ha van ilyen.<\/li>\n<li>Szerelje be az \u00faj karhengert a megfelel\u0151 helyzetbe, a r\u00f6gz\u00edt\u00e9si pontokat egy vonalba hozva.<\/li>\n<li>A stabil csatlakoz\u00e1s biztos\u00edt\u00e1sa \u00e9rdek\u00e9ben h\u00fazza meg biztons\u00e1gosan a csavarokat.<\/li>\n<li>A telep\u00edt\u00e9s ut\u00e1n ellen\u0151rizze, hogy nincs-e sziv\u00e1rg\u00e1s vagy rendellenes mozg\u00e1s.<\/li>\n<\/ol>\n<p>    <img decoding=\"async\" src=\"https:\/\/www.hydraulic-cylinders.net\/wp-content\/uploads\/2025\/01\/songte-bushings-with-all-kinds-of-excavator-models.webp\" alt=\"Telep\u00edt\u00e9si \u00fatmutat\u00f3\" \/>\n<\/div>\n<div>\n<h2>Biztons\u00e1gi szempontok \u00e9s k\u00f6rnyezeti t\u00e9nyez\u0151k<\/h2>\n<p>A karhenger haszn\u00e1latakor fontos a biztons\u00e1gi int\u00e9zked\u00e9sek betart\u00e1sa a balesetek megel\u0151z\u00e9se, valamint a kezel\u0151k \u00e9s m\u00e1sok j\u00f3l\u00e9t\u00e9nek biztos\u00edt\u00e1sa \u00e9rdek\u00e9ben. Megfelel\u0151 biztons\u00e1gi felszerel\u00e9st \u00e9s k\u00e9pz\u00e9st kell biztos\u00edtani. Ezenk\u00edv\u00fcl a karhenger optim\u00e1lis teljes\u00edtm\u00e9ny\u00e9nek biztos\u00edt\u00e1sa \u00e9rdek\u00e9ben figyelembe kell venni a k\u00f6rnyezeti t\u00e9nyez\u0151ket, p\u00e9ld\u00e1ul a h\u0151m\u00e9rs\u00e9kletet \u00e9s a p\u00e1ratartalmat.<\/p>\n<\/div>\n<div>\n<h2>Hibaelh\u00e1r\u00edt\u00e1s \u00e9s gyakori probl\u00e9m\u00e1k<\/h2>\n<p>A karhengerrel kapcsolatban felmer\u00fcl\u0151 gyakori probl\u00e9m\u00e1k:<\/p>\n<ul>\n<li>Sziv\u00e1rg\u00f3 hidraulikafolyad\u00e9k<\/li>\n<li>Rendellenes zajok m\u0171k\u00f6d\u00e9s k\u00f6zben<\/li>\n<li>Lass\u00fa vagy nem reag\u00e1l\u00f3 mozg\u00e1s<\/li>\n<li>Inkonzisztens nyom\u00e1s<\/li>\n<li>Egyenetlen kop\u00e1s a t\u00f6m\u00edt\u0151 alkatr\u00e9szeken<\/li>\n<\/ul>\n<p>A probl\u00e9m\u00e1k elh\u00e1r\u00edt\u00e1s\u00e1hoz k\u00f6vesse az al\u00e1bbi tippeket:<\/p>\n<ul>\n<li>Vizsg\u00e1lja meg a hengert l\u00e1that\u00f3 sziv\u00e1rg\u00e1sok szempontj\u00e1b\u00f3l, \u00e9s jav\u00edtsa meg vagy cser\u00e9lje ki a s\u00e9r\u00fclt t\u00f6m\u00edt\u00e9seket.<\/li>\n<li>Ellen\u0151rizze a hidraulikafolyad\u00e9k szintj\u00e9t, \u00e9s sz\u00fcks\u00e9g eset\u00e9n t\u00f6ltse fel.<\/li>\n<li>Vizsg\u00e1lja meg a hidraulikus vezet\u00e9keket, szerelv\u00e9nyeket \u00e9s szelepeket s\u00e9r\u00fcl\u00e9sek vagy dugul\u00e1sok szempontj\u00e1b\u00f3l.<\/li>\n<li>Ellen\u0151rizze a nyom\u00e1sbe\u00e1ll\u00edt\u00e1sokat, \u00e9s sz\u00fcks\u00e9g eset\u00e9n \u00e1ll\u00edtsa be azokat.<\/li>\n<li>Rendszeresen tiszt\u00edtsa \u00e9s kenje meg a<br \/>","protected":false},"excerpt":{"rendered":"<p>Introduction The Arm Cylinder for Komatsu Large Excavator PC300-3-5-6-7-8 is a hydraulic cylinder designed specifically to provide linear motion and power for the arm of various types of machinery, such as excavators, cranes, and mechanical arms. The arm cylinder plays a crucial role in hydraulic systems, enabling the efficient movement and control of attachments or [&hellip;]<\/p>","protected":false},"featured_media":14759,"comment_status":"open","ping_status":"closed","template":"","meta":{"_et_pb_use_builder":"","_et_pb_old_content":"","_et_gb_content_width":""},"product_brand":[],"product_cat":[1497],"product_tag":[1498,1496],"class_list":{"0":"post-16072","1":"product","2":"type-product","3":"status-publish","4":"has-post-thumbnail","6":"product_cat-arm-cylinders","7":"product_tag-arm-cylinders","8":"product_tag-hydraulic-cylinders","10":"first","11":"instock","12":"shipping-taxable","13":"product-type-simple"},"amp_enabled":true,"_links":{"self":[{"href":"https:\/\/www.hydraulic-cylinders.net\/hu\/wp-json\/wp\/v2\/product\/16072","targetHints":{"allow":["GET"]}}],"collection":[{"href":"https:\/\/www.hydraulic-cylinders.net\/hu\/wp-json\/wp\/v2\/product"}],"about":[{"href":"https:\/\/www.hydraulic-cylinders.net\/hu\/wp-json\/wp\/v2\/types\/product"}],"replies":[{"embeddable":true,"href":"https:\/\/www.hydraulic-cylinders.net\/hu\/wp-json\/wp\/v2\/comments?post=16072"}],"wp:featuredmedia":[{"embeddable":true,"href":"https:\/\/www.hydraulic-cylinders.net\/hu\/wp-json\/wp\/v2\/media\/14759"}],"wp:attachment":[{"href":"https:\/\/www.hydraulic-cylinders.net\/hu\/wp-json\/wp\/v2\/media?parent=16072"}],"wp:term":[{"taxonomy":"product_brand","embeddable":true,"href":"https:\/\/www.hydraulic-cylinders.net\/hu\/wp-json\/wp\/v2\/product_brand?post=16072"},{"taxonomy":"product_cat","embeddable":true,"href":"https:\/\/www.hydraulic-cylinders.net\/hu\/wp-json\/wp\/v2\/product_cat?post=16072"},{"taxonomy":"product_tag","embeddable":true,"href":"https:\/\/www.hydraulic-cylinders.net\/hu\/wp-json\/wp\/v2\/product_tag?post=16072"}],"curies":[{"name":"munkaf\u00fczet","href":"https:\/\/api.w.org\/{rel}","templated":true}]}}