{"id":16075,"date":"2025-01-20T08:26:45","date_gmt":"2025-01-20T08:26:45","guid":{"rendered":"https:\/\/www.hydraulic-cylinders.net\/product\/arm-cylinderfor-komatsu-large-excavator-pc850se-8\/"},"modified":"2025-01-20T08:26:47","modified_gmt":"2025-01-20T08:26:47","slug":"arm-cylinderfor-komatsu-large-excavator-pc850se-8","status":"publish","type":"product","link":"https:\/\/www.hydraulic-cylinders.net\/hu\/termek\/arm-cylinderfor-komatsu-large-excavator-pc850se-8\/","title":{"rendered":"Karhenger Komatsu nagy kotr\u00f3g\u00e9phez PC850SE-8"},"content":{"rendered":"<h1>Karhenger Komatsu nagy kotr\u00f3g\u00e9phez PC850SE-8<\/h1>\n<h2>Term\u00e9kdefin\u00edci\u00f3<\/h2>\n<h3>Mi az a karhenger?<\/h3>\n<p>A karhenger egy speci\u00e1lisan tervezett hidraulikus henger, amely line\u00e1ris mozg\u00e1st \u00e9s er\u0151t biztos\u00edt k\u00fcl\u00f6nf\u00e9le g\u00e9pek, p\u00e9ld\u00e1ul kotr\u00f3g\u00e9pek, daruk \u00e9s robotkarok karjainak. Kulcsfontoss\u00e1g\u00fa szerepet j\u00e1tszik a hidraulikus rendszerben, lehet\u0151v\u00e9 t\u00e9ve a tartoz\u00e9kok vagy tartoz\u00e9kok sima \u00e9s hat\u00e9kony mozg\u00e1s\u00e1t \u00e9s m\u0171k\u00f6d\u00e9s\u00e9t. Ezek a hengerek nemcsak sima mozg\u00e1st biztos\u00edtanak, hanem nagy terhel\u00e9seket is elviselnek, biztos\u00edtva a g\u00e9pek hat\u00e9kony m\u0171k\u00f6d\u00e9s\u00e9t \u00e9s megb\u00edzhat\u00f3s\u00e1g\u00e1t k\u00fcl\u00f6nb\u00f6z\u0151 munkak\u00f6r\u00fclm\u00e9nyek k\u00f6z\u00f6tt.<\/p>\n<p><img decoding=\"async\" src=\"https:\/\/www.hydraulic-cylinders.net\/wp-content\/uploads\/2025\/01\/songte-company-2.webp\" alt=\"Karhenger k\u00e9pe\"><\/p>\n<h2>Term\u00e9kjellemz\u0151k<\/h2>\n<h3>F\u0151bb jellemz\u0151k<\/h3>\n<ul>\n<li>Nagy hat\u00e9konys\u00e1g\u00fa er\u0151\u00e1tvitel: A karhenger er\u0151teljes line\u00e1ris mozg\u00e1st \u00e9s er\u0151t biztos\u00edt a mechanikus kar hat\u00e9kony teljes\u00edtm\u00e9ny\u00e9nek biztos\u00edt\u00e1sa \u00e9rdek\u00e9ben k\u00fcl\u00f6nb\u00f6z\u0151 m\u0171veletek sor\u00e1n.<\/li>\n<li>Prec\u00edz vez\u00e9rl\u00e9s: A karhenger a hidraulikus rendszeren kereszt\u00fcl prec\u00edz mozg\u00e1svez\u00e9rl\u00e9st tesz lehet\u0151v\u00e9, \u00edgy a tartoz\u00e9kok m\u0171k\u00f6dtet\u00e9se rugalmasabb \u00e9s pontosabb.<\/li>\n<li>Er\u0151s tart\u00f3ss\u00e1g: A karhengerek \u00e1ltal\u00e1ban nagy szil\u00e1rds\u00e1g\u00fa anyagokb\u00f3l k\u00e9sz\u00fclnek, j\u00f3 kop\u00e1s- \u00e9s korr\u00f3zi\u00f3\u00e1ll\u00f3s\u00e1ggal rendelkeznek, \u00e9s alkalmasak hossz\u00fa t\u00e1v\u00fa haszn\u00e1latra zord k\u00f6rnyezetben.<\/li>\n<li>T\u00f6bbfunkci\u00f3s alkalmazkod\u00f3k\u00e9pess\u00e9g: Ezek a hengerek sz\u00e9les k\u00f6rben alkalmazhat\u00f3k k\u00fcl\u00f6nf\u00e9le mechanikus berendez\u00e9sekben, p\u00e9ld\u00e1ul kotr\u00f3g\u00e9pekben, darukban \u00e9s robotkarokban, hogy alkalmazkodjanak a k\u00fcl\u00f6nb\u00f6z\u0151 munkaig\u00e9nyekhez.<\/li>\n<li>K\u00f6nny\u0171 karbantart\u00e1s: A kialak\u00edt\u00e1s a k\u00f6nny\u0171 karbantart\u00e1st \u00e9s cser\u00e9t szem el\u0151tt tartva k\u00e9sz\u00fclt, \u00edgy a rendszeres ellen\u0151rz\u00e9s \u00e9s karbantart\u00e1s k\u00e9nyelmesebb, \u00e9s cs\u00f6kken a berendez\u00e9sek \u00e1ll\u00e1sideje.<\/li>\n<\/ul>\n<h3>Term\u00e9kcsere<\/h3>\n<p>Ezt a term\u00e9ket gy\u00e1rtani tudjuk, \u00e9s term\u00e9k\u00fcnk t\u00f6k\u00e9letesen helyettes\u00edtheti ezeket a hidraulikus hengereket.<\/p>\n<p><img decoding=\"async\" src=\"https:\/\/www.hydraulic-cylinders.net\/wp-content\/uploads\/2025\/01\/songte-oil-pipes-and-spare-parts.webp\" alt=\"Term\u00e9kcsere k\u00e9p\"><\/p>\n<h2>Alkalmaz\u00e1si forgat\u00f3k\u00f6nyvek<\/h2>\n<h3>\u00c9p\u00edt\u00e9s \u00e9s kivitelez\u00e9s<\/h3>\n<p>Kotr\u00f3g\u00e9pekben \u00e9s darukban a karhengereket a v\u00f6dr\u00f6k vagy g\u00e9mek mozg\u00e1s\u00e1nak vez\u00e9rl\u00e9s\u00e9re haszn\u00e1lj\u00e1k f\u00f6ldmozgat\u00e1shoz, anyagmozgat\u00e1shoz \u00e9s szerkezeti telep\u00edt\u00e9shez.<\/p>\n<h3>Gy\u00e1rt\u00e1s<\/h3>\n<p>Az automatiz\u00e1lt gy\u00e1rt\u00f3sorokon a karhengereket robotkarok mozgat\u00e1s\u00e1ra haszn\u00e1lj\u00e1k \u00f6sszeszerel\u00e9shez, hegeszt\u00e9shez \u00e9s anyagmozgat\u00e1shoz, jav\u00edtva a termel\u00e9si hat\u00e9konys\u00e1got \u00e9s a pontoss\u00e1got.<\/p>\n<h3>Mez\u0151gazdas\u00e1gi g\u00e9pek<\/h3>\n<p>A mez\u0151gazdas\u00e1gi g\u00e9pekben, p\u00e9ld\u00e1ul a betakar\u00edt\u00f3g\u00e9pekben \u00e9s a vet\u0151g\u00e9pekben, a karhengerek vez\u00e9rlik a m\u0171k\u00f6dtet\u0151 karok mozg\u00e1s\u00e1t, olyan feladatokat l\u00e1tva el, mint a vet\u00e9s, a tr\u00e1gy\u00e1z\u00e1s \u00e9s a betakar\u00edt\u00e1s.<\/p>\n<h3>B\u00e1ny\u00e1szati<\/h3>\n<p>A b\u00e1ny\u00e1szati \u200b\u200bberendez\u00e9sekben a karhengereket a b\u00e1ny\u00e1szati \u200b\u200bberendez\u00e9sek, p\u00e9ld\u00e1ul az \u00e9rcb\u00e1ny\u00e1szat \u00e9s -kezel\u00e9s karmozg\u00e1sainak vez\u00e9rl\u00e9s\u00e9re haszn\u00e1lj\u00e1k.<\/p>\n<h3>Logisztika \u00e9s sz\u00e1ll\u00edtm\u00e1nyoz\u00e1s<\/h3>\n<p>A targonc\u00e1kban \u00e9s anyagmozgat\u00f3 robotokban a karhengereket a villapeng\u00e9k emel\u00e9s\u00e9nek \u00e9s mozg\u00e1s\u00e1nak vez\u00e9rl\u00e9s\u00e9re haszn\u00e1lj\u00e1k, megval\u00f3s\u00edtva az anyagok kezel\u00e9s\u00e9t \u00e9s egym\u00e1sra rak\u00e1s\u00e1t.<\/p>\n<h2>Term\u00e9ktervez\u00e9si szempontok \u00e9s kiv\u00e1laszt\u00e1si krit\u00e9riumok<\/h2>\n<h3>Teherb\u00edr\u00e1s<\/h3>\n<p>A karhenger teherb\u00edr\u00e1s\u00e1nak k\u00e9pesnek kell lennie ellen\u00e1llni a g\u00e9p maxim\u00e1lis terhel\u00e9s\u00e9nek \u00fczem k\u00f6zben, hogy biztos\u00edtsa a berendez\u00e9s biztons\u00e1g\u00e1t \u00e9s hat\u00e9konys\u00e1g\u00e1t.<\/p>\n<h3>T\u00f6m\u00edt\u00e9s<\/h3>\n<p>K\u00fcl\u00f6nb\u00f6z\u0151 t\u00f6m\u00edt\u0151elemeket, p\u00e9ld\u00e1ul dugatty\u00fat\u00f6m\u00edt\u00e9seket \u00e9s r\u00fadt\u00f6m\u00edt\u00e9seket haszn\u00e1lnak a hidraulikafolyad\u00e9k sziv\u00e1rg\u00e1s\u00e1nak megakad\u00e1lyoz\u00e1s\u00e1ra \u00e9s a henger norm\u00e1l m\u0171k\u00f6d\u00e9s\u00e9nek biztos\u00edt\u00e1s\u00e1ra. Ezeknek a t\u00f6m\u00edt\u00e9seknek kop\u00e1s\u00e1ll\u00f3 anyagokb\u00f3l, p\u00e9ld\u00e1ul poliuret\u00e1nb\u00f3l \u00e9s nitrilgumib\u00f3l kell k\u00e9sz\u00fclni\u00fck.<\/p>\n<h3>Tart\u00f3ss\u00e1g<\/h3>\n<p>A karos munkahengerek gyakran ki vannak t\u00e9ve zord k\u00f6rnyezeti hat\u00e1soknak, p\u00e9ld\u00e1ul pornak, nedvess\u00e9gnek \u00e9s korroz\u00edv anyagoknak. Ez\u00e9rt a hengertestet \u00e9s a menetes v\u00e9gfel\u00fcletet finoman meg kell munk\u00e1lni a kop\u00e1s\u00e1ll\u00f3s\u00e1g jav\u00edt\u00e1sa \u00e9rdek\u00e9ben.<\/p>\n<h3>Biztons\u00e1g \u00e9s karbantart\u00e1s<\/h3>\n<p>A karos munkahenger kiv\u00e1laszt\u00e1sakor fontos a balesetek elker\u00fcl\u00e9se \u00e9rdek\u00e9ben megb\u00edzhat\u00f3 biztons\u00e1gi eszk\u00f6z biztos\u00edt\u00e1sa. A munkahenger egyszer\u0171 karbantart\u00e1sa \u00e9s cser\u00e9je cs\u00f6kkentheti az \u00e1ll\u00e1sid\u0151t \u00e9s jav\u00edthatja a hat\u00e9konys\u00e1got.<\/p>\n<p><img decoding=\"async\" src=\"https:\/\/www.hydraulic-cylinders.net\/wp-content\/uploads\/2025\/01\/songte-cylinder-head-with-all-kinds-excavator-models.webp\" alt=\"Term\u00e9ktervez\u00e9si k\u00e9p\"><\/p>\n<h2>T\u00f6m\u00edt\u00e9s \u00e9s ken\u00e9s<\/h2>\n<p>K\u00fcl\u00f6nb\u00f6z\u0151 t\u00f6m\u00edt\u0151elemeket, p\u00e9ld\u00e1ul dugatty\u00fat\u00f6m\u00edt\u00e9seket \u00e9s r\u00fadt\u00f6m\u00edt\u00e9seket haszn\u00e1lnak a hidraulikafolyad\u00e9k sziv\u00e1rg\u00e1s\u00e1nak megakad\u00e1lyoz\u00e1s\u00e1ra \u00e9s a henger norm\u00e1l m\u0171k\u00f6d\u00e9s\u00e9nek biztos\u00edt\u00e1s\u00e1ra. A hengertestet \u00e9s a menetes v\u00e9gfel\u00fcletet finoman meg kell munk\u00e1lni a kop\u00e1s\u00e1ll\u00f3s\u00e1g jav\u00edt\u00e1sa \u00e9rdek\u00e9ben. A ken\u00e9shez rendszeresen megfelel\u0151 mennyis\u00e9g\u0171 hidraulikaolajat kell hozz\u00e1adni.<\/p>\n<h2>Rendszeres ellen\u0151rz\u00e9s \u00e9s megel\u0151z\u0151 karbantart\u00e1s<\/h2>\n<h3>Ellen\u0151rz\u00e9s<\/h3>\n<p>Regular inspection of the arm cylinder is necessary to prevent unexpected failures that could lead to equipment downtime. Inspections should include checking the cylinder&#8217;s seals, threaded end surfaces, and wear and tear on the cylinder body.<\/p>\n<h3>Megel\u0151z\u0151 karbantart\u00e1s<\/h3>\n<p>A megel\u0151z\u0151 karbantart\u00e1si int\u00e9zked\u00e9sek k\u00f6z\u00e9 tartozik a karhenger rendszeres tiszt\u00edt\u00e1sa, a hidraulikaolaj \u00e9s a t\u00f6m\u00edt\u00e9sek cser\u00e9je sz\u00fcks\u00e9g eset\u00e9n, valamint a henger cser\u00e9je, ha jelent\u0151s kop\u00e1st \u00e9szlelnek.<\/p>\n<p><img decoding=\"async\" src=\"https:\/\/www.hydraulic-cylinders.net\/wp-content\/uploads\/2025\/01\/songte-chushion-collar.webp\" alt=\"Karbantart\u00e1si k\u00e9p\"><\/p>\n<h2>Term\u00e9ktelep\u00edt\u00e9si \u00fatmutat\u00f3<\/h2>\n<h3>Telep\u00edt\u00e9s el\u0151tti<\/h3>\n<p>Telep\u00edt\u00e9s el\u0151tt ellen\u0151rizze, hogy a henger specifik\u00e1ci\u00f3i megfelelnek-e a g\u00e9p k\u00f6vetelm\u00e9nyeinek, \u00e9s vizsg\u00e1lja meg a henger \u00e9s a g\u00e9p menetes v\u00e9gfel\u00fcleteit, hogy tiszt\u00e1k \u00e9s sorjamentesek-e.<\/p>\n<h3>Telep\u00edt\u00e9s<\/h3>\n<p>A telep\u00edt\u00e9s sor\u00e1n \u00fcgyeljen a henger \u00e9s a g\u00e9p be\u00e1ll\u00edt\u00e1s\u00e1ra, \u00e9s gy\u0151z\u0151dj\u00f6n meg arr\u00f3l, hogy a t\u00f6m\u00edt\u00e9s \u00e9s a szelep megfelel\u0151en van-e felszerelve. H\u00fazza meg a csavarokat a megadott nyomat\u00e9kkal.<\/p>\n<h3>Telep\u00edt\u00e9s ut\u00e1ni<\/h3>\n<p>A telep\u00edt\u00e9s ut\u00e1n ellen\u0151rizze a sziv\u00e1rg\u00e1st, \u00e9s gy\u0151z\u0151dj\u00f6n meg arr\u00f3l, hogy a henger norm\u00e1lisan m\u0171k\u00f6dik.<\/p>\n<p><img decoding=\"async\" src=\"https:\/\/www.hydraulic-cylinders.net\/wp-content\/uploads\/2025\/01\/songte-bushings-with-all-kinds-of-excavator-models.webp\" alt=\"Telep\u00edt\u00e9si \u00fatmutat\u00f3 k\u00e9pe\"><\/p>\n<h2>Term\u00e9kbiztons\u00e1gi \u00e9s k\u00f6rnyezetv\u00e9delmi szempontok<\/h2>\n<p>Karhengerek haszn\u00e1lata eset\u00e9n biztons\u00e1gi berendez\u00e9seket, p\u00e9ld\u00e1ul hat\u00e1rol\u00f3kat \u00e9s biztons\u00e1gi szelepeket kell felszerelni a berendez\u00e9s biztons\u00e1gos m\u0171k\u00f6d\u00e9s\u00e9nek biztos\u00edt\u00e1sa \u00e9s a balesetek elker\u00fcl\u00e9se \u00e9rdek\u00e9ben. A karhengereket megfelel\u0151en kell \u00e1rtalmatlan\u00edtani a k\u00f6rnyezetszennyez\u00e9s elker\u00fcl\u00e9se \u00e9rdek\u00e9ben.<\/p>\n<h2>Hibaelh\u00e1r\u00edt\u00e1s \u00e9s gyakori probl\u00e9m\u00e1k<\/h2>\n<h3>Gyakori probl\u00e9m\u00e1k<\/h3>\n<ul>\n<li>Hidraulikaolaj sziv\u00e1rg\u00e1sa<\/li>\n<li>Rendellenes hengerzaj<\/li>\n<li>Lass\u00fa vagy r\u00e1ngat\u00f3z\u00f3 mozg\u00e1s<\/li>\n<li>Neh\u00e9zs\u00e9g a berendez\u00e9s emel\u00e9s\u00e9ben vagy leenged\u00e9s\u00e9ben<\/li>\n<li>A hengertest vagy a t\u00f6m\u00edt\u00e9sek t\u00falzott kop\u00e1sa vagy s\u00e9r\u00fcl\u00e9se<\/li>\n<\/ul>\n<h3>Hibaelh\u00e1r\u00edt\u00e1s \u00e9s megold\u00e1sok<\/h3>\n<ul>\n<li>Ellen\u0151rizze a laza csavarokat vagy s\u00e9r\u00fclt t\u00f6m\u00edt\u00e9seket, \u00e9s sz\u00fcks\u00e9g eset\u00e9n cser\u00e9lje ki \u0151ket<\/li>\n<li>Ellen\u0151rizze a hengertest s\u00e9r\u00fcl\u00e9seit, \u00e9s sz\u00fcks\u00e9g eset\u00e9n cser\u00e9lje ki<\/li>\n<li>Ellen\u0151rizze a hidraulikaolaj szintj\u00e9t, \u00e9s sz\u00fcks\u00e9g eset\u00e9n cser\u00e9lje ki<\/li>\n<li>Ellen\u0151rizze a dugatty\u00far\u00fad s\u00e9r\u00fcl\u00e9s\u00e9t, \u00e9s sz\u00fcks\u00e9g eset\u00e9n cser\u00e9lje ki<\/li>\n<\/ul>\n<h3>Megel\u0151z\u0151 int\u00e9zked\u00e9sek<\/h3>\n<p>A megel\u0151z\u0151 int\u00e9zked\u00e9sek k\u00f6z\u00e9 tartozik a s\u00e9r\u00fclt t\u00f6m\u00edt\u00e9sek vagy hengertestek rendszeres ellen\u0151rz\u00e9se, tiszt\u00edt\u00e1sa \u00e9s cser\u00e9je. A megfelel\u0151 ken\u00e9s \u00e9s \u00fczemeltet\u00e9s szint\u00e9n seg\u00edthet a probl\u00e9m\u00e1k megel\u0151z\u00e9s\u00e9ben.<\/p>\n<p><img decoding=\"async\" src=\"https:\/\/www.hydraulic-cylinders.net\/wp-content\/uploads\/2025\/01\/songte-company-4.webp\" alt=\"C\u00e9ges im\u00e1zs\"><br \/>\n<img decoding=\"async\" src=\"https:\/\/www.hydraulic-cylinders.net\/wp-content\/uploads\/2025\/01\/songte-company-3.webp\" alt=\"C\u00e9ges im\u00e1zs\"><\/p>\n<h2>R\u00f3lunk<\/h2>\n<p>Professzion\u00e1lis hidraulikus hengergy\u00e1rt\u00f3k\u00e9nt sz\u00e9les term\u00e9kv\u00e1laszt\u00e9kot k\u00edn\u00e1lunk, \u00e9s a hazai \u00e9s k\u00fclf\u00f6ldi piacok egyik vezet\u0151 hidraulikus hengergy\u00e1rt\u00f3j\u00e1v\u00e1 \u00e9s nagykereskedelmi forgalmaz\u00f3j\u00e1v\u00e1 v\u00e1lunk. Mindig a kiv\u00e1l\u00f3 min\u0151s\u00e9g elv\u00e9t k\u00f6vetj\u00fck, a kifinomult gy\u00e1rt\u00f3m\u0171hely iparos\u00edtott termel\u00e9sir\u00e1ny\u00edt\u00e1si strat\u00e9gi\u00e1j\u00e1ra t\u00e1maszkodva folyamatosan fejlesztj\u00fck a m\u0171szaki sz\u00ednvonalat \u00e9s a termel\u00e9si hat\u00e9konys\u00e1got. Cs\u00facskateg\u00f3ri\u00e1s digit\u00e1lis gy\u00e1rt\u00f3berendez\u00e9sek \u00e9s professzion\u00e1lis tesztel\u0151rendszerek bevezet\u00e9s\u00e9vel folyamatosan optimaliz\u00e1ljuk a gy\u00e1rt\u00e1si platformot, t\u00f6k\u00e9letes\u00edtj\u00fck a term\u00e9kmin\u0151s\u00e9g-ellen\u0151rz\u00e9si folyamatot, \u00e9s er\u0151s innov\u00e1ci\u00f3s k\u00e9pess\u00e9ggel rendelkez\u00fcnk. C\u00e9lunk, hogy a nagy hat\u00e9konys\u00e1g, a pontoss\u00e1g \u00e9s a kiv\u00e1l\u00f3 min\u0151s\u00e9g elveivel kiel\u00e9g\u00edts\u00fck \u00fcgyfeleink sokr\u00e9t\u0171 ig\u00e9nyeit. Professzion\u00e1lis szolg\u00e1ltat\u00e1sokat, nemzetk\u00f6zi tan\u00fas\u00edt\u00e1st, testreszabott szolg\u00e1ltat\u00e1sokat, gy\u00e1rt\u00f3berendez\u00e9seket \u00e9s \u00e9rt\u00e9kes\u00edt\u00e9s ut\u00e1ni szolg\u00e1ltat\u00e1sokat k\u00edn\u00e1lunk. <\/p>\n<p>Szerz\u0151: lyl.<\/p>","protected":false},"excerpt":{"rendered":"<p>Arm Cylinder For Komatsu Large Excavator PC850SE-8 Product Definition What is an Arm Cylinder? An arm cylinder is a specially designed hydraulic cylinder that provides linear motion and power to the arms of various machines like excavators, cranes, and robotic arms. It plays a crucial role in the hydraulic system, allowing attachments or accessories to [&hellip;]<\/p>","protected":false},"featured_media":14779,"comment_status":"open","ping_status":"closed","template":"","meta":{"_et_pb_use_builder":"","_et_pb_old_content":"","_et_gb_content_width":""},"product_brand":[],"product_cat":[1497],"product_tag":[1498,1496],"class_list":{"0":"post-16075","1":"product","2":"type-product","3":"status-publish","4":"has-post-thumbnail","6":"product_cat-arm-cylinders","7":"product_tag-arm-cylinders","8":"product_tag-hydraulic-cylinders","10":"first","11":"instock","12":"shipping-taxable","13":"product-type-simple"},"amp_enabled":true,"_links":{"self":[{"href":"https:\/\/www.hydraulic-cylinders.net\/hu\/wp-json\/wp\/v2\/product\/16075","targetHints":{"allow":["GET"]}}],"collection":[{"href":"https:\/\/www.hydraulic-cylinders.net\/hu\/wp-json\/wp\/v2\/product"}],"about":[{"href":"https:\/\/www.hydraulic-cylinders.net\/hu\/wp-json\/wp\/v2\/types\/product"}],"replies":[{"embeddable":true,"href":"https:\/\/www.hydraulic-cylinders.net\/hu\/wp-json\/wp\/v2\/comments?post=16075"}],"wp:featuredmedia":[{"embeddable":true,"href":"https:\/\/www.hydraulic-cylinders.net\/hu\/wp-json\/wp\/v2\/media\/14779"}],"wp:attachment":[{"href":"https:\/\/www.hydraulic-cylinders.net\/hu\/wp-json\/wp\/v2\/media?parent=16075"}],"wp:term":[{"taxonomy":"product_brand","embeddable":true,"href":"https:\/\/www.hydraulic-cylinders.net\/hu\/wp-json\/wp\/v2\/product_brand?post=16075"},{"taxonomy":"product_cat","embeddable":true,"href":"https:\/\/www.hydraulic-cylinders.net\/hu\/wp-json\/wp\/v2\/product_cat?post=16075"},{"taxonomy":"product_tag","embeddable":true,"href":"https:\/\/www.hydraulic-cylinders.net\/hu\/wp-json\/wp\/v2\/product_tag?post=16075"}],"curies":[{"name":"munkaf\u00fczet","href":"https:\/\/api.w.org\/{rel}","templated":true}]}}