{"id":16081,"date":"2025-01-20T08:27:10","date_gmt":"2025-01-20T08:27:10","guid":{"rendered":"https:\/\/www.hydraulic-cylinders.net\/product\/arm-cylinderfor-komatsu-wheel-excavator-pw150es-6\/"},"modified":"2025-01-20T08:27:13","modified_gmt":"2025-01-20T08:27:13","slug":"arm-cylinderfor-komatsu-wheel-excavator-pw150es-6","status":"publish","type":"product","link":"https:\/\/www.hydraulic-cylinders.net\/hu\/termek\/arm-cylinderfor-komatsu-wheel-excavator-pw150es-6\/","title":{"rendered":"Karhenger Komatsu PW150ES-6 kerekes kotr\u00f3g\u00e9phez"},"content":{"rendered":"<p>Karhenger Komatsu PW150ES-6 kerekes kotr\u00f3g\u00e9phez<\/p>\n<p>Bevezet\u00e9s<br \/>\nA karhenger egy olyan hidraulikus henger, amelyet kifejezetten arra terveztek, hogy line\u00e1ris mozg\u00e1st \u00e9s er\u0151t biztos\u00edtson k\u00fcl\u00f6nf\u00e9le g\u00e9pek, p\u00e9ld\u00e1ul kotr\u00f3g\u00e9pek, daruk \u00e9s robotkarok karj\u00e1nak. A karhengerek kritikus szerepet j\u00e1tszanak a hidraulikus rendszerekben, lehet\u0151v\u00e9 t\u00e9ve a tartoz\u00e9kok vagy tartoz\u00e9kok mozg\u00e1s\u00e1t \u00e9s hat\u00e9kony vez\u00e9rl\u00e9s\u00e9t. Ezek a hengerek nemcsak sima mozg\u00e1st biztos\u00edtanak, hanem nagy terhel\u00e9seket is elviselnek, biztos\u00edtva a g\u00e9pek hat\u00e9kony m\u0171k\u00f6d\u00e9s\u00e9t \u00e9s megb\u00edzhat\u00f3s\u00e1g\u00e1t k\u00fcl\u00f6nb\u00f6z\u0151 munkak\u00f6r\u00fclm\u00e9nyek k\u00f6z\u00f6tt.<\/p>\n<p><img decoding=\"async\" src=\"https:\/\/www.hydraulic-cylinders.net\/wp-content\/uploads\/2025\/01\/songte-company-2.webp\"><\/p>\n<p>Jellemz\u0151k<br \/>\n1. Nagy hat\u00e9konys\u00e1g\u00fa er\u0151\u00e1tvitel: A karhengerek er\u0151teljes line\u00e1ris mozg\u00e1st \u00e9s er\u0151t biztos\u00edtanak, biztos\u00edtva a g\u00e9pkarok k\u00fcl\u00f6nf\u00e9le m\u0171veleteinek nagy hat\u00e9konys\u00e1g\u00e1t.<br \/>\n2. Prec\u00edz vez\u00e9rl\u00e9s: A hidraulikus rendszereken kereszt\u00fcl a karhengerek prec\u00edz mozg\u00e1svez\u00e9rl\u00e9st \u00e9rhetnek el, \u00edgy a tartoz\u00e9kok m\u0171k\u00f6d\u00e9se rugalmasabb \u00e9s pontosabb.<br \/>\n3. Er\u0151s tart\u00f3ss\u00e1g: A karhengerek \u00e1ltal\u00e1ban nagy szil\u00e1rds\u00e1g\u00fa anyagokb\u00f3l k\u00e9sz\u00fclnek, amelyek j\u00f3 kop\u00e1s\u00e1ll\u00f3s\u00e1ggal \u00e9s korr\u00f3zi\u00f3\u00e1ll\u00f3s\u00e1ggal rendelkeznek, \u00edgy alkalmasak hossz\u00fa t\u00e1v\u00fa haszn\u00e1latra zord k\u00f6rnyezetben.<br \/>\n4. T\u00f6bbfunkci\u00f3s alkalmazkod\u00f3k\u00e9pess\u00e9g: Ezek a hengerek sz\u00e9les k\u00f6rben alkalmazhat\u00f3k k\u00fcl\u00f6nf\u00e9le mechanikus berendez\u00e9sekben, p\u00e9ld\u00e1ul kotr\u00f3g\u00e9pekben, darukban \u00e9s robotkarokban, alkalmazkodva a k\u00fcl\u00f6nb\u00f6z\u0151 munkak\u00f6vetelm\u00e9nyekhez.<br \/>\n5. K\u00f6nny\u0171 karbantart\u00e1s: A kialak\u00edt\u00e1s a karbantart\u00e1s \u00e9s a csere egyszer\u0171s\u00e9g\u00e9t szem el\u0151tt tartva k\u00e9nyelmesebb\u00e9 teszi a rendszeres ellen\u0151rz\u00e9seket \u00e9s karbantart\u00e1st, cs\u00f6kkentve a berendez\u00e9sek \u00e1ll\u00e1sidej\u00e9t.<\/p>\n<p><img decoding=\"async\" src=\"https:\/\/www.hydraulic-cylinders.net\/wp-content\/uploads\/2025\/01\/songte-oil-pipes-and-spare-parts.webp\"><\/p>\n<p>Alkalmaz\u00e1s<br \/>\n1. \u00c9p\u00edt\u0151m\u00e9rn\u00f6ki munka: Kotr\u00f3g\u00e9pekben \u00e9s darukban a karhengereket a v\u00f6dr\u00f6k vagy g\u00e9mek mozg\u00e1s\u00e1nak vez\u00e9rl\u00e9s\u00e9re, f\u00f6ldmunk\u00e1k elv\u00e9gz\u00e9s\u00e9re, anyagmozgat\u00e1sra \u00e9s szerkezeti szerel\u00e9sre haszn\u00e1lj\u00e1k.<br \/>\n2. Gy\u00e1rt\u00e1s: Az automatiz\u00e1lt gy\u00e1rt\u00f3sorokon a karhengereket robotkarok mozgat\u00e1s\u00e1ra, \u00f6sszeszerel\u00e9si, hegeszt\u00e9si \u00e9s anyagmozgat\u00e1si folyamatok elv\u00e9gz\u00e9s\u00e9re haszn\u00e1lj\u00e1k, jav\u00edtva a termel\u00e9si hat\u00e9konys\u00e1got \u00e9s a pontoss\u00e1got.<br \/>\n3. Mez\u0151gazdas\u00e1gi g\u00e9pek: A mez\u0151gazdas\u00e1gi g\u00e9pekben, p\u00e9ld\u00e1ul a betakar\u00edt\u00f3g\u00e9pekben \u00e9s a vet\u0151g\u00e9pekben a karhengerek vez\u00e9rlik a kezel\u0151karok mozg\u00e1s\u00e1t, olyan feladatokat l\u00e1tva el, mint a vet\u00e9s, a tr\u00e1gy\u00e1z\u00e1s \u00e9s a betakar\u00edt\u00e1s.<br \/>\n4. B\u00e1ny\u00e1szat: A b\u00e1ny\u00e1szati \u200b\u200bberendez\u00e9sekben a karhengereket a b\u00e1ny\u00e1szati \u200b\u200bberendez\u00e9sek karj\u00e1nak mozg\u00e1s\u00e1nak vez\u00e9rl\u00e9s\u00e9re haszn\u00e1lj\u00e1k, az \u00e9rcek b\u00e1ny\u00e1szat\u00e1t \u00e9s sz\u00e1ll\u00edt\u00e1s\u00e1t v\u00e9gezve.<br \/>\n5. Logisztika \u00e9s sz\u00e1ll\u00edt\u00e1s: A targonc\u00e1kban \u00e9s anyagmozgat\u00f3 robotokban a karhengereket haszn\u00e1lj\u00e1k a tehervilla emel\u00e9s\u00e9nek \u00e9s mozg\u00e1s\u00e1nak vez\u00e9rl\u00e9s\u00e9re, az anyagok kezel\u00e9s\u00e9nek \u00e9s egym\u00e1sra rak\u00e1s\u00e1nak megval\u00f3s\u00edt\u00e1s\u00e1ra.<\/p>\n<p>Tervez\u00e9si szempontok \u00e9s kiv\u00e1laszt\u00e1si krit\u00e9riumok<br \/>\n1. Teherb\u00edr\u00e1s: A karhengereknek elegend\u0151 er\u0151t kell biztos\u00edtaniuk a tartoz\u00e9kok vagy tartoz\u00e9kok terhel\u00e9s\u00e9nek kezel\u00e9s\u00e9hez.<br \/>\n2. T\u00f6m\u00edt\u00e9si teljes\u00edtm\u00e9ny: A folyad\u00e9k sziv\u00e1rg\u00e1s\u00e1nak \u00e9s szennyez\u0151d\u00e9s\u00e9nek megakad\u00e1lyoz\u00e1sa \u00e9rdek\u00e9ben elengedhetetlen a megfelel\u0151 t\u00f6m\u00edt\u00e9sek, p\u00e9ld\u00e1ul dugatty\u00fat\u00f6m\u00edt\u00e9sek \u00e9s r\u00fadt\u00f6m\u00edt\u00e9sek, amelyek olyan anyagokb\u00f3l k\u00e9sz\u00fclnek, mint a poliuret\u00e1n \u00e9s a nitrilgumi.<br \/>\n3. Tart\u00f3ss\u00e1g: A hengertestnek, a r\u00fadnak \u00e9s a v\u00e9gz\u00e1r\u00f3nak nagy szil\u00e1rds\u00e1g\u00fa \u00e9s kop\u00e1s\u00e1ll\u00f3 anyagokb\u00f3l kell k\u00e9sz\u00fclnie, hogy biztos\u00edtsa a hossz\u00fa t\u00e1v\u00fa haszn\u00e1latot zord k\u00f6rnyezetben.<br \/>\n4. Biztons\u00e1g: A tervez\u00e9snek figyelembe kell vennie a munkav\u00e1llal\u00f3k \u00e9s a berendez\u00e9sek biztons\u00e1g\u00e1t, p\u00e9ld\u00e1ul biztons\u00e1gi szelepek haszn\u00e1lat\u00e1val a t\u00falterhel\u00e9s megakad\u00e1lyoz\u00e1sa \u00e9s a palack r\u00f6gz\u00edt\u00e9s\u00e9nek stabilit\u00e1s\u00e1nak biztos\u00edt\u00e1sa \u00e9rdek\u00e9ben.<br \/>\n5. Karbantarthat\u00f3s\u00e1g: A kialak\u00edt\u00e1snak lehet\u0151v\u00e9 kell tennie az alkatr\u00e9szek egyszer\u0171 karbantart\u00e1s\u00e1t \u00e9s cser\u00e9j\u00e9t, p\u00e9ld\u00e1ul hozz\u00e1f\u00e9r\u00e9st kell biztos\u00edtania a henger belsej\u00e9hez \u00e9s szabv\u00e1nyos alkatr\u00e9szeket kell haszn\u00e1lnia.<\/p>\n<p><img decoding=\"async\" src=\"https:\/\/www.hydraulic-cylinders.net\/wp-content\/uploads\/2025\/01\/songte-cylinder-head-with-all-kinds-excavator-models.webp\"><\/p>\n<p>T\u00f6m\u00edt\u00e9s \u00e9s ken\u00e9s<br \/>\nA karos munkahengerek k\u00fcl\u00f6nf\u00e9le t\u00f6m\u00edt\u00e9seket haszn\u00e1lnak, p\u00e9ld\u00e1ul dugatty\u00fat\u00f6m\u00edt\u00e9seket \u00e9s r\u00fadt\u00f6m\u00edt\u00e9seket, amelyek tart\u00f3s anyagokb\u00f3l k\u00e9sz\u00fclnek a t\u00f6m\u00edt\u0151teljes\u00edtm\u00e9ny biztos\u00edt\u00e1sa \u00e9rdek\u00e9ben. A hengertest, a r\u00fad \u00e9s a v\u00e9gz\u00e1r\u00f3 is prec\u00edz megmunk\u00e1l\u00e1son esik \u00e1t a kop\u00e1s\u00e1ll\u00f3s\u00e1g jav\u00edt\u00e1sa \u00e9rdek\u00e9ben. A henger m\u0171k\u00f6d\u00e9s\u00e9nek fenntart\u00e1s\u00e1hoz \u00e9s a k\u00e1rosod\u00e1s megel\u0151z\u00e9s\u00e9hez rendszeres hidraulikaolajjal val\u00f3 ken\u00e9s sz\u00fcks\u00e9ges.<\/p>\n<p>Rendszeres ellen\u0151rz\u00e9s \u00e9s megel\u0151z\u0151 karbantart\u00e1s<br \/>\nA karos munkahengerek hossz\u00fa t\u00e1v\u00fa m\u0171k\u00f6d\u00e9s\u00e9nek biztos\u00edt\u00e1s\u00e1hoz rendszeres ellen\u0151rz\u00e9s \u00e9s megel\u0151z\u0151 karbantart\u00e1s sz\u00fcks\u00e9ges. N\u00e9h\u00e1ny kulcsfontoss\u00e1g\u00fa int\u00e9zked\u00e9s k\u00f6z\u00e9 tartozik a t\u00f6m\u00edt\u00e9sek \u00e9s ken\u00e9s \u00e1llapot\u00e1nak ellen\u0151rz\u00e9se, a hengertest kop\u00e1s\u00e1nak \u00e9s korr\u00f3zi\u00f3j\u00e1nak vizsg\u00e1lata, valamint a s\u00e9r\u00fclt vagy kopott alkatr\u00e9szek cser\u00e9je.<\/p>\n<p>Telep\u00edt\u00e9si \u00fatmutat\u00f3<br \/>\n1. Tiszt\u00edtsa meg a beszerel\u00e9si helyet, \u00e9s ellen\u0151rizze a palack kompatibilit\u00e1s\u00e1t a berendez\u00e9ssel.<br \/>\n2. Vizsg\u00e1lja meg a hengert s\u00e9r\u00fcl\u00e9sek szempontj\u00e1b\u00f3l, \u00e9s er\u0151s\u00edtse meg a henger r\u00f6gz\u00edt\u00e9s\u00e9nek helyzet\u00e9t.<br \/>\n3. Szerelje fel a hengert a szerel\u00e9si utas\u00edt\u00e1soknak megfelel\u0151en, p\u00e9ld\u00e1ul a megfelel\u0151 csavarok \u00e9s nyomat\u00e9k haszn\u00e1lat\u00e1val.<br \/>\n4. Csatlakoztassa a hidraulikavezet\u00e9keket, \u00e9s gondoskodjon a megfelel\u0151 t\u00f6m\u00edt\u00e9sr\u0151l.<br \/>\n5. Ellen\u0151rizze a henger megfelel\u0151 m\u0171k\u00f6d\u00e9s\u00e9t, \u00e9s sz\u00fcks\u00e9g eset\u00e9n v\u00e9gezzen be\u00e1ll\u00edt\u00e1st.<\/p>\n<p><img decoding=\"async\" src=\"https:\/\/www.hydraulic-cylinders.net\/wp-content\/uploads\/2025\/01\/songte-bushings-with-all-kinds-of-excavator-models.webp\"><\/p>\n<p>Biztons\u00e1gi szempontok \u00e9s k\u00f6rnyezeti t\u00e9nyez\u0151k<br \/>\nA biztons\u00e1g kritikus fontoss\u00e1g\u00fa a karos munkahengerek haszn\u00e1lata sor\u00e1n, \u00e9s megfelel\u0151 int\u00e9zked\u00e9seket kell tenni, p\u00e9ld\u00e1ul biztons\u00e1gi szelepeket kell haszn\u00e1lni, valamint be kell tartani a megfelel\u0151 telep\u00edt\u00e9si \u00e9s \u00fczemeltet\u00e9si elj\u00e1r\u00e1sokat. A k\u00f6rnyezeti t\u00e9nyez\u0151k, mint p\u00e9ld\u00e1ul a h\u0151m\u00e9rs\u00e9klet \u00e9s a p\u00e1ratartalom, befoly\u00e1solhatj\u00e1k a munkahenger m\u0171k\u00f6d\u00e9s\u00e9t, \u00e9s megfelel\u0151 int\u00e9zked\u00e9seket kell tenni a megfelel\u0151 m\u0171k\u00f6d\u00e9s biztos\u00edt\u00e1sa \u00e9rdek\u00e9ben k\u00fcl\u00f6nb\u00f6z\u0151 k\u00f6r\u00fclm\u00e9nyek k\u00f6z\u00f6tt.<\/p>\n<p>Hibadiagn\u00f3zis \u00e9s gyakori probl\u00e9m\u00e1k<br \/>\nA karhengerek n\u00e9h\u00e1ny gyakori probl\u00e9m\u00e1ja k\u00f6z\u00e9 tartozik a folyad\u00e9ksziv\u00e1rg\u00e1s, az el\u00e9gtelen er\u0151 \u00e9s a rendellenes hang. A probl\u00e9ma ok\u00e1nak meghat\u00e1roz\u00e1s\u00e1hoz \u00e9s a megfelel\u0151 int\u00e9zked\u00e9sek megt\u00e9tel\u00e9hez megfelel\u0151 diagn\u00f3zis \u00e9s hibaelh\u00e1r\u00edt\u00e1s sz\u00fcks\u00e9ges. A megel\u0151z\u0151 int\u00e9zked\u00e9sek, mint p\u00e9ld\u00e1ul a rendszeres ellen\u0151rz\u00e9s \u00e9s karbantart\u00e1s, cs\u00f6kkenthetik az ilyen probl\u00e9m\u00e1k el\u0151fordul\u00e1s\u00e1t.<\/p>\n<p><img decoding=\"async\" src=\"https:\/\/www.hydraulic-cylinders.net\/wp-content\/uploads\/2025\/01\/songte-chushion-collar.webp\"><\/p>\n<p>K\u00f6vetkeztet\u00e9s<br \/>\nProfesszion\u00e1lis hidraulikus hengergy\u00e1rt\u00f3k\u00e9nt sz\u00e9les term\u00e9kv\u00e1laszt\u00e9kkal rendelkez\u00fcnk, \u00e9s a hazai \u00e9s nemzetk\u00f6zi piacok egyik vezet\u0151 hidraulikus hengergy\u00e1rt\u00f3j\u00e1v\u00e1 \u00e9s nagykereskedelmi forgalmaz\u00f3j\u00e1v\u00e1 v\u00e1lunk. C\u00e9g\u00fcnk a kiv\u00e1l\u00f3 min\u0151s\u00e9g elv\u00e9t k\u00f6veti, kifinomult gy\u00e1rt\u00f3m\u0171helyeinkben iparos\u00edtott termel\u00e9sir\u00e1ny\u00edt\u00e1si strat\u00e9gi\u00e1kra t\u00e1maszkodva folyamatosan fejlesztj\u00fck technol\u00f3gi\u00e1nkat \u00e9s termel\u00e9si hat\u00e9konys\u00e1gunkat. Cs\u00facskateg\u00f3ri\u00e1s digit\u00e1lis gy\u00e1rt\u00f3berendez\u00e9sek \u00e9s professzion\u00e1lis tesztel\u0151rendszerek bevezet\u00e9s\u00e9vel optimaliz\u00e1ljuk gy\u00e1rt\u00e1si platformunkat, fejlesztj\u00fck term\u00e9kmin\u0151s\u00e9g-ellen\u0151rz\u00e9si folyamatunkat, \u00e9s er\u0151s innov\u00e1ci\u00f3s k\u00e9pess\u00e9ggel rendelkez\u00fcnk. C\u00e9lunk, hogy a nagy hat\u00e9konys\u00e1g, a pontoss\u00e1g \u00e9s a kiv\u00e1l\u00f3 min\u0151s\u00e9g elveivel el\u00e9g\u00edts\u00fck ki \u00fcgyfeleink sokr\u00e9t\u0171 ig\u00e9nyeit. <\/p>\n<p>C\u00e9g\u00fcnk tan\u00fas\u00edtv\u00e1nnyal rendelkezik, \u00e9s szem\u00e9lyre szabott szolg\u00e1ltat\u00e1sokat, korszer\u0171 gy\u00e1rt\u00f3berendez\u00e9seket \u00e9s kiv\u00e1l\u00f3 \u00e9rt\u00e9kes\u00edt\u00e9s ut\u00e1ni szolg\u00e1ltat\u00e1st ny\u00fajt \u00fcgyfeleinknek.<\/p>\n<p>Szerz\u0151: lyl<\/p>","protected":false},"excerpt":{"rendered":"<p>Arm Cylinder for Komatsu Wheel Excavator PW150ES-6 Introduction The arm cylinder is a type of hydraulic cylinder designed specifically to provide linear motion and power to the arm of various types of machinery, including excavators, cranes, and robotic arms. Arm cylinders play a critical role in hydraulic systems, enabling attachments or accessories to move and [&hellip;]<\/p>","protected":false},"featured_media":14763,"comment_status":"open","ping_status":"closed","template":"","meta":{"_et_pb_use_builder":"","_et_pb_old_content":"","_et_gb_content_width":""},"product_brand":[],"product_cat":[1497],"product_tag":[1498,1496],"class_list":{"0":"post-16081","1":"product","2":"type-product","3":"status-publish","4":"has-post-thumbnail","6":"product_cat-arm-cylinders","7":"product_tag-arm-cylinders","8":"product_tag-hydraulic-cylinders","10":"first","11":"instock","12":"shipping-taxable","13":"product-type-simple"},"amp_enabled":true,"_links":{"self":[{"href":"https:\/\/www.hydraulic-cylinders.net\/hu\/wp-json\/wp\/v2\/product\/16081","targetHints":{"allow":["GET"]}}],"collection":[{"href":"https:\/\/www.hydraulic-cylinders.net\/hu\/wp-json\/wp\/v2\/product"}],"about":[{"href":"https:\/\/www.hydraulic-cylinders.net\/hu\/wp-json\/wp\/v2\/types\/product"}],"replies":[{"embeddable":true,"href":"https:\/\/www.hydraulic-cylinders.net\/hu\/wp-json\/wp\/v2\/comments?post=16081"}],"wp:featuredmedia":[{"embeddable":true,"href":"https:\/\/www.hydraulic-cylinders.net\/hu\/wp-json\/wp\/v2\/media\/14763"}],"wp:attachment":[{"href":"https:\/\/www.hydraulic-cylinders.net\/hu\/wp-json\/wp\/v2\/media?parent=16081"}],"wp:term":[{"taxonomy":"product_brand","embeddable":true,"href":"https:\/\/www.hydraulic-cylinders.net\/hu\/wp-json\/wp\/v2\/product_brand?post=16081"},{"taxonomy":"product_cat","embeddable":true,"href":"https:\/\/www.hydraulic-cylinders.net\/hu\/wp-json\/wp\/v2\/product_cat?post=16081"},{"taxonomy":"product_tag","embeddable":true,"href":"https:\/\/www.hydraulic-cylinders.net\/hu\/wp-json\/wp\/v2\/product_tag?post=16081"}],"curies":[{"name":"munkaf\u00fczet","href":"https:\/\/api.w.org\/{rel}","templated":true}]}}