{"id":16088,"date":"2025-01-20T08:27:47","date_gmt":"2025-01-20T08:27:47","guid":{"rendered":"https:\/\/www.hydraulic-cylinders.net\/product\/arm-cylinderfor-hitachi-wheel-excavator-zx140w-3\/"},"modified":"2025-01-20T08:27:49","modified_gmt":"2025-01-20T08:27:49","slug":"arm-cylinderfor-hitachi-wheel-excavator-zx140w-3","status":"publish","type":"product","link":"https:\/\/www.hydraulic-cylinders.net\/hu\/termek\/arm-cylinderfor-hitachi-wheel-excavator-zx140w-3\/","title":{"rendered":"Karhenger Hitachi ZX140W-3 kerekes kotr\u00f3g\u00e9phez"},"content":{"rendered":"<p>Karhenger Hitachi ZX140W-3 kerekes kotr\u00f3g\u00e9phez<\/p>\n<h2>Bevezet\u00e9s<\/h2>\n<h3>Defin\u00edci\u00f3 \u00e9s magyar\u00e1zat<\/h3>\n<p>A karhenger egy speci\u00e1lisan tervezett hidraulikus henger, amely line\u00e1ris mozg\u00e1st \u00e9s er\u0151t biztos\u00edt k\u00fcl\u00f6nf\u00e9le g\u00e9pek, p\u00e9ld\u00e1ul kotr\u00f3g\u00e9pek, daruk \u00e9s robotkarok karjainak. A karhenger kulcsszerepet j\u00e1tszik a hidraulikus rendszerekben, lehet\u0151v\u00e9 t\u00e9ve a seg\u00e9deszk\u00f6z\u00f6k vagy tartoz\u00e9kok mozg\u00e1s\u00e1t \u00e9s hat\u00e9kony vez\u00e9rl\u00e9s\u00e9t. Ezek a hengerek nemcsak sima mozg\u00e1st biztos\u00edtanak, hanem nagy terhel\u00e9seket is elviselnek, biztos\u00edtva a g\u00e9pek hat\u00e9kony m\u0171k\u00f6d\u00e9s\u00e9t \u00e9s megb\u00edzhat\u00f3s\u00e1g\u00e1t k\u00fcl\u00f6nb\u00f6z\u0151 \u00fczemi k\u00f6r\u00fclm\u00e9nyek k\u00f6z\u00f6tt.<\/p>\n<p><img decoding=\"async\" src=\"https:\/\/www.hydraulic-cylinders.net\/wp-content\/uploads\/2025\/01\/songte-company-2.webp\" alt=\"Karhenger k\u00e9pe\"><\/p>\n<h3>Jellemz\u0151k<\/h3>\n<ul>\n<li>Nagy hat\u00e9konys\u00e1g\u00fa er\u0151\u00e1tvitel: A karhenger er\u0151teljes line\u00e1ris mozg\u00e1st \u00e9s er\u0151t biztos\u00edt, biztos\u00edtva a g\u00e9pkarok nagy hat\u00e9konys\u00e1g\u00e1t k\u00fcl\u00f6nf\u00e9le m\u0171veletek sor\u00e1n.<\/li>\n<li>Prec\u00edzi\u00f3s vez\u00e9rl\u00e9s: A hidraulikus rendszeren kereszt\u00fcl a karhenger prec\u00edz mozg\u00e1svez\u00e9rl\u00e9st \u00e9rhet el, \u00edgy a seg\u00e9deszk\u00f6z\u00f6k m\u0171k\u00f6d\u00e9se rugalmasabb \u00e9s pontosabb.<\/li>\n<li>Nagy tart\u00f3ss\u00e1g: A karos hengerek \u00e1ltal\u00e1ban nagy szil\u00e1rds\u00e1g\u00fa anyagokb\u00f3l k\u00e9sz\u00fclnek, j\u00f3 kop\u00e1s- \u00e9s korr\u00f3zi\u00f3\u00e1ll\u00f3s\u00e1ggal rendelkeznek, \u00edgy alkalmasak hossz\u00fa t\u00e1v\u00fa haszn\u00e1latra zord k\u00f6rnyezetben.<\/li>\n<li>T\u00f6bbfunkci\u00f3s alkalmazkod\u00f3k\u00e9pess\u00e9g: Ezek a hengerek sz\u00e9les k\u00f6rben alkalmazhat\u00f3k k\u00fcl\u00f6nf\u00e9le mechanikus berendez\u00e9sekben, p\u00e9ld\u00e1ul kotr\u00f3g\u00e9pekben, darukban \u00e9s robotkarokban, \u00e9s alkalmazkodnak a k\u00fcl\u00f6nb\u00f6z\u0151 munkak\u00f6vetelm\u00e9nyekhez.<\/li>\n<li>K\u00f6nny\u0171 karbantart\u00e1s: Az egyszer\u0171 karbantart\u00e1s \u00e9s csere \u00e9rdek\u00e9ben \u00fagy tervezt\u00e9k, hogy a rendszeres ellen\u0151rz\u00e9sek \u00e9s karbantart\u00e1s k\u00e9nyelmesebb\u00e9 v\u00e1ljon, cs\u00f6kkentve a berendez\u00e9sek \u00e1ll\u00e1sidej\u00e9t.<\/li>\n<\/ul>\n<p><img decoding=\"async\" src=\"https:\/\/www.hydraulic-cylinders.net\/wp-content\/uploads\/2025\/01\/songte-oil-pipes-and-spare-parts.webp\" alt=\"Karhenger alkatr\u00e9szek k\u00e9pe\"><\/p>\n<h2>Alkalmaz\u00e1sok<\/h2>\n<p>A karhengert sz\u00e9les k\u00f6rben haszn\u00e1lj\u00e1k k\u00fcl\u00f6nf\u00e9le ipar\u00e1gakban \u00e9s berendez\u00e9sekben, bele\u00e9rtve:<\/p>\n<ul>\n<li>\u00c9p\u00edt\u0151ipar: Kotr\u00f3g\u00e9pekben \u00e9s darukban a karhengereket a v\u00f6dr\u00f6k vagy g\u00e9mek mozg\u00e1s\u00e1nak vez\u00e9rl\u00e9s\u00e9re haszn\u00e1lj\u00e1k f\u00f6ldmunk\u00e1kn\u00e1l, anyagmozgat\u00e1sn\u00e1l \u00e9s szerkezeti telep\u00edt\u00e9sn\u00e9l.<\/li>\n<li>Gy\u00e1rt\u00e1s: Az automatiz\u00e1lt gy\u00e1rt\u00f3sorokon a karhengereket robotkarok mozgat\u00e1s\u00e1hoz, \u00f6sszeszerel\u00e9shez, hegeszt\u00e9shez \u00e9s anyagmozgat\u00e1si folyamatokhoz haszn\u00e1lj\u00e1k, jav\u00edtva a termel\u00e9si hat\u00e9konys\u00e1got \u00e9s a pontoss\u00e1got.<\/li>\n<li>Mez\u0151gazdas\u00e1gi g\u00e9pek: A mez\u0151gazdas\u00e1gi g\u00e9pekben, p\u00e9ld\u00e1ul a betakar\u00edt\u00f3g\u00e9pekben \u00e9s a vet\u0151g\u00e9pekben a karhengerek szab\u00e1lyozz\u00e1k a m\u0171k\u00f6dtet\u0151 kar mozg\u00e1s\u00e1t, olyan feladatokat l\u00e1tva el, mint az vet\u00e9s, a tr\u00e1gy\u00e1z\u00e1s \u00e9s a betakar\u00edt\u00e1s.<\/li>\n<li>B\u00e1ny\u00e1szat: A b\u00e1ny\u00e1szati \u200b\u200bberendez\u00e9sekben a karhengereket a b\u00e1ny\u00e1szati \u200b\u200bberendez\u00e9sek karjainak mozg\u00e1s\u00e1nak vez\u00e9rl\u00e9s\u00e9re haszn\u00e1lj\u00e1k az \u00e9rc b\u00e1ny\u00e1szat\u00e1hoz \u00e9s kezel\u00e9s\u00e9hez.<\/li>\n<li>Logisztika \u00e9s sz\u00e1ll\u00edt\u00e1s: A targonc\u00e1kban \u00e9s anyagmozgat\u00f3 robotokban a karhengereket a vill\u00e1k emel\u00e9s\u00e9nek \u00e9s mozg\u00e1s\u00e1nak vez\u00e9rl\u00e9s\u00e9re haszn\u00e1lj\u00e1k, megval\u00f3s\u00edtva az anyagok kezel\u00e9s\u00e9t \u00e9s egym\u00e1sra rak\u00e1s\u00e1t.<\/li>\n<\/ul>\n<h2>Tervez\u00e9si szempontok \u00e9s kiv\u00e1laszt\u00e1si krit\u00e9riumok<\/h2>\n<p>A karhenger tervez\u00e9si szempontjai \u00e9s kiv\u00e1laszt\u00e1si krit\u00e9riumai a k\u00f6vetkez\u0151k:<\/p>\n<ul>\n<li>Teherb\u00edr\u00e1s: annak biztos\u00edt\u00e1sa, hogy a karhenger ellen\u00e1lljon a v\u00e1rhat\u00f3 terhel\u00e9snek \u00e9s fesz\u00fclts\u00e9gnek.<\/li>\n<li>T\u00f6m\u00edt\u00e9s: k\u00fcl\u00f6nf\u00e9le t\u00f6m\u00edt\u00e9sek haszn\u00e1lata, p\u00e9ld\u00e1ul dugatty\u00fat\u00f6m\u00edt\u00e9sek, r\u00fadt\u00f6m\u00edt\u00e9sek stb., kop\u00e1s\u00e1ll\u00f3 anyagok, p\u00e9ld\u00e1ul poliuret\u00e1n, nitrilkaucsuk stb. kiv\u00e1laszt\u00e1sa, a hengertest \u00e9s a menet v\u00e9gfel\u00fcleteinek finom kezel\u00e9se a kop\u00e1s\u00e1ll\u00f3s\u00e1g jav\u00edt\u00e1sa \u00e9rdek\u00e9ben, valamint megfelel\u0151 hidraulikaolaj rendszeres hozz\u00e1ad\u00e1sa ken\u00e9shez.<\/li>\n<li>Tart\u00f3ss\u00e1g: nagy szil\u00e1rds\u00e1g\u00fa, j\u00f3 kop\u00e1s- \u00e9s korr\u00f3zi\u00f3\u00e1ll\u00f3s\u00e1g\u00fa anyagok kiv\u00e1laszt\u00e1sa a karhenger hossz\u00fa t\u00e1v\u00fa megb\u00edzhat\u00f3 m\u0171k\u00f6d\u00e9s\u00e9nek biztos\u00edt\u00e1sa \u00e9rdek\u00e9ben k\u00fcl\u00f6nb\u00f6z\u0151 k\u00f6rnyezeti felt\u00e9telek mellett.<\/li>\n<li>Biztons\u00e1g: annak biztos\u00edt\u00e1sa, hogy a karhenger kialak\u00edt\u00e1sa megfeleljen a biztons\u00e1gi szabv\u00e1nyoknak \u00e9s el\u0151\u00edr\u00e1soknak, \u00e9s hogy a biztons\u00e1gos m\u0171k\u00f6d\u00e9s megval\u00f3s\u00edthat\u00f3 legyen.<\/li>\n<li>Karbantart\u00e1s: a karhenger karbantart\u00e1s\u00e1nak \u00e9s cser\u00e9j\u00e9nek egyszer\u0171s\u00e9g\u00e9t figyelembe v\u00e9ve cs\u00f6kkenthet\u0151 a berendez\u00e9s \u00e1ll\u00e1sideje.<\/li>\n<\/ul>\n<p><img decoding=\"async\" src=\"https:\/\/www.hydraulic-cylinders.net\/wp-content\/uploads\/2025\/01\/songte-cylinder-head-with-all-kinds-excavator-models.webp\" alt=\"Kar hengerfej k\u00e9p\"><\/p>\n<h2>T\u00f6m\u00edt\u00e9s \u00e9s ken\u00e9s<\/h2>\n<p>A karhenger megb\u00edzhat\u00f3 m\u0171k\u00f6d\u00e9s\u00e9nek biztos\u00edt\u00e1sa \u00e9rdek\u00e9ben k\u00fcl\u00f6nf\u00e9le t\u00f6m\u00edt\u00e9seket, p\u00e9ld\u00e1ul dugatty\u00fat\u00f6m\u00edt\u00e9seket, r\u00fadt\u00f6m\u00edt\u00e9seket stb. haszn\u00e1lnak az olajsziv\u00e1rg\u00e1s \u00e9s a por behatol\u00e1s\u00e1nak megakad\u00e1lyoz\u00e1s\u00e1ra. A t\u00f6m\u00edt\u00e9sekhez kop\u00e1s\u00e1ll\u00f3 anyagokat, p\u00e9ld\u00e1ul poliuret\u00e1nt \u00e9s nitrilgumit v\u00e1lasztanak, a hengertestet \u00e9s a menetes v\u00e9gek fel\u00fcleteit pedig finoman kezelik a kop\u00e1s\u00e1ll\u00f3s\u00e1g jav\u00edt\u00e1sa \u00e9rdek\u00e9ben. A megfelel\u0151 hidraulikaolaj rendszeres hozz\u00e1ad\u00e1sa biztos\u00edtja a karhenger ken\u00e9s\u00e9t \u00e9s h\u0171t\u00e9s\u00e9t m\u0171k\u00f6d\u00e9s k\u00f6zben.<\/p>\n<p><img decoding=\"async\" src=\"https:\/\/www.hydraulic-cylinders.net\/wp-content\/uploads\/2025\/01\/songte-chushion-collar.webp\" alt=\"Karhenger t\u00f6m\u00edt\u00e9sek k\u00e9pe\"><\/p>\n<h2>Karbantart\u00e1s \u00e9s hibaelh\u00e1r\u00edt\u00e1s<\/h2>\n<p>A karhenger rendszeres ellen\u0151rz\u00e9se \u00e9s karbantart\u00e1sa biztos\u00edthatja annak biztons\u00e1gos \u00e9s megb\u00edzhat\u00f3 m\u0171k\u00f6d\u00e9s\u00e9t. Az al\u00e1bbiakban n\u00e9h\u00e1ny gyakori hibaelh\u00e1r\u00edt\u00e1si \u00e9s karbantart\u00e1si tippet tal\u00e1l:<\/p>\n<ul>\n<li>Rendszeresen ellen\u0151rizze a kar henger\u00e9nek t\u00f6m\u00edt\u00e9s\u00e9t \u00e9s ken\u00e9s\u00e9t, \u00e9s sz\u00fcks\u00e9g eset\u00e9n t\u00f6lts\u00f6n ut\u00e1na hidraulikaolajat.<\/li>\n<li>Ellen\u0151rizze a t\u00f6m\u00edt\u00e9sek sziv\u00e1rg\u00e1s\u00e1t \u00e9s s\u00e9r\u00fcl\u00e9s\u00e9t, \u00e9s sz\u00fcks\u00e9g eset\u00e9n cser\u00e9lje ki \u0151ket.<\/li>\n<li>Ellen\u0151rizze a hengertest reped\u00e9seit vagy deform\u00e1ci\u00f3it, \u00e9s sz\u00fcks\u00e9g eset\u00e9n cser\u00e9lje ki a karhengert.<\/li>\n<li>Ellen\u0151rizze a karhenger csavarjainak \u00e9s any\u00e1inak lazas\u00e1g\u00e1t \u00e9s a megadott nyomat\u00e9kot.<\/li>\n<li>Figyelje a karhenger m\u0171k\u00f6d\u00e9si k\u00f6r\u00fclm\u00e9nyeit, \u00e9s figyeljen minden rendellenes hangra vagy rezg\u00e9sre, \u00e9s azonnal tegyen int\u00e9zked\u00e9seket a k\u00e1rok megel\u0151z\u00e9se \u00e9rdek\u00e9ben.<\/li>\n<\/ul>\n<p><img decoding=\"async\" src=\"https:\/\/www.hydraulic-cylinders.net\/wp-content\/uploads\/2025\/01\/songte-bushings-with-all-kinds-of-excavator-models.webp\" alt=\"Karhenger perselyek k\u00e9pe\"><\/p>\n<h2>Telep\u00edt\u00e9si \u00fatmutat\u00f3<\/h2>\n<p>A karhenger beszerel\u00e9s\u00e9hez k\u00f6vesse az al\u00e1bbi l\u00e9p\u00e9seket:<\/p>\n<ul>\n<li>Gy\u0151z\u0151dj\u00f6n meg arr\u00f3l, hogy a berendez\u00e9s hidraulikus rendszere ki van kapcsolva, \u00e9s a kar munkahengere nyugodt \u00e1llapotban van.<\/li>\n<li>Igaz\u00edtsa a karhenger r\u00f6gz\u00edt\u0151furatait a berendez\u00e9s furataihoz, \u00e9s szerelje be a csavarokat \u00e9s any\u00e1kat a megadott nyomat\u00e9kkal.<\/li>\n<li>Csatlakoztassa a hidraulikus cs\u0151vezet\u00e9ket a karhengerhez az utas\u00edt\u00e1soknak megfelel\u0151en, \u00e9s gy\u0151z\u0151dj\u00f6n meg arr\u00f3l, hogy a t\u00f6m\u00edt\u00e9sek szorosak.<\/li>\n<li>Ellen\u0151rizze a karhenger m\u0171k\u00f6d\u00e9s\u00e9t, \u00e9s keressen sziv\u00e1rg\u00e1sokat vagy rendellenes hangokat.<\/li>\n<\/ul>\n<h2>R\u00f3lunk<\/h2>\n<p>Sz\u00e9les term\u00e9kv\u00e1laszt\u00e9kkal rendelkez\u0151 p\u00f3talkatr\u00e9sz-hidraulikus hengerek professzion\u00e1lis gy\u00e1rt\u00f3ja vagyunk. A hazai \u00e9s nemzetk\u00f6zi piacok egyik vezet\u0151 hidraulikus hengergy\u00e1rt\u00f3j\u00e1v\u00e1 \u00e9s nagykereskedelmi forgalmaz\u00f3j\u00e1v\u00e1 v\u00e1ltunk. Mindig a kiv\u00e1l\u00f3 min\u0151s\u00e9g elv\u00e9t k\u00f6vetj\u00fck, \u00e9s finom gy\u00e1rt\u00f3m\u0171helyeinkben iparos\u00edtott termel\u00e9sir\u00e1ny\u00edt\u00e1si strat\u00e9gi\u00e1kra t\u00e1maszkodunk, hogy folyamatosan fejlessz\u00fck m\u0171szaki sz\u00ednvonalunkat \u00e9s termel\u00e9si hat\u00e9konys\u00e1gunkat. Cs\u00facskateg\u00f3ri\u00e1s digit\u00e1lis gy\u00e1rt\u00f3berendez\u00e9sek \u00e9s professzion\u00e1lis tesztel\u0151rendszerek bevezet\u00e9s\u00e9vel folyamatosan optimaliz\u00e1ljuk a gy\u00e1rt\u00e1si platformot, fejlesztj\u00fck a term\u00e9kek min\u0151s\u00e9gellen\u0151rz\u00e9si folyamat\u00e1t, \u00e9s er\u0151s innov\u00e1ci\u00f3s k\u00e9pess\u00e9ggel rendelkez\u00fcnk. C\u00e9lunk, hogy hat\u00e9kony, pontos \u00e9s kiv\u00e1l\u00f3 min\u0151s\u00e9g\u0171 term\u00e9kekkel el\u00e9g\u00edts\u00fck ki \u00fcgyfeleink sokr\u00e9t\u0171 ig\u00e9nyeit.<\/p>\n<p><img decoding=\"async\" src=\"https:\/\/www.hydraulic-cylinders.net\/wp-content\/uploads\/2025\/01\/songte-company-4.webp\" alt=\"C\u00e9ges im\u00e1zs\"><\/p>\n<h3>Szakmaiass\u00e1g<\/h3>\n<p>Professzion\u00e1lis csapatunk t\u00f6bb \u00e9ves tapasztalattal rendelkezik hidraulikus hengerek tervez\u00e9s\u00e9ben, fejleszt\u00e9s\u00e9ben \u00e9s gy\u00e1rt\u00e1s\u00e1ban, \u00e9s professzion\u00e1lis m\u0171szaki t\u00e1mogat\u00e1st \u00e9s megold\u00e1sokat tudunk ny\u00fajtani \u00fcgyfeleinknek.<\/p>\n<h3>Nemzetk\u00f6zi min\u0151s\u00edt\u00e9s<\/h3>\n<p>ISO9001 min\u0151s\u00e9gir\u00e1ny\u00edt\u00e1si rendszer tan\u00fas\u00edtv\u00e1nyt \u00e9s CE tan\u00fas\u00edtv\u00e1nyt szerezt\u00fcnk, term\u00e9keinket pedig a vil\u00e1g t\u00f6bb mint 50 orsz\u00e1g\u00e1ba \u00e9s r\u00e9gi\u00f3j\u00e1ba export\u00e1ltuk.<\/p>\n<h3>Testreszab\u00e1si szolg\u00e1ltat\u00e1s<\/h3>\n<p>Egyedi ig\u00e9nyeiknek megfelel\u0151en, p\u00e9ld\u00e1ul speci\u00e1lis m\u00e9retekben, nyom\u00e1sbesorol\u00e1sokban stb. tudunk egyedi hidraulikus hengereket biztos\u00edtani.<\/p>\n<h3>Termel\u00e9si berendez\u00e9sek<\/h3>\n<p>N\u00e9metorsz\u00e1gb\u00f3l, Jap\u00e1nb\u00f3l \u00e9s m\u00e1s orsz\u00e1gokb\u00f3l sz\u00e1rmaz\u00f3 fejlett gy\u00e1rt\u00f3berendez\u00e9seket vezett\u00fcnk be term\u00e9keink nagy pontoss\u00e1g\u00e1nak \u00e9s min\u0151s\u00e9g\u00e9nek biztos\u00edt\u00e1sa \u00e9rdek\u00e9ben.<\/p>\n<h3>\u00c9rt\u00e9kes\u00edt\u00e9s ut\u00e1ni szolg\u00e1ltat\u00e1s<\/h3>\n<p>\u00c1tfog\u00f3 \u00e9rt\u00e9kes\u00edt\u00e9s ut\u00e1ni szolg\u00e1ltat\u00e1st ny\u00fajtunk \u00fcgyfeleinknek, bele\u00e9rtve a m\u0171szaki t\u00e1mogat\u00e1st, a garanci\u00e1t \u00e9s a jav\u00edt\u00e1si szolg\u00e1ltat\u00e1sokat.<\/p>\n<p><img decoding=\"async\" src=\"https:\/\/www.hydraulic-cylinders.net\/wp-content\/uploads\/2025\/01\/songte-company-3.webp\" alt=\"C\u00e9ges m\u0171helyk\u00e9p\"><\/p>\n<p><em>Szerz\u0151: lyl<\/em><\/p>","protected":false},"excerpt":{"rendered":"<p>Arm Cylinder for Hitachi Wheel Excavator ZX140W-3 Introduction Definition and Explanation The arm cylinder is a specially designed hydraulic cylinder used to provide linear motion and power to the arms of various types of machinery, such as excavators, cranes, and robotic arms. The arm cylinder plays a crucial role in hydraulic systems, enabling auxiliary tools [&hellip;]<\/p>","protected":false},"featured_media":14772,"comment_status":"open","ping_status":"closed","template":"","meta":{"_et_pb_use_builder":"","_et_pb_old_content":"","_et_gb_content_width":""},"product_brand":[],"product_cat":[1497],"product_tag":[1498,1496],"class_list":{"0":"post-16088","1":"product","2":"type-product","3":"status-publish","4":"has-post-thumbnail","6":"product_cat-arm-cylinders","7":"product_tag-arm-cylinders","8":"product_tag-hydraulic-cylinders","10":"first","11":"instock","12":"shipping-taxable","13":"product-type-simple"},"amp_enabled":true,"_links":{"self":[{"href":"https:\/\/www.hydraulic-cylinders.net\/hu\/wp-json\/wp\/v2\/product\/16088","targetHints":{"allow":["GET"]}}],"collection":[{"href":"https:\/\/www.hydraulic-cylinders.net\/hu\/wp-json\/wp\/v2\/product"}],"about":[{"href":"https:\/\/www.hydraulic-cylinders.net\/hu\/wp-json\/wp\/v2\/types\/product"}],"replies":[{"embeddable":true,"href":"https:\/\/www.hydraulic-cylinders.net\/hu\/wp-json\/wp\/v2\/comments?post=16088"}],"wp:featuredmedia":[{"embeddable":true,"href":"https:\/\/www.hydraulic-cylinders.net\/hu\/wp-json\/wp\/v2\/media\/14772"}],"wp:attachment":[{"href":"https:\/\/www.hydraulic-cylinders.net\/hu\/wp-json\/wp\/v2\/media?parent=16088"}],"wp:term":[{"taxonomy":"product_brand","embeddable":true,"href":"https:\/\/www.hydraulic-cylinders.net\/hu\/wp-json\/wp\/v2\/product_brand?post=16088"},{"taxonomy":"product_cat","embeddable":true,"href":"https:\/\/www.hydraulic-cylinders.net\/hu\/wp-json\/wp\/v2\/product_cat?post=16088"},{"taxonomy":"product_tag","embeddable":true,"href":"https:\/\/www.hydraulic-cylinders.net\/hu\/wp-json\/wp\/v2\/product_tag?post=16088"}],"curies":[{"name":"munkaf\u00fczet","href":"https:\/\/api.w.org\/{rel}","templated":true}]}}