{"id":16090,"date":"2025-01-20T08:27:56","date_gmt":"2025-01-20T08:27:56","guid":{"rendered":"https:\/\/www.hydraulic-cylinders.net\/product\/arm-cylinderfor-hitachi-wheel-excavator-zx170w-3\/"},"modified":"2025-01-20T08:27:58","modified_gmt":"2025-01-20T08:27:58","slug":"arm-cylinderfor-hitachi-wheel-excavator-zx170w-3","status":"publish","type":"product","link":"https:\/\/www.hydraulic-cylinders.net\/hu\/termek\/arm-cylinderfor-hitachi-wheel-excavator-zx170w-3\/","title":{"rendered":"Karhenger Hitachi ZX170W-3 kerekes kotr\u00f3g\u00e9phez"},"content":{"rendered":"<h1>Karhenger Hitachi ZX170W-3 kerekes kotr\u00f3g\u00e9phez<\/h1>\n<h2>Bevezet\u00e9s<\/h2>\n<p>A Hitachi ZX170W-3 kerekes kotr\u00f3g\u00e9p karhengere egy speci\u00e1lis hidraulikus henger, amelyet arra terveztek, hogy line\u00e1ris mozg\u00e1st \u00e9s er\u0151t biztos\u00edtson k\u00fcl\u00f6nf\u00e9le g\u00e9pek, p\u00e9ld\u00e1ul kotr\u00f3g\u00e9pek, daruk \u00e9s mechanikus karok karj\u00e1nak. A karhenger kulcsszerepet j\u00e1tszik a hidraulikus rendszerekben, lehet\u0151v\u00e9 t\u00e9ve a tov\u00e1bbi szersz\u00e1mok vagy tartoz\u00e9kok hat\u00e9kony mozg\u00e1s\u00e1t \u00e9s vez\u00e9rl\u00e9s\u00e9t. Ezek a hengerek nemcsak a sima mozg\u00e1st biztos\u00edtj\u00e1k, hanem a nagy terhel\u00e9seket is elviselik, biztos\u00edtva a g\u00e9p magas hat\u00e9konys\u00e1g\u00e1t \u00e9s megb\u00edzhat\u00f3s\u00e1g\u00e1t k\u00fcl\u00f6nb\u00f6z\u0151 \u00fczemi k\u00f6r\u00fclm\u00e9nyek k\u00f6z\u00f6tt.<\/p>\n<p><img decoding=\"async\" src=\"https:\/\/www.hydraulic-cylinders.net\/wp-content\/uploads\/2025\/01\/songte-company-2.webp\" alt=\"Karhenger k\u00e9pe\"><\/p>\n<h2>Jellemz\u0151k<\/h2>\n<ul>\n<li>\n<h3>Nagy hat\u00e9konys\u00e1g\u00fa \u00e1tvitel<\/h3>\n<p>A karhenger er\u0151teljes line\u00e1ris mozg\u00e1st \u00e9s er\u0151t biztos\u00edt, biztos\u00edtva a mechanikus kar nagy teljes\u00edtm\u00e9ny\u00e9t k\u00fcl\u00f6nf\u00e9le m\u0171veletek sor\u00e1n.<\/p>\n<\/li>\n<li>\n<h3>Prec\u00edz vez\u00e9rl\u00e9s<\/h3>\n<p>A hidraulikus rendszeren kereszt\u00fcl a karhenger pontos mozg\u00e1svez\u00e9rl\u00e9st tesz lehet\u0151v\u00e9, \u00edgy a tov\u00e1bbi szersz\u00e1mok kezel\u00e9se rugalmasabb \u00e9s prec\u00edzebb.<\/p>\n<\/li>\n<li>\n<h3>Tart\u00f3ss\u00e1g<\/h3>\n<p>A karhenger jellemz\u0151en nagy szil\u00e1rds\u00e1g\u00fa anyagokb\u00f3l k\u00e9sz\u00fcl, kiv\u00e1l\u00f3 kop\u00e1s\u00e1ll\u00f3s\u00e1got \u00e9s korr\u00f3zi\u00f3\u00e1ll\u00f3s\u00e1got biztos\u00edtva, \u00edgy alkalmass\u00e1 t\u00e9ve a hossz\u00fa t\u00e1v\u00fa haszn\u00e1latra zord k\u00f6rnyezetben.<\/p>\n<\/li>\n<li>\n<h3>Sokoldal\u00fa alkalmazkod\u00f3k\u00e9pess\u00e9g<\/h3>\n<p>Ezek a munkahengerek sz\u00e9les k\u00f6rben alkalmazhat\u00f3k k\u00fcl\u00f6nf\u00e9le g\u00e9peken, p\u00e9ld\u00e1ul kotr\u00f3g\u00e9peken, darukon \u00e9s mechanikus karokon, alkalmazkodva a k\u00fcl\u00f6nb\u00f6z\u0151 munkak\u00f6vetelm\u00e9nyekhez.<\/p>\n<\/li>\n<li>\n<h3>K\u00f6nny\u0171 karbantart\u00e1s<\/h3>\n<p>A tervez\u00e9s sor\u00e1n figyelembe vett\u00e9k a karbantart\u00e1s \u00e9s a csere egyszer\u0171s\u00e9g\u00e9t, \u00edgy a rendszeres ellen\u0151rz\u00e9s \u00e9s karbantart\u00e1s k\u00e9nyelmesebb\u00e9 v\u00e1lt, cs\u00f6kkentve a berendez\u00e9sek \u00e1ll\u00e1sidej\u00e9t.<\/p>\n<\/li>\n<\/ul>\n<p><img decoding=\"async\" src=\"https:\/\/www.hydraulic-cylinders.net\/wp-content\/uploads\/2025\/01\/songte-oil-pipes-and-spare-parts.webp\" alt=\"Karhenger alkatr\u00e9szek k\u00e9pe\"><\/p>\n<h2>Alkalmaz\u00e1sok<\/h2>\n<h3>1. \u00c9p\u00edt\u0151m\u00e9rn\u00f6ki tudom\u00e1nyok<\/h3>\n<p>Kotr\u00f3g\u00e9pekn\u00e9l \u00e9s darukn\u00e1l a karhenger vez\u00e9rli a v\u00f6dr\u00f6k vagy g\u00e9mek mozg\u00e1s\u00e1t f\u00f6ldmunk\u00e1kn\u00e1l, anyagmozgat\u00e1sn\u00e1l \u00e9s szerkezeti telep\u00edt\u00e9sekn\u00e9l.<\/p>\n<h3>2. Gy\u00e1rt\u00f3ipar<\/h3>\n<p>Az automatiz\u00e1lt gy\u00e1rt\u00f3sorokon a karhengert mechanikus karok mozgat\u00e1s\u00e1ra haszn\u00e1lj\u00e1k olyan folyamatokban, mint az \u00f6sszeszerel\u00e9s, hegeszt\u00e9s \u00e9s anyagmozgat\u00e1s, n\u00f6velve a termel\u00e9si hat\u00e9konys\u00e1got \u00e9s a pontoss\u00e1got.<\/p>\n<h3>3. Mez\u0151gazdas\u00e1gi g\u00e9pek<\/h3>\n<p>A mez\u0151gazdas\u00e1gi g\u00e9pekben, p\u00e9ld\u00e1ul a betakar\u00edt\u00f3g\u00e9pekben \u00e9s a vet\u0151g\u00e9pekben a karhenger vez\u00e9rli a m\u0171k\u00f6dtet\u0151 karok mozg\u00e1s\u00e1t olyan feladatokhoz, mint a vet\u00e9s, a m\u0171tr\u00e1gy\u00e1z\u00e1s \u00e9s a betakar\u00edt\u00e1s.<\/p>\n<h3>4. B\u00e1ny\u00e1szat<\/h3>\n<p>A b\u00e1ny\u00e1szati \u200b\u200bberendez\u00e9sekben a karhenger vez\u00e9rli a b\u00e1ny\u00e1szati \u200b\u200bg\u00e9pek karj\u00e1nak mozg\u00e1s\u00e1t az \u00e9rc kitermel\u00e9se \u00e9s sz\u00e1ll\u00edt\u00e1sa sor\u00e1n.<\/p>\n<h3>5. Logisztika \u00e9s sz\u00e1ll\u00edt\u00e1s<\/h3>\n<p>A targonc\u00e1kban \u00e9s anyagmozgat\u00f3 robotokban a karhenger vez\u00e9rli a vill\u00e1k emel\u00e9s\u00e9t \u00e9s mozg\u00e1s\u00e1t, lehet\u0151v\u00e9 t\u00e9ve az anyagmozgat\u00e1st \u00e9s a rakod\u00e1st.<\/p>\n<p><img decoding=\"async\" src=\"https:\/\/www.hydraulic-cylinders.net\/wp-content\/uploads\/2025\/01\/songte-cylinder-head-with-all-kinds-excavator-models.webp\" alt=\"Karhenger modellek k\u00e9pe\"><\/p>\n<h2>Tervez\u00e9si szempontok \u00e9s kiv\u00e1laszt\u00e1si krit\u00e9riumok<\/h2>\n<p>A hengerfejek tervez\u00e9sekor sz\u00e1mos kulcsfontoss\u00e1g\u00fa t\u00e9nyez\u0151t kell figyelembe venni:<\/p>\n<ul>\n<li>\n<h3>Teherb\u00edr\u00e1s<\/h3>\n<p>A karhengert \u00fagy kell megtervezni, hogy ellen\u00e1lljon a v\u00e1rhat\u00f3 terhel\u00e9seknek \u00e9s er\u0151knek a biztons\u00e1gos \u00e9s hat\u00e9kony m\u0171k\u00f6d\u00e9s biztos\u00edt\u00e1sa \u00e9rdek\u00e9ben.<\/p>\n<\/li>\n<li>\n<h3>T\u00f6m\u00edt\u00e9s<\/h3>\n<p>K\u00fcl\u00f6nb\u00f6z\u0151 t\u00f6m\u00edt\u0151elemeket, p\u00e9ld\u00e1ul dugatty\u00fat\u00f6m\u00edt\u00e9seket \u00e9s r\u00fadt\u00f6m\u00edt\u00e9seket kell haszn\u00e1lni, lehet\u0151leg kop\u00e1s\u00e1ll\u00f3 anyagokb\u00f3l, p\u00e9ld\u00e1ul poliuret\u00e1nb\u00f3l \u00e9s nitrilgumib\u00f3l. A hengertestet \u00e9s a menetes v\u00e9geket prec\u00edz kezel\u00e9snek kell al\u00e1vetni a kop\u00e1s\u00e1ll\u00f3s\u00e1g fokoz\u00e1sa \u00e9rdek\u00e9ben. A z\u00f6kken\u0151mentes m\u0171k\u00f6d\u00e9shez rendszeres hidraulikaolajjal val\u00f3 ken\u00e9s sz\u00fcks\u00e9ges.<\/p>\n<\/li>\n<li>\n<h3>Tart\u00f3ss\u00e1g<\/h3>\n<p>A karhengernek tart\u00f3s, kiv\u00e1l\u00f3 kop\u00e1s- \u00e9s korr\u00f3zi\u00f3\u00e1ll\u00f3s\u00e1g\u00fa anyagokb\u00f3l kell k\u00e9sz\u00fclnie, hogy ellen\u00e1lljon a zord \u00fczemi k\u00f6r\u00fclm\u00e9nyeknek.<\/p>\n<\/li>\n<li>\n<h3>Biztons\u00e1g<\/h3>\n<p>A balesetek vagy a g\u00e9pek k\u00e1rosod\u00e1s\u00e1nak megel\u0151z\u00e9se \u00e9rdek\u00e9ben biztons\u00e1gi funkci\u00f3kat kell be\u00e9p\u00edteni a tervez\u00e9sbe, p\u00e9ld\u00e1ul nyom\u00e1scs\u00f6kkent\u0151 szelepeket vagy t\u00falterhel\u00e9s elleni v\u00e9delmi mechanizmusokat.<\/p>\n<\/li>\n<li>\n<h3>Karbantarthat\u00f3s\u00e1g<\/h3>\n<p>A tervez\u00e9snek figyelembe kell vennie a karbantart\u00e1s \u00e9s jav\u00edt\u00e1s egyszer\u0171s\u00e9g\u00e9t, lehet\u0151v\u00e9 t\u00e9ve a k\u00e9nyelmes ellen\u0151rz\u00e9seket \u00e9s a le\u00e1ll\u00e1si id\u0151 minimaliz\u00e1l\u00e1s\u00e1t.<\/p>\n<\/li>\n<\/ul>\n<p><img decoding=\"async\" src=\"https:\/\/www.hydraulic-cylinders.net\/wp-content\/uploads\/2025\/01\/songte-chushion-collar.webp\" alt=\"Karhenger P\u00e1rna Gall\u00e9r K\u00e9p\"><\/p>\n<h2>Rendszeres ellen\u0151rz\u00e9s \u00e9s megel\u0151z\u0151 karbantart\u00e1s<\/h2>\n<ul>\n<li>Rendszeresen ellen\u0151rizze a karhengert sziv\u00e1rg\u00e1s, s\u00e9r\u00fcl\u00e9s vagy rendellenes kop\u00e1s jelei szempontj\u00e1b\u00f3l. A tov\u00e1bbi k\u00e1rok megel\u0151z\u00e9se \u00e9s az optim\u00e1lis teljes\u00edtm\u00e9ny biztos\u00edt\u00e1sa \u00e9rdek\u00e9ben azonnal foglalkozzon a probl\u00e9m\u00e1kkal.<\/li>\n<li>Rendszeresen ellen\u0151rizze \u00e9s cser\u00e9lje ki a kopott vagy s\u00e9r\u00fclt t\u00f6m\u00edt\u00e9seket \u00e9s alkatr\u00e9szeket a megfelel\u0151 t\u00f6m\u00edt\u00e9s fenntart\u00e1sa \u00e9s a folyad\u00e9ksziv\u00e1rg\u00e1s megel\u0151z\u00e9se \u00e9rdek\u00e9ben.<\/li>\n<li>A s\u00farl\u00f3d\u00e1s cs\u00f6kkent\u00e9se \u00e9s a sima m\u0171k\u00f6d\u00e9s biztos\u00edt\u00e1sa \u00e9rdek\u00e9ben \u00fcgyeljen arra, hogy a kar hengere megfelel\u0151en legyen kenve az aj\u00e1nlott hidraulikaolajjal, a megadott id\u0151k\u00f6z\u00f6nk\u00e9nt.<\/li>\n<li>Ellen\u0151rizze az \u00f6sszes csatlakoz\u00e1s \u00e9s r\u00f6gz\u00edt\u0151elem szoross\u00e1g\u00e1t, hogy elker\u00fclje az esetleges sziv\u00e1rg\u00e1sokat vagy meglazul\u00e1sokat m\u0171k\u00f6d\u00e9s k\u00f6zben.<\/li>\n<li>K\u00f6vesse a gy\u00e1rt\u00f3 karbantart\u00e1si ir\u00e1nyelveit, \u00e9s v\u00e9gezzen rendszeres ellen\u0151rz\u00e9seket a lehets\u00e9ges probl\u00e9m\u00e1k azonos\u00edt\u00e1sa \u00e9rdek\u00e9ben, miel\u0151tt azok s\u00falyosbodn\u00e1nak.<\/li>\n<\/ul>\n<h2>Term\u00e9ktelep\u00edt\u00e9si \u00fatmutat\u00f3<\/h2>\n<p>A hengerfej megfelel\u0151 felszerel\u00e9s\u00e9hez k\u00f6vesse az al\u00e1bbi l\u00e9p\u00e9seket:<\/p>\n<ol>\n<li>Gy\u0151z\u0151dj\u00f6n meg arr\u00f3l, hogy a g\u00e9p ki van kapcsolva, \u00e9s a hidraulikus rendszer nyom\u00e1smentes.<\/li>\n<li>Sz\u00fcks\u00e9g eset\u00e9n t\u00e1vol\u00edtsa el a r\u00e9gi karhengert, \u00f3vatosan h\u00fazza le a hidraulikavezet\u00e9keket \u00e9s szerelv\u00e9nyeket.<\/li>\n<li>Vizsg\u00e1lja meg a r\u00f6gz\u00edt\u00e9si pontokat \u00e9s az illeszked\u0151 fel\u00fcleteket s\u00e9r\u00fcl\u00e9sek vagy t\u00f6rmel\u00e9kek szempontj\u00e1b\u00f3l. Tiszt\u00edtsa meg \u00e9s k\u00e9sz\u00edtse el\u0151 \u0151ket sz\u00fcks\u00e9g szerint.<\/li>\n<li>Helyezze a hely\u00e9re az \u00faj karhengert, a r\u00f6gz\u00edt\u0151furatokat a g\u00e9p megfelel\u0151 pontjaival igaz\u00edtva.<\/li>\n<li>Biztons\u00e1gosan r\u00f6gz\u00edtse a karhengert a g\u00e9phez a megfelel\u0151 csavarokkal vagy csapokkal, \u00fcgyelve a megfelel\u0151 be\u00e1ll\u00edt\u00e1sra.<\/li>\n<li>Csatlakoztassa \u00fajra a hidraulikus vezet\u00e9keket vagy szerelv\u00e9nyeket, a gy\u00e1rt\u00f3 nyomat\u00e9k- \u00e9s feszess\u00e9gi el\u0151\u00edr\u00e1sainak megfelel\u0151en.<\/li>\n<li>A karhenger m\u0171k\u00f6d\u00e9s\u00e9t a hidraulikus rendszer fokozatos nyom\u00e1s al\u00e1 helyez\u00e9s\u00e9vel \u00e9s a megfelel\u0151 m\u0171k\u00f6d\u00e9s ellen\u0151rz\u00e9s\u00e9vel tesztelje.<\/li>\n<li>Ellen\u0151rizze, hogy nincs-e sziv\u00e1rg\u00e1s vagy rendellenes viselked\u00e9s. A g\u00e9pek \u00fajb\u00f3li \u00fczembe helyez\u00e9se el\u0151tt h\u00e1r\u00edtsa el a probl\u00e9m\u00e1kat.<\/li>\n<\/ol>\n<p><img decoding=\"async\" src=\"https:\/\/www.hydraulic-cylinders.net\/wp-content\/uploads\/2025\/01\/songte-bushings-with-all-kinds-of-excavator-models.webp\" alt=\"Karhenger perselyek k\u00e9pe\"><\/p>\n<h2>Biztons\u00e1gi szempontok \u00e9s k\u00f6rnyezeti t\u00e9nyez\u0151k<\/h2>\n<p>Karhengerekkel v\u00e9gzett munka sor\u00e1n elengedhetetlen a biztons\u00e1gi int\u00e9zked\u00e9sek priorit\u00e1sa:<\/p>\n<ul>\n<li>K\u00f6vesse a gy\u00e1rt\u00f3 \u00e1ltal az adott g\u00e9pre \u00e9s hidraulikus rendszerre vonatkoz\u00f3an megadott \u00f6sszes biztons\u00e1gi el\u0151\u00edr\u00e1st.<\/li>\n<li>Haszn\u00e1ljon megfelel\u0151 szem\u00e9lyi v\u00e9d\u0151felszerel\u00e9st (PPE) hidraulikus rendszerekkel v\u00e9gzett munka sor\u00e1n, bele\u00e9rtve a keszty\u0171t, a v\u00e9d\u0151szem\u00fcveget \u00e9s a v\u00e9d\u0151ruh\u00e1zatot.<\/li>\n<li>Rendszeresen ellen\u0151rizze a kar henger\u00e9t \u00e9s a hidraulikus rendszert az esetleges biztons\u00e1gi kock\u00e1zatok, p\u00e9ld\u00e1ul sziv\u00e1rg\u00e1sok vagy s\u00e9r\u00fclt alkatr\u00e9szek szempontj\u00e1b\u00f3l.<\/li>\n<li>A balesetek vagy s\u00e9r\u00fcl\u00e9sek kock\u00e1zat\u00e1nak minimaliz\u00e1l\u00e1sa \u00e9rdek\u00e9ben k\u00e9pezze ki a kezel\u0151ket \u00e9s a karbantart\u00f3 szem\u00e9lyzetet a g\u00e9pek megfelel\u0151 kezel\u00e9s\u00e9re \u00e9s \u00fczemeltet\u00e9s\u00e9re.<\/li>\n<li>A haszn\u00e1lt hidraulikafolyad\u00e9kokat \u00e9s alkatr\u00e9szeket a helyi k\u00f6rnyezetv\u00e9delmi el\u0151\u00edr\u00e1soknak megfelel\u0151en \u00e1rtalmatlan\u00edtsa a szennyez\u00e9s megel\u0151z\u00e9se \u00e9s a k\u00f6rnyezet v\u00e9delme \u00e9rdek\u00e9ben.<\/li>\n<\/ul>\n<h2>Hibaelh\u00e1r\u00edt\u00e1s \u00e9s gyakori probl\u00e9m\u00e1k<\/h2>\n<p>A karhengerekkel kapcsolatban felmer\u00fcl\u0151 gyakori probl\u00e9m\u00e1k a k\u00f6vetkez\u0151k:<\/p>\n<ul>\n<li>Sziv\u00e1rg\u00f3 hidraulikafolyad\u00e9k: Ellen\u0151rizze \u00e9s cser\u00e9lje ki a kopott vagy s\u00e9r\u00fclt t\u00f6m\u00edt\u00e9seket a megfelel\u0151 t\u00f6m\u00edt\u00e9s biztos\u00edt\u00e1sa \u00e9s a folyad\u00e9ksziv\u00e1rg\u00e1s megel\u0151z\u00e9se \u00e9rdek\u00e9ben.<\/li>\n<li>Rendellenes zajok m\u0171k\u00f6d\u00e9s k\u00f6zben: Ellen\u0151rizze a laza csatlakoz\u00e1sokat vagy kopott alkatr\u00e9szeket, \u00e9s azonnal jav\u00edtsa ki \u0151ket a tov\u00e1bbi k\u00e1rok elker\u00fcl\u00e9se \u00e9rdek\u00e9ben.<\/li>\n<li>Egyenetlen vagy mozg\u00e1skies\u00e9s: Ellen\u0151rizze a hidraulikus rendszer nyom\u00e1s\u00e1t \u00e9s \u00e1raml\u00e1s\u00e1t, \u00e9s vizsg\u00e1lja meg, hogy nincsenek-e elz\u00e1r\u00f3d\u00e1sok vagy sz\u0171k\u00fcletek a vezet\u00e9kekben.<\/li>\n<\/ul>\n<p>A probl\u00e9m\u00e1k elh\u00e1r\u00edt\u00e1s\u00e1hoz \u00e9s megold\u00e1s\u00e1hoz vegye figyelembe a k\u00f6vetkez\u0151ket:<\/p>\n<ul>\n<li>A konkr\u00e9t hibaelh\u00e1r\u00edt\u00e1si l\u00e9p\u00e9sek\u00e9rt \u00e9s az aj\u00e1nlott megold\u00e1sok\u00e9rt tekintse meg a gy\u00e1rt\u00f3 dokument\u00e1ci\u00f3j\u00e1t.<\/li>\n<li>Seg\u00edts\u00e9g\u00e9rt forduljon szakk\u00e9pzett hidraulikus szerel\u0151h\u00f6z, vagy vegye fel a kapcsolatot a gy\u00e1rt\u00f3 \u00fcgyf\u00e9lszolg\u00e1lat\u00e1val.<\/li>\n<li>Rendszeresen ellen\u0151rizze \u00e9s tartsa karban a karhengert az azonos\u00edt\u00e1s \u00e9rdek\u00e9ben<br \/>","protected":false},"excerpt":{"rendered":"<p>Arm Cylinder for Hitachi Wheel Excavator ZX170W-3 Introduction The Arm Cylinder for Hitachi Wheel Excavator ZX170W-3 is a specialized hydraulic cylinder designed to provide linear motion and power to the arm of various machinery such as excavators, cranes, and mechanical arms. The arm cylinder plays a crucial role in hydraulic systems, enabling the efficient movement [&hellip;]<\/p>","protected":false},"featured_media":14766,"comment_status":"open","ping_status":"closed","template":"","meta":{"_et_pb_use_builder":"","_et_pb_old_content":"","_et_gb_content_width":""},"product_brand":[],"product_cat":[1497],"product_tag":[1498,1496],"class_list":{"0":"post-16090","1":"product","2":"type-product","3":"status-publish","4":"has-post-thumbnail","6":"product_cat-arm-cylinders","7":"product_tag-arm-cylinders","8":"product_tag-hydraulic-cylinders","10":"first","11":"instock","12":"shipping-taxable","13":"product-type-simple"},"amp_enabled":true,"_links":{"self":[{"href":"https:\/\/www.hydraulic-cylinders.net\/hu\/wp-json\/wp\/v2\/product\/16090","targetHints":{"allow":["GET"]}}],"collection":[{"href":"https:\/\/www.hydraulic-cylinders.net\/hu\/wp-json\/wp\/v2\/product"}],"about":[{"href":"https:\/\/www.hydraulic-cylinders.net\/hu\/wp-json\/wp\/v2\/types\/product"}],"replies":[{"embeddable":true,"href":"https:\/\/www.hydraulic-cylinders.net\/hu\/wp-json\/wp\/v2\/comments?post=16090"}],"wp:featuredmedia":[{"embeddable":true,"href":"https:\/\/www.hydraulic-cylinders.net\/hu\/wp-json\/wp\/v2\/media\/14766"}],"wp:attachment":[{"href":"https:\/\/www.hydraulic-cylinders.net\/hu\/wp-json\/wp\/v2\/media?parent=16090"}],"wp:term":[{"taxonomy":"product_brand","embeddable":true,"href":"https:\/\/www.hydraulic-cylinders.net\/hu\/wp-json\/wp\/v2\/product_brand?post=16090"},{"taxonomy":"product_cat","embeddable":true,"href":"https:\/\/www.hydraulic-cylinders.net\/hu\/wp-json\/wp\/v2\/product_cat?post=16090"},{"taxonomy":"product_tag","embeddable":true,"href":"https:\/\/www.hydraulic-cylinders.net\/hu\/wp-json\/wp\/v2\/product_tag?post=16090"}],"curies":[{"name":"munkaf\u00fczet","href":"https:\/\/api.w.org\/{rel}","templated":true}]}}