{"id":16092,"date":"2025-01-20T08:28:04","date_gmt":"2025-01-20T08:28:04","guid":{"rendered":"https:\/\/www.hydraulic-cylinders.net\/product\/arm-cylinderfor-sumitomo-small-excavator-sh60\/"},"modified":"2025-01-20T08:28:06","modified_gmt":"2025-01-20T08:28:06","slug":"arm-cylinderfor-sumitomo-small-excavator-sh60","status":"publish","type":"product","link":"https:\/\/www.hydraulic-cylinders.net\/hu\/termek\/arm-cylinderfor-sumitomo-small-excavator-sh60\/","title":{"rendered":"Karhenger Sumitomo SH60 kis kotr\u00f3g\u00e9phez"},"content":{"rendered":"<h1>Karhenger Sumitomo SH60 kis kotr\u00f3g\u00e9phez<\/h1>\n<h2>Bevezet\u00e9s<\/h2>\n<p>A karhenger egy olyan hidraulikus henger, amelyet kifejezetten arra terveztek, hogy line\u00e1ris mozg\u00e1st \u00e9s er\u0151t biztos\u00edtson k\u00fcl\u00f6nf\u00e9le g\u00e9pek, p\u00e9ld\u00e1ul kotr\u00f3g\u00e9pek, daruk \u00e9s mechanikus karok karjainak. A karhenger kritikus szerepet j\u00e1tszik a hidraulikus rendszerekben, lehet\u0151v\u00e9 t\u00e9ve tov\u00e1bbi szersz\u00e1mok vagy tartoz\u00e9kok mozg\u00e1s\u00e1t \u00e9s vez\u00e9rl\u00e9s\u00e9t. Ezek a hengerek nemcsak sima mozg\u00e1st biztos\u00edtanak, hanem k\u00e9pesek ellen\u00e1llni a nagy terhel\u00e9seknek is, biztos\u00edtva a g\u00e9p hat\u00e9kony m\u0171k\u00f6d\u00e9s\u00e9t \u00e9s megb\u00edzhat\u00f3s\u00e1g\u00e1t k\u00fcl\u00f6nb\u00f6z\u0151 \u00fczemi k\u00f6r\u00fclm\u00e9nyek k\u00f6z\u00f6tt.<\/p>\n<p><img decoding=\"async\" src=\"https:\/\/www.hydraulic-cylinders.net\/wp-content\/uploads\/2025\/01\/songte-company-2.webp\" alt=\"Karhenger k\u00e9pe\"><\/p>\n<h3>Jellemz\u0151k<\/h3>\n<ul>\n<li><strong>Hat\u00e9kony er\u0151\u00e1tvitel:<\/strong> A karhenger er\u0151teljes line\u00e1ris mozg\u00e1st \u00e9s er\u0151t biztos\u00edt, biztos\u00edtva a mechanikus kar nagy teljes\u00edtm\u00e9ny\u00e9t k\u00fcl\u00f6nf\u00e9le m\u0171veletek sor\u00e1n.<\/li>\n<li><strong>Prec\u00edz vez\u00e9rl\u00e9s:<\/strong> A hidraulikus rendszeren kereszt\u00fcl a karhenger prec\u00edz mozg\u00e1svez\u00e9rl\u00e9st \u00e9rhet el, \u00edgy a kieg\u00e9sz\u00edt\u0151 szersz\u00e1mok m\u0171k\u00f6dtet\u00e9se rugalmasabb \u00e9s pontosabb.<\/li>\n<li><strong>Er\u0151s tart\u00f3ss\u00e1g:<\/strong> A karhenger jellemz\u0151en nagy szil\u00e1rds\u00e1g\u00fa anyagokb\u00f3l k\u00e9sz\u00fcl, j\u00f3 kop\u00e1s- \u00e9s korr\u00f3zi\u00f3\u00e1ll\u00f3s\u00e1ggal, \u00edgy alkalmas hossz\u00fa t\u00e1v\u00fa haszn\u00e1latra zord k\u00f6rnyezetben.<\/li>\n<li><strong>T\u00f6bbfunkci\u00f3s alkalmazkod\u00f3k\u00e9pess\u00e9g:<\/strong> Ezek a munkahengerek sz\u00e9les k\u00f6rben alkalmazhat\u00f3k k\u00fcl\u00f6nf\u00e9le mechanikus berendez\u00e9seken, p\u00e9ld\u00e1ul kotr\u00f3g\u00e9peken, darukon \u00e9s mechanikus karokon, alkalmazkodva a k\u00fcl\u00f6nb\u00f6z\u0151 munkak\u00f6vetelm\u00e9nyekhez.<\/li>\n<li><strong>K\u00f6nny\u0171 karbantart\u00e1s:<\/strong> Az egyszer\u0171 karbantart\u00e1sra \u00e9s cser\u00e9re tervezett rendszernek k\u00f6sz\u00f6nhet\u0151en a rendszeres ellen\u0151rz\u00e9sek \u00e9s karbantart\u00e1s k\u00e9nyelmesebb\u00e9 v\u00e1lik, cs\u00f6kkentve a berendez\u00e9sek \u00e1ll\u00e1sidej\u00e9t.<\/li>\n<\/ul>\n<p>Ezt a term\u00e9ket el\u0151 tudjuk \u00e1ll\u00edtani, \u00e9s t\u00f6k\u00e9letesen helyettes\u00edtheti ezeket a hidraulikus hengereket.<\/p>\n<p><img decoding=\"async\" src=\"https:\/\/www.hydraulic-cylinders.net\/wp-content\/uploads\/2025\/01\/songte-oil-pipes-and-spare-parts.webp\" alt=\"Hidraulikus henger k\u00e9pe\"><\/p>\n<h2>Alkalmaz\u00e1sok<\/h2>\n<p>A hengerfejet sz\u00e9les k\u00f6rben haszn\u00e1lj\u00e1k k\u00fcl\u00f6nb\u00f6z\u0151 ipar\u00e1gakban, p\u00e9ld\u00e1ul:<\/p>\n<ul>\n<li><strong>\u00c9p\u00edt\u0151m\u00e9rn\u00f6ki:<\/strong> Kotr\u00f3g\u00e9pekn\u00e9l \u00e9s darukn\u00e1l a karhenger a lap\u00e1t vagy a g\u00e9m mozg\u00e1s\u00e1nak vez\u00e9rl\u00e9s\u00e9re szolg\u00e1l f\u00f6ldmozgat\u00e1s, anyagmozgat\u00e1s \u00e9s szerkezeti szerel\u00e9s sor\u00e1n.<\/li>\n<li><strong>Gy\u00e1rt\u00e1s:<\/strong> Az automatiz\u00e1lt gy\u00e1rt\u00f3sorokon a karhengert a mechanikus kar mozg\u00e1s\u00e1nak vez\u00e9rl\u00e9s\u00e9re haszn\u00e1lj\u00e1k az \u00f6sszeszerel\u00e9si, hegeszt\u00e9si \u00e9s anyagmozgat\u00e1si folyamatok v\u00e9grehajt\u00e1s\u00e1hoz, jav\u00edtva a termel\u00e9si hat\u00e9konys\u00e1got \u00e9s a pontoss\u00e1got.<\/li>\n<li><strong>Mez\u0151gazdas\u00e1gi g\u00e9pek:<\/strong> A mez\u0151gazdas\u00e1gi g\u00e9pekben, p\u00e9ld\u00e1ul a betakar\u00edt\u00f3g\u00e9pekben \u00e9s a vet\u0151g\u00e9pekben a karhenger vez\u00e9rli a m\u0171k\u00f6dtet\u0151 kar mozg\u00e1s\u00e1t olyan feladatok elv\u00e9gz\u00e9s\u00e9hez, mint a vet\u00e9s, a tr\u00e1gy\u00e1z\u00e1s \u00e9s a betakar\u00edt\u00e1s.<\/li>\n<li><strong>B\u00e1ny\u00e1szati:<\/strong> A b\u00e1ny\u00e1szati \u200b\u200bberendez\u00e9sekben a karhengert a b\u00e1ny\u00e1szati \u200b\u200bberendez\u00e9sek karj\u00e1nak mozg\u00e1s\u00e1nak vez\u00e9rl\u00e9s\u00e9re haszn\u00e1lj\u00e1k az \u00e9rcb\u00e1ny\u00e1szat \u00e9s -sz\u00e1ll\u00edt\u00e1s elv\u00e9gz\u00e9s\u00e9hez.<\/li>\n<li><strong>Logisztika \u00e9s sz\u00e1ll\u00edt\u00e1s:<\/strong> Targonc\u00e1kban \u00e9s anyagmozgat\u00f3 robotokban a karhenger a villa emel\u00e9s\u00e9nek \u00e9s mozg\u00e1s\u00e1nak vez\u00e9rl\u00e9s\u00e9re szolg\u00e1l, megval\u00f3s\u00edtva az anyagmozgat\u00e1st \u00e9s a rakod\u00e1st.<\/li>\n<\/ul>\n<h2>Tervez\u00e9si szempontok \u00e9s kiv\u00e1laszt\u00e1si krit\u00e9riumok<\/h2>\n<p>Tervez\u00e9si szempontb\u00f3l a karhenger teherb\u00edr\u00e1sa, t\u00f6m\u00edt\u00e9se, tart\u00f3ss\u00e1ga, biztons\u00e1ga \u00e9s karbantarthat\u00f3s\u00e1ga mind fontos szempont. <\/p>\n<ul>\n<li><strong>Teherb\u00edr\u00e1s:<\/strong> A karos munkahengerek nagy terhel\u00e9sek elvisel\u00e9s\u00e9re vannak tervezve, ez\u00e9rt elengedhetetlen a henger teherb\u00edr\u00e1s\u00e1nak figyelembev\u00e9tele a berendez\u00e9s \u00fczemi k\u00f6vetelm\u00e9nyei szerint.<\/li>\n<li><strong>T\u00f6m\u00edt\u00e9s:<\/strong> A kop\u00e1s\u00e1ll\u00f3 anyagokb\u00f3l, p\u00e9ld\u00e1ul poliuret\u00e1nb\u00f3l \u00e9s nitrilgumib\u00f3l k\u00e9sz\u00fclt k\u00fcl\u00f6nf\u00e9le t\u00f6m\u00edt\u00e9sek, p\u00e9ld\u00e1ul dugatty\u00fat\u00f6m\u00edt\u00e9sek, r\u00fadt\u00f6m\u00edt\u00e9sek stb. haszn\u00e1lata kulcsfontoss\u00e1g\u00fa a karhenger t\u00f6m\u00edt\u0151teljes\u00edtm\u00e9ny\u00e9nek biztos\u00edt\u00e1s\u00e1hoz.<\/li>\n<li><strong>Tart\u00f3ss\u00e1g:<\/strong> A karhenger hengerteste \u00e9s menetes v\u00e9gfel\u00fclete finom megmunk\u00e1l\u00e1son esik \u00e1t a kop\u00e1s\u00e1ll\u00f3s\u00e1g \u00e9s a korr\u00f3zi\u00f3\u00e1ll\u00f3s\u00e1g jav\u00edt\u00e1sa \u00e9rdek\u00e9ben.<\/li>\n<li><strong>Biztons\u00e1g:<\/strong> Biztons\u00e1gi int\u00e9zked\u00e9seket, p\u00e9ld\u00e1ul biztons\u00e1gi szelepeket \u00e9s puffereszk\u00f6z\u00f6ket kell biztos\u00edtani a t\u00falterhel\u00e9s vagy rendszerhiba okozta balesetek megel\u0151z\u00e9se \u00e9rdek\u00e9ben.<\/li>\n<li><strong>Karbantarthat\u00f3s\u00e1g:<\/strong> A tervez\u00e9snek figyelembe kell vennie a henger egyszer\u0171 karbantart\u00e1s\u00e1t \u00e9s cser\u00e9j\u00e9t a karbantart\u00e1si k\u00f6lts\u00e9gek \u00e9s a berendez\u00e9sek \u00e1ll\u00e1sidej\u00e9nek cs\u00f6kkent\u00e9se \u00e9rdek\u00e9ben.<\/li>\n<\/ul>\n<p><img decoding=\"async\" src=\"https:\/\/www.hydraulic-cylinders.net\/wp-content\/uploads\/2025\/01\/songte-cylinder-head-with-all-kinds-excavator-models.webp\" alt=\"Hidraulikus henger k\u00e9pe\"><\/p>\n<h2>T\u00f6m\u00edt\u00e9s \u00e9s ken\u00e9s<\/h2>\n<p>A karhenger k\u00fcl\u00f6nf\u00e9le t\u00f6m\u00edt\u00e9seket haszn\u00e1l, p\u00e9ld\u00e1ul dugatty\u00fat\u00f6m\u00edt\u00e9seket \u00e9s r\u00fadt\u00f6m\u00edt\u00e9seket, amelyek kop\u00e1s\u00e1ll\u00f3 anyagokb\u00f3l, p\u00e9ld\u00e1ul poliuret\u00e1nb\u00f3l \u00e9s nitrilgumib\u00f3l k\u00e9sz\u00fclnek. A hengertest \u00e9s a menetes v\u00e9gfel\u00fclet finom megmunk\u00e1l\u00e1son esik \u00e1t a kop\u00e1s\u00e1ll\u00f3s\u00e1g \u00e9s a korr\u00f3zi\u00f3\u00e1ll\u00f3s\u00e1g jav\u00edt\u00e1sa \u00e9rdek\u00e9ben. Teljes\u00edtm\u00e9ny\u00e9nek fenntart\u00e1sa \u00e9s \u00e9lettartam\u00e1nak meghosszabb\u00edt\u00e1sa \u00e9rdek\u00e9ben rendszeres ken\u00e9st ig\u00e9nyel megfelel\u0151 mennyis\u00e9g\u0171 hidraulikaolajjal.<\/p>\n<p><img decoding=\"async\" src=\"https:\/\/www.hydraulic-cylinders.net\/wp-content\/uploads\/2025\/01\/songte-chushion-collar.webp\" alt=\"Hidraulikus henger k\u00e9pe\"><\/p>\n<h2>Karbantart\u00e1s \u00e9s hibaelh\u00e1r\u00edt\u00e1s<\/h2>\n<p>A rendszeres ellen\u0151rz\u00e9s \u00e9s a megel\u0151z\u0151 karbantart\u00e1s seg\u00edthet megel\u0151zni a lehets\u00e9ges probl\u00e9m\u00e1kat \u00e9s cs\u00f6kkenteni a berendez\u00e9sek \u00e1ll\u00e1sidej\u00e9t. Meghib\u00e1sod\u00e1s eset\u00e9n azonnali diagn\u00f3zis \u00e9s hibaelh\u00e1r\u00edt\u00e1s sz\u00fcks\u00e9ges. N\u00e9h\u00e1ny gyakori probl\u00e9ma \u00e9s megold\u00e1suk a k\u00f6vetkez\u0151:<\/p>\n<ul>\n<li><strong>Alacsony \u00fczemi sebess\u00e9g:<\/strong> Ellen\u0151rizze a rendszernyom\u00e1st \u00e9s az \u00e1raml\u00e1si sebess\u00e9get, vizsg\u00e1lja meg a hengert sziv\u00e1rg\u00e1s szempontj\u00e1b\u00f3l, \u00e9s tiszt\u00edtsa meg vagy cser\u00e9lje ki a sz\u0171r\u0151ket.<\/li>\n<li><strong>El\u00e9gtelen er\u0151:<\/strong> Ellen\u0151rizze a rendszernyom\u00e1st, vizsg\u00e1lja meg a hengert sziv\u00e1rg\u00e1s szempontj\u00e1b\u00f3l, \u00e9s \u00e1ll\u00edtsa be a szab\u00e1lyoz\u00f3szelepet.<\/li>\n<li><strong>Rendellenes zaj:<\/strong> Ellen\u0151rizze a rendszernyom\u00e1st \u00e9s az \u00e1raml\u00e1si sebess\u00e9get, vizsg\u00e1lja meg a palackot s\u00e9r\u00fcl\u00e9s vagy szennyez\u0151d\u00e9s szempontj\u00e1b\u00f3l, \u00e9s cser\u00e9lje ki a s\u00e9r\u00fclt alkatr\u00e9szeket.<\/li>\n<li><strong>T\u00falmeleged\u00e9s:<\/strong> Ellen\u0151rizze a rendszernyom\u00e1st \u00e9s az \u00e1raml\u00e1si sebess\u00e9get, vizsg\u00e1lja meg a palackot sziv\u00e1rg\u00e1s vagy szennyez\u0151d\u00e9s szempontj\u00e1b\u00f3l, \u00e9s tiszt\u00edtsa meg vagy cser\u00e9lje ki a sz\u0171r\u0151ket.<\/li>\n<\/ul>\n<p>A lehets\u00e9ges probl\u00e9m\u00e1k megel\u0151z\u00e9se \u00e9rdek\u00e9ben rendszeres ellen\u0151rz\u00e9s \u00e9s karbantart\u00e1s sz\u00fcks\u00e9ges. Fontos, hogy betartsuk a gy\u00e1rt\u00f3 utas\u00edt\u00e1sait \u00e9s ir\u00e1nyelveit az alkatr\u00e9szek karbantart\u00e1s\u00e1val \u00e9s cser\u00e9j\u00e9vel kapcsolatban.<\/p>\n<h2>Telep\u00edt\u00e9si \u00fatmutat\u00f3<\/h2>\n<p>A karhenger beszerel\u00e9se gondos el\u0151k\u00e9sz\u00edt\u00e9st \u00e9s kezel\u00e9st ig\u00e9nyel a rendszer biztons\u00e1g\u00e1nak \u00e9s megb\u00edzhat\u00f3s\u00e1g\u00e1nak biztos\u00edt\u00e1sa \u00e9rdek\u00e9ben. A k\u00f6vetkez\u0151 l\u00e9p\u00e9sek aj\u00e1nlottak:<\/p>\n<ol>\n<li>K\u00e9sz\u00edtse el\u0151 a munkahelyet \u00e9s a sz\u00fcks\u00e9ges szerel\u00e9si eszk\u00f6z\u00f6ket \u00e9s berendez\u00e9seket.<\/li>\n<li>Vizsg\u00e1lja meg a hengert \u00e9s a kapcsol\u00f3d\u00f3 alkatr\u00e9szeket s\u00e9r\u00fcl\u00e9sek vagy szennyez\u0151d\u00e9sek szempontj\u00e1b\u00f3l.<\/li>\n<li>Tiszt\u00edtsa meg a telep\u00edt\u00e9si fel\u00fcletet \u00e9s az alkatr\u00e9szeket a szennyez\u0151d\u00e9sekt\u0151l \u00e9s t\u00f6rmel\u00e9kekt\u0151l.<\/li>\n<li>Vigyen fel megfelel\u0151 mennyis\u00e9g\u0171 ken\u0151anyagot a henger menetes v\u00e9gfel\u00fclet\u00e9re, \u00e9s szerelje fel a berendez\u00e9sre.<\/li>\n<li>H\u00fazza meg az any\u00e1kat a gy\u00e1rt\u00f3 \u00e1ltal aj\u00e1nlott nyomat\u00e9kbe\u00e1ll\u00edt\u00e1soknak megfelel\u0151en.<\/li>\n<li>Csatlakoztassa a hidraulikat\u00f6ml\u0151ket \u00e9s -cs\u00f6veket, \u00e9s ellen\u0151rizze, hogy nincs-e sziv\u00e1rg\u00e1s.<\/li>\n<li>Tesztelje a rendszert, \u00e9s \u00e1ll\u00edtsa be a szab\u00e1lyoz\u00f3szelepet az optim\u00e1lis teljes\u00edtm\u00e9ny \u00e9rdek\u00e9ben.<\/li>\n<\/ol>\n<p><img decoding=\"async\" src=\"https:\/\/www.hydraulic-cylinders.net\/wp-content\/uploads\/2025\/01\/songte-bushings-with-all-kinds-of-excavator-models.webp\" alt=\"Hidraulikus henger k\u00e9pe\"><\/p>\n<h2>Biztons\u00e1gi szempontok \u00e9s k\u00f6rnyezeti t\u00e9nyez\u0151k<\/h2>\n<p>A karos henger haszn\u00e1latakor elengedhetetlen a biztons\u00e1gi el\u0151\u00edr\u00e1sok \u00e9s ir\u00e1nyelvek betart\u00e1sa a balesetek megel\u0151z\u00e9se \u00e9s a biztons\u00e1gos m\u0171k\u00f6d\u00e9s biztos\u00edt\u00e1sa \u00e9rdek\u00e9ben. Biztons\u00e1gi int\u00e9zked\u00e9seket, p\u00e9ld\u00e1ul biztons\u00e1gi szelepeket \u00e9s puffereszk\u00f6z\u00f6ket kell biztos\u00edtani a t\u00falterhel\u00e9s vagy rendszerhiba okozta balesetek megel\u0151z\u00e9se \u00e9rdek\u00e9ben. A henger optim\u00e1lis teljes\u00edtm\u00e9ny\u00e9nek \u00e9s \u00e9lettartam\u00e1nak biztos\u00edt\u00e1sa \u00e9rdek\u00e9ben a k\u00f6rnyezeti t\u00e9nyez\u0151ket, p\u00e9ld\u00e1ul a h\u0151m\u00e9rs\u00e9kletet, a p\u00e1ratartalmat \u00e9s a korroz\u00edv anyagokat is figyelembe kell venni.<\/p>\n<h2>R\u00f3lunk<\/h2>\n<p>Sz\u00e9les term\u00e9kv\u00e1laszt\u00e9kkal rendelkez\u0151, professzion\u00e1lis hidraulikus hengergy\u00e1rt\u00f3k vagyunk, \u00e9s a hazai \u00e9s nemzetk\u00f6zi piacok egyik vezet\u0151 hidraulikus hengergy\u00e1rt\u00f3j\u00e1v\u00e1 \u00e9s nagykereskedelmi forgalmaz\u00f3j\u00e1v\u00e1 v\u00e1ltunk. Mindig a kiv\u00e1l\u00f3 min\u0151s\u00e9g elv\u00e9t k\u00f6vetj\u00fck, \u00e9s folyamatosan fejlesztj\u00fck technol\u00f3gi\u00e1nkat \u00e9s termel\u00e9si hat\u00e9konys\u00e1gunkat a kifinomult gy\u00e1rt\u00f3m\u0171hely iparos\u00edt\u00e1si termel\u00e9sir\u00e1ny\u00edt\u00e1si strat\u00e9gi\u00e1j\u00e1ra t\u00e1maszkodva. Cs\u00facskateg\u00f3ri\u00e1s digit\u00e1lis gy\u00e1rt\u00f3berendez\u00e9sek \u00e9s professzion\u00e1lis tesztel\u0151rendszerek bevezet\u00e9s\u00e9vel folyamatosan optimaliz\u00e1ljuk gy\u00e1rt\u00e1si platformunkat, fejlesztj\u00fck term\u00e9kmin\u0151s\u00e9g-ellen\u0151rz\u00e9si folyamatunkat, \u00e9s er\u0151s innov\u00e1ci\u00f3s k\u00e9pess\u00e9gekkel rendelkez\u00fcnk. C\u00e9lunk, hogy nagy hat\u00e9konys\u00e1ggal, pontoss\u00e1ggal \u00e9s kiv\u00e1l\u00f3 min\u0151s\u00e9gben el\u00e9g\u00edts\u00fck ki \u00fcgyfeleink sokr\u00e9t\u0171 ig\u00e9nyeit.<\/p>\n<p>Professzion\u00e1lis, nemzetk\u00f6zileg tan\u00fas\u00edtott, szem\u00e9lyre szabott szolg\u00e1ltat\u00e1sokat, fejlett gy\u00e1rt\u00f3berendez\u00e9seket \u00e9s kiv\u00e1l\u00f3 \u00e9rt\u00e9kes\u00edt\u00e9s ut\u00e1ni szolg\u00e1ltat\u00e1st k\u00edn\u00e1lunk a term\u00e9kmin\u0151s\u00e9g \u00e9s az \u00fcgyfelek el\u00e9gedetts\u00e9g\u00e9nek biztos\u00edt\u00e1sa \u00e9rdek\u00e9ben.<\/p>\n<p><img decoding=\"async\" src=\"https:\/\/www.hydraulic-cylinders.net\/wp-content\/uploads\/2025\/01\/songte-company-4.webp\" alt=\"C\u00e9ges im\u00e1zs\"><br \/>\n<img decoding=\"async\" src=\"https:\/\/www.hydraulic-cylinders.net\/wp-content\/uploads\/2025\/01\/songte-company-3.webp\" alt=\"C\u00e9ges im\u00e1zs\"><\/p>\n<p>Szerz\u0151: lyl.<\/p>","protected":false},"excerpt":{"rendered":"<p>Arm Cylinder for Sumitomo Small Excavator SH60 Introduction An arm cylinder is a type of hydraulic cylinder designed specifically to provide linear motion and power to the arms of various types of machinery, such as excavators, cranes, and mechanical arms. The arm cylinder plays a critical role in hydraulic systems, enabling the movement and control [&hellip;]<\/p>","protected":false},"featured_media":14759,"comment_status":"open","ping_status":"closed","template":"","meta":{"_et_pb_use_builder":"","_et_pb_old_content":"","_et_gb_content_width":""},"product_brand":[],"product_cat":[1497],"product_tag":[1498,1496],"class_list":{"0":"post-16092","1":"product","2":"type-product","3":"status-publish","4":"has-post-thumbnail","6":"product_cat-arm-cylinders","7":"product_tag-arm-cylinders","8":"product_tag-hydraulic-cylinders","10":"first","11":"instock","12":"shipping-taxable","13":"product-type-simple"},"amp_enabled":true,"_links":{"self":[{"href":"https:\/\/www.hydraulic-cylinders.net\/hu\/wp-json\/wp\/v2\/product\/16092","targetHints":{"allow":["GET"]}}],"collection":[{"href":"https:\/\/www.hydraulic-cylinders.net\/hu\/wp-json\/wp\/v2\/product"}],"about":[{"href":"https:\/\/www.hydraulic-cylinders.net\/hu\/wp-json\/wp\/v2\/types\/product"}],"replies":[{"embeddable":true,"href":"https:\/\/www.hydraulic-cylinders.net\/hu\/wp-json\/wp\/v2\/comments?post=16092"}],"wp:featuredmedia":[{"embeddable":true,"href":"https:\/\/www.hydraulic-cylinders.net\/hu\/wp-json\/wp\/v2\/media\/14759"}],"wp:attachment":[{"href":"https:\/\/www.hydraulic-cylinders.net\/hu\/wp-json\/wp\/v2\/media?parent=16092"}],"wp:term":[{"taxonomy":"product_brand","embeddable":true,"href":"https:\/\/www.hydraulic-cylinders.net\/hu\/wp-json\/wp\/v2\/product_brand?post=16092"},{"taxonomy":"product_cat","embeddable":true,"href":"https:\/\/www.hydraulic-cylinders.net\/hu\/wp-json\/wp\/v2\/product_cat?post=16092"},{"taxonomy":"product_tag","embeddable":true,"href":"https:\/\/www.hydraulic-cylinders.net\/hu\/wp-json\/wp\/v2\/product_tag?post=16092"}],"curies":[{"name":"munkaf\u00fczet","href":"https:\/\/api.w.org\/{rel}","templated":true}]}}