{"id":16097,"date":"2025-01-20T08:28:31","date_gmt":"2025-01-20T08:28:31","guid":{"rendered":"https:\/\/www.hydraulic-cylinders.net\/product\/arm-cylinderfor-sumitomo-small-excavator-sh80-6\/"},"modified":"2025-01-20T08:28:33","modified_gmt":"2025-01-20T08:28:33","slug":"arm-cylinderfor-sumitomo-small-excavator-sh80-6","status":"publish","type":"product","link":"https:\/\/www.hydraulic-cylinders.net\/hu\/termek\/arm-cylinderfor-sumitomo-small-excavator-sh80-6\/","title":{"rendered":"Karhenger Sumitomo SH80-6 kis kotr\u00f3g\u00e9phez"},"content":{"rendered":"<h1>Karhenger Sumitomo SH80-6 kis kotr\u00f3g\u00e9phez<\/h1>\n<h2>Bevezet\u00e9s<\/h2>\n<h3>Karhenger meghat\u00e1roz\u00e1sa<\/h3>\n<p>A karhenger egy hidraulikus henger, amelyet kifejezetten arra terveztek, hogy line\u00e1ris mozg\u00e1st \u00e9s er\u0151t biztos\u00edtson k\u00fcl\u00f6nf\u00e9le g\u00e9pkarok, p\u00e9ld\u00e1ul kotr\u00f3g\u00e9pek, daruk \u00e9s robotkarok sz\u00e1m\u00e1ra. A karhengerek kulcsszerepet j\u00e1tszanak a hidraulikus rendszerekben, lehet\u0151v\u00e9 t\u00e9ve a tartoz\u00e9kok vagy szersz\u00e1mok hat\u00e9kony mozg\u00e1s\u00e1t \u00e9s vez\u00e9rl\u00e9s\u00e9t. Ezek a hengerek nemcsak sima mozg\u00e1st biztos\u00edtanak, hanem nagy terhel\u00e9seket is elviselnek, biztos\u00edtva a g\u00e9p hat\u00e9kony m\u0171k\u00f6d\u00e9s\u00e9t \u00e9s megb\u00edzhat\u00f3s\u00e1g\u00e1t k\u00fcl\u00f6nb\u00f6z\u0151 \u00fczemi k\u00f6r\u00fclm\u00e9nyek k\u00f6z\u00f6tt.<\/p>\n<p><img decoding=\"async\" src=\"https:\/\/www.hydraulic-cylinders.net\/wp-content\/uploads\/2025\/01\/songte-company-2.webp\" alt=\"Karhenger\" \/><\/p>\n<h2>Jellemz\u0151k<\/h2>\n<h3>Hat\u00e9kony er\u0151\u00e1tvitel<\/h3>\n<p>A karhengerek er\u0151teljes line\u00e1ris mozg\u00e1st \u00e9s er\u0151t biztos\u00edtanak, biztos\u00edtva a g\u00e9pkar nagy hat\u00e9konys\u00e1g\u00fa teljes\u00edtm\u00e9ny\u00e9t k\u00fcl\u00f6nf\u00e9le m\u0171veletek sor\u00e1n.<\/p>\n<h3>Prec\u00edz vez\u00e9rl\u00e9s<\/h3>\n<p>A hidraulikus rendszeren kereszt\u00fcl a kar munkahengerei prec\u00edz mozg\u00e1svez\u00e9rl\u00e9st tesznek lehet\u0151v\u00e9, \u00edgy a tartoz\u00e9kok m\u0171k\u00f6d\u00e9se rugalmasabb \u00e9s pontosabb.<\/p>\n<h3>Tart\u00f3ss\u00e1g<\/h3>\n<p>A karhengerek jellemz\u0151en nagy szil\u00e1rds\u00e1g\u00fa anyagokb\u00f3l k\u00e9sz\u00fclnek, j\u00f3 kop\u00e1s- \u00e9s korr\u00f3zi\u00f3\u00e1ll\u00f3s\u00e1ggal rendelkeznek, \u00edgy alkalmasak hossz\u00fa t\u00e1v\u00fa haszn\u00e1latra zord k\u00f6rnyezetben.<\/p>\n<h3>T\u00f6bbfunkci\u00f3s alkalmazkod\u00f3k\u00e9pess\u00e9g<\/h3>\n<p>Ezek a munkahengerek sz\u00e9les k\u00f6rben alkalmazhat\u00f3k k\u00fcl\u00f6nf\u00e9le g\u00e9pekhez, p\u00e9ld\u00e1ul kotr\u00f3g\u00e9pekhez, darukhoz \u00e9s robotkarokhoz, alkalmazkodva a k\u00fcl\u00f6nb\u00f6z\u0151 munkak\u00f6vetelm\u00e9nyekhez.<\/p>\n<h3>K\u00f6nny\u0171 karbantart\u00e1s<\/h3>\n<p>A tervez\u00e9si szempontok biztos\u00edtj\u00e1k az egyszer\u0171 karbantart\u00e1st \u00e9s cser\u00e9t, \u00edgy a rendszeres ellen\u0151rz\u00e9sek \u00e9s karbantart\u00e1s k\u00e9nyelmesebb\u00e9 v\u00e1lik, \u00e9s cs\u00f6kken a berendez\u00e9sek \u00e1ll\u00e1sideje.<\/p>\n<p><img decoding=\"async\" src=\"https:\/\/www.hydraulic-cylinders.net\/wp-content\/uploads\/2025\/01\/songte-oil-pipes-and-spare-parts.webp\" alt=\"Karhenger alkatr\u00e9szek\" \/><\/p>\n<h2>Alkalmaz\u00e1sok<\/h2>\n<p>A karhenger sz\u00e1mos ter\u00fcleten alkalmazhat\u00f3, t\u00f6bbek k\u00f6z\u00f6tt:<\/p>\n<h3>\u00c9p\u00edt\u00e9s<\/h3>\n<ul>\n<li>A f\u00f6ldmunk\u00e1khoz, anyagmozgat\u00e1shoz \u00e9s szerkezet\u00e9p\u00edt\u00e9shez haszn\u00e1lt kotr\u00f3g\u00e9pek vagy daruk kan\u00e1l\u00e1nak vagy g\u00e9mj\u00e9nek mozg\u00e1s\u00e1t vez\u00e9rli.<\/li>\n<\/ul>\n<h3>Gy\u00e1rt\u00e1s<\/h3>\n<ul>\n<li>Vez\u00e9rli a robotkarok mozg\u00e1s\u00e1t az \u00f6sszeszerel\u00e9si, hegeszt\u00e9si \u00e9s anyagmozgat\u00e1si folyamatokban a termel\u00e9si hat\u00e9konys\u00e1g \u00e9s a pontoss\u00e1g jav\u00edt\u00e1sa \u00e9rdek\u00e9ben.<\/li>\n<\/ul>\n<h3>Mez\u0151gazdas\u00e1gi g\u00e9pek<\/h3>\n<ul>\n<li>A mez\u0151gazdas\u00e1gi g\u00e9pek, p\u00e9ld\u00e1ul a betakar\u00edt\u00f3g\u00e9pek \u00e9s a vet\u0151g\u00e9pek m\u0171k\u00f6dtet\u0151 karjainak mozg\u00e1s\u00e1t vez\u00e9rli olyan feladatok elv\u00e9gz\u00e9s\u00e9hez, mint az \u00fcltet\u00e9s, a tr\u00e1gy\u00e1z\u00e1s \u00e9s a betakar\u00edt\u00e1s.<\/li>\n<\/ul>\n<h3>B\u00e1ny\u00e1szati<\/h3>\n<ul>\n<li>Az \u00e9rc kitermel\u00e9s\u00e9re \u00e9s sz\u00e1ll\u00edt\u00e1s\u00e1ra haszn\u00e1lt b\u00e1ny\u00e1szati \u200b\u200bberendez\u00e9sek karj\u00e1nak mozg\u00e1s\u00e1t vez\u00e9rli.<\/li>\n<\/ul>\n<h3>Logisztika \u00e9s sz\u00e1ll\u00edtm\u00e1nyoz\u00e1s<\/h3>\n<ul>\n<li>Ir\u00e1ny\u00edtja az anyagmozgat\u00e1shoz \u00e9s -rakod\u00e1shoz haszn\u00e1lt targonc\u00e1k \u00e9s anyagmozgat\u00f3 robotok mozg\u00e1s\u00e1t.<\/li>\n<\/ul>\n<h2>Tervez\u00e9si szempontok \u00e9s kiv\u00e1laszt\u00e1si krit\u00e9riumok<\/h2>\n<h3>Teherb\u00edr\u00e1s<\/h3>\n<p>A karhengernek elegend\u0151 teherb\u00edr\u00e1ssal kell rendelkeznie ahhoz, hogy elb\u00edrja a m\u0171k\u00f6dtetett tartoz\u00e9kok vagy szersz\u00e1mok s\u00faly\u00e1t. A teherb\u00edr\u00e1st gondosan m\u00e9rlegelni kell egy adott alkalmaz\u00e1shoz val\u00f3 henger kiv\u00e1laszt\u00e1sakor.<\/p>\n<h3>T\u00f6m\u00edt\u00e9si teljes\u00edtm\u00e9ny<\/h3>\n<p>A karhengernek kiv\u00e1l\u00f3 t\u00f6m\u00edt\u0151teljes\u00edtm\u00e9nnyel kell rendelkeznie a hidraulikaolaj sziv\u00e1rg\u00e1s\u00e1nak megakad\u00e1lyoz\u00e1sa \u00e9s a karbantart\u00e1si ig\u00e9nyek cs\u00f6kkent\u00e9se \u00e9rdek\u00e9ben. K\u00fcl\u00f6nb\u00f6z\u0151 t\u00f6m\u00edt\u0151elemeket, p\u00e9ld\u00e1ul dugatty\u00fat\u00f6m\u00edt\u00e9seket \u00e9s r\u00fadt\u00f6m\u00edt\u00e9seket haszn\u00e1lnak a hat\u00e9kony t\u00f6m\u00edt\u00e9si teljes\u00edtm\u00e9ny biztos\u00edt\u00e1s\u00e1ra.<\/p>\n<h3>Tart\u00f3ss\u00e1g<\/h3>\n<p>A karhengernek rendk\u00edv\u00fcl tart\u00f3snak kell lennie, hogy ellen\u00e1lljon a zord k\u00f6rnyezeti felt\u00e9teleknek \u00e9s a nagy terhel\u00e9s\u0171 m\u0171veleteknek. A hengert nagy szil\u00e1rds\u00e1g\u00fa anyagokb\u00f3l kell k\u00e9sz\u00edteni, \u00e9s megfelel\u0151 fel\u00fcletkezel\u00e9sen kell \u00e1tesnie a kop\u00e1s\u00e1ll\u00f3s\u00e1g jav\u00edt\u00e1sa \u00e9rdek\u00e9ben.<\/p>\n<h3>Biztons\u00e1g<\/h3>\n<p>A karhengert \u00fagy kell megtervezni, hogy minimaliz\u00e1lja a m\u0171k\u00f6d\u00e9s k\u00f6zbeni biztons\u00e1gi kock\u00e1zatokat, p\u00e9ld\u00e1ul a hirtelen reped\u00e9s vagy meghib\u00e1sod\u00e1s kock\u00e1zat\u00e1t. A henger biztons\u00e1ga kiv\u00e1l\u00f3 min\u0151s\u00e9g\u0171 anyagok kiv\u00e1laszt\u00e1s\u00e1val, megfelel\u0151 tervez\u00e9ssel \u00e9s tesztel\u00e9ssel biztos\u00edthat\u00f3.<\/p>\n<h3>Karbantart\u00e1s<\/h3>\n<p>A karhengernek k\u00f6nnyen karbantarthat\u00f3nak \u00e9s jav\u00edthat\u00f3nak kell lennie az \u00e1ll\u00e1sid\u0151 \u00e9s a karbantart\u00e1si k\u00f6lts\u00e9gek minimaliz\u00e1l\u00e1sa \u00e9rdek\u00e9ben. A tervez\u00e9s sor\u00e1n figyelembe kell venni a k\u00f6nny\u0171 sz\u00e9tszerel\u00e9st, az alkatr\u00e9szcser\u00e9t \u00e9s a megfelel\u0151 ken\u00e9si k\u00f6vetelm\u00e9nyeket.<\/p>\n<p><img decoding=\"async\" src=\"https:\/\/www.hydraulic-cylinders.net\/wp-content\/uploads\/2025\/01\/songte-cylinder-head-with-all-kinds-excavator-models.webp\" alt=\"Hengerfej\" \/><\/p>\n<h2>T\u00f6m\u00edt\u00e9s \u00e9s ken\u00e9s<\/h2>\n<p>A karhenger k\u00fcl\u00f6nf\u00e9le t\u00f6m\u00edt\u0151elemeket, p\u00e9ld\u00e1ul dugatty\u00fat\u00f6m\u00edt\u00e9seket \u00e9s r\u00fadt\u00f6m\u00edt\u00e9seket haszn\u00e1l a hat\u00e9kony t\u00f6m\u00edt\u00e9si teljes\u00edtm\u00e9ny biztos\u00edt\u00e1sa \u00e9rdek\u00e9ben. A t\u00f6m\u00edt\u0151elemek tart\u00f3s anyagokb\u00f3l, p\u00e9ld\u00e1ul poliuret\u00e1nb\u00f3l \u00e9s nitrilgumib\u00f3l k\u00e9sz\u00fclnek. A hengerfej \u00e9s a menetes v\u00e9gfel\u00fclet finom megmunk\u00e1l\u00e1son esik \u00e1t a kop\u00e1s\u00e1ll\u00f3s\u00e1g jav\u00edt\u00e1sa \u00e9rdek\u00e9ben. A karhenger rendszeres ken\u00e9st ig\u00e9nyel megfelel\u0151 hidraulikaolajjal a z\u00f6kken\u0151mentes m\u0171k\u00f6d\u00e9s fenntart\u00e1sa \u00e9s a kop\u00e1s cs\u00f6kkent\u00e9se \u00e9rdek\u00e9ben.<\/p>\n<h2>Karbantart\u00e1s \u00e9s hibaelh\u00e1r\u00edt\u00e1s<\/h2>\n<p>A karhenger rendszeres ellen\u0151rz\u00e9st \u00e9s megel\u0151z\u0151 karbantart\u00e1st ig\u00e9nyel a biztons\u00e1gos \u00e9s hat\u00e9kony m\u0171k\u00f6d\u00e9s biztos\u00edt\u00e1sa \u00e9rdek\u00e9ben. A gyakori probl\u00e9m\u00e1k k\u00f6z\u00e9 tartozik a sziv\u00e1rg\u00e1s, a rendellenes zaj \u00e9s a henger eltol\u00f3d\u00e1sa. Ezen probl\u00e9m\u00e1k elh\u00e1r\u00edt\u00e1s\u00e1hoz k\u00f6vesse a gy\u00e1rt\u00f3 ir\u00e1nyelveit, amelyek magukban foglalhatj\u00e1k a hidraulikus rendszer ellen\u0151rz\u00e9s\u00e9t, a s\u00e9r\u00fclt t\u00f6m\u00edt\u00e9sek cser\u00e9j\u00e9t vagy a henger jav\u00edt\u00e1s\u00e1t. A lehets\u00e9ges probl\u00e9m\u00e1k megel\u0151z\u00e9se \u00e9rdek\u00e9ben rendszeres karbantart\u00e1st \u00e9s ellen\u0151rz\u00e9seket kell v\u00e9gezni.<\/p>\n<p><img decoding=\"async\" src=\"https:\/\/www.hydraulic-cylinders.net\/wp-content\/uploads\/2025\/01\/songte-chushion-collar.webp\" alt=\"P\u00e1rna gall\u00e9r\" \/><\/p>\n<h2>Telep\u00edt\u00e9si \u00fatmutat\u00f3<\/h2>\n<p>A karhengert szakk\u00e9pzett szakembernek kell beszerelnie a gy\u00e1rt\u00f3 ir\u00e1nyelveinek megfelel\u0151en. A telep\u00edt\u00e9s sor\u00e1n \u00fcgyeljen a henger megfelel\u0151 be\u00e1ll\u00edt\u00e1s\u00e1ra, t\u00f6m\u00edt\u00e9s\u00e9re \u00e9s ken\u00e9s\u00e9re. A hidraulikus rendszert a telep\u00edt\u00e9s el\u0151tt \u00e1t kell \u00f6bl\u00edteni a t\u00f6rmel\u00e9kek \u00e9s szennyez\u0151d\u00e9sek elt\u00e1vol\u00edt\u00e1sa \u00e9rdek\u00e9ben. A telep\u00edt\u00e9s ut\u00e1n v\u00e9gezzen vizu\u00e1lis \u00e9s funkcion\u00e1lis ellen\u0151rz\u00e9st a henger megfelel\u0151 m\u0171k\u00f6d\u00e9s\u00e9nek biztos\u00edt\u00e1sa \u00e9rdek\u00e9ben.<\/p>\n<h2>R\u00f3lunk<\/h2>\n<p>Sz\u00e9les term\u00e9kv\u00e1laszt\u00e9kkal rendelkez\u0151 p\u00f3talkatr\u00e9sz-hidraulikus hengerek professzion\u00e1lis gy\u00e1rt\u00f3jak\u00e9nt a hazai \u00e9s nemzetk\u00f6zi piacok egyik vezet\u0151 hidraulikus hengergy\u00e1rt\u00f3j\u00e1v\u00e1 \u00e9s nagykeresked\u0151j\u00e9v\u00e9 v\u00e1ltunk. Mindig a kiv\u00e1l\u00f3 min\u0151s\u00e9g elv\u00e9t k\u00f6vetj\u00fck, a kifinomult gy\u00e1rt\u00f3m\u0171helyek ipari termel\u00e9sir\u00e1ny\u00edt\u00e1si strat\u00e9gi\u00e1j\u00e1ra t\u00e1maszkodva, folyamatosan fejlesztve technol\u00f3gi\u00e1nkat \u00e9s termel\u00e9si hat\u00e9konys\u00e1gunkat.<\/p>\n<p>Cs\u00facskateg\u00f3ri\u00e1s digit\u00e1lis gy\u00e1rt\u00f3berendez\u00e9sek \u00e9s professzion\u00e1lis tesztel\u0151rendszerek bevezet\u00e9s\u00e9vel folyamatosan optimaliz\u00e1ljuk gy\u00e1rt\u00e1si platformunkat, fejlesztj\u00fck term\u00e9kmin\u0151s\u00e9g-ellen\u0151rz\u00e9si folyamatunkat, \u00e9s er\u0151s innov\u00e1ci\u00f3s k\u00e9pess\u00e9gekkel rendelkez\u00fcnk. C\u00e9lunk, hogy nagy hat\u00e9konys\u00e1ggal, pontoss\u00e1ggal \u00e9s kiv\u00e1l\u00f3 min\u0151s\u00e9g\u0171 term\u00e9kekkel el\u00e9g\u00edts\u00fck ki \u00fcgyfeleink sokr\u00e9t\u0171 ig\u00e9nyeit.<\/p>\n<p>Professzion\u00e1lis szolg\u00e1ltat\u00e1sokat, nemzetk\u00f6zi tan\u00fas\u00edtv\u00e1nyokat, testreszabott szolg\u00e1ltat\u00e1sokat, gy\u00e1rt\u00f3berendez\u00e9seket \u00e9s \u00e9rt\u00e9kes\u00edt\u00e9s ut\u00e1ni szolg\u00e1ltat\u00e1sokat k\u00edn\u00e1lunk \u00fcgyfeleinknek.<\/p>\n<p><img decoding=\"async\" src=\"https:\/\/www.hydraulic-cylinders.net\/wp-content\/uploads\/2025\/01\/songte-company-4.webp\" alt=\"C\u00e9gk\u00e9p 1\" \/><\/p>\n<p><img decoding=\"async\" src=\"https:\/\/www.hydraulic-cylinders.net\/wp-content\/uploads\/2025\/01\/songte-company-3.webp\" alt=\"C\u00e9gk\u00e9p 2\" \/><\/p>\n<p>Szerz\u0151: lyl.<\/p>","protected":false},"excerpt":{"rendered":"<p>Arm Cylinder For Sumitomo Small Excavator SH80-6 Introduction Defining Arm Cylinder An arm cylinder is a hydraulic cylinder specially designed to provide linear motion and power to various types of machinery arms such as excavators, cranes, and robotic arms. Arm cylinders play a crucial role in hydraulic systems, enabling effective movement and control of attachments [&hellip;]<\/p>","protected":false},"featured_media":14774,"comment_status":"open","ping_status":"closed","template":"","meta":{"_et_pb_use_builder":"","_et_pb_old_content":"","_et_gb_content_width":""},"product_brand":[],"product_cat":[1497],"product_tag":[1498,1496],"class_list":{"0":"post-16097","1":"product","2":"type-product","3":"status-publish","4":"has-post-thumbnail","6":"product_cat-arm-cylinders","7":"product_tag-arm-cylinders","8":"product_tag-hydraulic-cylinders","10":"first","11":"instock","12":"shipping-taxable","13":"product-type-simple"},"amp_enabled":true,"_links":{"self":[{"href":"https:\/\/www.hydraulic-cylinders.net\/hu\/wp-json\/wp\/v2\/product\/16097","targetHints":{"allow":["GET"]}}],"collection":[{"href":"https:\/\/www.hydraulic-cylinders.net\/hu\/wp-json\/wp\/v2\/product"}],"about":[{"href":"https:\/\/www.hydraulic-cylinders.net\/hu\/wp-json\/wp\/v2\/types\/product"}],"replies":[{"embeddable":true,"href":"https:\/\/www.hydraulic-cylinders.net\/hu\/wp-json\/wp\/v2\/comments?post=16097"}],"wp:featuredmedia":[{"embeddable":true,"href":"https:\/\/www.hydraulic-cylinders.net\/hu\/wp-json\/wp\/v2\/media\/14774"}],"wp:attachment":[{"href":"https:\/\/www.hydraulic-cylinders.net\/hu\/wp-json\/wp\/v2\/media?parent=16097"}],"wp:term":[{"taxonomy":"product_brand","embeddable":true,"href":"https:\/\/www.hydraulic-cylinders.net\/hu\/wp-json\/wp\/v2\/product_brand?post=16097"},{"taxonomy":"product_cat","embeddable":true,"href":"https:\/\/www.hydraulic-cylinders.net\/hu\/wp-json\/wp\/v2\/product_cat?post=16097"},{"taxonomy":"product_tag","embeddable":true,"href":"https:\/\/www.hydraulic-cylinders.net\/hu\/wp-json\/wp\/v2\/product_tag?post=16097"}],"curies":[{"name":"munkaf\u00fczet","href":"https:\/\/api.w.org\/{rel}","templated":true}]}}