{"id":16112,"date":"2025-01-20T08:30:09","date_gmt":"2025-01-20T08:30:09","guid":{"rendered":"https:\/\/www.hydraulic-cylinders.net\/product\/arm-cylinderfor-sumitomo-large-excavator-sh350hb-3b\/"},"modified":"2025-01-20T08:30:18","modified_gmt":"2025-01-20T08:30:18","slug":"arm-cylinderfor-sumitomo-large-excavator-sh350hb-3b","status":"publish","type":"product","link":"https:\/\/www.hydraulic-cylinders.net\/hu\/termek\/arm-cylinderfor-sumitomo-large-excavator-sh350hb-3b\/","title":{"rendered":"Karhenger Sumitomo SH350HB-3B nagy kotr\u00f3g\u00e9phez"},"content":{"rendered":"<h1>Karhenger Sumitomo SH350HB-3B nagy kotr\u00f3g\u00e9phez<\/h1>\n<h2>Bevezet\u00e9s<\/h2>\n<p>A karhenger egy speci\u00e1lisan tervezett hidraulikus henger, amely line\u00e1ris mozg\u00e1st \u00e9s er\u0151t biztos\u00edt k\u00fcl\u00f6nf\u00e9le g\u00e9pek, p\u00e9ld\u00e1ul kotr\u00f3g\u00e9pek, daruk \u00e9s robotkarok karj\u00e1nak. A karhenger kritikus szerepet j\u00e1tszik a hidraulikus rendszerekben, lehet\u0151v\u00e9 t\u00e9ve a tov\u00e1bbi szersz\u00e1mok vagy tartoz\u00e9kok hat\u00e9kony mozg\u00e1s\u00e1t \u00e9s vez\u00e9rl\u00e9s\u00e9t. Ezek a hengerek nemcsak sima mozg\u00e1st biztos\u00edtanak, hanem nagy terhel\u00e9seket is elviselnek, biztos\u00edtva a g\u00e9pek hat\u00e9kony m\u0171k\u00f6d\u00e9s\u00e9t \u00e9s megb\u00edzhat\u00f3s\u00e1g\u00e1t k\u00fcl\u00f6nb\u00f6z\u0151 \u00fczemi k\u00f6r\u00fclm\u00e9nyek k\u00f6z\u00f6tt.<\/p>\n<p><img decoding=\"async\" src=\"https:\/\/www.hydraulic-cylinders.net\/wp-content\/uploads\/2025\/01\/songte-company-2.webp\" alt=\"Karhenger\" \/><\/p>\n<h2>Jellemz\u0151k<\/h2>\n<ul>\n<li>Nagy hat\u00e9konys\u00e1g\u00fa er\u0151\u00e1tvitel: A karhenger er\u0151teljes line\u00e1ris mozg\u00e1st \u00e9s er\u0151t biztos\u00edt, biztos\u00edtva a mechanikus kar nagy hat\u00e9konys\u00e1g\u00fa teljes\u00edtm\u00e9ny\u00e9t m\u0171k\u00f6d\u00e9s k\u00f6zben.<\/li>\n<li>Pontos vez\u00e9rl\u00e9s: A hidraulikus rendszeren kereszt\u00fcl a karhenger prec\u00edz mozg\u00e1svez\u00e9rl\u00e9st \u00e9rhet el, \u00edgy a tov\u00e1bbi szersz\u00e1mok m\u0171k\u00f6dtet\u00e9se rugalmasabb \u00e9s pontosabb.<\/li>\n<li>Tart\u00f3s: A karos munkahengerek \u00e1ltal\u00e1ban nagy szil\u00e1rds\u00e1g\u00fa anyagokb\u00f3l k\u00e9sz\u00fclnek, amelyek j\u00f3 kop\u00e1s- \u00e9s korr\u00f3zi\u00f3\u00e1ll\u00f3s\u00e1ggal rendelkeznek, \u00edgy alkalmasak hossz\u00fa t\u00e1v\u00fa haszn\u00e1latra zord k\u00f6rnyezetben.<\/li>\n<li>T\u00f6bbfunkci\u00f3s alkalmazkod\u00f3k\u00e9pess\u00e9g: Ezek a hengerek sz\u00e9les k\u00f6rben alkalmazhat\u00f3k k\u00fcl\u00f6nf\u00e9le mechanikus berendez\u00e9sekben, p\u00e9ld\u00e1ul kotr\u00f3g\u00e9pekben, darukban \u00e9s robotkarokban, hogy megfeleljenek a k\u00fcl\u00f6nb\u00f6z\u0151 m\u0171k\u00f6d\u00e9si ig\u00e9nyeknek.<\/li>\n<li>K\u00f6nny\u0171 karbantart\u00e1s: \u00dagy tervezt\u00e9k, hogy k\u00f6nnyen karbantarthat\u00f3 \u00e9s cser\u00e9lhet\u0151 legyen, \u00edgy a rendszeres ellen\u0151rz\u00e9sek \u00e9s karbantart\u00e1s k\u00e9nyelmesebb, \u00e9s cs\u00f6kken a berendez\u00e9sek \u00e1ll\u00e1sideje.<\/li>\n<\/ul>\n<p>Tudjuk el\u0151\u00e1ll\u00edtani ezt a term\u00e9ket, amely t\u00f6k\u00e9letesen helyettes\u00edtheti ezeket a hidraulikus hengereket.<\/p>\n<p><img decoding=\"async\" src=\"https:\/\/www.hydraulic-cylinders.net\/wp-content\/uploads\/2025\/01\/songte-oil-pipes-and-spare-parts.webp\" alt=\"Hidraulikus hengerek\" \/><\/p>\n<h2>Alkalmaz\u00e1sok<\/h2>\n<p>A karhengernek sz\u00e1mos alkalmaz\u00e1sa van, t\u00f6bbek k\u00f6z\u00f6tt:<\/p>\n<h3>\u00c9p\u00edt\u0151m\u00e9rn\u00f6ki<\/h3>\n<p>Kotr\u00f3g\u00e9pekben \u00e9s darukban haszn\u00e1lj\u00e1k a v\u00f6dr\u00f6k vagy g\u00e9mek mozg\u00e1s\u00e1nak vez\u00e9rl\u00e9s\u00e9re, f\u00f6ldmunk\u00e1khoz, anyagmozgat\u00e1shoz \u00e9s szerkezeti telep\u00edt\u00e9sekhez.<\/p>\n<h3>Feldolgoz\u00f3 ipar<\/h3>\n<p>Automatiz\u00e1lt gy\u00e1rt\u00f3sorokon haszn\u00e1lj\u00e1k robotkarok mozgat\u00e1s\u00e1hoz, \u00f6sszeszerel\u00e9si, hegeszt\u00e9si \u00e9s anyagmozgat\u00e1si folyamatokhoz, jav\u00edtva a termel\u00e9si hat\u00e9konys\u00e1got \u00e9s a pontoss\u00e1got.<\/p>\n<h3>Mez\u0151gazdas\u00e1gi g\u00e9pek<\/h3>\n<p>Mez\u0151gazdas\u00e1gi g\u00e9pekben, p\u00e9ld\u00e1ul betakar\u00edt\u00f3g\u00e9pekben \u00e9s vet\u0151g\u00e9pekben haszn\u00e1lj\u00e1k a m\u0171k\u00f6dtet\u0151 karok mozg\u00e1s\u00e1nak vez\u00e9rl\u00e9s\u00e9re, olyan feladatok elv\u00e9gz\u00e9s\u00e9re, mint a vet\u00e9s, a tr\u00e1gy\u00e1z\u00e1s \u00e9s a betakar\u00edt\u00e1s.<\/p>\n<h3>B\u00e1ny\u00e1szati<\/h3>\n<p>B\u00e1ny\u00e1szati \u200b\u200bberendez\u00e9sekben haszn\u00e1lj\u00e1k a kar mozg\u00e1s\u00e1nak szab\u00e1lyoz\u00e1s\u00e1ra, \u00e9rcb\u00e1ny\u00e1szathoz \u00e9s -sz\u00e1ll\u00edt\u00e1shoz.<\/p>\n<h3>Logisztika \u00e9s sz\u00e1ll\u00edtm\u00e1nyoz\u00e1s<\/h3>\n<p>Targonc\u00e1kban \u00e9s anyagmozgat\u00f3 robotokban haszn\u00e1lj\u00e1k rakom\u00e1nyok emel\u00e9s\u00e9nek \u00e9s mozgat\u00e1s\u00e1nak vez\u00e9rl\u00e9s\u00e9re, anyagmozgat\u00e1shoz \u00e9s rakod\u00e1shoz.<\/p>\n<p><img decoding=\"async\" src=\"https:\/\/www.hydraulic-cylinders.net\/wp-content\/uploads\/2025\/01\/songte-chushion-collar.webp\" alt=\"Sima kar\u00fa henger\" \/><\/p>\n<h2>Tervez\u00e9si szempontok \u00e9s kiv\u00e1laszt\u00e1si krit\u00e9riumok<\/h2>\n<p>A hengerfej kiv\u00e1laszt\u00e1sakor sz\u00e1mos t\u00e9nyez\u0151t kell figyelembe venni:<\/p>\n<h3>Teherb\u00edr\u00e1s<\/h3>\n<p>A karhengernek k\u00e9pesnek kell lennie arra, hogy ellen\u00e1lljon a v\u00e1rhat\u00f3an mozgatni k\u00edv\u00e1nt teher s\u00faly\u00e1nak.<\/p>\n<h3>T\u00f6m\u00edt\u00e9s<\/h3>\n<p>A kiv\u00e1l\u00f3 min\u0151s\u00e9g\u0171 t\u00f6m\u00edt\u00e9sek, p\u00e9ld\u00e1ul a kop\u00e1s\u00e1ll\u00f3 anyagokb\u00f3l, p\u00e9ld\u00e1ul poliuret\u00e1nb\u00f3l \u00e9s nitrilgumib\u00f3l k\u00e9sz\u00fclt dugatty\u00fat\u00f6m\u00edt\u00e9sek \u00e9s r\u00fadt\u00f6m\u00edt\u00e9sek haszn\u00e1lata kulcsfontoss\u00e1g\u00fa az optim\u00e1lis teljes\u00edtm\u00e9ny biztos\u00edt\u00e1sa \u00e9s a sziv\u00e1rg\u00e1sok megel\u0151z\u00e9se \u00e9rdek\u00e9ben.<\/p>\n<h3>Tart\u00f3ss\u00e1g<\/h3>\n<p>A karhengerek \u00e1ltal\u00e1ban nagy szil\u00e1rds\u00e1g\u00fa anyagokb\u00f3l k\u00e9sz\u00fclnek, hogy biztos\u00edts\u00e1k a kop\u00e1s- \u00e9s korr\u00f3zi\u00f3\u00e1ll\u00f3s\u00e1got, ami fontos a hossz\u00fa t\u00e1v\u00fa, zord k\u00f6rnyezetben val\u00f3 haszn\u00e1lathoz.<\/p>\n<h3>Biztons\u00e1g<\/h3>\n<p>A karhenger tervez\u00e9s\u00e9n\u00e9l biztons\u00e1gi szempontokat kell figyelembe venni, p\u00e9ld\u00e1ul biztons\u00e1gi szelepek \u00e9s t\u00falterhel\u00e9s elleni v\u00e9delmi eszk\u00f6z\u00f6k haszn\u00e1lat\u00e1t.<\/p>\n<h3>Karbantart\u00e1s<\/h3>\n<p>A tervez\u00e9snek figyelembe kell vennie az alkatr\u00e9szek, p\u00e9ld\u00e1ul a t\u00f6m\u00edt\u00e9sek \u00e9s csap\u00e1gyak karbantart\u00e1s\u00e1nak \u00e9s cser\u00e9j\u00e9nek egyszer\u0171s\u00e9g\u00e9t az optim\u00e1lis teljes\u00edtm\u00e9ny biztos\u00edt\u00e1sa \u00e9s az \u00e1ll\u00e1sid\u0151 cs\u00f6kkent\u00e9se \u00e9rdek\u00e9ben.<\/p>\n<p><img decoding=\"async\" src=\"https:\/\/www.hydraulic-cylinders.net\/wp-content\/uploads\/2025\/01\/songte-cylinder-head-with-all-kinds-excavator-models.webp\" alt=\"Kar hengerfej\" \/><\/p>\n<h2>T\u00f6m\u00edt\u00e9s \u00e9s ken\u00e9s<\/h2>\n<p>A karhengerhez k\u00fcl\u00f6nf\u00e9le t\u00f6m\u00edt\u0151elemeket kell haszn\u00e1lni, p\u00e9ld\u00e1ul dugatty\u00fat\u00f6m\u00edt\u00e9seket \u00e9s r\u00fadt\u00f6m\u00edt\u00e9seket kop\u00e1s\u00e1ll\u00f3 anyagokb\u00f3l, p\u00e9ld\u00e1ul poliuret\u00e1nb\u00f3l \u00e9s nitrilgumib\u00f3l. A hengertestet \u00e9s a menetes v\u00e9gfel\u00fcleteket prec\u00edzen meg kell munk\u00e1lni a kop\u00e1s\u00e1ll\u00f3s\u00e1g n\u00f6vel\u00e9se \u00e9rdek\u00e9ben. A hengerbe megfelel\u0151 mennyis\u00e9g\u0171 hidraulikaolajat kell \u00f6nteni a ken\u00e9shez.<\/p>\n<h2>Karbantart\u00e1s<\/h2>\n<p>A karhenger megfelel\u0151 m\u0171k\u00f6d\u00e9s\u00e9nek biztos\u00edt\u00e1s\u00e1hoz rendszeres ellen\u0151rz\u00e9sre \u00e9s megel\u0151z\u0151 karbantart\u00e1sra van sz\u00fcks\u00e9g. Ez mag\u00e1ban foglalja az elkopott t\u00f6m\u00edt\u00e9sek \u00e9s csap\u00e1gyak cser\u00e9j\u00e9t, a sziv\u00e1rg\u00e1sok ellen\u0151rz\u00e9s\u00e9t, valamint a biztons\u00e1gi szelepek \u00e9s a t\u00falterhel\u00e9s elleni v\u00e9delmi eszk\u00f6z\u00f6k ellen\u0151rz\u00e9s\u00e9t. Az is fontos, hogy betartsuk a gy\u00e1rt\u00f3 utas\u00edt\u00e1sait a megfelel\u0151 telep\u00edt\u00e9s, \u00fczemeltet\u00e9s \u00e9s karbantart\u00e1s \u00e9rdek\u00e9ben.<\/p>\n<p><img decoding=\"async\" src=\"https:\/\/www.hydraulic-cylinders.net\/wp-content\/uploads\/2025\/01\/songte-bushings-with-all-kinds-of-excavator-models.webp\" alt=\"Karhenger perselyek\" \/><\/p>\n<h2>Telep\u00edt\u00e9si \u00fatmutat\u00f3<\/h2>\n<p>A karhenger felszerel\u00e9se el\u0151tt gy\u0151z\u0151dj\u00f6n meg arr\u00f3l, hogy a henger \u00e9s a tartoz\u00e9k megfelel\u0151en illeszkedik. Ker\u00fclje a t\u00falterhel\u00e9st, \u00e9s gy\u0151z\u0151dj\u00f6n meg arr\u00f3l, hogy a biztons\u00e1gi berendez\u00e9sek megfelel\u0151en vannak felszerelve. Ellen\u0151rizze a hidraulikus rendszert sziv\u00e1rg\u00e1sok vagy meghib\u00e1sod\u00e1sok szempontj\u00e1b\u00f3l. A megfelel\u0151 telep\u00edt\u00e9shez \u00e9s \u00fczemeltet\u00e9shez k\u00f6vesse a gy\u00e1rt\u00f3 utas\u00edt\u00e1sait.<\/p>\n<h2>Biztons\u00e1gi szempontok \u00e9s k\u00f6rnyezeti t\u00e9nyez\u0151k<\/h2>\n<p>A karhenger haszn\u00e1latakor elengedhetetlen a biztons\u00e1gi ir\u00e1nyelvek betart\u00e1sa \u00e9s a sz\u00fcks\u00e9ges \u00f3vint\u00e9zked\u00e9sek megt\u00e9tele a balesetek \u00e9s s\u00e9r\u00fcl\u00e9sek megel\u0151z\u00e9se \u00e9rdek\u00e9ben. A k\u00f6rnyezeti t\u00e9nyez\u0151ket is figyelembe kell venni, p\u00e9ld\u00e1ul a h\u0151m\u00e9rs\u00e9kletet, a p\u00e1ratartalmat \u00e9s a korroz\u00edv anyagok jelenl\u00e9t\u00e9t.<\/p>\n<h2>Hibaelh\u00e1r\u00edt\u00e1s \u00e9s gyakori probl\u00e9m\u00e1k<\/h2>\n<p>A karhenger gyakori probl\u00e9m\u00e1i k\u00f6z\u00e9 tartozik a sziv\u00e1rg\u00e1s, a lass\u00fa mozg\u00e1s \u00e9s a rendellenes zaj. Ezeket a probl\u00e9m\u00e1kat okozhatja a t\u00f6m\u00edt\u00e9s kop\u00e1sa, a nem elegend\u0151 hidraulikaolaj, vagy a henger vagy a dugatty\u00far\u00fad s\u00e9r\u00fcl\u00e9se. A rendszeres karbantart\u00e1s \u00e9s ellen\u0151rz\u00e9sek seg\u00edthetnek megel\u0151zni ezeket a probl\u00e9m\u00e1kat. Probl\u00e9ma eset\u00e9n a hibaelh\u00e1r\u00edt\u00e1shoz olvassa el a gy\u00e1rt\u00f3 utas\u00edt\u00e1sait, \u00e9s sz\u00fcks\u00e9g eset\u00e9n k\u00e9rjen szakember seg\u00edts\u00e9g\u00e9t.<\/p>\n<h2>R\u00f3lunk<\/h2>\n<p>Professzion\u00e1lis hidraulikus hengerek gy\u00e1rt\u00f3jak\u00e9nt v\u00e1ltozatos term\u00e9kv\u00e1laszt\u00e9kkal rendelkez\u00fcnk, \u00e9s a hazai \u00e9s nemzetk\u00f6zi piacok egyik vezet\u0151 hidraulikus hengergy\u00e1rt\u00f3j\u00e1v\u00e1 \u00e9s nagykereskedelmi forgalmaz\u00f3j\u00e1v\u00e1 v\u00e1ltunk. Mindig a kiv\u00e1l\u00f3 min\u0151s\u00e9g elv\u00e9t k\u00f6vetj\u00fck, prec\u00edzi\u00f3s gy\u00e1rt\u00f3m\u0171helyeinkben iparos\u00edtott termel\u00e9sir\u00e1ny\u00edt\u00e1si strat\u00e9gi\u00e1kra t\u00e1maszkodva folyamatosan jav\u00edtjuk m\u0171szaki sz\u00ednvonalunkat \u00e9s termel\u00e9si hat\u00e9konys\u00e1gunkat. Cs\u00facskateg\u00f3ri\u00e1s digit\u00e1lis gy\u00e1rt\u00f3berendez\u00e9sek \u00e9s professzion\u00e1lis tesztel\u0151rendszerek bevezet\u00e9s\u00e9vel optimaliz\u00e1ljuk gy\u00e1rt\u00e1si platformunkat, fejlesztj\u00fck term\u00e9kmin\u0151s\u00e9g-ellen\u0151rz\u00e9si folyamatainkat, \u00e9s er\u0151s innov\u00e1ci\u00f3s k\u00e9pess\u00e9gekkel rendelkez\u00fcnk. C\u00e9lunk, hogy a hat\u00e9konys\u00e1g, a precizit\u00e1s \u00e9s a magas min\u0151s\u00e9g elveivel kiel\u00e9g\u00edts\u00fck \u00fcgyfeleink sokr\u00e9t\u0171 ig\u00e9nyeit.<\/p>\n<p><img decoding=\"async\" src=\"https:\/\/www.hydraulic-cylinders.net\/wp-content\/uploads\/2025\/01\/songte-company-4.webp\" alt=\"V\u00e1llalat\" \/><br \/>\n<img decoding=\"async\" src=\"https:\/\/www.hydraulic-cylinders.net\/wp-content\/uploads\/2025\/01\/songte-company-3.webp\" alt=\"V\u00e1llalat\" \/><\/p>\n<p>Professzion\u00e1lis, nemzetk\u00f6zileg tan\u00fas\u00edtott, szem\u00e9lyre szabott szolg\u00e1ltat\u00e1st, fejlett gy\u00e1rt\u00f3berendez\u00e9seket \u00e9s kiv\u00e1l\u00f3 \u00e9rt\u00e9kes\u00edt\u00e9s ut\u00e1ni szolg\u00e1ltat\u00e1st k\u00edn\u00e1lunk.<\/p>\n<p>Szerz\u0151: lyl.<\/p>","protected":false},"excerpt":{"rendered":"<p>Arm Cylinder For Sumitomo Large Excavator SH350HB-3B Introduction An arm cylinder is a specially designed hydraulic cylinder used to provide linear movement and power to the arm of various types of machinery such as excavators, cranes, and robotic arms. The arm cylinder plays a critical role in hydraulic systems, enabling the effective movement and control [&hellip;]<\/p>","protected":false},"featured_media":14759,"comment_status":"open","ping_status":"closed","template":"","meta":{"_et_pb_use_builder":"","_et_pb_old_content":"","_et_gb_content_width":""},"product_brand":[],"product_cat":[1497],"product_tag":[1498,1496],"class_list":{"0":"post-16112","1":"product","2":"type-product","3":"status-publish","4":"has-post-thumbnail","6":"product_cat-arm-cylinders","7":"product_tag-arm-cylinders","8":"product_tag-hydraulic-cylinders","10":"first","11":"instock","12":"shipping-taxable","13":"product-type-simple"},"amp_enabled":true,"_links":{"self":[{"href":"https:\/\/www.hydraulic-cylinders.net\/hu\/wp-json\/wp\/v2\/product\/16112","targetHints":{"allow":["GET"]}}],"collection":[{"href":"https:\/\/www.hydraulic-cylinders.net\/hu\/wp-json\/wp\/v2\/product"}],"about":[{"href":"https:\/\/www.hydraulic-cylinders.net\/hu\/wp-json\/wp\/v2\/types\/product"}],"replies":[{"embeddable":true,"href":"https:\/\/www.hydraulic-cylinders.net\/hu\/wp-json\/wp\/v2\/comments?post=16112"}],"wp:featuredmedia":[{"embeddable":true,"href":"https:\/\/www.hydraulic-cylinders.net\/hu\/wp-json\/wp\/v2\/media\/14759"}],"wp:attachment":[{"href":"https:\/\/www.hydraulic-cylinders.net\/hu\/wp-json\/wp\/v2\/media?parent=16112"}],"wp:term":[{"taxonomy":"product_brand","embeddable":true,"href":"https:\/\/www.hydraulic-cylinders.net\/hu\/wp-json\/wp\/v2\/product_brand?post=16112"},{"taxonomy":"product_cat","embeddable":true,"href":"https:\/\/www.hydraulic-cylinders.net\/hu\/wp-json\/wp\/v2\/product_cat?post=16112"},{"taxonomy":"product_tag","embeddable":true,"href":"https:\/\/www.hydraulic-cylinders.net\/hu\/wp-json\/wp\/v2\/product_tag?post=16112"}],"curies":[{"name":"munkaf\u00fczet","href":"https:\/\/api.w.org\/{rel}","templated":true}]}}