{"id":16117,"date":"2025-01-20T08:30:40","date_gmt":"2025-01-20T08:30:40","guid":{"rendered":"https:\/\/www.hydraulic-cylinders.net\/product\/arm-cylinderfor-sumitomo-large-excavator-sh360hd-5\/"},"modified":"2025-01-20T08:30:42","modified_gmt":"2025-01-20T08:30:42","slug":"arm-cylinderfor-sumitomo-large-excavator-sh360hd-5","status":"publish","type":"product","link":"https:\/\/www.hydraulic-cylinders.net\/hu\/termek\/arm-cylinderfor-sumitomo-large-excavator-sh360hd-5\/","title":{"rendered":"Karhenger Sumitomo SH360HD-5 nagy kotr\u00f3g\u00e9phez"},"content":{"rendered":"<h1>Karhenger Sumitomo SH360HD-5 nagy kotr\u00f3g\u00e9phez<\/h1>\n<h2>Bevezet\u00e9s<\/h2>\n<p>A karhenger egy speci\u00e1lisan tervezett hidraulikus henger, amely line\u00e1ris mozg\u00e1st \u00e9s er\u0151t biztos\u00edt k\u00fcl\u00f6nf\u00e9le g\u00e9pek, p\u00e9ld\u00e1ul kotr\u00f3g\u00e9pek, daruk \u00e9s robotkarok karj\u00e1nak. Kritikus szerepet j\u00e1tszik a hidraulikus rendszerekben, lehet\u0151v\u00e9 t\u00e9ve a tartoz\u00e9kok vagy tartoz\u00e9kok hat\u00e9kony mozg\u00e1s\u00e1t \u00e9s vez\u00e9rl\u00e9s\u00e9t. Ezek a hengerek nemcsak sima mozg\u00e1st tesznek lehet\u0151v\u00e9, hanem nagy terhel\u00e9seket is elviselnek, biztos\u00edtva a g\u00e9pek hat\u00e9kony m\u0171k\u00f6d\u00e9s\u00e9t \u00e9s megb\u00edzhat\u00f3s\u00e1g\u00e1t k\u00fcl\u00f6nb\u00f6z\u0151 munkak\u00f6r\u00fclm\u00e9nyek k\u00f6z\u00f6tt.<\/p>\n<p><img decoding=\"async\" src=\"https:\/\/www.hydraulic-cylinders.net\/wp-content\/uploads\/2025\/01\/songte-company-2.webp\"><\/p>\n<h2>Jellemz\u0151k<\/h2>\n<ul>\n<li><strong>Nagy hat\u00e9konys\u00e1g\u00fa \u00e1tvitel:<\/strong> A karhenger er\u0151teljes line\u00e1ris mozg\u00e1st \u00e9s er\u0151t biztos\u00edt, biztos\u00edtva a nagy teljes\u00edtm\u00e9nyt k\u00fcl\u00f6nf\u00e9le m\u0171veletek sor\u00e1n.<\/li>\n<li><strong>Prec\u00edz vez\u00e9rl\u00e9s:<\/strong> A hidraulikus rendszeren kereszt\u00fcl a kar munkahengere prec\u00edz mozg\u00e1svez\u00e9rl\u00e9st tesz lehet\u0151v\u00e9, \u00edgy a tartoz\u00e9kok kezel\u00e9se rugalmasabb \u00e9s pontosabb.<\/li>\n<li><strong>Tart\u00f3ss\u00e1g:<\/strong> A karhengerek jellemz\u0151en nagy szil\u00e1rds\u00e1g\u00fa anyagokb\u00f3l k\u00e9sz\u00fclnek, kiv\u00e1l\u00f3 kop\u00e1s- \u00e9s korr\u00f3zi\u00f3\u00e1ll\u00f3s\u00e1ggal rendelkeznek, \u00edgy alkalmasak hossz\u00fa t\u00e1v\u00fa haszn\u00e1latra zord k\u00f6rnyezetben.<\/li>\n<li><strong>T\u00f6bbfunkci\u00f3s alkalmazkod\u00f3k\u00e9pess\u00e9g:<\/strong> Ezek a munkahengerek sz\u00e9les k\u00f6rben alkalmazhat\u00f3k k\u00fcl\u00f6nf\u00e9le g\u00e9peken, p\u00e9ld\u00e1ul kotr\u00f3g\u00e9peken, darukon \u00e9s robotkarokon, alkalmazkodva a k\u00fcl\u00f6nb\u00f6z\u0151 munkak\u00f6vetelm\u00e9nyekhez.<\/li>\n<li><strong>K\u00f6nny\u0171 karbantart\u00e1s:<\/strong> A k\u00f6nny\u0171 karbantart\u00e1st \u00e9s cser\u00e9t szem el\u0151tt tartva tervezett karhengerek megk\u00f6nny\u00edtik a rendszeres ellen\u0151rz\u00e9seket \u00e9s karbantart\u00e1st, cs\u00f6kkentve a berendez\u00e9sek \u00e1ll\u00e1sidej\u00e9t.<\/li>\n<\/ul>\n<p><img decoding=\"async\" src=\"https:\/\/www.hydraulic-cylinders.net\/wp-content\/uploads\/2025\/01\/songte-oil-pipes-and-spare-parts.webp\"><\/p>\n<h2>Alkalmaz\u00e1sok<\/h2>\n<p>A karhenger k\u00fcl\u00f6nf\u00e9le ipar\u00e1gakban alkalmazhat\u00f3:<\/p>\n<ul>\n<li><strong>\u00c9p\u00edt\u00e9s:<\/strong> Kotr\u00f3g\u00e9pekben \u00e9s darukban haszn\u00e1lj\u00e1k, a karhenger a v\u00f6dr\u00f6k vagy g\u00e9mek mozg\u00e1s\u00e1t vez\u00e9rli f\u00f6ldmunk\u00e1kn\u00e1l, anyagmozgat\u00e1sn\u00e1l \u00e9s szerkezeti telep\u00edt\u00e9sekn\u00e9l.<\/li>\n<li><strong>Gy\u00e1rt\u00e1s:<\/strong> Az automatiz\u00e1lt gy\u00e1rt\u00f3sorokon a karhenger hajtja a robotkarok mozg\u00e1s\u00e1t az \u00f6sszeszerel\u00e9si, hegeszt\u00e9si \u00e9s anyagmozgat\u00e1si folyamatok sor\u00e1n, jav\u00edtva a termel\u00e9kenys\u00e9get \u00e9s a pontoss\u00e1got.<\/li>\n<li><strong>Mez\u0151gazdas\u00e1gi g\u00e9pek:<\/strong> A mez\u0151gazdas\u00e1gi g\u00e9pekben, mint p\u00e9ld\u00e1ul a betakar\u00edt\u00f3g\u00e9pekben \u00e9s a vet\u0151g\u00e9pekben, a karhenger vez\u00e9rli a m\u0171k\u00f6dtet\u0151 karok mozg\u00e1s\u00e1t olyan feladatokhoz, mint a vet\u00e9s, a m\u0171tr\u00e1gy\u00e1z\u00e1s \u00e9s a betakar\u00edt\u00e1s.<\/li>\n<li><strong>B\u00e1ny\u00e1szati:<\/strong> B\u00e1ny\u00e1szati \u200b\u200bberendez\u00e9sekben a karhenger vez\u00e9rli a kar mozg\u00e1s\u00e1t az \u00e9rc kitermel\u00e9se \u00e9s sz\u00e1ll\u00edt\u00e1sa sor\u00e1n.<\/li>\n<li><strong>Logisztika \u00e9s sz\u00e1ll\u00edt\u00e1s:<\/strong> A targonc\u00e1kban \u00e9s anyagmozgat\u00f3 robotokban a karhenger vez\u00e9rli a vill\u00e1k emel\u00e9s\u00e9t \u00e9s mozg\u00e1s\u00e1t, lehet\u0151v\u00e9 t\u00e9ve az anyagmozgat\u00e1st \u00e9s a rakod\u00e1st.<\/li>\n<\/ul>\n<h2>Tervez\u00e9si szempontok \u00e9s kiv\u00e1laszt\u00e1si krit\u00e9riumok<\/h2>\n<p>A hengerfejek tervez\u00e9s\u00e9n\u00e9l \u00e9s kiv\u00e1laszt\u00e1s\u00e1n\u00e1l sz\u00e1mos t\u00e9nyez\u0151t kell figyelembe venni:<\/p>\n<ul>\n<li><strong>Teherb\u00edr\u00e1s:<\/strong> A karhengernek k\u00e9pesnek kell lennie a v\u00e1rhat\u00f3 terhel\u00e9s elvisel\u00e9s\u00e9re a biztons\u00e1gos \u00e9s hat\u00e9kony m\u0171k\u00f6d\u00e9s biztos\u00edt\u00e1sa \u00e9rdek\u00e9ben.<\/li>\n<li><strong>T\u00f6m\u00edt\u00e9s:<\/strong> K\u00fcl\u00f6nb\u00f6z\u0151 t\u00f6m\u00edt\u0151elemeket, p\u00e9ld\u00e1ul dugatty\u00fat\u00f6m\u00edt\u00e9seket \u00e9s r\u00fadt\u00f6m\u00edt\u00e9seket haszn\u00e1lnak a sziv\u00e1rg\u00e1s megakad\u00e1lyoz\u00e1s\u00e1ra \u00e9s a henger teljes\u00edtm\u00e9ny\u00e9nek megb\u00edzhat\u00f3s\u00e1g\u00e1nak biztos\u00edt\u00e1s\u00e1ra. A t\u00f6m\u00edt\u00e9sekhez \u00e1ltal\u00e1ban olyan anyagokat haszn\u00e1lnak, mint a poliuret\u00e1n \u00e9s a nitrilgumi.<\/li>\n<li><strong>Tart\u00f3ss\u00e1g:<\/strong> A karhengerek tart\u00f3sak, kop\u00e1s- \u00e9s korr\u00f3zi\u00f3\u00e1ll\u00f3ak, \u00edgy hosszabb ideig haszn\u00e1lhat\u00f3k ig\u00e9nyes k\u00f6rnyezetben.<\/li>\n<li><strong>Biztons\u00e1g:<\/strong> A balesetek megel\u0151z\u00e9se, valamint a kezel\u0151k \u00e9s a k\u00f6rnyez\u0151 szem\u00e9lyzet j\u00f3l\u00e9t\u00e9nek biztos\u00edt\u00e1sa \u00e9rdek\u00e9ben figyelembe kell venni a biztons\u00e1gi berendez\u00e9seket.<\/li>\n<li><strong>Karbantarthat\u00f3s\u00e1g:<\/strong> A kialak\u00edt\u00e1snak lehet\u0151v\u00e9 kell tennie az alkatr\u00e9szek egyszer\u0171 karbantart\u00e1s\u00e1t \u00e9s cser\u00e9j\u00e9t, cs\u00f6kkentve az \u00e1ll\u00e1sid\u0151t \u00e9s optimaliz\u00e1lva a henger \u00e9lettartam\u00e1t.<\/li>\n<\/ul>\n<p><img decoding=\"async\" src=\"https:\/\/www.hydraulic-cylinders.net\/wp-content\/uploads\/2025\/01\/songte-cylinder-head-with-all-kinds-excavator-models.webp\"><\/p>\n<h2>T\u00f6m\u00edt\u00e9s \u00e9s ken\u00e9s<\/h2>\n<p>A karhenger k\u00fcl\u00f6nf\u00e9le t\u00f6m\u00edt\u0151elemeket haszn\u00e1l, p\u00e9ld\u00e1ul dugatty\u00fat\u00f6m\u00edt\u00e9seket \u00e9s r\u00fadt\u00f6m\u00edt\u00e9seket, amelyek kop\u00e1s\u00e1ll\u00f3 anyagokb\u00f3l, p\u00e9ld\u00e1ul poliuret\u00e1nb\u00f3l \u00e9s nitrilgumib\u00f3l k\u00e9sz\u00fclnek. A hengertest \u00e9s a menetes v\u00e9gfel\u00fclet apr\u00f3l\u00e9kos megmunk\u00e1l\u00e1son esik \u00e1t a kop\u00e1s\u00e1ll\u00f3s\u00e1g fokoz\u00e1sa \u00e9rdek\u00e9ben. A z\u00f6kken\u0151mentes m\u0171k\u00f6d\u00e9s biztos\u00edt\u00e1s\u00e1hoz rendszeres hidraulikaolajjal val\u00f3 ken\u00e9s sz\u00fcks\u00e9ges.<\/p>\n<h2>Rendszeres ellen\u0151rz\u00e9s \u00e9s megel\u0151z\u0151 karbantart\u00e1s<\/h2>\n<p>A karhenger optim\u00e1lis teljes\u00edtm\u00e9ny\u00e9nek fenntart\u00e1sa \u00e9rdek\u00e9ben a k\u00f6vetkez\u0151 int\u00e9zked\u00e9seket kell tenni:<\/p>\n<ul>\n<li>Rendszeresen ellen\u0151rizze a palackot kop\u00e1s, s\u00e9r\u00fcl\u00e9s vagy sziv\u00e1rg\u00e1s jelei szempontj\u00e1b\u00f3l.<\/li>\n<li>Figyelje a hidraulikaolaj szintj\u00e9t \u00e9s min\u0151s\u00e9g\u00e9t, sz\u00fcks\u00e9g szerint t\u00f6ltse fel vagy cser\u00e9lje ki.<\/li>\n<li>Ellen\u0151rizze \u00e9s h\u00fazza meg az \u00f6sszes csatlakoz\u00e1st a kilazul\u00e1s elker\u00fcl\u00e9se \u00e9rdek\u00e9ben.<\/li>\n<li>Tiszt\u00edtsa meg a hengert, \u00e9s t\u00e1vol\u00edtson el minden szennyez\u0151d\u00e9st vagy t\u00f6rmel\u00e9ket, amely befoly\u00e1solhatja a m\u0171k\u00f6d\u00e9s\u00e9t.<\/li>\n<li>K\u00f6vesse a gy\u00e1rt\u00f3 karbantart\u00e1si id\u0151k\u00f6z\u00f6kre \u00e9s elj\u00e1r\u00e1sokra vonatkoz\u00f3 ir\u00e1nyelveit.<\/li>\n<\/ul>\n<h2>Term\u00e9ktelep\u00edt\u00e9si \u00fatmutat\u00f3<\/h2>\n<p>A karhenger megfelel\u0151 beszerel\u00e9se elengedhetetlen a m\u0171k\u00f6d\u0151k\u00e9pess\u00e9g\u00e9nek \u00e9s hossz\u00fa \u00e9lettartam\u00e1nak biztos\u00edt\u00e1s\u00e1hoz. K\u00f6vesse az al\u00e1bbi l\u00e9p\u00e9seket:<\/p>\n<ol>\n<li>Figyelmesen olvassa el a gy\u00e1rt\u00f3 \u00e1ltal mell\u00e9kelt telep\u00edt\u00e9si utas\u00edt\u00e1sokat.<\/li>\n<li>Gy\u0151z\u0151dj\u00f6n meg arr\u00f3l, hogy a r\u00f6gz\u00edt\u0151fel\u00fcletek tiszt\u00e1k \u00e9s mentesek minden szennyez\u0151d\u00e9st\u0151l.<\/li>\n<li>Igaz\u00edtsa a hengert a r\u00f6gz\u00edt\u0151konzolhoz, \u00e9s r\u00f6gz\u00edtse a megfelel\u0151 r\u00f6gz\u00edt\u0151elemekkel.<\/li>\n<li>H\u00fazza meg a r\u00f6gz\u00edt\u0151elemeket a megadott nyomat\u00e9kkal egy nyomat\u00e9kkulcs seg\u00edts\u00e9g\u00e9vel.<\/li>\n<li>Csatlakoztassa a hidraulikus t\u00f6ml\u0151ket \u00e9s szerelv\u00e9nyeket, \u00fcgyelve a megfelel\u0151 csatlakoz\u00e1sokra \u00e9s a szoross\u00e1gra.<\/li>\n<li>Ellen\u0151rizze, hogy a henger sim\u00e1n \u00e9s rendelleness\u00e9gek n\u00e9lk\u00fcl m\u0171k\u00f6dik-e.<\/li>\n<\/ol>\n<p><img decoding=\"async\" src=\"https:\/\/www.hydraulic-cylinders.net\/wp-content\/uploads\/2025\/01\/songte-bushings-with-all-kinds-of-excavator-models.webp\"><\/p>\n<h2>Biztons\u00e1gi szempontok \u00e9s k\u00f6rnyezeti t\u00e9nyez\u0151k<\/h2>\n<p>Karos munkahengerekkel v\u00e9gzett munka sor\u00e1n a biztons\u00e1gi int\u00e9zked\u00e9sek rendk\u00edv\u00fcl fontosak. Alapvet\u0151 fontoss\u00e1g\u00fa a biztons\u00e1gi ir\u00e1nyelvek betart\u00e1sa, p\u00e9ld\u00e1ul a megfelel\u0151 szem\u00e9lyi v\u00e9d\u0151felszerel\u00e9s haszn\u00e1lata \u00e9s a kezel\u0151k megfelel\u0151 k\u00e9pz\u00e9se. A k\u00f6rnyezeti t\u00e9nyez\u0151ket, p\u00e9ld\u00e1ul a h\u0151m\u00e9rs\u00e9kletet \u00e9s a p\u00e1ratartalmat is figyelembe kell venni a munkahenger teljes\u00edtm\u00e9ny\u00e9re gyakorolt \u200b\u200bk\u00e1ros hat\u00e1sok megel\u0151z\u00e9se \u00e9rdek\u00e9ben.<\/p>\n<h2>Hibaelh\u00e1r\u00edt\u00e1s \u00e9s gyakori probl\u00e9m\u00e1k<\/h2>\n<p>\u00cdme n\u00e9h\u00e1ny gyakori probl\u00e9ma, amely a karhengerekkel kapcsolatban felmer\u00fclhet:<\/p>\n<ul>\n<li>Hidraulikafolyad\u00e9k sziv\u00e1rg\u00e1sa<\/li>\n<li>Rendellenes zaj m\u0171k\u00f6d\u00e9s k\u00f6zben<\/li>\n<li>Inkonzisztens vagy r\u00e1ngat\u00f3z\u00f3 mozg\u00e1s<\/li>\n<li>A t\u00f6m\u00edt\u0151 alkatr\u00e9szek t\u00falzott kop\u00e1sa<\/li>\n<\/ul>\n<p>A probl\u00e9m\u00e1k megold\u00e1s\u00e1hoz vegye figyelembe a k\u00f6vetkez\u0151 hibaelh\u00e1r\u00edt\u00e1si tippeket \u00e9s megold\u00e1sokat:<\/p>\n<ul>\n<li>Vizsg\u00e1lja meg \u00e9s cser\u00e9lje ki a s\u00e9r\u00fclt vagy elkopott t\u00f6m\u00edt\u00e9seket.<\/li>\n<li>Ellen\u0151rizze a laza csatlakoz\u00e1sokat, \u00e9s sz\u00fcks\u00e9g szerint h\u00fazza meg \u0151ket.<\/li>\n<li>Gy\u0151z\u0151dj\u00f6n meg arr\u00f3l, hogy a hidraulikafolyad\u00e9k szintje megfelel\u0151 \u00e9s az aj\u00e1nlott min\u0151s\u00e9g\u0171.<\/li>\n<li>Konkr\u00e9t probl\u00e9m\u00e1k eset\u00e9n tekintse meg a gy\u00e1rt\u00f3 hibaelh\u00e1r\u00edt\u00e1si \u00fatmutat\u00f3j\u00e1t.<\/li>\n<\/ul>\n<p><img decoding=\"async\" src=\"https:\/\/www.hydraulic-cylinders.net\/wp-content\/uploads\/2025\/01\/songte-chushion-collar.webp\"><\/p>\n<p>Ne felejtsd el logikusan fel\u00e9p\u00edteni a cikket, haszn\u00e1lj alc\u00edmeket a k\u00f6nny\u0171 navig\u00e1ci\u00f3 \u00e9rdek\u00e9ben, \u00e9p\u00edts be relev\u00e1ns k\u00e9peket vagy diagramokat a jobb meg\u00e9rt\u00e9s \u00e9rdek\u00e9ben, \u00e9s \u00fcgyelj arra, hogy a tartalom vil\u00e1gos, t\u00f6m\u00f6r \u00e9s k\u00fcl\u00f6nb\u00f6z\u0151 szint\u0171 technikai tud\u00e1ssal rendelkez\u0151 olvas\u00f3k sz\u00e1m\u00e1ra is megfelel\u0151 legyen.<\/p>\n<h3>R\u00f3lunk<\/h3>\n<p>Professzion\u00e1lis hidraulikus hengergy\u00e1rt\u00f3k\u00e9nt sz\u00e9les term\u00e9kv\u00e1laszt\u00e9kot k\u00edn\u00e1lunk. A hazai \u00e9s a nemzetk\u00f6zi piacok egyik vezet\u0151 hidraulikus hengergy\u00e1rt\u00f3j\u00e1v\u00e1 \u00e9s nagykereskedelmi forgalmaz\u00f3j\u00e1v\u00e1 v\u00e1ltunk. A kiv\u00e1l\u00f3 min\u0151s\u00e9g elv\u00e9t valljuk, \u00e9s folyamatosan fejlesztj\u00fck m\u0171szaki szak\u00e9rtelm\u00fcnket \u00e9s termel\u00e9si hat\u00e9konys\u00e1gunkat. Korszer\u0171 digit\u00e1lis gy\u00e1rt\u00f3berendez\u00e9sekkel \u00e9s professzion\u00e1lis tesztel\u0151rendszerekkel optimaliz\u00e1ljuk gy\u00e1rt\u00e1si platformunkat \u00e9s fejlesztj\u00fck term\u00e9kmin\u0151s\u00e9g-ellen\u0151rz\u00e9si folyamatainkat, er\u0151s innov\u00e1ci\u00f3s k\u00e9pess\u00e9geket demonstr\u00e1lva. C\u00e9lunk, hogy a hat\u00e9konys\u00e1g, a pontoss\u00e1g \u00e9s a magas min\u0151s\u00e9g elveivel el\u00e9g\u00edts\u00fck ki \u00fcgyfeleink sokr\u00e9t\u0171 ig\u00e9nyeit.<\/p>\n<p><img decoding=\"async\" src=\"https:\/\/www.hydraulic-cylinders.net\/wp-content\/uploads\/2025\/01\/songte-company-4.webp\"><br \/>\n<img decoding=\"async\" src=\"https:\/\/www.hydraulic-cylinders.net\/wp-content\/uploads\/2025\/01\/songte-company-3.webp\"><\/p>\n<p>Szerz\u0151: lyl<\/p>","protected":false},"excerpt":{"rendered":"<p>Arm Cylinder For Sumitomo Large Excavator SH360HD-5 Introduction The arm cylinder is a specially designed hydraulic cylinder that provides linear motion and power to the arm of various types of machinery, such as excavators, cranes, and robotic arms. It plays a critical role in hydraulic systems, allowing for the effective movement and control of attachments [&hellip;]<\/p>","protected":false},"featured_media":14774,"comment_status":"open","ping_status":"closed","template":"","meta":{"_et_pb_use_builder":"","_et_pb_old_content":"","_et_gb_content_width":""},"product_brand":[],"product_cat":[1497],"product_tag":[1498,1496],"class_list":{"0":"post-16117","1":"product","2":"type-product","3":"status-publish","4":"has-post-thumbnail","6":"product_cat-arm-cylinders","7":"product_tag-arm-cylinders","8":"product_tag-hydraulic-cylinders","10":"first","11":"instock","12":"shipping-taxable","13":"product-type-simple"},"amp_enabled":true,"_links":{"self":[{"href":"https:\/\/www.hydraulic-cylinders.net\/hu\/wp-json\/wp\/v2\/product\/16117","targetHints":{"allow":["GET"]}}],"collection":[{"href":"https:\/\/www.hydraulic-cylinders.net\/hu\/wp-json\/wp\/v2\/product"}],"about":[{"href":"https:\/\/www.hydraulic-cylinders.net\/hu\/wp-json\/wp\/v2\/types\/product"}],"replies":[{"embeddable":true,"href":"https:\/\/www.hydraulic-cylinders.net\/hu\/wp-json\/wp\/v2\/comments?post=16117"}],"wp:featuredmedia":[{"embeddable":true,"href":"https:\/\/www.hydraulic-cylinders.net\/hu\/wp-json\/wp\/v2\/media\/14774"}],"wp:attachment":[{"href":"https:\/\/www.hydraulic-cylinders.net\/hu\/wp-json\/wp\/v2\/media?parent=16117"}],"wp:term":[{"taxonomy":"product_brand","embeddable":true,"href":"https:\/\/www.hydraulic-cylinders.net\/hu\/wp-json\/wp\/v2\/product_brand?post=16117"},{"taxonomy":"product_cat","embeddable":true,"href":"https:\/\/www.hydraulic-cylinders.net\/hu\/wp-json\/wp\/v2\/product_cat?post=16117"},{"taxonomy":"product_tag","embeddable":true,"href":"https:\/\/www.hydraulic-cylinders.net\/hu\/wp-json\/wp\/v2\/product_tag?post=16117"}],"curies":[{"name":"munkaf\u00fczet","href":"https:\/\/api.w.org\/{rel}","templated":true}]}}