{"id":16119,"date":"2025-01-20T08:30:48","date_gmt":"2025-01-20T08:30:48","guid":{"rendered":"https:\/\/www.hydraulic-cylinders.net\/product\/arm-cylinderfor-sumitomo-large-excavator-sh480hd-5\/"},"modified":"2025-01-20T08:30:50","modified_gmt":"2025-01-20T08:30:50","slug":"arm-cylinderfor-sumitomo-large-excavator-sh480hd-5","status":"publish","type":"product","link":"https:\/\/www.hydraulic-cylinders.net\/hu\/termek\/arm-cylinderfor-sumitomo-large-excavator-sh480hd-5\/","title":{"rendered":"Karhenger Sumitomo SH480HD-5 nagy kotr\u00f3g\u00e9phez"},"content":{"rendered":"<h2>Karhenger Sumitomo SH480HD-5 nagy kotr\u00f3g\u00e9phez<\/h2>\n<h3>Bevezet\u00e9s<\/h3>\n<p>A karhenger egy speci\u00e1lisan tervezett hidraulikus henger, amely line\u00e1ris mozg\u00e1st \u00e9s er\u0151t biztos\u00edt k\u00fcl\u00f6nf\u00e9le g\u00e9pek, p\u00e9ld\u00e1ul kotr\u00f3g\u00e9pek, daruk \u00e9s mechanikus karok karj\u00e1nak. A karhenger kritikus szerepet j\u00e1tszik a hidraulikus rendszerben, lehet\u0151v\u00e9 t\u00e9ve a csatlakoztatott szersz\u00e1mok vagy tartoz\u00e9kok hat\u00e9kony mozg\u00e1s\u00e1t \u00e9s vez\u00e9rl\u00e9s\u00e9t. Ezek a hengerek nemcsak sima mozg\u00e1st biztos\u00edtanak, hanem nagy terhel\u00e9seket is elviselnek, biztos\u00edtva a g\u00e9pek hat\u00e9kony m\u0171k\u00f6d\u00e9s\u00e9t \u00e9s megb\u00edzhat\u00f3s\u00e1g\u00e1t k\u00fcl\u00f6nb\u00f6z\u0151 \u00fczemi k\u00f6r\u00fclm\u00e9nyek k\u00f6z\u00f6tt.<\/p>\n<p><img decoding=\"async\" src=\"https:\/\/www.hydraulic-cylinders.net\/wp-content\/uploads\/2025\/01\/songte-company-2.webp\" alt=\"Karhenger k\u00e9pe\"><\/p>\n<h3>Jellemz\u0151k<\/h3>\n<ul>\n<li>Hat\u00e9kony er\u0151\u00e1tvitel: A karhengerek er\u0151s line\u00e1ris mozg\u00e1st \u00e9s er\u0151t biztos\u00edtanak, biztos\u00edtva a mechanikus karok nagy hat\u00e9konys\u00e1g\u00fa teljes\u00edtm\u00e9ny\u00e9t k\u00fcl\u00f6nf\u00e9le m\u0171veletek sor\u00e1n.<\/li>\n<li>Prec\u00edz vez\u00e9rl\u00e9s: A karhengerek prec\u00edz mozg\u00e1svez\u00e9rl\u00e9st biztos\u00edtanak a hidraulikus rendszeren kereszt\u00fcl, \u00edgy a csatlakoztatott eszk\u00f6z\u00f6k m\u0171k\u00f6dtet\u00e9se rugalmasabb \u00e9s pontosabb.<\/li>\n<li>Er\u0151s tart\u00f3ss\u00e1g: A karhengerek \u00e1ltal\u00e1ban nagy szil\u00e1rds\u00e1g\u00fa anyagokb\u00f3l k\u00e9sz\u00fclnek, j\u00f3 kop\u00e1s\u00e1ll\u00f3s\u00e1ggal \u00e9s korr\u00f3zi\u00f3\u00e1ll\u00f3s\u00e1ggal, \u00edgy alkalmasak hossz\u00fa t\u00e1v\u00fa haszn\u00e1latra zord k\u00f6rnyezetben.<\/li>\n<li>T\u00f6bbfunkci\u00f3s alkalmazkod\u00f3k\u00e9pess\u00e9g: Ezek a hengerek sz\u00e9les k\u00f6rben alkalmazhat\u00f3k k\u00fcl\u00f6nf\u00e9le mechanikus berendez\u00e9sekben, p\u00e9ld\u00e1ul kotr\u00f3g\u00e9pekben, darukban \u00e9s mechanikus karokban, hogy alkalmazkodjanak a k\u00fcl\u00f6nb\u00f6z\u0151 munkak\u00f6vetelm\u00e9nyekhez.<\/li>\n<li>K\u00f6nny\u0171 karbantart\u00e1s: A karbantart\u00e1s \u00e9s a csere egyszer\u0171s\u00edt\u00e9s\u00e9re ir\u00e1nyul\u00f3 tervez\u00e9si szempontok k\u00e9nyelmesebb\u00e9 teszik a rendszeres ellen\u0151rz\u00e9seket \u00e9s karbantart\u00e1st, cs\u00f6kkentve a berendez\u00e9sek \u00e1ll\u00e1sidej\u00e9t.<\/li>\n<\/ul>\n<p><img decoding=\"async\" src=\"https:\/\/www.hydraulic-cylinders.net\/wp-content\/uploads\/2025\/01\/songte-oil-pipes-and-spare-parts.webp\" alt=\"Karhenger alkatr\u00e9szek\"><\/p>\n<h3>Alkalmaz\u00e1sok<\/h3>\n<p>A karhengerek sz\u00e1mos ipar\u00e1gban alkalmazhat\u00f3k:<\/p>\n<ul>\n<li>\u00c9p\u00edt\u0151ipar: A karhengereket a v\u00f6dr\u00f6k vagy g\u00e9mek mozg\u00e1s\u00e1nak vez\u00e9rl\u00e9s\u00e9re haszn\u00e1lj\u00e1k kotr\u00f3g\u00e9pekben \u00e9s darukban f\u00f6ldmunk\u00e1k, anyagmozgat\u00e1s \u00e9s szerkezeti telep\u00edt\u00e9s sor\u00e1n.<\/li>\n<li>Gy\u00e1rt\u00f3ipar: A karhengereket mechanikus karok mozgat\u00e1s\u00e1ra haszn\u00e1lj\u00e1k automatiz\u00e1lt gy\u00e1rt\u00f3sorokon \u00f6sszeszerel\u00e9si, hegeszt\u00e9si \u00e9s anyagmozgat\u00e1si folyamatokhoz, jav\u00edtva a termel\u00e9si hat\u00e9konys\u00e1got \u00e9s a pontoss\u00e1got.<\/li>\n<li>Mez\u0151gazdas\u00e1gi g\u00e9pek: A karhengerek vez\u00e9rlik a mez\u0151gazdas\u00e1gi g\u00e9pek, p\u00e9ld\u00e1ul a betakar\u00edt\u00f3g\u00e9pek \u00e9s a vet\u0151g\u00e9pek m\u0171k\u00f6dtet\u0151 karjainak mozg\u00e1s\u00e1t olyan feladatok elv\u00e9gz\u00e9s\u00e9hez, mint az vet\u00e9s, a tr\u00e1gy\u00e1z\u00e1s \u00e9s a betakar\u00edt\u00e1s.<\/li>\n<li>B\u00e1ny\u00e1szat: A karhengereket a b\u00e1ny\u00e1szati \u200b\u200bberendez\u00e9sek karmozg\u00e1s\u00e1nak vez\u00e9rl\u00e9s\u00e9re haszn\u00e1lj\u00e1k \u00e9rcb\u00e1ny\u00e1szat \u00e9s -sz\u00e1ll\u00edt\u00e1s sor\u00e1n.<\/li>\n<li>Logisztika \u00e9s sz\u00e1ll\u00edt\u00e1s: A karhengereket a vill\u00e1k emel\u00e9s\u00e9nek \u00e9s mozg\u00e1s\u00e1nak vez\u00e9rl\u00e9s\u00e9re haszn\u00e1lj\u00e1k targonc\u00e1kban \u00e9s anyagmozgat\u00f3 robotokban, anyagok sz\u00e1ll\u00edt\u00e1s\u00e1hoz \u00e9s egym\u00e1sra rak\u00e1s\u00e1hoz.<\/li>\n<\/ul>\n<h3>Tervez\u00e9si szempontok \u00e9s kiv\u00e1laszt\u00e1si krit\u00e9riumok<\/h3>\n<p>A hengerek tervez\u00e9sekor \u00e9s kiv\u00e1laszt\u00e1sakor sz\u00e1mos t\u00e9nyez\u0151t kell figyelembe venni:<\/p>\n<ul>\n<li>Teherb\u00edr\u00e1s: A hengernek el kell b\u00edrnia a maxim\u00e1lis terhel\u00e9st \u00fczem k\u00f6zben.<\/li>\n<li>T\u00f6m\u00edt\u00e9s: K\u00fcl\u00f6nb\u00f6z\u0151 t\u00f6m\u00edt\u0151elemeket, p\u00e9ld\u00e1ul dugatty\u00fat\u00f6m\u00edt\u00e9seket \u00e9s r\u00fadt\u00f6m\u00edt\u00e9seket kell haszn\u00e1lni a sziv\u00e1rg\u00e1s megakad\u00e1lyoz\u00e1sa \u00e9s a megfelel\u0151 ken\u00e9s biztos\u00edt\u00e1sa \u00e9rdek\u00e9ben.<\/li>\n<li>Tart\u00f3ss\u00e1g: A hengert nagy kop\u00e1s\u00e1ll\u00f3s\u00e1g\u00fa \u00e9s korr\u00f3zi\u00f3\u00e1ll\u00f3 anyagokb\u00f3l kell k\u00e9sz\u00edteni, hogy hossz\u00fa t\u00e1von is haszn\u00e1lhat\u00f3 legyen zord k\u00f6rnyezetben.<\/li>\n<li>Biztons\u00e1g: A palacknak \u200b\u200bmeg kell felelnie a biztons\u00e1gi k\u00f6vetelm\u00e9nyeknek \u00e9s szabv\u00e1nyoknak a balesetek megel\u0151z\u00e9se \u00e9rdek\u00e9ben \u00fczem k\u00f6zben.<\/li>\n<li>Karbantart\u00e1s: A hengert \u00fagy kell megtervezni, hogy k\u00f6nnyen karbantarthat\u00f3 \u00e9s cser\u00e9lhet\u0151 legyen, ez\u00e1ltal cs\u00f6kkentve a berendez\u00e9s \u00e1ll\u00e1sidej\u00e9t.<\/li>\n<\/ul>\n<p><img decoding=\"async\" src=\"https:\/\/www.hydraulic-cylinders.net\/wp-content\/uploads\/2025\/01\/songte-cylinder-head-with-all-kinds-excavator-models.webp\" alt=\"Hengerfej k\u00e9pe\"><\/p>\n<h3>T\u00f6m\u00edt\u00e9s \u00e9s ken\u00e9s<\/h3>\n<p>A karos munkahengerek k\u00fcl\u00f6nf\u00e9le t\u00f6m\u00edt\u0151elemeket haszn\u00e1lnak, p\u00e9ld\u00e1ul dugatty\u00fat\u00f6m\u00edt\u00e9seket \u00e9s r\u00fadt\u00f6m\u00edt\u00e9seket, amelyek kop\u00e1s\u00e1ll\u00f3 anyagokb\u00f3l, p\u00e9ld\u00e1ul poliuret\u00e1nb\u00f3l \u00e9s nitrilgumib\u00f3l k\u00e9sz\u00fclnek. A hengertest \u00e9s a menetes v\u00e9gfel\u00fclet finom megmunk\u00e1l\u00e1s\u00fa a kop\u00e1s\u00e1ll\u00f3s\u00e1g jav\u00edt\u00e1sa \u00e9rdek\u00e9ben. A megfelel\u0151 hidraulikaolaj rendszeres hozz\u00e1ad\u00e1sa ken\u00e9shez hat\u00e9konyan meghosszabb\u00edthatja a henger \u00e9lettartam\u00e1t.<\/p>\n<p><img decoding=\"async\" src=\"https:\/\/www.hydraulic-cylinders.net\/wp-content\/uploads\/2025\/01\/songte-chushion-collar.webp\" alt=\"P\u00e1rnagall\u00e9r k\u00e9p\"><\/p>\n<h3>Ellen\u0151rz\u00e9s \u00e9s karbantart\u00e1s<\/h3>\n<p>A henger megb\u00edzhat\u00f3 m\u0171k\u00f6d\u00e9s\u00e9nek biztos\u00edt\u00e1s\u00e1hoz rendszeres ellen\u0151rz\u00e9s \u00e9s karbantart\u00e1s sz\u00fcks\u00e9ges:<\/p>\n<ul>\n<li>Ellen\u0151rizze a t\u00f6m\u00edt\u0151elemek kop\u00e1si \u00e1llapot\u00e1t, \u00e9s sz\u00fcks\u00e9g eset\u00e9n id\u0151ben cser\u00e9lje ki azokat.<\/li>\n<li>Rendszeresen tiszt\u00edtsa meg a hengertestet \u00e9s a dugatty\u00farudat, hogy megakad\u00e1lyozza a por \u00e9s szennyez\u0151d\u00e9s bejut\u00e1s\u00e1t a hengerbe.<\/li>\n<li>Rendszeresen ellen\u0151rizze a hidraulikaolaj szintj\u00e9t, \u00e9s id\u0151ben t\u00f6ltse fel az olajat.<\/li>\n<li>Ellen\u0151rizze a r\u00f6gz\u00edt\u0151elemek lazas\u00e1g\u00e1t, \u00e9s id\u0151ben h\u00fazza meg \u0151ket.<\/li>\n<\/ul>\n<h3>Telep\u00edt\u00e9si \u00fatmutat\u00f3<\/h3>\n<p>Telep\u00edt\u00e9s el\u0151tt ellen\u0151rizni kell, hogy a henger modellje \u00e9s specifik\u00e1ci\u00f3i megfelelnek-e a t\u00e9nyleges berendez\u00e9snek. A hengert v\u00edzszintes helyzetben kell beszerelni, \u00e9s helyesen kell csatlakoztatni a hidraulikus rendszerhez. A telep\u00edt\u00e9s ut\u00e1n ellen\u0151rizze a henger sziv\u00e1rg\u00e1s\u00e1t, \u00e9s v\u00e9gezzen egy egyszer\u0171 m\u0171k\u00f6d\u00e9si tesztet a henger megfelel\u0151 m\u0171k\u00f6d\u00e9s\u00e9nek biztos\u00edt\u00e1s\u00e1ra.<\/p>\n<p><img decoding=\"async\" src=\"https:\/\/www.hydraulic-cylinders.net\/wp-content\/uploads\/2025\/01\/songte-bushings-with-all-kinds-of-excavator-models.webp\" alt=\"Perselyek k\u00e9pe\"><\/p>\n<h3>Biztons\u00e1gi \u00e9s k\u00f6rnyezetv\u00e9delmi szempontok<\/h3>\n<p>Karos hengerek haszn\u00e1latakor figyelni kell a biztons\u00e1gi k\u00e9rd\u00e9sekre, p\u00e9ld\u00e1ul a t\u00falterhel\u00e9s elker\u00fcl\u00e9s\u00e9re \u00e9s a henger s\u00e9r\u00fcl\u00e9s\u00e9nek megakad\u00e1lyoz\u00e1s\u00e1ra. Ezenk\u00edv\u00fcl figyelembe kell venni a k\u00f6rnyezeti t\u00e9nyez\u0151ket, p\u00e9ld\u00e1ul a zajt \u00e9s a rezg\u00e9st, \u00e9s megfelel\u0151 zaj- \u00e9s rezg\u00e9scs\u00f6kkent\u0151 int\u00e9zked\u00e9seket kell tenni.<\/p>\n<h3>Hibaelh\u00e1r\u00edt\u00e1s \u00e9s gyakori probl\u00e9m\u00e1k<\/h3>\n<p>A karhengerek gyakori probl\u00e9m\u00e1i k\u00f6z\u00e9 tartozik az olajsziv\u00e1rg\u00e1s, a rendellenes zaj \u00e9s az el\u00e9gtelen er\u0151. Ezen probl\u00e9m\u00e1k hat\u00e9kony diagnosztiz\u00e1l\u00e1s\u00e1hoz \u00e9s megold\u00e1s\u00e1hoz gondosan ellen\u0151rizni kell a hengert, \u00e9s meg kell tal\u00e1lni a kiv\u00e1lt\u00f3 okot. Az olyan \u00f3vint\u00e9zked\u00e9sek, mint a rendszeres ellen\u0151rz\u00e9s \u00e9s karbantart\u00e1s, cs\u00f6kkenthetik a lehets\u00e9ges probl\u00e9m\u00e1k el\u0151fordul\u00e1s\u00e1t.<\/p>\n<p><img decoding=\"async\" src=\"https:\/\/www.hydraulic-cylinders.net\/wp-content\/uploads\/2025\/01\/songte-company-4.webp\" alt=\"C\u00e9ges im\u00e1zs\"><br \/>\n<img decoding=\"async\" src=\"https:\/\/www.hydraulic-cylinders.net\/wp-content\/uploads\/2025\/01\/songte-company-3.webp\" alt=\"C\u00e9ges im\u00e1zs\"><\/p>\n<h3>R\u00f3lunk<\/h3>\n<p>Sz\u00e9les term\u00e9kv\u00e1laszt\u00e9kkal rendelkez\u0151 p\u00f3talkatr\u00e9sz-hidraulikus hengerek professzion\u00e1lis gy\u00e1rt\u00f3jak\u00e9nt a hazai \u00e9s k\u00fclf\u00f6ldi piacok egyik vezet\u0151 hidraulikus hengergy\u00e1rt\u00f3j\u00e1v\u00e1 \u00e9s nagykereskedelmi forgalmaz\u00f3j\u00e1v\u00e1 v\u00e1ltunk. Mindig a kiv\u00e1l\u00f3 min\u0151s\u00e9g elv\u00e9t k\u00f6vetj\u00fck, \u00e9s a kifinomult gy\u00e1rt\u00f3m\u0171helyek ipari termel\u00e9sir\u00e1ny\u00edt\u00e1si strat\u00e9gi\u00e1j\u00e1ra t\u00e1maszkodunk, hogy folyamatosan fejlessz\u00fck m\u0171szaki sz\u00ednvonalunkat \u00e9s termel\u00e9si hat\u00e9konys\u00e1gunkat. Cs\u00facskateg\u00f3ri\u00e1s digit\u00e1lis gy\u00e1rt\u00f3berendez\u00e9sek \u00e9s professzion\u00e1lis tesztel\u0151rendszerek bevezet\u00e9s\u00e9vel folyamatosan optimaliz\u00e1ljuk gy\u00e1rt\u00e1si platformunkat, fejlesztj\u00fck term\u00e9kmin\u0151s\u00e9g-ellen\u0151rz\u00e9si folyamatunkat, \u00e9s er\u0151s innov\u00e1ci\u00f3s k\u00e9pess\u00e9ggel rendelkez\u00fcnk. C\u00e9lunk, hogy nagy hat\u00e9konys\u00e1ggal, pontoss\u00e1ggal \u00e9s magas min\u0151s\u00e9gi elvekkel el\u00e9g\u00edts\u00fck ki \u00fcgyfeleink sokr\u00e9t\u0171 ig\u00e9nyeit.<\/p>\n<p>Professzion\u00e1lis testreszab\u00e1si szolg\u00e1ltat\u00e1sokat ny\u00fajtunk, \u00e9s sz\u00e1mos nemzetk\u00f6zi tan\u00fas\u00edtv\u00e1nyt szerezt\u00fcnk, mint p\u00e9ld\u00e1ul az ISO9001, CE \u00e9s SGS, amelyek biztos\u00edtj\u00e1k term\u00e9keink megb\u00edzhat\u00f3s\u00e1g\u00e1t \u00e9s biztons\u00e1g\u00e1t. Korszer\u0171 gy\u00e1rt\u00f3berendez\u00e9sekkel rendelkez\u00fcnk, mint p\u00e9ld\u00e1ul CNC megmunk\u00e1l\u00f3k\u00f6zpontok, hegeszt\u0151robotok \u00e9s fel\u00fcletkezel\u0151 sorok, amelyek kiv\u00e1l\u00f3 min\u0151s\u00e9g\u0171 \u00e9s hat\u00e9kony szolg\u00e1ltat\u00e1sokat ny\u00fajtanak \u00fcgyfeleinknek. Emellett teljes k\u00f6r\u0171 \u00e9rt\u00e9kes\u00edt\u00e9s ut\u00e1ni szolg\u00e1ltat\u00e1st is ny\u00fajtunk, bele\u00e9rtve a telep\u00edt\u00e9si \u00fatmutat\u00e1st, a karbantart\u00e1si k\u00e9pz\u00e9st \u00e9s a m\u0171szaki t\u00e1mogat\u00e1st, hogy \u00fcgyfeleink magabiztosan \u00e9s el\u00e9gedetten haszn\u00e1lhass\u00e1k term\u00e9keinket.<\/p>\n<p>Szerz\u0151: lyl<\/p>","protected":false},"excerpt":{"rendered":"<p>Arm Cylinder For Sumitomo Large Excavator SH480HD-5 Introduction The arm cylinder is a specially designed hydraulic cylinder used to provide linear motion and power to the arm of various types of machinery, such as excavators, cranes, and mechanical arms. The arm cylinder plays a critical role in the hydraulic system, enabling the effective movement and [&hellip;]<\/p>","protected":false},"featured_media":14770,"comment_status":"open","ping_status":"closed","template":"","meta":{"_et_pb_use_builder":"","_et_pb_old_content":"","_et_gb_content_width":""},"product_brand":[],"product_cat":[1497],"product_tag":[1498,1496],"class_list":{"0":"post-16119","1":"product","2":"type-product","3":"status-publish","4":"has-post-thumbnail","6":"product_cat-arm-cylinders","7":"product_tag-arm-cylinders","8":"product_tag-hydraulic-cylinders","10":"first","11":"instock","12":"shipping-taxable","13":"product-type-simple"},"amp_enabled":true,"_links":{"self":[{"href":"https:\/\/www.hydraulic-cylinders.net\/hu\/wp-json\/wp\/v2\/product\/16119","targetHints":{"allow":["GET"]}}],"collection":[{"href":"https:\/\/www.hydraulic-cylinders.net\/hu\/wp-json\/wp\/v2\/product"}],"about":[{"href":"https:\/\/www.hydraulic-cylinders.net\/hu\/wp-json\/wp\/v2\/types\/product"}],"replies":[{"embeddable":true,"href":"https:\/\/www.hydraulic-cylinders.net\/hu\/wp-json\/wp\/v2\/comments?post=16119"}],"wp:featuredmedia":[{"embeddable":true,"href":"https:\/\/www.hydraulic-cylinders.net\/hu\/wp-json\/wp\/v2\/media\/14770"}],"wp:attachment":[{"href":"https:\/\/www.hydraulic-cylinders.net\/hu\/wp-json\/wp\/v2\/media?parent=16119"}],"wp:term":[{"taxonomy":"product_brand","embeddable":true,"href":"https:\/\/www.hydraulic-cylinders.net\/hu\/wp-json\/wp\/v2\/product_brand?post=16119"},{"taxonomy":"product_cat","embeddable":true,"href":"https:\/\/www.hydraulic-cylinders.net\/hu\/wp-json\/wp\/v2\/product_cat?post=16119"},{"taxonomy":"product_tag","embeddable":true,"href":"https:\/\/www.hydraulic-cylinders.net\/hu\/wp-json\/wp\/v2\/product_tag?post=16119"}],"curies":[{"name":"munkaf\u00fczet","href":"https:\/\/api.w.org\/{rel}","templated":true}]}}