{"id":16120,"date":"2025-01-20T08:30:54","date_gmt":"2025-01-20T08:30:54","guid":{"rendered":"https:\/\/www.hydraulic-cylinders.net\/product\/arm-cylinderfor-jcb-small-excavator-js13lc\/"},"modified":"2025-01-20T08:31:01","modified_gmt":"2025-01-20T08:31:01","slug":"arm-cylinderfor-jcb-small-excavator-js13lc","status":"publish","type":"product","link":"https:\/\/www.hydraulic-cylinders.net\/hu\/termek\/arm-cylinderfor-jcb-small-excavator-js13lc\/","title":{"rendered":"Karhenger JCB kis kotr\u00f3g\u00e9phez JS13LC"},"content":{"rendered":"<p>JCB JS13LC kis kotr\u00f3g\u00e9p karhengere: Meghat\u00e1roz\u00e1s \u00e9s magyar\u00e1zat<\/p>\n<p>A karhenger egy speci\u00e1lis hidraulikus henger, amelyet els\u0151sorban arra terveztek, hogy line\u00e1ris mozg\u00e1st \u00e9s er\u0151t biztos\u00edtson k\u00fcl\u00f6nf\u00e9le g\u00e9pek, p\u00e9ld\u00e1ul kotr\u00f3g\u00e9pek, daruk \u00e9s mechanikus karok karjaihoz. A karhenger kritikus szerepet j\u00e1tszik a hidraulikus rendszerben, lehet\u0151v\u00e9 t\u00e9ve a tov\u00e1bbi szersz\u00e1mok vagy tartoz\u00e9kok hat\u00e9kony mozg\u00e1s\u00e1t \u00e9s vez\u00e9rl\u00e9s\u00e9t. Ezek a hengerek nemcsak sima mozg\u00e1st biztos\u00edtanak, hanem nagy terhel\u00e9seket is elviselnek, biztos\u00edtva a g\u00e9pek hat\u00e9kony m\u0171k\u00f6d\u00e9s\u00e9t \u00e9s megb\u00edzhat\u00f3s\u00e1g\u00e1t k\u00fcl\u00f6nb\u00f6z\u0151 \u00fczemi k\u00f6r\u00fclm\u00e9nyek k\u00f6z\u00f6tt.<\/p>\n<p>JCB JS13LC kis kotr\u00f3g\u00e9p karhengere: Jellemz\u0151k<\/p>\n<p>A karhengerek sz\u00e1mos olyan tulajdons\u00e1ggal rendelkeznek, amelyek rendk\u00edv\u00fcl hat\u00e9konny\u00e1 \u00e9s megb\u00edzhat\u00f3v\u00e1 teszik \u0151ket k\u00fcl\u00f6nf\u00e9le berendez\u00e9sekben val\u00f3 m\u0171k\u00f6d\u00e9shez. \u00cdme \u00f6t ilyen tulajdons\u00e1g:<\/p>\n<p>1. Nagy hat\u00e9konys\u00e1g\u00fa er\u0151\u00e1tvitel: A karhenger er\u0151teljes line\u00e1ris mozg\u00e1st \u00e9s er\u0151t biztos\u00edt, biztos\u00edtva a mechanikus kar nagy hat\u00e9konys\u00e1g\u00fa teljes\u00edtm\u00e9ny\u00e9t k\u00fcl\u00f6nb\u00f6z\u0151 m\u0171veletek sor\u00e1n.<\/p>\n<p>2. Prec\u00edzi\u00f3s vez\u00e9rl\u00e9s: A hidraulikus rendszeren kereszt\u00fcl a karhenger prec\u00edz mozg\u00e1svez\u00e9rl\u00e9st \u00e9rhet el, \u00edgy a tov\u00e1bbi szersz\u00e1mok m\u0171k\u00f6dtet\u00e9se rugalmasabb \u00e9s pontosabb.<\/p>\n<p>3. Er\u0151s tart\u00f3ss\u00e1g: A karhengerek \u00e1ltal\u00e1ban nagy szil\u00e1rds\u00e1g\u00fa anyagokb\u00f3l k\u00e9sz\u00fclnek, kiv\u00e1l\u00f3 kop\u00e1s\u00e1ll\u00f3s\u00e1ggal \u00e9s korr\u00f3zi\u00f3\u00e1ll\u00f3s\u00e1ggal, \u00edgy alkalmasak hossz\u00fa t\u00e1v\u00fa haszn\u00e1latra zord k\u00f6rnyezetben.<\/p>\n<p>4. T\u00f6bbfunkci\u00f3s alkalmazkod\u00f3k\u00e9pess\u00e9g: Ezek a munkahengerek sz\u00e9les k\u00f6rben alkalmazhat\u00f3k k\u00fcl\u00f6nf\u00e9le mechanikus berendez\u00e9sekben, p\u00e9ld\u00e1ul kotr\u00f3g\u00e9pekben, darukban \u00e9s mechanikus karokban, hogy alkalmazkodjanak a k\u00fcl\u00f6nb\u00f6z\u0151 munkak\u00f6vetelm\u00e9nyekhez.<\/p>\n<p>5. K\u00f6nny\u0171 karbantart\u00e1s: A kialak\u00edt\u00e1s a karbantart\u00e1s \u00e9s a csere egyszer\u0171s\u00e9g\u00e9t szem el\u0151tt tartva k\u00e9nyelmesebb\u00e9 teszi a rendszeres ellen\u0151rz\u00e9st \u00e9s karbantart\u00e1st, valamint cs\u00f6kkenti a berendez\u00e9sek \u00e1ll\u00e1sidej\u00e9t.<\/p>\n<p>JCB JS13LC kis kotr\u00f3g\u00e9p karhengere: Alkalmaz\u00e1sok<\/p>\n<p>A karhengernek sz\u00e1mos alkalmaz\u00e1sa van k\u00fcl\u00f6nb\u00f6z\u0151 ter\u00fcleteken, p\u00e9ld\u00e1ul:<\/p>\n<p>1. \u00c9p\u00edt\u0151ipar: Kotr\u00f3g\u00e9pekn\u00e9l \u00e9s darukn\u00e1l a karhenger a v\u00f6dr\u00f6k vagy g\u00e9mek mozg\u00e1s\u00e1nak vez\u00e9rl\u00e9s\u00e9re szolg\u00e1l f\u00f6ldmunk\u00e1k, anyagmozgat\u00e1s \u00e9s szerkezettelep\u00edt\u00e9s sor\u00e1n.<\/p>\n<p>2. Gy\u00e1rt\u00f3ipar: Az automatiz\u00e1lt gy\u00e1rt\u00f3sorokon a karhengert mechanikus karok mozgat\u00e1s\u00e1ra haszn\u00e1lj\u00e1k \u00f6sszeszerel\u00e9si, hegeszt\u00e9si \u00e9s anyagmozgat\u00e1si folyamatok sor\u00e1n a termel\u00e9si hat\u00e9konys\u00e1g \u00e9s a pontoss\u00e1g n\u00f6vel\u00e9se \u00e9rdek\u00e9ben.<\/p>\n<p>3. Mez\u0151gazdas\u00e1gi g\u00e9pek: A mez\u0151gazdas\u00e1gi g\u00e9pekben, p\u00e9ld\u00e1ul a betakar\u00edt\u00f3g\u00e9pekben \u00e9s a vet\u0151g\u00e9pekben a karhenger vez\u00e9rli a kezel\u0151kar mozg\u00e1s\u00e1t olyan feladatokhoz, mint a vet\u00e9s, a m\u0171tr\u00e1gy\u00e1z\u00e1s \u00e9s a betakar\u00edt\u00e1s.<\/p>\n<p>4. B\u00e1ny\u00e1szat: A b\u00e1ny\u00e1szati \u200b\u200bberendez\u00e9sekben a karhenger vez\u00e9rli a b\u00e1ny\u00e1szati \u200b\u200bberendez\u00e9sek karj\u00e1nak mozg\u00e1s\u00e1t az \u00e9rcb\u00e1ny\u00e1szat \u00e9s -kezel\u00e9s sor\u00e1n.<\/p>\n<p>5. Logisztika \u00e9s sz\u00e1ll\u00edt\u00e1s: A targonc\u00e1kban \u00e9s anyagmozgat\u00f3 robotokban a karhenger a tehervill\u00e1k emel\u00e9s\u00e9nek \u00e9s mozg\u00e1s\u00e1nak vez\u00e9rl\u00e9s\u00e9re szolg\u00e1l az anyagsz\u00e1ll\u00edt\u00e1s \u00e9s -rakod\u00e1s kezel\u00e9s\u00e9hez.<\/p>\n<p>JCB JS13LC kis kotr\u00f3g\u00e9p karhengere: Tervez\u00e9si szempontok \u00e9s kiv\u00e1laszt\u00e1si krit\u00e9riumok<\/p>\n<p>A karhengereket k\u00fcl\u00f6nf\u00e9le szempontok figyelembev\u00e9tel\u00e9vel tervezik, mint p\u00e9ld\u00e1ul a teherb\u00edr\u00e1s, a t\u00f6m\u00edt\u00e9s, a tart\u00f3ss\u00e1g, a biztons\u00e1g \u00e9s a karbantarthat\u00f3s\u00e1g. \u00cdme n\u00e9h\u00e1ny megvitatand\u00f3 szempont:<\/p>\n<p>1. Teherb\u00edr\u00e1s: A karhengert \u00fagy kell megtervezni, hogy ellen\u00e1lljon a k\u00fcl\u00f6nf\u00e9le \u00fczemi k\u00f6r\u00fclm\u00e9nyekb\u0151l ered\u0151 nagy terhel\u00e9seknek \u00e9s er\u0151knek.<\/p>\n<p>2. T\u00f6m\u00edt\u00e9s: K\u00fcl\u00f6nb\u00f6z\u0151 t\u00f6m\u00edt\u0151elemeket, p\u00e9ld\u00e1ul dugatty\u00fat\u00f6m\u00edt\u00e9seket, r\u00fadt\u00f6m\u00edt\u00e9seket stb. kell haszn\u00e1lni a hidraulikafolyad\u00e9kok sziv\u00e1rg\u00e1s\u00e1nak megakad\u00e1lyoz\u00e1s\u00e1ra.<\/p>\n<p>3. Tart\u00f3ss\u00e1g: A hengernek kop\u00e1s\u00e1ll\u00f3, korr\u00f3zi\u00f3\u00e1ll\u00f3 \u00e9s a zord k\u00f6rnyezeti hat\u00e1soknak ellen\u00e1ll\u00f3 anyagokb\u00f3l kell k\u00e9sz\u00fclnie.<\/p>\n<p>4. Biztons\u00e1g: A karhengert biztons\u00e1gi funkci\u00f3kkal, p\u00e9ld\u00e1ul nyom\u00e1scs\u00f6kkent\u0151 szelepekkel kell ell\u00e1tni a balesetek megel\u0151z\u00e9se \u00e9rdek\u00e9ben.<\/p>\n<p>5. Karbantarthat\u00f3s\u00e1g: A tervez\u00e9snek figyelembe kell vennie az alkatr\u00e9szek karbantart\u00e1s\u00e1nak \u00e9s cser\u00e9j\u00e9nek egyszer\u0171s\u00e9g\u00e9t, hogy a berendez\u00e9sek rendszeres ellen\u0151rz\u00e9se \u00e9s karbantart\u00e1sa k\u00e9nyelmesebb legyen, \u00e9s cs\u00f6kkenjen az \u00e1ll\u00e1sid\u0151.<\/p>\n<p>JCB JS13LC kis kotr\u00f3g\u00e9p karhengere: t\u00f6m\u00edt\u00e9s \u00e9s ken\u00e9s<\/p>\n<p>A hidraulikafolyad\u00e9kok sziv\u00e1rg\u00e1s\u00e1nak megakad\u00e1lyoz\u00e1sa \u00e9rdek\u00e9ben k\u00fcl\u00f6nf\u00e9le t\u00f6m\u00edt\u0151elemeket, p\u00e9ld\u00e1ul dugatty\u00fat\u00f6m\u00edt\u00e9seket, r\u00fadt\u00f6m\u00edt\u00e9seket stb. kell haszn\u00e1lni. A t\u00f6m\u00edt\u0151elemeknek kop\u00e1s\u00e1ll\u00f3 anyagokb\u00f3l, p\u00e9ld\u00e1ul poliuret\u00e1nb\u00f3l \u00e9s nitrilgumib\u00f3l kell k\u00e9sz\u00fclni\u00fck. A hengerfejet, a hengertestet \u00e9s a menetes v\u00e9gfel\u00fcletet finoman kell kezelni a kop\u00e1s\u00e1ll\u00f3s\u00e1g jav\u00edt\u00e1sa \u00e9rdek\u00e9ben. A hengert rendszeresen megfelel\u0151 mennyis\u00e9g\u0171 hidraulikaolajjal kell kenni a sima \u00e9s hat\u00e9kony m\u0171k\u00f6d\u00e9s biztos\u00edt\u00e1sa \u00e9rdek\u00e9ben.<\/p>\n<p>JCB JS13LC kis kotr\u00f3g\u00e9p karhengere: Rendszeres ellen\u0151rz\u00e9s \u00e9s megel\u0151z\u0151 karbantart\u00e1si int\u00e9zked\u00e9sek<\/p>\n<p>A rendszeres ellen\u0151rz\u00e9s elengedhetetlen a karhenger hat\u00e9kony \u00e9s biztons\u00e1gos m\u0171k\u00f6d\u00e9s\u00e9nek biztos\u00edt\u00e1s\u00e1hoz. \u00cdme n\u00e9h\u00e1ny megel\u0151z\u0151 karbantart\u00e1si int\u00e9zked\u00e9s:<\/p>\n<p>1. Rendszeresen ellen\u0151rizze a palack \u00e9s minden alkatr\u00e9sz\u00e9nek \u00e9ps\u00e9g\u00e9t.<\/p>\n<p>2. Ellen\u0151rizze a t\u00f6m\u00edt\u0151elemek kop\u00e1s\u00e1t, \u00e9s sz\u00fcks\u00e9g eset\u00e9n cser\u00e9lje ki \u0151ket.<\/p>\n<p>3. T\u00f6ltse be a megfelel\u0151 mennyis\u00e9g\u0171 hidraulikaolajat, \u00e9s cser\u00e9lje ki rendszeres id\u0151k\u00f6z\u00f6nk\u00e9nt.<\/p>\n<p>4. Ellen\u0151rizze a nyom\u00e1scs\u00f6kkent\u0151 szelep biztons\u00e1gos m\u0171k\u00f6d\u00e9s\u00e9t.<\/p>\n<p>5. V\u00e9gezzen megel\u0151z\u0151 karbantart\u00e1st \u00e9s alkatr\u00e9szcser\u00e9t a henger \u00e9lettartam\u00e1nak megfelel\u0151en.<\/p>\n<p>JCB JS13LC kis kotr\u00f3g\u00e9p karhengere: Term\u00e9ktelep\u00edt\u00e9si \u00fatmutat\u00f3<\/p>\n<p>A karhenger beszerel\u00e9s\u00e9hez k\u00f6vesse az al\u00e1bbi l\u00e9p\u00e9seket:<\/p>\n<p>1. Gondosan ellen\u0151rizze az \u00faj hengert s\u00e9r\u00fcl\u00e9sek vagy hib\u00e1k szempontj\u00e1b\u00f3l.<\/p>\n<p>2. Gy\u0151z\u0151dj\u00f6n meg arr\u00f3l, hogy minden t\u00f6m\u00edt\u00e9s \u00e9s t\u00f6m\u00edt\u0151gy\u0171r\u0171 a hely\u00e9n van \u00e9s j\u00f3 \u00e1llapotban van.<\/p>\n<p>3. Szerelje fel a hengert a kijel\u00f6lt helyre, a gy\u00e1rt\u00f3 utas\u00edt\u00e1sait k\u00f6vetve.<\/p>\n<p>4. Csatlakoztassa a hidraulikavezet\u00e9keket \u00e9s szerelv\u00e9nyeket a gy\u00e1rt\u00f3 utas\u00edt\u00e1sainak megfelel\u0151en.<\/p>\n<p>5. Ellen\u0151rizze a palack megfelel\u0151 m\u0171k\u00f6d\u00e9s\u00e9t \u00e9s sziv\u00e1rg\u00e1s\u00e1t.<\/p>\n<p>JCB JS13LC kis kotr\u00f3g\u00e9p karhengere: Biztons\u00e1gi szempontok \u00e9s k\u00f6rnyezeti t\u00e9nyez\u0151k<\/p>\n<p>A biztons\u00e1g kritikus fontoss\u00e1g\u00fa a karhenger m\u0171k\u00f6dtet\u00e9sekor. K\u00f6vesse az al\u00e1bbi biztons\u00e1gi int\u00e9zked\u00e9seket:<\/p>\n<p>1. Viseljen megfelel\u0151 v\u00e9d\u0151felszerel\u00e9st, p\u00e9ld\u00e1ul keszty\u0171t \u00e9s v\u00e9d\u0151szem\u00fcveget.<\/p>\n<p>2. A karhenger m\u0171k\u00f6dtet\u00e9se el\u0151tt gy\u0151z\u0151dj\u00f6n meg arr\u00f3l, hogy a berendez\u00e9s megfelel\u0151en r\u00f6gz\u00edtve \u00e9s stabiliz\u00e1lva van.<\/p>\n<p>3. A palackot mindig a gy\u00e1rt\u00f3 \u00e1ltal meghat\u00e1rozott hat\u00e1r\u00e9rt\u00e9keken bel\u00fcl \u00fczemeltesse.<\/p>\n<p>4. Rendszeresen ellen\u0151rizze a hengert s\u00e9r\u00fcl\u00e9sek vagy kop\u00e1sok szempontj\u00e1b\u00f3l.<\/p>\n<p>A k\u00f6rnyezeti t\u00e9nyez\u0151k, mint p\u00e9ld\u00e1ul a h\u0151m\u00e9rs\u00e9klet \u00e9s a p\u00e1ratartalom, befoly\u00e1solhatj\u00e1k a karhenger teljes\u00edtm\u00e9ny\u00e9t. A henger gy\u00e1rt\u00f3 \u00e1ltal meghat\u00e1rozott k\u00f6rnyezeti felt\u00e9telek melletti \u00fczemeltet\u00e9se elengedhetetlen az optim\u00e1lis teljes\u00edtm\u00e9ny biztos\u00edt\u00e1s\u00e1hoz.<\/p>\n<p>JCB JS13LC kis kotr\u00f3g\u00e9p karhengere: Hibaelh\u00e1r\u00edt\u00e1s \u00e9s gyakori probl\u00e9m\u00e1k<\/p>\n<p>\u00cdme n\u00e9h\u00e1ny gyakori probl\u00e9ma, amely a karhenger m\u0171k\u00f6dtet\u00e9se sor\u00e1n felmer\u00fclhet:<\/p>\n<p>1. Hidraulikafolyad\u00e9k sziv\u00e1rg\u00e1sa s\u00e9r\u00fclt t\u00f6m\u00edt\u00e9sek vagy t\u00f6m\u00edt\u0151gy\u0171r\u0171k miatt.<\/p>\n<p>2. A henger nem hat\u00e9kony m\u0171k\u00f6d\u00e9se a hidraulikafolyad\u00e9k szennyez\u0151d\u00e9se vagy a nem megfelel\u0151 ken\u00e9s miatt.<\/p>\n<p>3. Hib\u00e1san m\u0171k\u00f6d\u0151 vagy beragadt henger s\u00e9r\u00fclt alkatr\u00e9szek vagy idegen t\u00e1rgyak miatt.<\/p>\n<p>A probl\u00e9m\u00e1k elh\u00e1r\u00edt\u00e1s\u00e1hoz k\u00f6vesse az al\u00e1bbi l\u00e9p\u00e9seket:<\/p>\n<p>1. Azonos\u00edtsa a probl\u00e9m\u00e1t \u00e9s annak ok\u00e1t.<\/p>\n<p>2. A s\u00e9r\u00fclt alkatr\u00e9szek cser\u00e9j\u00e9hez vagy a szennyezett hidraulikafolyad\u00e9kok tiszt\u00edt\u00e1s\u00e1hoz k\u00f6vesse a gy\u00e1rt\u00f3 utas\u00edt\u00e1sait.<\/p>\n<p>3. Rendszeresen ellen\u0151rizze \u00e9s tartsa karban a palackot a lehets\u00e9ges probl\u00e9m\u00e1k megel\u0151z\u00e9se \u00e9rdek\u00e9ben.<\/p>\n<p>JCB JS13LC kis kotr\u00f3g\u00e9p karhengere: K\u00f6vetkeztet\u00e9s<\/p>\n<p>Professzion\u00e1lis hidraulikus hengerek gy\u00e1rt\u00f3jak\u00e9nt sz\u00e9les term\u00e9kv\u00e1laszt\u00e9kot k\u00edn\u00e1lunk, \u00e9s a hazai \u00e9s nemzetk\u00f6zi piacok egyik vezet\u0151 hidraulikus hengergy\u00e1rt\u00f3j\u00e1v\u00e1 \u00e9s nagykereskedelmi forgalmaz\u00f3j\u00e1v\u00e1 v\u00e1ltunk. Mindig a kiv\u00e1l\u00f3 min\u0151s\u00e9g elv\u00e9t k\u00f6vetj\u00fck, folyamatosan fejlesztj\u00fck technol\u00f3gi\u00e1nkat \u00e9s termel\u00e9si hat\u00e9konys\u00e1gunkat, \u00e9s c\u00e9lunk, hogy hat\u00e9kony, prec\u00edz \u00e9s kiv\u00e1l\u00f3 min\u0151s\u00e9g\u0171 term\u00e9kekkel el\u00e9g\u00edts\u00fck ki \u00fcgyfeleink sokr\u00e9t\u0171 ig\u00e9nyeit. C\u00e9g\u00fcnk magasan specializ\u00e1lt, nemzetk\u00f6zileg tan\u00fas\u00edtott, \u00e9s testreszabott szolg\u00e1ltat\u00e1sokat, korszer\u0171 gy\u00e1rt\u00f3berendez\u00e9seket \u00e9s kiv\u00e1l\u00f3 \u00e9rt\u00e9kes\u00edt\u00e9s ut\u00e1ni szolg\u00e1ltat\u00e1st k\u00edn\u00e1l \u00fcgyfeleinek.<\/p>","protected":false},"excerpt":{"rendered":"<p>Arm Cylinder for JCB Small Excavator JS13LC: Definition and Explanation Arm cylinder is a specialized hydraulic cylinder designed primarily to provide linear motion and power to the arms of various types of machinery, such as excavators, cranes, and mechanical arms. The arm cylinder plays a critical role in the hydraulic system, enabling the effective movement [&hellip;]<\/p>","protected":false},"featured_media":14766,"comment_status":"open","ping_status":"closed","template":"","meta":{"_et_pb_use_builder":"","_et_pb_old_content":"","_et_gb_content_width":""},"product_brand":[],"product_cat":[1497],"product_tag":[1498,1496],"class_list":{"0":"post-16120","1":"product","2":"type-product","3":"status-publish","4":"has-post-thumbnail","6":"product_cat-arm-cylinders","7":"product_tag-arm-cylinders","8":"product_tag-hydraulic-cylinders","10":"first","11":"instock","12":"shipping-taxable","13":"product-type-simple"},"amp_enabled":true,"_links":{"self":[{"href":"https:\/\/www.hydraulic-cylinders.net\/hu\/wp-json\/wp\/v2\/product\/16120","targetHints":{"allow":["GET"]}}],"collection":[{"href":"https:\/\/www.hydraulic-cylinders.net\/hu\/wp-json\/wp\/v2\/product"}],"about":[{"href":"https:\/\/www.hydraulic-cylinders.net\/hu\/wp-json\/wp\/v2\/types\/product"}],"replies":[{"embeddable":true,"href":"https:\/\/www.hydraulic-cylinders.net\/hu\/wp-json\/wp\/v2\/comments?post=16120"}],"wp:featuredmedia":[{"embeddable":true,"href":"https:\/\/www.hydraulic-cylinders.net\/hu\/wp-json\/wp\/v2\/media\/14766"}],"wp:attachment":[{"href":"https:\/\/www.hydraulic-cylinders.net\/hu\/wp-json\/wp\/v2\/media?parent=16120"}],"wp:term":[{"taxonomy":"product_brand","embeddable":true,"href":"https:\/\/www.hydraulic-cylinders.net\/hu\/wp-json\/wp\/v2\/product_brand?post=16120"},{"taxonomy":"product_cat","embeddable":true,"href":"https:\/\/www.hydraulic-cylinders.net\/hu\/wp-json\/wp\/v2\/product_cat?post=16120"},{"taxonomy":"product_tag","embeddable":true,"href":"https:\/\/www.hydraulic-cylinders.net\/hu\/wp-json\/wp\/v2\/product_tag?post=16120"}],"curies":[{"name":"munkaf\u00fczet","href":"https:\/\/api.w.org\/{rel}","templated":true}]}}