{"id":16143,"date":"2025-01-20T08:32:59","date_gmt":"2025-01-20T08:32:59","guid":{"rendered":"https:\/\/www.hydraulic-cylinders.net\/product\/arm-cylinderfor-caterpillar-small-excavator-e313bcr\/"},"modified":"2025-01-20T08:33:01","modified_gmt":"2025-01-20T08:33:01","slug":"arm-cylinderfor-caterpillar-small-excavator-e313bcr","status":"publish","type":"product","link":"https:\/\/www.hydraulic-cylinders.net\/hu\/termek\/arm-cylinderfor-caterpillar-small-excavator-e313bcr\/","title":{"rendered":"Karhenger Caterpillar kis kotr\u00f3g\u00e9phez E313BCR"},"content":{"rendered":"<p>Karhenger Caterpillar kis kotr\u00f3g\u00e9phez E313BCR<\/p>\n<p>Alc\u00edm: A term\u00e9k bemutat\u00e1sa<\/p>\n<p>A karhenger egy speci\u00e1lisan tervezett hidraulikus henger, amelyet f\u0151k\u00e9nt k\u00fcl\u00f6nf\u00e9le g\u00e9pek, p\u00e9ld\u00e1ul kotr\u00f3g\u00e9pek, daruk \u00e9s mechanikus karok karj\u00e1nak line\u00e1ris mozg\u00e1s\u00e1nak \u00e9s erej\u00e9nek biztos\u00edt\u00e1s\u00e1ra haszn\u00e1lnak. A karhengerek kulcsszerepet j\u00e1tszanak a hidraulikus rendszerekben, lehet\u0151v\u00e9 t\u00e9ve a tov\u00e1bbi szersz\u00e1mok vagy tartoz\u00e9kok hat\u00e9kony mozg\u00e1s\u00e1t \u00e9s vez\u00e9rl\u00e9s\u00e9t. Ezek a hengerek nemcsak sima mozg\u00e1st biztos\u00edtanak, hanem nagy terhel\u00e9seket is elviselnek, biztos\u00edtva a g\u00e9p magas hat\u00e9konys\u00e1g\u00e1t \u00e9s megb\u00edzhat\u00f3s\u00e1g\u00e1t k\u00fcl\u00f6nb\u00f6z\u0151 \u00fczemi k\u00f6r\u00fclm\u00e9nyek k\u00f6z\u00f6tt.<\/p>\n<p><img decoding=\"async\" src=\"https:\/\/www.hydraulic-cylinders.net\/wp-content\/uploads\/2025\/01\/songte-company-2.webp\"><\/p>\n<p>Alc\u00edm: A term\u00e9k jellemz\u0151i<\/p>\n<p>\u2013 Nagy hat\u00e9konys\u00e1g\u00fa er\u0151\u00e1tvitel: A karhenger er\u0151teljes line\u00e1ris mozg\u00e1st \u00e9s er\u0151t biztos\u00edt, biztos\u00edtva a mechanikus kar nagy hat\u00e9konys\u00e1g\u00fa teljes\u00edtm\u00e9ny\u00e9t k\u00fcl\u00f6nb\u00f6z\u0151 m\u0171veletek sor\u00e1n.<br \/>\n\u2013 Prec\u00edz vez\u00e9rl\u00e9s: A hidraulikus rendszeren kereszt\u00fcl a karhenger prec\u00edz mozg\u00e1svez\u00e9rl\u00e9st \u00e9rhet el, \u00edgy a tov\u00e1bbi szersz\u00e1mok m\u0171k\u00f6dtet\u00e9se rugalmasabb \u00e9s pontosabb.<br \/>\n\u2013 Er\u0151s tart\u00f3ss\u00e1g: A karos munkahengerek \u00e1ltal\u00e1ban nagy szil\u00e1rds\u00e1g\u00fa anyagokb\u00f3l k\u00e9sz\u00fclnek, j\u00f3 kop\u00e1s\u00e1ll\u00f3s\u00e1ggal \u00e9s korr\u00f3zi\u00f3\u00e1ll\u00f3s\u00e1ggal, \u00edgy alkalmasak hossz\u00fa t\u00e1v\u00fa haszn\u00e1latra zord k\u00f6rnyezetben.<br \/>\n\u2013 T\u00f6bbfunkci\u00f3s alkalmazkod\u00f3k\u00e9pess\u00e9g: Ezek a munkahengerek sz\u00e9les k\u00f6rben alkalmazhat\u00f3k k\u00fcl\u00f6nf\u00e9le g\u00e9pekben, p\u00e9ld\u00e1ul kotr\u00f3g\u00e9pekben, darukban \u00e9s mechanikus karokban, alkalmazkodva a k\u00fcl\u00f6nb\u00f6z\u0151 munkak\u00f6vetelm\u00e9nyekhez.<br \/>\n\u2013 K\u00f6nny\u0171 karbantart\u00e1s: A kialak\u00edt\u00e1s figyelembe veszi az egyszer\u0171 karbantart\u00e1st \u00e9s cser\u00e9t, \u00edgy a rendszeres ellen\u0151rz\u00e9sek \u00e9s karbantart\u00e1s k\u00e9nyelmesebb, \u00e9s cs\u00f6kken a berendez\u00e9sek \u00e1ll\u00e1sideje.<\/p>\n<p>Ezt a term\u00e9ket el\u0151 tudjuk \u00e1ll\u00edtani, \u00e9s t\u00f6k\u00e9letesen helyettes\u00edtheti ezeket a hidraulikus hengereket.<\/p>\n<p><img decoding=\"async\" src=\"https:\/\/www.hydraulic-cylinders.net\/wp-content\/uploads\/2025\/01\/songte-oil-pipes-and-spare-parts.webp\"><\/p>\n<p>Alc\u00edm: A hidraulikus henger alkalmaz\u00e1si forgat\u00f3k\u00f6nyvei<\/p>\n<p>\u2013 \u00c9p\u00edt\u0151ipar: Kotr\u00f3g\u00e9pekben \u00e9s darukban a karhengereket a kanalak vagy g\u00e9mek mozg\u00e1s\u00e1nak vez\u00e9rl\u00e9s\u00e9re, f\u00f6ldmunk\u00e1k elv\u00e9gz\u00e9s\u00e9re, anyagmozgat\u00e1sra \u00e9s szerkezeti szerel\u00e9sre haszn\u00e1lj\u00e1k.<br \/>\n\u2013 Gy\u00e1rt\u00f3ipar: Az automatiz\u00e1lt gy\u00e1rt\u00f3sorokon a karhengereket mechanikus karok mozgat\u00e1s\u00e1ra, \u00f6sszeszerel\u00e9si, hegeszt\u00e9si \u00e9s anyagmozgat\u00e1si folyamatok elv\u00e9gz\u00e9s\u00e9re haszn\u00e1lj\u00e1k, jav\u00edtva a termel\u00e9si hat\u00e9konys\u00e1got \u00e9s a pontoss\u00e1got.<br \/>\n\u2013 Mez\u0151gazdas\u00e1gi g\u00e9pek: A mez\u0151gazdas\u00e1gi g\u00e9pekben, p\u00e9ld\u00e1ul a betakar\u00edt\u00f3g\u00e9pekben \u00e9s a vet\u0151g\u00e9pekben a karhengerek vez\u00e9rlik a m\u0171k\u00f6dtet\u0151 karok mozg\u00e1s\u00e1t, olyan feladatokat l\u00e1tva el, mint az vet\u00e9s, a tr\u00e1gy\u00e1z\u00e1s \u00e9s a betakar\u00edt\u00e1s.<br \/>\n\u2013 B\u00e1ny\u00e1szat: A b\u00e1ny\u00e1szati \u200b\u200bberendez\u00e9sekben a karhengereket a b\u00e1ny\u00e1szati \u200b\u200bberendez\u00e9sek karjainak mozg\u00e1s\u00e1nak vez\u00e9rl\u00e9s\u00e9re haszn\u00e1lj\u00e1k, b\u00e1ny\u00e1szatot \u00e9s \u00e9rcek kezel\u00e9s\u00e9t v\u00e9gzik.<br \/>\n\u2013 Logisztika \u00e9s sz\u00e1ll\u00edt\u00e1s: A targonc\u00e1kban \u00e9s anyagmozgat\u00f3 robotokban a karhengereket a vill\u00e1k emel\u00e9s\u00e9nek \u00e9s mozg\u00e1s\u00e1nak vez\u00e9rl\u00e9s\u00e9re haszn\u00e1lj\u00e1k, megval\u00f3s\u00edtva az anyagok kezel\u00e9s\u00e9t \u00e9s egym\u00e1sra rak\u00e1s\u00e1t.<\/p>\n<p>Alc\u00edm: Tervez\u00e9si \u00e9s kiv\u00e1laszt\u00e1si krit\u00e9riumok<\/p>\n<p>\u2013 Teherb\u00edr\u00e1s: A karhengernek k\u00e9pesnek kell lennie ellen\u00e1llni a mechanikus kar \u00e1ltal m\u0171k\u00f6d\u00e9s k\u00f6zben kifejtett terhel\u00e9snek.<br \/>\n\u2013 T\u00f6m\u00edt\u00e9s: A karhengert k\u00fcl\u00f6nf\u00e9le t\u00f6m\u00edt\u0151elemekkel, p\u00e9ld\u00e1ul dugatty\u00fat\u00f6m\u00edt\u00e9sekkel \u00e9s r\u00fadt\u00f6m\u00edt\u00e9sekkel kell felszerelni, kop\u00e1s\u00e1ll\u00f3 anyagokat, p\u00e9ld\u00e1ul poliuret\u00e1nt \u00e9s nitrilgumit v\u00e1lasztva.<br \/>\n\u2013 Tart\u00f3ss\u00e1g: A hengertestet \u00e9s a menet v\u00e9g\u00e9t finoman meg kell munk\u00e1lni a kop\u00e1s\u00e1ll\u00f3s\u00e1g jav\u00edt\u00e1sa \u00e9rdek\u00e9ben.<br \/>\n\u2013 Biztons\u00e1g: A karhengernek biztons\u00e1gosan kell m\u0171k\u00f6dnie k\u00fcl\u00f6nb\u00f6z\u0151 k\u00f6r\u00fclm\u00e9nyek k\u00f6z\u00f6tt.<br \/>\n\u2013 Karbantarthat\u00f3s\u00e1g: A tervez\u00e9s sor\u00e1n figyelembe kell venni a k\u00f6nny\u0171 karbantart\u00e1st \u00e9s cser\u00e9t.<\/p>\n<p><img decoding=\"async\" src=\"https:\/\/www.hydraulic-cylinders.net\/wp-content\/uploads\/2025\/01\/songte-cylinder-head-with-all-kinds-excavator-models.webp\"><\/p>\n<p>Alc\u00edm: A term\u00e9k t\u00f6m\u00edt\u00e9se \u00e9s ken\u00e9se<\/p>\n<p>A karhengerhez k\u00fcl\u00f6nf\u00e9le t\u00f6m\u00edt\u0151elemeket kell haszn\u00e1lni, p\u00e9ld\u00e1ul dugatty\u00fat\u00f6m\u00edt\u00e9seket \u00e9s r\u00fadt\u00f6m\u00edt\u00e9seket, kop\u00e1s\u00e1ll\u00f3 anyagokat, p\u00e9ld\u00e1ul poliuret\u00e1nt \u00e9s nitrilgumit v\u00e1lasztva. A hengertestet \u00e9s a menetes v\u00e9gfel\u00fcletet finoman megmunk\u00e1lni kell a kop\u00e1s\u00e1ll\u00f3s\u00e1g jav\u00edt\u00e1sa \u00e9rdek\u00e9ben. A karhenger rendszeres ken\u00e9st ig\u00e9nyel megfelel\u0151 mennyis\u00e9g\u0171 hidraulikaolajjal a z\u00f6kken\u0151mentes m\u0171k\u00f6d\u00e9s biztos\u00edt\u00e1sa \u00e9rdek\u00e9ben.<\/p>\n<p>Alc\u00edm: Rendszeres ellen\u0151rz\u00e9s \u00e9s megel\u0151z\u0151 karbantart\u00e1si int\u00e9zked\u00e9sek<\/p>\n<p>A karhenger rendszeres ellen\u0151rz\u00e9s\u00e9t \u00e9s megel\u0151z\u0151 karbantart\u00e1s\u00e1t el kell v\u00e9gezni, bele\u00e9rtve a t\u00f6m\u00edt\u00e9s \u00e1llapot\u00e1nak, a ken\u00e9si \u00e1llapotnak \u00e9s a m\u0171k\u00f6d\u00e9si \u00e1llapotnak az ellen\u0151rz\u00e9s\u00e9t. Ha b\u00e1rmilyen probl\u00e9m\u00e1t tal\u00e1lnak, id\u0151ben el kell v\u00e9gezni a karbantart\u00e1st.<\/p>\n<p><img decoding=\"async\" src=\"https:\/\/www.hydraulic-cylinders.net\/wp-content\/uploads\/2025\/01\/songte-chushion-collar.webp\"><\/p>\n<p>Alc\u00edm: Helyes telep\u00edt\u00e9si \u00fatmutat\u00f3<\/p>\n<p>A hengerfej megfelel\u0151 felszerel\u00e9s\u00e9hez k\u00f6vesse az al\u00e1bbi utas\u00edt\u00e1sokat:<br \/>\n1. Tiszt\u00edtsa meg a karhenger \u00e9s a mechanikus kar r\u00f6gz\u00edt\u0151fel\u00fclet\u00e9t.<br \/>\n2. Szerelje fel a karhengert, \u00e9s h\u00fazza meg a csavarokat a megadott nyomat\u00e9kkal.<br \/>\n3. Csatlakoztassa a hidraulikat\u00f6ml\u0151ket \u00e9s szerelv\u00e9nyeket a kar henger\u00e9hez.<br \/>\n4. Ellen\u0151rizze a karhenger m\u0171k\u00f6d\u00e9s\u00e9t a megfelel\u0151 beszerel\u00e9s biztos\u00edt\u00e1sa \u00e9rdek\u00e9ben.<\/p>\n<p>Alc\u00edm: Biztons\u00e1gi szempontok \u00e9s k\u00f6rnyezeti t\u00e9nyez\u0151k<\/p>\n<p>A karhenger haszn\u00e1latakor fontos a biztons\u00e1gi el\u0151\u00edr\u00e1sok betart\u00e1sa \u00e9s a term\u00e9k helyes haszn\u00e1lata a balesetek elker\u00fcl\u00e9se \u00e9s a biztons\u00e1gos m\u0171k\u00f6d\u00e9s biztos\u00edt\u00e1sa \u00e9rdek\u00e9ben. Fontos figyelembe venni a term\u00e9k k\u00f6rnyezeti hat\u00e1s\u00e1t is haszn\u00e1lat \u00e9s \u00e1rtalmatlan\u00edt\u00e1s sor\u00e1n.<\/p>\n<p>Alc\u00edm: Hibaelh\u00e1r\u00edt\u00e1s \u00e9s gyakori probl\u00e9m\u00e1k<\/p>\n<p>A karhengerek gyakori probl\u00e9m\u00e1i k\u00f6z\u00e9 tartozik a sziv\u00e1rg\u00e1s, az el\u00e9gtelen nyom\u00e1s \u00e9s a rendellenes zaj. Ha ezek a probl\u00e9m\u00e1k el\u0151fordulnak, fontos id\u0151ben diagnosztiz\u00e1lni \u00e9s megoldani \u0151ket, hogy elker\u00fclj\u00fck a g\u00e9p tov\u00e1bbi k\u00e1rosod\u00e1s\u00e1t.<\/p>\n<p>Alc\u00edm: Hibaelh\u00e1r\u00edt\u00e1si tippek \u00e9s megold\u00e1sok<\/p>\n<p>Ha a kar hengere sziv\u00e1rog, ellen\u0151rizze a t\u00f6m\u00edt\u0151 alkatr\u00e9szeket, \u00e9s sz\u00fcks\u00e9g eset\u00e9n cser\u00e9lje ki azokat. Ha a nyom\u00e1s nem elegend\u0151, ellen\u0151rizze a hidraulikus szivatty\u00fat vagy a szelepet. Ha rendellenes zajt \u00e9szlel, ellen\u0151rizze a hengerfejet vagy a dugatty\u00farudat. Ezen probl\u00e9m\u00e1k elker\u00fcl\u00e9se \u00e9rdek\u00e9ben fontos a rendszeres ellen\u0151rz\u00e9sek \u00e9s karbantart\u00e1s elv\u00e9gz\u00e9se.<\/p>\n<p><img decoding=\"async\" src=\"https:\/\/www.hydraulic-cylinders.net\/wp-content\/uploads\/2025\/01\/songte-bushings-with-all-kinds-of-excavator-models.webp\"><\/p>\n<p>\u00d6sszefoglalva, professzion\u00e1lis hidraulikus hengerek gy\u00e1rt\u00f3ja vagyunk, sz\u00e9les term\u00e9kv\u00e1laszt\u00e9kkal, \u00e9s m\u00e1ra a hazai \u00e9s nemzetk\u00f6zi piacok egyik vezet\u0151 hidraulikus hengergy\u00e1rt\u00f3j\u00e1v\u00e1 \u00e9s nagykereskedelmi forgalmaz\u00f3j\u00e1v\u00e1 v\u00e1ltunk. Mindig a kiv\u00e1l\u00f3 min\u0151s\u00e9g elv\u00e9t k\u00f6vetj\u00fck, \u00e9s folyamatosan fejlesztj\u00fck technol\u00f3gi\u00e1nkat \u00e9s termel\u00e9si hat\u00e9konys\u00e1gunkat. C\u00e9lunk, hogy nagy hat\u00e9konys\u00e1ggal, precizit\u00e1ssal \u00e9s kiv\u00e1l\u00f3 min\u0151s\u00e9ggel el\u00e9g\u00edts\u00fck ki \u00fcgyfeleink sokr\u00e9t\u0171 ig\u00e9nyeit. Szak\u00e9rtelmet, nemzetk\u00f6zi tan\u00fas\u00edt\u00e1sokat, testreszabott szolg\u00e1ltat\u00e1sokat, korszer\u0171 gy\u00e1rt\u00f3berendez\u00e9seket \u00e9s kiv\u00e1l\u00f3 \u00e9rt\u00e9kes\u00edt\u00e9s ut\u00e1ni szolg\u00e1ltat\u00e1st k\u00edn\u00e1lunk.<\/p>\n<p><img decoding=\"async\" src=\"https:\/\/www.hydraulic-cylinders.net\/wp-content\/uploads\/2025\/01\/songte-company-4.webp\"> <img decoding=\"async\" src=\"https:\/\/www.hydraulic-cylinders.net\/wp-content\/uploads\/2025\/01\/songte-company-3.webp\"><\/p>\n<p>Szerz\u0151: lyl.<\/p>","protected":false},"excerpt":{"rendered":"<p>Arm Cylinder for Caterpillar Small Excavator E313BCR Subheading: Introduction to the Product Arm cylinder is a specially designed hydraulic cylinder that is mainly used to provide linear motion and power to the arm of various types of machinery such as excavators, cranes and mechanical arms. Arm cylinders play a crucial role in hydraulic systems, enabling [&hellip;]<\/p>","protected":false},"featured_media":14786,"comment_status":"open","ping_status":"closed","template":"","meta":{"_et_pb_use_builder":"","_et_pb_old_content":"","_et_gb_content_width":""},"product_brand":[],"product_cat":[1497],"product_tag":[1498,1496],"class_list":{"0":"post-16143","1":"product","2":"type-product","3":"status-publish","4":"has-post-thumbnail","6":"product_cat-arm-cylinders","7":"product_tag-arm-cylinders","8":"product_tag-hydraulic-cylinders","10":"first","11":"instock","12":"shipping-taxable","13":"product-type-simple"},"amp_enabled":true,"_links":{"self":[{"href":"https:\/\/www.hydraulic-cylinders.net\/hu\/wp-json\/wp\/v2\/product\/16143","targetHints":{"allow":["GET"]}}],"collection":[{"href":"https:\/\/www.hydraulic-cylinders.net\/hu\/wp-json\/wp\/v2\/product"}],"about":[{"href":"https:\/\/www.hydraulic-cylinders.net\/hu\/wp-json\/wp\/v2\/types\/product"}],"replies":[{"embeddable":true,"href":"https:\/\/www.hydraulic-cylinders.net\/hu\/wp-json\/wp\/v2\/comments?post=16143"}],"wp:featuredmedia":[{"embeddable":true,"href":"https:\/\/www.hydraulic-cylinders.net\/hu\/wp-json\/wp\/v2\/media\/14786"}],"wp:attachment":[{"href":"https:\/\/www.hydraulic-cylinders.net\/hu\/wp-json\/wp\/v2\/media?parent=16143"}],"wp:term":[{"taxonomy":"product_brand","embeddable":true,"href":"https:\/\/www.hydraulic-cylinders.net\/hu\/wp-json\/wp\/v2\/product_brand?post=16143"},{"taxonomy":"product_cat","embeddable":true,"href":"https:\/\/www.hydraulic-cylinders.net\/hu\/wp-json\/wp\/v2\/product_cat?post=16143"},{"taxonomy":"product_tag","embeddable":true,"href":"https:\/\/www.hydraulic-cylinders.net\/hu\/wp-json\/wp\/v2\/product_tag?post=16143"}],"curies":[{"name":"munkaf\u00fczet","href":"https:\/\/api.w.org\/{rel}","templated":true}]}}