{"id":16157,"date":"2025-01-20T08:34:17","date_gmt":"2025-01-20T08:34:17","guid":{"rendered":"https:\/\/www.hydraulic-cylinders.net\/product\/arm-cylinderfor-caterpillar-middle-excavator-e320c-320d\/"},"modified":"2025-01-20T08:34:24","modified_gmt":"2025-01-20T08:34:24","slug":"arm-cylinderfor-caterpillar-middle-excavator-e320c-320d","status":"publish","type":"product","link":"https:\/\/www.hydraulic-cylinders.net\/hu\/termek\/arm-cylinderfor-caterpillar-middle-excavator-e320c-320d\/","title":{"rendered":"Karhenger Caterpillar k\u00f6z\u00e9ps\u0151 kotr\u00f3g\u00e9phez E320C\/320D"},"content":{"rendered":"<p>Karhenger Caterpillar k\u00f6z\u00e9ps\u0151 kotr\u00f3g\u00e9phez E320C\/320D<\/p>\n<p>Alc\u00edm: Bevezet\u00e9s a karhengerbe<\/p>\n<p>A karhenger egy speci\u00e1lisan tervezett hidraulikus henger, amely line\u00e1ris mozg\u00e1st \u00e9s er\u0151t biztos\u00edt k\u00fcl\u00f6nf\u00e9le g\u00e9pek, p\u00e9ld\u00e1ul kotr\u00f3g\u00e9pek, daruk \u00e9s robotkarok karj\u00e1nak. A karhenger kulcsszerepet j\u00e1tszik a hidraulikus rendszerben, lehet\u0151v\u00e9 t\u00e9ve a tov\u00e1bbi szersz\u00e1mok vagy tartoz\u00e9kok mozg\u00e1s\u00e1t \u00e9s hat\u00e9kony vez\u00e9rl\u00e9s\u00e9t. Ezek a hengerek nemcsak sima mozg\u00e1st tesznek lehet\u0151v\u00e9, hanem nagy terhel\u00e9seket is elviselnek, biztos\u00edtva a g\u00e9pek hat\u00e9kony m\u0171k\u00f6d\u00e9s\u00e9t \u00e9s megb\u00edzhat\u00f3s\u00e1g\u00e1t k\u00fcl\u00f6nb\u00f6z\u0151 munkak\u00f6r\u00fclm\u00e9nyek k\u00f6z\u00f6tt.<\/p>\n<p><img decoding=\"async\" src=\"https:\/\/www.hydraulic-cylinders.net\/wp-content\/uploads\/2025\/01\/songte-company-2.webp\"><\/p>\n<p>Alc\u00edm: A karhenger jellemz\u0151i<\/p>\n<p>1. Nagy hat\u00e9konys\u00e1g\u00fa er\u0151\u00e1tvitel: A karhenger er\u0151teljes line\u00e1ris mozg\u00e1st \u00e9s er\u0151t biztos\u00edt, biztos\u00edtva a mechanikus kar nagy teljes\u00edtm\u00e9ny\u0171 hat\u00e9konys\u00e1g\u00e1t k\u00fcl\u00f6nb\u00f6z\u0151 m\u0171veletek sor\u00e1n.<\/p>\n<p>2. Prec\u00edz vez\u00e9rl\u00e9s: A karhenger a hidraulikus rendszeren kereszt\u00fcl pontos mozg\u00e1svez\u00e9rl\u00e9st \u00e9rhet el, \u00edgy a tov\u00e1bbi szersz\u00e1mok m\u0171k\u00f6dtet\u00e9se rugalmasabb \u00e9s pontosabb.<\/p>\n<p>3. Er\u0151s tart\u00f3ss\u00e1g: A karhenger \u00e1ltal\u00e1ban nagy szil\u00e1rds\u00e1g\u00fa anyagb\u00f3l k\u00e9sz\u00fcl, \u00edgy j\u00f3 kop\u00e1s- \u00e9s korr\u00f3zi\u00f3\u00e1ll\u00f3s\u00e1got biztos\u00edt, \u00edgy alkalmass\u00e1 teszi a hossz\u00fa t\u00e1v\u00fa haszn\u00e1latra zord k\u00f6rnyezetben.<\/p>\n<p>4. Sokoldal\u00fa alkalmazkod\u00f3k\u00e9pess\u00e9g: Ezeket a hengereket sz\u00e9les k\u00f6rben haszn\u00e1lj\u00e1k k\u00fcl\u00f6nf\u00e9le mechanikus berendez\u00e9sekben, p\u00e9ld\u00e1ul kotr\u00f3g\u00e9pekben, darukban \u00e9s robotkarokban, amelyek k\u00fcl\u00f6nf\u00e9le munkak\u00f6vetelm\u00e9nyeket el\u00e9g\u00edtenek ki.<\/p>\n<p>5. K\u00f6nny\u0171 karbantart\u00e1s: A karhenger kialak\u00edt\u00e1sa a k\u00f6nny\u0171 karbantart\u00e1st \u00e9s cser\u00e9t szem el\u0151tt tartva t\u00f6rt\u00e9nt, \u00edgy a rendszeres ellen\u0151rz\u00e9s \u00e9s karbantart\u00e1s k\u00f6nnyebb, cs\u00f6kkentve a berendez\u00e9s \u00e1ll\u00e1sidej\u00e9t.<\/p>\n<p><img decoding=\"async\" src=\"https:\/\/www.hydraulic-cylinders.net\/wp-content\/uploads\/2025\/01\/songte-oil-pipes-and-spare-parts.webp\"><\/p>\n<p>Alc\u00edm: Karhenger alkalmaz\u00e1sa<\/p>\n<p>1. \u00c9p\u00edt\u0151m\u00e9rn\u00f6ki munka: Kotr\u00f3g\u00e9pekn\u00e9l \u00e9s darukn\u00e1l a karhenger vez\u00e9rli a kan\u00e1l vagy a g\u00e9m mozg\u00e1s\u00e1t, f\u00f6ldmunk\u00e1k, anyagmozgat\u00e1s \u00e9s szerkezeti szerel\u00e9s elv\u00e9gz\u00e9s\u00e9t.<\/p>\n<p>2. Gy\u00e1rt\u00e1s: Az automatiz\u00e1lt gy\u00e1rt\u00f3sorokon a karhenger vez\u00e9rli a robotkarok mozg\u00e1s\u00e1t, elv\u00e9gzi az \u00f6sszeszerel\u00e9si, hegeszt\u00e9si \u00e9s anyagmozgat\u00e1si folyamatokat, jav\u00edtva a termel\u00e9si hat\u00e9konys\u00e1got \u00e9s a pontoss\u00e1got.<\/p>\n<p>3. Mez\u0151gazdas\u00e1gi g\u00e9pek: A mez\u0151gazdas\u00e1gi g\u00e9pekben, p\u00e9ld\u00e1ul a betakar\u00edt\u00f3g\u00e9pekben \u00e9s a vet\u0151g\u00e9pekben a karhenger vez\u00e9rli a m\u0171k\u00f6dtet\u0151 karok mozg\u00e1s\u00e1t, olyan feladatokat l\u00e1tva el, mint az vet\u00e9s, a tr\u00e1gy\u00e1z\u00e1s \u00e9s a betakar\u00edt\u00e1s.<\/p>\n<p>4. B\u00e1ny\u00e1szat: A b\u00e1ny\u00e1szati \u200b\u200bberendez\u00e9sekben a karhenger vez\u00e9rli a b\u00e1ny\u00e1szati \u200b\u200bberendez\u00e9s karjainak mozg\u00e1s\u00e1t, b\u00e1ny\u00e1szatot \u00e9s anyagmozgat\u00e1st v\u00e9gezve.<\/p>\n<p>5. Logisztika \u00e9s sz\u00e1ll\u00edt\u00e1s: A targonc\u00e1kban \u00e9s anyagmozgat\u00f3 robotokban a karhenger vez\u00e9rli a tehervilla emel\u00e9s\u00e9t \u00e9s mozg\u00e1s\u00e1t, az anyagok kezel\u00e9s\u00e9t \u00e9s egym\u00e1sra rak\u00e1s\u00e1t.<\/p>\n<p>Alc\u00edm: Tervez\u00e9si szempontok \u00e9s kiv\u00e1laszt\u00e1si krit\u00e9riumok<\/p>\n<p>1. Teherb\u00edr\u00e1s: A karhenger teherb\u00edr\u00e1s\u00e1nak meg kell egyeznie a g\u00e9p alkalmaz\u00e1si k\u00f6vetelm\u00e9nyeivel.<\/p>\n<p>2. T\u00f6m\u00edthet\u0151s\u00e9g: A karhengernek megb\u00edzhat\u00f3 t\u00f6m\u00edt\u0151k\u00e9pess\u00e9ggel kell rendelkeznie az olajsziv\u00e1rg\u00e1s megakad\u00e1lyoz\u00e1sa \u00e9rdek\u00e9ben.<\/p>\n<p>3. Tart\u00f3ss\u00e1g: A karhengernek nagy szil\u00e1rds\u00e1g\u00fa anyagokb\u00f3l kell k\u00e9sz\u00fclnie, j\u00f3 kop\u00e1s- \u00e9s korr\u00f3zi\u00f3\u00e1ll\u00f3s\u00e1ggal.<\/p>\n<p>4. Biztons\u00e1g: A karhengernek biztons\u00e1gi funkci\u00f3kkal kell rendelkeznie a balesetek megel\u0151z\u00e9se \u00e9rdek\u00e9ben m\u0171k\u00f6d\u00e9s k\u00f6zben.<\/p>\n<p>5. Karbantarthat\u00f3s\u00e1g: A karhengernek k\u00f6nnyen karbantarthat\u00f3nak \u00e9s jav\u00edthat\u00f3nak kell lennie, cs\u00f6kkentve az \u00e1ll\u00e1sid\u0151t.<\/p>\n<p><img decoding=\"async\" src=\"https:\/\/www.hydraulic-cylinders.net\/wp-content\/uploads\/2025\/01\/songte-cylinder-head-with-all-kinds-excavator-models.webp\"><\/p>\n<p>Alc\u00edm: Karhenger t\u00f6m\u00edt\u00e9se \u00e9s ken\u00e9se<\/p>\n<p>A karhenger t\u00f6m\u00edt\u0151teljes\u00edtm\u00e9ny\u00e9nek biztos\u00edt\u00e1s\u00e1hoz k\u00fcl\u00f6nf\u00e9le t\u00f6m\u00edt\u00e9seket, p\u00e9ld\u00e1ul dugatty\u00fat\u00f6m\u00edt\u00e9seket \u00e9s r\u00fadt\u00f6m\u00edt\u00e9seket kell haszn\u00e1lni, amelyek kop\u00e1s\u00e1ll\u00f3 anyagokb\u00f3l, p\u00e9ld\u00e1ul poliuret\u00e1nb\u00f3l \u00e9s nitrilgumib\u00f3l k\u00e9sz\u00fclnek. A hengertestet \u00e9s a menetes v\u00e9gfel\u00fcletet finoman meg kell munk\u00e1lni a kop\u00e1s\u00e1ll\u00f3s\u00e1g jav\u00edt\u00e1sa \u00e9rdek\u00e9ben. A karhengert rendszeresen megfelel\u0151 mennyis\u00e9g\u0171 hidraulikaolajjal kell kenni.<\/p>\n<p>Alc\u00edm: Rendszeres ellen\u0151rz\u00e9s \u00e9s megel\u0151z\u0151 karbantart\u00e1s<\/p>\n<p>1. Rendszeresen ellen\u0151rizze \u00e9s tartsa karban a karhenger t\u00f6m\u00edt\u00e9si teljes\u00edtm\u00e9ny\u00e9t \u00e9s ken\u00e9si felt\u00e9teleit az olajsziv\u00e1rg\u00e1s \u00e9s a k\u00e1rosod\u00e1s megel\u0151z\u00e9se \u00e9rdek\u00e9ben.<\/p>\n<p>2. Rendszeresen ellen\u0151rizze \u00e9s cser\u00e9lje ki a kopott t\u00f6m\u00edt\u00e9seket, csap\u00e1gyakat \u00e9s egy\u00e9b alkatr\u00e9szeket a megfelel\u0151 m\u0171k\u00f6d\u00e9s biztos\u00edt\u00e1sa \u00e9rdek\u00e9ben.<\/p>\n<p>3. Rendszeresen tiszt\u00edtsa meg a karhengert a szennyez\u0151d\u00e9s \u00e9s a k\u00e1rosod\u00e1s megel\u0151z\u00e9se \u00e9rdek\u00e9ben.<\/p>\n<p>4. Biztos\u00edtsa a kezel\u0151k sz\u00e1m\u00e1ra a megfelel\u0151 k\u00e9pz\u00e9st a karhenger biztons\u00e1gos \u00e9s helyes haszn\u00e1lat\u00e1nak biztos\u00edt\u00e1sa \u00e9rdek\u00e9ben.<\/p>\n<p>5. K\u00e9sz\u00edtsen megel\u0151z\u0151 karbantart\u00e1si tervet, \u00e9s r\u00f6gz\u00edtse a karhenger haszn\u00e1lati k\u00f6r\u00fclm\u00e9nyeit \u00e9s karbantart\u00e1si el\u0151zm\u00e9nyeit.<\/p>\n<p><img decoding=\"async\" src=\"https:\/\/www.hydraulic-cylinders.net\/wp-content\/uploads\/2025\/01\/songte-chushion-collar.webp\"><\/p>\n<p>Alc\u00edm: Term\u00e9ktelep\u00edt\u00e9si \u00fatmutat\u00f3<\/p>\n<p>1. Ellen\u0151rizze a hidraulikus rendszer nyom\u00e1s\u00e1t \u00e9s \u00e1raml\u00e1s\u00e1t, hogy megbizonyosodjon arr\u00f3l, hogy a kar hengere megfelel\u0151en m\u0171k\u00f6dik.<\/p>\n<p>2. Szerelje fel a karhengert a gy\u00e1rt\u00f3 utas\u00edt\u00e1sai szerint, \u00fcgyelve a helyes beszerel\u00e9si poz\u00edci\u00f3ra \u00e9s t\u00e1jol\u00e1sra.<\/p>\n<p>3. Csatlakoztassa a hidraulikacs\u00f6veket, \u00e9s gy\u0151z\u0151dj\u00f6n meg arr\u00f3l, hogy minden csatlakoz\u00e1s biztons\u00e1gos \u00e9s sziv\u00e1rg\u00e1smentes.<\/p>\n<p>4. T\u00f6ltse fel a hidraulikaolajat, \u00e9s l\u00e9gtelen\u00edtse a rendszert.<\/p>\n<p>5. Ellen\u0151rizze a karhenger m\u0171k\u00f6d\u00e9s\u00e9t, \u00e9s v\u00e9gezzen pr\u00f3ba\u00fczemet.<\/p>\n<p>Alc\u00edm: Biztons\u00e1gi szempontok \u00e9s k\u00f6rnyezeti t\u00e9nyez\u0151k<\/p>\n<p>A karhenger telep\u00edt\u00e9se \u00e9s \u00fczemeltet\u00e9se sor\u00e1n megfelel\u0151 biztons\u00e1gi int\u00e9zked\u00e9seket kell tenni, p\u00e9ld\u00e1ul v\u00e9d\u0151felszerel\u00e9st, p\u00e9ld\u00e1ul keszty\u0171t \u00e9s szemv\u00e9d\u0151t kell viselni. A karhengert a teherb\u00edr\u00e1s\u00e1n bel\u00fcl \u00e9s ellen\u0151rz\u00f6tt k\u00f6r\u00fclm\u00e9nyek k\u00f6z\u00f6tt kell \u00fczemeltetni a balesetek megel\u0151z\u00e9se \u00e9rdek\u00e9ben. A karhenger \u00fczemeltet\u00e9se sor\u00e1n figyelembe kell venni a k\u00f6rnyezeti t\u00e9nyez\u0151ket, p\u00e9ld\u00e1ul a h\u0151m\u00e9rs\u00e9kletet \u00e9s a p\u00e1ratartalmat a korr\u00f3zi\u00f3 \u00e9s a k\u00e1rosod\u00e1s megel\u0151z\u00e9se \u00e9rdek\u00e9ben.<\/p>\n<p>Alc\u00edm: Hibaelh\u00e1r\u00edt\u00e1s \u00e9s gyakori probl\u00e9m\u00e1k<\/p>\n<p>1. Olajsziv\u00e1rg\u00e1s a karhengerb\u0151l: Ellen\u0151rizze a t\u00f6m\u00edt\u00e9s \u00e1llapot\u00e1t, \u00e9s sz\u00fcks\u00e9g eset\u00e9n cser\u00e9lje ki.<\/p>\n<p>2. Rendellenes zaj m\u0171k\u00f6d\u00e9s k\u00f6zben: Ellen\u0151rizze a laza alkatr\u00e9szeket \u00e9s a s\u00e9r\u00fclt csap\u00e1gyakat, \u00e9s sz\u00fcks\u00e9g eset\u00e9n cser\u00e9lje ki azokat.<\/p>\n<p>3. El\u00e9gtelen er\u0151 vagy sebess\u00e9g: Ellen\u0151rizze a hidraulikus rendszer nyom\u00e1s\u00e1t \u00e9s \u00e1raml\u00e1s\u00e1t, \u00e9s \u00e1ll\u00edtsa be azokat a megfelel\u0151 szintre.<\/p>\n<p>4. A karhenger t\u00falmeleged\u00e9se: Ellen\u0151rizze a h\u0171t\u0151rendszert elt\u00f6m\u0151d\u00e9s vagy s\u00e9r\u00fcl\u00e9s szempontj\u00e1b\u00f3l, sz\u00fcks\u00e9g eset\u00e9n tiszt\u00edtsa meg \u00e9s jav\u00edtsa meg.<\/p>\n<p>5. Rendellenes rezg\u00e9s m\u0171k\u00f6d\u00e9s k\u00f6zben: Ellen\u0151rizze a laza alkatr\u00e9szeket \u00e9s a kopott csap\u00e1gyakat, \u00e9s sz\u00fcks\u00e9g eset\u00e9n h\u00fazza meg vagy cser\u00e9lje ki \u0151ket.<\/p>\n<p>Adjon hibaelh\u00e1r\u00edt\u00e1si tippeket \u00e9s megold\u00e1sokat minden egyes probl\u00e9m\u00e1ra, hogy seg\u00edtsen az olvas\u00f3knak a probl\u00e9m\u00e1k hat\u00e9kony diagnosztiz\u00e1l\u00e1s\u00e1ban \u00e9s megold\u00e1s\u00e1ban. Ezenk\u00edv\u00fcl javasoljon megel\u0151z\u0151 int\u00e9zked\u00e9seket a lehets\u00e9ges probl\u00e9m\u00e1k minimaliz\u00e1l\u00e1sa \u00e9rdek\u00e9ben.<\/p>\n<p><img decoding=\"async\" src=\"https:\/\/www.hydraulic-cylinders.net\/wp-content\/uploads\/2025\/01\/songte-bushings-with-all-kinds-of-excavator-models.webp\"><\/p>\n<p>\u00d6sszefoglalva, c\u00e9g\u00fcnk professzion\u00e1lis p\u00f3talkatr\u00e9sz-hidraulikus hengerek gy\u00e1rt\u00f3ja, sz\u00e9les term\u00e9kv\u00e1laszt\u00e9kot k\u00edn\u00e1lva, \u00e9s a hazai \u00e9s nemzetk\u00f6zi piacok egyik vezet\u0151 hidraulikus hengergy\u00e1rt\u00f3j\u00e1v\u00e1 \u00e9s nagykereskedelmi forgalmaz\u00f3j\u00e1v\u00e1 v\u00e1lt. A kiv\u00e1l\u00f3 min\u0151s\u00e9g elv\u00e9t k\u00f6vetve folyamatosan fejlesztj\u00fck technol\u00f3gi\u00e1nkat \u00e9s termel\u00e9si hat\u00e9konys\u00e1gunkat, egy kifinomult gy\u00e1rt\u00f3m\u0171hely iparos\u00edtott termel\u00e9sir\u00e1ny\u00edt\u00e1si strat\u00e9gi\u00e1j\u00e1ra t\u00e1maszkodva. Cs\u00facskateg\u00f3ri\u00e1s digit\u00e1lis gy\u00e1rt\u00f3berendez\u00e9sek \u00e9s professzion\u00e1lis tesztel\u0151rendszerek bevezet\u00e9s\u00e9vel folyamatosan optimaliz\u00e1ljuk a gy\u00e1rt\u00e1si platformot, fejlesztj\u00fck a term\u00e9kmin\u0151s\u00e9g-ellen\u0151rz\u00e9si folyamatot, \u00e9s er\u0151s innov\u00e1ci\u00f3s k\u00e9pess\u00e9gekkel rendelkez\u00fcnk. C\u00e9lunk, hogy nagy hat\u00e9konys\u00e1ggal, pontoss\u00e1ggal \u00e9s kiv\u00e1l\u00f3 min\u0151s\u00e9gben el\u00e9g\u00edts\u00fck ki \u00fcgyfeleink sokr\u00e9t\u0171 ig\u00e9nyeit.<\/p>\n<p>C\u00e9g\u00fcnk er\u0151ss\u00e9gei k\u00f6z\u00e9 tartozik a professzionalizmus, a nemzetk\u00f6zi tan\u00fas\u00edtv\u00e1nyok, a szem\u00e9lyre szabott szolg\u00e1ltat\u00e1sok, a gy\u00e1rt\u00f3berendez\u00e9sek \u00e9s az \u00e9rt\u00e9kes\u00edt\u00e9s ut\u00e1ni szolg\u00e1ltat\u00e1s.<\/p>\n<p><img decoding=\"async\" src=\"https:\/\/www.hydraulic-cylinders.net\/wp-content\/uploads\/2025\/01\/songte-company-4.webp\"><img decoding=\"async\" src=\"https:\/\/www.hydraulic-cylinders.net\/wp-content\/uploads\/2025\/01\/songte-company-3.webp\"><\/p>\n<p>Szerz\u0151: lyl.<\/p>","protected":false},"excerpt":{"rendered":"<p>Arm Cylinder for Caterpillar Middle Excavator E320C\/320D Subheading: Introduction to Arm Cylinder Arm cylinder is a specially designed hydraulic cylinder that provides linear motion and power to the arm of various machines, such as excavators, cranes, and robotic arms. The arm cylinder plays a crucial role in the hydraulic system, allowing additional tools or attachments [&hellip;]<\/p>","protected":false},"featured_media":14774,"comment_status":"open","ping_status":"closed","template":"","meta":{"_et_pb_use_builder":"","_et_pb_old_content":"","_et_gb_content_width":""},"product_brand":[],"product_cat":[1497],"product_tag":[1498,1496],"class_list":{"0":"post-16157","1":"product","2":"type-product","3":"status-publish","4":"has-post-thumbnail","6":"product_cat-arm-cylinders","7":"product_tag-arm-cylinders","8":"product_tag-hydraulic-cylinders","10":"first","11":"instock","12":"shipping-taxable","13":"product-type-simple"},"amp_enabled":true,"_links":{"self":[{"href":"https:\/\/www.hydraulic-cylinders.net\/hu\/wp-json\/wp\/v2\/product\/16157","targetHints":{"allow":["GET"]}}],"collection":[{"href":"https:\/\/www.hydraulic-cylinders.net\/hu\/wp-json\/wp\/v2\/product"}],"about":[{"href":"https:\/\/www.hydraulic-cylinders.net\/hu\/wp-json\/wp\/v2\/types\/product"}],"replies":[{"embeddable":true,"href":"https:\/\/www.hydraulic-cylinders.net\/hu\/wp-json\/wp\/v2\/comments?post=16157"}],"wp:featuredmedia":[{"embeddable":true,"href":"https:\/\/www.hydraulic-cylinders.net\/hu\/wp-json\/wp\/v2\/media\/14774"}],"wp:attachment":[{"href":"https:\/\/www.hydraulic-cylinders.net\/hu\/wp-json\/wp\/v2\/media?parent=16157"}],"wp:term":[{"taxonomy":"product_brand","embeddable":true,"href":"https:\/\/www.hydraulic-cylinders.net\/hu\/wp-json\/wp\/v2\/product_brand?post=16157"},{"taxonomy":"product_cat","embeddable":true,"href":"https:\/\/www.hydraulic-cylinders.net\/hu\/wp-json\/wp\/v2\/product_cat?post=16157"},{"taxonomy":"product_tag","embeddable":true,"href":"https:\/\/www.hydraulic-cylinders.net\/hu\/wp-json\/wp\/v2\/product_tag?post=16157"}],"curies":[{"name":"munkaf\u00fczet","href":"https:\/\/api.w.org\/{rel}","templated":true}]}}