{"id":1616,"date":"2023-10-08T08:26:42","date_gmt":"2023-10-08T08:26:42","guid":{"rendered":"https:\/\/hydraulic-cylinders.net\/?post_type=product&#038;p=1616"},"modified":"2025-04-11T02:55:39","modified_gmt":"2025-04-11T02:55:39","slug":"press-master-cylinder","status":"publish","type":"product","link":"https:\/\/www.hydraulic-cylinders.net\/hu\/termek\/press-master-cylinder\/","title":{"rendered":"Nyomja meg a f\u0151hengert"},"content":{"rendered":"<h1 style=\"text-align: center;\"><strong>Nyomja meg a f\u0151hengert<\/strong><\/h1>\n<p><img loading=\"lazy\" decoding=\"async\" class=\"aligncenter wp-image-1617\" src=\"https:\/\/hydraulic-cylinders.net\/wp-content\/uploads\/2023\/10\/master-cylinder-1-300x300.webp\" alt=\"\" width=\"400\" height=\"400\" \/><\/p>\n<p>A pr\u00e9s f\u0151hengere a hidraulikus pr\u00e9sek alapvet\u0151 alkatr\u00e9sze, amelyet arra terveztek, hogy prec\u00edz \u00e9s er\u0151teljes er\u0151t biztos\u00edtson sz\u00e1mos ipari alkalmaz\u00e1shoz.<\/p>\n<p>A pr\u00e9s f\u0151hengere egy er\u0151m\u0171, amely prec\u00edzi\u00f3s \u00e9s er\u0151teljes hidraulikus pr\u00e9st biztos\u00edt. Robusztus fel\u00e9p\u00edt\u00e9s\u00e9nek, prec\u00edzi\u00f3s er\u0151fejleszt\u00e9s\u00e9nek \u00e9s nagy teljes\u00edtm\u00e9ny\u00e9nek k\u00f6sz\u00f6nhet\u0151en n\u00e9lk\u00fcl\u00f6zhetetlen eszk\u00f6z k\u00fcl\u00f6nf\u00e9le ipari alkalmaz\u00e1sokhoz. A megfelel\u0151 haszn\u00e1lati m\u00f3dszerek \u00e9s karbantart\u00e1si gyakorlatok betart\u00e1s\u00e1val maximaliz\u00e1lhatja hidraulikus pr\u00e9sg\u00e9pe teljes\u00edtm\u00e9ny\u00e9t, termel\u00e9kenys\u00e9g\u00e9t \u00e9s \u00e9lettartam\u00e1t. V\u00e1lassza a pr\u00e9s f\u0151henger\u00e9t, hogy kiakn\u00e1zza hidraulikus pr\u00e9sg\u00e9pe teljes potenci\u00e1lj\u00e1t, \u00e9s \u00faj magass\u00e1gokba emelje gy\u00e1rt\u00e1si k\u00e9pess\u00e9geit.<\/p>\n<p>Pr\u00e9shenger f\u0151 jellemz\u0151i:<\/p>\n<ol>\n<li>Robusztus konstrukci\u00f3:<\/li>\n<\/ol>\n<ul>\n<li>A pr\u00e9shenger kiv\u00e1l\u00f3 min\u0151s\u00e9g\u0171 anyagokb\u00f3l k\u00e9sz\u00fclt, ami tart\u00f3ss\u00e1got \u00e9s hossz\u00fa t\u00e1v\u00fa teljes\u00edtm\u00e9nyt biztos\u00edt.<\/li>\n<li>Robusztus konstrukci\u00f3j\u00e1nak k\u00f6sz\u00f6nhet\u0151en ellen\u00e1ll a nagy terhel\u00e9seknek \u00e9s a nagy nyom\u00e1s\u00fa k\u00f6rnyezetnek, \u00edgy megb\u00edzhat\u00f3s\u00e1got biztos\u00edt az ig\u00e9nyes ipari k\u00f6rnyezetben.<\/li>\n<\/ul>\n<ol start=\"2\">\n<li>Prec\u00edzi\u00f3s er\u0151gener\u00e1l\u00e1s:<\/li>\n<\/ol>\n<ul>\n<li>Ez a henger \u00fagy van kialak\u00edtva, hogy prec\u00edz er\u0151t biztos\u00edtson kiv\u00e9teles pontoss\u00e1ggal, lehet\u0151v\u00e9 t\u00e9ve a pr\u00e9sel\u00e9si folyamat prec\u00edz ir\u00e1ny\u00edt\u00e1s\u00e1t.<\/li>\n<li>Fejlett tervez\u00e9si \u00e9s gy\u00e1rt\u00e1si technik\u00e1i biztos\u00edtj\u00e1k az \u00e1lland\u00f3 \u00e9s megism\u00e9telhet\u0151 er\u0151kifejt\u00e9st, ami kiv\u00e1l\u00f3 min\u0151s\u00e9g\u0171 \u00e9s megb\u00edzhat\u00f3 termel\u00e9si eredm\u00e9nyeket eredm\u00e9nyez.<\/li>\n<\/ul>\n<ol start=\"3\">\n<li>Nagy teljes\u00edtm\u00e9ny\u0171 kimenet:<\/li>\n<\/ol>\n<ul>\n<li>A pr\u00e9shenger jelent\u0151s er\u0151 el\u0151\u00e1ll\u00edt\u00e1s\u00e1ra k\u00e9pes, \u00edgy sz\u00e9les k\u00f6r\u0171 ipari alkalmaz\u00e1sokhoz alkalmas.<\/li>\n<li>Nagy teljes\u00edtm\u00e9nye lehet\u0151v\u00e9 teszi a hat\u00e9kony \u00e9s eredm\u00e9nyes anyagdeform\u00e1ci\u00f3s, \u00f6sszeszerel\u00e9si \u00e9s alak\u00edt\u00e1si folyamatokat, n\u00f6velve a termel\u00e9kenys\u00e9get \u00e9s cs\u00f6kkentve a ciklusid\u0151ket.<\/li>\n<\/ul>\n<h2><strong>Nyomja meg a f\u0151f\u00e9khenger param\u00e9ter\u00e9t:<\/strong><\/h2>\n<table border=\"1\" cellspacing=\"0\" cellpadding=\"0\">\n<tbody>\n<tr>\n<td>Term\u00e9k neve<\/td>\n<td>Hidraulikus pr\u00e9s f\u0151henger<\/td>\n<\/tr>\n<tr>\n<td>Jellemz\u0151k:<\/td>\n<td>Adja meg a sajt\u00f3 f\u0151 lend\u00fclet\u00e9t<\/td>\n<\/tr>\n<tr>\n<td>Dugatty\u00fa:<\/td>\n<td>500 mm\uff5e1800 mm<br \/>\nL\u00f6ket \u22644500 mm<\/td>\n<\/tr>\n<tr>\n<td>Tol\u00f3er\u0151:<\/td>\n<td>Maximum 80MN<br \/>\n(Dugatty\u00fa 1800 mm\/nyom\u00e1s 31,5 MPa)<\/td>\n<\/tr>\n<tr>\n<td>Hidraulikus f\u0151f\u00e9khenger alkalmaz\u00e1sok:<\/td>\n<td>Sajt\u00f3<\/td>\n<\/tr>\n<\/tbody>\n<\/table>\n<h2><strong>Pr\u00e9shenger gy\u00e1r:<\/strong><\/h2>\n<p><img loading=\"lazy\" decoding=\"async\" class=\"alignnone wp-image-1619 size-full\" src=\"https:\/\/hydraulic-cylinders.net\/wp-content\/uploads\/2023\/10\/press-cylinder.webp\" alt=\"\" width=\"1418\" height=\"946\" srcset=\"https:\/\/hydraulic-cylinders.net\/wp-content\/uploads\/2023\/10\/press-cylinder.webp 1418w, https:\/\/hydraulic-cylinders.net\/wp-content\/uploads\/2023\/10\/press-cylinder-1280x854.webp 1280w, https:\/\/hydraulic-cylinders.net\/wp-content\/uploads\/2023\/10\/press-cylinder-980x654.webp 980w, https:\/\/hydraulic-cylinders.net\/wp-content\/uploads\/2023\/10\/press-cylinder-480x320.webp 480w\" sizes=\"(min-width: 0px) and (max-width: 480px) 480px, (min-width: 481px) and (max-width: 980px) 980px, (min-width: 981px) and (max-width: 1280px) 1280px, (min-width: 1281px) 1418px, 100vw\" \/><\/p>\n<h2><strong>A pr\u00e9shenger haszn\u00e1lati m\u00f3dja<\/strong><strong>:<\/strong><\/h2>\n<ol>\n<li><strong>Telep\u00edt\u00e9s \u00e9s integr\u00e1ci\u00f3:<\/strong><\/li>\n<\/ol>\n<ul>\n<li>Szerelje fel biztons\u00e1gosan a pr\u00e9s f\u0151henger\u00e9t a hidraulikus pr\u00e9skeretre, \u00fcgyelve a megfelel\u0151 illeszt\u00e9sre \u00e9s csatlakoz\u00e1sra a hidraulikus rendszerhez.<\/li>\n<li>A legjobb teljes\u00edtm\u00e9ny \u00e9s biztons\u00e1g \u00e9rdek\u00e9ben k\u00f6vesse a gy\u00e1rt\u00f3 telep\u00edt\u00e9si \u00fatmutat\u00f3it \u00e9s aj\u00e1nl\u00e1sait.<\/li>\n<\/ul>\n<ol start=\"2\">\n<li><strong>Hidraulikus csatlakoz\u00e1sok:<\/strong><\/li>\n<\/ol>\n<ul>\n<li>Csatlakoztassa a pr\u00e9s f\u0151henger\u00e9t a hidraulikus t\u00e1pegys\u00e9ghez megfelel\u0151 hidraulikus t\u00f6ml\u0151k \u00e9s szerelv\u00e9nyek seg\u00edts\u00e9g\u00e9vel.<\/li>\n<li>Ellen\u0151rizze a hidraulikus csatlakoz\u00e1sok szoross\u00e1g\u00e1t \u00e9s sziv\u00e1rg\u00e1smentess\u00e9g\u00e9t a hat\u00e9kony folyad\u00e9k\u00e1tvitel \u00e9s a megb\u00edzhat\u00f3 m\u0171k\u00f6d\u00e9s biztos\u00edt\u00e1sa \u00e9rdek\u00e9ben.<\/li>\n<\/ul>\n<ol start=\"3\">\n<li><strong>Nyom\u00e1sbe\u00e1ll\u00edt\u00e1s:<\/strong><\/li>\n<\/ol>\n<ul>\n<li>\u00c1ll\u00edtsa be a pr\u00e9s f\u0151henger\u00e9hez juttatott hidraulikus nyom\u00e1st az adott alkalmaz\u00e1si k\u00f6vetelm\u00e9nyeknek megfelel\u0151en.<\/li>\n<li>Az optim\u00e1lis teljes\u00edtm\u00e9nyhez aj\u00e1nlott nyom\u00e1startom\u00e1ny meghat\u00e1roz\u00e1s\u00e1hoz tekintse meg a hidraulikus pr\u00e9s k\u00e9zik\u00f6nyv\u00e9t vagy a gy\u00e1rt\u00f3 utas\u00edt\u00e1sait.<\/li>\n<\/ul>\n<ol start=\"4\">\n<li><strong>Vez\u00e9rl\u00e9s \u00e9s m\u0171k\u00f6d\u00e9s:<\/strong><\/li>\n<\/ol>\n<ul>\n<li>A pr\u00e9s f\u0151henger\u00e9t jellemz\u0151en egy vez\u00e9rl\u0151panelen vagy interf\u00e9szen kereszt\u00fcl lehet m\u0171k\u00f6dtetni, ami lehet\u0151v\u00e9 teszi az er\u0151 el\u0151\u00e1ll\u00edt\u00e1s\u00e1nak \u00e9s a pr\u00e9sel\u00e9si ciklusnak a pontos vez\u00e9rl\u00e9s\u00e9t.<\/li>\n<li>Ismerkedjen meg a vez\u00e9rl\u00e9si jellemz\u0151kkel \u00e9s funkci\u00f3kkal, p\u00e9ld\u00e1ul az er\u0151be\u00e1ll\u00edt\u00e1ssal, a l\u00f6kethosszal \u00e9s a sebess\u00e9gszab\u00e1lyoz\u00e1ssal a k\u00edv\u00e1nt eredm\u00e9nyek el\u00e9r\u00e9se \u00e9rdek\u00e9ben.<\/li>\n<\/ul>\n<h2><strong>Hogyan m\u0171k\u00f6dnek a hidraulikus rendszerek?<\/strong><\/h2>\n<p>A hidraulikus rendszerek az er\u0151\u00e1tvitel elv\u00e9n m\u0171k\u00f6dnek \u00f6sszenyomhatatlan folyad\u00e9kok, jellemz\u0151en hidraulikaolaj seg\u00edts\u00e9g\u00e9vel. Ezeket a rendszereket gyakran haszn\u00e1lj\u00e1k k\u00fcl\u00f6nf\u00e9le alkalmaz\u00e1sokban, a neh\u00e9zg\u00e9pekt\u0151l \u00e9s \u00e9p\u00edt\u0151ipari berendez\u00e9sekt\u0151l kezdve a j\u00e1rm\u0171vek f\u00e9krendszerein \u00e1t a rep\u00fcl\u0151g\u00e9pek vez\u00e9rl\u00e9s\u00e9ig. \u00cdme egy egyszer\u0171s\u00edtett magyar\u00e1zat a hidraulikus rendszerek m\u0171k\u00f6d\u00e9s\u00e9r\u0151l:<\/p>\n<ol>\n<li><strong>Alapvet\u0151 \u00f6sszetev\u0151k:<\/strong>\n<ul>\n<li>Hidraulikafolyad\u00e9k: A hidraulikaolajat jellemz\u0151en az\u00e9rt haszn\u00e1lj\u00e1k, mert ellen\u00e1ll a kompresszi\u00f3nak \u00e9s sim\u00e1n \u00e1ramlik.<\/li>\n<li>Szivatty\u00fa: A szivatty\u00fa felel\u0151s a hidraulikafolyad\u00e9k \u00e1raml\u00e1s\u00e1nak el\u0151\u00e1ll\u00edt\u00e1s\u00e1\u00e9rt az\u00e1ltal, hogy mechanikus energi\u00e1t, p\u00e9ld\u00e1ul villanymotor vagy g\u00e1zmotor energi\u00e1j\u00e1t hidraulikus energi\u00e1v\u00e1 alak\u00edtja.<\/li>\n<li>Tart\u00e1ly: A tart\u00e1ly t\u00e1rolja a hidraulikafolyad\u00e9kot, \u00e9s seg\u00edt elvezetni a m\u0171k\u00f6d\u00e9s sor\u00e1n keletkez\u0151 h\u0151t.<\/li>\n<li>Szelepek: A szelepek szab\u00e1lyozz\u00e1k a hidraulikafolyad\u00e9k \u00e1raml\u00e1s\u00e1t \u00e9s ir\u00e1ny\u00e1t a rendszerben.<\/li>\n<li>M\u0171k\u00f6dtet\u0151k: A m\u0171k\u00f6dtet\u0151k, p\u00e9ld\u00e1ul a hidraulikus hengerek vagy motorok, a hidraulikus nyom\u00e1st mechanikai er\u0151v\u00e9 vagy mozg\u00e1ss\u00e1 alak\u00edtj\u00e1k.<\/li>\n<\/ul>\n<\/li>\n<li><strong>Pascal t\u00f6rv\u00e9nye:<\/strong><br \/>\nA hidraulikus rendszerek Pascal t\u00f6rv\u00e9ny\u00e9n alapulnak, amely kimondja, hogy a nyom\u00e1s minden ir\u00e1nyban egyenl\u0151en terjed, ha egy z\u00e1rt t\u00e9rben l\u00e9v\u0151 folyad\u00e9kra nyom\u00e1st alkalmazunk.<\/li>\n<li><strong>Folyad\u00e9k\u00e1raml\u00e1s:<\/strong>\n<ul>\n<li>A hidraulikus szivatty\u00fa a tart\u00e1lyb\u00f3l sz\u00edvja a hidraulikafolyad\u00e9kot, \u00e9s a rendszerbe juttat\u00e1s\u00e1val nyom\u00e1st hoz l\u00e9tre.<\/li>\n<li>A nyom\u00e1s alatt \u00e1ll\u00f3 folyad\u00e9k hidraulikus vezet\u00e9keken vagy cs\u00f6veken \u00e1ramlik, amelyek a rendszer k\u00fcl\u00f6nb\u00f6z\u0151 alkatr\u00e9szeihez csatlakoznak.<\/li>\n<\/ul>\n<\/li>\n<li><strong>Folyad\u00e9k\u00e1raml\u00e1s szab\u00e1lyoz\u00e1sa:<\/strong>\n<ul>\n<li>A szelepek kulcsfontoss\u00e1g\u00faak a hidraulikafolyad\u00e9k \u00e1raml\u00e1s\u00e1nak \u00e9s ir\u00e1ny\u00e1nak szab\u00e1lyoz\u00e1s\u00e1ban.<\/li>\n<li>Az ir\u00e1ny\u00edt\u00f3szelepek hat\u00e1rozz\u00e1k meg a folyad\u00e9k \u00e1raml\u00e1si \u00fatj\u00e1t, lehet\u0151v\u00e9 t\u00e9ve annak ir\u00e1ny\u00edt\u00e1s\u00e1t meghat\u00e1rozott m\u0171k\u00f6dtet\u0151kh\u00f6z vagy alkatr\u00e9szekhez.<\/li>\n<li>A nyom\u00e1sszab\u00e1lyoz\u00f3 szelepek szab\u00e1lyozz\u00e1k a rendszerben l\u00e9v\u0151 nyom\u00e1st, fenntartva azt a k\u00edv\u00e1nt szinten.<\/li>\n<\/ul>\n<\/li>\n<li><strong>M\u0171k\u00f6dtet\u0151 m\u0171k\u00f6d\u00e9se:<\/strong>\n<ul>\n<li>A hidraulikus m\u0171k\u00f6dtet\u0151k, p\u00e9ld\u00e1ul hengerek vagy motorok, nyom\u00e1s alatt \u00e1ll\u00f3 hidraulikafolyad\u00e9kot kapnak a rendszerb\u0151l.<\/li>\n<li>Egy hidraulikus hengerben a nyom\u00e1s alatt l\u00e9v\u0151 folyad\u00e9k bel\u00e9p a henger egyik oldal\u00e1ba, megnyomja a dugatty\u00fat, \u00e9s line\u00e1ris er\u0151t vagy mozg\u00e1st gener\u00e1l.<\/li>\n<li>Egy hidraulikus motorban a folyad\u00e9k \u00e1raml\u00e1sa a motor forg\u00f3r\u00e9sz\u00e9nek forgat\u00e1s\u00e1t okozza, forg\u00f3er\u0151t vagy mozg\u00e1st hozva l\u00e9tre.<\/li>\n<\/ul>\n<\/li>\n<li><strong>Er\u0151 \u00e9s mozg\u00e1s gener\u00e1l\u00e1sa:<\/strong>\n<ul>\n<li>A szivatty\u00fa \u00e1ltal gener\u00e1lt hidraulikafolyad\u00e9k nyom\u00e1sa er\u0151t hoz l\u00e9tre a m\u0171k\u00f6dtet\u0151kben.<\/li>\n<li>Ezt az er\u0151t azt\u00e1n olyan munk\u00e1k elv\u00e9gz\u00e9s\u00e9re haszn\u00e1lj\u00e1k, mint a neh\u00e9z terhek emel\u00e9se, g\u00e9pek mozgat\u00e1sa vagy k\u00fcl\u00f6nf\u00e9le mechanizmusok m\u0171k\u00f6dtet\u00e9se.<\/li>\n<\/ul>\n<\/li>\n<li><strong>Ellen\u0151rz\u00e9s \u00e9s biztons\u00e1g:<\/strong>\n<ul>\n<li>A hidraulikus rendszerek gyakran tartalmaznak vez\u00e9rl\u0151rendszereket, bele\u00e9rtve az \u00e9rz\u00e9kel\u0151ket, visszacsatol\u00f3 mechanizmusokat \u00e9s elektronikus vez\u00e9rl\u0151ket, a rendszer teljes\u00edtm\u00e9ny\u00e9nek szab\u00e1lyoz\u00e1s\u00e1ra \u00e9s optimaliz\u00e1l\u00e1s\u00e1ra.<\/li>\n<li>Biztons\u00e1gi berendez\u00e9seket, p\u00e9ld\u00e1ul nyom\u00e1shat\u00e1rol\u00f3 szelepeket vagy nyom\u00e1shat\u00e1rol\u00f3 szelepeket szerelnek be a t\u00falnyom\u00e1s megakad\u00e1lyoz\u00e1sa \u00e9s a rendszer k\u00e1rosod\u00e1s\u00e1nak v\u00e9delme \u00e9rdek\u00e9ben.<\/li>\n<\/ul>\n<\/li>\n<\/ol>\n<h2><strong>A gy\u00e1r kapacit\u00e1sa \u00e9s kapacit\u00e1sa:<\/strong><\/h2>\n<h3>(1) \u00d6sszeszerel\u00e9s<\/h3>\n<p>Els\u0151 oszt\u00e1ly\u00fa f\u00fcggetlen kutat\u00e1si \u00e9s fejleszt\u00e9si \u00f6sszeszerel\u00e9si platformmal rendelkez\u00fcnk. A hidraulikus hengergy\u00e1rt\u00f3 m\u0171hely n\u00e9gy f\u00e9lautomata emel\u0151henger-\u00f6sszeszerel\u0151 sorral \u00e9s egy automata billen\u0151henger-\u00f6sszeszerel\u0151 sorral rendelkezik, tervezett \u00e9ves gy\u00e1rt\u00e1si kapacit\u00e1sa 1 milli\u00f3 darab. A speci\u00e1lis henger m\u0171hely k\u00fcl\u00f6nb\u00f6z\u0151 specifik\u00e1ci\u00f3j\u00fa f\u00e9lautomata tiszt\u00edt\u00f3 \u00f6sszeszerel\u0151 rendszerrel van felszerelve, amelynek tervezett \u00e9ves termel\u00e9si kapacit\u00e1sa 200.000, \u00e9s h\u00edres CNC megmunk\u00e1l\u00f3 berendez\u00e9ssel, megmunk\u00e1l\u00f3 k\u00f6zponttal, nagy pontoss\u00e1g\u00fa hengerfeldolgoz\u00f3 speci\u00e1lis berendez\u00e9ssel, robothegeszt\u0151 g\u00e9ppel, automatikus tiszt\u00edt\u00f3g\u00e9ppel, automatikus henger \u00f6sszeszerel\u0151 g\u00e9ppel \u00e9s automatikus fest\u00e9si gy\u00e1rt\u00f3sorral van felszerelve. A megl\u00e9v\u0151 kritikus berendez\u00e9sek t\u00f6bb mint 300 k\u00e9szlet (k\u00e9szlet). A berendez\u00e9sek er\u0151forr\u00e1sainak optim\u00e1lis eloszt\u00e1sa \u00e9s hat\u00e9kony felhaszn\u00e1l\u00e1sa biztos\u00edtja a term\u00e9kek pontoss\u00e1gi k\u00f6vetelm\u00e9nyeit \u00e9s megfelel a term\u00e9kek min\u0151s\u00e9gi ig\u00e9nyeinek.<\/p>\n<p><img loading=\"lazy\" decoding=\"async\" class=\"alignnone wp-image-626\" src=\"https:\/\/hydraulic-cylinders.net\/wp-content\/uploads\/2023\/08\/hydraulic-cylinder-product-1-300x158.webp\" alt=\"\" width=\"495\" height=\"260\" srcset=\"https:\/\/hydraulic-cylinders.net\/wp-content\/uploads\/2023\/08\/hydraulic-cylinder-product-1-300x158.webp 495w, https:\/\/hydraulic-cylinders.net\/wp-content\/uploads\/2023\/08\/hydraulic-cylinder-product-1-480x252.webp 480w\" sizes=\"(min-width: 0px) and (max-width: 480px) 480px, (min-width: 481px) 495px, 100vw\" \/> <img loading=\"lazy\" decoding=\"async\" class=\"alignnone wp-image-627\" src=\"https:\/\/hydraulic-cylinders.net\/wp-content\/uploads\/2023\/08\/hydraulic-cylinder-product-2-300x189.webp\" alt=\"\" width=\"413\" height=\"260\" \/><\/p>\n<h3>(2) Megmunk\u00e1l\u00e1s<\/h3>\n<p>A megmunk\u00e1l\u00f3m\u0171hely egyedi, ferde s\u00edneszterg\u00e1l\u00f3 k\u00f6zponttal, megmunk\u00e1l\u00f3k\u00f6zponttal, nagysebess\u00e9g\u0171 h\u00f3nol\u00f3g\u00e9ppel, hegeszt\u0151robottal \u00e9s egy\u00e9b kapcsol\u00f3d\u00f3 berendez\u00e9sekkel van felszerelve, amelyek legfeljebb 400 mm bels\u0151 \u00e1tm\u00e9r\u0151j\u0171 \u00e9s legfeljebb 6 m\u00e9ter hossz\u00fa hengercs\u00f6vek megmunk\u00e1l\u00e1s\u00e1ra k\u00e9pesek.<\/p>\n<p><img loading=\"lazy\" decoding=\"async\" class=\"alignnone wp-image-628 size-large\" src=\"https:\/\/hydraulic-cylinders.net\/wp-content\/uploads\/2023\/08\/hydraulic-cylinder-product-3-1024x391.webp\" alt=\"\" width=\"1024\" height=\"391\" srcset=\"https:\/\/hydraulic-cylinders.net\/wp-content\/uploads\/2023\/08\/hydraulic-cylinder-product-3-980x374.webp 980w, https:\/\/hydraulic-cylinders.net\/wp-content\/uploads\/2023\/08\/hydraulic-cylinder-product-3-480x183.webp 480w\" sizes=\"(min-width: 0px) and (max-width: 480px) 480px, (min-width: 481px) and (max-width: 980px) 980px, (min-width: 981px) 1024px, 100vw\" \/><\/p>\n<h3>(3) Hegeszt\u00e9s<\/h3>\n<p><img loading=\"lazy\" decoding=\"async\" class=\"alignnone wp-image-629 size-large\" src=\"https:\/\/hydraulic-cylinders.net\/wp-content\/uploads\/2023\/08\/hydraulic-cylinder-product-4-1024x510.webp\" alt=\"\" width=\"1024\" height=\"510\" srcset=\"https:\/\/hydraulic-cylinders.net\/wp-content\/uploads\/2023\/08\/hydraulic-cylinder-product-4-980x488.webp 980w, https:\/\/hydraulic-cylinders.net\/wp-content\/uploads\/2023\/08\/hydraulic-cylinder-product-4-480x239.webp 480w\" sizes=\"(min-width: 0px) and (max-width: 480px) 480px, (min-width: 481px) and (max-width: 980px) 980px, (min-width: 981px) 1024px, 100vw\" \/><\/p>\n<h3>(4) Fest\u00e9s \u00e9s bevonatol\u00e1s<\/h3>\n<p>Kis \u00e9s k\u00f6zepes m\u00e9ret\u0171 hengeres automatikus v\u00edzb\u00e1zis\u00fa fest\u00e9kbevon\u00f3 sorokkal, az automatikus robot be- \u00e9s kirakod\u00e1s, valamint az automatikus permetez\u00e9s megval\u00f3s\u00edt\u00e1s\u00e1hoz, a tervez\u00e9si kapacit\u00e1s m\u0171szakonk\u00e9nt 4000 darab;<br \/>\nRendelkez\u00fcnk egy f\u00e9lautomata fest\u00e9kgy\u00e1rt\u00f3sorral is nagym\u00e9ret\u0171 palackokhoz, amelyet egy er\u0151\u00e1tviteli l\u00e1nc hajt, m\u0171szakonk\u00e9nt 60 doboz tervez\u00e9si kapacit\u00e1ssal.<\/p>\n<p><img loading=\"lazy\" decoding=\"async\" class=\"alignnone wp-image-630\" src=\"https:\/\/hydraulic-cylinders.net\/wp-content\/uploads\/2023\/08\/hydraulic-cylinder-product-5-300x213.webp\" alt=\"\" width=\"366\" height=\"260\" \/> <img loading=\"lazy\" decoding=\"async\" class=\"alignnone wp-image-631\" src=\"https:\/\/hydraulic-cylinders.net\/wp-content\/uploads\/2023\/08\/hydraulic-cylinder-product-6-300x225.webp\" alt=\"\" width=\"347\" height=\"260\" \/><\/p>\n<h3>(5) Tesztel\u00e9s<\/h3>\n<p>Els\u0151 oszt\u00e1ly\u00fa ellen\u0151rz\u0151 l\u00e9tes\u00edtm\u00e9nyekkel \u00e9s tesztpadokkal rendelkez\u00fcnk annak biztos\u00edt\u00e1s\u00e1ra, hogy a palack teljes\u00edtm\u00e9nye megfeleljen a k\u00f6vetelm\u00e9nyeknek.<\/p>\n<p><img loading=\"lazy\" decoding=\"async\" class=\"alignnone wp-image-632\" src=\"https:\/\/hydraulic-cylinders.net\/wp-content\/uploads\/2023\/08\/hydraulic-cylinder-product-8-300x200.webp\" alt=\"\" width=\"389\" height=\"260\" \/><\/p>\n<p>&nbsp;<\/p>\n<p>&nbsp;<\/p>\n<p>Mi vagyunk az egyik legjobb hidraulikus henger gy\u00e1rt\u00f3. \u00c1tfog\u00f3 hidraulikus hengereket k\u00edn\u00e1lunk. Megfelel\u0151 szolg\u00e1ltat\u00e1sokat is biztos\u00edtunk. <a href=\"https:\/\/hzpt.com\/agricultural-pto-gearbox\/\" target=\"_blank\" rel=\"noopener\">mez\u0151gazdas\u00e1gi sebess\u00e9gv\u00e1lt\u00f3k<\/a>Term\u00e9keinket vil\u00e1gszerte export\u00e1ltuk \u00fcgyfeleinknek, \u00e9s kiv\u00e1l\u00f3 term\u00e9kmin\u0151s\u00e9g\u00fcnknek \u00e9s \u00e9rt\u00e9kes\u00edt\u00e9s ut\u00e1ni szolg\u00e1ltat\u00e1sunknak k\u00f6sz\u00f6nhet\u0151en j\u00f3 h\u00edrnevet szerezt\u00fcnk. Szeretettel v\u00e1rjuk belf\u00f6ldi \u00e9s k\u00fclf\u00f6ldi \u00fcgyfeleinket, hogy \u00fczleti t\u00e1rgyal\u00e1sok, inform\u00e1ci\u00f3csere \u00e9s egy\u00e9b lehet\u0151s\u00e9gek c\u00e9lj\u00e1b\u00f3l kapcsolatba l\u00e9pjenek vel\u00fcnk. <a href=\"https:\/\/www.hydraulic-cylinders.net\/hu\/contact-us\/\">egy\u00fcttm\u0171k\u00f6dni vel\u00fcnk<\/a>!<\/p>","protected":false},"excerpt":{"rendered":"<p>Press Master Cylinder The press master cylinder is an essential component in hydraulic presses, designed to deliver precise and powerful force for a wide range of industrial applications. The press master cylinder is a powerhouse component that empowers hydraulic presses with precision and power. With its robust construction, precision force generation, and high power output, [&hellip;]<\/p>","protected":false},"featured_media":1618,"comment_status":"open","ping_status":"closed","template":"","meta":{"_et_pb_use_builder":"","_et_pb_old_content":"","_et_gb_content_width":""},"product_brand":[],"product_cat":[1522,1549,1376],"product_tag":[1380],"class_list":{"0":"post-1616","1":"product","2":"type-product","3":"status-publish","4":"has-post-thumbnail","6":"product_cat-press-hydraulic-cylinders","7":"product_cat-single-acting-hydraulic-cylinder","8":"product_cat-hydraulic-cylinder","9":"product_tag-hydraulic-cylinder","11":"first","12":"instock","13":"shipping-taxable","14":"product-type-simple"},"amp_enabled":true,"_links":{"self":[{"href":"https:\/\/www.hydraulic-cylinders.net\/hu\/wp-json\/wp\/v2\/product\/1616","targetHints":{"allow":["GET"]}}],"collection":[{"href":"https:\/\/www.hydraulic-cylinders.net\/hu\/wp-json\/wp\/v2\/product"}],"about":[{"href":"https:\/\/www.hydraulic-cylinders.net\/hu\/wp-json\/wp\/v2\/types\/product"}],"replies":[{"embeddable":true,"href":"https:\/\/www.hydraulic-cylinders.net\/hu\/wp-json\/wp\/v2\/comments?post=1616"}],"wp:featuredmedia":[{"embeddable":true,"href":"https:\/\/www.hydraulic-cylinders.net\/hu\/wp-json\/wp\/v2\/media\/1618"}],"wp:attachment":[{"href":"https:\/\/www.hydraulic-cylinders.net\/hu\/wp-json\/wp\/v2\/media?parent=1616"}],"wp:term":[{"taxonomy":"product_brand","embeddable":true,"href":"https:\/\/www.hydraulic-cylinders.net\/hu\/wp-json\/wp\/v2\/product_brand?post=1616"},{"taxonomy":"product_cat","embeddable":true,"href":"https:\/\/www.hydraulic-cylinders.net\/hu\/wp-json\/wp\/v2\/product_cat?post=1616"},{"taxonomy":"product_tag","embeddable":true,"href":"https:\/\/www.hydraulic-cylinders.net\/hu\/wp-json\/wp\/v2\/product_tag?post=1616"}],"curies":[{"name":"munkaf\u00fczet","href":"https:\/\/api.w.org\/{rel}","templated":true}]}}