{"id":16169,"date":"2025-01-20T08:35:28","date_gmt":"2025-01-20T08:35:28","guid":{"rendered":"https:\/\/www.hydraulic-cylinders.net\/product\/arm-cylinderfor-caterpillar-large-excavator-e349dl\/"},"modified":"2025-01-20T08:35:30","modified_gmt":"2025-01-20T08:35:30","slug":"arm-cylinderfor-caterpillar-large-excavator-e349dl","status":"publish","type":"product","link":"https:\/\/www.hydraulic-cylinders.net\/hu\/termek\/arm-cylinderfor-caterpillar-large-excavator-e349dl\/","title":{"rendered":"Karhenger Caterpillar nagym\u00e9ret\u0171 kotr\u00f3g\u00e9phez E349DL"},"content":{"rendered":"<h1>Karhenger Caterpillar nagym\u00e9ret\u0171 kotr\u00f3g\u00e9phez E349DL<\/h1>\n<h2>Bevezet\u00e9s<\/h2>\n<p>A Caterpillar E349DL nagym\u00e9ret\u0171 kotr\u00f3g\u00e9p karhengere egy speci\u00e1lisan tervezett hidraulikus henger, amely line\u00e1ris mozg\u00e1st \u00e9s er\u0151t biztos\u00edt k\u00fcl\u00f6nf\u00e9le g\u00e9pek, p\u00e9ld\u00e1ul kotr\u00f3g\u00e9pek, daruk \u00e9s robotkarok karj\u00e1nak. A karhengerek kulcsszerepet j\u00e1tszanak a hidraulikus rendszerekben, lehet\u0151v\u00e9 t\u00e9ve a tov\u00e1bbi szersz\u00e1mok vagy tartoz\u00e9kok hat\u00e9kony mozg\u00e1s\u00e1t \u00e9s vez\u00e9rl\u00e9s\u00e9t. Ezek a hengerek nemcsak a sima mozg\u00e1st biztos\u00edtj\u00e1k, hanem k\u00e9pesek ellen\u00e1llni a nagy terhel\u00e9seknek is, biztos\u00edtva a g\u00e9p hat\u00e9kony m\u0171k\u00f6d\u00e9s\u00e9t \u00e9s megb\u00edzhat\u00f3s\u00e1g\u00e1t k\u00fcl\u00f6nb\u00f6z\u0151 munkak\u00f6r\u00fclm\u00e9nyek k\u00f6z\u00f6tt.<\/p>\n<p><img decoding=\"async\" src=\"https:\/\/www.hydraulic-cylinders.net\/wp-content\/uploads\/2025\/01\/songte-company-2.webp\"><\/p>\n<h2>Jellemz\u0151k<\/h2>\n<ul>\n<li>\n<h3>Nagy hat\u00e9konys\u00e1g\u00fa \u00e1tvitel:<\/h3>\n<p> A karhenger er\u0151teljes line\u00e1ris mozg\u00e1st \u00e9s er\u0151t biztos\u00edt, biztos\u00edtva a robotkar nagy teljes\u00edtm\u00e9ny\u00e9t k\u00fcl\u00f6nf\u00e9le m\u0171veletek sor\u00e1n.<\/li>\n<li>\n<h3>Prec\u00edz vez\u00e9rl\u00e9s:<\/h3>\n<p> A hidraulikus rendszeren kereszt\u00fcl a karhenger prec\u00edz mozg\u00e1svez\u00e9rl\u00e9st tesz lehet\u0151v\u00e9, \u00edgy a csatlakoztatott eszk\u00f6z\u00f6k kezel\u00e9se rugalmasabb \u00e9s pontosabb.<\/li>\n<li>\n<h3>Tart\u00f3ss\u00e1g:<\/h3>\n<p> A karhengerek jellemz\u0151en nagy szil\u00e1rds\u00e1g\u00fa anyagokb\u00f3l k\u00e9sz\u00fclnek, kiv\u00e1l\u00f3 kop\u00e1s\u00e1ll\u00f3s\u00e1got \u00e9s korr\u00f3zi\u00f3\u00e1ll\u00f3s\u00e1got biztos\u00edtva, \u00edgy alkalmasak hossz\u00fa t\u00e1v\u00fa haszn\u00e1latra zord k\u00f6rnyezetben.<\/li>\n<li>\n<h3>T\u00f6bbfunkci\u00f3s alkalmazkod\u00f3k\u00e9pess\u00e9g:<\/h3>\n<p> Ezek a munkahengerek sz\u00e9les k\u00f6rben alkalmazhat\u00f3k k\u00fcl\u00f6nf\u00e9le g\u00e9pekben, p\u00e9ld\u00e1ul kotr\u00f3g\u00e9pekben, darukban \u00e9s robotkarokban, alkalmazkodva a k\u00fcl\u00f6nb\u00f6z\u0151 munkak\u00f6vetelm\u00e9nyekhez.<\/li>\n<li>\n<h3>K\u00f6nny\u0171 karbantart\u00e1s:<\/h3>\n<p> A karhenger kialak\u00edt\u00e1sa figyelembe veszi a karbantart\u00e1s \u00e9s a csere egyszer\u0171s\u00e9g\u00e9t, \u00edgy a rendszeres ellen\u0151rz\u00e9s \u00e9s karbantart\u00e1s k\u00e9nyelmesebb, \u00e9s cs\u00f6kken a berendez\u00e9s \u00e1ll\u00e1sideje.<\/li>\n<\/ul>\n<p><img decoding=\"async\" src=\"https:\/\/www.hydraulic-cylinders.net\/wp-content\/uploads\/2025\/01\/songte-oil-pipes-and-spare-parts.webp\"><\/p>\n<h2>Alkalmaz\u00e1sok<\/h2>\n<p>A Caterpillar nagym\u00e9ret\u0171 kotr\u00f3g\u00e9p E349DL karhengere sz\u00e1mos ipar\u00e1gban alkalmazhat\u00f3:<\/p>\n<ol>\n<li>\n<h3>\u00c9p\u00edt\u0151m\u00e9rn\u00f6ki:<\/h3>\n<p> Kotr\u00f3g\u00e9pekn\u00e9l \u00e9s darukn\u00e1l a karhenger vez\u00e9rli a kan\u00e1l vagy a g\u00e9m mozg\u00e1s\u00e1t f\u00f6ldmunk\u00e1kn\u00e1l, anyagmozgat\u00e1sn\u00e1l \u00e9s szerkezeti telep\u00edt\u00e9sn\u00e9l.<\/li>\n<li>\n<h3>Feldolgoz\u00f3 ipar:<\/h3>\n<p> Az automatiz\u00e1lt gy\u00e1rt\u00f3sorokon a karhengert robotkarok mozgat\u00e1s\u00e1ra haszn\u00e1lj\u00e1k \u00f6sszeszerel\u00e9si, hegeszt\u00e9si \u00e9s anyagmozgat\u00e1si folyamatokban, jav\u00edtva a termel\u00e9si hat\u00e9konys\u00e1got \u00e9s a pontoss\u00e1got.<\/li>\n<li>\n<h3>Mez\u0151gazdas\u00e1gi g\u00e9pek:<\/h3>\n<p> A mez\u0151gazdas\u00e1gi g\u00e9pekben, p\u00e9ld\u00e1ul a betakar\u00edt\u00f3g\u00e9pekben \u00e9s a vet\u0151g\u00e9pekben a karhenger vez\u00e9rli a m\u0171k\u00f6dtet\u0151 kar mozg\u00e1s\u00e1t olyan feladatokhoz, mint a vet\u00e9s, a m\u0171tr\u00e1gy\u00e1z\u00e1s \u00e9s a betakar\u00edt\u00e1s.<\/li>\n<li>\n<h3>B\u00e1ny\u00e1szati:<\/h3>\n<p> B\u00e1ny\u00e1szati \u200b\u200bberendez\u00e9sekben a karhengert a b\u00e1ny\u00e1szati \u200b\u200bg\u00e9pek karmozg\u00e1s\u00e1nak vez\u00e9rl\u00e9s\u00e9re haszn\u00e1lj\u00e1k \u00e9rc kitermel\u00e9se \u00e9s sz\u00e1ll\u00edt\u00e1sa sor\u00e1n.<\/li>\n<li>\n<h3>Logisztika \u00e9s sz\u00e1ll\u00edt\u00e1s:<\/h3>\n<p> A targonc\u00e1kban \u00e9s anyagmozgat\u00f3 robotokban a karhenger vez\u00e9rli a vill\u00e1k emel\u00e9s\u00e9t \u00e9s mozg\u00e1s\u00e1t, lehet\u0151v\u00e9 t\u00e9ve az anyagok sz\u00e1ll\u00edt\u00e1s\u00e1t \u00e9s egym\u00e1sra rak\u00e1s\u00e1t.<\/li>\n<\/ol>\n<h2>Tervez\u00e9si szempontok \u00e9s kiv\u00e1laszt\u00e1si krit\u00e9riumok<\/h2>\n<p>A hengerfej tervez\u00e9si szempontjai \u00e9s kiv\u00e1laszt\u00e1si krit\u00e9riumai tekintet\u00e9ben sz\u00e1mos t\u00e9nyez\u0151t kell figyelembe venni:<\/p>\n<ul>\n<li>\n<h3>Teherb\u00edr\u00e1s:<\/h3>\n<p> A karhengert \u00fagy kell megtervezni, hogy ellen\u00e1lljon a m\u0171k\u00f6d\u00e9s sor\u00e1n v\u00e1rhat\u00f3 terhel\u00e9seknek \u00e9s er\u0151knek.<\/li>\n<li>\n<h3>T\u00f6m\u00edt\u00e9s:<\/h3>\n<p> K\u00fcl\u00f6nb\u00f6z\u0151 t\u00f6m\u00edt\u0151elemeket, p\u00e9ld\u00e1ul dugatty\u00fat\u00f6m\u00edt\u00e9seket \u00e9s r\u00fadt\u00f6m\u00edt\u00e9seket kell haszn\u00e1lni a megfelel\u0151 t\u00f6m\u00edt\u00e9s biztos\u00edt\u00e1s\u00e1hoz \u00e9s a sziv\u00e1rg\u00e1s megakad\u00e1lyoz\u00e1s\u00e1hoz. Ezek a t\u00f6m\u00edt\u00e9sek jellemz\u0151en kop\u00e1s\u00e1ll\u00f3 anyagokb\u00f3l, p\u00e9ld\u00e1ul poliuret\u00e1nb\u00f3l \u00e9s nitrilgumib\u00f3l k\u00e9sz\u00fclnek.<\/li>\n<li>\n<h3>Tart\u00f3ss\u00e1g:<\/h3>\n<p> A hengertestet \u00e9s a menetes v\u00e9geket prec\u00edz fel\u00fcletkezel\u00e9snek kell al\u00e1vetni a kop\u00e1s\u00e1ll\u00f3s\u00e1g fokoz\u00e1sa \u00e9rdek\u00e9ben. A rendszeres hidraulikaolajjal t\u00f6rt\u00e9n\u0151 ken\u00e9s sz\u00fcks\u00e9ges a z\u00f6kken\u0151mentes m\u0171k\u00f6d\u00e9s \u00e9s a hossz\u00fa \u00e9lettartam biztos\u00edt\u00e1s\u00e1hoz.<\/li>\n<\/ul>\n<p><img decoding=\"async\" src=\"https:\/\/www.hydraulic-cylinders.net\/wp-content\/uploads\/2025\/01\/songte-cylinder-head-with-all-kinds-excavator-models.webp\"><\/p>\n<h2>Rendszeres ellen\u0151rz\u00e9s \u00e9s megel\u0151z\u0151 karbantart\u00e1s<\/h2>\n<p>A karhenger optim\u00e1lis teljes\u00edtm\u00e9ny\u00e9nek fenntart\u00e1s\u00e1hoz elengedhetetlen a rendszeres ellen\u0151rz\u00e9s \u00e9s a megel\u0151z\u0151 karbantart\u00e1s. \u00cdme n\u00e9h\u00e1ny aj\u00e1nlott int\u00e9zked\u00e9s:<\/p>\n<ul>\n<li>\n<h3>T\u00f6m\u00edt\u00e9sek \u00e9s csatlakoz\u00e1sok ellen\u0151rz\u00e9se:<\/h3>\n<p> Rendszeresen ellen\u0151rizze a t\u00f6m\u00edt\u00e9sek, csatlakoz\u00e1sok \u00e9s szerelv\u00e9nyek \u00e1llapot\u00e1t a megfelel\u0151 m\u0171k\u00f6d\u00e9s biztos\u00edt\u00e1sa \u00e9s a sziv\u00e1rg\u00e1s megel\u0151z\u00e9se \u00e9rdek\u00e9ben.<\/li>\n<li>\n<h3>Ken\u00e9s:<\/h3>\n<p> Vigyen fel megfelel\u0151 mennyis\u00e9g\u0171 hidraulikaolajat a mozg\u00f3 alkatr\u00e9szek megfelel\u0151 ken\u00e9s\u00e9nek biztos\u00edt\u00e1s\u00e1ra.<\/li>\n<li>\n<h3>Kop\u00e1s ellen\u0151rz\u00e9se:<\/h3>\n<p> Rendszeresen ellen\u0151rizze a hengertestet, a dugatty\u00fat \u00e9s a rudat kop\u00e1s vagy s\u00e9r\u00fcl\u00e9s jelei szempontj\u00e1b\u00f3l. Az elkopott vagy s\u00e9r\u00fclt alkatr\u00e9szeket halad\u00e9ktalanul cser\u00e9lje ki.<\/li>\n<li>\n<h3>Csatlakoz\u00e1sok megh\u00faz\u00e1sa:<\/h3>\n<p> Ellen\u0151rizze \u00e9s h\u00fazza meg a laza csatlakoz\u00e1sokat a lehets\u00e9ges probl\u00e9m\u00e1k elker\u00fcl\u00e9se \u00e9rdek\u00e9ben.<\/li>\n<\/ul>\n<h2>Term\u00e9ktelep\u00edt\u00e9si \u00fatmutat\u00f3<\/h2>\n<p>A karhenger megfelel\u0151 beszerel\u00e9se elengedhetetlen az optim\u00e1lis teljes\u00edtm\u00e9nyhez. A k\u00f6vetend\u0151 l\u00e9p\u00e9sek a k\u00f6vetkez\u0151k:<\/p>\n<ol>\n<li>K\u00e9sz\u00edtse el\u0151 a r\u00f6gz\u00edt\u00e9si ter\u00fcletet, \u00e9s gy\u0151z\u0151dj\u00f6n meg arr\u00f3l, hogy tiszta \u00e9s t\u00f6rmel\u00e9kt\u0151l mentes.<\/li>\n<li>Igaz\u00edtsa a karhengert a g\u00e9p r\u00f6gz\u00edt\u00e9si pontjaihoz.<\/li>\n<li>R\u00f6gz\u00edtse biztons\u00e1gosan a hengert megfelel\u0151 csavarokkal \u00e9s any\u00e1kkal.<\/li>\n<li>Ellen\u0151rizze az illeszt\u00e9st, \u00e9s v\u00e9gezze el a sz\u00fcks\u00e9ges be\u00e1ll\u00edt\u00e1sokat.<\/li>\n<li>Gy\u0151z\u0151dj\u00f6n meg arr\u00f3l, hogy minden csatlakoz\u00e1s megfelel\u0151en meg van h\u00fazva.<\/li>\n<\/ol>\n<p><img decoding=\"async\" src=\"https:\/\/www.hydraulic-cylinders.net\/wp-content\/uploads\/2025\/01\/songte-bushings-with-all-kinds-of-excavator-models.webp\"><\/p>\n<h2>Biztons\u00e1gi szempontok \u00e9s k\u00f6rnyezeti t\u00e9nyez\u0151k<\/h2>\n<p>A karhenger haszn\u00e1latakor elengedhetetlen a biztons\u00e1gi int\u00e9zked\u00e9sek priorit\u00e1sk\u00e9nt val\u00f3 kezel\u00e9se a balesetek megel\u0151z\u00e9se \u00e9s a biztons\u00e1gos munkak\u00f6rnyezet biztos\u00edt\u00e1sa \u00e9rdek\u00e9ben. A biztons\u00e1gi \u00f3vint\u00e9zked\u00e9sek, p\u00e9ld\u00e1ul a megfelel\u0151 k\u00e9pz\u00e9s \u00e9s a meg\u00e1llap\u00edtott ir\u00e1nyelvek betart\u00e1sa kulcsfontoss\u00e1g\u00fa a potenci\u00e1lis vesz\u00e9lyek megel\u0151z\u00e9se \u00e9rdek\u00e9ben.<\/p>\n<h2>Hibaelh\u00e1r\u00edt\u00e1s \u00e9s gyakori probl\u00e9m\u00e1k<\/h2>\n<p>\u00cdme n\u00e9h\u00e1ny gyakori hibaelh\u00e1r\u00edt\u00e1si tipp \u00e9s megold\u00e1s a karhengerrel kapcsolatos lehets\u00e9ges probl\u00e9m\u00e1k kezel\u00e9s\u00e9re:<\/p>\n<ul>\n<li>\n<h3>Probl\u00e9ma: <\/h3>\n<p>Sziv\u00e1rg\u00e1s a t\u00f6m\u00edt\u00e9sek k\u00f6r\u00fcl.<\/li>\n<p><h3>Megold\u00e1s: <\/h3>\n<p>Vizsg\u00e1lja meg \u00e9s cser\u00e9lje ki a kopott vagy s\u00e9r\u00fclt t\u00f6m\u00edt\u00e9seket. Gondoskodjon a megfelel\u0151 beszerel\u00e9sr\u0151l \u00e9s ken\u00e9sr\u0151l.<\/p>\n<li>\n<h3>Probl\u00e9ma: <\/h3>\n<p>A kar szab\u00e1lytalan vagy r\u00e1ngat\u00f3z\u00f3 mozg\u00e1sa.<\/li>\n<p><h3>Megold\u00e1s: <\/h3>\n<p>Ellen\u0151rizze, hogy nincsenek-e akad\u00e1lyok vagy elt\u00e9r\u00e9sek az illeszt\u00e9sben. Kenje meg a mozg\u00f3 alkatr\u00e9szeket, \u00e9s sz\u00fcks\u00e9g szerint \u00e1ll\u00edtsa be azokat.<\/p>\n<li>\n<h3>Probl\u00e9ma: <\/h3>\n<p>T\u00falzott zaj m\u0171k\u00f6d\u00e9s k\u00f6zben.<\/li>\n<p><h3>Megold\u00e1s: <\/h3>\n<p>Ellen\u0151rizze a laza csatlakoz\u00e1sokat vagy s\u00e9r\u00fclt alkatr\u00e9szeket. H\u00fazza meg a csatlakoz\u00e1sokat, vagy cser\u00e9lje ki a kopott alkatr\u00e9szeket.<\/p>\n<\/ul>\n<p><img decoding=\"async\" src=\"https:\/\/www.hydraulic-cylinders.net\/wp-content\/uploads\/2025\/01\/songte-chushion-collar.webp\"><\/p>\n<p>Ne felejtsd el logikusan fel\u00e9p\u00edteni a cikket, haszn\u00e1lj alc\u00edmeket a k\u00f6nny\u0171 navig\u00e1ci\u00f3 \u00e9rdek\u00e9ben, \u00e9p\u00edts be relev\u00e1ns k\u00e9peket vagy diagramokat a jobb meg\u00e9rt\u00e9s \u00e9rdek\u00e9ben, \u00e9s \u00fcgyelj arra, hogy a tartalom vil\u00e1gos, t\u00f6m\u00f6r \u00e9s megfelel\u0151 legyen a k\u00fcl\u00f6nb\u00f6z\u0151 szint\u0171 technikai tud\u00e1ssal rendelkez\u0151 olvas\u00f3k sz\u00e1m\u00e1ra.<\/p>\n<h2>C\u00e9g\u00fcnkr\u0151l<\/h2>\n<p>We are a professional manufacturer of replacement hydraulic cylinders, offering a wide range of products. We have become one of the leading hydraulic cylinder manufacturers and wholesale distributors in domestic and international markets. Adhering to the principle of excellent quality, we strive to continuously improve our technical capabilities and production efficiency. By introducing advanced digital manufacturing equipment and professional testing systems, we optimize our manufacturing platform and enhance product quality control processes, demonstrating strong innovation capabilities. Our goal is to meet customers&#8217; diverse needs with principles of efficiency, precision, and high quality.<\/p>\n<p><img decoding=\"async\" src=\"https:\/\/www.hydraulic-cylinders.net\/wp-content\/uploads\/2025\/01\/songte-company-4.webp\"><br \/>\n<img decoding=\"async\" src=\"https:\/\/www.hydraulic-cylinders.net\/wp-content\/uploads\/2025\/01\/songte-company-3.webp\"><\/p>\n<p>Szerz\u0151: lyl<\/p>","protected":false},"excerpt":{"rendered":"<p>Arm Cylinder For Caterpillar Large Excavator E349DL Introduction The Arm Cylinder for Caterpillar Large Excavator E349DL is a specially designed hydraulic cylinder that provides linear motion and power to the arm of various types of machinery, such as excavators, cranes, and robotic arms. The arm cylinders play a crucial role in hydraulic systems, enabling the [&hellip;]<\/p>","protected":false},"featured_media":14770,"comment_status":"open","ping_status":"closed","template":"","meta":{"_et_pb_use_builder":"","_et_pb_old_content":"","_et_gb_content_width":""},"product_brand":[],"product_cat":[1497],"product_tag":[1498,1496],"class_list":{"0":"post-16169","1":"product","2":"type-product","3":"status-publish","4":"has-post-thumbnail","6":"product_cat-arm-cylinders","7":"product_tag-arm-cylinders","8":"product_tag-hydraulic-cylinders","10":"first","11":"instock","12":"shipping-taxable","13":"product-type-simple"},"amp_enabled":true,"_links":{"self":[{"href":"https:\/\/www.hydraulic-cylinders.net\/hu\/wp-json\/wp\/v2\/product\/16169","targetHints":{"allow":["GET"]}}],"collection":[{"href":"https:\/\/www.hydraulic-cylinders.net\/hu\/wp-json\/wp\/v2\/product"}],"about":[{"href":"https:\/\/www.hydraulic-cylinders.net\/hu\/wp-json\/wp\/v2\/types\/product"}],"replies":[{"embeddable":true,"href":"https:\/\/www.hydraulic-cylinders.net\/hu\/wp-json\/wp\/v2\/comments?post=16169"}],"wp:featuredmedia":[{"embeddable":true,"href":"https:\/\/www.hydraulic-cylinders.net\/hu\/wp-json\/wp\/v2\/media\/14770"}],"wp:attachment":[{"href":"https:\/\/www.hydraulic-cylinders.net\/hu\/wp-json\/wp\/v2\/media?parent=16169"}],"wp:term":[{"taxonomy":"product_brand","embeddable":true,"href":"https:\/\/www.hydraulic-cylinders.net\/hu\/wp-json\/wp\/v2\/product_brand?post=16169"},{"taxonomy":"product_cat","embeddable":true,"href":"https:\/\/www.hydraulic-cylinders.net\/hu\/wp-json\/wp\/v2\/product_cat?post=16169"},{"taxonomy":"product_tag","embeddable":true,"href":"https:\/\/www.hydraulic-cylinders.net\/hu\/wp-json\/wp\/v2\/product_tag?post=16169"}],"curies":[{"name":"munkaf\u00fczet","href":"https:\/\/api.w.org\/{rel}","templated":true}]}}