{"id":16170,"date":"2025-01-20T08:35:33","date_gmt":"2025-01-20T08:35:33","guid":{"rendered":"https:\/\/www.hydraulic-cylinders.net\/product\/arm-cylinderfor-caterpillar-large-excavator-e349dz\/"},"modified":"2025-01-20T08:35:40","modified_gmt":"2025-01-20T08:35:40","slug":"arm-cylinderfor-caterpillar-large-excavator-e349dz","status":"publish","type":"product","link":"https:\/\/www.hydraulic-cylinders.net\/hu\/termek\/arm-cylinderfor-caterpillar-large-excavator-e349dz\/","title":{"rendered":"Karhenger Caterpillar nagy kotr\u00f3g\u00e9phez E349DZ"},"content":{"rendered":"<p>Karhenger Caterpillar nagym\u00e9ret\u0171 kotr\u00f3g\u00e9phez E349DZ: Meghat\u00e1roz\u00e1s \u00e9s magyar\u00e1zat<\/p>\n<p>A karhenger egy speci\u00e1lis hidraulikus henger, amelyet arra terveztek, hogy line\u00e1ris mozg\u00e1st \u00e9s er\u0151t biztos\u00edtson k\u00fcl\u00f6nf\u00e9le g\u00e9pek, p\u00e9ld\u00e1ul kotr\u00f3g\u00e9pek, daruk \u00e9s mechanikus karok karj\u00e1nak. A karhenger kritikus szerepet j\u00e1tszik a hidraulikus rendszerben, lehet\u0151v\u00e9 t\u00e9ve a tov\u00e1bbi szersz\u00e1mok vagy tartoz\u00e9kok mozg\u00e1s\u00e1t \u00e9s hat\u00e9kony vez\u00e9rl\u00e9s\u00e9t. Ezek a hengerek nemcsak sima mozg\u00e1st biztos\u00edtanak, hanem nagy terhel\u00e9seket is elb\u00edrnak, biztos\u00edtva a g\u00e9p hat\u00e9kony m\u0171k\u00f6d\u00e9s\u00e9t \u00e9s megb\u00edzhat\u00f3s\u00e1g\u00e1t k\u00fcl\u00f6nb\u00f6z\u0151 munkak\u00f6r\u00fclm\u00e9nyek k\u00f6z\u00f6tt.<\/p>\n<p><img loading=\"lazy\" decoding=\"async\" src=\"https:\/\/www.hydraulic-cylinders.net\/wp-content\/uploads\/2025\/01\/songte-company-2.webp\" alt=\"Karhenger\" width=\"400\" height=\"300\"><\/p>\n<p>A karhenger jellemz\u0151i<\/p>\n<p>A karhenger sz\u00e1mos olyan tulajdons\u00e1ggal rendelkezik, amelyek n\u00e9lk\u00fcl\u00f6zhetetlen alkatr\u00e9sz\u00e9v\u00e9 teszik a k\u00fcl\u00f6nf\u00e9le g\u00e9peknek. \u00cdme n\u00e9h\u00e1ny kulcsfontoss\u00e1g\u00fa jellemz\u0151:<\/p>\n<h2>Nagy hat\u00e9konys\u00e1g\u00fa er\u0151\u00e1tvitel<\/h2>\n<p>A karhenger er\u0151teljes line\u00e1ris mozg\u00e1st \u00e9s er\u0151t biztos\u00edt, biztos\u00edtva a mechanikus kar m\u0171k\u00f6d\u00e9s\u00e9nek magas hat\u00e9konys\u00e1g\u00e1t.<\/p>\n<h2>Prec\u00edz vez\u00e9rl\u00e9s<\/h2>\n<p>A hidraulikus rendszeren kereszt\u00fcl a karhenger prec\u00edz mozg\u00e1svez\u00e9rl\u00e9st \u00e9rhet el, \u00edgy a tov\u00e1bbi szersz\u00e1mok m\u0171k\u00f6dtet\u00e9se rugalmasabb \u00e9s pontosabb.<\/p>\n<h2>Nagy tart\u00f3ss\u00e1g<\/h2>\n<p>A karhengerek \u00e1ltal\u00e1ban nagy szil\u00e1rds\u00e1g\u00fa anyagokb\u00f3l k\u00e9sz\u00fclnek, amelyek kiv\u00e1l\u00f3 kop\u00e1s\u00e1ll\u00f3s\u00e1ggal \u00e9s korr\u00f3zi\u00f3\u00e1ll\u00f3s\u00e1ggal rendelkeznek, \u00edgy alkalmasak hossz\u00fa t\u00e1v\u00fa haszn\u00e1latra zord k\u00f6rnyezeti k\u00f6r\u00fclm\u00e9nyek k\u00f6z\u00f6tt.<\/p>\n<h2>T\u00f6bbfunkci\u00f3s alkalmazkod\u00f3k\u00e9pess\u00e9g<\/h2>\n<p>Ezek a hengerek sz\u00e9les k\u00f6rben alkalmazhat\u00f3k k\u00fcl\u00f6nf\u00e9le g\u00e9pekben, p\u00e9ld\u00e1ul kotr\u00f3g\u00e9pekben, darukban \u00e9s mechanikus karokban, hogy megfeleljenek a k\u00fcl\u00f6nb\u00f6z\u0151 munkak\u00f6vetelm\u00e9nyeknek.<\/p>\n<h2>K\u00f6nny\u0171 karbantart\u00e1s<\/h2>\n<p>A karhenger kialak\u00edt\u00e1sa a k\u00f6nny\u0171 karbantart\u00e1st \u00e9s cser\u00e9t szem el\u0151tt tartva t\u00f6rt\u00e9nt, \u00edgy k\u00e9nyelmes a rutinszer\u0171 ellen\u0151rz\u00e9s \u00e9s karbantart\u00e1s, valamint cs\u00f6kken a berendez\u00e9s \u00e1ll\u00e1sideje.<\/p>\n<p>Termel\u00e9si k\u00e9pess\u00e9geink<\/p>\n<p>Term\u00e9keink t\u00f6k\u00e9letesen helyettes\u00edthetik ezeket a hidraulikus hengereket.<\/p>\n<p><img loading=\"lazy\" decoding=\"async\" src=\"https:\/\/www.hydraulic-cylinders.net\/wp-content\/uploads\/2025\/01\/songte-oil-pipes-and-spare-parts.webp\" alt=\"Hidraulikus henger\" width=\"400\" height=\"300\"><\/p>\n<p>Karhenger alkalmaz\u00e1sa<\/p>\n<p>A karhenger sz\u00e1mos alkalmaz\u00e1si ter\u00fcleten megtal\u00e1lhat\u00f3 a k\u00fcl\u00f6nb\u00f6z\u0151 ipar\u00e1gakban, bele\u00e9rtve:<\/p>\n<h2>\u00c9p\u00edt\u0151m\u00e9rn\u00f6ki<\/h2>\n<p>Kotr\u00f3g\u00e9pekn\u00e9l \u00e9s darukn\u00e1l a karhenger a kan\u00e1l vagy a g\u00e9m mozg\u00e1s\u00e1nak vez\u00e9rl\u00e9s\u00e9re, f\u00f6ldmunk\u00e1k elv\u00e9gz\u00e9s\u00e9re, anyagmozgat\u00e1sra \u00e9s szerkezeti szerel\u00e9sre szolg\u00e1l.<\/p>\n<h2>Feldolgoz\u00f3 ipar<\/h2>\n<p>Az automatiz\u00e1lt gy\u00e1rt\u00f3sorokon a karhengert mechanikus karok mozgat\u00e1s\u00e1ra, \u00f6sszeszerel\u00e9si, hegeszt\u00e9si \u00e9s anyagmozgat\u00e1si folyamatok v\u00e9grehajt\u00e1s\u00e1ra haszn\u00e1lj\u00e1k, jav\u00edtva a termel\u00e9si hat\u00e9konys\u00e1got \u00e9s a pontoss\u00e1got.<\/p>\n<h2>Mez\u0151gazdas\u00e1gi g\u00e9pek<\/h2>\n<p>A mez\u0151gazdas\u00e1gi g\u00e9pekben, p\u00e9ld\u00e1ul a betakar\u00edt\u00f3g\u00e9pekben \u00e9s a vet\u0151g\u00e9pekben a karhenger vez\u00e9rli a m\u0171k\u00f6dtet\u0151 kar mozg\u00e1s\u00e1t, olyan feladatokat l\u00e1tva el, mint az vet\u00e9s, a tr\u00e1gy\u00e1z\u00e1s \u00e9s a betakar\u00edt\u00e1s.<\/p>\n<h2>B\u00e1ny\u00e1szati<\/h2>\n<p>A b\u00e1ny\u00e1szati \u200b\u200bberendez\u00e9sekben a karhenger vez\u00e9rli a kar mozg\u00e1s\u00e1t, b\u00e1ny\u00e1szatot \u00e9s \u00e9rcsz\u00e1ll\u00edt\u00e1st v\u00e9gezve.<\/p>\n<h2>Logisztika \u00e9s sz\u00e1ll\u00edtm\u00e1nyoz\u00e1s<\/h2>\n<p>Targonc\u00e1kban \u00e9s anyagmozgat\u00f3 robotokban a karhenger a vill\u00e1k emel\u00e9s\u00e9nek \u00e9s mozg\u00e1s\u00e1nak vez\u00e9rl\u00e9s\u00e9re szolg\u00e1l, megval\u00f3s\u00edtva az anyagmozgat\u00e1st \u00e9s a rakod\u00e1st.<\/p>\n<p>Tervez\u00e9si szempontok \u00e9s kiv\u00e1laszt\u00e1si szabv\u00e1nyok<\/p>\n<p>A karhengerek tervez\u00e9sekor sz\u00e1mos t\u00e9nyez\u0151t kell figyelembe venni, p\u00e9ld\u00e1ul a teherb\u00edr\u00e1st, a t\u00f6m\u00edt\u00e9si teljes\u00edtm\u00e9nyt, a tart\u00f3ss\u00e1got, a biztons\u00e1got \u00e9s a karbantarthat\u00f3s\u00e1got. <\/p>\n<h2>Teherb\u00edr\u00e1s<\/h2>\n<p>A karhenger teherb\u00edr\u00e1s\u00e1t a g\u00e9p ig\u00e9nyeihez kell m\u00e9retezni, hogy az elb\u00edrja a sz\u00fcks\u00e9ges s\u00falyt \u00e9s er\u0151t.<\/p>\n<h2>T\u00f6m\u00edt\u00e9si teljes\u00edtm\u00e9ny<\/h2>\n<p>A karhengernek k\u00fcl\u00f6nf\u00e9le t\u00f6m\u00edt\u0151elemeket kell haszn\u00e1lnia, p\u00e9ld\u00e1ul dugatty\u00fat\u00f6m\u00edt\u00e9seket, r\u00fadt\u00f6m\u00edt\u00e9seket, amelyek kop\u00e1s\u00e1ll\u00f3 anyagokb\u00f3l, p\u00e9ld\u00e1ul poliuret\u00e1nb\u00f3l \u00e9s nitrilgumib\u00f3l k\u00e9sz\u00fclnek, a hat\u00e9kony t\u00f6m\u00edt\u00e9si teljes\u00edtm\u00e9ny biztos\u00edt\u00e1sa \u00e9rdek\u00e9ben.<\/p>\n<h2>Tart\u00f3ss\u00e1g<\/h2>\n<p>A karhenger teste \u00e1ltal\u00e1ban nagy szil\u00e1rds\u00e1g\u00fa anyagokb\u00f3l k\u00e9sz\u00fcl, \u00e9s a kop\u00e1s\u00e1ll\u00f3s\u00e1g jav\u00edt\u00e1sa \u00e9rdek\u00e9ben megmunk\u00e1lj\u00e1k. A hengertest \u00e9s a menetes v\u00e9g fel\u00fclet\u00e9t finoman meg kell munk\u00e1lni a kop\u00e1s\u00e1ll\u00f3s\u00e1g n\u00f6vel\u00e9se \u00e9rdek\u00e9ben.<\/p>\n<h2>Biztons\u00e1g<\/h2>\n<p>A biztons\u00e1gos m\u0171k\u00f6d\u00e9s \u00e9rdek\u00e9ben a karhengernek megfelel\u0151 szil\u00e1rds\u00e1ggal \u00e9s stabilit\u00e1ssal kell rendelkeznie, a hidraulikus rendszernek pedig biztons\u00e1gi berendez\u00e9ssel kell rendelkeznie a karhenger hirtelen lees\u00e9s\u00e9nek megakad\u00e1lyoz\u00e1s\u00e1ra.<\/p>\n<h2>Karbantarthat\u00f3s\u00e1g<\/h2>\n<p>A karhengert \u00fagy kell kialak\u00edtani, hogy k\u00f6nnyen karbantarthat\u00f3 \u00e9s cser\u00e9lhet\u0151 alkatr\u00e9szeket lehessen haszn\u00e1lni, a hidraulikus rendszernek pedig sz\u0171r\u0151rendszerrel kell rendelkeznie a szennyez\u0151d\u00e9s megel\u0151z\u00e9se \u00e9rdek\u00e9ben.<\/p>\n<p><img loading=\"lazy\" decoding=\"async\" src=\"https:\/\/www.hydraulic-cylinders.net\/wp-content\/uploads\/2025\/01\/songte-cylinder-head-with-all-kinds-excavator-models.webp\" alt=\"Hengerfej\" width=\"400\" height=\"300\"><\/p>\n<p>A karhenger t\u00f6m\u00edt\u00e9se \u00e9s ken\u00e9se<\/p>\n<p>A karhengerben a k\u00fcl\u00f6nf\u00e9le t\u00f6m\u00edt\u0151elemek, p\u00e9ld\u00e1ul a dugatty\u00fat\u00f6m\u00edt\u00e9sek, a r\u00fadt\u00f6m\u00edt\u00e9sek \u00e9s az ablakt\u00f6rl\u0151k kritikus szerepet j\u00e1tszanak a hidraulikus rendszer t\u00f6m\u00edt\u0151teljes\u00edtm\u00e9ny\u00e9nek fenntart\u00e1s\u00e1ban. Ezek az alkatr\u00e9szek kop\u00e1s\u00e1ll\u00f3 anyagokb\u00f3l, p\u00e9ld\u00e1ul poliuret\u00e1nb\u00f3l \u00e9s nitrilgumib\u00f3l k\u00e9sz\u00fclnek, \u00e9s nagynyom\u00e1s\u00fa hidraulikus folyad\u00e9koknak val\u00f3 ellen\u00e1ll\u00e1sra tervezt\u00e9k \u0151ket. A hengertestet \u00e9s a menetes v\u00e9gfel\u00fcletet jellemz\u0151en prec\u00edzen megmunk\u00e1lj\u00e1k a kop\u00e1s\u00e1ll\u00f3s\u00e1g jav\u00edt\u00e1sa \u00e9rdek\u00e9ben. A hengerr\u00fad \u00e9s a t\u00f6m\u00edt\u0151elemek megfelel\u0151 ken\u00e9se sz\u00fcks\u00e9ges a t\u00f6m\u00edt\u0151teljes\u00edtm\u00e9ny v\u00e9delme \u00e9s a henger \u00e9lettartam\u00e1nak meghosszabb\u00edt\u00e1sa \u00e9rdek\u00e9ben. A megfelel\u0151 mennyis\u00e9g\u0171 hidraulikaolaj rendszeres hozz\u00e1ad\u00e1sa a hidraulikus rendszerhez elengedhetetlen.<\/p>\n<p>Rendszeres ellen\u0151rz\u00e9s \u00e9s megel\u0151z\u0151 karbantart\u00e1s<\/p>\n<p>A karhenger rendszeres ellen\u0151rz\u00e9se \u00e9s megel\u0151z\u0151 karbantart\u00e1sa jav\u00edtja a hidraulikus rendszer megb\u00edzhat\u00f3s\u00e1g\u00e1t, cs\u00f6kkenti a berendez\u00e9s \u00e1ll\u00e1sidej\u00e9t \u00e9s meghosszabb\u00edtja a henger \u00e9lettartam\u00e1t. A megel\u0151z\u0151 karbantart\u00e1si int\u00e9zked\u00e9sek magukban foglalj\u00e1k a hidraulikus rendszer olajszintj\u00e9nek ellen\u0151rz\u00e9s\u00e9t, a kopott t\u00f6m\u00edt\u00e9sek cser\u00e9j\u00e9t, a hengertest \u00e9s a menetes v\u00e9g tiszt\u00edt\u00e1s\u00e1t, valamint a biztons\u00e1gi berendez\u00e9sek ellen\u0151rz\u00e9s\u00e9t.<\/p>\n<p><img loading=\"lazy\" decoding=\"async\" src=\"https:\/\/www.hydraulic-cylinders.net\/wp-content\/uploads\/2025\/01\/songte-chushion-collar.webp\" alt=\"Chushion gall\u00e9r\" width=\"400\" height=\"300\"><\/p>\n<p>Telep\u00edt\u00e9si \u00fatmutat\u00f3<\/p>\n<p>A hengerfej megfelel\u0151 beszerel\u00e9s\u00e9hez a k\u00f6vetkez\u0151 l\u00e9p\u00e9seket kell v\u00e9grehajtani:<\/p>\n<p>1. Gy\u0151z\u0151dj\u00f6n meg arr\u00f3l, hogy a hengerr\u00fad \u00e9s a dugatty\u00fa beh\u00fazott helyzetben van.<\/p>\n<p>2. Tiszt\u00edtsa meg a henger \u00e9s a g\u00e9p felfogat\u00e1si fel\u00fclet\u00e9t.<\/p>\n<p>3. Igaz\u00edtsa a hengert a r\u00f6gz\u00edt\u0151fel\u00fclethez, \u00e9s r\u00f6gz\u00edtse a hely\u00e9n.<\/p>\n<p>4. Csatlakoztassa a hidraulikat\u00f6ml\u0151ket \u00e9s szerelv\u00e9nyeket.<\/p>\n<p>5. T\u00f6ltse fel a hidraulikarendszert az aj\u00e1nlott hidraulikaolajjal.<\/p>\n<p>6. L\u00e9gtelen\u00edtse a hidraulikus rendszert.<\/p>\n<p>7. Ellen\u0151rizze a henger m\u0171k\u00f6d\u00e9s\u00e9t, bele\u00e9rtve a mozg\u00e1st, az er\u0151t \u00e9s a sebess\u00e9get.<\/p>\n<p>Biztons\u00e1gi szempontok<\/p>\n<p>A karhenger biztons\u00e1gos m\u0171k\u00f6d\u00e9s\u00e9hez a hidraulikus rendszer megfelel\u0151 tervez\u00e9se \u00e9s biztons\u00e1gos telep\u00edt\u00e9se sz\u00fcks\u00e9ges. A hidraulikus rendszernek biztons\u00e1gi berendez\u00e9sekkel, p\u00e9ld\u00e1ul nyom\u00e1scs\u00f6kkent\u0151 szelepekkel \u00e9s visszacsap\u00f3 szelepekkel kell rendelkeznie a t\u00falterhel\u00e9s \u00e9s a hirtelen nyom\u00e1ses\u00e9sek megel\u0151z\u00e9se \u00e9rdek\u00e9ben. A kezel\u0151knek megfelel\u0151 k\u00e9pz\u00e9sben kell r\u00e9szes\u00fclni\u00fck, \u00e9s be kell tartaniuk a biztons\u00e1gi ir\u00e1nyelveket a balesetek elker\u00fcl\u00e9se \u00e9rdek\u00e9ben.<\/p>\n<p>Hibaelh\u00e1r\u00edt\u00e1s \u00e9s gyakori probl\u00e9m\u00e1k<\/p>\n<p>A karhenger n\u00e9h\u00e1ny gyakori probl\u00e9m\u00e1ja k\u00f6z\u00e9 tartozik az olajsziv\u00e1rg\u00e1s, a cs\u00f6kkent er\u0151 \u00e9s a lass\u00fa mozg\u00e1s. Ezeket a probl\u00e9m\u00e1kat kopott t\u00f6m\u00edt\u00e9sek, s\u00e9r\u00fclt dugatty\u00far\u00fad vagy el\u00e9gtelen ken\u00e9s okozhatja. A probl\u00e9m\u00e1k elh\u00e1r\u00edt\u00e1s\u00e1ra vonatkoz\u00f3 tippek k\u00f6z\u00e9 tartozik a t\u00f6m\u00edt\u0151 alkatr\u00e9szek ellen\u0151rz\u00e9se, a dugatty\u00far\u00fad vizsg\u00e1lata \u00e9s a megfelel\u0151 ken\u00e9s biztos\u00edt\u00e1sa.<\/p>\n<p><img loading=\"lazy\" decoding=\"async\" src=\"https:\/\/www.hydraulic-cylinders.net\/wp-content\/uploads\/2025\/01\/songte-bushings-with-all-kinds-of-excavator-models.webp\" alt=\"perselyek\" width=\"400\" height=\"300\"><\/p>\n<p>K\u00f6vetkeztet\u00e9s<\/p>\n<p>Professzion\u00e1lis hidraulikus hengergy\u00e1rt\u00f3k\u00e9nt sz\u00e9les term\u00e9kv\u00e1laszt\u00e9kot k\u00edn\u00e1lunk, \u00e9s a hazai \u00e9s nemzetk\u00f6zi piacok egyik vezet\u0151 hidraulikus hengergy\u00e1rt\u00f3j\u00e1v\u00e1 \u00e9s nagykereskedelmi forgalmaz\u00f3j\u00e1v\u00e1 v\u00e1lunk. Mindig a kiv\u00e1l\u00f3 min\u0151s\u00e9g elv\u00e9t k\u00f6vetj\u00fck, folyamatosan fejlesztj\u00fck technol\u00f3gi\u00e1nkat \u00e9s termel\u00e9si hat\u00e9konys\u00e1gunkat, \u00e9s hat\u00e9kony, pontos \u00e9s kiv\u00e1l\u00f3 min\u0151s\u00e9g\u0171 term\u00e9keket biztos\u00edtunk \u00fcgyfeleinknek. Professzion\u00e1lis szolg\u00e1ltat\u00e1sokat, nemzetk\u00f6zi tan\u00fas\u00edtv\u00e1nyokat, testreszabott szolg\u00e1ltat\u00e1sokat, korszer\u0171 gy\u00e1rt\u00f3berendez\u00e9seket \u00e9s \u00e9rt\u00e9kes\u00edt\u00e9s ut\u00e1ni szolg\u00e1ltat\u00e1sokat k\u00edn\u00e1lunk \u00fcgyfeleinknek.<\/p>\n<p><img loading=\"lazy\" decoding=\"async\" src=\"https:\/\/www.hydraulic-cylinders.net\/wp-content\/uploads\/2025\/01\/songte-company-4.webp\" alt=\"C\u00e9ges im\u00e1zs\" width=\"400\" height=\"300\"><br \/>\n<img loading=\"lazy\" decoding=\"async\" src=\"https:\/\/www.hydraulic-cylinders.net\/wp-content\/uploads\/2025\/01\/songte-company-3.webp\" alt=\"C\u00e9ges im\u00e1zs\" width=\"400\" height=\"300\"><\/p>\n<p>Szerz\u0151: lyl<\/p>","protected":false},"excerpt":{"rendered":"<p>Arm Cylinder For Caterpillar Large Excavator E349DZ: Definition and Explanation The arm cylinder is a specialized hydraulic cylinder designed to provide linear motion and power to the arm of various types of machinery, such as excavators, cranes, and mechanical arms. The arm cylinder plays a critical role in the hydraulic system, allowing additional tools or [&hellip;]<\/p>","protected":false},"featured_media":14766,"comment_status":"open","ping_status":"closed","template":"","meta":{"_et_pb_use_builder":"","_et_pb_old_content":"","_et_gb_content_width":""},"product_brand":[],"product_cat":[1497],"product_tag":[1498,1496],"class_list":{"0":"post-16170","1":"product","2":"type-product","3":"status-publish","4":"has-post-thumbnail","6":"product_cat-arm-cylinders","7":"product_tag-arm-cylinders","8":"product_tag-hydraulic-cylinders","10":"first","11":"instock","12":"shipping-taxable","13":"product-type-simple"},"amp_enabled":true,"_links":{"self":[{"href":"https:\/\/www.hydraulic-cylinders.net\/hu\/wp-json\/wp\/v2\/product\/16170","targetHints":{"allow":["GET"]}}],"collection":[{"href":"https:\/\/www.hydraulic-cylinders.net\/hu\/wp-json\/wp\/v2\/product"}],"about":[{"href":"https:\/\/www.hydraulic-cylinders.net\/hu\/wp-json\/wp\/v2\/types\/product"}],"replies":[{"embeddable":true,"href":"https:\/\/www.hydraulic-cylinders.net\/hu\/wp-json\/wp\/v2\/comments?post=16170"}],"wp:featuredmedia":[{"embeddable":true,"href":"https:\/\/www.hydraulic-cylinders.net\/hu\/wp-json\/wp\/v2\/media\/14766"}],"wp:attachment":[{"href":"https:\/\/www.hydraulic-cylinders.net\/hu\/wp-json\/wp\/v2\/media?parent=16170"}],"wp:term":[{"taxonomy":"product_brand","embeddable":true,"href":"https:\/\/www.hydraulic-cylinders.net\/hu\/wp-json\/wp\/v2\/product_brand?post=16170"},{"taxonomy":"product_cat","embeddable":true,"href":"https:\/\/www.hydraulic-cylinders.net\/hu\/wp-json\/wp\/v2\/product_cat?post=16170"},{"taxonomy":"product_tag","embeddable":true,"href":"https:\/\/www.hydraulic-cylinders.net\/hu\/wp-json\/wp\/v2\/product_tag?post=16170"}],"curies":[{"name":"munkaf\u00fczet","href":"https:\/\/api.w.org\/{rel}","templated":true}]}}